{"id":5451,"date":"2019-01-30T05:55:45","date_gmt":"2019-01-30T05:55:45","guid":{"rendered":"https:\/\/www.atecpool.ch\/?page_id=5451"},"modified":"2025-09-04T14:57:59","modified_gmt":"2025-09-04T12:57:59","slug":"rivestimenti-pvc","status":"publish","type":"page","link":"https:\/\/www.atecpool.ch\/it\/rivestimenti-pvc\/","title":{"rendered":"Rivestimenti in PVC"},"content":{"rendered":"<div class=\"wpb-content-wrapper\"><p>[vc_row][vc_column][vc_column_text css=&#8221;&#8221;]<\/p>\n<h1 style=\"text-align: center;\"><strong data-start=\"75\" data-end=\"107\">Rivestimenti in PVC per piscine<\/strong><\/h1>\n<p>[\/vc_column_text][\/vc_column][\/vc_row][vc_row][vc_column width=&#8221;1\/4&#8243;][\/vc_column][vc_column width=&#8221;1\/2&#8243;][vc_column_text css=&#8221;&#8221;]La scelta ideale per unire estetica, resistenza e impermeabilit\u00e0. Con AtecPool trasformi la tua piscina in uno spazio elegante e sicuro, facile da mantenere e sempre pronto all\u2019uso.[\/vc_column_text][\/vc_column][vc_column width=&#8221;1\/4&#8243;][\/vc_column][\/vc_row][vc_row][vc_column]<div class=\" ubtn-ctn-center \"><a class=\"ubtn-link ult-adjust-bottom-margin ubtn-center ubtn-custom \" href=\"https:\/\/www.atecpool.ch\/wp-content\/uploads\/2020\/12\/RENOLIT-ALKORPLAN-Catalogo-Commerciale-IT-2020.pdf\" target=\"_blank\" rel=\"noopener\" ><button type=\"button\" id=\"ubtn-7992\"  class=\"ubtn ult-adjust-bottom-margin ult-responsive ubtn-custom ubtn-no-hover-bg  none  ubtn-sep-icon ubtn-sep-icon-left  ubtn-center   tooltip-69e33b7f29323\"  data-hover=\"\" data-border-color=\"\" data-bg=\"#00b8de\" data-hover-bg=\"#0a0a0a\" data-border-hover=\"\" data-shadow-hover=\"\" data-shadow-click=\"none\" data-shadow=\"\" data-shd-shadow=\"\"  data-ultimate-target='#ubtn-7992'  data-responsive-json-new='{\"font-size\":\"desktop:18px;\",\"line-height\":\"\"}'  style=\"font-weight:bold;width:350px;min-height:60px;padding:px px;border:none;background: #00b8de;color: #ffffff;\"><span class=\"ubtn-data ubtn-icon\"><i class=\"Defaults-file-pdf-o\" style=\"font-size:32px;color:#ffffff;\"><\/i><\/span><span class=\"ubtn-hover\" style=\"background-color:#0a0a0a\"><\/span><span class=\"ubtn-data ubtn-text \" >Scarica il catalogo<\/span><\/button><\/a><\/div>[vc_separator color=&#8221;black&#8221; css=&#8221;&#8221;][vc_column_text]<\/p>\n<h2><strong>ALKORPLAN 2000<\/strong><\/h2>\n<div class=\"et_pb_row et_pb_row_0\">\n<div class=\"et_pb_column et_pb_column_4_4 et_pb_column_0 et_pb_css_mix_blend_mode_passthrough et-last-child\">\n<div id=\"alkorplan2000\" class=\"et_pb_module et_pb_text et_pb_text_0 et_pb_bg_layout_light et_pb_text_align_left\">\n<div class=\"et_pb_text_inner\">\n<p>La gamma di prodotti RENOLIT ALKORPLAN 2000: Telo armato unicolor da 1,5 mm, laccato, con pigmenti di grande resistenza e plastificanti ad alta longevit\u00e0, destinato a durare nella piscina. Disponibili in svariati colori. Garanzia sul telo di 10 anni.<\/p><\/div>\n<\/div>\n<\/div>\n<\/div>\n<p>[\/vc_column_text][\/vc_column][\/vc_row][vc_row full_width=&#8221;stretch_row_content_no_spaces&#8221;][vc_column width=&#8221;1\/4&#8243; css=&#8221;.vc_custom_1756120945809{padding-right: 20px !important;padding-left: 20px !important;}&#8221;][vc_column_text css=&#8221;.vc_custom_1756116193493{padding-right: 20px !important;padding-left: 20px !important;}&#8221;]<\/p>\n<p style=\"text-align: center;\">Bianco<\/p>\n<p>[\/vc_column_text][vc_single_image image=&#8221;35078&#8243; img_size=&#8221;full&#8221; alignment=&#8221;center&#8221; onclick=&#8221;link_image&#8221; css=&#8221;&#8221;][\/vc_column][vc_column width=&#8221;1\/4&#8243; css=&#8221;.vc_custom_1756116157100{padding-right: 20px !important;padding-left: 20px !important;}&#8221;][vc_column_text css=&#8221;&#8221;]<\/p>\n<p style=\"text-align: center;\">Grigio Chiaro<\/p>\n<p>[\/vc_column_text][vc_single_image image=&#8221;35076&#8243; img_size=&#8221;full&#8221; alignment=&#8221;center&#8221; onclick=&#8221;link_image&#8221; css=&#8221;&#8221;][\/vc_column][vc_column width=&#8221;1\/4&#8243; css=&#8221;.vc_custom_1756115700803{padding-right: 20px !important;padding-left: 20px !important;}&#8221;][vc_column_text css=&#8221;&#8221;]<\/p>\n<p style=\"text-align: center;\">Grigio Scuro<\/p>\n<p>[\/vc_column_text][vc_single_image image=&#8221;35074&#8243; img_size=&#8221;full&#8221; alignment=&#8221;center&#8221; onclick=&#8221;link_image&#8221; css=&#8221;&#8221;][\/vc_column][vc_column width=&#8221;1\/4&#8243; css=&#8221;.vc_custom_1756115712183{padding-right: 20px !important;padding-left: 20px !important;}&#8221;][vc_column_text css=&#8221;&#8221;]<\/p>\n<p style=\"text-align: center;\">Nero<\/p>\n<p>[\/vc_column_text][vc_single_image image=&#8221;35071&#8243; img_size=&#8221;full&#8221; alignment=&#8221;center&#8221; onclick=&#8221;link_image&#8221; css=&#8221;&#8221;][\/vc_column][\/vc_row][vc_row full_width=&#8221;stretch_row_content_no_spaces&#8221;][vc_column width=&#8221;1\/4&#8243; css=&#8221;.vc_custom_1756120960001{padding-right: 20px !important;padding-left: 20px !important;}&#8221;][vc_column_text css=&#8221;&#8221;]<\/p>\n<p style=\"text-align: center;\">Sabbia<\/p>\n<p>[\/vc_column_text][vc_single_image image=&#8221;35088&#8243; img_size=&#8221;full&#8221; alignment=&#8221;center&#8221; onclick=&#8221;link_image&#8221; css=&#8221;&#8221;][\/vc_column][vc_column width=&#8221;1\/4&#8243; css=&#8221;.vc_custom_1756116157100{padding-right: 20px !important;padding-left: 20px !important;}&#8221;][vc_column_text css=&#8221;.vc_custom_1756119716902{padding-right: 20px !important;padding-left: 20px !important;}&#8221;]<\/p>\n<p style=\"text-align: center;\">Blu Chiaro<\/p>\n<p>[\/vc_column_text][vc_single_image image=&#8221;35082&#8243; img_size=&#8221;full&#8221; alignment=&#8221;center&#8221; onclick=&#8221;link_image&#8221; css=&#8221;&#8221;][\/vc_column][vc_column width=&#8221;1\/4&#8243; css=&#8221;.vc_custom_1756115700803{padding-right: 20px !important;padding-left: 20px !important;}&#8221;][vc_column_text css=&#8221;&#8221;]<\/p>\n<p style=\"text-align: center;\">Blu Adriatico<\/p>\n<p>[\/vc_column_text][vc_single_image image=&#8221;35084&#8243; img_size=&#8221;full&#8221; alignment=&#8221;center&#8221; onclick=&#8221;link_image&#8221; css=&#8221;&#8221;][\/vc_column][vc_column width=&#8221;1\/4&#8243; css=&#8221;.vc_custom_1756115712183{padding-right: 20px !important;padding-left: 20px !important;}&#8221;][vc_column_text css=&#8221;&#8221;]<\/p>\n<p style=\"text-align: center;\">Verde Caraibico<\/p>\n<p>[\/vc_column_text][vc_single_image image=&#8221;35086&#8243; img_size=&#8221;full&#8221; alignment=&#8221;center&#8221; onclick=&#8221;link_image&#8221; css=&#8221;&#8221;][\/vc_column][\/vc_row][vc_row full_width=&#8221;stretch_row_content_no_spaces&#8221;][vc_column][vc_separator color=&#8221;black&#8221; css=&#8221;&#8221;][\/vc_column][\/vc_row][vc_row full_width=&#8221;stretch_row&#8221;][vc_column][vc_column_text css=&#8221;&#8221;]<\/p>\n<h2><strong>ALKORPLAN 3000 TOUCH<\/strong><\/h2>\n<p>Alkorplan 3000 touch \u00e8 un PVC goffrato e armato con rete di poliestere, protetto da vernice acrilica esclusiva in multistrato.<\/p>\n<p>Rispetto al tradizionale PVC armato, il TOUCH, ha uno spessore di 2mm. Questo gli dona grande resistenza oltre che la possibilit\u00e0 di avere un &#8220;effetto marmo&#8221; caratterizzato sia dai colori che dalla particolare &#8220;goffratura&#8221; che al tatto lo rende irregolare.<\/p>\n<p>Questo particolare trattamento fa s\u00ec che si possa utilizzare lo stesso tipo di rivestimento sia sul fondo, che sulle pareti che sulle scalinate. <strong>Il TOUCH \u00e8 gi\u00e0 anti-sdrucciolo.<\/strong><\/p>\n<p>Queste sono le tipologie che abbiamo disponibili:<br \/>\n[\/vc_column_text][\/vc_column][\/vc_row][vc_row full_width=&#8221;stretch_row_content_no_spaces&#8221;][vc_column width=&#8221;1\/4&#8243; css=&#8221;.vc_custom_1756121780451{padding-right: 20px !important;padding-left: 20px !important;}&#8221;][vc_column_text]<\/p>\n<p style=\"text-align: center;\">Vanity<\/p>\n<p>[\/vc_column_text][vc_single_image image=&#8221;35469&#8243; img_size=&#8221;full&#8221; alignment=&#8221;center&#8221; onclick=&#8221;custom_link&#8221; img_link_target=&#8221;_blank&#8221; css=&#8221;&#8221; link=&#8221;https:\/\/renolit-alkorplan.com\/it\/collezioni\/touch\/vanity&#8221;][\/vc_column][vc_column width=&#8221;1\/4&#8243; css=&#8221;.vc_custom_1756121811686{padding-right: 20px !important;padding-left: 20px !important;}&#8221;][vc_column_text]<\/p>\n<p style=\"text-align: center;\">Elegance<\/p>\n<p>[\/vc_column_text][vc_single_image image=&#8221;35110&#8243; img_size=&#8221;full&#8221; alignment=&#8221;center&#8221; onclick=&#8221;custom_link&#8221; img_link_target=&#8221;_blank&#8221; css=&#8221;&#8221; link=&#8221;https:\/\/renolit-alkorplan.com\/it\/collezioni\/touch\/elegance&#8221;][\/vc_column][vc_column width=&#8221;1\/4&#8243; css=&#8221;.vc_custom_1756121822254{padding-right: 20px !important;padding-left: 20px !important;}&#8221;][vc_column_text]<\/p>\n<p style=\"text-align: center;\">Prestige<\/p>\n<p>[\/vc_column_text][vc_single_image image=&#8221;35110&#8243; img_size=&#8221;full&#8221; alignment=&#8221;center&#8221; onclick=&#8221;custom_link&#8221; img_link_target=&#8221;_blank&#8221; css=&#8221;&#8221; link=&#8221;https:\/\/renolit-alkorplan.com\/it\/collezioni\/touch\/prestige&#8221;][\/vc_column][vc_column width=&#8221;1\/4&#8243; css=&#8221;.vc_custom_1756121850167{padding-right: 20px !important;padding-left: 20px !important;}&#8221;][vc_column_text]<\/p>\n<p style=\"text-align: center;\">Origin<\/p>\n<p>[\/vc_column_text][vc_single_image image=&#8221;35473&#8243; img_size=&#8221;full&#8221; alignment=&#8221;center&#8221; onclick=&#8221;custom_link&#8221; img_link_target=&#8221;_blank&#8221; css=&#8221;&#8221; link=&#8221;https:\/\/renolit-alkorplan.com\/it\/collezioni\/touch\/origin&#8221;][\/vc_column][\/vc_row][vc_row full_width=&#8221;stretch_row_content_no_spaces&#8221;][vc_column width=&#8221;1\/4&#8243; css=&#8221;.vc_custom_1756121902774{padding-right: 20px !important;padding-left: 20px !important;}&#8221;][vc_column_text]<\/p>\n<p style=\"text-align: center;\">Sublime<\/p>\n<p>[\/vc_column_text][vc_single_image image=&#8221;35112&#8243; img_size=&#8221;full&#8221; alignment=&#8221;center&#8221; onclick=&#8221;custom_link&#8221; img_link_target=&#8221;_blank&#8221; css=&#8221;&#8221; link=&#8221;https:\/\/renolit-alkorplan.com\/it\/collezioni\/touch\/sublime&#8221;][\/vc_column][vc_column width=&#8221;1\/4&#8243; css=&#8221;.vc_custom_1756121912161{padding-right: 20px !important;padding-left: 20px !important;}&#8221;][vc_column_text css=&#8221;&#8221;]<\/p>\n<p style=\"text-align: center;\">Authentic<\/p>\n<p>[\/vc_column_text][vc_single_image image=&#8221;35095&#8243; img_size=&#8221;full&#8221; alignment=&#8221;center&#8221; onclick=&#8221;custom_link&#8221; img_link_target=&#8221;_blank&#8221; css=&#8221;&#8221; link=&#8221;https:\/\/renolit-alkorplan.com\/it\/collezioni\/touch\/authentic&#8221;][\/vc_column][vc_column width=&#8221;1\/4&#8243; css=&#8221;.vc_custom_1756121921524{padding-right: 20px !important;padding-left: 20px !important;}&#8221;][vc_column_text css=&#8221;&#8221;]<\/p>\n<p style=\"text-align: center;\">Relax<\/p>\n<p>[\/vc_column_text][vc_single_image image=&#8221;35093&#8243; img_size=&#8221;full&#8221; alignment=&#8221;center&#8221; onclick=&#8221;custom_link&#8221; img_link_target=&#8221;_blank&#8221; css=&#8221;&#8221; link=&#8221;https:\/\/renolit-alkorplan.com\/it\/collezioni\/touch\/relax&#8221;][\/vc_column][\/vc_row][vc_row full_width=&#8221;stretch_row_content_no_spaces&#8221;][vc_column][vc_separator color=&#8221;black&#8221; css=&#8221;&#8221;][\/vc_column][\/vc_row][vc_row full_width=&#8221;stretch_row&#8221;][vc_column][vc_column_text css=&#8221;&#8221;]<\/p>\n<h2 data-start=\"96\" data-end=\"117\"><strong>ALKORPLAN VOGUE<\/strong><\/h2>\n<p data-start=\"119\" data-end=\"392\">Alkorplan VOGUE \u00e8 un rivestimento in PVC armato con rete in poliestere che unisce resistenza, design e originalit\u00e0. La sua particolarit\u00e0 sta nelle <strong data-start=\"266\" data-end=\"324\">texture ispirate ai materiali naturali e contemporanei<\/strong>, pensate per trasformare la piscina in un vero elemento d\u2019arredo.<\/p>\n<p data-start=\"394\" data-end=\"599\">Grazie allo spessore rinforzato e alla protezione superficiale in <strong data-start=\"460\" data-end=\"492\">vernice acrilica multistrato<\/strong>, VOGUE garantisce lunga durata, impermeabilit\u00e0 e resistenza contro i raggi UV e le aggressioni chimiche.<\/p>\n<p data-start=\"601\" data-end=\"830\">Questo rivestimento si distingue per l\u2019effetto estetico unico: superfici che ricordano la pietra, il legno o i tessuti, con una resa visiva elegante e sofisticata, capace di valorizzare ogni tipo di giardino o ambiente esterno.<\/p>\n<p data-start=\"832\" data-end=\"1003\">Inoltre, il PVC VOGUE \u00e8 gi\u00e0 <strong data-start=\"860\" data-end=\"879\">anti-sdrucciolo<\/strong>, quindi perfetto per rivestire non solo il fondo della piscina, ma anche pareti e scale, assicurando comfort e sicurezza.<\/p>\n<p data-start=\"1005\" data-end=\"1062\">Queste sono le tipologie disponibili nella linea VOGUE:<\/p>\n<p>[\/vc_column_text][\/vc_column][\/vc_row][vc_row full_width=&#8221;stretch_row_content_no_spaces&#8221;][vc_column width=&#8221;1\/2&#8243; css=&#8221;.vc_custom_1756121902774{padding-right: 20px !important;padding-left: 20px !important;}&#8221;][vc_column_text css=&#8221;&#8221;]<\/p>\n<p style=\"text-align: center;\">Urban<\/p>\n<p>[\/vc_column_text][vc_single_image image=&#8221;35106&#8243; img_size=&#8221;full&#8221; alignment=&#8221;center&#8221; onclick=&#8221;custom_link&#8221; img_link_target=&#8221;_blank&#8221; css=&#8221;&#8221; link=&#8221;https:\/\/renolit-alkorplan.com\/it\/collezioni\/vogue\/urban&#8221;][\/vc_column][vc_column width=&#8221;1\/2&#8243; css=&#8221;.vc_custom_1756121912161{padding-right: 20px !important;padding-left: 20px !important;}&#8221;][vc_column_text css=&#8221;&#8221;]<\/p>\n<p style=\"text-align: center;\">Tropical<\/p>\n<p>[\/vc_column_text][vc_single_image image=&#8221;35108&#8243; img_size=&#8221;full&#8221; alignment=&#8221;center&#8221; onclick=&#8221;custom_link&#8221; img_link_target=&#8221;_blank&#8221; css=&#8221;&#8221; link=&#8221;https:\/\/renolit-alkorplan.com\/it\/collezioni\/vogue\/tropical&#8221;][\/vc_column][\/vc_row][vc_row full_width=&#8221;stretch_row_content_no_spaces&#8221;][vc_column width=&#8221;1\/2&#8243; css=&#8221;.vc_custom_1756121902774{padding-right: 20px !important;padding-left: 20px !important;}&#8221;][vc_column_text css=&#8221;&#8221;]<\/p>\n<p style=\"text-align: center;\">Vintage<\/p>\n<p>[\/vc_column_text][vc_single_image image=&#8221;35101&#8243; img_size=&#8221;full&#8221; alignment=&#8221;center&#8221; onclick=&#8221;custom_link&#8221; img_link_target=&#8221;_blank&#8221; css=&#8221;&#8221; link=&#8221;https:\/\/renolit-alkorplan.com\/it\/collezioni\/vogue\/vintage&#8221;][\/vc_column][vc_column width=&#8221;1\/2&#8243; css=&#8221;.vc_custom_1756121912161{padding-right: 20px !important;padding-left: 20px !important;}&#8221;][vc_column_text css=&#8221;&#8221;]<\/p>\n<p style=\"text-align: center;\">Summer<\/p>\n<p>[\/vc_column_text][vc_single_image image=&#8221;35103&#8243; img_size=&#8221;full&#8221; alignment=&#8221;center&#8221; onclick=&#8221;custom_link&#8221; img_link_target=&#8221;_blank&#8221; css=&#8221;&#8221; link=&#8221;https:\/\/renolit-alkorplan.com\/it\/collezioni\/vogue\/summer&#8221;][\/vc_column][\/vc_row][vc_row][vc_column][vc_btn title=&#8221;Richiedi informazioni&#8221; color=&#8221;blue&#8221; size=&#8221;lg&#8221; align=&#8221;center&#8221; css_animation=&#8221;top-to-bottom&#8221; css=&#8221;&#8221; link=&#8221;url:https%3A%2F%2Fwww.atecpool.ch%2Fform-view%2F5|title:Contatti|target:_blank&#8221;][\/vc_column][\/vc_row]<\/p>\n<\/div>","protected":false},"excerpt":{"rendered":"<p>[vc_row][vc_column][vc_column_text css=&#8221;&#8221;] Rivestimenti in PVC per piscine [\/vc_column_text][\/vc_column][\/vc_row][vc_row][vc_column width=&#8221;1\/4&#8243;][\/vc_column][vc_column width=&#8221;1\/2&#8243;][vc_column_text css=&#8221;&#8221;]La scelta ideale per unire estetica, resistenza e impermeabilit\u00e0. Con AtecPool trasformi la tua piscina in<span class=\"excerpt-hellip\"> [\u2026]<\/span><\/p>\n","protected":false},"author":4,"featured_media":-1,"parent":0,"menu_order":0,"comment_status":"closed","ping_status":"closed","template":"","meta":{"footnotes":""},"class_list":["post-5451","page","type-page","status-publish","has-post-thumbnail","hentry"],"yoast_head":"<!-- This site is optimized with the Yoast SEO Premium plugin v26.2 (Yoast SEO v27.4) - https:\/\/yoast.com\/product\/yoast-seo-premium-wordpress\/ -->\n<title>Rivestimenti in PVC - Atec Pool Gamma liner PVC<\/title>\n<meta name=\"description\" content=\"Scopri la gamma, i vantaggi e i benefici dei nostri rivestimenti per piscine Atec Pool. Grande scelta di colori e finiture !\" \/>\n<meta name=\"robots\" content=\"index, follow, max-snippet:-1, max-image-preview:large, max-video-preview:-1\" \/>\n<link rel=\"canonical\" href=\"https:\/\/www.atecpool.ch\/it\/rivestimenti-pvc\/\" \/>\n<meta property=\"og:locale\" content=\"it_IT\" \/>\n<meta property=\"og:type\" content=\"article\" \/>\n<meta property=\"og:title\" content=\"Rivestimenti in PVC\" \/>\n<meta property=\"og:description\" content=\"Scopri la gamma, i vantaggi e i benefici dei nostri rivestimenti per piscine Atec Pool. Grande scelta di colori e finiture !\" \/>\n<meta property=\"og:url\" content=\"https:\/\/www.atecpool.ch\/it\/rivestimenti-pvc\/\" \/>\n<meta property=\"og:site_name\" content=\"Atec Pool\" \/>\n<meta property=\"article:publisher\" content=\"https:\/\/www.facebook.com\/atecpool.ch\/\" \/>\n<meta property=\"article:modified_time\" content=\"2025-09-04T12:57:59+00:00\" \/>\n<meta name=\"twitter:card\" content=\"summary_large_image\" \/>\n<meta name=\"twitter:label1\" content=\"Tempo di lettura stimato\" \/>\n\t<meta name=\"twitter:data1\" content=\"8 minuti\" \/>\n<script type=\"application\/ld+json\" class=\"yoast-schema-graph\">{\"@context\":\"https:\\\/\\\/schema.org\",\"@graph\":[{\"@type\":\"WebPage\",\"@id\":\"https:\\\/\\\/www.atecpool.ch\\\/it\\\/rivestimenti-pvc\\\/\",\"url\":\"https:\\\/\\\/www.atecpool.ch\\\/it\\\/rivestimenti-pvc\\\/\",\"name\":\"Rivestimenti in PVC - Atec Pool Gamma liner PVC\",\"isPartOf\":{\"@id\":\"https:\\\/\\\/www.atecpool.ch\\\/it\\\/#website\"},\"datePublished\":\"2019-01-30T05:55:45+00:00\",\"dateModified\":\"2025-09-04T12:57:59+00:00\",\"description\":\"Scopri la gamma, i vantaggi e i benefici dei nostri rivestimenti per piscine Atec Pool. Grande scelta di colori e finiture !\",\"breadcrumb\":{\"@id\":\"https:\\\/\\\/www.atecpool.ch\\\/it\\\/rivestimenti-pvc\\\/#breadcrumb\"},\"inLanguage\":\"it-IT\",\"potentialAction\":[{\"@type\":\"ReadAction\",\"target\":[\"https:\\\/\\\/www.atecpool.ch\\\/it\\\/rivestimenti-pvc\\\/\"]}]},{\"@type\":\"BreadcrumbList\",\"@id\":\"https:\\\/\\\/www.atecpool.ch\\\/it\\\/rivestimenti-pvc\\\/#breadcrumb\",\"itemListElement\":[{\"@type\":\"ListItem\",\"position\":1,\"name\":\"Home\",\"item\":\"https:\\\/\\\/www.atecpool.ch\\\/it\\\/\"},{\"@type\":\"ListItem\",\"position\":2,\"name\":\"Rivestimenti in PVC\"}]},{\"@type\":\"WebSite\",\"@id\":\"https:\\\/\\\/www.atecpool.ch\\\/it\\\/#website\",\"url\":\"https:\\\/\\\/www.atecpool.ch\\\/it\\\/\",\"name\":\"Atec Pool\",\"description\":\"Pool \u00b7 Sauna \u00b7 Wellness\",\"publisher\":{\"@id\":\"https:\\\/\\\/www.atecpool.ch\\\/it\\\/#organization\"},\"potentialAction\":[{\"@type\":\"SearchAction\",\"target\":{\"@type\":\"EntryPoint\",\"urlTemplate\":\"https:\\\/\\\/www.atecpool.ch\\\/it\\\/?s={search_term_string}\"},\"query-input\":{\"@type\":\"PropertyValueSpecification\",\"valueRequired\":true,\"valueName\":\"search_term_string\"}}],\"inLanguage\":\"it-IT\"},{\"@type\":[\"Organization\",\"Place\"],\"@id\":\"https:\\\/\\\/www.atecpool.ch\\\/it\\\/#organization\",\"name\":\"Atec Pool\",\"url\":\"https:\\\/\\\/www.atecpool.ch\\\/it\\\/\",\"logo\":{\"@id\":\"https:\\\/\\\/www.atecpool.ch\\\/it\\\/rivestimenti-pvc\\\/#local-main-organization-logo\"},\"image\":{\"@id\":\"https:\\\/\\\/www.atecpool.ch\\\/it\\\/rivestimenti-pvc\\\/#local-main-organization-logo\"},\"sameAs\":[\"https:\\\/\\\/www.facebook.com\\\/atecpool.ch\\\/\",\"https:\\\/\\\/www.instagram.com\\\/atecpool_ch\\\/\"],\"address\":{\"@id\":\"https:\\\/\\\/www.atecpool.ch\\\/it\\\/rivestimenti-pvc\\\/#local-main-place-address\"},\"telephone\":[\"+41 91 980 33 93\"],\"openingHoursSpecification\":[{\"@type\":\"OpeningHoursSpecification\",\"dayOfWeek\":[\"Monday\",\"Tuesday\",\"Wednesday\",\"Thursday\",\"Friday\",\"Saturday\",\"Sunday\"],\"opens\":\"09:00\",\"closes\":\"17:00\"}],\"email\":\"info@atecpool.ch\"},{\"@type\":\"PostalAddress\",\"@id\":\"https:\\\/\\\/www.atecpool.ch\\\/it\\\/rivestimenti-pvc\\\/#local-main-place-address\",\"streetAddress\":\"Via Cantonale 5\",\"addressLocality\":\"Grancia\",\"postalCode\":\"6916\",\"addressCountry\":\"CH\"},{\"@type\":\"ImageObject\",\"inLanguage\":\"it-IT\",\"@id\":\"https:\\\/\\\/www.atecpool.ch\\\/it\\\/rivestimenti-pvc\\\/#local-main-organization-logo\",\"url\":\"https:\\\/\\\/www.atecpool.ch\\\/wp-content\\\/uploads\\\/2020\\\/09\\\/atec_logo.png\",\"contentUrl\":\"https:\\\/\\\/www.atecpool.ch\\\/wp-content\\\/uploads\\\/2020\\\/09\\\/atec_logo.png\",\"width\":500,\"height\":145,\"caption\":\"Atec Pool\"}]}<\/script>\n<meta name=\"geo.placename\" content=\"Grancia\" \/>\n<meta name=\"geo.region\" content=\"Svizzera\" \/>\n<!-- \/ Yoast SEO Premium plugin. -->","yoast_head_json":{"title":"Rivestimenti in PVC - Atec Pool Gamma liner PVC","description":"Scopri la gamma, i vantaggi e i benefici dei nostri rivestimenti per piscine Atec Pool. Grande scelta di colori e finiture !","robots":{"index":"index","follow":"follow","max-snippet":"max-snippet:-1","max-image-preview":"max-image-preview:large","max-video-preview":"max-video-preview:-1"},"canonical":"https:\/\/www.atecpool.ch\/it\/rivestimenti-pvc\/","og_locale":"it_IT","og_type":"article","og_title":"Rivestimenti in PVC","og_description":"Scopri la gamma, i vantaggi e i benefici dei nostri rivestimenti per piscine Atec Pool. Grande scelta di colori e finiture !","og_url":"https:\/\/www.atecpool.ch\/it\/rivestimenti-pvc\/","og_site_name":"Atec Pool","article_publisher":"https:\/\/www.facebook.com\/atecpool.ch\/","article_modified_time":"2025-09-04T12:57:59+00:00","twitter_card":"summary_large_image","twitter_misc":{"Tempo di lettura stimato":"8 minuti"},"schema":{"@context":"https:\/\/schema.org","@graph":[{"@type":"WebPage","@id":"https:\/\/www.atecpool.ch\/it\/rivestimenti-pvc\/","url":"https:\/\/www.atecpool.ch\/it\/rivestimenti-pvc\/","name":"Rivestimenti in PVC - Atec Pool Gamma liner PVC","isPartOf":{"@id":"https:\/\/www.atecpool.ch\/it\/#website"},"datePublished":"2019-01-30T05:55:45+00:00","dateModified":"2025-09-04T12:57:59+00:00","description":"Scopri la gamma, i vantaggi e i benefici dei nostri rivestimenti per piscine Atec Pool. Grande scelta di colori e finiture !","breadcrumb":{"@id":"https:\/\/www.atecpool.ch\/it\/rivestimenti-pvc\/#breadcrumb"},"inLanguage":"it-IT","potentialAction":[{"@type":"ReadAction","target":["https:\/\/www.atecpool.ch\/it\/rivestimenti-pvc\/"]}]},{"@type":"BreadcrumbList","@id":"https:\/\/www.atecpool.ch\/it\/rivestimenti-pvc\/#breadcrumb","itemListElement":[{"@type":"ListItem","position":1,"name":"Home","item":"https:\/\/www.atecpool.ch\/it\/"},{"@type":"ListItem","position":2,"name":"Rivestimenti in PVC"}]},{"@type":"WebSite","@id":"https:\/\/www.atecpool.ch\/it\/#website","url":"https:\/\/www.atecpool.ch\/it\/","name":"Atec Pool","description":"Pool \u00b7 Sauna \u00b7 Wellness","publisher":{"@id":"https:\/\/www.atecpool.ch\/it\/#organization"},"potentialAction":[{"@type":"SearchAction","target":{"@type":"EntryPoint","urlTemplate":"https:\/\/www.atecpool.ch\/it\/?s={search_term_string}"},"query-input":{"@type":"PropertyValueSpecification","valueRequired":true,"valueName":"search_term_string"}}],"inLanguage":"it-IT"},{"@type":["Organization","Place"],"@id":"https:\/\/www.atecpool.ch\/it\/#organization","name":"Atec Pool","url":"https:\/\/www.atecpool.ch\/it\/","logo":{"@id":"https:\/\/www.atecpool.ch\/it\/rivestimenti-pvc\/#local-main-organization-logo"},"image":{"@id":"https:\/\/www.atecpool.ch\/it\/rivestimenti-pvc\/#local-main-organization-logo"},"sameAs":["https:\/\/www.facebook.com\/atecpool.ch\/","https:\/\/www.instagram.com\/atecpool_ch\/"],"address":{"@id":"https:\/\/www.atecpool.ch\/it\/rivestimenti-pvc\/#local-main-place-address"},"telephone":["+41 91 980 33 93"],"openingHoursSpecification":[{"@type":"OpeningHoursSpecification","dayOfWeek":["Monday","Tuesday","Wednesday","Thursday","Friday","Saturday","Sunday"],"opens":"09:00","closes":"17:00"}],"email":"info@atecpool.ch"},{"@type":"PostalAddress","@id":"https:\/\/www.atecpool.ch\/it\/rivestimenti-pvc\/#local-main-place-address","streetAddress":"Via Cantonale 5","addressLocality":"Grancia","postalCode":"6916","addressCountry":"CH"},{"@type":"ImageObject","inLanguage":"it-IT","@id":"https:\/\/www.atecpool.ch\/it\/rivestimenti-pvc\/#local-main-organization-logo","url":"https:\/\/www.atecpool.ch\/wp-content\/uploads\/2020\/09\/atec_logo.png","contentUrl":"https:\/\/www.atecpool.ch\/wp-content\/uploads\/2020\/09\/atec_logo.png","width":500,"height":145,"caption":"Atec Pool"}]},"geo.placename":"Grancia","geo.region":"Svizzera"},"_links":{"self":[{"href":"https:\/\/www.atecpool.ch\/it\/wp-json\/wp\/v2\/pages\/5451","targetHints":{"allow":["GET"]}}],"collection":[{"href":"https:\/\/www.atecpool.ch\/it\/wp-json\/wp\/v2\/pages"}],"about":[{"href":"https:\/\/www.atecpool.ch\/it\/wp-json\/wp\/v2\/types\/page"}],"author":[{"embeddable":true,"href":"https:\/\/www.atecpool.ch\/it\/wp-json\/wp\/v2\/users\/4"}],"replies":[{"embeddable":true,"href":"https:\/\/www.atecpool.ch\/it\/wp-json\/wp\/v2\/comments?post=5451"}],"version-history":[{"count":10,"href":"https:\/\/www.atecpool.ch\/it\/wp-json\/wp\/v2\/pages\/5451\/revisions"}],"predecessor-version":[{"id":35475,"href":"https:\/\/www.atecpool.ch\/it\/wp-json\/wp\/v2\/pages\/5451\/revisions\/35475"}],"wp:featuredmedia":[{"embeddable":true,"href":"https:\/\/www.atecpool.ch\/it\/wp-json\/"}],"wp:attachment":[{"href":"https:\/\/www.atecpool.ch\/it\/wp-json\/wp\/v2\/media?parent=5451"}],"curies":[{"name":"wp","href":"https:\/\/api.w.org\/{rel}","templated":true}]}}