{"id":3513,"date":"2018-11-21T15:20:58","date_gmt":"2018-11-21T15:20:58","guid":{"rendered":"https:\/\/www.atecpool.ch\/?page_id=3513"},"modified":"2023-08-14T09:56:43","modified_gmt":"2023-08-14T07:56:43","slug":"piscine-in-acciaio-inox","status":"publish","type":"page","link":"https:\/\/www.atecpool.ch\/it\/risanamento-riparazione-piscine-ticino\/piscine-in-acciaio-inox\/","title":{"rendered":"Piscine in acciaio inox"},"content":{"rendered":"<div class=\"wpb-content-wrapper\"><p>[vc_row][vc_column][vc_column_text]<\/p>\n<h2 style=\"text-align: center;\"><strong>Piscine in acciaio &#8211; La nostra gamma di piscine interrate in acciaio inox<\/strong><\/h2>\n<p style=\"text-align: center;\"><strong>Piscina monoblocco in acciaio inox<\/strong> AISI-316L satinato, con spessore di 2 mm. Configurabile con sistema a skimmer o a sfioro.<\/p>\n<p style=\"text-align: center;\">Fondo anti-scivolo con pre-installazione idraulica inclusa. Disponibile in varie dimensioni con cubatura da 18m3 a 31m3.<\/p>\n<p>[\/vc_column_text][\/vc_column][\/vc_row][vc_row][vc_column width=&#8221;1\/4&#8243;][vc_column_text]<\/p>\n<h3 style=\"text-align: center;\"><strong>PISCINA IN ACCIAIO OPTIMAL<\/strong><\/h3>\n<p style=\"text-align: center;\"><strong>Piscina<\/strong> di alta gamma completa di tutti gli accessori per la circolazione e scaletta d&#8217;ingresso <strong>inox<\/strong>.<\/p>\n<p>[\/vc_column_text][vc_single_image image=&#8221;18965&#8243; img_size=&#8221;full&#8221; onclick=&#8221;link_image&#8221;][\/vc_column][vc_column width=&#8221;1\/4&#8243;][vc_column_text]<\/p>\n<h3 style=\"text-align: center;\"><strong>PISCINA IN ACCIAIO WELLNESS<\/strong><\/h3>\n<p style=\"text-align: center;\"><strong>Piscina<\/strong> adatta ad un totale rilassamento: compresa di sistema <a href=\"https:\/\/www.atecpool.ch\/it\/vasche-idromassaggio\/\"><strong>idromassaggio<\/strong><\/a>, cascata, comoda seduta e scala interna d&#8217;ingresso.<\/p>\n<p>[\/vc_column_text][vc_single_image image=&#8221;18968&#8243; img_size=&#8221;full&#8221; onclick=&#8221;link_image&#8221;][\/vc_column][vc_column width=&#8221;1\/4&#8243;][vc_column_text]<\/p>\n<h3 style=\"text-align: center;\"><strong>PISCINA IN ACCIAIO SPORT<\/strong><\/h3>\n<p style=\"text-align: center;\"><strong>Piscina completa<\/strong> di tutti gli accessori per la circolazione e scaletta d&#8217;ingresso. Integra un&#8217;impianto di nuoto controcorrente, adatta agli sportivi.<\/p>\n<p>[\/vc_column_text][vc_single_image image=&#8221;18974&#8243; img_size=&#8221;full&#8221; onclick=&#8221;link_image&#8221;][\/vc_column][vc_column width=&#8221;1\/4&#8243;][vc_column_text]<\/p>\n<h3 style=\"text-align: center;\"><strong>PISCINA IN ACCIAIO COMFORT<\/strong><\/h3>\n<p style=\"text-align: center;\"><strong>Piscina<\/strong> adatta ad un rilassamento top: compresa di sistema <a href=\"https:\/\/www.atecpool.ch\/it\/vasche-idromassaggio\/\">idromassaggio<\/a>, cascata, comoda seduta, ergonomici lettini relax e scala interna d&#8217;ingresso.<\/p>\n<p>[\/vc_column_text][vc_single_image image=&#8221;18971&#8243; img_size=&#8221;full&#8221; onclick=&#8221;link_image&#8221;][\/vc_column][\/vc_row][vc_row][vc_column][vc_separator color=&#8221;peacoc&#8221;][\/vc_column][\/vc_row][vc_row][vc_column][vc_column_text]<\/p>\n<h2 class=\"vc_custom_heading\" style=\"text-align: center;\">La realizzazione di una vasca in acciaio inox<\/h2>\n<p>[\/vc_column_text][\/vc_column][\/vc_row][vc_row][vc_column width=&#8221;1\/5&#8243;][vc_column_text]Il nostro disegnatore elabora un piano esecutivo dettagliato, evidenziando tutti gli accessori e i percorsi delle tubazioni.[\/vc_column_text][vc_single_image image=&#8221;5025&#8243; img_size=&#8221;full&#8221;][\/vc_column][vc_column width=&#8221;1\/5&#8243;][vc_column_text]ll progetto va trasmesso al produttore di <strong>piscine in acciaio<\/strong>, il quale eseguir\u00e0 la vasca secondo i piani stabiliti. Essendo una vasca monoblocco, essa \u00e8 priva di giunture, con una superficie liscia ed igienica.[\/vc_column_text][vc_single_image image=&#8221;3529&#8243; img_size=&#8221;full&#8221;][\/vc_column][vc_column width=&#8221;1\/5&#8243;][vc_column_text]Dopo il collaudo in fabbrica, la vasca viene trasportata sul posto e depositata nelle immediate vicinanze. La posa finale avviene tramite camion-gru o elicottero.[\/vc_column_text][vc_single_image image=&#8221;3532&#8243; img_size=&#8221;full&#8221;][\/vc_column][vc_column width=&#8221;1\/5&#8243;][vc_column_text]La vasca in<strong> acciaio inox<\/strong> viene collegato all&#8217;impianto di filtrazione. Di seguito si effettua le ultime rifiniture e per poi passare al collaudo finale e la messa in funzione.[\/vc_column_text][vc_single_image image=&#8221;17955&#8243; img_size=&#8221;full&#8221;][\/vc_column][vc_column width=&#8221;1\/5&#8243;][vc_column_text]Assisti alla posa finale della vasca di raffredamento presso Splash &amp; Spa, realizzata da Atec Pool[\/vc_column_text][vc_video link=&#8221;https:\/\/youtu.be\/rdZdaqQgm1s&#8221; align=&#8221;right&#8221;][\/vc_column][\/vc_row][vc_row][vc_column][vc_separator color=&#8221;peacoc&#8221;][\/vc_column][\/vc_row][vc_row][vc_column width=&#8221;2\/5&#8243;][vc_column_text]<\/p>\n<h3>I vantaggi di una piscina in acciaio inox<\/h3>\n<p>[\/vc_column_text][vc_column_text]<\/p>\n<div class=\"flex flex-grow flex-col gap-3\">\n<div class=\"min-h-[20px] flex flex-col items-start gap-4 whitespace-pre-wrap\">\n<div class=\"markdown prose w-full break-words dark:prose-invert light\">\n<p>Ci sono diversi vantaggi nell&#8217;installare una piscina in acciaio inox rispetto ad altre tipologie di piscine.<\/p>\n<ol>\n<li>Durabilit\u00e0 e resistenza: L&#8217;acciaio inox \u00e8 noto per la sua resistenza alla corrosione e alla ruggine. Le piscine in acciaio inox sono quindi molto durevoli e resistenti agli agenti atmosferici, ai prodotti chimici per la pulizia e all&#8217;usura generale.<\/li>\n<li>Facilit\u00e0 di manutenzione: La superficie liscia e uniforme dell&#8217;acciaio inox rende pi\u00f9 facile la pulizia della piscina. Inoltre, le piscine in acciaio inox richiedono meno manutenzione rispetto alle piscine in cemento o in vinile, che possono richiedere riparazioni costose e frequenti.<\/li>\n<li>Estetica: Le piscine in acciaio inox hanno un aspetto moderno e minimalista che si adatta bene a qualsiasi tipo di ambiente. Inoltre, l&#8217;acciaio inox \u00e8 disponibile in diverse finiture, come la lucidatura a specchio o la satinatura, che possono migliorare ulteriormente l&#8217;aspetto della piscina.<\/li>\n<li>Resistenza alle macchie: L&#8217;acciaio inox ha una superficie non porosa che non assorbe facilmente le macchie. Ci\u00f2 significa che le piscine in acciaio inox sono meno suscettibili alle macchie causate da foglie, erba, alghe e altri detriti.<\/li>\n<li>Sostenibilit\u00e0: L&#8217;acciaio inox \u00e8 un materiale altamente riciclabile, il che significa che le piscine in acciaio inox possono essere smaltite in modo ecologico alla fine della loro vita utile.<\/li>\n<\/ol>\n<\/div>\n<\/div>\n<\/div>\n<p>[\/vc_column_text][\/vc_column][vc_column width=&#8221;1\/5&#8243;][\/vc_column][vc_column width=&#8221;2\/5&#8243;][vc_column_text]<\/p>\n<h3>I svantaggi di una piscina in acciaio inox<\/h3>\n<p>[\/vc_column_text][vc_column_text]<\/p>\n<div class=\"relative flex w-[calc(100%-50px)] flex-col gap-1 md:gap-3 lg:w-[calc(100%-115px)]\">\n<div class=\"flex flex-grow flex-col gap-3\">\n<div class=\"min-h-[20px] flex flex-col items-start gap-4 whitespace-pre-wrap\">\n<div class=\"markdown prose w-full break-words dark:prose-invert light\">\n<p>Nonostante i vantaggi, ci sono anche alcuni svantaggi nell&#8217;installare una piscina in acciaio inox. Alcuni di questi includono:<\/p>\n<ol>\n<li>Costo: le piscine in acciaio inox sono generalmente considerate una soluzione di fascia alta e possono avere un costo significativo rispetto ad altre tipologie di piscine.<\/li>\n<li>Conducibilit\u00e0 termica: L&#8217;acciaio inox ha una conducibilit\u00e0 termica elevata, il che significa che l&#8217;acqua della piscina pu\u00f2 diventare fredda pi\u00f9 rapidamente rispetto ad altre tipologie di piscine. Ci\u00f2 pu\u00f2 richiedere l&#8217;uso di sistemi di riscaldamento pi\u00f9 potenti e l&#8217;applicazione di un&#8217;isolazione sulle pareti esterni.<\/li>\n<li>Possibili deformazioni: In presenza di riscaldamenti e raffreddamenti rapidi e continui dell&#8217;acciaio, ad esempio in seguito a sbalzi termici, potrebbero verificarsi eventuali deformazioni permanenti della superficie.<\/li>\n<li>Percezione di freddo e di una possibile rigidit\u00e0: L&#8217;acciaio inox \u00e8 un materiale molto resistente e rigido, ci\u00f2 potrebbe causare una sensazione di rigidit\u00e0 e freddo durante l&#8217;utilizzo della piscina rispetto ad altre tipologie di materiali.<\/li>\n<\/ol>\n<\/div>\n<\/div>\n<\/div>\n<\/div>\n<p>[\/vc_column_text][\/vc_column][\/vc_row][vc_row][vc_column][vc_btn title=&#8221;Richiedi informazioni&#8221; color=&#8221;blue&#8221; size=&#8221;lg&#8221; align=&#8221;center&#8221; i_icon_fontawesome=&#8221;fas fa-info-circle&#8221; css_animation=&#8221;top-to-bottom&#8221; add_icon=&#8221;true&#8221; link=&#8221;url:https%3A%2F%2Fwww.atecpool.ch%2Fform-view%2F5|title:Contatti|target:_blank&#8221;][\/vc_column][\/vc_row]<\/p>\n<\/div>","protected":false},"excerpt":{"rendered":"<p>[vc_row][vc_column][vc_column_text] Piscine in acciaio &#8211; La nostra gamma di piscine interrate in acciaio inox Piscina monoblocco in acciaio inox AISI-316L satinato, con spessore di 2 mm.<span class=\"excerpt-hellip\"> [\u2026]<\/span><\/p>\n","protected":false},"author":12,"featured_media":0,"parent":3088,"menu_order":3,"comment_status":"closed","ping_status":"closed","template":"","meta":{"footnotes":""},"class_list":["post-3513","page","type-page","status-publish","hentry"],"yoast_head":"<!-- This site is optimized with the Yoast SEO Premium plugin v26.2 (Yoast SEO v27.4) - https:\/\/yoast.com\/product\/yoast-seo-premium-wordpress\/ -->\n<title>Piscine in acciaio inox - I vantaggi delle piscine in acciaio Atec Pool<\/title>\n<meta name=\"description\" content=\"Scopri le nostre piscine in acciaio inox e tutti gli altri vantaggi e servizi di Atec Pool! Contattaci per qualsiasi domanda!\" \/>\n<meta name=\"robots\" content=\"index, follow, max-snippet:-1, max-image-preview:large, max-video-preview:-1\" \/>\n<link rel=\"canonical\" href=\"https:\/\/www.atecpool.ch\/it\/risanamento-riparazione-piscine-ticino\/piscine-in-acciaio-inox\/\" \/>\n<meta property=\"og:locale\" content=\"it_IT\" \/>\n<meta property=\"og:type\" content=\"article\" \/>\n<meta property=\"og:title\" content=\"Piscine in acciaio inox\" \/>\n<meta property=\"og:description\" content=\"Scopri le nostre piscine in acciaio inox e tutti gli altri vantaggi e servizi di Atec Pool! Contattaci per qualsiasi domanda!\" \/>\n<meta property=\"og:url\" content=\"https:\/\/www.atecpool.ch\/it\/risanamento-riparazione-piscine-ticino\/piscine-in-acciaio-inox\/\" \/>\n<meta property=\"og:site_name\" content=\"Atec Pool\" \/>\n<meta property=\"article:publisher\" content=\"https:\/\/www.facebook.com\/atecpool.ch\/\" \/>\n<meta property=\"article:modified_time\" content=\"2023-08-14T07:56:43+00:00\" \/>\n<meta name=\"twitter:card\" content=\"summary_large_image\" \/>\n<meta name=\"twitter:label1\" content=\"Tempo di lettura stimato\" \/>\n\t<meta name=\"twitter:data1\" content=\"4 minuti\" \/>\n<script type=\"application\/ld+json\" class=\"yoast-schema-graph\">{\"@context\":\"https:\\\/\\\/schema.org\",\"@graph\":[{\"@type\":\"WebPage\",\"@id\":\"https:\\\/\\\/www.atecpool.ch\\\/it\\\/risanamento-riparazione-piscine-ticino\\\/piscine-in-acciaio-inox\\\/\",\"url\":\"https:\\\/\\\/www.atecpool.ch\\\/it\\\/risanamento-riparazione-piscine-ticino\\\/piscine-in-acciaio-inox\\\/\",\"name\":\"Piscine in acciaio inox - I vantaggi delle piscine in acciaio Atec Pool\",\"isPartOf\":{\"@id\":\"https:\\\/\\\/www.atecpool.ch\\\/it\\\/#website\"},\"datePublished\":\"2018-11-21T15:20:58+00:00\",\"dateModified\":\"2023-08-14T07:56:43+00:00\",\"description\":\"Scopri le nostre piscine in acciaio inox e tutti gli altri vantaggi e servizi di Atec Pool! Contattaci per qualsiasi domanda!\",\"breadcrumb\":{\"@id\":\"https:\\\/\\\/www.atecpool.ch\\\/it\\\/risanamento-riparazione-piscine-ticino\\\/piscine-in-acciaio-inox\\\/#breadcrumb\"},\"inLanguage\":\"it-IT\",\"potentialAction\":[{\"@type\":\"ReadAction\",\"target\":[\"https:\\\/\\\/www.atecpool.ch\\\/it\\\/risanamento-riparazione-piscine-ticino\\\/piscine-in-acciaio-inox\\\/\"]}]},{\"@type\":\"BreadcrumbList\",\"@id\":\"https:\\\/\\\/www.atecpool.ch\\\/it\\\/risanamento-riparazione-piscine-ticino\\\/piscine-in-acciaio-inox\\\/#breadcrumb\",\"itemListElement\":[{\"@type\":\"ListItem\",\"position\":1,\"name\":\"Home\",\"item\":\"https:\\\/\\\/www.atecpool.ch\\\/it\\\/\"},{\"@type\":\"ListItem\",\"position\":2,\"name\":\"Risanamenti e ristrutturazioni di piscine\",\"item\":\"https:\\\/\\\/www.atecpool.ch\\\/it\\\/risanamento-riparazione-piscine-ticino\\\/\"},{\"@type\":\"ListItem\",\"position\":3,\"name\":\"Piscine in acciaio inox\"}]},{\"@type\":\"WebSite\",\"@id\":\"https:\\\/\\\/www.atecpool.ch\\\/it\\\/#website\",\"url\":\"https:\\\/\\\/www.atecpool.ch\\\/it\\\/\",\"name\":\"Atec Pool\",\"description\":\"Pool \u00b7 Sauna \u00b7 Wellness\",\"publisher\":{\"@id\":\"https:\\\/\\\/www.atecpool.ch\\\/it\\\/#organization\"},\"potentialAction\":[{\"@type\":\"SearchAction\",\"target\":{\"@type\":\"EntryPoint\",\"urlTemplate\":\"https:\\\/\\\/www.atecpool.ch\\\/it\\\/?s={search_term_string}\"},\"query-input\":{\"@type\":\"PropertyValueSpecification\",\"valueRequired\":true,\"valueName\":\"search_term_string\"}}],\"inLanguage\":\"it-IT\"},{\"@type\":[\"Organization\",\"Place\"],\"@id\":\"https:\\\/\\\/www.atecpool.ch\\\/it\\\/#organization\",\"name\":\"Atec Pool\",\"url\":\"https:\\\/\\\/www.atecpool.ch\\\/it\\\/\",\"logo\":{\"@id\":\"https:\\\/\\\/www.atecpool.ch\\\/it\\\/risanamento-riparazione-piscine-ticino\\\/piscine-in-acciaio-inox\\\/#local-main-organization-logo\"},\"image\":{\"@id\":\"https:\\\/\\\/www.atecpool.ch\\\/it\\\/risanamento-riparazione-piscine-ticino\\\/piscine-in-acciaio-inox\\\/#local-main-organization-logo\"},\"sameAs\":[\"https:\\\/\\\/www.facebook.com\\\/atecpool.ch\\\/\",\"https:\\\/\\\/www.instagram.com\\\/atecpool_ch\\\/\"],\"address\":{\"@id\":\"https:\\\/\\\/www.atecpool.ch\\\/it\\\/risanamento-riparazione-piscine-ticino\\\/piscine-in-acciaio-inox\\\/#local-main-place-address\"},\"telephone\":[\"+41 91 980 33 93\"],\"openingHoursSpecification\":[{\"@type\":\"OpeningHoursSpecification\",\"dayOfWeek\":[\"Monday\",\"Tuesday\",\"Wednesday\",\"Thursday\",\"Friday\",\"Saturday\",\"Sunday\"],\"opens\":\"09:00\",\"closes\":\"17:00\"}],\"email\":\"info@atecpool.ch\"},{\"@type\":\"PostalAddress\",\"@id\":\"https:\\\/\\\/www.atecpool.ch\\\/it\\\/risanamento-riparazione-piscine-ticino\\\/piscine-in-acciaio-inox\\\/#local-main-place-address\",\"streetAddress\":\"Via Cantonale 5\",\"addressLocality\":\"Grancia\",\"postalCode\":\"6916\",\"addressCountry\":\"CH\"},{\"@type\":\"ImageObject\",\"inLanguage\":\"it-IT\",\"@id\":\"https:\\\/\\\/www.atecpool.ch\\\/it\\\/risanamento-riparazione-piscine-ticino\\\/piscine-in-acciaio-inox\\\/#local-main-organization-logo\",\"url\":\"https:\\\/\\\/www.atecpool.ch\\\/wp-content\\\/uploads\\\/2020\\\/09\\\/atec_logo.png\",\"contentUrl\":\"https:\\\/\\\/www.atecpool.ch\\\/wp-content\\\/uploads\\\/2020\\\/09\\\/atec_logo.png\",\"width\":500,\"height\":145,\"caption\":\"Atec Pool\"}]}<\/script>\n<meta name=\"geo.placename\" content=\"Grancia\" \/>\n<meta name=\"geo.region\" content=\"Svizzera\" \/>\n<!-- \/ Yoast SEO Premium plugin. -->","yoast_head_json":{"title":"Piscine in acciaio inox - I vantaggi delle piscine in acciaio Atec Pool","description":"Scopri le nostre piscine in acciaio inox e tutti gli altri vantaggi e servizi di Atec Pool! Contattaci per qualsiasi domanda!","robots":{"index":"index","follow":"follow","max-snippet":"max-snippet:-1","max-image-preview":"max-image-preview:large","max-video-preview":"max-video-preview:-1"},"canonical":"https:\/\/www.atecpool.ch\/it\/risanamento-riparazione-piscine-ticino\/piscine-in-acciaio-inox\/","og_locale":"it_IT","og_type":"article","og_title":"Piscine in acciaio inox","og_description":"Scopri le nostre piscine in acciaio inox e tutti gli altri vantaggi e servizi di Atec Pool! Contattaci per qualsiasi domanda!","og_url":"https:\/\/www.atecpool.ch\/it\/risanamento-riparazione-piscine-ticino\/piscine-in-acciaio-inox\/","og_site_name":"Atec Pool","article_publisher":"https:\/\/www.facebook.com\/atecpool.ch\/","article_modified_time":"2023-08-14T07:56:43+00:00","twitter_card":"summary_large_image","twitter_misc":{"Tempo di lettura stimato":"4 minuti"},"schema":{"@context":"https:\/\/schema.org","@graph":[{"@type":"WebPage","@id":"https:\/\/www.atecpool.ch\/it\/risanamento-riparazione-piscine-ticino\/piscine-in-acciaio-inox\/","url":"https:\/\/www.atecpool.ch\/it\/risanamento-riparazione-piscine-ticino\/piscine-in-acciaio-inox\/","name":"Piscine in acciaio inox - I vantaggi delle piscine in acciaio Atec Pool","isPartOf":{"@id":"https:\/\/www.atecpool.ch\/it\/#website"},"datePublished":"2018-11-21T15:20:58+00:00","dateModified":"2023-08-14T07:56:43+00:00","description":"Scopri le nostre piscine in acciaio inox e tutti gli altri vantaggi e servizi di Atec Pool! Contattaci per qualsiasi domanda!","breadcrumb":{"@id":"https:\/\/www.atecpool.ch\/it\/risanamento-riparazione-piscine-ticino\/piscine-in-acciaio-inox\/#breadcrumb"},"inLanguage":"it-IT","potentialAction":[{"@type":"ReadAction","target":["https:\/\/www.atecpool.ch\/it\/risanamento-riparazione-piscine-ticino\/piscine-in-acciaio-inox\/"]}]},{"@type":"BreadcrumbList","@id":"https:\/\/www.atecpool.ch\/it\/risanamento-riparazione-piscine-ticino\/piscine-in-acciaio-inox\/#breadcrumb","itemListElement":[{"@type":"ListItem","position":1,"name":"Home","item":"https:\/\/www.atecpool.ch\/it\/"},{"@type":"ListItem","position":2,"name":"Risanamenti e ristrutturazioni di piscine","item":"https:\/\/www.atecpool.ch\/it\/risanamento-riparazione-piscine-ticino\/"},{"@type":"ListItem","position":3,"name":"Piscine in acciaio inox"}]},{"@type":"WebSite","@id":"https:\/\/www.atecpool.ch\/it\/#website","url":"https:\/\/www.atecpool.ch\/it\/","name":"Atec Pool","description":"Pool \u00b7 Sauna \u00b7 Wellness","publisher":{"@id":"https:\/\/www.atecpool.ch\/it\/#organization"},"potentialAction":[{"@type":"SearchAction","target":{"@type":"EntryPoint","urlTemplate":"https:\/\/www.atecpool.ch\/it\/?s={search_term_string}"},"query-input":{"@type":"PropertyValueSpecification","valueRequired":true,"valueName":"search_term_string"}}],"inLanguage":"it-IT"},{"@type":["Organization","Place"],"@id":"https:\/\/www.atecpool.ch\/it\/#organization","name":"Atec Pool","url":"https:\/\/www.atecpool.ch\/it\/","logo":{"@id":"https:\/\/www.atecpool.ch\/it\/risanamento-riparazione-piscine-ticino\/piscine-in-acciaio-inox\/#local-main-organization-logo"},"image":{"@id":"https:\/\/www.atecpool.ch\/it\/risanamento-riparazione-piscine-ticino\/piscine-in-acciaio-inox\/#local-main-organization-logo"},"sameAs":["https:\/\/www.facebook.com\/atecpool.ch\/","https:\/\/www.instagram.com\/atecpool_ch\/"],"address":{"@id":"https:\/\/www.atecpool.ch\/it\/risanamento-riparazione-piscine-ticino\/piscine-in-acciaio-inox\/#local-main-place-address"},"telephone":["+41 91 980 33 93"],"openingHoursSpecification":[{"@type":"OpeningHoursSpecification","dayOfWeek":["Monday","Tuesday","Wednesday","Thursday","Friday","Saturday","Sunday"],"opens":"09:00","closes":"17:00"}],"email":"info@atecpool.ch"},{"@type":"PostalAddress","@id":"https:\/\/www.atecpool.ch\/it\/risanamento-riparazione-piscine-ticino\/piscine-in-acciaio-inox\/#local-main-place-address","streetAddress":"Via Cantonale 5","addressLocality":"Grancia","postalCode":"6916","addressCountry":"CH"},{"@type":"ImageObject","inLanguage":"it-IT","@id":"https:\/\/www.atecpool.ch\/it\/risanamento-riparazione-piscine-ticino\/piscine-in-acciaio-inox\/#local-main-organization-logo","url":"https:\/\/www.atecpool.ch\/wp-content\/uploads\/2020\/09\/atec_logo.png","contentUrl":"https:\/\/www.atecpool.ch\/wp-content\/uploads\/2020\/09\/atec_logo.png","width":500,"height":145,"caption":"Atec Pool"}]},"geo.placename":"Grancia","geo.region":"Svizzera"},"_links":{"self":[{"href":"https:\/\/www.atecpool.ch\/it\/wp-json\/wp\/v2\/pages\/3513","targetHints":{"allow":["GET"]}}],"collection":[{"href":"https:\/\/www.atecpool.ch\/it\/wp-json\/wp\/v2\/pages"}],"about":[{"href":"https:\/\/www.atecpool.ch\/it\/wp-json\/wp\/v2\/types\/page"}],"author":[{"embeddable":true,"href":"https:\/\/www.atecpool.ch\/it\/wp-json\/wp\/v2\/users\/12"}],"replies":[{"embeddable":true,"href":"https:\/\/www.atecpool.ch\/it\/wp-json\/wp\/v2\/comments?post=3513"}],"version-history":[{"count":0,"href":"https:\/\/www.atecpool.ch\/it\/wp-json\/wp\/v2\/pages\/3513\/revisions"}],"up":[{"embeddable":true,"href":"https:\/\/www.atecpool.ch\/it\/wp-json\/wp\/v2\/pages\/3088"}],"wp:attachment":[{"href":"https:\/\/www.atecpool.ch\/it\/wp-json\/wp\/v2\/media?parent=3513"}],"curies":[{"name":"wp","href":"https:\/\/api.w.org\/{rel}","templated":true}]}}