{"id":31893,"date":"2025-01-28T14:54:32","date_gmt":"2025-01-28T13:54:32","guid":{"rendered":"https:\/\/www.atecpool.ch\/?p=31893"},"modified":"2025-11-05T11:26:40","modified_gmt":"2025-11-05T10:26:40","slug":"sauna-harvia-variant-view","status":"publish","type":"page","link":"https:\/\/www.atecpool.ch\/it\/saune-bagni-turchi\/saune-finlandesi-e-bio-saune\/sauna-harvia-variant-view\/","title":{"rendered":"Sauna Harvia Variant-View"},"content":{"rendered":"<div class=\"wpb-content-wrapper\"><p>[vc_section][vc_row][vc_column css=&#8221;.vc_custom_1761312711769{padding-top: 20px !important;}&#8221;][vc_custom_heading text=&#8221;HARVIA VARIANT VIEW&#8221; font_container=&#8221;tag:h1|font_size:28|text_align:center|color:%23000000&#8243; use_theme_fonts=&#8221;yes&#8221; css=&#8221;.vc_custom_1761312734008{padding-top: 20px !important;padding-bottom: 20px !important;}&#8221;][\/vc_column][\/vc_row][\/vc_section][vc_row bg_type=&#8221;bg_color&#8221; bg_color_value=&#8221;#ffffff&#8221; css=&#8221;.vc_custom_1639739483920{background-color: #ffffff !important;}&#8221;][vc_column width=&#8221;2\/3&#8243; css=&#8221;.vc_custom_1639738698568{background-color: #ffffff !important;}&#8221;][vc_single_image image=&#8221;31689&#8243; img_size=&#8221;full&#8221; alignment=&#8221;center&#8221; css=&#8221;&#8221;][vc_column_text css=&#8221;&#8221;]La <strong>Sauna Harvia Variant View<\/strong> \u00e8 l&#8217;essenza del design moderno e della tradizione finlandese. Progettata per adattarsi a qualsiasi spazio, combina eleganza e funzionalit\u00e0, offrendo un&#8217;esperienza di relax unica. Le pareti frontali in vetro temperato creano una sensazione di apertura e luminosit\u00e0, mentre i materiali di alta qualit\u00e0, come il legno di abete e di pioppo tremulo, garantiscono durata e comfort.<\/p>\n<p>Disponibile in diverse dimensioni, la Variant View \u00e8 perfetta per ambienti domestici e professionali. Le panche ergonomiche e il design modulare consentono una personalizzazione totale per soddisfare ogni esigenza di benessere. Ideale per chi cerca una sauna che unisca stile, praticit\u00e0 e qualit\u00e0. Inoltre, \u00e8 disponibile in opzione con le varianti <strong>RGBW<\/strong>, che offrono un&#8217;illuminazione personalizzabile per creare un&#8217;atmosfera rilassante e coinvolgente. Ideale per chi cerca una sauna che unisca stile, praticit\u00e0 e qualit\u00e0.[\/vc_column_text][\/vc_column][vc_column width=&#8221;1\/3&#8243;][vc_text_separator title=&#8221;Descrizione Variant View&#8221; border_width=&#8221;8&#8243; css=&#8221;&#8221;][vc_column_text css=&#8221;&#8221;]La sauna Variant View \u00e8 disponibile nelle seguenti dimensioni:<\/p>\n<ul>\n<li><strong>S1212SV<\/strong>: 120 x 120 x 210 cm<\/li>\n<li><strong>S1616SV<\/strong>: 160 x 160 x 210 cm<\/li>\n<li><strong>S1620SV<\/strong>: 200 x 160 x 210 cm<\/li>\n<li><strong>S2020SV<\/strong>: 200 x 200 x 210 cm<\/li>\n<li><strong>S1616CV<\/strong> (Corner Medium): 163,5 x 163,5 x 202 cm<\/li>\n<li><strong>S2020CV<\/strong> (Corner Large): 202 x 157 x 204 cm<\/li>\n<\/ul>\n<p>[\/vc_column_text][\/vc_column][\/vc_row][vc_row][vc_column][vc_separator color=&#8221;black&#8221; border_width=&#8221;2&#8243; css=&#8221;&#8221;][\/vc_column][\/vc_row][vc_row content_placement=&#8221;middle&#8221;][vc_column width=&#8221;3\/4&#8243;][vc_gallery type=&#8221;flexslider_slide&#8221; interval=&#8221;3&#8243; images=&#8221;31689,31691,31695&#8243; img_size=&#8221;large&#8221; onclick=&#8221;&#8221; css=&#8221;&#8221;][\/vc_column][vc_column width=&#8221;1\/4&#8243; offset=&#8221;vc_hidden-xs&#8221;][vc_single_image image=&#8221;20319&#8243; alignment=&#8221;center&#8221; onclick=&#8221;custom_link&#8221; img_link_target=&#8221;_blank&#8221; css=&#8221;&#8221; link=&#8221;https:\/\/www.atecpool.ch\/wp-content\/uploads\/2025\/01\/Harvia_VariantView_EN.pdf&#8221; title=&#8221;Scarica prospetto&#8221; el_class=&#8221;download-box&#8221;][\/vc_column][\/vc_row][vc_row][vc_column][vc_separator color=&#8221;black&#8221; border_width=&#8221;2&#8243; css=&#8221;&#8221;][\/vc_column][\/vc_row][vc_row][vc_column][vc_btn title=&#8221;Richiedi informazioni&#8221; color=&#8221;pink&#8221; size=&#8221;lg&#8221; align=&#8221;center&#8221; i_align=&#8221;right&#8221; i_icon_fontawesome=&#8221;&#8221; css=&#8221;&#8221; add_icon=&#8221;true&#8221; link=&#8221;url:https%3A%2F%2Fwww.atecpool.ch%2Fform-view%2F4|target:_blank&#8221;][\/vc_column][\/vc_row]<\/p>\n<\/div>","protected":false},"excerpt":{"rendered":"<p>[vc_section][vc_row][vc_column css=&#8221;.vc_custom_1761312711769{padding-top: 20px !important;}&#8221;][vc_custom_heading text=&#8221;HARVIA VARIANT VIEW&#8221; font_container=&#8221;tag:h1|font_size:28|text_align:center|color:%23000000&#8243; use_theme_fonts=&#8221;yes&#8221; css=&#8221;.vc_custom_1761312734008{padding-top: 20px !important;padding-bottom: 20px !important;}&#8221;][\/vc_column][\/vc_row][\/vc_section][vc_row bg_type=&#8221;bg_color&#8221; bg_color_value=&#8221;#ffffff&#8221; css=&#8221;.vc_custom_1639739483920{background-color: #ffffff !important;}&#8221;][vc_column width=&#8221;2\/3&#8243; css=&#8221;.vc_custom_1639738698568{background-color: #ffffff !important;}&#8221;][vc_single_image image=&#8221;31689&#8243; img_size=&#8221;full&#8221; alignment=&#8221;center&#8221;<span class=\"excerpt-hellip\"> [\u2026]<\/span><\/p>\n","protected":false},"author":4,"featured_media":31448,"parent":23165,"menu_order":0,"comment_status":"open","ping_status":"closed","template":"","meta":{"footnotes":""},"class_list":["post-31893","page","type-page","status-publish","has-post-thumbnail","hentry"],"yoast_head":"<!-- This site is optimized with the Yoast SEO Premium plugin v26.2 (Yoast SEO v27.4) - https:\/\/yoast.com\/product\/yoast-seo-premium-wordpress\/ -->\n<title>Sauna Harvia Variant-View - Atec Pool<\/title>\n<meta name=\"description\" content=\"Sauna Variant View di Harvia: design moderno, tradizione finlandese e relax su misura in diverse dimensioni.\" \/>\n<meta name=\"robots\" content=\"index, follow, max-snippet:-1, max-image-preview:large, max-video-preview:-1\" \/>\n<link rel=\"canonical\" href=\"https:\/\/www.atecpool.ch\/it\/saune-bagni-turchi\/saune-finlandesi-e-bio-saune\/sauna-harvia-variant-view\/\" \/>\n<meta property=\"og:locale\" content=\"it_IT\" \/>\n<meta property=\"og:type\" content=\"article\" \/>\n<meta property=\"og:title\" content=\"Sauna Harvia Variant-View\" \/>\n<meta property=\"og:description\" content=\"Sauna Variant View di Harvia: design moderno, tradizione finlandese e relax su misura in diverse dimensioni.\" \/>\n<meta property=\"og:url\" content=\"https:\/\/www.atecpool.ch\/it\/saune-bagni-turchi\/saune-finlandesi-e-bio-saune\/sauna-harvia-variant-view\/\" \/>\n<meta property=\"og:site_name\" content=\"Atec Pool\" \/>\n<meta property=\"article:publisher\" content=\"https:\/\/www.facebook.com\/atecpool.ch\/\" \/>\n<meta property=\"article:modified_time\" content=\"2025-11-05T10:26:40+00:00\" \/>\n<meta property=\"og:image\" content=\"https:\/\/www.atecpool.ch\/wp-content\/uploads\/2025\/01\/Variant-View-.jpg\" \/>\n\t<meta property=\"og:image:width\" content=\"800\" \/>\n\t<meta property=\"og:image:height\" content=\"800\" \/>\n\t<meta property=\"og:image:type\" content=\"image\/jpeg\" \/>\n<meta name=\"twitter:card\" content=\"summary_large_image\" \/>\n<meta name=\"twitter:label1\" content=\"Tempo di lettura stimato\" \/>\n\t<meta name=\"twitter:data1\" content=\"2 minuti\" \/>\n<script type=\"application\/ld+json\" class=\"yoast-schema-graph\">{\"@context\":\"https:\\\/\\\/schema.org\",\"@graph\":[{\"@type\":\"WebPage\",\"@id\":\"https:\\\/\\\/www.atecpool.ch\\\/it\\\/saune-bagni-turchi\\\/saune-finlandesi-e-bio-saune\\\/sauna-harvia-variant-view\\\/\",\"url\":\"https:\\\/\\\/www.atecpool.ch\\\/it\\\/saune-bagni-turchi\\\/saune-finlandesi-e-bio-saune\\\/sauna-harvia-variant-view\\\/\",\"name\":\"Sauna Harvia Variant-View - Atec Pool\",\"isPartOf\":{\"@id\":\"https:\\\/\\\/www.atecpool.ch\\\/it\\\/#website\"},\"primaryImageOfPage\":{\"@id\":\"https:\\\/\\\/www.atecpool.ch\\\/it\\\/saune-bagni-turchi\\\/saune-finlandesi-e-bio-saune\\\/sauna-harvia-variant-view\\\/#primaryimage\"},\"image\":{\"@id\":\"https:\\\/\\\/www.atecpool.ch\\\/it\\\/saune-bagni-turchi\\\/saune-finlandesi-e-bio-saune\\\/sauna-harvia-variant-view\\\/#primaryimage\"},\"thumbnailUrl\":\"https:\\\/\\\/www.atecpool.ch\\\/wp-content\\\/uploads\\\/2025\\\/01\\\/Variant-View-.jpg\",\"datePublished\":\"2025-01-28T13:54:32+00:00\",\"dateModified\":\"2025-11-05T10:26:40+00:00\",\"description\":\"Sauna Variant View di Harvia: design moderno, tradizione finlandese e relax su misura in diverse dimensioni.\",\"breadcrumb\":{\"@id\":\"https:\\\/\\\/www.atecpool.ch\\\/it\\\/saune-bagni-turchi\\\/saune-finlandesi-e-bio-saune\\\/sauna-harvia-variant-view\\\/#breadcrumb\"},\"inLanguage\":\"it-IT\",\"potentialAction\":[{\"@type\":\"ReadAction\",\"target\":[\"https:\\\/\\\/www.atecpool.ch\\\/it\\\/saune-bagni-turchi\\\/saune-finlandesi-e-bio-saune\\\/sauna-harvia-variant-view\\\/\"]}]},{\"@type\":\"ImageObject\",\"inLanguage\":\"it-IT\",\"@id\":\"https:\\\/\\\/www.atecpool.ch\\\/it\\\/saune-bagni-turchi\\\/saune-finlandesi-e-bio-saune\\\/sauna-harvia-variant-view\\\/#primaryimage\",\"url\":\"https:\\\/\\\/www.atecpool.ch\\\/wp-content\\\/uploads\\\/2025\\\/01\\\/Variant-View-.jpg\",\"contentUrl\":\"https:\\\/\\\/www.atecpool.ch\\\/wp-content\\\/uploads\\\/2025\\\/01\\\/Variant-View-.jpg\",\"width\":800,\"height\":800,\"caption\":\"Variant View di Harvia \u2013 Design moderno e materiali pregiati per un\u2019esperienza di sauna esclusiva\"},{\"@type\":\"BreadcrumbList\",\"@id\":\"https:\\\/\\\/www.atecpool.ch\\\/it\\\/saune-bagni-turchi\\\/saune-finlandesi-e-bio-saune\\\/sauna-harvia-variant-view\\\/#breadcrumb\",\"itemListElement\":[{\"@type\":\"ListItem\",\"position\":1,\"name\":\"Home\",\"item\":\"https:\\\/\\\/www.atecpool.ch\\\/it\\\/\"},{\"@type\":\"ListItem\",\"position\":2,\"name\":\"SAUNE PER INTERNO ED ESTERNO E BAGNI TURCHI\",\"item\":\"https:\\\/\\\/www.atecpool.ch\\\/it\\\/saune-bagni-turchi\\\/\"},{\"@type\":\"ListItem\",\"position\":3,\"name\":\"Saune Finlandesi e Biosaune\",\"item\":\"https:\\\/\\\/www.atecpool.ch\\\/it\\\/saune-bagni-turchi\\\/saune-finlandesi-e-bio-saune\\\/\"},{\"@type\":\"ListItem\",\"position\":4,\"name\":\"Sauna Harvia Variant-View\"}]},{\"@type\":\"WebSite\",\"@id\":\"https:\\\/\\\/www.atecpool.ch\\\/it\\\/#website\",\"url\":\"https:\\\/\\\/www.atecpool.ch\\\/it\\\/\",\"name\":\"Atec Pool\",\"description\":\"Pool \u00b7 Sauna \u00b7 Wellness\",\"publisher\":{\"@id\":\"https:\\\/\\\/www.atecpool.ch\\\/it\\\/#organization\"},\"potentialAction\":[{\"@type\":\"SearchAction\",\"target\":{\"@type\":\"EntryPoint\",\"urlTemplate\":\"https:\\\/\\\/www.atecpool.ch\\\/it\\\/?s={search_term_string}\"},\"query-input\":{\"@type\":\"PropertyValueSpecification\",\"valueRequired\":true,\"valueName\":\"search_term_string\"}}],\"inLanguage\":\"it-IT\"},{\"@type\":[\"Organization\",\"Place\"],\"@id\":\"https:\\\/\\\/www.atecpool.ch\\\/it\\\/#organization\",\"name\":\"Atec Pool\",\"url\":\"https:\\\/\\\/www.atecpool.ch\\\/it\\\/\",\"logo\":{\"@id\":\"https:\\\/\\\/www.atecpool.ch\\\/it\\\/saune-bagni-turchi\\\/saune-finlandesi-e-bio-saune\\\/sauna-harvia-variant-view\\\/#local-main-organization-logo\"},\"image\":{\"@id\":\"https:\\\/\\\/www.atecpool.ch\\\/it\\\/saune-bagni-turchi\\\/saune-finlandesi-e-bio-saune\\\/sauna-harvia-variant-view\\\/#local-main-organization-logo\"},\"sameAs\":[\"https:\\\/\\\/www.facebook.com\\\/atecpool.ch\\\/\",\"https:\\\/\\\/www.instagram.com\\\/atecpool_ch\\\/\"],\"address\":{\"@id\":\"https:\\\/\\\/www.atecpool.ch\\\/it\\\/saune-bagni-turchi\\\/saune-finlandesi-e-bio-saune\\\/sauna-harvia-variant-view\\\/#local-main-place-address\"},\"telephone\":[\"+41 91 980 33 93\"],\"openingHoursSpecification\":[{\"@type\":\"OpeningHoursSpecification\",\"dayOfWeek\":[\"Monday\",\"Tuesday\",\"Wednesday\",\"Thursday\",\"Friday\",\"Saturday\",\"Sunday\"],\"opens\":\"09:00\",\"closes\":\"17:00\"}],\"email\":\"info@atecpool.ch\"},{\"@type\":\"PostalAddress\",\"@id\":\"https:\\\/\\\/www.atecpool.ch\\\/it\\\/saune-bagni-turchi\\\/saune-finlandesi-e-bio-saune\\\/sauna-harvia-variant-view\\\/#local-main-place-address\",\"streetAddress\":\"Via Cantonale 5\",\"addressLocality\":\"Grancia\",\"postalCode\":\"6916\",\"addressCountry\":\"CH\"},{\"@type\":\"ImageObject\",\"inLanguage\":\"it-IT\",\"@id\":\"https:\\\/\\\/www.atecpool.ch\\\/it\\\/saune-bagni-turchi\\\/saune-finlandesi-e-bio-saune\\\/sauna-harvia-variant-view\\\/#local-main-organization-logo\",\"url\":\"https:\\\/\\\/www.atecpool.ch\\\/wp-content\\\/uploads\\\/2020\\\/09\\\/atec_logo.png\",\"contentUrl\":\"https:\\\/\\\/www.atecpool.ch\\\/wp-content\\\/uploads\\\/2020\\\/09\\\/atec_logo.png\",\"width\":500,\"height\":145,\"caption\":\"Atec Pool\"}]}<\/script>\n<meta name=\"geo.placename\" content=\"Grancia\" \/>\n<meta name=\"geo.region\" content=\"Svizzera\" \/>\n<!-- \/ Yoast SEO Premium plugin. -->","yoast_head_json":{"title":"Sauna Harvia Variant-View - Atec Pool","description":"Sauna Variant View di Harvia: design moderno, tradizione finlandese e relax su misura in diverse dimensioni.","robots":{"index":"index","follow":"follow","max-snippet":"max-snippet:-1","max-image-preview":"max-image-preview:large","max-video-preview":"max-video-preview:-1"},"canonical":"https:\/\/www.atecpool.ch\/it\/saune-bagni-turchi\/saune-finlandesi-e-bio-saune\/sauna-harvia-variant-view\/","og_locale":"it_IT","og_type":"article","og_title":"Sauna Harvia Variant-View","og_description":"Sauna Variant View di Harvia: design moderno, tradizione finlandese e relax su misura in diverse dimensioni.","og_url":"https:\/\/www.atecpool.ch\/it\/saune-bagni-turchi\/saune-finlandesi-e-bio-saune\/sauna-harvia-variant-view\/","og_site_name":"Atec Pool","article_publisher":"https:\/\/www.facebook.com\/atecpool.ch\/","article_modified_time":"2025-11-05T10:26:40+00:00","og_image":[{"width":800,"height":800,"url":"https:\/\/www.atecpool.ch\/wp-content\/uploads\/2025\/01\/Variant-View-.jpg","type":"image\/jpeg"}],"twitter_card":"summary_large_image","twitter_misc":{"Tempo di lettura stimato":"2 minuti"},"schema":{"@context":"https:\/\/schema.org","@graph":[{"@type":"WebPage","@id":"https:\/\/www.atecpool.ch\/it\/saune-bagni-turchi\/saune-finlandesi-e-bio-saune\/sauna-harvia-variant-view\/","url":"https:\/\/www.atecpool.ch\/it\/saune-bagni-turchi\/saune-finlandesi-e-bio-saune\/sauna-harvia-variant-view\/","name":"Sauna Harvia Variant-View - Atec Pool","isPartOf":{"@id":"https:\/\/www.atecpool.ch\/it\/#website"},"primaryImageOfPage":{"@id":"https:\/\/www.atecpool.ch\/it\/saune-bagni-turchi\/saune-finlandesi-e-bio-saune\/sauna-harvia-variant-view\/#primaryimage"},"image":{"@id":"https:\/\/www.atecpool.ch\/it\/saune-bagni-turchi\/saune-finlandesi-e-bio-saune\/sauna-harvia-variant-view\/#primaryimage"},"thumbnailUrl":"https:\/\/www.atecpool.ch\/wp-content\/uploads\/2025\/01\/Variant-View-.jpg","datePublished":"2025-01-28T13:54:32+00:00","dateModified":"2025-11-05T10:26:40+00:00","description":"Sauna Variant View di Harvia: design moderno, tradizione finlandese e relax su misura in diverse dimensioni.","breadcrumb":{"@id":"https:\/\/www.atecpool.ch\/it\/saune-bagni-turchi\/saune-finlandesi-e-bio-saune\/sauna-harvia-variant-view\/#breadcrumb"},"inLanguage":"it-IT","potentialAction":[{"@type":"ReadAction","target":["https:\/\/www.atecpool.ch\/it\/saune-bagni-turchi\/saune-finlandesi-e-bio-saune\/sauna-harvia-variant-view\/"]}]},{"@type":"ImageObject","inLanguage":"it-IT","@id":"https:\/\/www.atecpool.ch\/it\/saune-bagni-turchi\/saune-finlandesi-e-bio-saune\/sauna-harvia-variant-view\/#primaryimage","url":"https:\/\/www.atecpool.ch\/wp-content\/uploads\/2025\/01\/Variant-View-.jpg","contentUrl":"https:\/\/www.atecpool.ch\/wp-content\/uploads\/2025\/01\/Variant-View-.jpg","width":800,"height":800,"caption":"Variant View di Harvia \u2013 Design moderno e materiali pregiati per un\u2019esperienza di sauna esclusiva"},{"@type":"BreadcrumbList","@id":"https:\/\/www.atecpool.ch\/it\/saune-bagni-turchi\/saune-finlandesi-e-bio-saune\/sauna-harvia-variant-view\/#breadcrumb","itemListElement":[{"@type":"ListItem","position":1,"name":"Home","item":"https:\/\/www.atecpool.ch\/it\/"},{"@type":"ListItem","position":2,"name":"SAUNE PER INTERNO ED ESTERNO E BAGNI TURCHI","item":"https:\/\/www.atecpool.ch\/it\/saune-bagni-turchi\/"},{"@type":"ListItem","position":3,"name":"Saune Finlandesi e Biosaune","item":"https:\/\/www.atecpool.ch\/it\/saune-bagni-turchi\/saune-finlandesi-e-bio-saune\/"},{"@type":"ListItem","position":4,"name":"Sauna Harvia Variant-View"}]},{"@type":"WebSite","@id":"https:\/\/www.atecpool.ch\/it\/#website","url":"https:\/\/www.atecpool.ch\/it\/","name":"Atec Pool","description":"Pool \u00b7 Sauna \u00b7 Wellness","publisher":{"@id":"https:\/\/www.atecpool.ch\/it\/#organization"},"potentialAction":[{"@type":"SearchAction","target":{"@type":"EntryPoint","urlTemplate":"https:\/\/www.atecpool.ch\/it\/?s={search_term_string}"},"query-input":{"@type":"PropertyValueSpecification","valueRequired":true,"valueName":"search_term_string"}}],"inLanguage":"it-IT"},{"@type":["Organization","Place"],"@id":"https:\/\/www.atecpool.ch\/it\/#organization","name":"Atec Pool","url":"https:\/\/www.atecpool.ch\/it\/","logo":{"@id":"https:\/\/www.atecpool.ch\/it\/saune-bagni-turchi\/saune-finlandesi-e-bio-saune\/sauna-harvia-variant-view\/#local-main-organization-logo"},"image":{"@id":"https:\/\/www.atecpool.ch\/it\/saune-bagni-turchi\/saune-finlandesi-e-bio-saune\/sauna-harvia-variant-view\/#local-main-organization-logo"},"sameAs":["https:\/\/www.facebook.com\/atecpool.ch\/","https:\/\/www.instagram.com\/atecpool_ch\/"],"address":{"@id":"https:\/\/www.atecpool.ch\/it\/saune-bagni-turchi\/saune-finlandesi-e-bio-saune\/sauna-harvia-variant-view\/#local-main-place-address"},"telephone":["+41 91 980 33 93"],"openingHoursSpecification":[{"@type":"OpeningHoursSpecification","dayOfWeek":["Monday","Tuesday","Wednesday","Thursday","Friday","Saturday","Sunday"],"opens":"09:00","closes":"17:00"}],"email":"info@atecpool.ch"},{"@type":"PostalAddress","@id":"https:\/\/www.atecpool.ch\/it\/saune-bagni-turchi\/saune-finlandesi-e-bio-saune\/sauna-harvia-variant-view\/#local-main-place-address","streetAddress":"Via Cantonale 5","addressLocality":"Grancia","postalCode":"6916","addressCountry":"CH"},{"@type":"ImageObject","inLanguage":"it-IT","@id":"https:\/\/www.atecpool.ch\/it\/saune-bagni-turchi\/saune-finlandesi-e-bio-saune\/sauna-harvia-variant-view\/#local-main-organization-logo","url":"https:\/\/www.atecpool.ch\/wp-content\/uploads\/2020\/09\/atec_logo.png","contentUrl":"https:\/\/www.atecpool.ch\/wp-content\/uploads\/2020\/09\/atec_logo.png","width":500,"height":145,"caption":"Atec Pool"}]},"geo.placename":"Grancia","geo.region":"Svizzera"},"_links":{"self":[{"href":"https:\/\/www.atecpool.ch\/it\/wp-json\/wp\/v2\/pages\/31893","targetHints":{"allow":["GET"]}}],"collection":[{"href":"https:\/\/www.atecpool.ch\/it\/wp-json\/wp\/v2\/pages"}],"about":[{"href":"https:\/\/www.atecpool.ch\/it\/wp-json\/wp\/v2\/types\/page"}],"author":[{"embeddable":true,"href":"https:\/\/www.atecpool.ch\/it\/wp-json\/wp\/v2\/users\/4"}],"replies":[{"embeddable":true,"href":"https:\/\/www.atecpool.ch\/it\/wp-json\/wp\/v2\/comments?post=31893"}],"version-history":[{"count":7,"href":"https:\/\/www.atecpool.ch\/it\/wp-json\/wp\/v2\/pages\/31893\/revisions"}],"predecessor-version":[{"id":36299,"href":"https:\/\/www.atecpool.ch\/it\/wp-json\/wp\/v2\/pages\/31893\/revisions\/36299"}],"up":[{"embeddable":true,"href":"https:\/\/www.atecpool.ch\/it\/wp-json\/wp\/v2\/pages\/23165"}],"wp:featuredmedia":[{"embeddable":true,"href":"https:\/\/www.atecpool.ch\/it\/wp-json\/wp\/v2\/media\/31448"}],"wp:attachment":[{"href":"https:\/\/www.atecpool.ch\/it\/wp-json\/wp\/v2\/media?parent=31893"}],"curies":[{"name":"wp","href":"https:\/\/api.w.org\/{rel}","templated":true}]}}