{"id":29751,"date":"2024-01-19T16:20:01","date_gmt":"2024-01-19T15:20:01","guid":{"rendered":"https:\/\/www.atecpool.ch\/?page_id=29751"},"modified":"2024-01-20T08:39:33","modified_gmt":"2024-01-20T07:39:33","slug":"motus","status":"publish","type":"page","link":"https:\/\/www.atecpool.ch\/it\/motus\/","title":{"rendered":"MOTUS"},"content":{"rendered":"<div class=\"wpb-content-wrapper\"><p>[vc_row][vc_column width=&#8221;1\/2&#8243;][vc_column_text]<strong>Motus<\/strong> rappresenta un sistema originale grazie al tetto apribile che copre la maggior parte della sua superficie.<\/p>\n<p>La serra solare bioclimatica presenta notevoli vantaggi, tra cui una minore dispersione di energia e l&#8217;accumulo di calore grazie alla sua capacit\u00e0 di catturare e trattenere il calore dai raggi solari. Questo calore accumulato pu\u00f2 essere goduto anche negli altri spazi della tua abitazione, riducendo la necessit\u00e0 di riscaldamenti aggiuntivi come caloriferi o stufe.<\/p>\n<p>Questa innovativa struttura offre efficienti prestazioni di impermeabilit\u00e0 e resistenza alle intemperie, rendendola la scelta preferita per coloro che cercano un design minimale che consenta di sfruttare appieno i vantaggi, tra cui un&#8217;elevata illuminazione naturale.[\/vc_column_text][\/vc_column][vc_column width=&#8221;1\/2&#8243;][vc_column_text]Inoltre, l&#8217;apertura del tetto che copre la maggior parte della superficie favorisce la ventilazione naturale durante i periodi pi\u00f9 caldi, promuovendo un ambiente interno con condizioni bioclimatiche ottimali.<\/p>\n<p>Motus \u00e8 dunque la scelta ideale per chi desidera una soluzione completa che offra un design elegante, elevata efficienza energetica e comfort termico ineguagliabile.[\/vc_column_text][\/vc_column][\/vc_row][vc_row][vc_column width=&#8221;1\/6&#8243;][\/vc_column][vc_column width=&#8221;4\/6&#8243;][vc_gallery interval=&#8221;5&#8243; images=&#8221;30029,30224&#8243; img_size=&#8221;1024&#215;683&#8243;][\/vc_column][vc_column width=&#8221;1\/6&#8243;][\/vc_column][\/vc_row][vc_row][vc_column][vc_separator color=&#8221;black&#8221; border_width=&#8221;2&#8243;][\/vc_column][\/vc_row][vc_row][vc_column width=&#8221;1\/3&#8243;][vc_column_text]<strong>CARATTERISTICHE TECNICHE<\/strong><\/p>\n<ul>\n<li>Struttura in vetro ed alluminio<\/li>\n<li>Tetto apribile<\/li>\n<li>Movimento ad arganello o motorizzato<\/li>\n<li>Sistema modulare<\/li>\n<\/ul>\n<p><a href=\"https:\/\/www.atecpool.ch\/wp-content\/uploads\/2023\/11\/Motus-Scheda-tecnica.pdf\">SCHEDA TECNICA<\/a>[\/vc_column_text][\/vc_column][vc_column width=&#8221;1\/3&#8243;][vc_column_text]<strong>OPTIONAL<\/strong><\/p>\n<ul>\n<li>Chiusure perimetrali a vetro<\/li>\n<li>Sensori climatici<\/li>\n<\/ul>\n<p>[\/vc_column_text][\/vc_column][vc_column width=&#8221;1\/3&#8243;][vc_column_text]<strong>COLORI DISPONIBILI<\/strong><\/p>\n<p><img width=\"300\" height=\"176\" decoding=\"async\" src=\"https:\/\/www.atecpool.ch\/wp-content\/uploads\/2023\/11\/Frame-2-1-300x176.png\" class=\"alignleft wp-image-29748 size-medium\" alt=\"Colori vari, ideale per rivestimenti di piscine e aree wellness, tra cui tonalit\u00e0 neutre e scure come marrone, grigio e nero, per un effetto elegante e contemporaneo.\" srcset=\"https:\/\/www.atecpool.ch\/wp-content\/uploads\/2023\/11\/Frame-2-1-300x176.png 300w, https:\/\/www.atecpool.ch\/wp-content\/uploads\/2023\/11\/Frame-2-1-800x470.png 800w, https:\/\/www.atecpool.ch\/wp-content\/uploads\/2023\/11\/Frame-2-1-1024x602.png 1024w, https:\/\/www.atecpool.ch\/wp-content\/uploads\/2023\/11\/Frame-2-1-768x451.png 768w, https:\/\/www.atecpool.ch\/wp-content\/uploads\/2023\/11\/Frame-2-1-1536x903.png 1536w, https:\/\/www.atecpool.ch\/wp-content\/uploads\/2023\/11\/Frame-2-1-2048x1204.png 2048w, https:\/\/www.atecpool.ch\/wp-content\/uploads\/2023\/11\/Frame-2-1-128x75.png 128w, https:\/\/www.atecpool.ch\/wp-content\/uploads\/2023\/11\/Frame-2-1-480x282.png 480w, https:\/\/www.atecpool.ch\/wp-content\/uploads\/2023\/11\/Frame-2-1.png 1920w\" sizes=\"(max-width:767px) 300px, 300px\" \/> [\/vc_column_text][\/vc_column][\/vc_row][vc_row][vc_column][vc_btn title=&#8221;Richiesta informazioni&#8221; color=&#8221;blue&#8221; size=&#8221;lg&#8221; align=&#8221;center&#8221; i_icon_fontawesome=&#8221;fas fa-info-circle&#8221; add_icon=&#8221;true&#8221; link=&#8221;url:https%3A%2F%2Fwww.atecpool.ch%2Fform-view%2F21&#8243;][\/vc_column][\/vc_row]<\/p>\n<\/div>","protected":false},"excerpt":{"rendered":"<p>[vc_row][vc_column width=&#8221;1\/2&#8243;][vc_column_text]Motus rappresenta un sistema originale grazie al tetto apribile che copre la maggior parte della sua superficie. La serra solare bioclimatica presenta notevoli vantaggi, tra<span class=\"excerpt-hellip\"> [\u2026]<\/span><\/p>\n","protected":false},"author":16,"featured_media":0,"parent":0,"menu_order":0,"comment_status":"closed","ping_status":"closed","template":"","meta":{"footnotes":""},"class_list":["post-29751","page","type-page","status-publish","hentry"],"yoast_head":"<!-- This site is optimized with the Yoast SEO Premium plugin v26.2 (Yoast SEO v27.4) - https:\/\/yoast.com\/product\/yoast-seo-premium-wordpress\/ -->\n<title>MOTUS - Atec Pool<\/title>\n<meta name=\"robots\" content=\"index, follow, max-snippet:-1, max-image-preview:large, max-video-preview:-1\" \/>\n<link rel=\"canonical\" href=\"https:\/\/www.atecpool.ch\/it\/motus\/\" \/>\n<meta property=\"og:locale\" content=\"it_IT\" \/>\n<meta property=\"og:type\" content=\"article\" \/>\n<meta property=\"og:title\" content=\"MOTUS\" \/>\n<meta property=\"og:description\" content=\"[vc_row][vc_column width=&#8221;1\/2&#8243;][vc_column_text]Motus rappresenta un sistema originale grazie al tetto apribile che copre la maggior parte della sua superficie. La serra solare bioclimatica presenta notevoli vantaggi, tra [\u2026]\" \/>\n<meta property=\"og:url\" content=\"https:\/\/www.atecpool.ch\/it\/motus\/\" \/>\n<meta property=\"og:site_name\" content=\"Atec Pool\" \/>\n<meta property=\"article:publisher\" content=\"https:\/\/www.facebook.com\/atecpool.ch\/\" \/>\n<meta property=\"article:modified_time\" content=\"2024-01-20T07:39:33+00:00\" \/>\n<meta property=\"og:image\" content=\"https:\/\/www.atecpool.ch\/wp-content\/uploads\/2023\/11\/Frame-2-1-300x176.png\" \/>\n<meta name=\"twitter:card\" content=\"summary_large_image\" \/>\n<meta name=\"twitter:label1\" content=\"Tempo di lettura stimato\" \/>\n\t<meta name=\"twitter:data1\" content=\"2 minuti\" \/>\n<script type=\"application\/ld+json\" class=\"yoast-schema-graph\">{\"@context\":\"https:\\\/\\\/schema.org\",\"@graph\":[{\"@type\":\"WebPage\",\"@id\":\"https:\\\/\\\/www.atecpool.ch\\\/it\\\/motus\\\/\",\"url\":\"https:\\\/\\\/www.atecpool.ch\\\/it\\\/motus\\\/\",\"name\":\"MOTUS - Atec Pool\",\"isPartOf\":{\"@id\":\"https:\\\/\\\/www.atecpool.ch\\\/it\\\/#website\"},\"primaryImageOfPage\":{\"@id\":\"https:\\\/\\\/www.atecpool.ch\\\/it\\\/motus\\\/#primaryimage\"},\"image\":{\"@id\":\"https:\\\/\\\/www.atecpool.ch\\\/it\\\/motus\\\/#primaryimage\"},\"thumbnailUrl\":\"https:\\\/\\\/www.atecpool.ch\\\/wp-content\\\/uploads\\\/2023\\\/11\\\/Frame-2-1-300x176.png\",\"datePublished\":\"2024-01-19T15:20:01+00:00\",\"dateModified\":\"2024-01-20T07:39:33+00:00\",\"breadcrumb\":{\"@id\":\"https:\\\/\\\/www.atecpool.ch\\\/it\\\/motus\\\/#breadcrumb\"},\"inLanguage\":\"it-IT\",\"potentialAction\":[{\"@type\":\"ReadAction\",\"target\":[\"https:\\\/\\\/www.atecpool.ch\\\/it\\\/motus\\\/\"]}]},{\"@type\":\"ImageObject\",\"inLanguage\":\"it-IT\",\"@id\":\"https:\\\/\\\/www.atecpool.ch\\\/it\\\/motus\\\/#primaryimage\",\"url\":\"https:\\\/\\\/www.atecpool.ch\\\/wp-content\\\/uploads\\\/2023\\\/11\\\/Frame-2-1-300x176.png\",\"contentUrl\":\"https:\\\/\\\/www.atecpool.ch\\\/wp-content\\\/uploads\\\/2023\\\/11\\\/Frame-2-1-300x176.png\"},{\"@type\":\"BreadcrumbList\",\"@id\":\"https:\\\/\\\/www.atecpool.ch\\\/it\\\/motus\\\/#breadcrumb\",\"itemListElement\":[{\"@type\":\"ListItem\",\"position\":1,\"name\":\"Home\",\"item\":\"https:\\\/\\\/www.atecpool.ch\\\/it\\\/\"},{\"@type\":\"ListItem\",\"position\":2,\"name\":\"MOTUS\"}]},{\"@type\":\"WebSite\",\"@id\":\"https:\\\/\\\/www.atecpool.ch\\\/it\\\/#website\",\"url\":\"https:\\\/\\\/www.atecpool.ch\\\/it\\\/\",\"name\":\"Atec Pool\",\"description\":\"Pool \u00b7 Sauna \u00b7 Wellness\",\"publisher\":{\"@id\":\"https:\\\/\\\/www.atecpool.ch\\\/it\\\/#organization\"},\"potentialAction\":[{\"@type\":\"SearchAction\",\"target\":{\"@type\":\"EntryPoint\",\"urlTemplate\":\"https:\\\/\\\/www.atecpool.ch\\\/it\\\/?s={search_term_string}\"},\"query-input\":{\"@type\":\"PropertyValueSpecification\",\"valueRequired\":true,\"valueName\":\"search_term_string\"}}],\"inLanguage\":\"it-IT\"},{\"@type\":[\"Organization\",\"Place\"],\"@id\":\"https:\\\/\\\/www.atecpool.ch\\\/it\\\/#organization\",\"name\":\"Atec Pool\",\"url\":\"https:\\\/\\\/www.atecpool.ch\\\/it\\\/\",\"logo\":{\"@id\":\"https:\\\/\\\/www.atecpool.ch\\\/it\\\/motus\\\/#local-main-organization-logo\"},\"image\":{\"@id\":\"https:\\\/\\\/www.atecpool.ch\\\/it\\\/motus\\\/#local-main-organization-logo\"},\"sameAs\":[\"https:\\\/\\\/www.facebook.com\\\/atecpool.ch\\\/\",\"https:\\\/\\\/www.instagram.com\\\/atecpool_ch\\\/\"],\"address\":{\"@id\":\"https:\\\/\\\/www.atecpool.ch\\\/it\\\/motus\\\/#local-main-place-address\"},\"telephone\":[\"+41 91 980 33 93\"],\"openingHoursSpecification\":[{\"@type\":\"OpeningHoursSpecification\",\"dayOfWeek\":[\"Monday\",\"Tuesday\",\"Wednesday\",\"Thursday\",\"Friday\",\"Saturday\",\"Sunday\"],\"opens\":\"09:00\",\"closes\":\"17:00\"}],\"email\":\"info@atecpool.ch\"},{\"@type\":\"PostalAddress\",\"@id\":\"https:\\\/\\\/www.atecpool.ch\\\/it\\\/motus\\\/#local-main-place-address\",\"streetAddress\":\"Via Cantonale 5\",\"addressLocality\":\"Grancia\",\"postalCode\":\"6916\",\"addressCountry\":\"CH\"},{\"@type\":\"ImageObject\",\"inLanguage\":\"it-IT\",\"@id\":\"https:\\\/\\\/www.atecpool.ch\\\/it\\\/motus\\\/#local-main-organization-logo\",\"url\":\"https:\\\/\\\/www.atecpool.ch\\\/wp-content\\\/uploads\\\/2020\\\/09\\\/atec_logo.png\",\"contentUrl\":\"https:\\\/\\\/www.atecpool.ch\\\/wp-content\\\/uploads\\\/2020\\\/09\\\/atec_logo.png\",\"width\":500,\"height\":145,\"caption\":\"Atec Pool\"}]}<\/script>\n<meta name=\"geo.placename\" content=\"Grancia\" \/>\n<meta name=\"geo.region\" content=\"Svizzera\" \/>\n<!-- \/ Yoast SEO Premium plugin. -->","yoast_head_json":{"title":"MOTUS - Atec Pool","robots":{"index":"index","follow":"follow","max-snippet":"max-snippet:-1","max-image-preview":"max-image-preview:large","max-video-preview":"max-video-preview:-1"},"canonical":"https:\/\/www.atecpool.ch\/it\/motus\/","og_locale":"it_IT","og_type":"article","og_title":"MOTUS","og_description":"[vc_row][vc_column width=&#8221;1\/2&#8243;][vc_column_text]Motus rappresenta un sistema originale grazie al tetto apribile che copre la maggior parte della sua superficie. La serra solare bioclimatica presenta notevoli vantaggi, tra [\u2026]","og_url":"https:\/\/www.atecpool.ch\/it\/motus\/","og_site_name":"Atec Pool","article_publisher":"https:\/\/www.facebook.com\/atecpool.ch\/","article_modified_time":"2024-01-20T07:39:33+00:00","og_image":[{"url":"https:\/\/www.atecpool.ch\/wp-content\/uploads\/2023\/11\/Frame-2-1-300x176.png","type":"","width":"","height":""}],"twitter_card":"summary_large_image","twitter_misc":{"Tempo di lettura stimato":"2 minuti"},"schema":{"@context":"https:\/\/schema.org","@graph":[{"@type":"WebPage","@id":"https:\/\/www.atecpool.ch\/it\/motus\/","url":"https:\/\/www.atecpool.ch\/it\/motus\/","name":"MOTUS - Atec Pool","isPartOf":{"@id":"https:\/\/www.atecpool.ch\/it\/#website"},"primaryImageOfPage":{"@id":"https:\/\/www.atecpool.ch\/it\/motus\/#primaryimage"},"image":{"@id":"https:\/\/www.atecpool.ch\/it\/motus\/#primaryimage"},"thumbnailUrl":"https:\/\/www.atecpool.ch\/wp-content\/uploads\/2023\/11\/Frame-2-1-300x176.png","datePublished":"2024-01-19T15:20:01+00:00","dateModified":"2024-01-20T07:39:33+00:00","breadcrumb":{"@id":"https:\/\/www.atecpool.ch\/it\/motus\/#breadcrumb"},"inLanguage":"it-IT","potentialAction":[{"@type":"ReadAction","target":["https:\/\/www.atecpool.ch\/it\/motus\/"]}]},{"@type":"ImageObject","inLanguage":"it-IT","@id":"https:\/\/www.atecpool.ch\/it\/motus\/#primaryimage","url":"https:\/\/www.atecpool.ch\/wp-content\/uploads\/2023\/11\/Frame-2-1-300x176.png","contentUrl":"https:\/\/www.atecpool.ch\/wp-content\/uploads\/2023\/11\/Frame-2-1-300x176.png"},{"@type":"BreadcrumbList","@id":"https:\/\/www.atecpool.ch\/it\/motus\/#breadcrumb","itemListElement":[{"@type":"ListItem","position":1,"name":"Home","item":"https:\/\/www.atecpool.ch\/it\/"},{"@type":"ListItem","position":2,"name":"MOTUS"}]},{"@type":"WebSite","@id":"https:\/\/www.atecpool.ch\/it\/#website","url":"https:\/\/www.atecpool.ch\/it\/","name":"Atec Pool","description":"Pool \u00b7 Sauna \u00b7 Wellness","publisher":{"@id":"https:\/\/www.atecpool.ch\/it\/#organization"},"potentialAction":[{"@type":"SearchAction","target":{"@type":"EntryPoint","urlTemplate":"https:\/\/www.atecpool.ch\/it\/?s={search_term_string}"},"query-input":{"@type":"PropertyValueSpecification","valueRequired":true,"valueName":"search_term_string"}}],"inLanguage":"it-IT"},{"@type":["Organization","Place"],"@id":"https:\/\/www.atecpool.ch\/it\/#organization","name":"Atec Pool","url":"https:\/\/www.atecpool.ch\/it\/","logo":{"@id":"https:\/\/www.atecpool.ch\/it\/motus\/#local-main-organization-logo"},"image":{"@id":"https:\/\/www.atecpool.ch\/it\/motus\/#local-main-organization-logo"},"sameAs":["https:\/\/www.facebook.com\/atecpool.ch\/","https:\/\/www.instagram.com\/atecpool_ch\/"],"address":{"@id":"https:\/\/www.atecpool.ch\/it\/motus\/#local-main-place-address"},"telephone":["+41 91 980 33 93"],"openingHoursSpecification":[{"@type":"OpeningHoursSpecification","dayOfWeek":["Monday","Tuesday","Wednesday","Thursday","Friday","Saturday","Sunday"],"opens":"09:00","closes":"17:00"}],"email":"info@atecpool.ch"},{"@type":"PostalAddress","@id":"https:\/\/www.atecpool.ch\/it\/motus\/#local-main-place-address","streetAddress":"Via Cantonale 5","addressLocality":"Grancia","postalCode":"6916","addressCountry":"CH"},{"@type":"ImageObject","inLanguage":"it-IT","@id":"https:\/\/www.atecpool.ch\/it\/motus\/#local-main-organization-logo","url":"https:\/\/www.atecpool.ch\/wp-content\/uploads\/2020\/09\/atec_logo.png","contentUrl":"https:\/\/www.atecpool.ch\/wp-content\/uploads\/2020\/09\/atec_logo.png","width":500,"height":145,"caption":"Atec Pool"}]},"geo.placename":"Grancia","geo.region":"Svizzera"},"_links":{"self":[{"href":"https:\/\/www.atecpool.ch\/it\/wp-json\/wp\/v2\/pages\/29751","targetHints":{"allow":["GET"]}}],"collection":[{"href":"https:\/\/www.atecpool.ch\/it\/wp-json\/wp\/v2\/pages"}],"about":[{"href":"https:\/\/www.atecpool.ch\/it\/wp-json\/wp\/v2\/types\/page"}],"author":[{"embeddable":true,"href":"https:\/\/www.atecpool.ch\/it\/wp-json\/wp\/v2\/users\/16"}],"replies":[{"embeddable":true,"href":"https:\/\/www.atecpool.ch\/it\/wp-json\/wp\/v2\/comments?post=29751"}],"version-history":[{"count":0,"href":"https:\/\/www.atecpool.ch\/it\/wp-json\/wp\/v2\/pages\/29751\/revisions"}],"wp:attachment":[{"href":"https:\/\/www.atecpool.ch\/it\/wp-json\/wp\/v2\/media?parent=29751"}],"curies":[{"name":"wp","href":"https:\/\/api.w.org\/{rel}","templated":true}]}}