{"id":29479,"date":"2024-02-17T15:40:33","date_gmt":"2024-02-17T14:40:33","guid":{"rendered":"https:\/\/www.atecpool.ch\/?page_id=29479"},"modified":"2024-02-17T21:54:59","modified_gmt":"2024-02-17T20:54:59","slug":"vele-da-giardino","status":"publish","type":"page","link":"https:\/\/www.atecpool.ch\/it\/vele-da-giardino\/","title":{"rendered":"VELE"},"content":{"rendered":"<div class=\"wpb-content-wrapper\"><p>[vc_row][vc_column][vc_column_text]Le <strong>vele<\/strong> da giardino offrono un&#8217;opzione elegante e funzionale per creare aree all&#8217;aperto protette dal sole. La loro vela, sospesa ad agili strutture, fornisce un&#8217;ombra raffinata e versatile, creando un ambiente ideale per rilassarsi, socializzare o semplicemente godere del paesaggio.<\/p>\n<p>Montabili a muro, a pavimento o su strutture autoportanti poggiate su pedane, l&#8217;installazione semplice \u00e8 garantita, offrendo nel mentre anche un&#8217;ampia gamma di opzioni per integrarle in uno spazio esterno esistente. Questa flessibilit\u00e0 nella posa offre la libert\u00e0 di sfruttare al meglio sia il giardino che il terrazzo.[\/vc_column_text][\/vc_column][\/vc_row][vc_row][vc_column width=&#8221;1\/2&#8243;][vc_column_text]<\/p>\n<h3 style=\"text-align: center;\">Kolibrie<\/h3>\n<p style=\"text-align: center;\"><a href=\"http:\/\/www.atecpool.ch\/it\/kolibrie\/\"><img width=\"1024\" height=\"683\" decoding=\"async\" src=\"https:\/\/www.atecpool.ch\/wp-content\/uploads\/2023\/08\/Vela-Kolibrie-1024x683.jpg\" class=\"alignnone wp-image-29481 size-large\" alt=\"Relax outdoor lounge area with wicker chairs, small table with drinks, shaded by a large umbrella, surrounded by greenery and comfortable ambiance.\" srcset=\"https:\/\/www.atecpool.ch\/wp-content\/uploads\/2023\/08\/Vela-Kolibrie-1024x683.jpg 1024w, https:\/\/www.atecpool.ch\/wp-content\/uploads\/2023\/08\/Vela-Kolibrie-800x534.jpg 800w, https:\/\/www.atecpool.ch\/wp-content\/uploads\/2023\/08\/Vela-Kolibrie-300x200.jpg 300w, https:\/\/www.atecpool.ch\/wp-content\/uploads\/2023\/08\/Vela-Kolibrie-768x512.jpg 768w, https:\/\/www.atecpool.ch\/wp-content\/uploads\/2023\/08\/Vela-Kolibrie-1536x1025.jpg 1536w, https:\/\/www.atecpool.ch\/wp-content\/uploads\/2023\/08\/Vela-Kolibrie-112x75.jpg 112w, https:\/\/www.atecpool.ch\/wp-content\/uploads\/2023\/08\/Vela-Kolibrie-480x320.jpg 480w, https:\/\/www.atecpool.ch\/wp-content\/uploads\/2023\/08\/Vela-Kolibrie.jpg 2000w\" sizes=\"(max-width:767px) 480px, (max-width:1024px) 100vw, 1024px\" \/>  <\/a><\/p>\n<p><strong>Kolibrie<\/strong> \u00e8 la vela perfetta per chi cerca una soluzione moderna, pratica e versatile che non richiede troppo spazio. Il tutto garantendo un design minimale, elegante e delicato in grado di integrarsi facilmente in qualsiasi arredo e rendere ogni momento speciale.[\/vc_column_text][\/vc_column][vc_column width=&#8221;1\/2&#8243;][vc_column_text]<\/p>\n<h3 style=\"text-align: center;\">Kheope<\/h3>\n<p style=\"text-align: center;\"><a href=\"http:\/\/www.atecpool.ch\/it\/kheope\/\"><img width=\"1024\" height=\"682\" decoding=\"async\" src=\"https:\/\/www.atecpool.ch\/wp-content\/uploads\/2023\/08\/Vela-Kehope-1024x682.jpg\" class=\"alignnone wp-image-29483 size-large\" alt=\"Veranda con tenda parasole e vista sui vigneti collinari, ambiente ideale per relax e socializzazione.\" srcset=\"https:\/\/www.atecpool.ch\/wp-content\/uploads\/2023\/08\/Vela-Kehope-1024x682.jpg 1024w, https:\/\/www.atecpool.ch\/wp-content\/uploads\/2023\/08\/Vela-Kehope-800x533.jpg 800w, https:\/\/www.atecpool.ch\/wp-content\/uploads\/2023\/08\/Vela-Kehope-300x200.jpg 300w, https:\/\/www.atecpool.ch\/wp-content\/uploads\/2023\/08\/Vela-Kehope-768x512.jpg 768w, https:\/\/www.atecpool.ch\/wp-content\/uploads\/2023\/08\/Vela-Kehope-1536x1024.jpg 1536w, https:\/\/www.atecpool.ch\/wp-content\/uploads\/2023\/08\/Vela-Kehope-113x75.jpg 113w, https:\/\/www.atecpool.ch\/wp-content\/uploads\/2023\/08\/Vela-Kehope-480x320.jpg 480w, https:\/\/www.atecpool.ch\/wp-content\/uploads\/2023\/08\/Vela-Kehope.jpg 2000w\" sizes=\"(max-width:767px) 480px, (max-width:1024px) 100vw, 1024px\" \/>  <\/a><\/p>\n<p><strong>Kheope<\/strong> \u00e8 la scelta ideale per un&#8217;ombreggiatura di ampie dimensioni che unisca design moderno, funzionalit\u00e0 e resistenza agli agenti atmosferici il tutto garantendo eleganza e ottima qualit\u00e0 dei materiali.[\/vc_column_text][\/vc_column][\/vc_row][vc_row][vc_column][vc_btn title=&#8221;Richiesta informazioni&#8221; color=&#8221;blue&#8221; size=&#8221;lg&#8221; align=&#8221;center&#8221; i_icon_fontawesome=&#8221;fas fa-info-circle&#8221; add_icon=&#8221;true&#8221; link=&#8221;url:https%3A%2F%2Fwww.atecpool.ch%2Fform-view%2F21&#8243;][\/vc_column][\/vc_row]<\/p>\n<\/div>","protected":false},"excerpt":{"rendered":"<p>[vc_row][vc_column][vc_column_text]Le vele da giardino offrono un&#8217;opzione elegante e funzionale per creare aree all&#8217;aperto protette dal sole. La loro vela, sospesa ad agili strutture, fornisce un&#8217;ombra raffinata<span class=\"excerpt-hellip\"> [\u2026]<\/span><\/p>\n","protected":false},"author":16,"featured_media":0,"parent":0,"menu_order":0,"comment_status":"closed","ping_status":"closed","template":"","meta":{"footnotes":""},"class_list":["post-29479","page","type-page","status-publish","hentry"],"yoast_head":"<!-- This site is optimized with the Yoast SEO Premium plugin v26.2 (Yoast SEO v27.4) - https:\/\/yoast.com\/product\/yoast-seo-premium-wordpress\/ -->\n<title>VELE - Atec Pool<\/title>\n<meta name=\"description\" content=\"Vele da giardino eleganti e funzionali, che offrono una protezione stilosa dal sole. Vele da alta qualit\u00e0.\" \/>\n<meta name=\"robots\" content=\"index, follow, max-snippet:-1, max-image-preview:large, max-video-preview:-1\" \/>\n<link rel=\"canonical\" href=\"https:\/\/www.atecpool.ch\/it\/vele-da-giardino\/\" \/>\n<meta property=\"og:locale\" content=\"it_IT\" \/>\n<meta property=\"og:type\" content=\"article\" \/>\n<meta property=\"og:title\" content=\"VELE\" \/>\n<meta property=\"og:description\" content=\"Vele da giardino eleganti e funzionali, che offrono una protezione stilosa dal sole. Vele da alta qualit\u00e0.\" \/>\n<meta property=\"og:url\" content=\"https:\/\/www.atecpool.ch\/it\/vele-da-giardino\/\" \/>\n<meta property=\"og:site_name\" content=\"Atec Pool\" \/>\n<meta property=\"article:publisher\" content=\"https:\/\/www.facebook.com\/atecpool.ch\/\" \/>\n<meta property=\"article:modified_time\" content=\"2024-02-17T20:54:59+00:00\" \/>\n<meta property=\"og:image\" content=\"https:\/\/www.atecpool.ch\/wp-content\/uploads\/2023\/08\/Vela-Kolibrie-1024x683.jpg\" \/>\n<meta name=\"twitter:card\" content=\"summary_large_image\" \/>\n<meta name=\"twitter:label1\" content=\"Tempo di lettura stimato\" \/>\n\t<meta name=\"twitter:data1\" content=\"2 minuti\" \/>\n<script type=\"application\/ld+json\" class=\"yoast-schema-graph\">{\"@context\":\"https:\\\/\\\/schema.org\",\"@graph\":[{\"@type\":\"WebPage\",\"@id\":\"https:\\\/\\\/www.atecpool.ch\\\/it\\\/vele-da-giardino\\\/\",\"url\":\"https:\\\/\\\/www.atecpool.ch\\\/it\\\/vele-da-giardino\\\/\",\"name\":\"VELE - Atec Pool\",\"isPartOf\":{\"@id\":\"https:\\\/\\\/www.atecpool.ch\\\/it\\\/#website\"},\"primaryImageOfPage\":{\"@id\":\"https:\\\/\\\/www.atecpool.ch\\\/it\\\/vele-da-giardino\\\/#primaryimage\"},\"image\":{\"@id\":\"https:\\\/\\\/www.atecpool.ch\\\/it\\\/vele-da-giardino\\\/#primaryimage\"},\"thumbnailUrl\":\"https:\\\/\\\/www.atecpool.ch\\\/wp-content\\\/uploads\\\/2023\\\/08\\\/Vela-Kolibrie-1024x683.jpg\",\"datePublished\":\"2024-02-17T14:40:33+00:00\",\"dateModified\":\"2024-02-17T20:54:59+00:00\",\"description\":\"Vele da giardino eleganti e funzionali, che offrono una protezione stilosa dal sole. Vele da alta qualit\u00e0.\",\"breadcrumb\":{\"@id\":\"https:\\\/\\\/www.atecpool.ch\\\/it\\\/vele-da-giardino\\\/#breadcrumb\"},\"inLanguage\":\"it-IT\",\"potentialAction\":[{\"@type\":\"ReadAction\",\"target\":[\"https:\\\/\\\/www.atecpool.ch\\\/it\\\/vele-da-giardino\\\/\"]}]},{\"@type\":\"ImageObject\",\"inLanguage\":\"it-IT\",\"@id\":\"https:\\\/\\\/www.atecpool.ch\\\/it\\\/vele-da-giardino\\\/#primaryimage\",\"url\":\"https:\\\/\\\/www.atecpool.ch\\\/wp-content\\\/uploads\\\/2023\\\/08\\\/Vela-Kolibrie-1024x683.jpg\",\"contentUrl\":\"https:\\\/\\\/www.atecpool.ch\\\/wp-content\\\/uploads\\\/2023\\\/08\\\/Vela-Kolibrie-1024x683.jpg\"},{\"@type\":\"BreadcrumbList\",\"@id\":\"https:\\\/\\\/www.atecpool.ch\\\/it\\\/vele-da-giardino\\\/#breadcrumb\",\"itemListElement\":[{\"@type\":\"ListItem\",\"position\":1,\"name\":\"Home\",\"item\":\"https:\\\/\\\/www.atecpool.ch\\\/it\\\/\"},{\"@type\":\"ListItem\",\"position\":2,\"name\":\"VELE\"}]},{\"@type\":\"WebSite\",\"@id\":\"https:\\\/\\\/www.atecpool.ch\\\/it\\\/#website\",\"url\":\"https:\\\/\\\/www.atecpool.ch\\\/it\\\/\",\"name\":\"Atec Pool\",\"description\":\"Pool \u00b7 Sauna \u00b7 Wellness\",\"publisher\":{\"@id\":\"https:\\\/\\\/www.atecpool.ch\\\/it\\\/#organization\"},\"potentialAction\":[{\"@type\":\"SearchAction\",\"target\":{\"@type\":\"EntryPoint\",\"urlTemplate\":\"https:\\\/\\\/www.atecpool.ch\\\/it\\\/?s={search_term_string}\"},\"query-input\":{\"@type\":\"PropertyValueSpecification\",\"valueRequired\":true,\"valueName\":\"search_term_string\"}}],\"inLanguage\":\"it-IT\"},{\"@type\":[\"Organization\",\"Place\"],\"@id\":\"https:\\\/\\\/www.atecpool.ch\\\/it\\\/#organization\",\"name\":\"Atec Pool\",\"url\":\"https:\\\/\\\/www.atecpool.ch\\\/it\\\/\",\"logo\":{\"@id\":\"https:\\\/\\\/www.atecpool.ch\\\/it\\\/vele-da-giardino\\\/#local-main-organization-logo\"},\"image\":{\"@id\":\"https:\\\/\\\/www.atecpool.ch\\\/it\\\/vele-da-giardino\\\/#local-main-organization-logo\"},\"sameAs\":[\"https:\\\/\\\/www.facebook.com\\\/atecpool.ch\\\/\",\"https:\\\/\\\/www.instagram.com\\\/atecpool_ch\\\/\"],\"address\":{\"@id\":\"https:\\\/\\\/www.atecpool.ch\\\/it\\\/vele-da-giardino\\\/#local-main-place-address\"},\"telephone\":[\"+41 91 980 33 93\"],\"openingHoursSpecification\":[{\"@type\":\"OpeningHoursSpecification\",\"dayOfWeek\":[\"Monday\",\"Tuesday\",\"Wednesday\",\"Thursday\",\"Friday\",\"Saturday\",\"Sunday\"],\"opens\":\"09:00\",\"closes\":\"17:00\"}],\"email\":\"info@atecpool.ch\"},{\"@type\":\"PostalAddress\",\"@id\":\"https:\\\/\\\/www.atecpool.ch\\\/it\\\/vele-da-giardino\\\/#local-main-place-address\",\"streetAddress\":\"Via Cantonale 5\",\"addressLocality\":\"Grancia\",\"postalCode\":\"6916\",\"addressCountry\":\"CH\"},{\"@type\":\"ImageObject\",\"inLanguage\":\"it-IT\",\"@id\":\"https:\\\/\\\/www.atecpool.ch\\\/it\\\/vele-da-giardino\\\/#local-main-organization-logo\",\"url\":\"https:\\\/\\\/www.atecpool.ch\\\/wp-content\\\/uploads\\\/2020\\\/09\\\/atec_logo.png\",\"contentUrl\":\"https:\\\/\\\/www.atecpool.ch\\\/wp-content\\\/uploads\\\/2020\\\/09\\\/atec_logo.png\",\"width\":500,\"height\":145,\"caption\":\"Atec Pool\"}]}<\/script>\n<meta name=\"geo.placename\" content=\"Grancia\" \/>\n<meta name=\"geo.region\" content=\"Svizzera\" \/>\n<!-- \/ Yoast SEO Premium plugin. -->","yoast_head_json":{"title":"VELE - Atec Pool","description":"Vele da giardino eleganti e funzionali, che offrono una protezione stilosa dal sole. Vele da alta qualit\u00e0.","robots":{"index":"index","follow":"follow","max-snippet":"max-snippet:-1","max-image-preview":"max-image-preview:large","max-video-preview":"max-video-preview:-1"},"canonical":"https:\/\/www.atecpool.ch\/it\/vele-da-giardino\/","og_locale":"it_IT","og_type":"article","og_title":"VELE","og_description":"Vele da giardino eleganti e funzionali, che offrono una protezione stilosa dal sole. Vele da alta qualit\u00e0.","og_url":"https:\/\/www.atecpool.ch\/it\/vele-da-giardino\/","og_site_name":"Atec Pool","article_publisher":"https:\/\/www.facebook.com\/atecpool.ch\/","article_modified_time":"2024-02-17T20:54:59+00:00","og_image":[{"url":"https:\/\/www.atecpool.ch\/wp-content\/uploads\/2023\/08\/Vela-Kolibrie-1024x683.jpg","type":"","width":"","height":""}],"twitter_card":"summary_large_image","twitter_misc":{"Tempo di lettura stimato":"2 minuti"},"schema":{"@context":"https:\/\/schema.org","@graph":[{"@type":"WebPage","@id":"https:\/\/www.atecpool.ch\/it\/vele-da-giardino\/","url":"https:\/\/www.atecpool.ch\/it\/vele-da-giardino\/","name":"VELE - Atec Pool","isPartOf":{"@id":"https:\/\/www.atecpool.ch\/it\/#website"},"primaryImageOfPage":{"@id":"https:\/\/www.atecpool.ch\/it\/vele-da-giardino\/#primaryimage"},"image":{"@id":"https:\/\/www.atecpool.ch\/it\/vele-da-giardino\/#primaryimage"},"thumbnailUrl":"https:\/\/www.atecpool.ch\/wp-content\/uploads\/2023\/08\/Vela-Kolibrie-1024x683.jpg","datePublished":"2024-02-17T14:40:33+00:00","dateModified":"2024-02-17T20:54:59+00:00","description":"Vele da giardino eleganti e funzionali, che offrono una protezione stilosa dal sole. Vele da alta qualit\u00e0.","breadcrumb":{"@id":"https:\/\/www.atecpool.ch\/it\/vele-da-giardino\/#breadcrumb"},"inLanguage":"it-IT","potentialAction":[{"@type":"ReadAction","target":["https:\/\/www.atecpool.ch\/it\/vele-da-giardino\/"]}]},{"@type":"ImageObject","inLanguage":"it-IT","@id":"https:\/\/www.atecpool.ch\/it\/vele-da-giardino\/#primaryimage","url":"https:\/\/www.atecpool.ch\/wp-content\/uploads\/2023\/08\/Vela-Kolibrie-1024x683.jpg","contentUrl":"https:\/\/www.atecpool.ch\/wp-content\/uploads\/2023\/08\/Vela-Kolibrie-1024x683.jpg"},{"@type":"BreadcrumbList","@id":"https:\/\/www.atecpool.ch\/it\/vele-da-giardino\/#breadcrumb","itemListElement":[{"@type":"ListItem","position":1,"name":"Home","item":"https:\/\/www.atecpool.ch\/it\/"},{"@type":"ListItem","position":2,"name":"VELE"}]},{"@type":"WebSite","@id":"https:\/\/www.atecpool.ch\/it\/#website","url":"https:\/\/www.atecpool.ch\/it\/","name":"Atec Pool","description":"Pool \u00b7 Sauna \u00b7 Wellness","publisher":{"@id":"https:\/\/www.atecpool.ch\/it\/#organization"},"potentialAction":[{"@type":"SearchAction","target":{"@type":"EntryPoint","urlTemplate":"https:\/\/www.atecpool.ch\/it\/?s={search_term_string}"},"query-input":{"@type":"PropertyValueSpecification","valueRequired":true,"valueName":"search_term_string"}}],"inLanguage":"it-IT"},{"@type":["Organization","Place"],"@id":"https:\/\/www.atecpool.ch\/it\/#organization","name":"Atec Pool","url":"https:\/\/www.atecpool.ch\/it\/","logo":{"@id":"https:\/\/www.atecpool.ch\/it\/vele-da-giardino\/#local-main-organization-logo"},"image":{"@id":"https:\/\/www.atecpool.ch\/it\/vele-da-giardino\/#local-main-organization-logo"},"sameAs":["https:\/\/www.facebook.com\/atecpool.ch\/","https:\/\/www.instagram.com\/atecpool_ch\/"],"address":{"@id":"https:\/\/www.atecpool.ch\/it\/vele-da-giardino\/#local-main-place-address"},"telephone":["+41 91 980 33 93"],"openingHoursSpecification":[{"@type":"OpeningHoursSpecification","dayOfWeek":["Monday","Tuesday","Wednesday","Thursday","Friday","Saturday","Sunday"],"opens":"09:00","closes":"17:00"}],"email":"info@atecpool.ch"},{"@type":"PostalAddress","@id":"https:\/\/www.atecpool.ch\/it\/vele-da-giardino\/#local-main-place-address","streetAddress":"Via Cantonale 5","addressLocality":"Grancia","postalCode":"6916","addressCountry":"CH"},{"@type":"ImageObject","inLanguage":"it-IT","@id":"https:\/\/www.atecpool.ch\/it\/vele-da-giardino\/#local-main-organization-logo","url":"https:\/\/www.atecpool.ch\/wp-content\/uploads\/2020\/09\/atec_logo.png","contentUrl":"https:\/\/www.atecpool.ch\/wp-content\/uploads\/2020\/09\/atec_logo.png","width":500,"height":145,"caption":"Atec Pool"}]},"geo.placename":"Grancia","geo.region":"Svizzera"},"_links":{"self":[{"href":"https:\/\/www.atecpool.ch\/it\/wp-json\/wp\/v2\/pages\/29479","targetHints":{"allow":["GET"]}}],"collection":[{"href":"https:\/\/www.atecpool.ch\/it\/wp-json\/wp\/v2\/pages"}],"about":[{"href":"https:\/\/www.atecpool.ch\/it\/wp-json\/wp\/v2\/types\/page"}],"author":[{"embeddable":true,"href":"https:\/\/www.atecpool.ch\/it\/wp-json\/wp\/v2\/users\/16"}],"replies":[{"embeddable":true,"href":"https:\/\/www.atecpool.ch\/it\/wp-json\/wp\/v2\/comments?post=29479"}],"version-history":[{"count":0,"href":"https:\/\/www.atecpool.ch\/it\/wp-json\/wp\/v2\/pages\/29479\/revisions"}],"wp:attachment":[{"href":"https:\/\/www.atecpool.ch\/it\/wp-json\/wp\/v2\/media?parent=29479"}],"curies":[{"name":"wp","href":"https:\/\/api.w.org\/{rel}","templated":true}]}}