{"id":29376,"date":"2024-01-18T16:47:37","date_gmt":"2024-01-18T15:47:37","guid":{"rendered":"https:\/\/www.atecpool.ch\/?page_id=29376"},"modified":"2024-01-19T14:41:13","modified_gmt":"2024-01-19T13:41:13","slug":"strutture-per-esterni-pergole","status":"publish","type":"page","link":"https:\/\/www.atecpool.ch\/it\/strutture-per-esterni\/strutture-per-esterni-pergole\/","title":{"rendered":"PERGOLE"},"content":{"rendered":"<div class=\"wpb-content-wrapper\"><p>[vc_row][vc_column][vc_column_text]Adatte ad ogni tipo di ambiente esterno, dal giardino al bordo piscina e alla terrazza, una\u00a0<strong>pergola\u00a0<\/strong> \u00e8 la scelta giusto per arricchire la vostra abitazione. Grazie alle lame orientabili \u00e8 possibile regolare l&#8217;ombreggiatura, la protezione solare e la ventilazione in base al clima.<\/p>\n<p>L&#8217;attenta scelta del modello giusto \u00e8 fondamentale per adattarsi al vostro stile di vita e alle caratteristiche del luogo di installazione. Con diversi design, materiali, colori e optional tra cui scegliere, creativit\u00e0 e personalizzazione sono garantite al fine di integrare armoniosamente la struttura alla casa.[\/vc_column_text][\/vc_column][\/vc_row][vc_row][vc_column width=&#8221;1\/2&#8243;][vc_column_text]<\/p>\n<h3 style=\"text-align: center;\">Skylife<\/h3>\n<p><a href=\"https:\/\/www.atecpool.ch\/it\/?page_id=29396&amp;preview=true\"><img width=\"1920\" height=\"1280\" decoding=\"async\" src=\"https:\/\/www.atecpool.ch\/wp-content\/uploads\/2023\/08\/Pergola-Skylife-bianca.jpg\" \/><\/a><\/p>\n<p>Unendo stile, funzionalit\u00e0 e tecnologia in un unico prodotto sorprendente, <strong>Skylife<\/strong> \u00e8 l&#8217;aggiunta ideale per chi desidera sfruttare al massimo gli spazi all&#8217;aperto, creando un ambiente confortevole e accogliente, sia per momenti di relax che per occasioni speciali, in qualsiasi periodo dell&#8217;anno.[\/vc_column_text][\/vc_column][vc_column width=&#8221;1\/2&#8243;][vc_column_text]<\/p>\n<h3 style=\"text-align: center;\">Prime<\/h3>\n<p><a href=\"https:\/\/www.atecpool.ch\/it\/?page_id=29446&amp;preview=true\"><img width=\"1920\" height=\"1280\" decoding=\"async\" src=\"https:\/\/www.atecpool.ch\/wp-content\/uploads\/2023\/08\/Pergola-Prime-scaled.jpg\" alt=\"Vasca wellness coperta con porte scorrevoli in vetro, ambiente caldo e moderno, ideale per relax e convivialit\u00e0.\"  > <\/a><\/p>\n<p><strong>Prime<\/strong> \u00e8 l&#8217;opzione ideale per chi cerca protezione, regolazione e affidabilit\u00e0 in uno spazio all&#8217;aperto. Con la sua struttura resistente, il design flessibile delle lamelle e la capacit\u00e0 di affrontare tutte le stagioni, questa pergola permette di creare un ambiente piacevole e protetto per tutte le esigenze, indipendentemente dal tempo.[\/vc_column_text][\/vc_column][\/vc_row][vc_row][vc_column][vc_btn title=&#8221;Richiesta informazioni&#8221; color=&#8221;blue&#8221; size=&#8221;lg&#8221; align=&#8221;center&#8221; i_icon_fontawesome=&#8221;fas fa-info-circle&#8221; add_icon=&#8221;true&#8221; link=&#8221;url:https%3A%2F%2Fwww.atecpool.ch%2Fform-view%2F21&#8243;][\/vc_column][\/vc_row]<\/p>\n<\/div>","protected":false},"excerpt":{"rendered":"<p>[vc_row][vc_column][vc_column_text]Adatte ad ogni tipo di ambiente esterno, dal giardino al bordo piscina e alla terrazza, una\u00a0pergola\u00a0 \u00e8 la scelta giusto per arricchire la vostra abitazione. Grazie<span class=\"excerpt-hellip\"> [\u2026]<\/span><\/p>\n","protected":false},"author":16,"featured_media":0,"parent":29360,"menu_order":0,"comment_status":"closed","ping_status":"closed","template":"","meta":{"footnotes":""},"class_list":["post-29376","page","type-page","status-publish","hentry"],"yoast_head":"<!-- This site is optimized with the Yoast SEO Premium plugin v26.2 (Yoast SEO v27.4) - https:\/\/yoast.com\/product\/yoast-seo-premium-wordpress\/ -->\n<title>PERGOLE - Atec Pool<\/title>\n<meta name=\"description\" content=\"Scopri le nostre pergole di alta qualit\u00e0: design elegante, struttura resistente e versatilit\u00e0 per adattarsi a ogni ambiente esterno.\" \/>\n<meta name=\"robots\" content=\"index, follow, max-snippet:-1, max-image-preview:large, max-video-preview:-1\" \/>\n<link rel=\"canonical\" href=\"https:\/\/www.atecpool.ch\/it\/strutture-per-esterni\/strutture-per-esterni-pergole\/\" \/>\n<meta property=\"og:locale\" content=\"it_IT\" \/>\n<meta property=\"og:type\" content=\"article\" \/>\n<meta property=\"og:title\" content=\"PERGOLE\" \/>\n<meta property=\"og:description\" content=\"Scopri le nostre pergole di alta qualit\u00e0: design elegante, struttura resistente e versatilit\u00e0 per adattarsi a ogni ambiente esterno.\" \/>\n<meta property=\"og:url\" content=\"https:\/\/www.atecpool.ch\/it\/strutture-per-esterni\/strutture-per-esterni-pergole\/\" \/>\n<meta property=\"og:site_name\" content=\"Atec Pool\" \/>\n<meta property=\"article:publisher\" content=\"https:\/\/www.facebook.com\/atecpool.ch\/\" \/>\n<meta property=\"article:modified_time\" content=\"2024-01-19T13:41:13+00:00\" \/>\n<meta property=\"og:image\" content=\"https:\/\/www.atecpool.ch\/wp-content\/uploads\/2023\/08\/Pergola-Skylife-bianca.jpg\" \/>\n<meta name=\"twitter:card\" content=\"summary_large_image\" \/>\n<meta name=\"twitter:label1\" content=\"Tempo di lettura stimato\" \/>\n\t<meta name=\"twitter:data1\" content=\"2 minuti\" \/>\n<script type=\"application\/ld+json\" class=\"yoast-schema-graph\">{\"@context\":\"https:\\\/\\\/schema.org\",\"@graph\":[{\"@type\":\"WebPage\",\"@id\":\"https:\\\/\\\/www.atecpool.ch\\\/it\\\/strutture-per-esterni\\\/strutture-per-esterni-pergole\\\/\",\"url\":\"https:\\\/\\\/www.atecpool.ch\\\/it\\\/strutture-per-esterni\\\/strutture-per-esterni-pergole\\\/\",\"name\":\"PERGOLE - Atec Pool\",\"isPartOf\":{\"@id\":\"https:\\\/\\\/www.atecpool.ch\\\/it\\\/#website\"},\"primaryImageOfPage\":{\"@id\":\"https:\\\/\\\/www.atecpool.ch\\\/it\\\/strutture-per-esterni\\\/strutture-per-esterni-pergole\\\/#primaryimage\"},\"image\":{\"@id\":\"https:\\\/\\\/www.atecpool.ch\\\/it\\\/strutture-per-esterni\\\/strutture-per-esterni-pergole\\\/#primaryimage\"},\"thumbnailUrl\":\"https:\\\/\\\/www.atecpool.ch\\\/wp-content\\\/uploads\\\/2023\\\/08\\\/Pergola-Skylife-bianca.jpg\",\"datePublished\":\"2024-01-18T15:47:37+00:00\",\"dateModified\":\"2024-01-19T13:41:13+00:00\",\"description\":\"Scopri le nostre pergole di alta qualit\u00e0: design elegante, struttura resistente e versatilit\u00e0 per adattarsi a ogni ambiente esterno.\",\"breadcrumb\":{\"@id\":\"https:\\\/\\\/www.atecpool.ch\\\/it\\\/strutture-per-esterni\\\/strutture-per-esterni-pergole\\\/#breadcrumb\"},\"inLanguage\":\"it-IT\",\"potentialAction\":[{\"@type\":\"ReadAction\",\"target\":[\"https:\\\/\\\/www.atecpool.ch\\\/it\\\/strutture-per-esterni\\\/strutture-per-esterni-pergole\\\/\"]}]},{\"@type\":\"ImageObject\",\"inLanguage\":\"it-IT\",\"@id\":\"https:\\\/\\\/www.atecpool.ch\\\/it\\\/strutture-per-esterni\\\/strutture-per-esterni-pergole\\\/#primaryimage\",\"url\":\"https:\\\/\\\/www.atecpool.ch\\\/wp-content\\\/uploads\\\/2023\\\/08\\\/Pergola-Skylife-bianca.jpg\",\"contentUrl\":\"https:\\\/\\\/www.atecpool.ch\\\/wp-content\\\/uploads\\\/2023\\\/08\\\/Pergola-Skylife-bianca.jpg\"},{\"@type\":\"BreadcrumbList\",\"@id\":\"https:\\\/\\\/www.atecpool.ch\\\/it\\\/strutture-per-esterni\\\/strutture-per-esterni-pergole\\\/#breadcrumb\",\"itemListElement\":[{\"@type\":\"ListItem\",\"position\":1,\"name\":\"Home\",\"item\":\"https:\\\/\\\/www.atecpool.ch\\\/it\\\/\"},{\"@type\":\"ListItem\",\"position\":2,\"name\":\"STRUTTURE PER ESTERNI\",\"item\":\"https:\\\/\\\/www.atecpool.ch\\\/it\\\/strutture-per-esterni\\\/\"},{\"@type\":\"ListItem\",\"position\":3,\"name\":\"PERGOLE\"}]},{\"@type\":\"WebSite\",\"@id\":\"https:\\\/\\\/www.atecpool.ch\\\/it\\\/#website\",\"url\":\"https:\\\/\\\/www.atecpool.ch\\\/it\\\/\",\"name\":\"Atec Pool\",\"description\":\"Pool \u00b7 Sauna \u00b7 Wellness\",\"publisher\":{\"@id\":\"https:\\\/\\\/www.atecpool.ch\\\/it\\\/#organization\"},\"potentialAction\":[{\"@type\":\"SearchAction\",\"target\":{\"@type\":\"EntryPoint\",\"urlTemplate\":\"https:\\\/\\\/www.atecpool.ch\\\/it\\\/?s={search_term_string}\"},\"query-input\":{\"@type\":\"PropertyValueSpecification\",\"valueRequired\":true,\"valueName\":\"search_term_string\"}}],\"inLanguage\":\"it-IT\"},{\"@type\":[\"Organization\",\"Place\"],\"@id\":\"https:\\\/\\\/www.atecpool.ch\\\/it\\\/#organization\",\"name\":\"Atec Pool\",\"url\":\"https:\\\/\\\/www.atecpool.ch\\\/it\\\/\",\"logo\":{\"@id\":\"https:\\\/\\\/www.atecpool.ch\\\/it\\\/strutture-per-esterni\\\/strutture-per-esterni-pergole\\\/#local-main-organization-logo\"},\"image\":{\"@id\":\"https:\\\/\\\/www.atecpool.ch\\\/it\\\/strutture-per-esterni\\\/strutture-per-esterni-pergole\\\/#local-main-organization-logo\"},\"sameAs\":[\"https:\\\/\\\/www.facebook.com\\\/atecpool.ch\\\/\",\"https:\\\/\\\/www.instagram.com\\\/atecpool_ch\\\/\"],\"address\":{\"@id\":\"https:\\\/\\\/www.atecpool.ch\\\/it\\\/strutture-per-esterni\\\/strutture-per-esterni-pergole\\\/#local-main-place-address\"},\"telephone\":[\"+41 91 980 33 93\"],\"openingHoursSpecification\":[{\"@type\":\"OpeningHoursSpecification\",\"dayOfWeek\":[\"Monday\",\"Tuesday\",\"Wednesday\",\"Thursday\",\"Friday\",\"Saturday\",\"Sunday\"],\"opens\":\"09:00\",\"closes\":\"17:00\"}],\"email\":\"info@atecpool.ch\"},{\"@type\":\"PostalAddress\",\"@id\":\"https:\\\/\\\/www.atecpool.ch\\\/it\\\/strutture-per-esterni\\\/strutture-per-esterni-pergole\\\/#local-main-place-address\",\"streetAddress\":\"Via Cantonale 5\",\"addressLocality\":\"Grancia\",\"postalCode\":\"6916\",\"addressCountry\":\"CH\"},{\"@type\":\"ImageObject\",\"inLanguage\":\"it-IT\",\"@id\":\"https:\\\/\\\/www.atecpool.ch\\\/it\\\/strutture-per-esterni\\\/strutture-per-esterni-pergole\\\/#local-main-organization-logo\",\"url\":\"https:\\\/\\\/www.atecpool.ch\\\/wp-content\\\/uploads\\\/2020\\\/09\\\/atec_logo.png\",\"contentUrl\":\"https:\\\/\\\/www.atecpool.ch\\\/wp-content\\\/uploads\\\/2020\\\/09\\\/atec_logo.png\",\"width\":500,\"height\":145,\"caption\":\"Atec Pool\"}]}<\/script>\n<meta name=\"geo.placename\" content=\"Grancia\" \/>\n<meta name=\"geo.region\" content=\"Svizzera\" \/>\n<!-- \/ Yoast SEO Premium plugin. -->","yoast_head_json":{"title":"PERGOLE - Atec Pool","description":"Scopri le nostre pergole di alta qualit\u00e0: design elegante, struttura resistente e versatilit\u00e0 per adattarsi a ogni ambiente esterno.","robots":{"index":"index","follow":"follow","max-snippet":"max-snippet:-1","max-image-preview":"max-image-preview:large","max-video-preview":"max-video-preview:-1"},"canonical":"https:\/\/www.atecpool.ch\/it\/strutture-per-esterni\/strutture-per-esterni-pergole\/","og_locale":"it_IT","og_type":"article","og_title":"PERGOLE","og_description":"Scopri le nostre pergole di alta qualit\u00e0: design elegante, struttura resistente e versatilit\u00e0 per adattarsi a ogni ambiente esterno.","og_url":"https:\/\/www.atecpool.ch\/it\/strutture-per-esterni\/strutture-per-esterni-pergole\/","og_site_name":"Atec Pool","article_publisher":"https:\/\/www.facebook.com\/atecpool.ch\/","article_modified_time":"2024-01-19T13:41:13+00:00","og_image":[{"url":"https:\/\/www.atecpool.ch\/wp-content\/uploads\/2023\/08\/Pergola-Skylife-bianca.jpg","type":"","width":"","height":""}],"twitter_card":"summary_large_image","twitter_misc":{"Tempo di lettura stimato":"2 minuti"},"schema":{"@context":"https:\/\/schema.org","@graph":[{"@type":"WebPage","@id":"https:\/\/www.atecpool.ch\/it\/strutture-per-esterni\/strutture-per-esterni-pergole\/","url":"https:\/\/www.atecpool.ch\/it\/strutture-per-esterni\/strutture-per-esterni-pergole\/","name":"PERGOLE - Atec Pool","isPartOf":{"@id":"https:\/\/www.atecpool.ch\/it\/#website"},"primaryImageOfPage":{"@id":"https:\/\/www.atecpool.ch\/it\/strutture-per-esterni\/strutture-per-esterni-pergole\/#primaryimage"},"image":{"@id":"https:\/\/www.atecpool.ch\/it\/strutture-per-esterni\/strutture-per-esterni-pergole\/#primaryimage"},"thumbnailUrl":"https:\/\/www.atecpool.ch\/wp-content\/uploads\/2023\/08\/Pergola-Skylife-bianca.jpg","datePublished":"2024-01-18T15:47:37+00:00","dateModified":"2024-01-19T13:41:13+00:00","description":"Scopri le nostre pergole di alta qualit\u00e0: design elegante, struttura resistente e versatilit\u00e0 per adattarsi a ogni ambiente esterno.","breadcrumb":{"@id":"https:\/\/www.atecpool.ch\/it\/strutture-per-esterni\/strutture-per-esterni-pergole\/#breadcrumb"},"inLanguage":"it-IT","potentialAction":[{"@type":"ReadAction","target":["https:\/\/www.atecpool.ch\/it\/strutture-per-esterni\/strutture-per-esterni-pergole\/"]}]},{"@type":"ImageObject","inLanguage":"it-IT","@id":"https:\/\/www.atecpool.ch\/it\/strutture-per-esterni\/strutture-per-esterni-pergole\/#primaryimage","url":"https:\/\/www.atecpool.ch\/wp-content\/uploads\/2023\/08\/Pergola-Skylife-bianca.jpg","contentUrl":"https:\/\/www.atecpool.ch\/wp-content\/uploads\/2023\/08\/Pergola-Skylife-bianca.jpg"},{"@type":"BreadcrumbList","@id":"https:\/\/www.atecpool.ch\/it\/strutture-per-esterni\/strutture-per-esterni-pergole\/#breadcrumb","itemListElement":[{"@type":"ListItem","position":1,"name":"Home","item":"https:\/\/www.atecpool.ch\/it\/"},{"@type":"ListItem","position":2,"name":"STRUTTURE PER ESTERNI","item":"https:\/\/www.atecpool.ch\/it\/strutture-per-esterni\/"},{"@type":"ListItem","position":3,"name":"PERGOLE"}]},{"@type":"WebSite","@id":"https:\/\/www.atecpool.ch\/it\/#website","url":"https:\/\/www.atecpool.ch\/it\/","name":"Atec Pool","description":"Pool \u00b7 Sauna \u00b7 Wellness","publisher":{"@id":"https:\/\/www.atecpool.ch\/it\/#organization"},"potentialAction":[{"@type":"SearchAction","target":{"@type":"EntryPoint","urlTemplate":"https:\/\/www.atecpool.ch\/it\/?s={search_term_string}"},"query-input":{"@type":"PropertyValueSpecification","valueRequired":true,"valueName":"search_term_string"}}],"inLanguage":"it-IT"},{"@type":["Organization","Place"],"@id":"https:\/\/www.atecpool.ch\/it\/#organization","name":"Atec Pool","url":"https:\/\/www.atecpool.ch\/it\/","logo":{"@id":"https:\/\/www.atecpool.ch\/it\/strutture-per-esterni\/strutture-per-esterni-pergole\/#local-main-organization-logo"},"image":{"@id":"https:\/\/www.atecpool.ch\/it\/strutture-per-esterni\/strutture-per-esterni-pergole\/#local-main-organization-logo"},"sameAs":["https:\/\/www.facebook.com\/atecpool.ch\/","https:\/\/www.instagram.com\/atecpool_ch\/"],"address":{"@id":"https:\/\/www.atecpool.ch\/it\/strutture-per-esterni\/strutture-per-esterni-pergole\/#local-main-place-address"},"telephone":["+41 91 980 33 93"],"openingHoursSpecification":[{"@type":"OpeningHoursSpecification","dayOfWeek":["Monday","Tuesday","Wednesday","Thursday","Friday","Saturday","Sunday"],"opens":"09:00","closes":"17:00"}],"email":"info@atecpool.ch"},{"@type":"PostalAddress","@id":"https:\/\/www.atecpool.ch\/it\/strutture-per-esterni\/strutture-per-esterni-pergole\/#local-main-place-address","streetAddress":"Via Cantonale 5","addressLocality":"Grancia","postalCode":"6916","addressCountry":"CH"},{"@type":"ImageObject","inLanguage":"it-IT","@id":"https:\/\/www.atecpool.ch\/it\/strutture-per-esterni\/strutture-per-esterni-pergole\/#local-main-organization-logo","url":"https:\/\/www.atecpool.ch\/wp-content\/uploads\/2020\/09\/atec_logo.png","contentUrl":"https:\/\/www.atecpool.ch\/wp-content\/uploads\/2020\/09\/atec_logo.png","width":500,"height":145,"caption":"Atec Pool"}]},"geo.placename":"Grancia","geo.region":"Svizzera"},"_links":{"self":[{"href":"https:\/\/www.atecpool.ch\/it\/wp-json\/wp\/v2\/pages\/29376","targetHints":{"allow":["GET"]}}],"collection":[{"href":"https:\/\/www.atecpool.ch\/it\/wp-json\/wp\/v2\/pages"}],"about":[{"href":"https:\/\/www.atecpool.ch\/it\/wp-json\/wp\/v2\/types\/page"}],"author":[{"embeddable":true,"href":"https:\/\/www.atecpool.ch\/it\/wp-json\/wp\/v2\/users\/16"}],"replies":[{"embeddable":true,"href":"https:\/\/www.atecpool.ch\/it\/wp-json\/wp\/v2\/comments?post=29376"}],"version-history":[{"count":0,"href":"https:\/\/www.atecpool.ch\/it\/wp-json\/wp\/v2\/pages\/29376\/revisions"}],"up":[{"embeddable":true,"href":"https:\/\/www.atecpool.ch\/it\/wp-json\/wp\/v2\/pages\/29360"}],"wp:attachment":[{"href":"https:\/\/www.atecpool.ch\/it\/wp-json\/wp\/v2\/media?parent=29376"}],"curies":[{"name":"wp","href":"https:\/\/api.w.org\/{rel}","templated":true}]}}