{"id":28504,"date":"2023-02-19T18:15:54","date_gmt":"2023-02-19T17:15:54","guid":{"rendered":"https:\/\/www.atecpool.ch\/?page_id=28504"},"modified":"2025-07-09T17:08:28","modified_gmt":"2025-07-09T15:08:28","slug":"spatium-piscine","status":"publish","type":"page","link":"https:\/\/www.atecpool.ch\/it\/piscine-fuori-terra\/spatium-piscine\/","title":{"rendered":"Spatium-Piscine"},"content":{"rendered":"<div class=\"wpb-content-wrapper\"><p>[vc_row][vc_column width=&#8221;1\/4&#8243;][vc_column_text]La linea di piscine fuori terra Spatium trasforma ogni ambiente con un tocco di lusso che mette il design al primo posto. \u00c8 un intera collezione dedicata al benessere quella delle piscine fuori terra Spatium, che trasformano gli spazi indoor e outdoor in esperienze multisensoriali a tutto tondo grazie ad elementi finemente progettati. Le piscine Spatium rappresentano un modo innovativo di immaginare il comfort con praticit\u00e0 ed attenzione alla customizzazione, inserendosi in ambienti domestici e progetti contract con forza espressiva e personalit\u00e0 modulabile.[\/vc_column_text][\/vc_column][vc_column width=&#8221;1\/4&#8243;][vc_column_text]La linea Spatium Piscine coniuga alta qualit\u00e0 realizzativa e praticit\u00e0 di installazione, mentre le pi\u00f9 moderne tecnologie incontrano l\u2019estetica, reinterpretando l\u2019abitare contemporaneo. I quattro modelli Recta, Planar, Tratto e Orlo sono composti da moduli configurabili a seconda delle esigenze progettuali, e diventano cos\u00ec veri e propri elementi di arredo su misura in cui si integrano funzionalit\u00e0 e design sofisticato.[\/vc_column_text][\/vc_column][vc_column width=&#8221;1\/2&#8243;][vc_video link=&#8221;https:\/\/youtu.be\/9edfkvaUzzc&#8221;][\/vc_column][\/vc_row][vc_row full_width=&#8221;stretch_row_content_no_spaces&#8221;][vc_column parallax=&#8221;content-moving-fade&#8221;][vc_separator color=&#8221;mulled_wine&#8221; border_width=&#8221;8&#8243;][vc_single_image image=&#8221;28508&#8243; img_size=&#8221;full&#8221; alignment=&#8221;center&#8221; title=&#8221;ORLO &#8211; Fuoriterra con skimmer&#8221;][\/vc_column][\/vc_row][vc_row][vc_column width=&#8221;1\/3&#8243;][vc_column_text]ORLO \u00e8, senza dubbio, il capostipite della produzione SPATIUM; il classico modello fuori terra a skimmer completamente rivisitato ed impreziosito dai innovative soluzioni tecniche.<br \/>\nLa fornitura standard include la struttura portante, il tamponamento di fondo, la scala interna.[\/vc_column_text][vc_cta h2=&#8221;&#8221; txt_align=&#8221;center&#8221; style=&#8221;flat&#8221; color=&#8221;white&#8221; add_button=&#8221;bottom&#8221; btn_title=&#8221;SCARICA PROSPETTO&#8221; btn_align=&#8221;center&#8221; css=&#8221;.vc_custom_1676824492806{background-color: #6b564e !important;}&#8221; btn_link=&#8221;url:https%3A%2F%2Fwww.atecpool.ch%2Fwp-content%2Fuploads%2F2023%2F02%2FOrlo.pdf|title:SCARICA|target:_blank&#8221;][\/vc_cta][\/vc_column][vc_column width=&#8221;1\/3&#8243;][vc_single_image image=&#8221;28513&#8243; img_size=&#8221;full&#8221; alignment=&#8221;right&#8221; onclick=&#8221;img_link_large&#8221;][\/vc_column][vc_column width=&#8221;1\/3&#8243;][vc_single_image image=&#8221;28515&#8243; img_size=&#8221;full&#8221; alignment=&#8221;center&#8221; onclick=&#8221;img_link_large&#8221;][\/vc_column][\/vc_row][vc_row full_width=&#8221;stretch_row_content_no_spaces&#8221;][vc_column parallax=&#8221;content-moving-fade&#8221;][vc_separator color=&#8221;mulled_wine&#8221; border_width=&#8221;8&#8243;][vc_single_image image=&#8221;28530&#8243; img_size=&#8221;full&#8221; alignment=&#8221;center&#8221; title=&#8221;RECTA &#8211; Fuoriterra mini piscina&#8221;][\/vc_column][\/vc_row][vc_row][vc_column width=&#8221;1\/4&#8243;][vc_column_text]Le dimensioni contenute la rendono la miglior soluzione per spazi interni e ambiti outdoor ridotti. RECTA \u00e8 il gioiellino di casa SPATIUM che, grazie alle sue particolari finiture, \u00e8 in grado di conferire un\u2019 atmo-sfera intima e rilassante.<br \/>\n\u00c8 il modello che meglio si presta a personalizzazioni, anche di natura estetica. La fornitura standard include la struttura portante, il telaio preassemblato, il canale di sfioro, il tamponamen-to di fondo e i cuscini di bordo perimetrale.[\/vc_column_text][vc_cta h2=&#8221;&#8221; txt_align=&#8221;center&#8221; style=&#8221;flat&#8221; color=&#8221;white&#8221; add_button=&#8221;bottom&#8221; btn_title=&#8221;SCARICA PROSPETTO&#8221; btn_align=&#8221;center&#8221; css=&#8221;.vc_custom_1676825166001{background-color: #6b564e !important;}&#8221; btn_link=&#8221;url:https%3A%2F%2Fwww.atecpool.ch%2Fwp-content%2Fuploads%2F2023%2F02%2FRecta.pdf|title:SCARICA|target:_blank&#8221;][\/vc_cta][\/vc_column][vc_column width=&#8221;1\/4&#8243;][vc_single_image image=&#8221;28538&#8243; img_size=&#8221;full&#8221; alignment=&#8221;right&#8221; onclick=&#8221;img_link_large&#8221;][vc_single_image image=&#8221;28536&#8243; img_size=&#8221;full&#8221; alignment=&#8221;right&#8221; onclick=&#8221;img_link_large&#8221;][\/vc_column][vc_column width=&#8221;1\/4&#8243;][vc_single_image image=&#8221;28540&#8243; img_size=&#8221;full&#8221; alignment=&#8221;center&#8221; onclick=&#8221;img_link_large&#8221;][\/vc_column][vc_column width=&#8221;1\/4&#8243;][vc_single_image image=&#8221;28534&#8243; img_size=&#8221;full&#8221; alignment=&#8221;center&#8221; onclick=&#8221;img_link_large&#8221;][\/vc_column][\/vc_row][vc_row full_width=&#8221;stretch_row_content_no_spaces&#8221;][vc_column parallax=&#8221;content-moving-fade&#8221;][vc_separator color=&#8221;mulled_wine&#8221; border_width=&#8221;8&#8243;][vc_single_image image=&#8221;28544&#8243; img_size=&#8221;full&#8221; alignment=&#8221;center&#8221; title=&#8221;PLANAR &#8211; Fuoriterra con bordo sfioro&#8221;][\/vc_column][\/vc_row][vc_row][vc_column width=&#8221;1\/4&#8243;][vc_single_image image=&#8221;28548&#8243; img_size=&#8221;full&#8221; alignment=&#8221;right&#8221; onclick=&#8221;img_link_large&#8221;][vc_single_image image=&#8221;28546&#8243; img_size=&#8221;full&#8221; alignment=&#8221;right&#8221; onclick=&#8221;img_link_large&#8221;][vc_cta h2=&#8221;&#8221; txt_align=&#8221;center&#8221; style=&#8221;flat&#8221; color=&#8221;white&#8221; add_button=&#8221;bottom&#8221; btn_title=&#8221;SCARICA PROSPETTO&#8221; btn_align=&#8221;center&#8221; css=&#8221;.vc_custom_1676827017168{background-color: #6b564e !important;}&#8221; btn_link=&#8221;url:https%3A%2F%2Fwww.atecpool.ch%2Fwp-content%2Fuploads%2F2023%2F02%2FPLANAR.pdf|title:SCARICA|target:_blank&#8221;][\/vc_cta][\/vc_column][vc_column width=&#8221;1\/2&#8243;][vc_column_text]PLANAR \u00e8 l\u2019ineguagliabile soluzione fuori terra a bordo sfioro con struttura metallica modulare, autopor-tante, modello di punta della collezione SPATIUM. Linee pulite, personalizzazioni grazie a svariati accessori, PLANAR pu\u00f2 essere posizionata in qualsiasi contesto senza dover ricorrere ad autorizzazioni e opere edili riducendo drasticamente i tempi e costi di realizzzo.<br \/>\nIl telaio preassemblato, disponibile addizionalmente, consente di installare la piscina direttamente su terreni irregolari e non necessita di alcun tipo di platea in cemento. La vasca di compensazione integrata diretta-mente nella struttura evita di dover ricorrere ad un locale tecnico esterno, ottimizzando i tempi di installazio-ne e garantendo un migliore utilizzo degli spazi adiacenti la piscina.<br \/>\nLa fornitura standard include la struttura portante, il canale di sfioro, il tamponamento di fondo, la scala interna.[\/vc_column_text][\/vc_column][vc_column width=&#8221;1\/4&#8243;][vc_single_image image=&#8221;28552&#8243; img_size=&#8221;full&#8221; alignment=&#8221;center&#8221; onclick=&#8221;img_link_large&#8221;][vc_single_image image=&#8221;28515&#8243; img_size=&#8221;full&#8221; alignment=&#8221;center&#8221; onclick=&#8221;img_link_large&#8221;][\/vc_column][\/vc_row][vc_row full_width=&#8221;stretch_row_content_no_spaces&#8221;][vc_column parallax=&#8221;content-moving-fade&#8221;][vc_separator color=&#8221;mulled_wine&#8221; border_width=&#8221;8&#8243;][vc_single_image image=&#8221;28559&#8243; img_size=&#8221;full&#8221; alignment=&#8221;center&#8221; title=&#8221;TRATTO &#8211; Fuoriterra a sfioro nascosto&#8221;][\/vc_column][\/vc_row][vc_row][vc_column width=&#8221;1\/4&#8243;][vc_single_image image=&#8221;28567&#8243; img_size=&#8221;full&#8221; alignment=&#8221;right&#8221; onclick=&#8221;img_link_large&#8221;][vc_cta h2=&#8221;&#8221; txt_align=&#8221;center&#8221; style=&#8221;flat&#8221; color=&#8221;white&#8221; add_button=&#8221;bottom&#8221; btn_title=&#8221;SCARICA PROSPETTO&#8221; btn_align=&#8221;center&#8221; css=&#8221;.vc_custom_1676828835949{background-color: #6b564e !important;}&#8221; btn_link=&#8221;url:https%3A%2F%2Fwww.atecpool.ch%2Fwp-content%2Fuploads%2F2023%2F02%2FTratto.pdf|title:SCARICA|target:_blank&#8221;][\/vc_cta][\/vc_column][vc_column width=&#8221;1\/4&#8243;][vc_single_image image=&#8221;28565&#8243; img_size=&#8221;full&#8221; alignment=&#8221;right&#8221; onclick=&#8221;img_link_large&#8221;][vc_single_image image=&#8221;28563&#8243; img_size=&#8221;full&#8221; alignment=&#8221;center&#8221; onclick=&#8221;img_link_large&#8221;][\/vc_column][vc_column width=&#8221;1\/4&#8243;][vc_column_text]TRATTO \u00e8 il modello fuori terra a sfioro nascosto, elegante, caratterizzato da linee pulite e con un alto volume d\u2019acqua.<br \/>\nLa modularit\u00e0 e le vaste opportunit\u00e0 di personalizzazione la rendono la soluzione ideale per qualsiasi tipo di contesto, senza necessit\u00e0 di dover ricorrere a opere murarie o scavi. Il telaio preassemblato, disponibile addizionalmente, consente di installare la piscina direttamente su terreni irregolari escludendo la necessit\u00e0 di dover ricorrere a una platea in cemento.<br \/>\nLa fornitura standard include la struttura portante, il canale di sfioro, il tamponamento di fondo, la scala interna.[\/vc_column_text][\/vc_column][vc_column width=&#8221;1\/4&#8243;][vc_single_image image=&#8221;28561&#8243; img_size=&#8221;full&#8221; alignment=&#8221;center&#8221; onclick=&#8221;img_link_large&#8221;][\/vc_column][\/vc_row][vc_section][vc_row][vc_column][vc_btn title=&#8221;Richiedi informazioni&#8221; color=&#8221;blue&#8221; size=&#8221;lg&#8221; align=&#8221;center&#8221; css_animation=&#8221;top-to-bottom&#8221; css=&#8221;&#8221; link=&#8221;url:https%3A%2F%2Fwww.atecpool.ch%2Fform-view%2F5|title:Contatti|target:_blank&#8221;][\/vc_column][\/vc_row][\/vc_section][vc_row][vc_column][\/vc_column][\/vc_row]<\/p>\n<\/div>","protected":false},"excerpt":{"rendered":"<p>[vc_row][vc_column width=&#8221;1\/4&#8243;][vc_column_text]La linea di piscine fuori terra Spatium trasforma ogni ambiente con un tocco di lusso che mette il design al primo posto. \u00c8 un intera<span class=\"excerpt-hellip\"> [\u2026]<\/span><\/p>\n","protected":false},"author":4,"featured_media":0,"parent":14309,"menu_order":0,"comment_status":"closed","ping_status":"closed","template":"","meta":{"footnotes":""},"class_list":["post-28504","page","type-page","status-publish","hentry"],"yoast_head":"<!-- This site is optimized with the Yoast SEO Premium plugin v26.2 (Yoast SEO v27.4) - https:\/\/yoast.com\/product\/yoast-seo-premium-wordpress\/ -->\n<title>Spatium-Piscine - Atec Pool le nostre piscine Spatium<\/title>\n<meta name=\"description\" content=\"Scopri le nostre piscine fuori terra Spatium 100% made in Italyl! Diversi modelli per ogni esigenza. Contattaci per qualsiasi domanda!\" \/>\n<meta name=\"robots\" content=\"index, follow, max-snippet:-1, max-image-preview:large, max-video-preview:-1\" \/>\n<link rel=\"canonical\" href=\"https:\/\/www.atecpool.ch\/it\/piscine-fuori-terra\/spatium-piscine\/\" \/>\n<meta property=\"og:locale\" content=\"it_IT\" \/>\n<meta property=\"og:type\" content=\"article\" \/>\n<meta property=\"og:title\" content=\"Spatium-Piscine\" \/>\n<meta property=\"og:description\" content=\"Scopri le nostre piscine fuori terra Spatium 100% made in Italyl! Diversi modelli per ogni esigenza. Contattaci per qualsiasi domanda!\" \/>\n<meta property=\"og:url\" content=\"https:\/\/www.atecpool.ch\/it\/piscine-fuori-terra\/spatium-piscine\/\" \/>\n<meta property=\"og:site_name\" content=\"Atec Pool\" \/>\n<meta property=\"article:publisher\" content=\"https:\/\/www.facebook.com\/atecpool.ch\/\" \/>\n<meta property=\"article:modified_time\" content=\"2025-07-09T15:08:28+00:00\" \/>\n<meta name=\"twitter:card\" content=\"summary_large_image\" \/>\n<meta name=\"twitter:label1\" content=\"Tempo di lettura stimato\" \/>\n\t<meta name=\"twitter:data1\" content=\"4 minuti\" \/>\n<script type=\"application\/ld+json\" class=\"yoast-schema-graph\">{\"@context\":\"https:\\\/\\\/schema.org\",\"@graph\":[{\"@type\":\"WebPage\",\"@id\":\"https:\\\/\\\/www.atecpool.ch\\\/it\\\/piscine-fuori-terra\\\/spatium-piscine\\\/\",\"url\":\"https:\\\/\\\/www.atecpool.ch\\\/it\\\/piscine-fuori-terra\\\/spatium-piscine\\\/\",\"name\":\"Spatium-Piscine - Atec Pool le nostre piscine Spatium\",\"isPartOf\":{\"@id\":\"https:\\\/\\\/www.atecpool.ch\\\/it\\\/#website\"},\"datePublished\":\"2023-02-19T17:15:54+00:00\",\"dateModified\":\"2025-07-09T15:08:28+00:00\",\"description\":\"Scopri le nostre piscine fuori terra Spatium 100% made in Italyl! Diversi modelli per ogni esigenza. Contattaci per qualsiasi domanda!\",\"breadcrumb\":{\"@id\":\"https:\\\/\\\/www.atecpool.ch\\\/it\\\/piscine-fuori-terra\\\/spatium-piscine\\\/#breadcrumb\"},\"inLanguage\":\"it-IT\",\"potentialAction\":[{\"@type\":\"ReadAction\",\"target\":[\"https:\\\/\\\/www.atecpool.ch\\\/it\\\/piscine-fuori-terra\\\/spatium-piscine\\\/\"]}]},{\"@type\":\"BreadcrumbList\",\"@id\":\"https:\\\/\\\/www.atecpool.ch\\\/it\\\/piscine-fuori-terra\\\/spatium-piscine\\\/#breadcrumb\",\"itemListElement\":[{\"@type\":\"ListItem\",\"position\":1,\"name\":\"Home\",\"item\":\"https:\\\/\\\/www.atecpool.ch\\\/it\\\/\"},{\"@type\":\"ListItem\",\"position\":2,\"name\":\"Piscine fuori terra\",\"item\":\"https:\\\/\\\/www.atecpool.ch\\\/it\\\/aufstellbecken3\\\/\"},{\"@type\":\"ListItem\",\"position\":3,\"name\":\"Spatium-Piscine\"}]},{\"@type\":\"WebSite\",\"@id\":\"https:\\\/\\\/www.atecpool.ch\\\/it\\\/#website\",\"url\":\"https:\\\/\\\/www.atecpool.ch\\\/it\\\/\",\"name\":\"Atec Pool\",\"description\":\"Pool \u00b7 Sauna \u00b7 Wellness\",\"publisher\":{\"@id\":\"https:\\\/\\\/www.atecpool.ch\\\/it\\\/#organization\"},\"potentialAction\":[{\"@type\":\"SearchAction\",\"target\":{\"@type\":\"EntryPoint\",\"urlTemplate\":\"https:\\\/\\\/www.atecpool.ch\\\/it\\\/?s={search_term_string}\"},\"query-input\":{\"@type\":\"PropertyValueSpecification\",\"valueRequired\":true,\"valueName\":\"search_term_string\"}}],\"inLanguage\":\"it-IT\"},{\"@type\":[\"Organization\",\"Place\"],\"@id\":\"https:\\\/\\\/www.atecpool.ch\\\/it\\\/#organization\",\"name\":\"Atec Pool\",\"url\":\"https:\\\/\\\/www.atecpool.ch\\\/it\\\/\",\"logo\":{\"@id\":\"https:\\\/\\\/www.atecpool.ch\\\/it\\\/piscine-fuori-terra\\\/spatium-piscine\\\/#local-main-organization-logo\"},\"image\":{\"@id\":\"https:\\\/\\\/www.atecpool.ch\\\/it\\\/piscine-fuori-terra\\\/spatium-piscine\\\/#local-main-organization-logo\"},\"sameAs\":[\"https:\\\/\\\/www.facebook.com\\\/atecpool.ch\\\/\",\"https:\\\/\\\/www.instagram.com\\\/atecpool_ch\\\/\"],\"address\":{\"@id\":\"https:\\\/\\\/www.atecpool.ch\\\/it\\\/piscine-fuori-terra\\\/spatium-piscine\\\/#local-main-place-address\"},\"telephone\":[\"+41 91 980 33 93\"],\"openingHoursSpecification\":[{\"@type\":\"OpeningHoursSpecification\",\"dayOfWeek\":[\"Monday\",\"Tuesday\",\"Wednesday\",\"Thursday\",\"Friday\",\"Saturday\",\"Sunday\"],\"opens\":\"09:00\",\"closes\":\"17:00\"}],\"email\":\"info@atecpool.ch\"},{\"@type\":\"PostalAddress\",\"@id\":\"https:\\\/\\\/www.atecpool.ch\\\/it\\\/piscine-fuori-terra\\\/spatium-piscine\\\/#local-main-place-address\",\"streetAddress\":\"Via Cantonale 5\",\"addressLocality\":\"Grancia\",\"postalCode\":\"6916\",\"addressCountry\":\"CH\"},{\"@type\":\"ImageObject\",\"inLanguage\":\"it-IT\",\"@id\":\"https:\\\/\\\/www.atecpool.ch\\\/it\\\/piscine-fuori-terra\\\/spatium-piscine\\\/#local-main-organization-logo\",\"url\":\"https:\\\/\\\/www.atecpool.ch\\\/wp-content\\\/uploads\\\/2020\\\/09\\\/atec_logo.png\",\"contentUrl\":\"https:\\\/\\\/www.atecpool.ch\\\/wp-content\\\/uploads\\\/2020\\\/09\\\/atec_logo.png\",\"width\":500,\"height\":145,\"caption\":\"Atec Pool\"}]}<\/script>\n<meta name=\"geo.placename\" content=\"Grancia\" \/>\n<meta name=\"geo.region\" content=\"Svizzera\" \/>\n<!-- \/ Yoast SEO Premium plugin. -->","yoast_head_json":{"title":"Spatium-Piscine - Atec Pool le nostre piscine Spatium","description":"Scopri le nostre piscine fuori terra Spatium 100% made in Italyl! Diversi modelli per ogni esigenza. Contattaci per qualsiasi domanda!","robots":{"index":"index","follow":"follow","max-snippet":"max-snippet:-1","max-image-preview":"max-image-preview:large","max-video-preview":"max-video-preview:-1"},"canonical":"https:\/\/www.atecpool.ch\/it\/piscine-fuori-terra\/spatium-piscine\/","og_locale":"it_IT","og_type":"article","og_title":"Spatium-Piscine","og_description":"Scopri le nostre piscine fuori terra Spatium 100% made in Italyl! Diversi modelli per ogni esigenza. Contattaci per qualsiasi domanda!","og_url":"https:\/\/www.atecpool.ch\/it\/piscine-fuori-terra\/spatium-piscine\/","og_site_name":"Atec Pool","article_publisher":"https:\/\/www.facebook.com\/atecpool.ch\/","article_modified_time":"2025-07-09T15:08:28+00:00","twitter_card":"summary_large_image","twitter_misc":{"Tempo di lettura stimato":"4 minuti"},"schema":{"@context":"https:\/\/schema.org","@graph":[{"@type":"WebPage","@id":"https:\/\/www.atecpool.ch\/it\/piscine-fuori-terra\/spatium-piscine\/","url":"https:\/\/www.atecpool.ch\/it\/piscine-fuori-terra\/spatium-piscine\/","name":"Spatium-Piscine - Atec Pool le nostre piscine Spatium","isPartOf":{"@id":"https:\/\/www.atecpool.ch\/it\/#website"},"datePublished":"2023-02-19T17:15:54+00:00","dateModified":"2025-07-09T15:08:28+00:00","description":"Scopri le nostre piscine fuori terra Spatium 100% made in Italyl! Diversi modelli per ogni esigenza. Contattaci per qualsiasi domanda!","breadcrumb":{"@id":"https:\/\/www.atecpool.ch\/it\/piscine-fuori-terra\/spatium-piscine\/#breadcrumb"},"inLanguage":"it-IT","potentialAction":[{"@type":"ReadAction","target":["https:\/\/www.atecpool.ch\/it\/piscine-fuori-terra\/spatium-piscine\/"]}]},{"@type":"BreadcrumbList","@id":"https:\/\/www.atecpool.ch\/it\/piscine-fuori-terra\/spatium-piscine\/#breadcrumb","itemListElement":[{"@type":"ListItem","position":1,"name":"Home","item":"https:\/\/www.atecpool.ch\/it\/"},{"@type":"ListItem","position":2,"name":"Piscine fuori terra","item":"https:\/\/www.atecpool.ch\/it\/aufstellbecken3\/"},{"@type":"ListItem","position":3,"name":"Spatium-Piscine"}]},{"@type":"WebSite","@id":"https:\/\/www.atecpool.ch\/it\/#website","url":"https:\/\/www.atecpool.ch\/it\/","name":"Atec Pool","description":"Pool \u00b7 Sauna \u00b7 Wellness","publisher":{"@id":"https:\/\/www.atecpool.ch\/it\/#organization"},"potentialAction":[{"@type":"SearchAction","target":{"@type":"EntryPoint","urlTemplate":"https:\/\/www.atecpool.ch\/it\/?s={search_term_string}"},"query-input":{"@type":"PropertyValueSpecification","valueRequired":true,"valueName":"search_term_string"}}],"inLanguage":"it-IT"},{"@type":["Organization","Place"],"@id":"https:\/\/www.atecpool.ch\/it\/#organization","name":"Atec Pool","url":"https:\/\/www.atecpool.ch\/it\/","logo":{"@id":"https:\/\/www.atecpool.ch\/it\/piscine-fuori-terra\/spatium-piscine\/#local-main-organization-logo"},"image":{"@id":"https:\/\/www.atecpool.ch\/it\/piscine-fuori-terra\/spatium-piscine\/#local-main-organization-logo"},"sameAs":["https:\/\/www.facebook.com\/atecpool.ch\/","https:\/\/www.instagram.com\/atecpool_ch\/"],"address":{"@id":"https:\/\/www.atecpool.ch\/it\/piscine-fuori-terra\/spatium-piscine\/#local-main-place-address"},"telephone":["+41 91 980 33 93"],"openingHoursSpecification":[{"@type":"OpeningHoursSpecification","dayOfWeek":["Monday","Tuesday","Wednesday","Thursday","Friday","Saturday","Sunday"],"opens":"09:00","closes":"17:00"}],"email":"info@atecpool.ch"},{"@type":"PostalAddress","@id":"https:\/\/www.atecpool.ch\/it\/piscine-fuori-terra\/spatium-piscine\/#local-main-place-address","streetAddress":"Via Cantonale 5","addressLocality":"Grancia","postalCode":"6916","addressCountry":"CH"},{"@type":"ImageObject","inLanguage":"it-IT","@id":"https:\/\/www.atecpool.ch\/it\/piscine-fuori-terra\/spatium-piscine\/#local-main-organization-logo","url":"https:\/\/www.atecpool.ch\/wp-content\/uploads\/2020\/09\/atec_logo.png","contentUrl":"https:\/\/www.atecpool.ch\/wp-content\/uploads\/2020\/09\/atec_logo.png","width":500,"height":145,"caption":"Atec Pool"}]},"geo.placename":"Grancia","geo.region":"Svizzera"},"_links":{"self":[{"href":"https:\/\/www.atecpool.ch\/it\/wp-json\/wp\/v2\/pages\/28504","targetHints":{"allow":["GET"]}}],"collection":[{"href":"https:\/\/www.atecpool.ch\/it\/wp-json\/wp\/v2\/pages"}],"about":[{"href":"https:\/\/www.atecpool.ch\/it\/wp-json\/wp\/v2\/types\/page"}],"author":[{"embeddable":true,"href":"https:\/\/www.atecpool.ch\/it\/wp-json\/wp\/v2\/users\/4"}],"replies":[{"embeddable":true,"href":"https:\/\/www.atecpool.ch\/it\/wp-json\/wp\/v2\/comments?post=28504"}],"version-history":[{"count":1,"href":"https:\/\/www.atecpool.ch\/it\/wp-json\/wp\/v2\/pages\/28504\/revisions"}],"predecessor-version":[{"id":34413,"href":"https:\/\/www.atecpool.ch\/it\/wp-json\/wp\/v2\/pages\/28504\/revisions\/34413"}],"up":[{"embeddable":true,"href":"https:\/\/www.atecpool.ch\/it\/wp-json\/wp\/v2\/pages\/14309"}],"wp:attachment":[{"href":"https:\/\/www.atecpool.ch\/it\/wp-json\/wp\/v2\/media?parent=28504"}],"curies":[{"name":"wp","href":"https:\/\/api.w.org\/{rel}","templated":true}]}}