{"id":25510,"date":"2022-02-05T15:50:02","date_gmt":"2022-02-05T14:50:02","guid":{"rendered":"https:\/\/www.atecpool.ch\/?page_id=25510"},"modified":"2025-08-11T14:13:55","modified_gmt":"2025-08-11T12:13:55","slug":"saune-da-esterno-sauna-outdoor","status":"publish","type":"page","link":"https:\/\/www.atecpool.ch\/it\/saune-bagni-turchi\/saune-da-esterno-sauna-outdoor\/","title":{"rendered":"Saune da esterno"},"content":{"rendered":"<div class=\"wpb-content-wrapper\"><p>[vc_row][vc_column width=&#8221;1\/2&#8243;][vc_column_text]La<strong> sauna outdoor <\/strong>\u00e8 diventata il prodotto di tendenza negli ultimi anni. Che si tratti di una <strong>sauna a botte<\/strong> o di una sauna a cabina, troverete da noi il modello sauna che si adatta alla vostra terrazza o al vostro giardino.<br \/>\nScoprite la bella gamma di sauna esterna da 2 posti, sauna da esterno 4 posti fino a 6 posti.[\/vc_column_text][\/vc_column][vc_column width=&#8221;1\/2&#8243;][vc_column_text]La sauna da esterno \u00e8 un ambiente dove rifugiarsi per godere di un po\u2019 di relax e curare la propria salute, senza dover necessariamente recarsi in una vera e propria spa.<br \/>\nLe nostre saune da esterno sono la soluzione perfetta per arricchire il tuo giardino. Goditi a casa tua il benificio di un relax dal carattere tradizionale con le nostre saune funzionali per il tuo benessere quotidiano.[\/vc_column_text][vc_column_text][\/vc_column_text][\/vc_column][\/vc_row][vc_row][vc_column]<div class=\"photo_box \"><h4 class=\"title \">ROUND CUBE<\/h4><div class=\"image_frame\"><div class=\"image_wrapper\"><a href=\"https:\/\/www.atecpool.ch\/it\/sauna-round-cube\/\"  title=\"\"><div class=\"mask\"><\/div><img width=\"1920\" height=\"1080\" decoding=\"async\" class=\"scale-with-grid\" src=\"https:\/\/www.atecpool.ch\/wp-content\/uploads\/2024\/02\/RC-Relax-JUN-scaled-1.jpg\" alt=\"Relaxation sauna in stile moderno, interna con rivestimenti in legno naturale e pareti decorate con cordami di legno, parte superiore arrotolata in stile naturale.\"\/><\/a><\/div><\/div><div class=\"desc\">SCOPRI LE ULTIME NOVIT\u00c0!<\/div><\/div>\n[\/vc_column][\/vc_row][vc_row full_width=&#8221;stretch_row_content&#8221; equal_height=&#8221;yes&#8221; content_placement=&#8221;middle&#8221; css=&#8221;.vc_custom_1742545679809{background-color: #ffffff !important;}&#8221;][vc_column width=&#8221;1\/4&#8243;]<div class=\"photo_box \"><h4 class=\"title \">Kuusi<\/h4><div class=\"image_frame\"><div class=\"image_wrapper\"><a href=\"https:\/\/www.atecpool.ch\/wp-content\/uploads\/2025\/03\/HARVIA_datasheet_Kuusi1.pdf\" target=\"_blank\" title=\"\"><div class=\"mask\"><\/div><img width=\"800\" height=\"800\" decoding=\"async\" class=\"scale-with-grid\" src=\"https:\/\/www.atecpool.ch\/wp-content\/uploads\/2025\/02\/Kuusi-180.png\" alt=\"Sauna Kuusi by Harvia \u2013 Relax autentico all\u2019aria aperta\"\/><\/a><\/div><\/div><div class=\"desc\">da CHF 6&#8217;676.00 \/<br \/>\n3 misure<\/div><\/div>\n[\/vc_column][vc_column width=&#8221;1\/4&#8243;]<div class=\"photo_box \"><h4 class=\"title \">Kuusi Panorama<\/h4><div class=\"image_frame\"><div class=\"image_wrapper\"><a href=\"https:\/\/www.atecpool.ch\/wp-content\/uploads\/2025\/03\/datasheet_Kuusi_View_Panorama.pdf\" target=\"_blank\" title=\"\"><div class=\"mask\"><\/div><img width=\"800\" height=\"800\" decoding=\"async\" class=\"scale-with-grid\" src=\"https:\/\/www.atecpool.ch\/wp-content\/uploads\/2025\/02\/Kuusi-180-Panorama.png\" alt=\"Sauna Outdoor Kuusi Panorama con ampie vetrate e design elegante\"\/><\/a><\/div><\/div><div class=\"desc\">da CHF 7&#8217;610 \/ 3 Misure<\/div><\/div>\n[\/vc_column][vc_column width=&#8221;1\/4&#8243;]<div class=\"photo_box \"><h4 class=\"title \">Kuusi View<\/h4><div class=\"image_frame\"><div class=\"image_wrapper\"><a href=\"https:\/\/www.atecpool.ch\/wp-content\/uploads\/2025\/03\/datasheet_Kuusi_View_Panorama.pdf\" target=\"_blank\" title=\"\"><div class=\"mask\"><\/div><img width=\"701\" height=\"701\" decoding=\"async\" class=\"scale-with-grid\" src=\"https:\/\/www.atecpool.ch\/wp-content\/uploads\/2025\/03\/Kuusi-View.jpg\" alt=\"FileName: sauna a forma di cilindro in legno naturale con tetto in tegole blu.\"\/><\/a><\/div><\/div><div class=\"desc\">da CHF 8&#8217;670 \/ 3 Misure<\/div><\/div>\n[\/vc_column][vc_column width=&#8221;1\/4&#8243;]<div class=\"photo_box \"><h4 class=\"title \">Kaski Canopy<\/h4><div class=\"image_frame\"><div class=\"image_wrapper\"><a href=\"https:\/\/www.atecpool.ch\/wp-content\/uploads\/2025\/03\/Harvia_datasheet_Kaski.pdf\" target=\"_blank\" title=\"\"><div class=\"mask\"><\/div><img width=\"1500\" height=\"1500\" decoding=\"async\" class=\"scale-with-grid\" src=\"https:\/\/www.atecpool.ch\/wp-content\/uploads\/2023\/11\/sentiotec_Kaski_View_220.jpg\" alt=\"Barile sauna in legno con tetto nero e porta in vetro, ambiente rilassante e naturale.\"\/><\/a><\/div><\/div><div class=\"desc\">da CHF 14&#8217;730.00<\/div><\/div>\n[\/vc_column][\/vc_row][vc_row full_width=&#8221;stretch_row_content_no_spaces&#8221;][vc_column width=&#8221;1\/4&#8243;]<div class=\"photo_box \"><h4 class=\"title \">Solide Compact<\/h4><div class=\"image_frame\"><div class=\"image_wrapper\"><a href=\"https:\/\/www.atecpool.ch\/wp-content\/uploads\/2025\/03\/Solide-Compact-Vision.pdf\" target=\"_blank\" title=\"\"><div class=\"mask\"><\/div><img width=\"800\" height=\"799\" decoding=\"async\" class=\"scale-with-grid\" src=\"https:\/\/www.atecpool.ch\/wp-content\/uploads\/2025\/03\/Harvia_Solide_Compact-Kopie.jpg\" alt=\"Piscina spa in legno, interrata con struttura moderna e rivestimento in legno naturale, ideale per relax e benessere.\"\/><\/a><\/div><\/div><div class=\"desc\">da CHF 8&#8217;840.00<br \/>\n3 misure<\/div><\/div>\n[\/vc_column][vc_column width=&#8221;1\/4&#8243;]<div class=\"photo_box \"><h4 class=\"title \">Scala M<\/h4><div class=\"image_frame\"><div class=\"image_wrapper\"><a href=\"https:\/\/www.atecpool.ch\/wp-content\/uploads\/2025\/03\/HARVIA_datasheet_Scala_Medium.pdf\" target=\"_blank\" title=\"\"><div class=\"mask\"><\/div><img width=\"800\" height=\"800\" decoding=\"async\" class=\"scale-with-grid\" src=\"https:\/\/www.atecpool.ch\/wp-content\/uploads\/2025\/03\/Scala-M.jpg\" alt=\"Finestra in vetro e struttura in legno di una cabina sauna o wellness, stile minimalista e naturale, adatta a spazi esterni.\"\/><\/a><\/div><\/div><div class=\"desc\">CHF 10&#8217;920.00<br \/>\n344 x 313 x 272 cm<\/div><\/div>\n[\/vc_column][vc_column width=&#8221;1\/4&#8243;]<div class=\"photo_box \"><h4 class=\"title \">Scala L<\/h4><div class=\"image_frame\"><div class=\"image_wrapper\"><a href=\"https:\/\/www.atecpool.ch\/wp-content\/uploads\/2025\/03\/HARVIA_datasheet_Scala_Large.pdf\" target=\"_blank\" title=\"\"><div class=\"mask\"><\/div><img width=\"800\" height=\"800\" decoding=\"async\" class=\"scale-with-grid\" src=\"https:\/\/www.atecpool.ch\/wp-content\/uploads\/2025\/03\/Scala-L-1.jpg\" alt=\"Scaldabagno in legno in stile sauna, edificio in legno con porta e finestra lucida, ideale per il wellness.\"\/><\/a><\/div><\/div><div class=\"desc\">CHF 13&#8217;729.00<br \/>\n459 x 313 x 272 cm<\/div><\/div>\n[\/vc_column][vc_column width=&#8221;1\/4&#8243;]<div class=\"photo_box \"><h4 class=\"title \">Keitele<\/h4><div class=\"image_frame\"><div class=\"image_wrapper\"><a href=\"https:\/\/www.atecpool.ch\/wp-content\/uploads\/2025\/03\/Keitele-1.pdf\"  title=\"\"><div class=\"mask\"><\/div><img width=\"800\" height=\"800\" decoding=\"async\" class=\"scale-with-grid\" src=\"https:\/\/www.atecpool.ch\/wp-content\/uploads\/2020\/11\/keitele-1.jpg\" alt=\"SAUNE INTERNE E PER ESTERNI\"\/><\/a><\/div><\/div><div class=\"desc\">CHF 13&#8217;855.00<\/div><\/div>\n[\/vc_column][\/vc_row][vc_row full_width=&#8221;stretch_row_content_no_spaces&#8221;][vc_column width=&#8221;1\/4&#8243;]<div class=\"photo_box \"><h4 class=\"title \">Lava<\/h4><div class=\"image_frame\"><div class=\"image_wrapper\"><a href=\"https:\/\/www.atecpool.ch\/wp-content\/uploads\/2025\/03\/datasheet_lava.pdf\"  title=\"\"><div class=\"mask\"><\/div><img width=\"800\" height=\"800\" decoding=\"async\" class=\"scale-with-grid\" src=\"https:\/\/www.atecpool.ch\/wp-content\/uploads\/2020\/11\/LAVA-1.jpg\" alt=\"Au\u00dfensaunen Atec Pool\"\/><\/a><\/div><\/div><div class=\"desc\">CHF 12&#8217;552.00<\/div><\/div>\n[\/vc_column][vc_column width=&#8221;1\/4&#8243;]<div class=\"photo_box \"><h4 class=\"title \">Nordic Dawn<\/h4><div class=\"image_frame\"><div class=\"image_wrapper\"><a href=\"https:\/\/www.atecpool.ch\/it\/sauna-nordic-dawn\/\"  title=\"\"><div class=\"mask\"><\/div><img width=\"800\" height=\"800\" decoding=\"async\" class=\"scale-with-grid\" src=\"https:\/\/www.atecpool.ch\/wp-content\/uploads\/2025\/03\/Nordic-Dawn.png\" alt=\"Sauna Nordic Dawn in legno pregiato con ampie vetrate, perfetta per un\u2019esperienza di benessere autentica all\u2019aperto.\"\/><\/a><\/div><\/div><div class=\"desc\">CHF 14&#8217;860.00<\/div><\/div>\n[\/vc_column][vc_column width=&#8221;1\/4&#8243;]<div class=\"photo_box \"><h4 class=\"title \">Alpina M Panorama<\/h4><div class=\"image_frame\"><div class=\"image_wrapper\"><a href=\"https:\/\/www.atecpool.ch\/wp-content\/uploads\/2025\/03\/HARVIA_datasheet_Alpina_Medium_Panorama.pdf\" target=\"_blank\" title=\"\"><div class=\"mask\"><\/div><img width=\"800\" height=\"800\" decoding=\"async\" class=\"scale-with-grid\" src=\"https:\/\/www.atecpool.ch\/wp-content\/uploads\/2025\/03\/Alpina-M-Panorama.jpg\" alt=\"Luxury sauna in legno scuro, compresa di finestra e porta con finestra, ideale per relax e wellness.\"\/><\/a><\/div><\/div><div class=\"desc\">da CHF 17&#8217;340.00<br \/>\nin due colori<\/div><\/div>\n[\/vc_column][vc_column width=&#8221;1\/4&#8243;]<div class=\"photo_box \"><h4 class=\"title \">Alpina M View<\/h4><div class=\"image_frame\"><div class=\"image_wrapper\"><a href=\"https:\/\/www.atecpool.ch\/wp-content\/uploads\/2025\/03\/HARVIA_datasheet_Alpina_Medium_View.pdf\" target=\"_blank\" title=\"\"><div class=\"mask\"><\/div><img width=\"800\" height=\"800\" decoding=\"async\" class=\"scale-with-grid\" src=\"https:\/\/www.atecpool.ch\/wp-content\/uploads\/2025\/03\/Alpina-M-View.jpg\" alt=\"Luxus sauna in legno interrata con pareti oscurate e interno caldo con illuminazione soffusa. Perfetta per il relax e il wellness all&#039;aperto.\"\/><\/a><\/div><\/div><div class=\"desc\">da CHF 18&#8217;740.00<br \/>\nin due colori<\/div><\/div>\n[\/vc_column][\/vc_row][vc_row full_width=&#8221;stretch_row_content&#8221; equal_height=&#8221;yes&#8221; content_placement=&#8221;middle&#8221; css=&#8221;.vc_custom_1630600469836{background-color: #ffffff !important;}&#8221;][vc_column width=&#8221;1\/4&#8243;]<div class=\"photo_box \"><h4 class=\"title \">Alpina L Panorama<\/h4><div class=\"image_frame\"><div class=\"image_wrapper\"><a href=\"https:\/\/www.atecpool.ch\/wp-content\/uploads\/2025\/03\/HARVIA_datasheet_Alpina_Large_Panorama.pdf\" target=\"_blank\" title=\"\"><div class=\"mask\"><\/div><img width=\"800\" height=\"800\" decoding=\"async\" class=\"scale-with-grid\" src=\"https:\/\/www.atecpool.ch\/wp-content\/uploads\/2025\/03\/Alpina-L-Panorama.jpg\" alt=\"Piscina interrata con pannelli di legno e illuminazione LED colorata all&#039;esterno.\"\/><\/a><\/div><\/div><div class=\"desc\">da CHF 22&#8217;460.00<br \/>\nin due colori<\/div><\/div>\n[\/vc_column][vc_column width=&#8221;1\/4&#8243;]<div class=\"photo_box \"><h4 class=\"title \">Alpina L View<\/h4><div class=\"image_frame\"><div class=\"image_wrapper\"><a href=\"https:\/\/www.atecpool.ch\/wp-content\/uploads\/2025\/03\/Harvia_datasheet_Alpina_Large_View.pdf\" target=\"_blank\" title=\"\"><div class=\"mask\"><\/div><img width=\"800\" height=\"800\" decoding=\"async\" class=\"scale-with-grid\" src=\"https:\/\/www.atecpool.ch\/wp-content\/uploads\/2025\/03\/Alpina-L-View.jpg\" alt=\"Sauna in legno interrata, design moderno e accogliente ideale per il benessere.\"\/><\/a><\/div><\/div><div class=\"desc\">da CHF 26&#8217;820.00<br \/>\ndisponibile in due colori<\/div><\/div>\n[\/vc_column][vc_column width=&#8221;1\/4&#8243;]<div class=\"photo_box \"><h4 class=\"title \">Alpina - Sauna su misura<\/h4><div class=\"image_frame\"><div class=\"image_wrapper\"><div class=\"mask\"><\/div><img width=\"800\" height=\"800\" decoding=\"async\" class=\"scale-with-grid\" src=\"https:\/\/www.atecpool.ch\/wp-content\/uploads\/2022\/02\/Alpina-01.jpg\" alt=\"Pannello in legno con finestra e porta, struttura esterna per area wellness o piscina esterna.\"\/><\/div><\/div><div class=\"desc\">Prezzo su richiesta<\/div><\/div>\n[\/vc_column][vc_column width=&#8221;1\/4&#8243;]<div class=\"photo_box \"><h4 class=\"title \">Legend<\/h4><div class=\"image_frame\"><div class=\"image_wrapper\"><a href=\"https:\/\/www.atecpool.ch\/wp-content\/uploads\/2025\/03\/Harvia_Legend_sauna_hottub_EN.pdf\" target=\"_blank\" title=\"\"><div class=\"mask\"><\/div><img width=\"800\" height=\"800\" decoding=\"async\" class=\"scale-with-grid\" src=\"https:\/\/www.atecpool.ch\/wp-content\/uploads\/2025\/03\/Legend.jpg\" alt=\"Relaxing sauna in outdoor wooden structure, perfect for wellness and relaxation.\"\/><\/a><\/div><\/div><div class=\"desc\">da CHF 18&#8217;750.00<\/div><\/div>\n[\/vc_column][\/vc_row][vc_row][vc_column][vc_btn title=&#8221;Richiedi informazioni&#8221; color=&#8221;blue&#8221; size=&#8221;lg&#8221; align=&#8221;center&#8221; i_align=&#8221;right&#8221; i_icon_fontawesome=&#8221;fas fa-info&#8221; add_icon=&#8221;true&#8221; link=&#8221;url:https%3A%2F%2Fwww.atecpool.ch%2Fform-view%2F4|title:Richiedi%20informazioni|target:_blank&#8221;][vc_column_text]<\/p>\n<h2 class=\"\" dir=\"ltr\" style=\"text-align: center;\">Quale stufa per sauna scegliere?<\/h2>\n<p dir=\"ltr\" style=\"text-align: center;\">La stufa della sauna deve essere proporzionata alle dimensioni della sauna stessa. Pi\u00f9 grande \u00e8 la sauna pi\u00f9 la stufa dovr\u00e0 essere potente.<br \/>\nPer riscaldare la sua si pu\u00f2 sceglire tra stufa elettrica e stufa a legna. Sicuramente una stufa a legna ha un altro fascino, rispecchiando in pieno la tradizione finlandese.<br \/>\nIl vantaggio di una stufa elettrica \u00e8 la bassa manutenzione \u00e8 la semplicit\u00e0 nell&#8217;uso. Sono eleganti, funzionali e non devono essere caricati di legno e puliti ogni volta.[\/vc_column_text][\/vc_column][\/vc_row][vc_row][vc_column width=&#8221;1\/4&#8243;][\/vc_column][vc_column width=&#8221;1\/2&#8243;][vc_separator color=&#8221;black&#8221;][vc_column_text]<\/p>\n<p style=\"text-align: center;\">Forniamo e montiamo saune da esterno in tutto il Ticino.<br \/>\n<a href=\"https:\/\/www.atecpool.ch\/it\/saune-lugano-canton-ticino-sauna-interni-esterni\/cabine-infrarossi\/\">Atec Pool Lugano<\/a><br \/>\n<a href=\"https:\/\/www.atecpool.ch\/it\/saune-lugano-canton-ticino-sauna-interni-esterni\/cabine-infrarossi\/\">Atec Pool Bellinzona<\/a><br \/>\n<a href=\"https:\/\/www.atecpool.ch\/it\/saune-lugano-canton-ticino-sauna-interni-esterni\/cabine-infrarossi\/\">Atec Pool Locarno<\/a><br \/>\n<a href=\"https:\/\/www.atecpool.ch\/it\/azienda\/\">Atec Pool Mendrisio<\/a><br \/>\n<a href=\"https:\/\/www.atecpool.ch\/it\/saune-lugano-canton-ticino-sauna-interni-esterni\/cabine-infrarossi\/\">Atec Pool Chiasso<\/a>[\/vc_column_text][\/vc_column][vc_column width=&#8221;1\/4&#8243;][\/vc_column][\/vc_row][vc_section][\/vc_section]<\/p>\n<\/div>","protected":false},"excerpt":{"rendered":"<p>[vc_row][vc_column width=&#8221;1\/2&#8243;][vc_column_text]La sauna outdoor \u00e8 diventata il prodotto di tendenza negli ultimi anni. Che si tratti di una sauna a botte o di una sauna a<span class=\"excerpt-hellip\"> [\u2026]<\/span><\/p>\n","protected":false},"author":4,"featured_media":0,"parent":7596,"menu_order":1,"comment_status":"closed","ping_status":"closed","template":"","meta":{"footnotes":""},"class_list":["post-25510","page","type-page","status-publish","hentry"],"yoast_head":"<!-- This site is optimized with the Yoast SEO Premium plugin v26.2 (Yoast SEO v27.4) - https:\/\/yoast.com\/product\/yoast-seo-premium-wordpress\/ -->\n<title>Saune da esterno - Atec Pool<\/title>\n<meta name=\"description\" content=\"Atec Pool: Scopri la nostra gamma di saune da esterno! Contattaci per qualsiasi domanda e specifica di prodotto\" \/>\n<meta name=\"robots\" content=\"index, follow, max-snippet:-1, max-image-preview:large, max-video-preview:-1\" \/>\n<link rel=\"canonical\" href=\"https:\/\/www.atecpool.ch\/it\/saune-bagni-turchi\/saune-da-esterno-sauna-outdoor\/\" \/>\n<meta property=\"og:locale\" content=\"it_IT\" \/>\n<meta property=\"og:type\" content=\"article\" \/>\n<meta property=\"og:title\" content=\"Saune da esterno\" \/>\n<meta property=\"og:description\" content=\"Atec Pool: Scopri la nostra gamma di saune da esterno! Contattaci per qualsiasi domanda e specifica di prodotto\" \/>\n<meta property=\"og:url\" content=\"https:\/\/www.atecpool.ch\/it\/saune-bagni-turchi\/saune-da-esterno-sauna-outdoor\/\" \/>\n<meta property=\"og:site_name\" content=\"Atec Pool\" \/>\n<meta property=\"article:publisher\" content=\"https:\/\/www.facebook.com\/atecpool.ch\/\" \/>\n<meta property=\"article:modified_time\" content=\"2025-08-11T12:13:55+00:00\" \/>\n<meta name=\"twitter:card\" content=\"summary_large_image\" \/>\n<meta name=\"twitter:label1\" content=\"Tempo di lettura stimato\" \/>\n\t<meta name=\"twitter:data1\" content=\"3 minuti\" \/>\n<script type=\"application\/ld+json\" class=\"yoast-schema-graph\">{\"@context\":\"https:\\\/\\\/schema.org\",\"@graph\":[{\"@type\":\"WebPage\",\"@id\":\"https:\\\/\\\/www.atecpool.ch\\\/it\\\/saune-bagni-turchi\\\/saune-da-esterno-sauna-outdoor\\\/\",\"url\":\"https:\\\/\\\/www.atecpool.ch\\\/it\\\/saune-bagni-turchi\\\/saune-da-esterno-sauna-outdoor\\\/\",\"name\":\"Saune da esterno - Atec Pool\",\"isPartOf\":{\"@id\":\"https:\\\/\\\/www.atecpool.ch\\\/it\\\/#website\"},\"datePublished\":\"2022-02-05T14:50:02+00:00\",\"dateModified\":\"2025-08-11T12:13:55+00:00\",\"description\":\"Atec Pool: Scopri la nostra gamma di saune da esterno! Contattaci per qualsiasi domanda e specifica di prodotto\",\"breadcrumb\":{\"@id\":\"https:\\\/\\\/www.atecpool.ch\\\/it\\\/saune-bagni-turchi\\\/saune-da-esterno-sauna-outdoor\\\/#breadcrumb\"},\"inLanguage\":\"it-IT\",\"potentialAction\":[{\"@type\":\"ReadAction\",\"target\":[\"https:\\\/\\\/www.atecpool.ch\\\/it\\\/saune-bagni-turchi\\\/saune-da-esterno-sauna-outdoor\\\/\"]}]},{\"@type\":\"BreadcrumbList\",\"@id\":\"https:\\\/\\\/www.atecpool.ch\\\/it\\\/saune-bagni-turchi\\\/saune-da-esterno-sauna-outdoor\\\/#breadcrumb\",\"itemListElement\":[{\"@type\":\"ListItem\",\"position\":1,\"name\":\"Home\",\"item\":\"https:\\\/\\\/www.atecpool.ch\\\/it\\\/\"},{\"@type\":\"ListItem\",\"position\":2,\"name\":\"SAUNE PER INTERNO ED ESTERNO E BAGNI TURCHI\",\"item\":\"https:\\\/\\\/www.atecpool.ch\\\/it\\\/saune-bagni-turchi\\\/\"},{\"@type\":\"ListItem\",\"position\":3,\"name\":\"Saune da esterno\"}]},{\"@type\":\"WebSite\",\"@id\":\"https:\\\/\\\/www.atecpool.ch\\\/it\\\/#website\",\"url\":\"https:\\\/\\\/www.atecpool.ch\\\/it\\\/\",\"name\":\"Atec Pool\",\"description\":\"Pool \u00b7 Sauna \u00b7 Wellness\",\"publisher\":{\"@id\":\"https:\\\/\\\/www.atecpool.ch\\\/it\\\/#organization\"},\"potentialAction\":[{\"@type\":\"SearchAction\",\"target\":{\"@type\":\"EntryPoint\",\"urlTemplate\":\"https:\\\/\\\/www.atecpool.ch\\\/it\\\/?s={search_term_string}\"},\"query-input\":{\"@type\":\"PropertyValueSpecification\",\"valueRequired\":true,\"valueName\":\"search_term_string\"}}],\"inLanguage\":\"it-IT\"},{\"@type\":[\"Organization\",\"Place\"],\"@id\":\"https:\\\/\\\/www.atecpool.ch\\\/it\\\/#organization\",\"name\":\"Atec Pool\",\"url\":\"https:\\\/\\\/www.atecpool.ch\\\/it\\\/\",\"logo\":{\"@id\":\"https:\\\/\\\/www.atecpool.ch\\\/it\\\/saune-bagni-turchi\\\/saune-da-esterno-sauna-outdoor\\\/#local-main-organization-logo\"},\"image\":{\"@id\":\"https:\\\/\\\/www.atecpool.ch\\\/it\\\/saune-bagni-turchi\\\/saune-da-esterno-sauna-outdoor\\\/#local-main-organization-logo\"},\"sameAs\":[\"https:\\\/\\\/www.facebook.com\\\/atecpool.ch\\\/\",\"https:\\\/\\\/www.instagram.com\\\/atecpool_ch\\\/\"],\"address\":{\"@id\":\"https:\\\/\\\/www.atecpool.ch\\\/it\\\/saune-bagni-turchi\\\/saune-da-esterno-sauna-outdoor\\\/#local-main-place-address\"},\"telephone\":[\"+41 91 980 33 93\"],\"openingHoursSpecification\":[{\"@type\":\"OpeningHoursSpecification\",\"dayOfWeek\":[\"Monday\",\"Tuesday\",\"Wednesday\",\"Thursday\",\"Friday\",\"Saturday\",\"Sunday\"],\"opens\":\"09:00\",\"closes\":\"17:00\"}],\"email\":\"info@atecpool.ch\"},{\"@type\":\"PostalAddress\",\"@id\":\"https:\\\/\\\/www.atecpool.ch\\\/it\\\/saune-bagni-turchi\\\/saune-da-esterno-sauna-outdoor\\\/#local-main-place-address\",\"streetAddress\":\"Via Cantonale 5\",\"addressLocality\":\"Grancia\",\"postalCode\":\"6916\",\"addressCountry\":\"CH\"},{\"@type\":\"ImageObject\",\"inLanguage\":\"it-IT\",\"@id\":\"https:\\\/\\\/www.atecpool.ch\\\/it\\\/saune-bagni-turchi\\\/saune-da-esterno-sauna-outdoor\\\/#local-main-organization-logo\",\"url\":\"https:\\\/\\\/www.atecpool.ch\\\/wp-content\\\/uploads\\\/2020\\\/09\\\/atec_logo.png\",\"contentUrl\":\"https:\\\/\\\/www.atecpool.ch\\\/wp-content\\\/uploads\\\/2020\\\/09\\\/atec_logo.png\",\"width\":500,\"height\":145,\"caption\":\"Atec Pool\"}]}<\/script>\n<meta name=\"geo.placename\" content=\"Grancia\" \/>\n<meta name=\"geo.region\" content=\"Svizzera\" \/>\n<!-- \/ Yoast SEO Premium plugin. -->","yoast_head_json":{"title":"Saune da esterno - Atec Pool","description":"Atec Pool: Scopri la nostra gamma di saune da esterno! Contattaci per qualsiasi domanda e specifica di prodotto","robots":{"index":"index","follow":"follow","max-snippet":"max-snippet:-1","max-image-preview":"max-image-preview:large","max-video-preview":"max-video-preview:-1"},"canonical":"https:\/\/www.atecpool.ch\/it\/saune-bagni-turchi\/saune-da-esterno-sauna-outdoor\/","og_locale":"it_IT","og_type":"article","og_title":"Saune da esterno","og_description":"Atec Pool: Scopri la nostra gamma di saune da esterno! Contattaci per qualsiasi domanda e specifica di prodotto","og_url":"https:\/\/www.atecpool.ch\/it\/saune-bagni-turchi\/saune-da-esterno-sauna-outdoor\/","og_site_name":"Atec Pool","article_publisher":"https:\/\/www.facebook.com\/atecpool.ch\/","article_modified_time":"2025-08-11T12:13:55+00:00","twitter_card":"summary_large_image","twitter_misc":{"Tempo di lettura stimato":"3 minuti"},"schema":{"@context":"https:\/\/schema.org","@graph":[{"@type":"WebPage","@id":"https:\/\/www.atecpool.ch\/it\/saune-bagni-turchi\/saune-da-esterno-sauna-outdoor\/","url":"https:\/\/www.atecpool.ch\/it\/saune-bagni-turchi\/saune-da-esterno-sauna-outdoor\/","name":"Saune da esterno - Atec Pool","isPartOf":{"@id":"https:\/\/www.atecpool.ch\/it\/#website"},"datePublished":"2022-02-05T14:50:02+00:00","dateModified":"2025-08-11T12:13:55+00:00","description":"Atec Pool: Scopri la nostra gamma di saune da esterno! Contattaci per qualsiasi domanda e specifica di prodotto","breadcrumb":{"@id":"https:\/\/www.atecpool.ch\/it\/saune-bagni-turchi\/saune-da-esterno-sauna-outdoor\/#breadcrumb"},"inLanguage":"it-IT","potentialAction":[{"@type":"ReadAction","target":["https:\/\/www.atecpool.ch\/it\/saune-bagni-turchi\/saune-da-esterno-sauna-outdoor\/"]}]},{"@type":"BreadcrumbList","@id":"https:\/\/www.atecpool.ch\/it\/saune-bagni-turchi\/saune-da-esterno-sauna-outdoor\/#breadcrumb","itemListElement":[{"@type":"ListItem","position":1,"name":"Home","item":"https:\/\/www.atecpool.ch\/it\/"},{"@type":"ListItem","position":2,"name":"SAUNE PER INTERNO ED ESTERNO E BAGNI TURCHI","item":"https:\/\/www.atecpool.ch\/it\/saune-bagni-turchi\/"},{"@type":"ListItem","position":3,"name":"Saune da esterno"}]},{"@type":"WebSite","@id":"https:\/\/www.atecpool.ch\/it\/#website","url":"https:\/\/www.atecpool.ch\/it\/","name":"Atec Pool","description":"Pool \u00b7 Sauna \u00b7 Wellness","publisher":{"@id":"https:\/\/www.atecpool.ch\/it\/#organization"},"potentialAction":[{"@type":"SearchAction","target":{"@type":"EntryPoint","urlTemplate":"https:\/\/www.atecpool.ch\/it\/?s={search_term_string}"},"query-input":{"@type":"PropertyValueSpecification","valueRequired":true,"valueName":"search_term_string"}}],"inLanguage":"it-IT"},{"@type":["Organization","Place"],"@id":"https:\/\/www.atecpool.ch\/it\/#organization","name":"Atec Pool","url":"https:\/\/www.atecpool.ch\/it\/","logo":{"@id":"https:\/\/www.atecpool.ch\/it\/saune-bagni-turchi\/saune-da-esterno-sauna-outdoor\/#local-main-organization-logo"},"image":{"@id":"https:\/\/www.atecpool.ch\/it\/saune-bagni-turchi\/saune-da-esterno-sauna-outdoor\/#local-main-organization-logo"},"sameAs":["https:\/\/www.facebook.com\/atecpool.ch\/","https:\/\/www.instagram.com\/atecpool_ch\/"],"address":{"@id":"https:\/\/www.atecpool.ch\/it\/saune-bagni-turchi\/saune-da-esterno-sauna-outdoor\/#local-main-place-address"},"telephone":["+41 91 980 33 93"],"openingHoursSpecification":[{"@type":"OpeningHoursSpecification","dayOfWeek":["Monday","Tuesday","Wednesday","Thursday","Friday","Saturday","Sunday"],"opens":"09:00","closes":"17:00"}],"email":"info@atecpool.ch"},{"@type":"PostalAddress","@id":"https:\/\/www.atecpool.ch\/it\/saune-bagni-turchi\/saune-da-esterno-sauna-outdoor\/#local-main-place-address","streetAddress":"Via Cantonale 5","addressLocality":"Grancia","postalCode":"6916","addressCountry":"CH"},{"@type":"ImageObject","inLanguage":"it-IT","@id":"https:\/\/www.atecpool.ch\/it\/saune-bagni-turchi\/saune-da-esterno-sauna-outdoor\/#local-main-organization-logo","url":"https:\/\/www.atecpool.ch\/wp-content\/uploads\/2020\/09\/atec_logo.png","contentUrl":"https:\/\/www.atecpool.ch\/wp-content\/uploads\/2020\/09\/atec_logo.png","width":500,"height":145,"caption":"Atec Pool"}]},"geo.placename":"Grancia","geo.region":"Svizzera"},"_links":{"self":[{"href":"https:\/\/www.atecpool.ch\/it\/wp-json\/wp\/v2\/pages\/25510","targetHints":{"allow":["GET"]}}],"collection":[{"href":"https:\/\/www.atecpool.ch\/it\/wp-json\/wp\/v2\/pages"}],"about":[{"href":"https:\/\/www.atecpool.ch\/it\/wp-json\/wp\/v2\/types\/page"}],"author":[{"embeddable":true,"href":"https:\/\/www.atecpool.ch\/it\/wp-json\/wp\/v2\/users\/4"}],"replies":[{"embeddable":true,"href":"https:\/\/www.atecpool.ch\/it\/wp-json\/wp\/v2\/comments?post=25510"}],"version-history":[{"count":1,"href":"https:\/\/www.atecpool.ch\/it\/wp-json\/wp\/v2\/pages\/25510\/revisions"}],"predecessor-version":[{"id":34683,"href":"https:\/\/www.atecpool.ch\/it\/wp-json\/wp\/v2\/pages\/25510\/revisions\/34683"}],"up":[{"embeddable":true,"href":"https:\/\/www.atecpool.ch\/it\/wp-json\/wp\/v2\/pages\/7596"}],"wp:attachment":[{"href":"https:\/\/www.atecpool.ch\/it\/wp-json\/wp\/v2\/media?parent=25510"}],"curies":[{"name":"wp","href":"https:\/\/api.w.org\/{rel}","templated":true}]}}