{"id":36572,"date":"2026-02-20T14:41:55","date_gmt":"2026-02-20T13:41:55","guid":{"rendered":"https:\/\/www.atecpool.ch\/?page_id=36572"},"modified":"2026-02-24T09:50:56","modified_gmt":"2026-02-24T08:50:56","slug":"fidschi","status":"publish","type":"page","link":"https:\/\/www.atecpool.ch\/de\/whirlpools\/fidschi\/","title":{"rendered":"Fidji"},"content":{"rendered":"<div class=\"wpb-content-wrapper\"><p>[vc_row full_width=&#8221;stretch_row&#8221; content_placement=&#8221;middle&#8221; bg_type=&#8221;bg_color&#8221; bg_override=&#8221;full&#8221; bg_color_value=&#8221;#000000&#8243; css=&#8221;.vc_custom_1756477073033{background-color: #000000 !important;border-color: #000000 !important;}&#8221; el_class=&#8221;vasche-template&#8221;][vc_column][vc_custom_heading text=&#8221;FIJI&#8221; font_container=&#8221;tag:h1|text_align:center|color:%231299BA&#8221; use_theme_fonts=&#8221;yes&#8221; css=&#8221;&#8221;][\/vc_column][\/vc_row][vc_section full_width=&#8221;stretch_row&#8221; content_placement=&#8221;middle&#8221; css=&#8221;.vc_custom_1756449346025{background-color: #000000 !important;}&#8221; el_class=&#8221;icons-row&#8221; el_id=&#8221;hide-section&#8221;][vc_row full_width=&#8221;stretch_row&#8221; content_placement=&#8221;middle&#8221; el_id=&#8221;whp-fullbleed&#8221; el_class=&#8221;whp-fullbleed&#8221; css=&#8221;.vc_custom_1756449730231{background-color: #000000 !important;}&#8221;][vc_column width=&#8221;1\/2&#8243; el_class=&#8221;whp-pair&#8221; css=&#8221;.vc_custom_1755521404434{background-color: #000000 !important;}&#8221;][vc_single_image image=&#8221;36575&#8243; img_size=&#8221;full&#8221; alignment=&#8221;center&#8221; css=&#8221;&#8221; el_class=&#8221;spa-img&#8221;][\/vc_column][vc_column width=&#8221;1\/2&#8243; css=&#8221;.vc_custom_1755521426686{background-color: #000000 !important;}&#8221;][vc_single_image image=&#8221;36578&#8243; img_size=&#8221;large&#8221; alignment=&#8221;center&#8221; css=&#8221;&#8221; el_class=&#8221;spa-img&#8221;][\/vc_column][\/vc_row][vc_row full_width=&#8221;stretch_row&#8221; content_placement=&#8221;middle&#8221; el_id=&#8221;icons-row&#8221; css=&#8221;.vc_custom_1756456451723{background-color: #000000 !important;}&#8221; el_class=&#8221;icons-row&#8221;][vc_column width=&#8221;1\/4&#8243; el_class=&#8221;icon-img&#8221; offset=&#8221;vc_col-xs-4 vc_hidden-xs&#8221;][vc_column_text css=&#8221;&#8221;]<\/p>\n<p style=\"text-align: center;\"><span style=\"color: #ffffff;\"><strong>4 PL\u00c4TZE<\/strong><\/span><\/p>\n<p>[\/vc_column_text][vc_single_image image=&#8221;35624&#8243; img_size=&#8221;medium&#8221; alignment=&#8221;center&#8221; css=&#8221;.vc_custom_1771589223895{padding-right: 40px !important;padding-left: 40px !important;}&#8221; el_class=&#8221;spa-img&#8221;][\/vc_column][vc_column width=&#8221;1\/4&#8243; offset=&#8221;vc_col-xs-4 vc_hidden-xs&#8221;][vc_column_text css=&#8221;&#8221;]<\/p>\n<p style=\"text-align: center;\"><span style=\"color: #ffffff;\"><strong>2 SITZPL\u00c4TZE<\/strong><\/span><\/p>\n<p>[\/vc_column_text][vc_single_image image=&#8221;35626&#8243; img_size=&#8221;medium&#8221; alignment=&#8221;center&#8221; css=&#8221;.vc_custom_1771589271999{padding-right: 40px !important;padding-left: 40px !important;}&#8221; el_class=&#8221;spa-img&#8221;][\/vc_column][vc_column width=&#8221;1\/4&#8243; offset=&#8221;vc_col-xs-4 vc_hidden-xs&#8221;][vc_column_text css=&#8221;&#8221;]<\/p>\n<p style=\"text-align: center;\"><span style=\"color: #ffffff;\"><strong>2 LIEGEPL\u00c4TZE<\/strong><\/span><\/p>\n<p>[\/vc_column_text][vc_single_image image=&#8221;34761&#8243; img_size=&#8221;medium&#8221; alignment=&#8221;center&#8221; css=&#8221;.vc_custom_1756541680606{padding-right: 40px !important;padding-left: 40px !important;}&#8221; el_class=&#8221;spa-img&#8221;][\/vc_column][vc_column width=&#8221;1\/4&#8243;][vc_column_text css=&#8221;&#8221;]<\/p>\n<p style=\"text-align: center;\"><span style=\"color: #ffffff;\"><strong>35 D\u00dcSEN<\/strong><\/span><\/p>\n<p>[\/vc_column_text][vc_single_image image=&#8221;35658&#8243; img_size=&#8221;medium&#8221; alignment=&#8221;center&#8221; css=&#8221;.vc_custom_1757495305639{padding-right: 40px !important;padding-left: 40px !important;}&#8221; el_class=&#8221;spa-img&#8221;][\/vc_column][\/vc_row][\/vc_section][vc_row full_width=&#8221;stretch_row_content_no_spaces&#8221; content_placement=&#8221;top&#8221; css=&#8221;.vc_custom_1755587073241{background-color: #000000 !important;}&#8221; el_class=&#8221;specs-row&#8221;][vc_column width=&#8221;1\/3&#8243;][vc_column_text css=&#8221;&#8221;]<\/p>\n<h3 style=\"text-align: center;\"><span style=\"color: #1299ba;\"><strong>ABMESSUNGEN<\/strong><\/span><br \/>\n<span style=\"color: #ffffff;\">213 * 160 * 80 cm<\/span><\/h3>\n<p>[\/vc_column_text][\/vc_column][vc_column width=&#8221;1\/3&#8243;][vc_column_text css=&#8221;&#8221;]<\/p>\n<h3 style=\"text-align: center;\"><span style=\"color: #999999;\"><strong><span style=\"color: #1299ba;\">LEERGEWICHT:<\/span><br \/>\n<span style=\"color: #ffffff;\">180 kg<\/span><\/strong><\/span><\/h3>\n<p>[\/vc_column_text][\/vc_column][vc_column width=&#8221;1\/3&#8243;][vc_column_text css=&#8221;&#8221;]<\/p>\n<h3 style=\"text-align: center;\"><span style=\"color: #1299ba;\"><strong>WASSERKAPAZIT\u00c4T<br \/>\n<span style=\"color: #ffffff;\">800 l<\/span><\/strong><\/span><\/h3>\n<p>[\/vc_column_text][\/vc_column][\/vc_row][vc_section full_width=&#8221;stretch_row_content&#8221; content_placement=&#8221;middle&#8221; css=&#8221;.vc_custom_1756460357284{margin-bottom: 20px !important;background-color: #000000 !important;}&#8221;][vc_row full_width=&#8221;stretch_row&#8221; content_placement=&#8221;middle&#8221; el_class=&#8221;whp-specs&#8221; el_id=&#8221;intro-row&#8221;][vc_column width=&#8221;1\/3&#8243;][vc_images_carousel images=&#8221;34890,36585,36586,36584&#8243; img_size=&#8221;full&#8221; onclick=&#8221;link_no&#8221; speed=&#8221;3000&#8243; autoplay=&#8221;yes&#8221; hide_pagination_control=&#8221;yes&#8221; hide_prev_next_buttons=&#8221;yes&#8221; wrap=&#8221;yes&#8221; css=&#8221;&#8221;][\/vc_column][vc_column width=&#8221;1\/3&#8243;][vc_column_text css=&#8221;&#8221;]<\/p>\n<div class=\"flex max-w-full flex-col grow\">\n<div class=\"min-h-8 text-message relative flex w-full flex-col items-end gap-2 text-start break-words whitespace-normal [.text-message+&amp;]:mt-1\" dir=\"auto\" data-message-author-role=\"assistant\" data-message-id=\"5b388439-c2cc-4917-8103-a346955f0645\" data-message-model-slug=\"gpt-5-2\">\n<div class=\"flex w-full flex-col gap-1 empty:hidden first:pt-[1px]\">\n<div class=\"markdown prose dark:prose-invert w-full wrap-break-word light markdown-new-styling\">\n<h4 data-start=\"101\" data-end=\"625\"><span style=\"color: #ffffff;\">Whirlpool mit 4 Pl\u00e4tzen (2 Liegen und 2 ergonomische Sitze), konzipiert f\u00fcr ein umfassendes und gemeinsames Entspannungserlebnis. Ausgestattet mit 35 Massaged\u00fcsen aus Edelstahl, gew\u00e4hrleistet er eine effektive und ausgewogene Hydrotherapie, ideal zur Lockerung der Muskulatur und zur F\u00f6rderung des allgemeinen Wohlbefindens. Das Becken ist mit integrierter LED-Beleuchtung, einem leistungsstarken Heizsystem und einer hocheffizienten isolierten Struktur ausgestattet, was Komfort, hohe Leistung und Nutzungsfreude zu jeder Jahreszeit garantiert.  <\/span><\/h4>\n<\/div>\n<\/div>\n<\/div>\n<\/div>\n<div class=\"z-0 flex min-h-[46px] justify-start\"><\/div>\n<p>[\/vc_column_text][\/vc_column][vc_column width=&#8221;1\/3&#8243;][vc_btn title=&#8221;Datenblatt herunterladen&#8221; color=&#8221;turquoise&#8221; align=&#8221;center&#8221; css=&#8221;&#8221; link=&#8221;url:https%3A%2F%2Fwww.atecpool.ch%2Fwp-content%2Fuploads%2F2026%2F02%2FTechnisches-Datenblatt-Fiji-2.pdf|title:Scheda%20tecnica%20figi&#8221;][\/vc_column][\/vc_row][\/vc_section][vc_section css=&#8221;.vc_custom_1771591763316{background-color: #FFFFFF !important;}&#8221;][vc_row content_placement=&#8221;middle&#8221; bg_type=&#8221;bg_color&#8221; css=&#8221;.vc_custom_1771593479666{background-color: #FFFFFF !important;}&#8221; bg_color_value=&#8221;#FFFFFF&#8221;][vc_column][vc_column_text css=&#8221;&#8221;]<\/p>\n<h3 style=\"text-align: center;\"><span style=\"color: #000000;\"><strong>Whirlpool sofort lieferbar<\/strong><\/span><\/h3>\n<h4 style=\"text-align: center;\"><span style=\"color: #000000;\">Innenacryl: Perlwei\u00df &#8211; Au\u00dfenverkleidung: Grau 04#<\/span><\/h4>\n<p>[\/vc_column_text][vc_row_inner equal_height=&#8221;yes&#8221; css=&#8221;.vc_custom_1771593202277{background-color: #FFFFFF !important;}&#8221;][vc_column_inner width=&#8221;1\/2&#8243;][vc_single_image image=&#8221;36589&#8243; img_size=&#8221;full&#8221; alignment=&#8221;right&#8221; css=&#8221;.vc_custom_1771593801419{padding-right: 30px !important;padding-left: 30px !important;}&#8221; el_class=&#8221;spa-inner&#8221;][\/vc_column_inner][vc_column_inner width=&#8221;1\/2&#8243;][vc_single_image image=&#8221;26645&#8243; img_size=&#8221;full&#8221; alignment=&#8221;center&#8221; css=&#8221;.vc_custom_1771593807653{padding-right: 30px !important;padding-left: 30px !important;}&#8221; el_class=&#8221;spa-inner&#8221;][\/vc_column_inner][\/vc_row_inner][vc_row_inner css=&#8221;.vc_custom_1771594465048{background-color: #FFFFFF !important;}&#8221;][vc_column_inner css=&#8221;.vc_custom_1771594491827{background-color: #FFFFFF !important;}&#8221;][vc_btn title=&#8221;Anfrage Informationen&#8221; color=&#8221;juicy-pink&#8221; size=&#8221;lg&#8221; align=&#8221;center&#8221; css=&#8221;&#8221; link=&#8221;url:https%3A%2F%2Fwww.atecpool.ch%2Fform-view%2F15|target:_blank&#8221;][\/vc_column_inner][\/vc_row_inner][\/vc_column][\/vc_row][\/vc_section][vc_section full_width=&#8221;stretch_row_content&#8221; css=&#8221;.vc_custom_1755607772722{background-color: #000000 !important;}&#8221;][vc_row css=&#8221;.vc_custom_1756708339106{background-color: #000000 !important;}&#8221;][vc_column][vc_row_inner][vc_column_inner width=&#8221;1\/3&#8243;][vc_single_image image=&#8221;34942&#8243; img_size=&#8221;full&#8221; alignment=&#8221;center&#8221; css=&#8221;&#8221;][\/vc_column_inner][vc_column_inner width=&#8221;1\/3&#8243;][vc_single_image image=&#8221;34940&#8243; img_size=&#8221;full&#8221; alignment=&#8221;center&#8221; css=&#8221;&#8221;][\/vc_column_inner][vc_column_inner width=&#8221;1\/3&#8243;][vc_single_image image=&#8221;34972&#8243; img_size=&#8221;full&#8221; alignment=&#8221;center&#8221; css=&#8221;&#8221;][\/vc_column_inner][\/vc_row_inner][vc_row_inner content_placement=&#8221;middle&#8221; css=&#8221;.vc_custom_1756708330551{background-color: #000000 !important;}&#8221;][vc_column_inner][vc_video link=&#8221;https:\/\/youtu.be\/-4kdHAJSytc&#8221; el_width=&#8221;80&#8243; align=&#8221;center&#8221; css=&#8221;.vc_custom_1756731957346{padding-right: 50px !important;padding-left: 50px !important;}&#8221; el_class=&#8221;spa-video&#8221;][\/vc_column_inner][\/vc_row_inner][\/vc_column][\/vc_row][\/vc_section]<\/p>\n<\/div>","protected":false},"excerpt":{"rendered":"<p>[vc_row full_width=&#8221;stretch_row&#8221; content_placement=&#8221;middle&#8221; bg_type=&#8221;bg_color&#8221; bg_override=&#8221;full&#8221; bg_color_value=&#8221;#000000&#8243; css=&#8221;.vc_custom_1756477073033{background-color: #000000 !important;border-color: #000000 !important;}&#8221; el_class=&#8221;vasche-template&#8221;][vc_column][vc_custom_heading text=&#8221;FIJI&#8221; font_container=&#8221;tag:h1|text_align:center|color:%231299BA&#8221; use_theme_fonts=&#8221;yes&#8221; css=&#8221;&#8221;][\/vc_column][\/vc_row][vc_section full_width=&#8221;stretch_row&#8221; content_placement=&#8221;middle&#8221; css=&#8221;.vc_custom_1756449346025{background-color: #000000 !important;}&#8221; el_class=&#8221;icons-row&#8221; el_id=&#8221;hide-section&#8221;][vc_row full_width=&#8221;stretch_row&#8221; content_placement=&#8221;middle&#8221; el_id=&#8221;whp-fullbleed&#8221;<span class=\"excerpt-hellip\"> [\u2026]<\/span><\/p>\n","protected":false},"author":4,"featured_media":34054,"parent":20106,"menu_order":0,"comment_status":"closed","ping_status":"closed","template":"","meta":{"footnotes":""},"class_list":["post-36572","page","type-page","status-publish","has-post-thumbnail","hentry"],"yoast_head":"<!-- This site is optimized with the Yoast SEO Premium plugin v26.2 (Yoast SEO v27.4) - https:\/\/yoast.com\/product\/yoast-seo-premium-wordpress\/ -->\n<title>Whirlpools im Tessin f\u00fcr totale Entspannung<\/title>\n<meta name=\"description\" content=\"Genie\u00dfen Sie maximale Entspannung mit Whirlpools im Tessin. Erfahren Sie mehr dar\u00fcber, wie diese Ihr Wohlbefinden steigern k\u00f6nnen.\" \/>\n<meta name=\"robots\" content=\"index, follow, max-snippet:-1, max-image-preview:large, max-video-preview:-1\" \/>\n<link rel=\"canonical\" href=\"https:\/\/www.atecpool.ch\/de\/whirlpools\/fidschi\/\" \/>\n<meta property=\"og:locale\" content=\"de_DE\" \/>\n<meta property=\"og:type\" content=\"article\" \/>\n<meta property=\"og:title\" content=\"Traum-Whirlpools zum besten Preis-Leistungs-Verh\u00e4ltnis\" \/>\n<meta property=\"og:description\" content=\"Entdecken Sie unser vielseitiges Angebot, gerne zeigen wir Ihnen die Vorteile unserer Whirlpools. Freistehende und versenkbare Whirlpools, f\u00fcr Innenr\u00e4ume und Garten.\" \/>\n<meta property=\"og:url\" content=\"https:\/\/www.atecpool.ch\/de\/whirlpools\/fidschi\/\" \/>\n<meta property=\"og:site_name\" content=\"Atec Pool\" \/>\n<meta property=\"article:publisher\" content=\"https:\/\/www.facebook.com\/atecpool.ch\/\" \/>\n<meta property=\"article:modified_time\" content=\"2026-02-24T08:50:56+00:00\" \/>\n<meta property=\"og:image\" content=\"https:\/\/www.atecpool.ch\/wp-content\/uploads\/2021\/03\/Spas.jpg\" \/>\n\t<meta property=\"og:image:width\" content=\"1680\" \/>\n\t<meta property=\"og:image:height\" content=\"1120\" \/>\n\t<meta property=\"og:image:type\" content=\"image\/jpeg\" \/>\n<meta name=\"twitter:card\" content=\"summary_large_image\" \/>\n<meta name=\"twitter:title\" content=\"Traum-Whirlpools zum besten Preis-Leistungs-Verh\u00e4ltnis\" \/>\n<meta name=\"twitter:description\" content=\"Entdecken Sie unser vielseitiges Angebot, gerne zeigen wir Ihnen die Vorteile unserer Whirlpools. Freistehende und versenkbare Whirlpools, f\u00fcr Innenr\u00e4ume und Garten.\" \/>\n<meta name=\"twitter:label1\" content=\"Gesch\u00e4tzte Lesezeit\" \/>\n\t<meta name=\"twitter:data1\" content=\"5 minutes\" \/>\n<script type=\"application\/ld+json\" class=\"yoast-schema-graph\">{\"@context\":\"https:\\\/\\\/schema.org\",\"@graph\":[{\"@type\":\"WebPage\",\"@id\":\"https:\\\/\\\/www.atecpool.ch\\\/de\\\/whirlpools\\\/fidschi\\\/\",\"url\":\"https:\\\/\\\/www.atecpool.ch\\\/de\\\/whirlpools\\\/fidschi\\\/\",\"name\":\"Whirlpools im Tessin f\u00fcr totale Entspannung\",\"isPartOf\":{\"@id\":\"https:\\\/\\\/www.atecpool.ch\\\/de\\\/#website\"},\"primaryImageOfPage\":{\"@id\":\"https:\\\/\\\/www.atecpool.ch\\\/de\\\/whirlpools\\\/fidschi\\\/#primaryimage\"},\"image\":{\"@id\":\"https:\\\/\\\/www.atecpool.ch\\\/de\\\/whirlpools\\\/fidschi\\\/#primaryimage\"},\"thumbnailUrl\":\"https:\\\/\\\/www.atecpool.ch\\\/wp-content\\\/uploads\\\/2025\\\/05\\\/vasca-idromassaggio-design-notturno-led-terrazza-scaled.webp\",\"datePublished\":\"2026-02-20T13:41:55+00:00\",\"dateModified\":\"2026-02-24T08:50:56+00:00\",\"description\":\"Genie\u00dfen Sie maximale Entspannung mit Whirlpools im Tessin. Erfahren Sie mehr dar\u00fcber, wie diese Ihr Wohlbefinden steigern k\u00f6nnen.\",\"breadcrumb\":{\"@id\":\"https:\\\/\\\/www.atecpool.ch\\\/de\\\/whirlpools\\\/fidschi\\\/#breadcrumb\"},\"inLanguage\":\"de-DE\",\"potentialAction\":[{\"@type\":\"ReadAction\",\"target\":[\"https:\\\/\\\/www.atecpool.ch\\\/de\\\/whirlpools\\\/fidschi\\\/\"]}]},{\"@type\":\"ImageObject\",\"inLanguage\":\"de-DE\",\"@id\":\"https:\\\/\\\/www.atecpool.ch\\\/de\\\/whirlpools\\\/fidschi\\\/#primaryimage\",\"url\":\"https:\\\/\\\/www.atecpool.ch\\\/wp-content\\\/uploads\\\/2025\\\/05\\\/vasca-idromassaggio-design-notturno-led-terrazza-scaled.webp\",\"contentUrl\":\"https:\\\/\\\/www.atecpool.ch\\\/wp-content\\\/uploads\\\/2025\\\/05\\\/vasca-idromassaggio-design-notturno-led-terrazza-scaled.webp\",\"width\":1600,\"height\":1200,\"caption\":\"Ein perfekter Moment der Entspannung: Whirlpool mit blauem LED-Licht, ideal f\u00fcr Abende im Freien auf der Terrasse.\"},{\"@type\":\"BreadcrumbList\",\"@id\":\"https:\\\/\\\/www.atecpool.ch\\\/de\\\/whirlpools\\\/fidschi\\\/#breadcrumb\",\"itemListElement\":[{\"@type\":\"ListItem\",\"position\":1,\"name\":\"Home\",\"item\":\"https:\\\/\\\/www.atecpool.ch\\\/de\\\/home\\\/\"},{\"@type\":\"ListItem\",\"position\":2,\"name\":\"Whirlpools\",\"item\":\"https:\\\/\\\/www.atecpool.ch\\\/de\\\/whirlpools\\\/\"},{\"@type\":\"ListItem\",\"position\":3,\"name\":\"Fidji\"}]},{\"@type\":\"WebSite\",\"@id\":\"https:\\\/\\\/www.atecpool.ch\\\/de\\\/#website\",\"url\":\"https:\\\/\\\/www.atecpool.ch\\\/de\\\/\",\"name\":\"Atec Pool\",\"description\":\"Pool \u00b7 Sauna \u00b7 Wellness\",\"publisher\":{\"@id\":\"https:\\\/\\\/www.atecpool.ch\\\/de\\\/#organization\"},\"potentialAction\":[{\"@type\":\"SearchAction\",\"target\":{\"@type\":\"EntryPoint\",\"urlTemplate\":\"https:\\\/\\\/www.atecpool.ch\\\/de\\\/?s={search_term_string}\"},\"query-input\":{\"@type\":\"PropertyValueSpecification\",\"valueRequired\":true,\"valueName\":\"search_term_string\"}}],\"inLanguage\":\"de-DE\"},{\"@type\":[\"Organization\",\"Place\"],\"@id\":\"https:\\\/\\\/www.atecpool.ch\\\/de\\\/#organization\",\"name\":\"Atec Pool\",\"url\":\"https:\\\/\\\/www.atecpool.ch\\\/de\\\/\",\"logo\":{\"@id\":\"https:\\\/\\\/www.atecpool.ch\\\/de\\\/whirlpools\\\/fidschi\\\/#local-main-organization-logo\"},\"image\":{\"@id\":\"https:\\\/\\\/www.atecpool.ch\\\/de\\\/whirlpools\\\/fidschi\\\/#local-main-organization-logo\"},\"sameAs\":[\"https:\\\/\\\/www.facebook.com\\\/atecpool.ch\\\/\",\"https:\\\/\\\/www.instagram.com\\\/atecpool_ch\\\/\"],\"address\":{\"@id\":\"https:\\\/\\\/www.atecpool.ch\\\/de\\\/whirlpools\\\/fidschi\\\/#local-main-place-address\"},\"telephone\":[\"+41 91 980 33 93\"],\"openingHoursSpecification\":[{\"@type\":\"OpeningHoursSpecification\",\"dayOfWeek\":[\"Monday\",\"Tuesday\",\"Wednesday\",\"Thursday\",\"Friday\",\"Saturday\",\"Sunday\"],\"opens\":\"09:00\",\"closes\":\"17:00\"}],\"email\":\"info@atecpool.ch\"},{\"@type\":\"PostalAddress\",\"@id\":\"https:\\\/\\\/www.atecpool.ch\\\/de\\\/whirlpools\\\/fidschi\\\/#local-main-place-address\",\"streetAddress\":\"Via Cantonale 5\",\"addressLocality\":\"Grancia\",\"postalCode\":\"6916\",\"addressCountry\":\"CH\"},{\"@type\":\"ImageObject\",\"inLanguage\":\"de-DE\",\"@id\":\"https:\\\/\\\/www.atecpool.ch\\\/de\\\/whirlpools\\\/fidschi\\\/#local-main-organization-logo\",\"url\":\"https:\\\/\\\/www.atecpool.ch\\\/wp-content\\\/uploads\\\/2020\\\/09\\\/atec_logo.png\",\"contentUrl\":\"https:\\\/\\\/www.atecpool.ch\\\/wp-content\\\/uploads\\\/2020\\\/09\\\/atec_logo.png\",\"width\":500,\"height\":145,\"caption\":\"Atec Pool\"}]}<\/script>\n<meta name=\"geo.placename\" content=\"Grancia\" \/>\n<meta name=\"geo.region\" content=\"Schweiz\" \/>\n<!-- \/ Yoast SEO Premium plugin. -->","yoast_head_json":{"title":"Whirlpools im Tessin f\u00fcr totale Entspannung","description":"Genie\u00dfen Sie maximale Entspannung mit Whirlpools im Tessin. Erfahren Sie mehr dar\u00fcber, wie diese Ihr Wohlbefinden steigern k\u00f6nnen.","robots":{"index":"index","follow":"follow","max-snippet":"max-snippet:-1","max-image-preview":"max-image-preview:large","max-video-preview":"max-video-preview:-1"},"canonical":"https:\/\/www.atecpool.ch\/de\/whirlpools\/fidschi\/","og_locale":"de_DE","og_type":"article","og_title":"Traum-Whirlpools zum besten Preis-Leistungs-Verh\u00e4ltnis","og_description":"Entdecken Sie unser vielseitiges Angebot, gerne zeigen wir Ihnen die Vorteile unserer Whirlpools. Freistehende und versenkbare Whirlpools, f\u00fcr Innenr\u00e4ume und Garten.","og_url":"https:\/\/www.atecpool.ch\/de\/whirlpools\/fidschi\/","og_site_name":"Atec Pool","article_publisher":"https:\/\/www.facebook.com\/atecpool.ch\/","article_modified_time":"2026-02-24T08:50:56+00:00","og_image":[{"width":1680,"height":1120,"url":"https:\/\/www.atecpool.ch\/wp-content\/uploads\/2021\/03\/Spas.jpg","type":"image\/jpeg"}],"twitter_card":"summary_large_image","twitter_title":"Traum-Whirlpools zum besten Preis-Leistungs-Verh\u00e4ltnis","twitter_description":"Entdecken Sie unser vielseitiges Angebot, gerne zeigen wir Ihnen die Vorteile unserer Whirlpools. Freistehende und versenkbare Whirlpools, f\u00fcr Innenr\u00e4ume und Garten.","twitter_misc":{"Gesch\u00e4tzte Lesezeit":"5 minutes"},"schema":{"@context":"https:\/\/schema.org","@graph":[{"@type":"WebPage","@id":"https:\/\/www.atecpool.ch\/de\/whirlpools\/fidschi\/","url":"https:\/\/www.atecpool.ch\/de\/whirlpools\/fidschi\/","name":"Whirlpools im Tessin f\u00fcr totale Entspannung","isPartOf":{"@id":"https:\/\/www.atecpool.ch\/de\/#website"},"primaryImageOfPage":{"@id":"https:\/\/www.atecpool.ch\/de\/whirlpools\/fidschi\/#primaryimage"},"image":{"@id":"https:\/\/www.atecpool.ch\/de\/whirlpools\/fidschi\/#primaryimage"},"thumbnailUrl":"https:\/\/www.atecpool.ch\/wp-content\/uploads\/2025\/05\/vasca-idromassaggio-design-notturno-led-terrazza-scaled.webp","datePublished":"2026-02-20T13:41:55+00:00","dateModified":"2026-02-24T08:50:56+00:00","description":"Genie\u00dfen Sie maximale Entspannung mit Whirlpools im Tessin. Erfahren Sie mehr dar\u00fcber, wie diese Ihr Wohlbefinden steigern k\u00f6nnen.","breadcrumb":{"@id":"https:\/\/www.atecpool.ch\/de\/whirlpools\/fidschi\/#breadcrumb"},"inLanguage":"de-DE","potentialAction":[{"@type":"ReadAction","target":["https:\/\/www.atecpool.ch\/de\/whirlpools\/fidschi\/"]}]},{"@type":"ImageObject","inLanguage":"de-DE","@id":"https:\/\/www.atecpool.ch\/de\/whirlpools\/fidschi\/#primaryimage","url":"https:\/\/www.atecpool.ch\/wp-content\/uploads\/2025\/05\/vasca-idromassaggio-design-notturno-led-terrazza-scaled.webp","contentUrl":"https:\/\/www.atecpool.ch\/wp-content\/uploads\/2025\/05\/vasca-idromassaggio-design-notturno-led-terrazza-scaled.webp","width":1600,"height":1200,"caption":"Ein perfekter Moment der Entspannung: Whirlpool mit blauem LED-Licht, ideal f\u00fcr Abende im Freien auf der Terrasse."},{"@type":"BreadcrumbList","@id":"https:\/\/www.atecpool.ch\/de\/whirlpools\/fidschi\/#breadcrumb","itemListElement":[{"@type":"ListItem","position":1,"name":"Home","item":"https:\/\/www.atecpool.ch\/de\/home\/"},{"@type":"ListItem","position":2,"name":"Whirlpools","item":"https:\/\/www.atecpool.ch\/de\/whirlpools\/"},{"@type":"ListItem","position":3,"name":"Fidji"}]},{"@type":"WebSite","@id":"https:\/\/www.atecpool.ch\/de\/#website","url":"https:\/\/www.atecpool.ch\/de\/","name":"Atec Pool","description":"Pool \u00b7 Sauna \u00b7 Wellness","publisher":{"@id":"https:\/\/www.atecpool.ch\/de\/#organization"},"potentialAction":[{"@type":"SearchAction","target":{"@type":"EntryPoint","urlTemplate":"https:\/\/www.atecpool.ch\/de\/?s={search_term_string}"},"query-input":{"@type":"PropertyValueSpecification","valueRequired":true,"valueName":"search_term_string"}}],"inLanguage":"de-DE"},{"@type":["Organization","Place"],"@id":"https:\/\/www.atecpool.ch\/de\/#organization","name":"Atec Pool","url":"https:\/\/www.atecpool.ch\/de\/","logo":{"@id":"https:\/\/www.atecpool.ch\/de\/whirlpools\/fidschi\/#local-main-organization-logo"},"image":{"@id":"https:\/\/www.atecpool.ch\/de\/whirlpools\/fidschi\/#local-main-organization-logo"},"sameAs":["https:\/\/www.facebook.com\/atecpool.ch\/","https:\/\/www.instagram.com\/atecpool_ch\/"],"address":{"@id":"https:\/\/www.atecpool.ch\/de\/whirlpools\/fidschi\/#local-main-place-address"},"telephone":["+41 91 980 33 93"],"openingHoursSpecification":[{"@type":"OpeningHoursSpecification","dayOfWeek":["Monday","Tuesday","Wednesday","Thursday","Friday","Saturday","Sunday"],"opens":"09:00","closes":"17:00"}],"email":"info@atecpool.ch"},{"@type":"PostalAddress","@id":"https:\/\/www.atecpool.ch\/de\/whirlpools\/fidschi\/#local-main-place-address","streetAddress":"Via Cantonale 5","addressLocality":"Grancia","postalCode":"6916","addressCountry":"CH"},{"@type":"ImageObject","inLanguage":"de-DE","@id":"https:\/\/www.atecpool.ch\/de\/whirlpools\/fidschi\/#local-main-organization-logo","url":"https:\/\/www.atecpool.ch\/wp-content\/uploads\/2020\/09\/atec_logo.png","contentUrl":"https:\/\/www.atecpool.ch\/wp-content\/uploads\/2020\/09\/atec_logo.png","width":500,"height":145,"caption":"Atec Pool"}]},"geo.placename":"Grancia","geo.region":"Schweiz"},"_links":{"self":[{"href":"https:\/\/www.atecpool.ch\/de\/wp-json\/wp\/v2\/pages\/36572","targetHints":{"allow":["GET"]}}],"collection":[{"href":"https:\/\/www.atecpool.ch\/de\/wp-json\/wp\/v2\/pages"}],"about":[{"href":"https:\/\/www.atecpool.ch\/de\/wp-json\/wp\/v2\/types\/page"}],"author":[{"embeddable":true,"href":"https:\/\/www.atecpool.ch\/de\/wp-json\/wp\/v2\/users\/4"}],"replies":[{"embeddable":true,"href":"https:\/\/www.atecpool.ch\/de\/wp-json\/wp\/v2\/comments?post=36572"}],"version-history":[{"count":14,"href":"https:\/\/www.atecpool.ch\/de\/wp-json\/wp\/v2\/pages\/36572\/revisions"}],"predecessor-version":[{"id":36792,"href":"https:\/\/www.atecpool.ch\/de\/wp-json\/wp\/v2\/pages\/36572\/revisions\/36792"}],"up":[{"embeddable":true,"href":"https:\/\/www.atecpool.ch\/de\/wp-json\/wp\/v2\/pages\/20106"}],"wp:featuredmedia":[{"embeddable":true,"href":"https:\/\/www.atecpool.ch\/de\/wp-json\/wp\/v2\/media\/34054"}],"wp:attachment":[{"href":"https:\/\/www.atecpool.ch\/de\/wp-json\/wp\/v2\/media?parent=36572"}],"curies":[{"name":"wp","href":"https:\/\/api.w.org\/{rel}","templated":true}]}}