{"id":33022,"date":"2025-04-17T16:07:30","date_gmt":"2025-04-17T14:07:30","guid":{"rendered":"https:\/\/www.atecpool.ch\/poolsanierung-vorher-nachher\/"},"modified":"2025-06-12T17:14:24","modified_gmt":"2025-06-12T15:14:24","slug":"poolsanierung-vorher-nachher","status":"publish","type":"page","link":"https:\/\/www.atecpool.ch\/de\/poolsanierung-vorher-nachher\/","title":{"rendered":"Poolsanierung \u2013 Vorher &#038; Nachher"},"content":{"rendered":"<div class=\"wpb-content-wrapper\"><p class=\"ai-optimize-10\">[vc_row][vc_column][vc_column_text]<\/p>\n<p class=\"ai-optimize-270 ai-optimize-introduction\">[\/vc_column_text][\/vc_column][\/vc_row][vc_section css=&#8221;.vc_custom_1744896571306{background-color: #FFFFFF !important;}&#8221;][vc_row bg_type=&#8221;bg_color&#8221; bg_color_value=&#8221;#FFFFFF&#8221;][vc_column width=&#8221;1\/2&#8243;][vc_column_text css=&#8221;&#8221;]<\/p>\n<h2 class=\"ai-optimize-11\"><strong>Pool-Transformationen von Atec Pool<\/strong><\/h2>\n<p class=\"ai-optimize-12\">[\/vc_column_text][vc_column_text css=&#8221;&#8221;]Die Sanierung eines Pools kann einen Aussenbereich vollst\u00e4ndig verwandeln \u2013 moderner, sicherer und funktionaler. Auf dieser Seite zeigen wir Ihnen echte <strong data-start=\"310\" data-end=\"344\">Vorher-Nachher-Poolsanierungen<\/strong>, die das Team von Atec Pool in der ganzen S\u00fcdschweiz realisiert hat.[\/vc_column_text][vc_column_text css=&#8221;&#8221;]<\/p>\n<h2 class=\"ai-optimize-271\" data-start=\"192\" data-end=\"243\"><strong data-start=\"200\" data-end=\"243\">Verwendete Materialien und Technologien<\/strong><\/h2>\n<p class=\"ai-optimize-272\" data-start=\"245\" data-end=\"349\">Bei jedem Projekt setzen wir auf hochwertige Materialien und individuell angepasste technische L\u00f6sungen:<\/p>\n<ul data-start=\"351\" data-end=\"690\">\n<li class=\"ai-optimize-273\" data-start=\"351\" data-end=\"414\">\n<p class=\"ai-optimize-274\" data-start=\"353\" data-end=\"414\"><strong data-start=\"353\" data-end=\"372\">EPS-Schalsteine<\/strong> f\u00fcr eine solide, gut isolierte Struktur<\/p>\n<\/li>\n<li class=\"ai-optimize-275\" data-start=\"415\" data-end=\"492\">\n<p class=\"ai-optimize-276\" data-start=\"417\" data-end=\"492\"><strong data-start=\"417\" data-end=\"444\">PVC-Touch-Auskleidungen<\/strong> mit nat\u00fcrlicher Optik, rutschfest und elegant<\/p>\n<\/li>\n<li class=\"ai-optimize-277\" data-start=\"493\" data-end=\"566\">\n<p class=\"ai-optimize-278\" data-start=\"495\" data-end=\"566\"><strong data-start=\"495\" data-end=\"515\">Natursteinr\u00e4nder<\/strong> f\u00fcr eine harmonische Integration in die Umgebung<\/p>\n<\/li>\n<li class=\"ai-optimize-279\" data-start=\"567\" data-end=\"634\">\n<p class=\"ai-optimize-280\" data-start=\"569\" data-end=\"634\"><strong data-start=\"569\" data-end=\"589\">R\u00f6mische Treppen<\/strong> f\u00fcr einen bequemen und stilvollen Einstieg<\/p>\n<\/li>\n<li class=\"ai-optimize-281\" data-start=\"635\" data-end=\"690\">\n<p class=\"ai-optimize-282\" data-start=\"637\" data-end=\"690\"><strong data-start=\"637\" data-end=\"662\">Moderne Filtersysteme<\/strong>, leise und energieeffizient<\/p>\n<\/li>\n<\/ul>\n<hr class=\"\" data-start=\"692\" data-end=\"695\" \/>\n<p class=\"ai-optimize-283\">[\/vc_column_text][\/vc_column][vc_column width=&#8221;1\/2&#8243;][vc_column_text css=&#8221;&#8221;]<\/p>\n<h2 class=\"ai-optimize-284\" data-start=\"179\" data-end=\"217\"><strong data-start=\"187\" data-end=\"217\">Vorteile der Poolsanierung<\/strong><\/h2>\n<p class=\"ai-optimize-285\" data-start=\"219\" data-end=\"266\">Die Sanierung eines bestehenden Pools bedeutet:<\/p>\n<ul data-start=\"268\" data-end=\"450\">\n<li class=\"ai-optimize-286\" data-start=\"268\" data-end=\"310\">\n<p class=\"ai-optimize-287\" data-start=\"270\" data-end=\"310\"><strong data-start=\"270\" data-end=\"308\">Mehr Sicherheit und Funktionalit\u00e4t<\/strong><\/p>\n<\/li>\n<li class=\"ai-optimize-288\" data-start=\"311\" data-end=\"344\">\n<p class=\"ai-optimize-289\" data-start=\"313\" data-end=\"344\"><strong data-start=\"313\" data-end=\"342\">Ein pflegeleichtes Becken<\/strong><\/p>\n<\/li>\n<li class=\"ai-optimize-290\" data-start=\"345\" data-end=\"389\">\n<p class=\"ai-optimize-291\" data-start=\"347\" data-end=\"389\"><strong data-start=\"347\" data-end=\"387\">Eine optische Aufwertung des Gartens<\/strong><\/p>\n<\/li>\n<li class=\"ai-optimize-292\" data-start=\"390\" data-end=\"450\">\n<p class=\"ai-optimize-293\" data-start=\"392\" data-end=\"450\"><strong data-start=\"392\" data-end=\"450\">Individuelle Gestaltung von Form, Ausstattung und Stil<\/strong><\/p>\n<\/li>\n<\/ul>\n<p class=\"ai-optimize-294\">[\/vc_column_text][vc_column_text css=&#8221;&#8221;]<\/p>\n<h2 class=\"ai-optimize-295\" data-start=\"186\" data-end=\"241\"><strong data-start=\"194\" data-end=\"241\">Kontaktieren Sie uns f\u00fcr Ihre Poolsanierung<\/strong><\/h2>\n<p class=\"ai-optimize-296\" data-start=\"243\" data-end=\"391\">Haben Sie einen alten, besch\u00e4digten oder nicht mehr funktionierenden Pool?<br data-start=\"317\" data-end=\"320\" \/>Ihr \u201eVorher\u201c kann ein beeindruckendes \u201eNachher\u201c werden \u2013 mit Atec Pool.<\/p>\n<p class=\"ai-optimize-297\" data-start=\"393\" data-end=\"473\"><strong data-start=\"396\" data-end=\"426\">Kontaktieren Sie uns jetzt<\/strong> f\u00fcr eine kostenlose und individuelle Beratung.<\/p>\n<p class=\"ai-optimize-298\" data-start=\"475\" data-end=\"616\">M\u00f6chten Sie mehr \u00fcber uns erfahren?<br data-start=\"534\" data-end=\"537\" \/>Dann besuchen Sie den Bereich <a href=\"https:\/\/www.atecpool.ch\/de\/unser-unternehmen\/\" target=\"_new\" rel=\"noopener\" data-start=\"567\" data-end=\"615\">\u00dcber uns<\/a>.<\/p>\n<hr class=\"\" data-start=\"618\" data-end=\"621\" \/>\n<p class=\"ai-optimize-299\">[\/vc_column_text][\/vc_column][\/vc_row][vc_row][vc_column][vc_column_text css=&#8221;&#8221;]<\/p>\n<h2 class=\"ai-optimize-300\" data-start=\"197\" data-end=\"238\"><strong data-start=\"205\" data-end=\"238\">Beispiele f\u00fcr Poolsanierungen<\/strong><\/h2>\n<p class=\"ai-optimize-301\" data-start=\"240\" data-end=\"402\">Jedes Projekt erz\u00e4hlt seine eigene Geschichte: verwitterte Holzbecken, alte Pools mit blauer Innenh\u00fclle, sich abl\u00f6sende Mosaike oder veraltete technische Anlagen.<\/p>\n<p class=\"ai-optimize-302\">[\/vc_column_text][\/vc_column][\/vc_row][\/vc_section][vc_row title=&#8221;Richiedi informazioni&#8221; style=&#8221;modern&#8221; gradient_color_1=&#8221;turquoise&#8221; gradient_color_2=&#8221;blue&#8221; gradient_custom_color_1=&#8221;#dd3333&#8243; gradient_custom_color_2=&#8221;#eeee22&#8243; gradient_text_color=&#8221;#ffffff&#8221; custom_background=&#8221;#ededed&#8221; custom_text=&#8221;#666666&#8243; outline_custom_color=&#8221;#666666&#8243; outline_custom_hover_background=&#8221;#666666&#8243; outline_custom_hover_text=&#8221;#ffffff&#8221; shape=&#8221;rounded&#8221; color=&#8221;blue&#8221; size=&#8221;lg&#8221; align=&#8221;center&#8221; button_block=&#8221;&#8221; add_icon=&#8221;true&#8221; i_align=&#8221;right&#8221; i_type=&#8221;fontawesome&#8221; i_icon_fontawesome=&#8221;fas fa-info&#8221; i_icon_openiconic=&#8221;vc-oi vc-oi-dial&#8221; i_icon_typicons=&#8221;typcn typcn-adjust-brightness&#8221; i_icon_entypo=&#8221;entypo-icon entypo-icon-note&#8221; i_icon_linecons=&#8221;vc_li vc_li-heart&#8221; i_icon_monosocial=&#8221;vc-mono vc-mono-fivehundredpx&#8221; i_icon_material=&#8221;vc-material vc-material-cake&#8221; i_icon_pixelicons=&#8221;vc_pixel_icon vc_pixel_icon-alert&#8221; custom_onclick=&#8221;&#8221; link=&#8221;url:https%3A%2F%2Fwww.atecpool.ch%2Fform-view%2F4|title:Richiedi%20informazioni|target:_blank&#8221; custom_onclick_code=&#8221;&#8221;][vc_column][vc_btn title=&#8221;M\u00f6chten Sie Ihren Pool sanieren? Kontaktieren Sie uns f\u00fcr eine unverbindliche Beratung&#8221; color=&#8221;blue&#8221; size=&#8221;lg&#8221; align=&#8221;center&#8221; i_align=&#8221;right&#8221; i_icon_fontawesome=&#8221;&#8221; css=&#8221;&#8221; add_icon=&#8221;true&#8221; link=&#8221;url:https%3A%2F%2Fwww.atecpool.ch%2Fform-view%2F7|title:Anfrage%20Informationen|target:_blank|&#8221;][\/vc_column][\/vc_row][vc_row][vc_column][vc_row_inner][vc_column_inner]<div id=\"twenty20-1\" class=\"twenty20\" style=\"width: 100% !important; clear: both;\"><div class=\"twentytwenty-container twenty20-1 t20-hover\"><img width=\"800\" height=\"500\" decoding=\"async\" src=\"https:\/\/www.atecpool.ch\/wp-content\/uploads\/2025\/04\/Unbenannt-3.webp\" alt=\"Vecchia piscina con forma irregolare e rivestimento in piastrelle a Ronco sopra Ascona\" \/><img width=\"800\" height=\"500\" decoding=\"async\" src=\"https:\/\/www.atecpool.ch\/wp-content\/uploads\/2025\/04\/Dopo-Ronco-sopra-Ascona.webp\" alt=\"Piscina con rivestimento in piastrelle scure Rosa Gres, infinity pool verso il lago e bordo a tracimazione su tre lati a Ronco sopra Ascona\" \/><\/div><\/div><div id=\"twenty20-2\" class=\"twenty20\" style=\"width: 100% !important; clear: both;\"><div class=\"twentytwenty-container twenty20-2 t20-hover\"><img width=\"800\" height=\"500\" decoding=\"async\" src=\"https:\/\/www.atecpool.ch\/wp-content\/uploads\/2025\/04\/Prima-Piscina-a-Vernate.jpg\" alt=\"Piscina fuori terra in legno con sacco di rivestimento in PVC deteriorato\" \/><img width=\"800\" height=\"500\" decoding=\"async\" src=\"https:\/\/www.atecpool.ch\/wp-content\/uploads\/2025\/04\/Dopo-Piscina-a-Vernate.webp\" alt=\"Piscina interrata con bordo in pietra naturale e rivestimento in PVC\" \/><\/div><\/div><div id=\"twenty20-3\" class=\"twenty20\" style=\"width: 100% !important; clear: both;\"><div class=\"twentytwenty-container twenty20-3 t20-hover\"><img width=\"800\" height=\"500\" decoding=\"async\" src=\"https:\/\/www.atecpool.ch\/wp-content\/uploads\/2025\/04\/Prima-Piscina-a-Gravesano.jpg\" alt=\"Vecchia piscina in legno con rivestimento a sacco blu prima del risanamento a Gravesano\" \/><img width=\"800\" height=\"500\" decoding=\"async\" src=\"https:\/\/www.atecpool.ch\/wp-content\/uploads\/2025\/04\/Dopo-Piscina-a-Gravesano.webp\" alt=\"Eingelassener Pool aus EPS mit PVC Touch-Auskleidung und Serizzorand in Gravesano\" \/><\/div><\/div><div id=\"twenty20-4\" class=\"twenty20\" style=\"width: 100% !important; clear: both;\"><div class=\"twentytwenty-container twenty20-4 t20-hover\"><img width=\"800\" height=\"500\" decoding=\"async\" src=\"https:\/\/www.atecpool.ch\/wp-content\/uploads\/2025\/04\/Prima-Piscina-a-Carabietta.webp\" alt=\"Piscina in mosaico danneggiata con impianto obsoleto a Carabietta\" \/><img width=\"800\" height=\"500\" decoding=\"async\" src=\"https:\/\/www.atecpool.ch\/wp-content\/uploads\/2025\/04\/Zimmermann-3.webp\" alt=\"Piscina ristrutturata a Carabietta con rivestimento in PVC Touch, bordo in sasso e scala romana\" \/><\/div><\/div>[\/vc_column_inner][\/vc_row_inner][\/vc_column][\/vc_row][vc_row][vc_column][vc_column_text]<\/p>\n<p class=\"ai-optimize-13\">[\/vc_column_text][\/vc_column][\/vc_row]<\/p>\n<\/div>","protected":false},"excerpt":{"rendered":"<p>[vc_row][vc_column][vc_column_text] [\/vc_column_text][\/vc_column][\/vc_row][vc_section css=&#8221;.vc_custom_1744896571306{background-color: #FFFFFF !important;}&#8221;][vc_row bg_type=&#8221;bg_color&#8221; bg_color_value=&#8221;#FFFFFF&#8221;][vc_column width=&#8221;1\/2&#8243;][vc_column_text css=&#8221;&#8221;] Pool-Transformationen von Atec Pool [\/vc_column_text][vc_column_text css=&#8221;&#8221;]Die Sanierung eines Pools kann einen Aussenbereich vollst\u00e4ndig verwandeln \u2013 moderner, sicherer<span class=\"excerpt-hellip\"> [\u2026]<\/span><\/p>\n","protected":false},"author":4,"featured_media":32878,"parent":0,"menu_order":0,"comment_status":"closed","ping_status":"closed","template":"","meta":{"footnotes":""},"class_list":["post-33022","page","type-page","status-publish","has-post-thumbnail","hentry"],"yoast_head":"<!-- This site is optimized with the Yoast SEO Premium plugin v26.2 (Yoast SEO v27.4) - https:\/\/yoast.com\/product\/yoast-seo-premium-wordpress\/ -->\n<title>Poolsanierung \u2013 Vorher &amp; Nachher - Atec Pool<\/title>\n<meta name=\"description\" content=\"Vorher und nachher Poolsanierung \u2013 Sehen Sie sich die Poolsanierungsprojekte von Atec Pool an.\" \/>\n<meta name=\"robots\" content=\"index, follow, max-snippet:-1, max-image-preview:large, max-video-preview:-1\" \/>\n<link rel=\"canonical\" href=\"https:\/\/www.atecpool.ch\/de\/poolsanierung-vorher-nachher\/\" \/>\n<meta property=\"og:locale\" content=\"de_DE\" \/>\n<meta property=\"og:type\" content=\"article\" \/>\n<meta property=\"og:title\" content=\"Poolsanierung \u2013 Vorher &amp; Nachher\" \/>\n<meta property=\"og:description\" content=\"Vorher und nachher Poolsanierung \u2013 Sehen Sie sich die Poolsanierungsprojekte von Atec Pool an.\" \/>\n<meta property=\"og:url\" content=\"https:\/\/www.atecpool.ch\/de\/poolsanierung-vorher-nachher\/\" \/>\n<meta property=\"og:site_name\" content=\"Atec Pool\" \/>\n<meta property=\"article:publisher\" content=\"https:\/\/www.facebook.com\/atecpool.ch\/\" \/>\n<meta property=\"article:modified_time\" content=\"2025-06-12T15:14:24+00:00\" \/>\n<meta property=\"og:image\" content=\"https:\/\/www.atecpool.ch\/wp-content\/uploads\/2025\/04\/IMG_9859-scaled.jpg\" \/>\n\t<meta property=\"og:image:width\" content=\"1920\" \/>\n\t<meta property=\"og:image:height\" content=\"1440\" \/>\n\t<meta property=\"og:image:type\" content=\"image\/jpeg\" \/>\n<meta name=\"twitter:card\" content=\"summary_large_image\" \/>\n<meta name=\"twitter:label1\" content=\"Gesch\u00e4tzte Lesezeit\" \/>\n\t<meta name=\"twitter:data1\" content=\"2 minutes\" \/>\n<script type=\"application\/ld+json\" class=\"yoast-schema-graph\">{\"@context\":\"https:\\\/\\\/schema.org\",\"@graph\":[{\"@type\":\"WebPage\",\"@id\":\"https:\\\/\\\/www.atecpool.ch\\\/de\\\/poolsanierung-vorher-nachher\\\/\",\"url\":\"https:\\\/\\\/www.atecpool.ch\\\/de\\\/poolsanierung-vorher-nachher\\\/\",\"name\":\"Poolsanierung \u2013 Vorher & Nachher - Atec Pool\",\"isPartOf\":{\"@id\":\"https:\\\/\\\/www.atecpool.ch\\\/de\\\/#website\"},\"primaryImageOfPage\":{\"@id\":\"https:\\\/\\\/www.atecpool.ch\\\/de\\\/poolsanierung-vorher-nachher\\\/#primaryimage\"},\"image\":{\"@id\":\"https:\\\/\\\/www.atecpool.ch\\\/de\\\/poolsanierung-vorher-nachher\\\/#primaryimage\"},\"thumbnailUrl\":\"https:\\\/\\\/www.atecpool.ch\\\/wp-content\\\/uploads\\\/2025\\\/04\\\/IMG_9859-scaled.jpg\",\"datePublished\":\"2025-04-17T14:07:30+00:00\",\"dateModified\":\"2025-06-12T15:14:24+00:00\",\"description\":\"Vorher und nachher Poolsanierung \u2013 Sehen Sie sich die Poolsanierungsprojekte von Atec Pool an.\",\"breadcrumb\":{\"@id\":\"https:\\\/\\\/www.atecpool.ch\\\/de\\\/poolsanierung-vorher-nachher\\\/#breadcrumb\"},\"inLanguage\":\"de-DE\",\"potentialAction\":[{\"@type\":\"ReadAction\",\"target\":[\"https:\\\/\\\/www.atecpool.ch\\\/de\\\/poolsanierung-vorher-nachher\\\/\"]}]},{\"@type\":\"ImageObject\",\"inLanguage\":\"de-DE\",\"@id\":\"https:\\\/\\\/www.atecpool.ch\\\/de\\\/poolsanierung-vorher-nachher\\\/#primaryimage\",\"url\":\"https:\\\/\\\/www.atecpool.ch\\\/wp-content\\\/uploads\\\/2025\\\/04\\\/IMG_9859-scaled.jpg\",\"contentUrl\":\"https:\\\/\\\/www.atecpool.ch\\\/wp-content\\\/uploads\\\/2025\\\/04\\\/IMG_9859-scaled.jpg\",\"width\":1920,\"height\":1440,\"caption\":\"Bau eines Infinity-Pools auf einer Panoramaterrasse mit Seeblick im Tessin. Massgeschneidertes Projekt mit Natursteinverkleidungen und modernem Design, das in die Landschaft integriert ist.\"},{\"@type\":\"BreadcrumbList\",\"@id\":\"https:\\\/\\\/www.atecpool.ch\\\/de\\\/poolsanierung-vorher-nachher\\\/#breadcrumb\",\"itemListElement\":[{\"@type\":\"ListItem\",\"position\":1,\"name\":\"Home\",\"item\":\"https:\\\/\\\/www.atecpool.ch\\\/de\\\/home\\\/\"},{\"@type\":\"ListItem\",\"position\":2,\"name\":\"Poolsanierung \u2013 Vorher &#038; Nachher\"}]},{\"@type\":\"WebSite\",\"@id\":\"https:\\\/\\\/www.atecpool.ch\\\/de\\\/#website\",\"url\":\"https:\\\/\\\/www.atecpool.ch\\\/de\\\/\",\"name\":\"Atec Pool\",\"description\":\"Pool \u00b7 Sauna \u00b7 Wellness\",\"publisher\":{\"@id\":\"https:\\\/\\\/www.atecpool.ch\\\/de\\\/#organization\"},\"potentialAction\":[{\"@type\":\"SearchAction\",\"target\":{\"@type\":\"EntryPoint\",\"urlTemplate\":\"https:\\\/\\\/www.atecpool.ch\\\/de\\\/?s={search_term_string}\"},\"query-input\":{\"@type\":\"PropertyValueSpecification\",\"valueRequired\":true,\"valueName\":\"search_term_string\"}}],\"inLanguage\":\"de-DE\"},{\"@type\":[\"Organization\",\"Place\"],\"@id\":\"https:\\\/\\\/www.atecpool.ch\\\/de\\\/#organization\",\"name\":\"Atec Pool\",\"url\":\"https:\\\/\\\/www.atecpool.ch\\\/de\\\/\",\"logo\":{\"@id\":\"https:\\\/\\\/www.atecpool.ch\\\/de\\\/poolsanierung-vorher-nachher\\\/#local-main-organization-logo\"},\"image\":{\"@id\":\"https:\\\/\\\/www.atecpool.ch\\\/de\\\/poolsanierung-vorher-nachher\\\/#local-main-organization-logo\"},\"sameAs\":[\"https:\\\/\\\/www.facebook.com\\\/atecpool.ch\\\/\",\"https:\\\/\\\/www.instagram.com\\\/atecpool_ch\\\/\"],\"address\":{\"@id\":\"https:\\\/\\\/www.atecpool.ch\\\/de\\\/poolsanierung-vorher-nachher\\\/#local-main-place-address\"},\"telephone\":[\"+41 91 980 33 93\"],\"openingHoursSpecification\":[{\"@type\":\"OpeningHoursSpecification\",\"dayOfWeek\":[\"Monday\",\"Tuesday\",\"Wednesday\",\"Thursday\",\"Friday\",\"Saturday\",\"Sunday\"],\"opens\":\"09:00\",\"closes\":\"17:00\"}],\"email\":\"info@atecpool.ch\"},{\"@type\":\"PostalAddress\",\"@id\":\"https:\\\/\\\/www.atecpool.ch\\\/de\\\/poolsanierung-vorher-nachher\\\/#local-main-place-address\",\"streetAddress\":\"Via Cantonale 5\",\"addressLocality\":\"Grancia\",\"postalCode\":\"6916\",\"addressCountry\":\"CH\"},{\"@type\":\"ImageObject\",\"inLanguage\":\"de-DE\",\"@id\":\"https:\\\/\\\/www.atecpool.ch\\\/de\\\/poolsanierung-vorher-nachher\\\/#local-main-organization-logo\",\"url\":\"https:\\\/\\\/www.atecpool.ch\\\/wp-content\\\/uploads\\\/2020\\\/09\\\/atec_logo.png\",\"contentUrl\":\"https:\\\/\\\/www.atecpool.ch\\\/wp-content\\\/uploads\\\/2020\\\/09\\\/atec_logo.png\",\"width\":500,\"height\":145,\"caption\":\"Atec Pool\"}]}<\/script>\n<meta name=\"geo.placename\" content=\"Grancia\" \/>\n<meta name=\"geo.region\" content=\"Schweiz\" \/>\n<!-- \/ Yoast SEO Premium plugin. -->","yoast_head_json":{"title":"Poolsanierung \u2013 Vorher & Nachher - Atec Pool","description":"Vorher und nachher Poolsanierung \u2013 Sehen Sie sich die Poolsanierungsprojekte von Atec Pool an.","robots":{"index":"index","follow":"follow","max-snippet":"max-snippet:-1","max-image-preview":"max-image-preview:large","max-video-preview":"max-video-preview:-1"},"canonical":"https:\/\/www.atecpool.ch\/de\/poolsanierung-vorher-nachher\/","og_locale":"de_DE","og_type":"article","og_title":"Poolsanierung \u2013 Vorher & Nachher","og_description":"Vorher und nachher Poolsanierung \u2013 Sehen Sie sich die Poolsanierungsprojekte von Atec Pool an.","og_url":"https:\/\/www.atecpool.ch\/de\/poolsanierung-vorher-nachher\/","og_site_name":"Atec Pool","article_publisher":"https:\/\/www.facebook.com\/atecpool.ch\/","article_modified_time":"2025-06-12T15:14:24+00:00","og_image":[{"width":1920,"height":1440,"url":"https:\/\/www.atecpool.ch\/wp-content\/uploads\/2025\/04\/IMG_9859-scaled.jpg","type":"image\/jpeg"}],"twitter_card":"summary_large_image","twitter_misc":{"Gesch\u00e4tzte Lesezeit":"2 minutes"},"schema":{"@context":"https:\/\/schema.org","@graph":[{"@type":"WebPage","@id":"https:\/\/www.atecpool.ch\/de\/poolsanierung-vorher-nachher\/","url":"https:\/\/www.atecpool.ch\/de\/poolsanierung-vorher-nachher\/","name":"Poolsanierung \u2013 Vorher & Nachher - Atec Pool","isPartOf":{"@id":"https:\/\/www.atecpool.ch\/de\/#website"},"primaryImageOfPage":{"@id":"https:\/\/www.atecpool.ch\/de\/poolsanierung-vorher-nachher\/#primaryimage"},"image":{"@id":"https:\/\/www.atecpool.ch\/de\/poolsanierung-vorher-nachher\/#primaryimage"},"thumbnailUrl":"https:\/\/www.atecpool.ch\/wp-content\/uploads\/2025\/04\/IMG_9859-scaled.jpg","datePublished":"2025-04-17T14:07:30+00:00","dateModified":"2025-06-12T15:14:24+00:00","description":"Vorher und nachher Poolsanierung \u2013 Sehen Sie sich die Poolsanierungsprojekte von Atec Pool an.","breadcrumb":{"@id":"https:\/\/www.atecpool.ch\/de\/poolsanierung-vorher-nachher\/#breadcrumb"},"inLanguage":"de-DE","potentialAction":[{"@type":"ReadAction","target":["https:\/\/www.atecpool.ch\/de\/poolsanierung-vorher-nachher\/"]}]},{"@type":"ImageObject","inLanguage":"de-DE","@id":"https:\/\/www.atecpool.ch\/de\/poolsanierung-vorher-nachher\/#primaryimage","url":"https:\/\/www.atecpool.ch\/wp-content\/uploads\/2025\/04\/IMG_9859-scaled.jpg","contentUrl":"https:\/\/www.atecpool.ch\/wp-content\/uploads\/2025\/04\/IMG_9859-scaled.jpg","width":1920,"height":1440,"caption":"Bau eines Infinity-Pools auf einer Panoramaterrasse mit Seeblick im Tessin. Massgeschneidertes Projekt mit Natursteinverkleidungen und modernem Design, das in die Landschaft integriert ist."},{"@type":"BreadcrumbList","@id":"https:\/\/www.atecpool.ch\/de\/poolsanierung-vorher-nachher\/#breadcrumb","itemListElement":[{"@type":"ListItem","position":1,"name":"Home","item":"https:\/\/www.atecpool.ch\/de\/home\/"},{"@type":"ListItem","position":2,"name":"Poolsanierung \u2013 Vorher &#038; Nachher"}]},{"@type":"WebSite","@id":"https:\/\/www.atecpool.ch\/de\/#website","url":"https:\/\/www.atecpool.ch\/de\/","name":"Atec Pool","description":"Pool \u00b7 Sauna \u00b7 Wellness","publisher":{"@id":"https:\/\/www.atecpool.ch\/de\/#organization"},"potentialAction":[{"@type":"SearchAction","target":{"@type":"EntryPoint","urlTemplate":"https:\/\/www.atecpool.ch\/de\/?s={search_term_string}"},"query-input":{"@type":"PropertyValueSpecification","valueRequired":true,"valueName":"search_term_string"}}],"inLanguage":"de-DE"},{"@type":["Organization","Place"],"@id":"https:\/\/www.atecpool.ch\/de\/#organization","name":"Atec Pool","url":"https:\/\/www.atecpool.ch\/de\/","logo":{"@id":"https:\/\/www.atecpool.ch\/de\/poolsanierung-vorher-nachher\/#local-main-organization-logo"},"image":{"@id":"https:\/\/www.atecpool.ch\/de\/poolsanierung-vorher-nachher\/#local-main-organization-logo"},"sameAs":["https:\/\/www.facebook.com\/atecpool.ch\/","https:\/\/www.instagram.com\/atecpool_ch\/"],"address":{"@id":"https:\/\/www.atecpool.ch\/de\/poolsanierung-vorher-nachher\/#local-main-place-address"},"telephone":["+41 91 980 33 93"],"openingHoursSpecification":[{"@type":"OpeningHoursSpecification","dayOfWeek":["Monday","Tuesday","Wednesday","Thursday","Friday","Saturday","Sunday"],"opens":"09:00","closes":"17:00"}],"email":"info@atecpool.ch"},{"@type":"PostalAddress","@id":"https:\/\/www.atecpool.ch\/de\/poolsanierung-vorher-nachher\/#local-main-place-address","streetAddress":"Via Cantonale 5","addressLocality":"Grancia","postalCode":"6916","addressCountry":"CH"},{"@type":"ImageObject","inLanguage":"de-DE","@id":"https:\/\/www.atecpool.ch\/de\/poolsanierung-vorher-nachher\/#local-main-organization-logo","url":"https:\/\/www.atecpool.ch\/wp-content\/uploads\/2020\/09\/atec_logo.png","contentUrl":"https:\/\/www.atecpool.ch\/wp-content\/uploads\/2020\/09\/atec_logo.png","width":500,"height":145,"caption":"Atec Pool"}]},"geo.placename":"Grancia","geo.region":"Schweiz"},"_links":{"self":[{"href":"https:\/\/www.atecpool.ch\/de\/wp-json\/wp\/v2\/pages\/33022","targetHints":{"allow":["GET"]}}],"collection":[{"href":"https:\/\/www.atecpool.ch\/de\/wp-json\/wp\/v2\/pages"}],"about":[{"href":"https:\/\/www.atecpool.ch\/de\/wp-json\/wp\/v2\/types\/page"}],"author":[{"embeddable":true,"href":"https:\/\/www.atecpool.ch\/de\/wp-json\/wp\/v2\/users\/4"}],"replies":[{"embeddable":true,"href":"https:\/\/www.atecpool.ch\/de\/wp-json\/wp\/v2\/comments?post=33022"}],"version-history":[{"count":4,"href":"https:\/\/www.atecpool.ch\/de\/wp-json\/wp\/v2\/pages\/33022\/revisions"}],"predecessor-version":[{"id":34352,"href":"https:\/\/www.atecpool.ch\/de\/wp-json\/wp\/v2\/pages\/33022\/revisions\/34352"}],"wp:featuredmedia":[{"embeddable":true,"href":"https:\/\/www.atecpool.ch\/de\/wp-json\/wp\/v2\/media\/32878"}],"wp:attachment":[{"href":"https:\/\/www.atecpool.ch\/de\/wp-json\/wp\/v2\/media?parent=33022"}],"curies":[{"name":"wp","href":"https:\/\/api.w.org\/{rel}","templated":true}]}}