{"id":31976,"date":"2025-01-28T17:06:31","date_gmt":"2025-01-28T16:06:31","guid":{"rendered":"https:\/\/www.atecpool.ch\/sauna-olympus\/"},"modified":"2025-10-27T11:37:50","modified_gmt":"2025-10-27T10:37:50","slug":"sauna-olympus","status":"publish","type":"page","link":"https:\/\/www.atecpool.ch\/de\/lugano-saunen-innensauna-infrarotkabinen-ticino\/finnische-saunen-und-bio-saunen\/sauna-olympus\/","title":{"rendered":"Sauna Olympus"},"content":{"rendered":"<div class=\"wpb-content-wrapper\"><p>[vc_row][vc_column][vc_custom_heading text=&#8221;Sauna Olympus&#8221; font_container=&#8221;tag:h1|font_size:48|text_align:center|color:%23000000&#8243; use_theme_fonts=&#8221;yes&#8221; css=&#8221;.vc_custom_1761559517395{margin-top: 50px !important;}&#8221;][\/vc_column][\/vc_row][vc_row bg_type=&#8221;bg_color&#8221; bg_color_value=&#8221;#ffffff&#8221; css=&#8221;.vc_custom_1639739483920{background-color: #ffffff !important;}&#8221;][vc_column width=&#8221;2\/3&#8243; css=&#8221;.vc_custom_1639738698568{background-color: #ffffff !important;}&#8221;][vc_single_image image=&#8221;31959&#8243; img_size=&#8221;full&#8221; alignment=&#8221;center&#8221; css=&#8221;&#8221;][\/vc_column][vc_column width=&#8221;1\/3&#8243;][vc_text_separator title=&#8221;Beschreibung Olympus&#8221; border_width=&#8221;8&#8243; css=&#8221;&#8221;][vc_column_text css=&#8221;&#8221;]Masse: 2120 * 2040 * 2060 mm<\/p>\n<p>Die Harvia Sauna Olympus steht f\u00fcr h\u00f6chste Anspr\u00fcche an Luxus und Funktionalit\u00e4t.<br \/>Entwickelt f\u00fcr ein au\u00dfergew\u00f6hnliches Wellnesserlebnis, vereint sie elegantes Design mit hochwertigen Materialien.<br \/>Dank ihrer gro\u00dfz\u00fcgigen Abmessungen und stabilen Konstruktion ist sie ideal f\u00fcr den privaten oder professionellen Einsatz und bietet maximalen Komfort f\u00fcr mehrere Personen.  <\/p>\n<p>Mit ergonomischen B\u00e4nken, stabilen W\u00e4nden und edlen Details schafft die Sauna Olympus eine entspannende und einladende Atmosph\u00e4re.<br \/>Sie ist kompatibel mit modernsten Beleuchtungssystemen und den neuesten Harvia-\u00d6fen, um jede Saunasitzung individuell zu gestalten.<br \/>Ideal f\u00fcr alle, die einen exklusiven R\u00fcckzugsort suchen, der Stil, Funktionalit\u00e4t und finnische Tradition perfekt vereint.[\/vc_column_text][\/vc_column][\/vc_row][vc_row][vc_column][vc_separator color=&#8221;black&#8221; css=&#8221;&#8221;][\/vc_column][\/vc_row][vc_row content_placement=&#8221;middle&#8221;][vc_column width=&#8221;3\/4&#8243;][vc_gallery type=&#8221;flexslider_slide&#8221; interval=&#8221;3&#8243; images=&#8221;31961,31963,31965,31967,31959&#8243; img_size=&#8221;large&#8221; onclick=&#8221;&#8221; css=&#8221;&#8221;][\/vc_column][vc_column width=&#8221;1\/4&#8243; offset=&#8221;vc_hidden-xs&#8221;][vc_single_image image=&#8221;20321&#8243; img_size=&#8221;medium&#8221; alignment=&#8221;center&#8221; onclick=&#8221;custom_link&#8221; img_link_target=&#8221;_blank&#8221; css=&#8221;&#8221; link=&#8221;https:\/\/www.atecpool.ch\/wp-content\/uploads\/2025\/01\/Olympus_12-22_FI-SV-EN-DE-FR-ES-RU-1.pdf&#8221; title=&#8221;Montageanleitung&#8221;][\/vc_column][\/vc_row][vc_row][vc_column][vc_single_image image=&#8221;31971&#8243; img_size=&#8221;full&#8221; alignment=&#8221;center&#8221; onclick=&#8221;zoom&#8221; css=&#8221;&#8221;][\/vc_column][\/vc_row][vc_row][vc_column][vc_separator color=&#8221;black&#8221; css=&#8221;&#8221;][\/vc_column][\/vc_row][vc_section][vc_row][vc_column][vc_btn title=&#8221;Anfrageformular&#8221; color=&#8221;pink&#8221; size=&#8221;lg&#8221; align=&#8221;center&#8221; i_align=&#8221;right&#8221; i_icon_fontawesome=&#8221;&#8221; css=&#8221;&#8221; add_icon=&#8221;true&#8221; link=&#8221;url:https%3A%2F%2Fwww.atecpool.ch%2Fform-view%2F7|target:_blank|&#8221;][\/vc_column][\/vc_row][\/vc_section][vc_section][\/vc_section]<\/p>\n<\/div>","protected":false},"excerpt":{"rendered":"<p>[vc_row][vc_column][vc_custom_heading text=&#8221;Sauna Olympus&#8221; font_container=&#8221;tag:h1|font_size:48|text_align:center|color:%23000000&#8243; use_theme_fonts=&#8221;yes&#8221; css=&#8221;.vc_custom_1761559517395{margin-top: 50px !important;}&#8221;][\/vc_column][\/vc_row][vc_row bg_type=&#8221;bg_color&#8221; bg_color_value=&#8221;#ffffff&#8221; css=&#8221;.vc_custom_1639739483920{background-color: #ffffff !important;}&#8221;][vc_column width=&#8221;2\/3&#8243; css=&#8221;.vc_custom_1639738698568{background-color: #ffffff !important;}&#8221;][vc_single_image image=&#8221;31959&#8243; img_size=&#8221;full&#8221; alignment=&#8221;center&#8221; css=&#8221;&#8221;][\/vc_column][vc_column width=&#8221;1\/3&#8243;][vc_text_separator title=&#8221;Beschreibung Olympus&#8221; border_width=&#8221;8&#8243; css=&#8221;&#8221;][vc_column_text<span class=\"excerpt-hellip\"> [\u2026]<\/span><\/p>\n","protected":false},"author":4,"featured_media":31443,"parent":23166,"menu_order":0,"comment_status":"closed","ping_status":"closed","template":"","meta":{"footnotes":""},"class_list":["post-31976","page","type-page","status-publish","has-post-thumbnail","hentry"],"yoast_head":"<!-- This site is optimized with the Yoast SEO Premium plugin v26.2 (Yoast SEO v27.4) - https:\/\/yoast.com\/product\/yoast-seo-premium-wordpress\/ -->\n<title>Sauna Olympus \u2013 Finnische Sauna aus Holz | Atec Pool<\/title>\n<meta name=\"description\" content=\"Die Sauna Olympus von Harvia bietet Luxus, Komfort und Qualit\u00e4t. Elegantes Design und individuelle Anpassungsm\u00f6glichkeiten f\u00fcr ein einzigartiges Wellnesserlebnis.\" \/>\n<meta name=\"robots\" content=\"index, follow, max-snippet:-1, max-image-preview:large, max-video-preview:-1\" \/>\n<link rel=\"canonical\" href=\"https:\/\/www.atecpool.ch\/de\/lugano-saunen-innensauna-infrarotkabinen-ticino\/finnische-saunen-und-bio-saunen\/sauna-olympus\/\" \/>\n<meta property=\"og:locale\" content=\"de_DE\" \/>\n<meta property=\"og:type\" content=\"article\" \/>\n<meta property=\"og:title\" content=\"Sauna Olympus\" \/>\n<meta property=\"og:description\" content=\"Die Sauna Olympus von Harvia bietet Luxus, Komfort und Qualit\u00e4t. Elegantes Design und individuelle Anpassungsm\u00f6glichkeiten f\u00fcr ein einzigartiges Wellnesserlebnis.\" \/>\n<meta property=\"og:url\" content=\"https:\/\/www.atecpool.ch\/de\/lugano-saunen-innensauna-infrarotkabinen-ticino\/finnische-saunen-und-bio-saunen\/sauna-olympus\/\" \/>\n<meta property=\"og:site_name\" content=\"Atec Pool\" \/>\n<meta property=\"article:publisher\" content=\"https:\/\/www.facebook.com\/atecpool.ch\/\" \/>\n<meta property=\"article:modified_time\" content=\"2025-10-27T10:37:50+00:00\" \/>\n<meta property=\"og:image\" content=\"https:\/\/www.atecpool.ch\/wp-content\/uploads\/2025\/01\/Luxury_Saunas_Olympus-Kopie.jpg\" \/>\n\t<meta property=\"og:image:width\" content=\"800\" \/>\n\t<meta property=\"og:image:height\" content=\"800\" \/>\n\t<meta property=\"og:image:type\" content=\"image\/jpeg\" \/>\n<meta name=\"twitter:card\" content=\"summary_large_image\" \/>\n<meta name=\"twitter:label1\" content=\"Gesch\u00e4tzte Lesezeit\" \/>\n\t<meta name=\"twitter:data1\" content=\"2 minutes\" \/>\n<script type=\"application\/ld+json\" class=\"yoast-schema-graph\">{\"@context\":\"https:\\\/\\\/schema.org\",\"@graph\":[{\"@type\":\"WebPage\",\"@id\":\"https:\\\/\\\/www.atecpool.ch\\\/de\\\/lugano-saunen-innensauna-infrarotkabinen-ticino\\\/finnische-saunen-und-bio-saunen\\\/sauna-olympus\\\/\",\"url\":\"https:\\\/\\\/www.atecpool.ch\\\/de\\\/lugano-saunen-innensauna-infrarotkabinen-ticino\\\/finnische-saunen-und-bio-saunen\\\/sauna-olympus\\\/\",\"name\":\"Sauna Olympus \u2013 Finnische Sauna aus Holz | Atec Pool\",\"isPartOf\":{\"@id\":\"https:\\\/\\\/www.atecpool.ch\\\/de\\\/#website\"},\"primaryImageOfPage\":{\"@id\":\"https:\\\/\\\/www.atecpool.ch\\\/de\\\/lugano-saunen-innensauna-infrarotkabinen-ticino\\\/finnische-saunen-und-bio-saunen\\\/sauna-olympus\\\/#primaryimage\"},\"image\":{\"@id\":\"https:\\\/\\\/www.atecpool.ch\\\/de\\\/lugano-saunen-innensauna-infrarotkabinen-ticino\\\/finnische-saunen-und-bio-saunen\\\/sauna-olympus\\\/#primaryimage\"},\"thumbnailUrl\":\"https:\\\/\\\/www.atecpool.ch\\\/wp-content\\\/uploads\\\/2025\\\/01\\\/Luxury_Saunas_Olympus-Kopie.jpg\",\"datePublished\":\"2025-01-28T16:06:31+00:00\",\"dateModified\":\"2025-10-27T10:37:50+00:00\",\"description\":\"Die Sauna Olympus von Harvia bietet Luxus, Komfort und Qualit\u00e4t. Elegantes Design und individuelle Anpassungsm\u00f6glichkeiten f\u00fcr ein einzigartiges Wellnesserlebnis.\",\"breadcrumb\":{\"@id\":\"https:\\\/\\\/www.atecpool.ch\\\/de\\\/lugano-saunen-innensauna-infrarotkabinen-ticino\\\/finnische-saunen-und-bio-saunen\\\/sauna-olympus\\\/#breadcrumb\"},\"inLanguage\":\"de-DE\",\"potentialAction\":[{\"@type\":\"ReadAction\",\"target\":[\"https:\\\/\\\/www.atecpool.ch\\\/de\\\/lugano-saunen-innensauna-infrarotkabinen-ticino\\\/finnische-saunen-und-bio-saunen\\\/sauna-olympus\\\/\"]}]},{\"@type\":\"ImageObject\",\"inLanguage\":\"de-DE\",\"@id\":\"https:\\\/\\\/www.atecpool.ch\\\/de\\\/lugano-saunen-innensauna-infrarotkabinen-ticino\\\/finnische-saunen-und-bio-saunen\\\/sauna-olympus\\\/#primaryimage\",\"url\":\"https:\\\/\\\/www.atecpool.ch\\\/wp-content\\\/uploads\\\/2025\\\/01\\\/Luxury_Saunas_Olympus-Kopie.jpg\",\"contentUrl\":\"https:\\\/\\\/www.atecpool.ch\\\/wp-content\\\/uploads\\\/2025\\\/01\\\/Luxury_Saunas_Olympus-Kopie.jpg\",\"width\":800,\"height\":800,\"caption\":\"Harvia Sauna Olympus \u2013 Eleganz, Komfort und fortschrittliche Technologie f\u00fcr ein unvergleichliches Wellnesserlebnis.\"},{\"@type\":\"BreadcrumbList\",\"@id\":\"https:\\\/\\\/www.atecpool.ch\\\/de\\\/lugano-saunen-innensauna-infrarotkabinen-ticino\\\/finnische-saunen-und-bio-saunen\\\/sauna-olympus\\\/#breadcrumb\",\"itemListElement\":[{\"@type\":\"ListItem\",\"position\":1,\"name\":\"Home\",\"item\":\"https:\\\/\\\/www.atecpool.ch\\\/de\\\/home\\\/\"},{\"@type\":\"ListItem\",\"position\":2,\"name\":\"INNEN- UND AUSSENSAUNEN UND DAMPFB\u00c4DER\",\"item\":\"https:\\\/\\\/www.atecpool.ch\\\/de\\\/saune-bagni-turchi\\\/\"},{\"@type\":\"ListItem\",\"position\":3,\"name\":\"Finnische Saunen und Biosaunen\",\"item\":\"https:\\\/\\\/www.atecpool.ch\\\/de\\\/lugano-saunen-innensauna-infrarotkabinen-ticino\\\/finnische-saunen-und-bio-saunen\\\/\"},{\"@type\":\"ListItem\",\"position\":4,\"name\":\"Sauna Olympus\"}]},{\"@type\":\"WebSite\",\"@id\":\"https:\\\/\\\/www.atecpool.ch\\\/de\\\/#website\",\"url\":\"https:\\\/\\\/www.atecpool.ch\\\/de\\\/\",\"name\":\"Atec Pool\",\"description\":\"Pool \u00b7 Sauna \u00b7 Wellness\",\"publisher\":{\"@id\":\"https:\\\/\\\/www.atecpool.ch\\\/de\\\/#organization\"},\"potentialAction\":[{\"@type\":\"SearchAction\",\"target\":{\"@type\":\"EntryPoint\",\"urlTemplate\":\"https:\\\/\\\/www.atecpool.ch\\\/de\\\/?s={search_term_string}\"},\"query-input\":{\"@type\":\"PropertyValueSpecification\",\"valueRequired\":true,\"valueName\":\"search_term_string\"}}],\"inLanguage\":\"de-DE\"},{\"@type\":[\"Organization\",\"Place\"],\"@id\":\"https:\\\/\\\/www.atecpool.ch\\\/de\\\/#organization\",\"name\":\"Atec Pool\",\"url\":\"https:\\\/\\\/www.atecpool.ch\\\/de\\\/\",\"logo\":{\"@id\":\"https:\\\/\\\/www.atecpool.ch\\\/de\\\/lugano-saunen-innensauna-infrarotkabinen-ticino\\\/finnische-saunen-und-bio-saunen\\\/sauna-olympus\\\/#local-main-organization-logo\"},\"image\":{\"@id\":\"https:\\\/\\\/www.atecpool.ch\\\/de\\\/lugano-saunen-innensauna-infrarotkabinen-ticino\\\/finnische-saunen-und-bio-saunen\\\/sauna-olympus\\\/#local-main-organization-logo\"},\"sameAs\":[\"https:\\\/\\\/www.facebook.com\\\/atecpool.ch\\\/\",\"https:\\\/\\\/www.instagram.com\\\/atecpool_ch\\\/\"],\"address\":{\"@id\":\"https:\\\/\\\/www.atecpool.ch\\\/de\\\/lugano-saunen-innensauna-infrarotkabinen-ticino\\\/finnische-saunen-und-bio-saunen\\\/sauna-olympus\\\/#local-main-place-address\"},\"telephone\":[\"+41 91 980 33 93\"],\"openingHoursSpecification\":[{\"@type\":\"OpeningHoursSpecification\",\"dayOfWeek\":[\"Monday\",\"Tuesday\",\"Wednesday\",\"Thursday\",\"Friday\",\"Saturday\",\"Sunday\"],\"opens\":\"09:00\",\"closes\":\"17:00\"}],\"email\":\"info@atecpool.ch\"},{\"@type\":\"PostalAddress\",\"@id\":\"https:\\\/\\\/www.atecpool.ch\\\/de\\\/lugano-saunen-innensauna-infrarotkabinen-ticino\\\/finnische-saunen-und-bio-saunen\\\/sauna-olympus\\\/#local-main-place-address\",\"streetAddress\":\"Via Cantonale 5\",\"addressLocality\":\"Grancia\",\"postalCode\":\"6916\",\"addressCountry\":\"CH\"},{\"@type\":\"ImageObject\",\"inLanguage\":\"de-DE\",\"@id\":\"https:\\\/\\\/www.atecpool.ch\\\/de\\\/lugano-saunen-innensauna-infrarotkabinen-ticino\\\/finnische-saunen-und-bio-saunen\\\/sauna-olympus\\\/#local-main-organization-logo\",\"url\":\"https:\\\/\\\/www.atecpool.ch\\\/wp-content\\\/uploads\\\/2020\\\/09\\\/atec_logo.png\",\"contentUrl\":\"https:\\\/\\\/www.atecpool.ch\\\/wp-content\\\/uploads\\\/2020\\\/09\\\/atec_logo.png\",\"width\":500,\"height\":145,\"caption\":\"Atec Pool\"}]}<\/script>\n<meta name=\"geo.placename\" content=\"Grancia\" \/>\n<meta name=\"geo.region\" content=\"Schweiz\" \/>\n<!-- \/ Yoast SEO Premium plugin. -->","yoast_head_json":{"title":"Sauna Olympus \u2013 Finnische Sauna aus Holz | Atec Pool","description":"Die Sauna Olympus von Harvia bietet Luxus, Komfort und Qualit\u00e4t. Elegantes Design und individuelle Anpassungsm\u00f6glichkeiten f\u00fcr ein einzigartiges Wellnesserlebnis.","robots":{"index":"index","follow":"follow","max-snippet":"max-snippet:-1","max-image-preview":"max-image-preview:large","max-video-preview":"max-video-preview:-1"},"canonical":"https:\/\/www.atecpool.ch\/de\/lugano-saunen-innensauna-infrarotkabinen-ticino\/finnische-saunen-und-bio-saunen\/sauna-olympus\/","og_locale":"de_DE","og_type":"article","og_title":"Sauna Olympus","og_description":"Die Sauna Olympus von Harvia bietet Luxus, Komfort und Qualit\u00e4t. Elegantes Design und individuelle Anpassungsm\u00f6glichkeiten f\u00fcr ein einzigartiges Wellnesserlebnis.","og_url":"https:\/\/www.atecpool.ch\/de\/lugano-saunen-innensauna-infrarotkabinen-ticino\/finnische-saunen-und-bio-saunen\/sauna-olympus\/","og_site_name":"Atec Pool","article_publisher":"https:\/\/www.facebook.com\/atecpool.ch\/","article_modified_time":"2025-10-27T10:37:50+00:00","og_image":[{"width":800,"height":800,"url":"https:\/\/www.atecpool.ch\/wp-content\/uploads\/2025\/01\/Luxury_Saunas_Olympus-Kopie.jpg","type":"image\/jpeg"}],"twitter_card":"summary_large_image","twitter_misc":{"Gesch\u00e4tzte Lesezeit":"2 minutes"},"schema":{"@context":"https:\/\/schema.org","@graph":[{"@type":"WebPage","@id":"https:\/\/www.atecpool.ch\/de\/lugano-saunen-innensauna-infrarotkabinen-ticino\/finnische-saunen-und-bio-saunen\/sauna-olympus\/","url":"https:\/\/www.atecpool.ch\/de\/lugano-saunen-innensauna-infrarotkabinen-ticino\/finnische-saunen-und-bio-saunen\/sauna-olympus\/","name":"Sauna Olympus \u2013 Finnische Sauna aus Holz | Atec Pool","isPartOf":{"@id":"https:\/\/www.atecpool.ch\/de\/#website"},"primaryImageOfPage":{"@id":"https:\/\/www.atecpool.ch\/de\/lugano-saunen-innensauna-infrarotkabinen-ticino\/finnische-saunen-und-bio-saunen\/sauna-olympus\/#primaryimage"},"image":{"@id":"https:\/\/www.atecpool.ch\/de\/lugano-saunen-innensauna-infrarotkabinen-ticino\/finnische-saunen-und-bio-saunen\/sauna-olympus\/#primaryimage"},"thumbnailUrl":"https:\/\/www.atecpool.ch\/wp-content\/uploads\/2025\/01\/Luxury_Saunas_Olympus-Kopie.jpg","datePublished":"2025-01-28T16:06:31+00:00","dateModified":"2025-10-27T10:37:50+00:00","description":"Die Sauna Olympus von Harvia bietet Luxus, Komfort und Qualit\u00e4t. Elegantes Design und individuelle Anpassungsm\u00f6glichkeiten f\u00fcr ein einzigartiges Wellnesserlebnis.","breadcrumb":{"@id":"https:\/\/www.atecpool.ch\/de\/lugano-saunen-innensauna-infrarotkabinen-ticino\/finnische-saunen-und-bio-saunen\/sauna-olympus\/#breadcrumb"},"inLanguage":"de-DE","potentialAction":[{"@type":"ReadAction","target":["https:\/\/www.atecpool.ch\/de\/lugano-saunen-innensauna-infrarotkabinen-ticino\/finnische-saunen-und-bio-saunen\/sauna-olympus\/"]}]},{"@type":"ImageObject","inLanguage":"de-DE","@id":"https:\/\/www.atecpool.ch\/de\/lugano-saunen-innensauna-infrarotkabinen-ticino\/finnische-saunen-und-bio-saunen\/sauna-olympus\/#primaryimage","url":"https:\/\/www.atecpool.ch\/wp-content\/uploads\/2025\/01\/Luxury_Saunas_Olympus-Kopie.jpg","contentUrl":"https:\/\/www.atecpool.ch\/wp-content\/uploads\/2025\/01\/Luxury_Saunas_Olympus-Kopie.jpg","width":800,"height":800,"caption":"Harvia Sauna Olympus \u2013 Eleganz, Komfort und fortschrittliche Technologie f\u00fcr ein unvergleichliches Wellnesserlebnis."},{"@type":"BreadcrumbList","@id":"https:\/\/www.atecpool.ch\/de\/lugano-saunen-innensauna-infrarotkabinen-ticino\/finnische-saunen-und-bio-saunen\/sauna-olympus\/#breadcrumb","itemListElement":[{"@type":"ListItem","position":1,"name":"Home","item":"https:\/\/www.atecpool.ch\/de\/home\/"},{"@type":"ListItem","position":2,"name":"INNEN- UND AUSSENSAUNEN UND DAMPFB\u00c4DER","item":"https:\/\/www.atecpool.ch\/de\/saune-bagni-turchi\/"},{"@type":"ListItem","position":3,"name":"Finnische Saunen und Biosaunen","item":"https:\/\/www.atecpool.ch\/de\/lugano-saunen-innensauna-infrarotkabinen-ticino\/finnische-saunen-und-bio-saunen\/"},{"@type":"ListItem","position":4,"name":"Sauna Olympus"}]},{"@type":"WebSite","@id":"https:\/\/www.atecpool.ch\/de\/#website","url":"https:\/\/www.atecpool.ch\/de\/","name":"Atec Pool","description":"Pool \u00b7 Sauna \u00b7 Wellness","publisher":{"@id":"https:\/\/www.atecpool.ch\/de\/#organization"},"potentialAction":[{"@type":"SearchAction","target":{"@type":"EntryPoint","urlTemplate":"https:\/\/www.atecpool.ch\/de\/?s={search_term_string}"},"query-input":{"@type":"PropertyValueSpecification","valueRequired":true,"valueName":"search_term_string"}}],"inLanguage":"de-DE"},{"@type":["Organization","Place"],"@id":"https:\/\/www.atecpool.ch\/de\/#organization","name":"Atec Pool","url":"https:\/\/www.atecpool.ch\/de\/","logo":{"@id":"https:\/\/www.atecpool.ch\/de\/lugano-saunen-innensauna-infrarotkabinen-ticino\/finnische-saunen-und-bio-saunen\/sauna-olympus\/#local-main-organization-logo"},"image":{"@id":"https:\/\/www.atecpool.ch\/de\/lugano-saunen-innensauna-infrarotkabinen-ticino\/finnische-saunen-und-bio-saunen\/sauna-olympus\/#local-main-organization-logo"},"sameAs":["https:\/\/www.facebook.com\/atecpool.ch\/","https:\/\/www.instagram.com\/atecpool_ch\/"],"address":{"@id":"https:\/\/www.atecpool.ch\/de\/lugano-saunen-innensauna-infrarotkabinen-ticino\/finnische-saunen-und-bio-saunen\/sauna-olympus\/#local-main-place-address"},"telephone":["+41 91 980 33 93"],"openingHoursSpecification":[{"@type":"OpeningHoursSpecification","dayOfWeek":["Monday","Tuesday","Wednesday","Thursday","Friday","Saturday","Sunday"],"opens":"09:00","closes":"17:00"}],"email":"info@atecpool.ch"},{"@type":"PostalAddress","@id":"https:\/\/www.atecpool.ch\/de\/lugano-saunen-innensauna-infrarotkabinen-ticino\/finnische-saunen-und-bio-saunen\/sauna-olympus\/#local-main-place-address","streetAddress":"Via Cantonale 5","addressLocality":"Grancia","postalCode":"6916","addressCountry":"CH"},{"@type":"ImageObject","inLanguage":"de-DE","@id":"https:\/\/www.atecpool.ch\/de\/lugano-saunen-innensauna-infrarotkabinen-ticino\/finnische-saunen-und-bio-saunen\/sauna-olympus\/#local-main-organization-logo","url":"https:\/\/www.atecpool.ch\/wp-content\/uploads\/2020\/09\/atec_logo.png","contentUrl":"https:\/\/www.atecpool.ch\/wp-content\/uploads\/2020\/09\/atec_logo.png","width":500,"height":145,"caption":"Atec Pool"}]},"geo.placename":"Grancia","geo.region":"Schweiz"},"_links":{"self":[{"href":"https:\/\/www.atecpool.ch\/de\/wp-json\/wp\/v2\/pages\/31976","targetHints":{"allow":["GET"]}}],"collection":[{"href":"https:\/\/www.atecpool.ch\/de\/wp-json\/wp\/v2\/pages"}],"about":[{"href":"https:\/\/www.atecpool.ch\/de\/wp-json\/wp\/v2\/types\/page"}],"author":[{"embeddable":true,"href":"https:\/\/www.atecpool.ch\/de\/wp-json\/wp\/v2\/users\/4"}],"replies":[{"embeddable":true,"href":"https:\/\/www.atecpool.ch\/de\/wp-json\/wp\/v2\/comments?post=31976"}],"version-history":[{"count":8,"href":"https:\/\/www.atecpool.ch\/de\/wp-json\/wp\/v2\/pages\/31976\/revisions"}],"predecessor-version":[{"id":36087,"href":"https:\/\/www.atecpool.ch\/de\/wp-json\/wp\/v2\/pages\/31976\/revisions\/36087"}],"up":[{"embeddable":true,"href":"https:\/\/www.atecpool.ch\/de\/wp-json\/wp\/v2\/pages\/23166"}],"wp:featuredmedia":[{"embeddable":true,"href":"https:\/\/www.atecpool.ch\/de\/wp-json\/wp\/v2\/media\/31443"}],"wp:attachment":[{"href":"https:\/\/www.atecpool.ch\/de\/wp-json\/wp\/v2\/media?parent=31976"}],"curies":[{"name":"wp","href":"https:\/\/api.w.org\/{rel}","templated":true}]}}