{"id":31726,"date":"2025-02-15T08:50:26","date_gmt":"2025-02-15T07:50:26","guid":{"rendered":"https:\/\/www.atecpool.ch\/?p=31726"},"modified":"2025-11-05T11:00:58","modified_gmt":"2025-11-05T10:00:58","slug":"sauna-harvia-utu","status":"publish","type":"page","link":"https:\/\/www.atecpool.ch\/de\/lugano-saunen-innensauna-infrarotkabinen-ticino\/finnische-saunen-und-bio-saunen\/sauna-harvia-utu\/","title":{"rendered":"Sauna Harvia Utu"},"content":{"rendered":"<div class=\"wpb-content-wrapper\"><p>[vc_row][vc_column css=&#8221;.vc_custom_1761313344568{padding-top: 20px !important;}&#8221;][vc_custom_heading text=&#8221;HARVIA UTU&#8221; font_container=&#8221;tag:h1|font_size:28|text_align:center|color:%23000000&#8243; use_theme_fonts=&#8221;yes&#8221; css=&#8221;.vc_custom_1761313366280{margin-top: 20px !important;}&#8221;][\/vc_column][\/vc_row][vc_row equal_height=&#8221;yes&#8221; content_placement=&#8221;middle&#8221; bg_type=&#8221;bg_color&#8221; bg_color_value=&#8221;#ffffff&#8221; css=&#8221;.vc_custom_1761314006207{background-color: #ffffff !important;}&#8221;][vc_column width=&#8221;2\/3&#8243; css=&#8221;.vc_custom_1639738698568{background-color: #ffffff !important;}&#8221;][vc_single_image image=&#8221;31751&#8243; img_size=&#8221;full&#8221; alignment=&#8221;center&#8221; css=&#8221;.vc_custom_1761316159626{margin-bottom: 0px !important;}&#8221;][\/vc_column][vc_column width=&#8221;1\/3&#8243;][vc_text_separator title=&#8221;Beschreibung Kabine UTU&#8221; border_width=&#8221;8&#8243; css=&#8221;&#8221;][vc_column_text css=&#8221;&#8221;]<strong>Masse:<\/strong><br \/>\n950 * 950 * 2036 mm<br \/>\n1200 * 1200 * 2036 mm<br \/>\n1600 * 1600 * 2036 mm[\/vc_column_text][vc_column_text css=&#8221;&#8221;]<strong>Saunakabinen Utu: Komfort, Qualit\u00e4t und ma\u00dfgeschneidertes Design<\/strong><br \/>\nDie Utu-Saunakabinen sind mit h\u00f6chster Pr\u00e4zision entwickelt, um maximalen Komfort zu bieten.<br \/>Erh\u00e4ltlich in drei Gr\u00f6\u00dfen, k\u00f6nnen sie individuell an deine W\u00fcnsche angepasst werden.<br \/>Das innovative Design erm\u00f6glicht eine einfache Montage, w\u00e4hrend hochwertige Materialien vom ersten Moment an f\u00fcr pure Entspannung sorgen.<br \/>Entdecke mit Utu die perfekte Sauna, die Qualit\u00e4t, Stil und Funktionalit\u00e4t vereint..[\/vc_column_text][\/vc_column][\/vc_row][vc_row][vc_column][vc_separator color=&#8221;black&#8221; css=&#8221;&#8221;][\/vc_column][\/vc_row][vc_row content_placement=&#8221;middle&#8221;][vc_column width=&#8221;3\/4&#8243;][vc_gallery type=&#8221;flexslider_slide&#8221; interval=&#8221;3&#8243; images=&#8221;31739,31737,31735,31733,31731&#8243; img_size=&#8221;large&#8221; onclick=&#8221;&#8221; css=&#8221;&#8221;][\/vc_column][vc_column width=&#8221;1\/4&#8243; offset=&#8221;vc_hidden-xs&#8221;][vc_single_image image=&#8221;20321&#8243; alignment=&#8221;center&#8221; onclick=&#8221;custom_link&#8221; img_link_target=&#8221;_blank&#8221; css=&#8221;&#8221; link=&#8221;https:\/\/www.atecpool.ch\/wp-content\/uploads\/2025\/02\/UTU-sauna-cabins.pdf&#8221; title=&#8221;Download Prospekt&#8221; el_class=&#8221;download-box&#8221;][\/vc_column][\/vc_row][vc_row][vc_column][vc_separator color=&#8221;black&#8221; css=&#8221;&#8221;][vc_btn title=&#8221;Anfrage Informationen&#8221; color=&#8221;pink&#8221; size=&#8221;lg&#8221; align=&#8221;center&#8221; i_align=&#8221;right&#8221; i_icon_fontawesome=&#8221;&#8221; css=&#8221;&#8221; add_icon=&#8221;true&#8221; link=&#8221;url:https%3A%2F%2Fwww.atecpool.ch%2Fform-view%2F7|target:_blank|&#8221;][\/vc_column][\/vc_row]<\/p>\n<\/div>","protected":false},"excerpt":{"rendered":"<p>[vc_row][vc_column css=&#8221;.vc_custom_1761313344568{padding-top: 20px !important;}&#8221;][vc_custom_heading text=&#8221;HARVIA UTU&#8221; font_container=&#8221;tag:h1|font_size:28|text_align:center|color:%23000000&#8243; use_theme_fonts=&#8221;yes&#8221; css=&#8221;.vc_custom_1761313366280{margin-top: 20px !important;}&#8221;][\/vc_column][\/vc_row][vc_row equal_height=&#8221;yes&#8221; content_placement=&#8221;middle&#8221; bg_type=&#8221;bg_color&#8221; bg_color_value=&#8221;#ffffff&#8221; css=&#8221;.vc_custom_1761314006207{background-color: #ffffff !important;}&#8221;][vc_column width=&#8221;2\/3&#8243; css=&#8221;.vc_custom_1639738698568{background-color: #ffffff !important;}&#8221;][vc_single_image image=&#8221;31751&#8243; img_size=&#8221;full&#8221; alignment=&#8221;center&#8221; css=&#8221;.vc_custom_1761316159626{margin-bottom:<span class=\"excerpt-hellip\"> [\u2026]<\/span><\/p>\n","protected":false},"author":4,"featured_media":31733,"parent":23166,"menu_order":0,"comment_status":"open","ping_status":"closed","template":"","meta":{"footnotes":""},"class_list":["post-31726","page","type-page","status-publish","has-post-thumbnail","hentry"],"yoast_head":"<!-- This site is optimized with the Yoast SEO Premium plugin v26.2 (Yoast SEO v27.4) - https:\/\/yoast.com\/product\/yoast-seo-premium-wordpress\/ -->\n<title>Sauna Harvia Utu - Atec Pool<\/title>\n<meta name=\"description\" content=\"Entdecke die Harvia Utu Saunakabine \u2013 modernes Design, stilvolle Beleuchtung und finnische Technologie f\u00fcr tiefgehende Entspannung. Individuell anpassbar f\u00fcr den privaten Wohnbereich oder den professionellen Wellnessbereich.\" \/>\n<meta name=\"robots\" content=\"index, follow, max-snippet:-1, max-image-preview:large, max-video-preview:-1\" \/>\n<link rel=\"canonical\" href=\"https:\/\/www.atecpool.ch\/de\/lugano-saunen-innensauna-infrarotkabinen-ticino\/finnische-saunen-und-bio-saunen\/sauna-harvia-utu\/\" \/>\n<meta property=\"og:locale\" content=\"de_DE\" \/>\n<meta property=\"og:type\" content=\"article\" \/>\n<meta property=\"og:title\" content=\"Sauna Harvia Utu\" \/>\n<meta property=\"og:description\" content=\"Entdecke die Harvia Utu Saunakabine \u2013 modernes Design, stilvolle Beleuchtung und finnische Technologie f\u00fcr tiefgehende Entspannung. Individuell anpassbar f\u00fcr den privaten Wohnbereich oder den professionellen Wellnessbereich.\" \/>\n<meta property=\"og:url\" content=\"https:\/\/www.atecpool.ch\/de\/lugano-saunen-innensauna-infrarotkabinen-ticino\/finnische-saunen-und-bio-saunen\/sauna-harvia-utu\/\" \/>\n<meta property=\"og:site_name\" content=\"Atec Pool\" \/>\n<meta property=\"article:publisher\" content=\"https:\/\/www.facebook.com\/atecpool.ch\/\" \/>\n<meta property=\"article:modified_time\" content=\"2025-11-05T10:00:58+00:00\" \/>\n<meta property=\"og:image\" content=\"https:\/\/www.atecpool.ch\/wp-content\/uploads\/2025\/01\/Harvia_Utu_Triple_SHU1616_p1.jpg\" \/>\n\t<meta property=\"og:image:width\" content=\"1200\" \/>\n\t<meta property=\"og:image:height\" content=\"849\" \/>\n\t<meta property=\"og:image:type\" content=\"image\/jpeg\" \/>\n<meta name=\"twitter:card\" content=\"summary_large_image\" \/>\n<meta name=\"twitter:label1\" content=\"Gesch\u00e4tzte Lesezeit\" \/>\n\t<meta name=\"twitter:data1\" content=\"3 minutes\" \/>\n<script type=\"application\/ld+json\" class=\"yoast-schema-graph\">{\"@context\":\"https:\\\/\\\/schema.org\",\"@graph\":[{\"@type\":\"WebPage\",\"@id\":\"https:\\\/\\\/www.atecpool.ch\\\/de\\\/lugano-saunen-innensauna-infrarotkabinen-ticino\\\/finnische-saunen-und-bio-saunen\\\/sauna-harvia-utu\\\/\",\"url\":\"https:\\\/\\\/www.atecpool.ch\\\/de\\\/lugano-saunen-innensauna-infrarotkabinen-ticino\\\/finnische-saunen-und-bio-saunen\\\/sauna-harvia-utu\\\/\",\"name\":\"Sauna Harvia Utu - Atec Pool\",\"isPartOf\":{\"@id\":\"https:\\\/\\\/www.atecpool.ch\\\/de\\\/#website\"},\"primaryImageOfPage\":{\"@id\":\"https:\\\/\\\/www.atecpool.ch\\\/de\\\/lugano-saunen-innensauna-infrarotkabinen-ticino\\\/finnische-saunen-und-bio-saunen\\\/sauna-harvia-utu\\\/#primaryimage\"},\"image\":{\"@id\":\"https:\\\/\\\/www.atecpool.ch\\\/de\\\/lugano-saunen-innensauna-infrarotkabinen-ticino\\\/finnische-saunen-und-bio-saunen\\\/sauna-harvia-utu\\\/#primaryimage\"},\"thumbnailUrl\":\"https:\\\/\\\/www.atecpool.ch\\\/wp-content\\\/uploads\\\/2025\\\/01\\\/Harvia_Utu_Triple_SHU1616_p1.jpg\",\"datePublished\":\"2025-02-15T07:50:26+00:00\",\"dateModified\":\"2025-11-05T10:00:58+00:00\",\"description\":\"Entdecke die Harvia Utu Saunakabine \u2013 modernes Design, stilvolle Beleuchtung und finnische Technologie f\u00fcr tiefgehende Entspannung. Individuell anpassbar f\u00fcr den privaten Wohnbereich oder den professionellen Wellnessbereich.\",\"breadcrumb\":{\"@id\":\"https:\\\/\\\/www.atecpool.ch\\\/de\\\/lugano-saunen-innensauna-infrarotkabinen-ticino\\\/finnische-saunen-und-bio-saunen\\\/sauna-harvia-utu\\\/#breadcrumb\"},\"inLanguage\":\"de-DE\",\"potentialAction\":[{\"@type\":\"ReadAction\",\"target\":[\"https:\\\/\\\/www.atecpool.ch\\\/de\\\/lugano-saunen-innensauna-infrarotkabinen-ticino\\\/finnische-saunen-und-bio-saunen\\\/sauna-harvia-utu\\\/\"]}]},{\"@type\":\"ImageObject\",\"inLanguage\":\"de-DE\",\"@id\":\"https:\\\/\\\/www.atecpool.ch\\\/de\\\/lugano-saunen-innensauna-infrarotkabinen-ticino\\\/finnische-saunen-und-bio-saunen\\\/sauna-harvia-utu\\\/#primaryimage\",\"url\":\"https:\\\/\\\/www.atecpool.ch\\\/wp-content\\\/uploads\\\/2025\\\/01\\\/Harvia_Utu_Triple_SHU1616_p1.jpg\",\"contentUrl\":\"https:\\\/\\\/www.atecpool.ch\\\/wp-content\\\/uploads\\\/2025\\\/01\\\/Harvia_Utu_Triple_SHU1616_p1.jpg\",\"width\":1200,\"height\":849,\"caption\":\"Eleganz und Komfort: Die Utu Saunakabine vereint hochwertige Materialien, modernes Design und LED-Beleuchtung f\u00fcr ein einzigartiges Entspannungserlebnis. Perfekt f\u00fcr jeden Raum.\"},{\"@type\":\"BreadcrumbList\",\"@id\":\"https:\\\/\\\/www.atecpool.ch\\\/de\\\/lugano-saunen-innensauna-infrarotkabinen-ticino\\\/finnische-saunen-und-bio-saunen\\\/sauna-harvia-utu\\\/#breadcrumb\",\"itemListElement\":[{\"@type\":\"ListItem\",\"position\":1,\"name\":\"Home\",\"item\":\"https:\\\/\\\/www.atecpool.ch\\\/de\\\/home\\\/\"},{\"@type\":\"ListItem\",\"position\":2,\"name\":\"INNEN- UND AUSSENSAUNEN UND DAMPFB\u00c4DER\",\"item\":\"https:\\\/\\\/www.atecpool.ch\\\/de\\\/saune-bagni-turchi\\\/\"},{\"@type\":\"ListItem\",\"position\":3,\"name\":\"Finnische Saunen und Biosaunen\",\"item\":\"https:\\\/\\\/www.atecpool.ch\\\/de\\\/lugano-saunen-innensauna-infrarotkabinen-ticino\\\/finnische-saunen-und-bio-saunen\\\/\"},{\"@type\":\"ListItem\",\"position\":4,\"name\":\"Sauna Harvia Utu\"}]},{\"@type\":\"WebSite\",\"@id\":\"https:\\\/\\\/www.atecpool.ch\\\/de\\\/#website\",\"url\":\"https:\\\/\\\/www.atecpool.ch\\\/de\\\/\",\"name\":\"Atec Pool\",\"description\":\"Pool \u00b7 Sauna \u00b7 Wellness\",\"publisher\":{\"@id\":\"https:\\\/\\\/www.atecpool.ch\\\/de\\\/#organization\"},\"potentialAction\":[{\"@type\":\"SearchAction\",\"target\":{\"@type\":\"EntryPoint\",\"urlTemplate\":\"https:\\\/\\\/www.atecpool.ch\\\/de\\\/?s={search_term_string}\"},\"query-input\":{\"@type\":\"PropertyValueSpecification\",\"valueRequired\":true,\"valueName\":\"search_term_string\"}}],\"inLanguage\":\"de-DE\"},{\"@type\":[\"Organization\",\"Place\"],\"@id\":\"https:\\\/\\\/www.atecpool.ch\\\/de\\\/#organization\",\"name\":\"Atec Pool\",\"url\":\"https:\\\/\\\/www.atecpool.ch\\\/de\\\/\",\"logo\":{\"@id\":\"https:\\\/\\\/www.atecpool.ch\\\/de\\\/lugano-saunen-innensauna-infrarotkabinen-ticino\\\/finnische-saunen-und-bio-saunen\\\/sauna-harvia-utu\\\/#local-main-organization-logo\"},\"image\":{\"@id\":\"https:\\\/\\\/www.atecpool.ch\\\/de\\\/lugano-saunen-innensauna-infrarotkabinen-ticino\\\/finnische-saunen-und-bio-saunen\\\/sauna-harvia-utu\\\/#local-main-organization-logo\"},\"sameAs\":[\"https:\\\/\\\/www.facebook.com\\\/atecpool.ch\\\/\",\"https:\\\/\\\/www.instagram.com\\\/atecpool_ch\\\/\"],\"address\":{\"@id\":\"https:\\\/\\\/www.atecpool.ch\\\/de\\\/lugano-saunen-innensauna-infrarotkabinen-ticino\\\/finnische-saunen-und-bio-saunen\\\/sauna-harvia-utu\\\/#local-main-place-address\"},\"telephone\":[\"+41 91 980 33 93\"],\"openingHoursSpecification\":[{\"@type\":\"OpeningHoursSpecification\",\"dayOfWeek\":[\"Monday\",\"Tuesday\",\"Wednesday\",\"Thursday\",\"Friday\",\"Saturday\",\"Sunday\"],\"opens\":\"09:00\",\"closes\":\"17:00\"}],\"email\":\"info@atecpool.ch\"},{\"@type\":\"PostalAddress\",\"@id\":\"https:\\\/\\\/www.atecpool.ch\\\/de\\\/lugano-saunen-innensauna-infrarotkabinen-ticino\\\/finnische-saunen-und-bio-saunen\\\/sauna-harvia-utu\\\/#local-main-place-address\",\"streetAddress\":\"Via Cantonale 5\",\"addressLocality\":\"Grancia\",\"postalCode\":\"6916\",\"addressCountry\":\"CH\"},{\"@type\":\"ImageObject\",\"inLanguage\":\"de-DE\",\"@id\":\"https:\\\/\\\/www.atecpool.ch\\\/de\\\/lugano-saunen-innensauna-infrarotkabinen-ticino\\\/finnische-saunen-und-bio-saunen\\\/sauna-harvia-utu\\\/#local-main-organization-logo\",\"url\":\"https:\\\/\\\/www.atecpool.ch\\\/wp-content\\\/uploads\\\/2020\\\/09\\\/atec_logo.png\",\"contentUrl\":\"https:\\\/\\\/www.atecpool.ch\\\/wp-content\\\/uploads\\\/2020\\\/09\\\/atec_logo.png\",\"width\":500,\"height\":145,\"caption\":\"Atec Pool\"}]}<\/script>\n<meta name=\"geo.placename\" content=\"Grancia\" \/>\n<meta name=\"geo.region\" content=\"Schweiz\" \/>\n<!-- \/ Yoast SEO Premium plugin. -->","yoast_head_json":{"title":"Sauna Harvia Utu - Atec Pool","description":"Entdecke die Harvia Utu Saunakabine \u2013 modernes Design, stilvolle Beleuchtung und finnische Technologie f\u00fcr tiefgehende Entspannung. Individuell anpassbar f\u00fcr den privaten Wohnbereich oder den professionellen Wellnessbereich.","robots":{"index":"index","follow":"follow","max-snippet":"max-snippet:-1","max-image-preview":"max-image-preview:large","max-video-preview":"max-video-preview:-1"},"canonical":"https:\/\/www.atecpool.ch\/de\/lugano-saunen-innensauna-infrarotkabinen-ticino\/finnische-saunen-und-bio-saunen\/sauna-harvia-utu\/","og_locale":"de_DE","og_type":"article","og_title":"Sauna Harvia Utu","og_description":"Entdecke die Harvia Utu Saunakabine \u2013 modernes Design, stilvolle Beleuchtung und finnische Technologie f\u00fcr tiefgehende Entspannung. Individuell anpassbar f\u00fcr den privaten Wohnbereich oder den professionellen Wellnessbereich.","og_url":"https:\/\/www.atecpool.ch\/de\/lugano-saunen-innensauna-infrarotkabinen-ticino\/finnische-saunen-und-bio-saunen\/sauna-harvia-utu\/","og_site_name":"Atec Pool","article_publisher":"https:\/\/www.facebook.com\/atecpool.ch\/","article_modified_time":"2025-11-05T10:00:58+00:00","og_image":[{"width":1200,"height":849,"url":"https:\/\/www.atecpool.ch\/wp-content\/uploads\/2025\/01\/Harvia_Utu_Triple_SHU1616_p1.jpg","type":"image\/jpeg"}],"twitter_card":"summary_large_image","twitter_misc":{"Gesch\u00e4tzte Lesezeit":"3 minutes"},"schema":{"@context":"https:\/\/schema.org","@graph":[{"@type":"WebPage","@id":"https:\/\/www.atecpool.ch\/de\/lugano-saunen-innensauna-infrarotkabinen-ticino\/finnische-saunen-und-bio-saunen\/sauna-harvia-utu\/","url":"https:\/\/www.atecpool.ch\/de\/lugano-saunen-innensauna-infrarotkabinen-ticino\/finnische-saunen-und-bio-saunen\/sauna-harvia-utu\/","name":"Sauna Harvia Utu - Atec Pool","isPartOf":{"@id":"https:\/\/www.atecpool.ch\/de\/#website"},"primaryImageOfPage":{"@id":"https:\/\/www.atecpool.ch\/de\/lugano-saunen-innensauna-infrarotkabinen-ticino\/finnische-saunen-und-bio-saunen\/sauna-harvia-utu\/#primaryimage"},"image":{"@id":"https:\/\/www.atecpool.ch\/de\/lugano-saunen-innensauna-infrarotkabinen-ticino\/finnische-saunen-und-bio-saunen\/sauna-harvia-utu\/#primaryimage"},"thumbnailUrl":"https:\/\/www.atecpool.ch\/wp-content\/uploads\/2025\/01\/Harvia_Utu_Triple_SHU1616_p1.jpg","datePublished":"2025-02-15T07:50:26+00:00","dateModified":"2025-11-05T10:00:58+00:00","description":"Entdecke die Harvia Utu Saunakabine \u2013 modernes Design, stilvolle Beleuchtung und finnische Technologie f\u00fcr tiefgehende Entspannung. Individuell anpassbar f\u00fcr den privaten Wohnbereich oder den professionellen Wellnessbereich.","breadcrumb":{"@id":"https:\/\/www.atecpool.ch\/de\/lugano-saunen-innensauna-infrarotkabinen-ticino\/finnische-saunen-und-bio-saunen\/sauna-harvia-utu\/#breadcrumb"},"inLanguage":"de-DE","potentialAction":[{"@type":"ReadAction","target":["https:\/\/www.atecpool.ch\/de\/lugano-saunen-innensauna-infrarotkabinen-ticino\/finnische-saunen-und-bio-saunen\/sauna-harvia-utu\/"]}]},{"@type":"ImageObject","inLanguage":"de-DE","@id":"https:\/\/www.atecpool.ch\/de\/lugano-saunen-innensauna-infrarotkabinen-ticino\/finnische-saunen-und-bio-saunen\/sauna-harvia-utu\/#primaryimage","url":"https:\/\/www.atecpool.ch\/wp-content\/uploads\/2025\/01\/Harvia_Utu_Triple_SHU1616_p1.jpg","contentUrl":"https:\/\/www.atecpool.ch\/wp-content\/uploads\/2025\/01\/Harvia_Utu_Triple_SHU1616_p1.jpg","width":1200,"height":849,"caption":"Eleganz und Komfort: Die Utu Saunakabine vereint hochwertige Materialien, modernes Design und LED-Beleuchtung f\u00fcr ein einzigartiges Entspannungserlebnis. Perfekt f\u00fcr jeden Raum."},{"@type":"BreadcrumbList","@id":"https:\/\/www.atecpool.ch\/de\/lugano-saunen-innensauna-infrarotkabinen-ticino\/finnische-saunen-und-bio-saunen\/sauna-harvia-utu\/#breadcrumb","itemListElement":[{"@type":"ListItem","position":1,"name":"Home","item":"https:\/\/www.atecpool.ch\/de\/home\/"},{"@type":"ListItem","position":2,"name":"INNEN- UND AUSSENSAUNEN UND DAMPFB\u00c4DER","item":"https:\/\/www.atecpool.ch\/de\/saune-bagni-turchi\/"},{"@type":"ListItem","position":3,"name":"Finnische Saunen und Biosaunen","item":"https:\/\/www.atecpool.ch\/de\/lugano-saunen-innensauna-infrarotkabinen-ticino\/finnische-saunen-und-bio-saunen\/"},{"@type":"ListItem","position":4,"name":"Sauna Harvia Utu"}]},{"@type":"WebSite","@id":"https:\/\/www.atecpool.ch\/de\/#website","url":"https:\/\/www.atecpool.ch\/de\/","name":"Atec Pool","description":"Pool \u00b7 Sauna \u00b7 Wellness","publisher":{"@id":"https:\/\/www.atecpool.ch\/de\/#organization"},"potentialAction":[{"@type":"SearchAction","target":{"@type":"EntryPoint","urlTemplate":"https:\/\/www.atecpool.ch\/de\/?s={search_term_string}"},"query-input":{"@type":"PropertyValueSpecification","valueRequired":true,"valueName":"search_term_string"}}],"inLanguage":"de-DE"},{"@type":["Organization","Place"],"@id":"https:\/\/www.atecpool.ch\/de\/#organization","name":"Atec Pool","url":"https:\/\/www.atecpool.ch\/de\/","logo":{"@id":"https:\/\/www.atecpool.ch\/de\/lugano-saunen-innensauna-infrarotkabinen-ticino\/finnische-saunen-und-bio-saunen\/sauna-harvia-utu\/#local-main-organization-logo"},"image":{"@id":"https:\/\/www.atecpool.ch\/de\/lugano-saunen-innensauna-infrarotkabinen-ticino\/finnische-saunen-und-bio-saunen\/sauna-harvia-utu\/#local-main-organization-logo"},"sameAs":["https:\/\/www.facebook.com\/atecpool.ch\/","https:\/\/www.instagram.com\/atecpool_ch\/"],"address":{"@id":"https:\/\/www.atecpool.ch\/de\/lugano-saunen-innensauna-infrarotkabinen-ticino\/finnische-saunen-und-bio-saunen\/sauna-harvia-utu\/#local-main-place-address"},"telephone":["+41 91 980 33 93"],"openingHoursSpecification":[{"@type":"OpeningHoursSpecification","dayOfWeek":["Monday","Tuesday","Wednesday","Thursday","Friday","Saturday","Sunday"],"opens":"09:00","closes":"17:00"}],"email":"info@atecpool.ch"},{"@type":"PostalAddress","@id":"https:\/\/www.atecpool.ch\/de\/lugano-saunen-innensauna-infrarotkabinen-ticino\/finnische-saunen-und-bio-saunen\/sauna-harvia-utu\/#local-main-place-address","streetAddress":"Via Cantonale 5","addressLocality":"Grancia","postalCode":"6916","addressCountry":"CH"},{"@type":"ImageObject","inLanguage":"de-DE","@id":"https:\/\/www.atecpool.ch\/de\/lugano-saunen-innensauna-infrarotkabinen-ticino\/finnische-saunen-und-bio-saunen\/sauna-harvia-utu\/#local-main-organization-logo","url":"https:\/\/www.atecpool.ch\/wp-content\/uploads\/2020\/09\/atec_logo.png","contentUrl":"https:\/\/www.atecpool.ch\/wp-content\/uploads\/2020\/09\/atec_logo.png","width":500,"height":145,"caption":"Atec Pool"}]},"geo.placename":"Grancia","geo.region":"Schweiz"},"_links":{"self":[{"href":"https:\/\/www.atecpool.ch\/de\/wp-json\/wp\/v2\/pages\/31726","targetHints":{"allow":["GET"]}}],"collection":[{"href":"https:\/\/www.atecpool.ch\/de\/wp-json\/wp\/v2\/pages"}],"about":[{"href":"https:\/\/www.atecpool.ch\/de\/wp-json\/wp\/v2\/types\/page"}],"author":[{"embeddable":true,"href":"https:\/\/www.atecpool.ch\/de\/wp-json\/wp\/v2\/users\/4"}],"replies":[{"embeddable":true,"href":"https:\/\/www.atecpool.ch\/de\/wp-json\/wp\/v2\/comments?post=31726"}],"version-history":[{"count":7,"href":"https:\/\/www.atecpool.ch\/de\/wp-json\/wp\/v2\/pages\/31726\/revisions"}],"predecessor-version":[{"id":36286,"href":"https:\/\/www.atecpool.ch\/de\/wp-json\/wp\/v2\/pages\/31726\/revisions\/36286"}],"up":[{"embeddable":true,"href":"https:\/\/www.atecpool.ch\/de\/wp-json\/wp\/v2\/pages\/23166"}],"wp:featuredmedia":[{"embeddable":true,"href":"https:\/\/www.atecpool.ch\/de\/wp-json\/wp\/v2\/media\/31733"}],"wp:attachment":[{"href":"https:\/\/www.atecpool.ch\/de\/wp-json\/wp\/v2\/media?parent=31726"}],"curies":[{"name":"wp","href":"https:\/\/api.w.org\/{rel}","templated":true}]}}