{"id":30434,"date":"2024-02-17T22:19:56","date_gmt":"2024-02-17T21:19:56","guid":{"rendered":"https:\/\/www.atecpool.ch\/kheope\/"},"modified":"2025-09-29T10:45:10","modified_gmt":"2025-09-29T08:45:10","slug":"kheope","status":"publish","type":"page","link":"https:\/\/www.atecpool.ch\/de\/kheope\/","title":{"rendered":"Kheope"},"content":{"rendered":"<div class=\"wpb-content-wrapper\"><p>[vc_row][vc_column width=&#8221;1\/2&#8243;][vc_column_text]Gekennzeichnet durch modernes Design, herausragende Funktionalit\u00e4t und innovative Technologie, bietet <strong>Kheope<\/strong> die ideale L\u00f6sung, um eine gro\u00dffl\u00e4chige Oase von Komfort und Stil zu schaffen.<\/p>\n<p>Dank seiner gro\u00dfz\u00fcgigen Abmessungen und seiner Stabilit\u00e4t bietet Kheope einen umfassenden Schutz f\u00fcr Au\u00dfenbereiche. Die M\u00f6glichkeit, es bei Nichtgebrauch einzuziehen, erm\u00f6glicht eine uneingeschr\u00e4nkte Sicht auf den Himmel, wodurch es sowohl f\u00fcr \u00f6ffentliche als auch private Umgebungen geeignet ist.<\/p>\n<p>Die Struktur des Garten-Segels Kheope ist aus Stahl gefertigt, was au\u00dfergew\u00f6hnliche Stabilit\u00e4t und Langlebigkeit gew\u00e4hrleistet. Dadurch wird ein hohes Ma\u00df an Stabilit\u00e4t und Sicherheit gew\u00e4hrleistet, auch unter anspruchsvollen Wetterbedingungen.[\/vc_column_text][\/vc_column][vc_column width=&#8221;1\/2&#8243;][vc_column_text]Die Verwendung hochwertiger Materialien aus dem maritimen Umfeld gew\u00e4hrleistet eine leichte Konstruktion. Diese Balance zwischen struktureller Robustheit und schlichtem Design macht sie perfekt f\u00fcr vielf\u00e4ltige Anforderungen.<\/p>\n<p>Kheope wurde mit besonderem Augenmerk auf die Widerstandsf\u00e4higkeit gegen\u00fcber Witterungseinfl\u00fcssen entwickelt. Ob bei intensiver Sonneneinstrahlung, starkem Regen oder starken Winden, Sie k\u00f6nnen sicher sein, dass das Segel seine Sch\u00f6nheit und Funktionalit\u00e4t im Laufe der Zeit intakt halten wird. Zus\u00e4tzlich, im Falle einer motorisierten \u00d6ffnung und Schlie\u00dfung, aktiviert ein hochentwickeltes Anemometer, das starke Winde erkennt, automatisch das Schlie\u00dfen des Segels bei Bedarf, um Sicherheit und Ruhe zu gew\u00e4hrleisten.[\/vc_column_text][\/vc_column][\/vc_row][vc_row][vc_column][vc_separator color=&#8221;black&#8221; border_width=&#8221;2&#8243;][\/vc_column][\/vc_row][vc_row][vc_column width=&#8221;1\/3&#8243;][vc_column_text]<strong>T<\/strong><strong>ECHNISCHE DATEN<\/strong><\/p>\n<ul>\n<li>Edelstahlpfosten aus 304-Edelstahl<\/li>\n<li>Maximall\u00e4nge: 380 x 380 cm<\/li>\n<li>Best\u00e4ndig gegen\u00fcber Sonneneinstrahlung<\/li>\n<li>Windbest\u00e4ndigkeit: Klasse 1<\/li>\n<\/ul>\n<p>[\/vc_column_text][\/vc_column][vc_column width=&#8221;1\/3&#8243;][vc_column_text]<strong>OPTIONAL<\/strong><\/p>\n<ul>\n<li>LED-Beleuchtung<\/li>\n<li>Motorisierte Steuerung und automatisches Schlie\u00dfen bei starkem Wind<\/li>\n<li>Manuelle Steuerung mittels APP<\/li>\n<\/ul>\n<p>[\/vc_column_text][\/vc_column][vc_column width=&#8221;1\/3&#8243;][\/vc_column][\/vc_row][vc_row][vc_column width=&#8221;1\/6&#8243;][\/vc_column][vc_column width=&#8221;4\/6&#8243;][vc_gallery interval=&#8221;5&#8243; images=&#8221;29573,29575,29577,29571&#8243; img_size=&#8221;1024&#215;683&#8243;][\/vc_column][vc_column width=&#8221;1\/6&#8243;][\/vc_column][\/vc_row][vc_row][vc_column][vc_btn title=&#8221;Anfrage Informationen&#8221; color=&#8221;blue&#8221; size=&#8221;lg&#8221; align=&#8221;center&#8221; i_icon_fontawesome=&#8221;fas fa-info-circle&#8221; add_icon=&#8221;true&#8221; link=&#8221;url:https%3A%2F%2Fwww.atecpool.ch%2Fform-view%2F24|&#8221;][\/vc_column][\/vc_row]<\/p>\n<\/div>","protected":false},"excerpt":{"rendered":"<p>[vc_row][vc_column width=&#8221;1\/2&#8243;][vc_column_text]Gekennzeichnet durch modernes Design, herausragende Funktionalit\u00e4t und innovative Technologie, bietet Kheope die ideale L\u00f6sung, um eine gro\u00dffl\u00e4chige Oase von Komfort und Stil zu schaffen. Dank<span class=\"excerpt-hellip\"> [\u2026]<\/span><\/p>\n","protected":false},"author":16,"featured_media":0,"parent":0,"menu_order":0,"comment_status":"closed","ping_status":"closed","template":"","meta":{"footnotes":""},"class_list":["post-30434","page","type-page","status-publish","hentry"],"yoast_head":"<!-- This site is optimized with the Yoast SEO Premium plugin v26.2 (Yoast SEO v27.4) - https:\/\/yoast.com\/product\/yoast-seo-premium-wordpress\/ -->\n<title>Kheope - Atec Pool<\/title>\n<meta name=\"description\" content=\"Perfekt f\u00fcr eine sichere und einfache Installation der Sonnensegel in Ihrem Garten oder auf Ihrer Terrasse.\" \/>\n<meta name=\"robots\" content=\"index, follow, max-snippet:-1, max-image-preview:large, max-video-preview:-1\" \/>\n<link rel=\"canonical\" href=\"https:\/\/www.atecpool.ch\/de\/kheope\/\" \/>\n<meta property=\"og:locale\" content=\"de_DE\" \/>\n<meta property=\"og:type\" content=\"article\" \/>\n<meta property=\"og:title\" content=\"Kheope\" \/>\n<meta property=\"og:description\" content=\"Perfekt f\u00fcr eine sichere und einfache Installation der Sonnensegel in Ihrem Garten oder auf Ihrer Terrasse.\" \/>\n<meta property=\"og:url\" content=\"https:\/\/www.atecpool.ch\/de\/kheope\/\" \/>\n<meta property=\"og:site_name\" content=\"Atec Pool\" \/>\n<meta property=\"article:publisher\" content=\"https:\/\/www.facebook.com\/atecpool.ch\/\" \/>\n<meta property=\"article:modified_time\" content=\"2025-09-29T08:45:10+00:00\" \/>\n<meta name=\"twitter:card\" content=\"summary_large_image\" \/>\n<meta name=\"twitter:label1\" content=\"Gesch\u00e4tzte Lesezeit\" \/>\n\t<meta name=\"twitter:data1\" content=\"2 minutes\" \/>\n<script type=\"application\/ld+json\" class=\"yoast-schema-graph\">{\"@context\":\"https:\\\/\\\/schema.org\",\"@graph\":[{\"@type\":\"WebPage\",\"@id\":\"https:\\\/\\\/www.atecpool.ch\\\/de\\\/kheope\\\/\",\"url\":\"https:\\\/\\\/www.atecpool.ch\\\/de\\\/kheope\\\/\",\"name\":\"Kheope - Atec Pool\",\"isPartOf\":{\"@id\":\"https:\\\/\\\/www.atecpool.ch\\\/de\\\/#website\"},\"datePublished\":\"2024-02-17T21:19:56+00:00\",\"dateModified\":\"2025-09-29T08:45:10+00:00\",\"description\":\"Perfekt f\u00fcr eine sichere und einfache Installation der Sonnensegel in Ihrem Garten oder auf Ihrer Terrasse.\",\"breadcrumb\":{\"@id\":\"https:\\\/\\\/www.atecpool.ch\\\/de\\\/kheope\\\/#breadcrumb\"},\"inLanguage\":\"de-DE\",\"potentialAction\":[{\"@type\":\"ReadAction\",\"target\":[\"https:\\\/\\\/www.atecpool.ch\\\/de\\\/kheope\\\/\"]}]},{\"@type\":\"BreadcrumbList\",\"@id\":\"https:\\\/\\\/www.atecpool.ch\\\/de\\\/kheope\\\/#breadcrumb\",\"itemListElement\":[{\"@type\":\"ListItem\",\"position\":1,\"name\":\"Home\",\"item\":\"https:\\\/\\\/www.atecpool.ch\\\/de\\\/home\\\/\"},{\"@type\":\"ListItem\",\"position\":2,\"name\":\"Kheope\"}]},{\"@type\":\"WebSite\",\"@id\":\"https:\\\/\\\/www.atecpool.ch\\\/de\\\/#website\",\"url\":\"https:\\\/\\\/www.atecpool.ch\\\/de\\\/\",\"name\":\"Atec Pool\",\"description\":\"Pool \u00b7 Sauna \u00b7 Wellness\",\"publisher\":{\"@id\":\"https:\\\/\\\/www.atecpool.ch\\\/de\\\/#organization\"},\"potentialAction\":[{\"@type\":\"SearchAction\",\"target\":{\"@type\":\"EntryPoint\",\"urlTemplate\":\"https:\\\/\\\/www.atecpool.ch\\\/de\\\/?s={search_term_string}\"},\"query-input\":{\"@type\":\"PropertyValueSpecification\",\"valueRequired\":true,\"valueName\":\"search_term_string\"}}],\"inLanguage\":\"de-DE\"},{\"@type\":[\"Organization\",\"Place\"],\"@id\":\"https:\\\/\\\/www.atecpool.ch\\\/de\\\/#organization\",\"name\":\"Atec Pool\",\"url\":\"https:\\\/\\\/www.atecpool.ch\\\/de\\\/\",\"logo\":{\"@id\":\"https:\\\/\\\/www.atecpool.ch\\\/de\\\/kheope\\\/#local-main-organization-logo\"},\"image\":{\"@id\":\"https:\\\/\\\/www.atecpool.ch\\\/de\\\/kheope\\\/#local-main-organization-logo\"},\"sameAs\":[\"https:\\\/\\\/www.facebook.com\\\/atecpool.ch\\\/\",\"https:\\\/\\\/www.instagram.com\\\/atecpool_ch\\\/\"],\"address\":{\"@id\":\"https:\\\/\\\/www.atecpool.ch\\\/de\\\/kheope\\\/#local-main-place-address\"},\"telephone\":[\"+41 91 980 33 93\"],\"openingHoursSpecification\":[{\"@type\":\"OpeningHoursSpecification\",\"dayOfWeek\":[\"Monday\",\"Tuesday\",\"Wednesday\",\"Thursday\",\"Friday\",\"Saturday\",\"Sunday\"],\"opens\":\"09:00\",\"closes\":\"17:00\"}],\"email\":\"info@atecpool.ch\"},{\"@type\":\"PostalAddress\",\"@id\":\"https:\\\/\\\/www.atecpool.ch\\\/de\\\/kheope\\\/#local-main-place-address\",\"streetAddress\":\"Via Cantonale 5\",\"addressLocality\":\"Grancia\",\"postalCode\":\"6916\",\"addressCountry\":\"CH\"},{\"@type\":\"ImageObject\",\"inLanguage\":\"de-DE\",\"@id\":\"https:\\\/\\\/www.atecpool.ch\\\/de\\\/kheope\\\/#local-main-organization-logo\",\"url\":\"https:\\\/\\\/www.atecpool.ch\\\/wp-content\\\/uploads\\\/2020\\\/09\\\/atec_logo.png\",\"contentUrl\":\"https:\\\/\\\/www.atecpool.ch\\\/wp-content\\\/uploads\\\/2020\\\/09\\\/atec_logo.png\",\"width\":500,\"height\":145,\"caption\":\"Atec Pool\"}]}<\/script>\n<meta name=\"geo.placename\" content=\"Grancia\" \/>\n<meta name=\"geo.region\" content=\"Schweiz\" \/>\n<!-- \/ Yoast SEO Premium plugin. -->","yoast_head_json":{"title":"Kheope - Atec Pool","description":"Perfekt f\u00fcr eine sichere und einfache Installation der Sonnensegel in Ihrem Garten oder auf Ihrer Terrasse.","robots":{"index":"index","follow":"follow","max-snippet":"max-snippet:-1","max-image-preview":"max-image-preview:large","max-video-preview":"max-video-preview:-1"},"canonical":"https:\/\/www.atecpool.ch\/de\/kheope\/","og_locale":"de_DE","og_type":"article","og_title":"Kheope","og_description":"Perfekt f\u00fcr eine sichere und einfache Installation der Sonnensegel in Ihrem Garten oder auf Ihrer Terrasse.","og_url":"https:\/\/www.atecpool.ch\/de\/kheope\/","og_site_name":"Atec Pool","article_publisher":"https:\/\/www.facebook.com\/atecpool.ch\/","article_modified_time":"2025-09-29T08:45:10+00:00","twitter_card":"summary_large_image","twitter_misc":{"Gesch\u00e4tzte Lesezeit":"2 minutes"},"schema":{"@context":"https:\/\/schema.org","@graph":[{"@type":"WebPage","@id":"https:\/\/www.atecpool.ch\/de\/kheope\/","url":"https:\/\/www.atecpool.ch\/de\/kheope\/","name":"Kheope - Atec Pool","isPartOf":{"@id":"https:\/\/www.atecpool.ch\/de\/#website"},"datePublished":"2024-02-17T21:19:56+00:00","dateModified":"2025-09-29T08:45:10+00:00","description":"Perfekt f\u00fcr eine sichere und einfache Installation der Sonnensegel in Ihrem Garten oder auf Ihrer Terrasse.","breadcrumb":{"@id":"https:\/\/www.atecpool.ch\/de\/kheope\/#breadcrumb"},"inLanguage":"de-DE","potentialAction":[{"@type":"ReadAction","target":["https:\/\/www.atecpool.ch\/de\/kheope\/"]}]},{"@type":"BreadcrumbList","@id":"https:\/\/www.atecpool.ch\/de\/kheope\/#breadcrumb","itemListElement":[{"@type":"ListItem","position":1,"name":"Home","item":"https:\/\/www.atecpool.ch\/de\/home\/"},{"@type":"ListItem","position":2,"name":"Kheope"}]},{"@type":"WebSite","@id":"https:\/\/www.atecpool.ch\/de\/#website","url":"https:\/\/www.atecpool.ch\/de\/","name":"Atec Pool","description":"Pool \u00b7 Sauna \u00b7 Wellness","publisher":{"@id":"https:\/\/www.atecpool.ch\/de\/#organization"},"potentialAction":[{"@type":"SearchAction","target":{"@type":"EntryPoint","urlTemplate":"https:\/\/www.atecpool.ch\/de\/?s={search_term_string}"},"query-input":{"@type":"PropertyValueSpecification","valueRequired":true,"valueName":"search_term_string"}}],"inLanguage":"de-DE"},{"@type":["Organization","Place"],"@id":"https:\/\/www.atecpool.ch\/de\/#organization","name":"Atec Pool","url":"https:\/\/www.atecpool.ch\/de\/","logo":{"@id":"https:\/\/www.atecpool.ch\/de\/kheope\/#local-main-organization-logo"},"image":{"@id":"https:\/\/www.atecpool.ch\/de\/kheope\/#local-main-organization-logo"},"sameAs":["https:\/\/www.facebook.com\/atecpool.ch\/","https:\/\/www.instagram.com\/atecpool_ch\/"],"address":{"@id":"https:\/\/www.atecpool.ch\/de\/kheope\/#local-main-place-address"},"telephone":["+41 91 980 33 93"],"openingHoursSpecification":[{"@type":"OpeningHoursSpecification","dayOfWeek":["Monday","Tuesday","Wednesday","Thursday","Friday","Saturday","Sunday"],"opens":"09:00","closes":"17:00"}],"email":"info@atecpool.ch"},{"@type":"PostalAddress","@id":"https:\/\/www.atecpool.ch\/de\/kheope\/#local-main-place-address","streetAddress":"Via Cantonale 5","addressLocality":"Grancia","postalCode":"6916","addressCountry":"CH"},{"@type":"ImageObject","inLanguage":"de-DE","@id":"https:\/\/www.atecpool.ch\/de\/kheope\/#local-main-organization-logo","url":"https:\/\/www.atecpool.ch\/wp-content\/uploads\/2020\/09\/atec_logo.png","contentUrl":"https:\/\/www.atecpool.ch\/wp-content\/uploads\/2020\/09\/atec_logo.png","width":500,"height":145,"caption":"Atec Pool"}]},"geo.placename":"Grancia","geo.region":"Schweiz"},"_links":{"self":[{"href":"https:\/\/www.atecpool.ch\/de\/wp-json\/wp\/v2\/pages\/30434","targetHints":{"allow":["GET"]}}],"collection":[{"href":"https:\/\/www.atecpool.ch\/de\/wp-json\/wp\/v2\/pages"}],"about":[{"href":"https:\/\/www.atecpool.ch\/de\/wp-json\/wp\/v2\/types\/page"}],"author":[{"embeddable":true,"href":"https:\/\/www.atecpool.ch\/de\/wp-json\/wp\/v2\/users\/16"}],"replies":[{"embeddable":true,"href":"https:\/\/www.atecpool.ch\/de\/wp-json\/wp\/v2\/comments?post=30434"}],"version-history":[{"count":4,"href":"https:\/\/www.atecpool.ch\/de\/wp-json\/wp\/v2\/pages\/30434\/revisions"}],"predecessor-version":[{"id":35783,"href":"https:\/\/www.atecpool.ch\/de\/wp-json\/wp\/v2\/pages\/30434\/revisions\/35783"}],"wp:attachment":[{"href":"https:\/\/www.atecpool.ch\/de\/wp-json\/wp\/v2\/media?parent=30434"}],"curies":[{"name":"wp","href":"https:\/\/api.w.org\/{rel}","templated":true}]}}