{"id":30424,"date":"2024-02-17T21:47:57","date_gmt":"2024-02-17T20:47:57","guid":{"rendered":"https:\/\/www.atecpool.ch\/sonnensegel\/"},"modified":"2024-10-10T08:02:35","modified_gmt":"2024-10-10T06:02:35","slug":"sonnensegel","status":"publish","type":"page","link":"https:\/\/www.atecpool.ch\/de\/sonnensegel\/","title":{"rendered":"Sonnensegel"},"content":{"rendered":"<div class=\"wpb-content-wrapper\"><p>[vc_row][vc_column][vc_column_text]<strong>Gartensegel<\/strong> bieten eine stilvolle und funktionale L\u00f6sung, um im Freien schattige Bereiche zu schaffen. Ihr Segel, elegant an beweglichen Strukturen befestigt, spendet einen anspruchsvollen und flexiblen Schatten, der eine ideale Atmosph\u00e4re zum Entspannen, geselligen Beisammensein oder einfach nur zum Genie\u00dfen der Landschaft schafft.<\/p>\n<p>Montiert an der Wand, auf dem Boden oder auf freistehenden Strukturen, die auf Plattformen ruhen, ist eine einfache Installation gew\u00e4hrleistet. Dabei bietet sich gleichzeitig eine breite Palette an Optionen, um sie in einen bestehenden Au\u00dfenbereich zu integrieren. Diese Flexibilit\u00e4t bei der Installation erm\u00f6glicht es, sowohl den Garten als auch die Terrasse optimal zu nutzen.[\/vc_column_text][\/vc_column][\/vc_row][vc_row][vc_column width=&#8221;1\/2&#8243;][vc_column_text css=&#8221;&#8221;]<\/p>\n<h3 style=\"text-align: center;\">Kolibrie<\/h3>\n<p style=\"text-align: center;\"><a href=\"https:\/\/www.atecpool.ch\/de\/kolibrie\/\"><img width=\"1024\" height=\"683\" decoding=\"async\" src=\"https:\/\/www.atecpool.ch\/wp-content\/uploads\/2023\/08\/Vela-Kolibrie-1024x683.jpg\" class=\"alignnone wp-image-29481 size-large\" alt=\"Relax outdoor lounge area with wicker chairs, small table with drinks, shaded by a large umbrella, surrounded by greenery and comfortable ambiance.\" srcset=\"https:\/\/www.atecpool.ch\/wp-content\/uploads\/2023\/08\/Vela-Kolibrie-1024x683.jpg 1024w, https:\/\/www.atecpool.ch\/wp-content\/uploads\/2023\/08\/Vela-Kolibrie-800x534.jpg 800w, https:\/\/www.atecpool.ch\/wp-content\/uploads\/2023\/08\/Vela-Kolibrie-300x200.jpg 300w, https:\/\/www.atecpool.ch\/wp-content\/uploads\/2023\/08\/Vela-Kolibrie-768x512.jpg 768w, https:\/\/www.atecpool.ch\/wp-content\/uploads\/2023\/08\/Vela-Kolibrie-1536x1025.jpg 1536w, https:\/\/www.atecpool.ch\/wp-content\/uploads\/2023\/08\/Vela-Kolibrie-112x75.jpg 112w, https:\/\/www.atecpool.ch\/wp-content\/uploads\/2023\/08\/Vela-Kolibrie-480x320.jpg 480w, https:\/\/www.atecpool.ch\/wp-content\/uploads\/2023\/08\/Vela-Kolibrie.jpg 2000w\" sizes=\"(max-width:767px) 480px, (max-width:1024px) 100vw, 1024px\" \/>  <\/a><\/p>\n<p><strong>Kolibri<\/strong> ist die ideale Wahl f\u00fcr all jene, die nach einer modernen, praktischen und vielseitigen L\u00f6sung suchen, die nicht viel Platz ben\u00f6tigt. Dies wird durch ein minimalistisches, elegantes und fein ausgearbeitetes Design erreicht, das sich nahtlos in jede Einrichtung einf\u00fcgt und jeden Augenblick zu einem besonderen Erlebnis macht.[\/vc_column_text][\/vc_column][vc_column width=&#8221;1\/2&#8243;][vc_column_text css=&#8221;&#8221;]<\/p>\n<h3 style=\"text-align: center;\">Kheope<\/h3>\n<p style=\"text-align: center;\"><a href=\"https:\/\/www.atecpool.ch\/de\/kheope\/\"><img width=\"1024\" height=\"682\" decoding=\"async\" src=\"https:\/\/www.atecpool.ch\/wp-content\/uploads\/2023\/08\/Vela-Kehope-1024x682.jpg\" class=\"alignnone wp-image-29483 size-large\" alt=\"Veranda con tenda parasole e vista sui vigneti collinari, ambiente ideale per relax e socializzazione.\" srcset=\"https:\/\/www.atecpool.ch\/wp-content\/uploads\/2023\/08\/Vela-Kehope-1024x682.jpg 1024w, https:\/\/www.atecpool.ch\/wp-content\/uploads\/2023\/08\/Vela-Kehope-800x533.jpg 800w, https:\/\/www.atecpool.ch\/wp-content\/uploads\/2023\/08\/Vela-Kehope-300x200.jpg 300w, https:\/\/www.atecpool.ch\/wp-content\/uploads\/2023\/08\/Vela-Kehope-768x512.jpg 768w, https:\/\/www.atecpool.ch\/wp-content\/uploads\/2023\/08\/Vela-Kehope-1536x1024.jpg 1536w, https:\/\/www.atecpool.ch\/wp-content\/uploads\/2023\/08\/Vela-Kehope-113x75.jpg 113w, https:\/\/www.atecpool.ch\/wp-content\/uploads\/2023\/08\/Vela-Kehope-480x320.jpg 480w, https:\/\/www.atecpool.ch\/wp-content\/uploads\/2023\/08\/Vela-Kehope.jpg 2000w\" sizes=\"(max-width:767px) 480px, (max-width:1024px) 100vw, 1024px\" \/>  <\/a><\/p>\n<p><strong>Kheope<\/strong> ist die ideale Wahl f\u00fcr eine gro\u00dffl\u00e4chige Beschattung, die modernes Design, Funktionalit\u00e4t und Wetterbest\u00e4ndigkeit vereint und dabei Eleganz und hervorragende Materialqualit\u00e4t gew\u00e4hrleistet.[\/vc_column_text][\/vc_column][\/vc_row][vc_row][vc_column][vc_btn title=&#8221;Anfrage Informationen&#8221; color=&#8221;blue&#8221; size=&#8221;lg&#8221; align=&#8221;center&#8221; i_icon_fontawesome=&#8221;fas fa-info-circle&#8221; css=&#8221;&#8221; add_icon=&#8221;true&#8221; link=&#8221;url:https%3A%2F%2Fwww.atecpool.ch%2Fform-view%2F12|target:_blank&#8221;][\/vc_column][\/vc_row]<\/p>\n<\/div>","protected":false},"excerpt":{"rendered":"<p>[vc_row][vc_column][vc_column_text]Gartensegel bieten eine stilvolle und funktionale L\u00f6sung, um im Freien schattige Bereiche zu schaffen. Ihr Segel, elegant an beweglichen Strukturen befestigt, spendet einen anspruchsvollen und flexiblen<span class=\"excerpt-hellip\"> [\u2026]<\/span><\/p>\n","protected":false},"author":16,"featured_media":0,"parent":0,"menu_order":0,"comment_status":"closed","ping_status":"closed","template":"","meta":{"footnotes":""},"class_list":["post-30424","page","type-page","status-publish","hentry"],"yoast_head":"<!-- This site is optimized with the Yoast SEO Premium plugin v26.2 (Yoast SEO v27.4) - https:\/\/yoast.com\/product\/yoast-seo-premium-wordpress\/ -->\n<title>Sonnensegel - Atec Pool<\/title>\n<meta name=\"description\" content=\"Elegante und funktionale Gartensegel, die stilvollen Sonnenschutz bieten Qualit\u00e4ts-Gartensegel\" \/>\n<meta name=\"robots\" content=\"index, follow, max-snippet:-1, max-image-preview:large, max-video-preview:-1\" \/>\n<link rel=\"canonical\" href=\"https:\/\/www.atecpool.ch\/de\/sonnensegel\/\" \/>\n<meta property=\"og:locale\" content=\"de_DE\" \/>\n<meta property=\"og:type\" content=\"article\" \/>\n<meta property=\"og:title\" content=\"Sonnensegel\" \/>\n<meta property=\"og:description\" content=\"Elegante und funktionale Gartensegel, die stilvollen Sonnenschutz bieten Qualit\u00e4ts-Gartensegel\" \/>\n<meta property=\"og:url\" content=\"https:\/\/www.atecpool.ch\/de\/sonnensegel\/\" \/>\n<meta property=\"og:site_name\" content=\"Atec Pool\" \/>\n<meta property=\"article:publisher\" content=\"https:\/\/www.facebook.com\/atecpool.ch\/\" \/>\n<meta property=\"article:modified_time\" content=\"2024-10-10T06:02:35+00:00\" \/>\n<meta property=\"og:image\" content=\"https:\/\/www.atecpool.ch\/wp-content\/uploads\/2023\/08\/Vela-Kolibrie-1024x683.jpg\" \/>\n<meta name=\"twitter:card\" content=\"summary_large_image\" \/>\n<meta name=\"twitter:label1\" content=\"Gesch\u00e4tzte Lesezeit\" \/>\n\t<meta name=\"twitter:data1\" content=\"1 minute\" \/>\n<script type=\"application\/ld+json\" class=\"yoast-schema-graph\">{\"@context\":\"https:\\\/\\\/schema.org\",\"@graph\":[{\"@type\":\"WebPage\",\"@id\":\"https:\\\/\\\/www.atecpool.ch\\\/de\\\/sonnensegel\\\/\",\"url\":\"https:\\\/\\\/www.atecpool.ch\\\/de\\\/sonnensegel\\\/\",\"name\":\"Sonnensegel - Atec Pool\",\"isPartOf\":{\"@id\":\"https:\\\/\\\/www.atecpool.ch\\\/de\\\/#website\"},\"primaryImageOfPage\":{\"@id\":\"https:\\\/\\\/www.atecpool.ch\\\/de\\\/sonnensegel\\\/#primaryimage\"},\"image\":{\"@id\":\"https:\\\/\\\/www.atecpool.ch\\\/de\\\/sonnensegel\\\/#primaryimage\"},\"thumbnailUrl\":\"https:\\\/\\\/www.atecpool.ch\\\/wp-content\\\/uploads\\\/2023\\\/08\\\/Vela-Kolibrie-1024x683.jpg\",\"datePublished\":\"2024-02-17T20:47:57+00:00\",\"dateModified\":\"2024-10-10T06:02:35+00:00\",\"description\":\"Elegante und funktionale Gartensegel, die stilvollen Sonnenschutz bieten Qualit\u00e4ts-Gartensegel\",\"breadcrumb\":{\"@id\":\"https:\\\/\\\/www.atecpool.ch\\\/de\\\/sonnensegel\\\/#breadcrumb\"},\"inLanguage\":\"de-DE\",\"potentialAction\":[{\"@type\":\"ReadAction\",\"target\":[\"https:\\\/\\\/www.atecpool.ch\\\/de\\\/sonnensegel\\\/\"]}]},{\"@type\":\"ImageObject\",\"inLanguage\":\"de-DE\",\"@id\":\"https:\\\/\\\/www.atecpool.ch\\\/de\\\/sonnensegel\\\/#primaryimage\",\"url\":\"https:\\\/\\\/www.atecpool.ch\\\/wp-content\\\/uploads\\\/2023\\\/08\\\/Vela-Kolibrie-1024x683.jpg\",\"contentUrl\":\"https:\\\/\\\/www.atecpool.ch\\\/wp-content\\\/uploads\\\/2023\\\/08\\\/Vela-Kolibrie-1024x683.jpg\"},{\"@type\":\"BreadcrumbList\",\"@id\":\"https:\\\/\\\/www.atecpool.ch\\\/de\\\/sonnensegel\\\/#breadcrumb\",\"itemListElement\":[{\"@type\":\"ListItem\",\"position\":1,\"name\":\"Home\",\"item\":\"https:\\\/\\\/www.atecpool.ch\\\/de\\\/home\\\/\"},{\"@type\":\"ListItem\",\"position\":2,\"name\":\"Sonnensegel\"}]},{\"@type\":\"WebSite\",\"@id\":\"https:\\\/\\\/www.atecpool.ch\\\/de\\\/#website\",\"url\":\"https:\\\/\\\/www.atecpool.ch\\\/de\\\/\",\"name\":\"Atec Pool\",\"description\":\"Pool \u00b7 Sauna \u00b7 Wellness\",\"publisher\":{\"@id\":\"https:\\\/\\\/www.atecpool.ch\\\/de\\\/#organization\"},\"potentialAction\":[{\"@type\":\"SearchAction\",\"target\":{\"@type\":\"EntryPoint\",\"urlTemplate\":\"https:\\\/\\\/www.atecpool.ch\\\/de\\\/?s={search_term_string}\"},\"query-input\":{\"@type\":\"PropertyValueSpecification\",\"valueRequired\":true,\"valueName\":\"search_term_string\"}}],\"inLanguage\":\"de-DE\"},{\"@type\":[\"Organization\",\"Place\"],\"@id\":\"https:\\\/\\\/www.atecpool.ch\\\/de\\\/#organization\",\"name\":\"Atec Pool\",\"url\":\"https:\\\/\\\/www.atecpool.ch\\\/de\\\/\",\"logo\":{\"@id\":\"https:\\\/\\\/www.atecpool.ch\\\/de\\\/sonnensegel\\\/#local-main-organization-logo\"},\"image\":{\"@id\":\"https:\\\/\\\/www.atecpool.ch\\\/de\\\/sonnensegel\\\/#local-main-organization-logo\"},\"sameAs\":[\"https:\\\/\\\/www.facebook.com\\\/atecpool.ch\\\/\",\"https:\\\/\\\/www.instagram.com\\\/atecpool_ch\\\/\"],\"address\":{\"@id\":\"https:\\\/\\\/www.atecpool.ch\\\/de\\\/sonnensegel\\\/#local-main-place-address\"},\"telephone\":[\"+41 91 980 33 93\"],\"openingHoursSpecification\":[{\"@type\":\"OpeningHoursSpecification\",\"dayOfWeek\":[\"Monday\",\"Tuesday\",\"Wednesday\",\"Thursday\",\"Friday\",\"Saturday\",\"Sunday\"],\"opens\":\"09:00\",\"closes\":\"17:00\"}],\"email\":\"info@atecpool.ch\"},{\"@type\":\"PostalAddress\",\"@id\":\"https:\\\/\\\/www.atecpool.ch\\\/de\\\/sonnensegel\\\/#local-main-place-address\",\"streetAddress\":\"Via Cantonale 5\",\"addressLocality\":\"Grancia\",\"postalCode\":\"6916\",\"addressCountry\":\"CH\"},{\"@type\":\"ImageObject\",\"inLanguage\":\"de-DE\",\"@id\":\"https:\\\/\\\/www.atecpool.ch\\\/de\\\/sonnensegel\\\/#local-main-organization-logo\",\"url\":\"https:\\\/\\\/www.atecpool.ch\\\/wp-content\\\/uploads\\\/2020\\\/09\\\/atec_logo.png\",\"contentUrl\":\"https:\\\/\\\/www.atecpool.ch\\\/wp-content\\\/uploads\\\/2020\\\/09\\\/atec_logo.png\",\"width\":500,\"height\":145,\"caption\":\"Atec Pool\"}]}<\/script>\n<meta name=\"geo.placename\" content=\"Grancia\" \/>\n<meta name=\"geo.region\" content=\"Schweiz\" \/>\n<!-- \/ Yoast SEO Premium plugin. -->","yoast_head_json":{"title":"Sonnensegel - Atec Pool","description":"Elegante und funktionale Gartensegel, die stilvollen Sonnenschutz bieten Qualit\u00e4ts-Gartensegel","robots":{"index":"index","follow":"follow","max-snippet":"max-snippet:-1","max-image-preview":"max-image-preview:large","max-video-preview":"max-video-preview:-1"},"canonical":"https:\/\/www.atecpool.ch\/de\/sonnensegel\/","og_locale":"de_DE","og_type":"article","og_title":"Sonnensegel","og_description":"Elegante und funktionale Gartensegel, die stilvollen Sonnenschutz bieten Qualit\u00e4ts-Gartensegel","og_url":"https:\/\/www.atecpool.ch\/de\/sonnensegel\/","og_site_name":"Atec Pool","article_publisher":"https:\/\/www.facebook.com\/atecpool.ch\/","article_modified_time":"2024-10-10T06:02:35+00:00","og_image":[{"url":"https:\/\/www.atecpool.ch\/wp-content\/uploads\/2023\/08\/Vela-Kolibrie-1024x683.jpg","type":"","width":"","height":""}],"twitter_card":"summary_large_image","twitter_misc":{"Gesch\u00e4tzte Lesezeit":"1 minute"},"schema":{"@context":"https:\/\/schema.org","@graph":[{"@type":"WebPage","@id":"https:\/\/www.atecpool.ch\/de\/sonnensegel\/","url":"https:\/\/www.atecpool.ch\/de\/sonnensegel\/","name":"Sonnensegel - Atec Pool","isPartOf":{"@id":"https:\/\/www.atecpool.ch\/de\/#website"},"primaryImageOfPage":{"@id":"https:\/\/www.atecpool.ch\/de\/sonnensegel\/#primaryimage"},"image":{"@id":"https:\/\/www.atecpool.ch\/de\/sonnensegel\/#primaryimage"},"thumbnailUrl":"https:\/\/www.atecpool.ch\/wp-content\/uploads\/2023\/08\/Vela-Kolibrie-1024x683.jpg","datePublished":"2024-02-17T20:47:57+00:00","dateModified":"2024-10-10T06:02:35+00:00","description":"Elegante und funktionale Gartensegel, die stilvollen Sonnenschutz bieten Qualit\u00e4ts-Gartensegel","breadcrumb":{"@id":"https:\/\/www.atecpool.ch\/de\/sonnensegel\/#breadcrumb"},"inLanguage":"de-DE","potentialAction":[{"@type":"ReadAction","target":["https:\/\/www.atecpool.ch\/de\/sonnensegel\/"]}]},{"@type":"ImageObject","inLanguage":"de-DE","@id":"https:\/\/www.atecpool.ch\/de\/sonnensegel\/#primaryimage","url":"https:\/\/www.atecpool.ch\/wp-content\/uploads\/2023\/08\/Vela-Kolibrie-1024x683.jpg","contentUrl":"https:\/\/www.atecpool.ch\/wp-content\/uploads\/2023\/08\/Vela-Kolibrie-1024x683.jpg"},{"@type":"BreadcrumbList","@id":"https:\/\/www.atecpool.ch\/de\/sonnensegel\/#breadcrumb","itemListElement":[{"@type":"ListItem","position":1,"name":"Home","item":"https:\/\/www.atecpool.ch\/de\/home\/"},{"@type":"ListItem","position":2,"name":"Sonnensegel"}]},{"@type":"WebSite","@id":"https:\/\/www.atecpool.ch\/de\/#website","url":"https:\/\/www.atecpool.ch\/de\/","name":"Atec Pool","description":"Pool \u00b7 Sauna \u00b7 Wellness","publisher":{"@id":"https:\/\/www.atecpool.ch\/de\/#organization"},"potentialAction":[{"@type":"SearchAction","target":{"@type":"EntryPoint","urlTemplate":"https:\/\/www.atecpool.ch\/de\/?s={search_term_string}"},"query-input":{"@type":"PropertyValueSpecification","valueRequired":true,"valueName":"search_term_string"}}],"inLanguage":"de-DE"},{"@type":["Organization","Place"],"@id":"https:\/\/www.atecpool.ch\/de\/#organization","name":"Atec Pool","url":"https:\/\/www.atecpool.ch\/de\/","logo":{"@id":"https:\/\/www.atecpool.ch\/de\/sonnensegel\/#local-main-organization-logo"},"image":{"@id":"https:\/\/www.atecpool.ch\/de\/sonnensegel\/#local-main-organization-logo"},"sameAs":["https:\/\/www.facebook.com\/atecpool.ch\/","https:\/\/www.instagram.com\/atecpool_ch\/"],"address":{"@id":"https:\/\/www.atecpool.ch\/de\/sonnensegel\/#local-main-place-address"},"telephone":["+41 91 980 33 93"],"openingHoursSpecification":[{"@type":"OpeningHoursSpecification","dayOfWeek":["Monday","Tuesday","Wednesday","Thursday","Friday","Saturday","Sunday"],"opens":"09:00","closes":"17:00"}],"email":"info@atecpool.ch"},{"@type":"PostalAddress","@id":"https:\/\/www.atecpool.ch\/de\/sonnensegel\/#local-main-place-address","streetAddress":"Via Cantonale 5","addressLocality":"Grancia","postalCode":"6916","addressCountry":"CH"},{"@type":"ImageObject","inLanguage":"de-DE","@id":"https:\/\/www.atecpool.ch\/de\/sonnensegel\/#local-main-organization-logo","url":"https:\/\/www.atecpool.ch\/wp-content\/uploads\/2020\/09\/atec_logo.png","contentUrl":"https:\/\/www.atecpool.ch\/wp-content\/uploads\/2020\/09\/atec_logo.png","width":500,"height":145,"caption":"Atec Pool"}]},"geo.placename":"Grancia","geo.region":"Schweiz"},"_links":{"self":[{"href":"https:\/\/www.atecpool.ch\/de\/wp-json\/wp\/v2\/pages\/30424","targetHints":{"allow":["GET"]}}],"collection":[{"href":"https:\/\/www.atecpool.ch\/de\/wp-json\/wp\/v2\/pages"}],"about":[{"href":"https:\/\/www.atecpool.ch\/de\/wp-json\/wp\/v2\/types\/page"}],"author":[{"embeddable":true,"href":"https:\/\/www.atecpool.ch\/de\/wp-json\/wp\/v2\/users\/16"}],"replies":[{"embeddable":true,"href":"https:\/\/www.atecpool.ch\/de\/wp-json\/wp\/v2\/comments?post=30424"}],"version-history":[{"count":0,"href":"https:\/\/www.atecpool.ch\/de\/wp-json\/wp\/v2\/pages\/30424\/revisions"}],"wp:attachment":[{"href":"https:\/\/www.atecpool.ch\/de\/wp-json\/wp\/v2\/media?parent=30424"}],"curies":[{"name":"wp","href":"https:\/\/api.w.org\/{rel}","templated":true}]}}