{"id":30182,"date":"2024-01-19T15:38:19","date_gmt":"2024-01-19T14:38:19","guid":{"rendered":"https:\/\/www.atecpool.ch\/veranden\/"},"modified":"2024-10-10T08:07:14","modified_gmt":"2024-10-10T06:07:14","slug":"veranden","status":"publish","type":"page","link":"https:\/\/www.atecpool.ch\/de\/veranden\/","title":{"rendered":"VERANDEN"},"content":{"rendered":"<div class=\"wpb-content-wrapper\"><p>[vc_row][vc_column][vc_column_text]<strong>Veranden<\/strong> sind das Geheimnis, um den Au\u00dfenbereich zu sch\u00fctzen und aufzuwerten. Sie bieten Schutz vor Wasser, Wind und Sonne und verwandeln so die Au\u00dfenbereiche in innovative und einladende Umgebungen.<\/p>\n<p>Mit pr\u00e4ziser Aufmerksamkeit f\u00fcr Details entworfen, gew\u00e4hrleisten sie eine harmonische Verschmelzung zwischen dem Haus und der umgebenden nat\u00fcrlichen Landschaft. Dadurch wird der Au\u00dfenraum zu einem Ort von un\u00fcbertroffenem Komfort und \u00e4sthetischer Sch\u00f6nheit.[\/vc_column_text][\/vc_column][\/vc_row][vc_row][vc_column width=&#8221;1\/2&#8243;][vc_column_text]<\/p>\n<h3 style=\"text-align: center;\">Bioklimatische Pergolen<\/h3>\n<h3 style=\"text-align: center;\"><img width=\"1024\" height=\"424\" decoding=\"async\" src=\"https:\/\/www.atecpool.ch\/wp-content\/uploads\/2024\/01\/Serre-solari-bioclimatiche-1024x424.jpg\" class=\"aligncenter size-large wp-image-30177\" alt=\"Vasca idromassaggio interrata con copertura in vetro e panorama sul lago e montagne circostanti.\" srcset=\"https:\/\/www.atecpool.ch\/wp-content\/uploads\/2024\/01\/Serre-solari-bioclimatiche-1024x424.jpg 1024w, https:\/\/www.atecpool.ch\/wp-content\/uploads\/2024\/01\/Serre-solari-bioclimatiche-800x331.jpg 800w, https:\/\/www.atecpool.ch\/wp-content\/uploads\/2024\/01\/Serre-solari-bioclimatiche-300x124.jpg 300w, https:\/\/www.atecpool.ch\/wp-content\/uploads\/2024\/01\/Serre-solari-bioclimatiche-768x318.jpg 768w, https:\/\/www.atecpool.ch\/wp-content\/uploads\/2024\/01\/Serre-solari-bioclimatiche-1536x636.jpg 1536w, https:\/\/www.atecpool.ch\/wp-content\/uploads\/2024\/01\/Serre-solari-bioclimatiche-150x62.jpg 150w, https:\/\/www.atecpool.ch\/wp-content\/uploads\/2024\/01\/Serre-solari-bioclimatiche-480x199.jpg 480w, https:\/\/www.atecpool.ch\/wp-content\/uploads\/2024\/01\/Serre-solari-bioclimatiche.jpg 1919w\" sizes=\"(max-width:767px) 480px, (max-width:1024px) 100vw, 1024px\" \/>  <\/h3>\n<p>[\/vc_column_text][\/vc_column][vc_column width=&#8221;1\/2&#8243;][vc_column_text]<\/p>\n<h3 style=\"text-align: center;\">Winterg\u00e4rten<\/h3>\n<h3 style=\"text-align: center;\"><img width=\"1024\" height=\"424\" decoding=\"async\" src=\"https:\/\/www.atecpool.ch\/wp-content\/uploads\/2024\/01\/Giardini-dinverno-1024x424.jpg\" class=\"aligncenter size-large wp-image-30179\" alt=\"Pool coperta con vista sulla neve, esterno esclusivo in inverno.\" srcset=\"https:\/\/www.atecpool.ch\/wp-content\/uploads\/2024\/01\/Giardini-dinverno-1024x424.jpg 1024w, https:\/\/www.atecpool.ch\/wp-content\/uploads\/2024\/01\/Giardini-dinverno-800x331.jpg 800w, https:\/\/www.atecpool.ch\/wp-content\/uploads\/2024\/01\/Giardini-dinverno-300x124.jpg 300w, https:\/\/www.atecpool.ch\/wp-content\/uploads\/2024\/01\/Giardini-dinverno-768x318.jpg 768w, https:\/\/www.atecpool.ch\/wp-content\/uploads\/2024\/01\/Giardini-dinverno-1536x636.jpg 1536w, https:\/\/www.atecpool.ch\/wp-content\/uploads\/2024\/01\/Giardini-dinverno-150x62.jpg 150w, https:\/\/www.atecpool.ch\/wp-content\/uploads\/2024\/01\/Giardini-dinverno-480x199.jpg 480w, https:\/\/www.atecpool.ch\/wp-content\/uploads\/2024\/01\/Giardini-dinverno.jpg 1919w\" sizes=\"(max-width:767px) 480px, (max-width:1024px) 100vw, 1024px\" \/> <\/h3>\n<p>[\/vc_column_text][\/vc_column][\/vc_row][vc_row][vc_column][vc_btn title=&#8221;Anfrage Informationen&#8221; color=&#8221;blue&#8221; size=&#8221;lg&#8221; align=&#8221;center&#8221; i_icon_fontawesome=&#8221;fas fa-info-circle&#8221; css=&#8221;&#8221; add_icon=&#8221;true&#8221; link=&#8221;url:https%3A%2F%2Fwww.atecpool.ch%2Fform-view%2F12&#8243;][\/vc_column][\/vc_row]<\/p>\n<\/div>","protected":false},"excerpt":{"rendered":"<p>[vc_row][vc_column][vc_column_text]Veranden sind das Geheimnis, um den Au\u00dfenbereich zu sch\u00fctzen und aufzuwerten. Sie bieten Schutz vor Wasser, Wind und Sonne und verwandeln so die Au\u00dfenbereiche in innovative<span class=\"excerpt-hellip\"> [\u2026]<\/span><\/p>\n","protected":false},"author":16,"featured_media":0,"parent":0,"menu_order":0,"comment_status":"closed","ping_status":"closed","template":"","meta":{"footnotes":""},"class_list":["post-30182","page","type-page","status-publish","hentry"],"yoast_head":"<!-- This site is optimized with the Yoast SEO Premium plugin v26.2 (Yoast SEO v27.4) - https:\/\/yoast.com\/product\/yoast-seo-premium-wordpress\/ -->\n<title>VERANDEN - Atec Pool<\/title>\n<meta name=\"robots\" content=\"index, follow, max-snippet:-1, max-image-preview:large, max-video-preview:-1\" \/>\n<link rel=\"canonical\" href=\"https:\/\/www.atecpool.ch\/de\/veranden\/\" \/>\n<meta property=\"og:locale\" content=\"de_DE\" \/>\n<meta property=\"og:type\" content=\"article\" \/>\n<meta property=\"og:title\" content=\"VERANDEN\" \/>\n<meta property=\"og:description\" content=\"[vc_row][vc_column][vc_column_text]Veranden sind das Geheimnis, um den Au\u00dfenbereich zu sch\u00fctzen und aufzuwerten. Sie bieten Schutz vor Wasser, Wind und Sonne und verwandeln so die Au\u00dfenbereiche in innovative [\u2026]\" \/>\n<meta property=\"og:url\" content=\"https:\/\/www.atecpool.ch\/de\/veranden\/\" \/>\n<meta property=\"og:site_name\" content=\"Atec Pool\" \/>\n<meta property=\"article:publisher\" content=\"https:\/\/www.facebook.com\/atecpool.ch\/\" \/>\n<meta property=\"article:modified_time\" content=\"2024-10-10T06:07:14+00:00\" \/>\n<meta property=\"og:image\" content=\"https:\/\/www.atecpool.ch\/wp-content\/uploads\/2024\/01\/Serre-solari-bioclimatiche-1024x424.jpg\" \/>\n<meta name=\"twitter:card\" content=\"summary_large_image\" \/>\n<meta name=\"twitter:label1\" content=\"Gesch\u00e4tzte Lesezeit\" \/>\n\t<meta name=\"twitter:data1\" content=\"1 minute\" \/>\n<script type=\"application\/ld+json\" class=\"yoast-schema-graph\">{\"@context\":\"https:\\\/\\\/schema.org\",\"@graph\":[{\"@type\":\"WebPage\",\"@id\":\"https:\\\/\\\/www.atecpool.ch\\\/de\\\/veranden\\\/\",\"url\":\"https:\\\/\\\/www.atecpool.ch\\\/de\\\/veranden\\\/\",\"name\":\"VERANDEN - Atec Pool\",\"isPartOf\":{\"@id\":\"https:\\\/\\\/www.atecpool.ch\\\/de\\\/#website\"},\"primaryImageOfPage\":{\"@id\":\"https:\\\/\\\/www.atecpool.ch\\\/de\\\/veranden\\\/#primaryimage\"},\"image\":{\"@id\":\"https:\\\/\\\/www.atecpool.ch\\\/de\\\/veranden\\\/#primaryimage\"},\"thumbnailUrl\":\"https:\\\/\\\/www.atecpool.ch\\\/wp-content\\\/uploads\\\/2024\\\/01\\\/Serre-solari-bioclimatiche-1024x424.jpg\",\"datePublished\":\"2024-01-19T14:38:19+00:00\",\"dateModified\":\"2024-10-10T06:07:14+00:00\",\"breadcrumb\":{\"@id\":\"https:\\\/\\\/www.atecpool.ch\\\/de\\\/veranden\\\/#breadcrumb\"},\"inLanguage\":\"de-DE\",\"potentialAction\":[{\"@type\":\"ReadAction\",\"target\":[\"https:\\\/\\\/www.atecpool.ch\\\/de\\\/veranden\\\/\"]}]},{\"@type\":\"ImageObject\",\"inLanguage\":\"de-DE\",\"@id\":\"https:\\\/\\\/www.atecpool.ch\\\/de\\\/veranden\\\/#primaryimage\",\"url\":\"https:\\\/\\\/www.atecpool.ch\\\/wp-content\\\/uploads\\\/2024\\\/01\\\/Serre-solari-bioclimatiche-1024x424.jpg\",\"contentUrl\":\"https:\\\/\\\/www.atecpool.ch\\\/wp-content\\\/uploads\\\/2024\\\/01\\\/Serre-solari-bioclimatiche-1024x424.jpg\"},{\"@type\":\"BreadcrumbList\",\"@id\":\"https:\\\/\\\/www.atecpool.ch\\\/de\\\/veranden\\\/#breadcrumb\",\"itemListElement\":[{\"@type\":\"ListItem\",\"position\":1,\"name\":\"Home\",\"item\":\"https:\\\/\\\/www.atecpool.ch\\\/de\\\/home\\\/\"},{\"@type\":\"ListItem\",\"position\":2,\"name\":\"VERANDEN\"}]},{\"@type\":\"WebSite\",\"@id\":\"https:\\\/\\\/www.atecpool.ch\\\/de\\\/#website\",\"url\":\"https:\\\/\\\/www.atecpool.ch\\\/de\\\/\",\"name\":\"Atec Pool\",\"description\":\"Pool \u00b7 Sauna \u00b7 Wellness\",\"publisher\":{\"@id\":\"https:\\\/\\\/www.atecpool.ch\\\/de\\\/#organization\"},\"potentialAction\":[{\"@type\":\"SearchAction\",\"target\":{\"@type\":\"EntryPoint\",\"urlTemplate\":\"https:\\\/\\\/www.atecpool.ch\\\/de\\\/?s={search_term_string}\"},\"query-input\":{\"@type\":\"PropertyValueSpecification\",\"valueRequired\":true,\"valueName\":\"search_term_string\"}}],\"inLanguage\":\"de-DE\"},{\"@type\":[\"Organization\",\"Place\"],\"@id\":\"https:\\\/\\\/www.atecpool.ch\\\/de\\\/#organization\",\"name\":\"Atec Pool\",\"url\":\"https:\\\/\\\/www.atecpool.ch\\\/de\\\/\",\"logo\":{\"@id\":\"https:\\\/\\\/www.atecpool.ch\\\/de\\\/veranden\\\/#local-main-organization-logo\"},\"image\":{\"@id\":\"https:\\\/\\\/www.atecpool.ch\\\/de\\\/veranden\\\/#local-main-organization-logo\"},\"sameAs\":[\"https:\\\/\\\/www.facebook.com\\\/atecpool.ch\\\/\",\"https:\\\/\\\/www.instagram.com\\\/atecpool_ch\\\/\"],\"address\":{\"@id\":\"https:\\\/\\\/www.atecpool.ch\\\/de\\\/veranden\\\/#local-main-place-address\"},\"telephone\":[\"+41 91 980 33 93\"],\"openingHoursSpecification\":[{\"@type\":\"OpeningHoursSpecification\",\"dayOfWeek\":[\"Monday\",\"Tuesday\",\"Wednesday\",\"Thursday\",\"Friday\",\"Saturday\",\"Sunday\"],\"opens\":\"09:00\",\"closes\":\"17:00\"}],\"email\":\"info@atecpool.ch\"},{\"@type\":\"PostalAddress\",\"@id\":\"https:\\\/\\\/www.atecpool.ch\\\/de\\\/veranden\\\/#local-main-place-address\",\"streetAddress\":\"Via Cantonale 5\",\"addressLocality\":\"Grancia\",\"postalCode\":\"6916\",\"addressCountry\":\"CH\"},{\"@type\":\"ImageObject\",\"inLanguage\":\"de-DE\",\"@id\":\"https:\\\/\\\/www.atecpool.ch\\\/de\\\/veranden\\\/#local-main-organization-logo\",\"url\":\"https:\\\/\\\/www.atecpool.ch\\\/wp-content\\\/uploads\\\/2020\\\/09\\\/atec_logo.png\",\"contentUrl\":\"https:\\\/\\\/www.atecpool.ch\\\/wp-content\\\/uploads\\\/2020\\\/09\\\/atec_logo.png\",\"width\":500,\"height\":145,\"caption\":\"Atec Pool\"}]}<\/script>\n<meta name=\"geo.placename\" content=\"Grancia\" \/>\n<meta name=\"geo.region\" content=\"Schweiz\" \/>\n<!-- \/ Yoast SEO Premium plugin. -->","yoast_head_json":{"title":"VERANDEN - Atec Pool","robots":{"index":"index","follow":"follow","max-snippet":"max-snippet:-1","max-image-preview":"max-image-preview:large","max-video-preview":"max-video-preview:-1"},"canonical":"https:\/\/www.atecpool.ch\/de\/veranden\/","og_locale":"de_DE","og_type":"article","og_title":"VERANDEN","og_description":"[vc_row][vc_column][vc_column_text]Veranden sind das Geheimnis, um den Au\u00dfenbereich zu sch\u00fctzen und aufzuwerten. Sie bieten Schutz vor Wasser, Wind und Sonne und verwandeln so die Au\u00dfenbereiche in innovative [\u2026]","og_url":"https:\/\/www.atecpool.ch\/de\/veranden\/","og_site_name":"Atec Pool","article_publisher":"https:\/\/www.facebook.com\/atecpool.ch\/","article_modified_time":"2024-10-10T06:07:14+00:00","og_image":[{"url":"https:\/\/www.atecpool.ch\/wp-content\/uploads\/2024\/01\/Serre-solari-bioclimatiche-1024x424.jpg","type":"","width":"","height":""}],"twitter_card":"summary_large_image","twitter_misc":{"Gesch\u00e4tzte Lesezeit":"1 minute"},"schema":{"@context":"https:\/\/schema.org","@graph":[{"@type":"WebPage","@id":"https:\/\/www.atecpool.ch\/de\/veranden\/","url":"https:\/\/www.atecpool.ch\/de\/veranden\/","name":"VERANDEN - Atec Pool","isPartOf":{"@id":"https:\/\/www.atecpool.ch\/de\/#website"},"primaryImageOfPage":{"@id":"https:\/\/www.atecpool.ch\/de\/veranden\/#primaryimage"},"image":{"@id":"https:\/\/www.atecpool.ch\/de\/veranden\/#primaryimage"},"thumbnailUrl":"https:\/\/www.atecpool.ch\/wp-content\/uploads\/2024\/01\/Serre-solari-bioclimatiche-1024x424.jpg","datePublished":"2024-01-19T14:38:19+00:00","dateModified":"2024-10-10T06:07:14+00:00","breadcrumb":{"@id":"https:\/\/www.atecpool.ch\/de\/veranden\/#breadcrumb"},"inLanguage":"de-DE","potentialAction":[{"@type":"ReadAction","target":["https:\/\/www.atecpool.ch\/de\/veranden\/"]}]},{"@type":"ImageObject","inLanguage":"de-DE","@id":"https:\/\/www.atecpool.ch\/de\/veranden\/#primaryimage","url":"https:\/\/www.atecpool.ch\/wp-content\/uploads\/2024\/01\/Serre-solari-bioclimatiche-1024x424.jpg","contentUrl":"https:\/\/www.atecpool.ch\/wp-content\/uploads\/2024\/01\/Serre-solari-bioclimatiche-1024x424.jpg"},{"@type":"BreadcrumbList","@id":"https:\/\/www.atecpool.ch\/de\/veranden\/#breadcrumb","itemListElement":[{"@type":"ListItem","position":1,"name":"Home","item":"https:\/\/www.atecpool.ch\/de\/home\/"},{"@type":"ListItem","position":2,"name":"VERANDEN"}]},{"@type":"WebSite","@id":"https:\/\/www.atecpool.ch\/de\/#website","url":"https:\/\/www.atecpool.ch\/de\/","name":"Atec Pool","description":"Pool \u00b7 Sauna \u00b7 Wellness","publisher":{"@id":"https:\/\/www.atecpool.ch\/de\/#organization"},"potentialAction":[{"@type":"SearchAction","target":{"@type":"EntryPoint","urlTemplate":"https:\/\/www.atecpool.ch\/de\/?s={search_term_string}"},"query-input":{"@type":"PropertyValueSpecification","valueRequired":true,"valueName":"search_term_string"}}],"inLanguage":"de-DE"},{"@type":["Organization","Place"],"@id":"https:\/\/www.atecpool.ch\/de\/#organization","name":"Atec Pool","url":"https:\/\/www.atecpool.ch\/de\/","logo":{"@id":"https:\/\/www.atecpool.ch\/de\/veranden\/#local-main-organization-logo"},"image":{"@id":"https:\/\/www.atecpool.ch\/de\/veranden\/#local-main-organization-logo"},"sameAs":["https:\/\/www.facebook.com\/atecpool.ch\/","https:\/\/www.instagram.com\/atecpool_ch\/"],"address":{"@id":"https:\/\/www.atecpool.ch\/de\/veranden\/#local-main-place-address"},"telephone":["+41 91 980 33 93"],"openingHoursSpecification":[{"@type":"OpeningHoursSpecification","dayOfWeek":["Monday","Tuesday","Wednesday","Thursday","Friday","Saturday","Sunday"],"opens":"09:00","closes":"17:00"}],"email":"info@atecpool.ch"},{"@type":"PostalAddress","@id":"https:\/\/www.atecpool.ch\/de\/veranden\/#local-main-place-address","streetAddress":"Via Cantonale 5","addressLocality":"Grancia","postalCode":"6916","addressCountry":"CH"},{"@type":"ImageObject","inLanguage":"de-DE","@id":"https:\/\/www.atecpool.ch\/de\/veranden\/#local-main-organization-logo","url":"https:\/\/www.atecpool.ch\/wp-content\/uploads\/2020\/09\/atec_logo.png","contentUrl":"https:\/\/www.atecpool.ch\/wp-content\/uploads\/2020\/09\/atec_logo.png","width":500,"height":145,"caption":"Atec Pool"}]},"geo.placename":"Grancia","geo.region":"Schweiz"},"_links":{"self":[{"href":"https:\/\/www.atecpool.ch\/de\/wp-json\/wp\/v2\/pages\/30182","targetHints":{"allow":["GET"]}}],"collection":[{"href":"https:\/\/www.atecpool.ch\/de\/wp-json\/wp\/v2\/pages"}],"about":[{"href":"https:\/\/www.atecpool.ch\/de\/wp-json\/wp\/v2\/types\/page"}],"author":[{"embeddable":true,"href":"https:\/\/www.atecpool.ch\/de\/wp-json\/wp\/v2\/users\/16"}],"replies":[{"embeddable":true,"href":"https:\/\/www.atecpool.ch\/de\/wp-json\/wp\/v2\/comments?post=30182"}],"version-history":[{"count":0,"href":"https:\/\/www.atecpool.ch\/de\/wp-json\/wp\/v2\/pages\/30182\/revisions"}],"wp:attachment":[{"href":"https:\/\/www.atecpool.ch\/de\/wp-json\/wp\/v2\/media?parent=30182"}],"curies":[{"name":"wp","href":"https:\/\/api.w.org\/{rel}","templated":true}]}}