{"id":30104,"date":"2024-01-19T05:41:56","date_gmt":"2024-01-19T04:41:56","guid":{"rendered":"https:\/\/www.atecpool.ch\/aussenueberdachungen\/pergola\/skylife\/"},"modified":"2024-10-10T08:05:14","modified_gmt":"2024-10-10T06:05:14","slug":"skylife","status":"publish","type":"page","link":"https:\/\/www.atecpool.ch\/de\/aussenueberdachungen\/pergola\/skylife\/","title":{"rendered":"SKYLIFE"},"content":{"rendered":"<div class=\"wpb-content-wrapper\"><p>[vc_row][vc_column width=&#8221;1\/2&#8243;][vc_column_text]Die <strong>Skylife<\/strong>-Pergola ist eine innovative L\u00f6sung, um die Au\u00dfenbereiche mit Stil und Funktionalit\u00e4t zu bereichern. Die Skylife-Pergola ist eine innovative L\u00f6sung, um die Au\u00dfenbereiche mit Stil und Funktionalit\u00e4t zu bereichern. Die Lamellen k\u00f6nnen ge\u00f6ffnet werden, um sanftes Sonnenlicht hereinzulassen, oder geschlossen werden, um erfrischenden Schatten zu schaffen, wodurch eine vollst\u00e4ndige Kontrolle \u00fcber die Atmosph\u00e4re geboten wird.<\/p>\n<p>Diese Pergola beschr\u00e4nkt sich nicht nur darauf, vor der intensiven Sommerhitze zu sch\u00fctzen. Dank seines integrierten Wasserablaufsystems bietet es zuverl\u00e4ssigen Schutz vor Regen und erm\u00f6glicht es, die Au\u00dfenbereiche auch an feuchten Tagen zu genie\u00dfen. Die Widerstandsf\u00e4higkeit gegen\u00fcber den Witterungseinfl\u00fcssen ist ein bedeutender Vorteil, der die Pergola f\u00fcr jede Jahreszeit geeignet macht.<\/p>\n<p>Durch ihre vollst\u00e4ndige Modularit\u00e4t passt sie sich m\u00fchelos an R\u00e4ume unterschiedlicher Formen an und erm\u00f6glicht so ein individuell angepasstes Design, das perfekt mit der umgebenden Umgebung harmoniert.[\/vc_column_text][\/vc_column][vc_column width=&#8221;1\/2&#8243;][vc_column_text]Die Beleuchtung spielt eine wesentliche Rolle bei der gew\u00fcnschten Atmosph\u00e4re, sowohl tags\u00fcber als auch nachts. Durch die Integration von LEDs in den Umfangsprofilen k\u00f6nnen faszinierende Lichtspiele geschaffen werden.<\/p>\n<p>Die moderne Technologie bildet das Herzst\u00fcck von Skylife. Durch die Nutzung der App f\u00fcr Smartphones und Tablets k\u00f6nnen Sie die Pergola bequem aus der Ferne steuern, die \u00d6ffnungs- und Schlie\u00dfzeiten der Lamellen flexibel anpassen. Die Anpassung erfolgt ganz nach Belieben, mit nur einer Ber\u00fchrung auf dem Bildschirm.<\/p>\n<p>Die Skylife Pergola wurde konzipiert, um langfristig zu bestehen und herausragende Leistungen unabh\u00e4ngig von den Herausforderungen, die die Natur bereithalten k\u00f6nnte, zu erbringen. Auf diese Weise k\u00f6nnen Sie die Outdoor-Bereiche bedenkenlos genie\u00dfen, ohne sich um die Witterungsbedingungen k\u00fcmmern zu m\u00fcssen.[\/vc_column_text][\/vc_column][\/vc_row][vc_row full_width=&#8221;stretch_row&#8221;][vc_column width=&#8221;1\/6&#8243;][\/vc_column][vc_column width=&#8221;4\/6&#8243;][vc_gallery interval=&#8221;5&#8243; images=&#8221;29412,29400,29402,29406,29414,29408&#8243; img_size=&#8221;1024&#215;683&#8243;][\/vc_column][vc_column width=&#8221;1\/6&#8243;][\/vc_column][\/vc_row][vc_row][vc_column][vc_separator color=&#8221;black&#8221; border_width=&#8221;2&#8243;][\/vc_column][\/vc_row][vc_row][vc_column width=&#8221;1\/3&#8243;][vc_column_text]<strong>TECHNISCHE DATEN<\/strong><\/p>\n<ul>\n<li>Aluminiumstruktur<\/li>\n<li>Maximale Abmessungen: 450 x 611 cm<\/li>\n<li>Maximale Breite bei geschlossenen Lamellen: 106 cm (28 Lamellen)<\/li>\n<li>aneinanderreihbare Module<\/li>\n<li>Best\u00e4ndigkeit gegen\u00fcber Sonneneinstrahlung<\/li>\n<li>Windbest\u00e4ndigkeit: Klasse 6<\/li>\n<\/ul>\n<p>[\/vc_column_text][\/vc_column][vc_column width=&#8221;1\/3&#8243;][vc_column_text]<strong>OPTIONAL<\/strong><\/p>\n<ul>\n<li>dimmbare RGB-LED-Beleuchtung am Au\u00dfenumfang<\/li>\n<li>Wei\u00dfer dimmbarer LED-Lichtsatz am Innenumfang<\/li>\n<li>Vertika Prime-Rollo integriert und voll einfahrbar an den Umfangsseiten<\/li>\n<li>Glasschiebefenster auf LINE GLASS-Schiene an den Umfangsseiten<\/li>\n<li>Vorhang am Innenumfang.<\/li>\n<li>integrierten System aus seitlichen und frontalen Senkrechtmarkisen<\/li>\n<\/ul>\n<p>[\/vc_column_text][\/vc_column][vc_column width=&#8221;1\/3&#8243;][vc_column_text]<strong>VERF\u00dcGBARE FARBEN<\/strong><br \/>\n<img width=\"418\" height=\"261\" decoding=\"async\" src=\"https:\/\/www.atecpool.ch\/wp-content\/uploads\/2023\/08\/Colori-pergole.jpg\" class=\"alignleft\" alt=\"Piscina interrata con design moderno, circondata da un ambiente relax e wellness.\"  >  [\/vc_column_text][\/vc_column][\/vc_row][vc_row][vc_column][vc_btn title=&#8221;Anfrage Informationen&#8221; color=&#8221;blue&#8221; size=&#8221;lg&#8221; align=&#8221;center&#8221; i_icon_fontawesome=&#8221;fas fa-info-circle&#8221; css=&#8221;&#8221; add_icon=&#8221;true&#8221; link=&#8221;url:https%3A%2F%2Fwww.atecpool.ch%2Fform-view%2F12&#8243;][\/vc_column][\/vc_row]<\/p>\n<\/div>","protected":false},"excerpt":{"rendered":"<p>[vc_row][vc_column width=&#8221;1\/2&#8243;][vc_column_text]Die Skylife-Pergola ist eine innovative L\u00f6sung, um die Au\u00dfenbereiche mit Stil und Funktionalit\u00e4t zu bereichern. Die Skylife-Pergola ist eine innovative L\u00f6sung, um die Au\u00dfenbereiche mit<span class=\"excerpt-hellip\"> [\u2026]<\/span><\/p>\n","protected":false},"author":16,"featured_media":0,"parent":30092,"menu_order":0,"comment_status":"closed","ping_status":"closed","template":"","meta":{"footnotes":""},"class_list":["post-30104","page","type-page","status-publish","hentry"],"yoast_head":"<!-- This site is optimized with the Yoast SEO Premium plugin v26.2 (Yoast SEO v27.4) - https:\/\/yoast.com\/product\/yoast-seo-premium-wordpress\/ -->\n<title>SKYLIFE - Atec Pool<\/title>\n<meta name=\"description\" content=\"Die Kedry Skylife ist eine bioklimatische Pergola mit beweglichen Lamellen, die eine vollst\u00e4ndige \u00d6ffnung des Dachs erm\u00f6glichen.\" \/>\n<meta name=\"robots\" content=\"index, follow, max-snippet:-1, max-image-preview:large, max-video-preview:-1\" \/>\n<link rel=\"canonical\" href=\"https:\/\/www.atecpool.ch\/de\/aussenueberdachungen\/pergola\/skylife\/\" \/>\n<meta property=\"og:locale\" content=\"de_DE\" \/>\n<meta property=\"og:type\" content=\"article\" \/>\n<meta property=\"og:title\" content=\"SKYLIFE\" \/>\n<meta property=\"og:description\" content=\"Die Kedry Skylife ist eine bioklimatische Pergola mit beweglichen Lamellen, die eine vollst\u00e4ndige \u00d6ffnung des Dachs erm\u00f6glichen.\" \/>\n<meta property=\"og:url\" content=\"https:\/\/www.atecpool.ch\/de\/aussenueberdachungen\/pergola\/skylife\/\" \/>\n<meta property=\"og:site_name\" content=\"Atec Pool\" \/>\n<meta property=\"article:publisher\" content=\"https:\/\/www.facebook.com\/atecpool.ch\/\" \/>\n<meta property=\"article:modified_time\" content=\"2024-10-10T06:05:14+00:00\" \/>\n<meta property=\"og:image\" content=\"https:\/\/www.atecpool.ch\/wp-content\/uploads\/2023\/08\/Colori-pergole.jpg\" \/>\n<meta name=\"twitter:card\" content=\"summary_large_image\" \/>\n<meta name=\"twitter:label1\" content=\"Gesch\u00e4tzte Lesezeit\" \/>\n\t<meta name=\"twitter:data1\" content=\"2 minutes\" \/>\n<script type=\"application\/ld+json\" class=\"yoast-schema-graph\">{\"@context\":\"https:\\\/\\\/schema.org\",\"@graph\":[{\"@type\":\"WebPage\",\"@id\":\"https:\\\/\\\/www.atecpool.ch\\\/de\\\/aussenueberdachungen\\\/pergola\\\/skylife\\\/\",\"url\":\"https:\\\/\\\/www.atecpool.ch\\\/de\\\/aussenueberdachungen\\\/pergola\\\/skylife\\\/\",\"name\":\"SKYLIFE - Atec Pool\",\"isPartOf\":{\"@id\":\"https:\\\/\\\/www.atecpool.ch\\\/de\\\/#website\"},\"primaryImageOfPage\":{\"@id\":\"https:\\\/\\\/www.atecpool.ch\\\/de\\\/aussenueberdachungen\\\/pergola\\\/skylife\\\/#primaryimage\"},\"image\":{\"@id\":\"https:\\\/\\\/www.atecpool.ch\\\/de\\\/aussenueberdachungen\\\/pergola\\\/skylife\\\/#primaryimage\"},\"thumbnailUrl\":\"https:\\\/\\\/www.atecpool.ch\\\/wp-content\\\/uploads\\\/2023\\\/08\\\/Colori-pergole.jpg\",\"datePublished\":\"2024-01-19T04:41:56+00:00\",\"dateModified\":\"2024-10-10T06:05:14+00:00\",\"description\":\"Die Kedry Skylife ist eine bioklimatische Pergola mit beweglichen Lamellen, die eine vollst\u00e4ndige \u00d6ffnung des Dachs erm\u00f6glichen.\",\"breadcrumb\":{\"@id\":\"https:\\\/\\\/www.atecpool.ch\\\/de\\\/aussenueberdachungen\\\/pergola\\\/skylife\\\/#breadcrumb\"},\"inLanguage\":\"de-DE\",\"potentialAction\":[{\"@type\":\"ReadAction\",\"target\":[\"https:\\\/\\\/www.atecpool.ch\\\/de\\\/aussenueberdachungen\\\/pergola\\\/skylife\\\/\"]}]},{\"@type\":\"ImageObject\",\"inLanguage\":\"de-DE\",\"@id\":\"https:\\\/\\\/www.atecpool.ch\\\/de\\\/aussenueberdachungen\\\/pergola\\\/skylife\\\/#primaryimage\",\"url\":\"https:\\\/\\\/www.atecpool.ch\\\/wp-content\\\/uploads\\\/2023\\\/08\\\/Colori-pergole.jpg\",\"contentUrl\":\"https:\\\/\\\/www.atecpool.ch\\\/wp-content\\\/uploads\\\/2023\\\/08\\\/Colori-pergole.jpg\"},{\"@type\":\"BreadcrumbList\",\"@id\":\"https:\\\/\\\/www.atecpool.ch\\\/de\\\/aussenueberdachungen\\\/pergola\\\/skylife\\\/#breadcrumb\",\"itemListElement\":[{\"@type\":\"ListItem\",\"position\":1,\"name\":\"Home\",\"item\":\"https:\\\/\\\/www.atecpool.ch\\\/de\\\/home\\\/\"},{\"@type\":\"ListItem\",\"position\":2,\"name\":\"AUSSEN\u00dcBERDACHUNGEN\",\"item\":\"https:\\\/\\\/www.atecpool.ch\\\/de\\\/strutture-per-esterni\\\/\"},{\"@type\":\"ListItem\",\"position\":3,\"name\":\"PERGOLA\",\"item\":\"https:\\\/\\\/www.atecpool.ch\\\/de\\\/strutture-per-esterni\\\/strutture-per-esterni-pergole\\\/\"},{\"@type\":\"ListItem\",\"position\":4,\"name\":\"SKYLIFE\"}]},{\"@type\":\"WebSite\",\"@id\":\"https:\\\/\\\/www.atecpool.ch\\\/de\\\/#website\",\"url\":\"https:\\\/\\\/www.atecpool.ch\\\/de\\\/\",\"name\":\"Atec Pool\",\"description\":\"Pool \u00b7 Sauna \u00b7 Wellness\",\"publisher\":{\"@id\":\"https:\\\/\\\/www.atecpool.ch\\\/de\\\/#organization\"},\"potentialAction\":[{\"@type\":\"SearchAction\",\"target\":{\"@type\":\"EntryPoint\",\"urlTemplate\":\"https:\\\/\\\/www.atecpool.ch\\\/de\\\/?s={search_term_string}\"},\"query-input\":{\"@type\":\"PropertyValueSpecification\",\"valueRequired\":true,\"valueName\":\"search_term_string\"}}],\"inLanguage\":\"de-DE\"},{\"@type\":[\"Organization\",\"Place\"],\"@id\":\"https:\\\/\\\/www.atecpool.ch\\\/de\\\/#organization\",\"name\":\"Atec Pool\",\"url\":\"https:\\\/\\\/www.atecpool.ch\\\/de\\\/\",\"logo\":{\"@id\":\"https:\\\/\\\/www.atecpool.ch\\\/de\\\/aussenueberdachungen\\\/pergola\\\/skylife\\\/#local-main-organization-logo\"},\"image\":{\"@id\":\"https:\\\/\\\/www.atecpool.ch\\\/de\\\/aussenueberdachungen\\\/pergola\\\/skylife\\\/#local-main-organization-logo\"},\"sameAs\":[\"https:\\\/\\\/www.facebook.com\\\/atecpool.ch\\\/\",\"https:\\\/\\\/www.instagram.com\\\/atecpool_ch\\\/\"],\"address\":{\"@id\":\"https:\\\/\\\/www.atecpool.ch\\\/de\\\/aussenueberdachungen\\\/pergola\\\/skylife\\\/#local-main-place-address\"},\"telephone\":[\"+41 91 980 33 93\"],\"openingHoursSpecification\":[{\"@type\":\"OpeningHoursSpecification\",\"dayOfWeek\":[\"Monday\",\"Tuesday\",\"Wednesday\",\"Thursday\",\"Friday\",\"Saturday\",\"Sunday\"],\"opens\":\"09:00\",\"closes\":\"17:00\"}],\"email\":\"info@atecpool.ch\"},{\"@type\":\"PostalAddress\",\"@id\":\"https:\\\/\\\/www.atecpool.ch\\\/de\\\/aussenueberdachungen\\\/pergola\\\/skylife\\\/#local-main-place-address\",\"streetAddress\":\"Via Cantonale 5\",\"addressLocality\":\"Grancia\",\"postalCode\":\"6916\",\"addressCountry\":\"CH\"},{\"@type\":\"ImageObject\",\"inLanguage\":\"de-DE\",\"@id\":\"https:\\\/\\\/www.atecpool.ch\\\/de\\\/aussenueberdachungen\\\/pergola\\\/skylife\\\/#local-main-organization-logo\",\"url\":\"https:\\\/\\\/www.atecpool.ch\\\/wp-content\\\/uploads\\\/2020\\\/09\\\/atec_logo.png\",\"contentUrl\":\"https:\\\/\\\/www.atecpool.ch\\\/wp-content\\\/uploads\\\/2020\\\/09\\\/atec_logo.png\",\"width\":500,\"height\":145,\"caption\":\"Atec Pool\"}]}<\/script>\n<meta name=\"geo.placename\" content=\"Grancia\" \/>\n<meta name=\"geo.region\" content=\"Schweiz\" \/>\n<!-- \/ Yoast SEO Premium plugin. -->","yoast_head_json":{"title":"SKYLIFE - Atec Pool","description":"Die Kedry Skylife ist eine bioklimatische Pergola mit beweglichen Lamellen, die eine vollst\u00e4ndige \u00d6ffnung des Dachs erm\u00f6glichen.","robots":{"index":"index","follow":"follow","max-snippet":"max-snippet:-1","max-image-preview":"max-image-preview:large","max-video-preview":"max-video-preview:-1"},"canonical":"https:\/\/www.atecpool.ch\/de\/aussenueberdachungen\/pergola\/skylife\/","og_locale":"de_DE","og_type":"article","og_title":"SKYLIFE","og_description":"Die Kedry Skylife ist eine bioklimatische Pergola mit beweglichen Lamellen, die eine vollst\u00e4ndige \u00d6ffnung des Dachs erm\u00f6glichen.","og_url":"https:\/\/www.atecpool.ch\/de\/aussenueberdachungen\/pergola\/skylife\/","og_site_name":"Atec Pool","article_publisher":"https:\/\/www.facebook.com\/atecpool.ch\/","article_modified_time":"2024-10-10T06:05:14+00:00","og_image":[{"url":"https:\/\/www.atecpool.ch\/wp-content\/uploads\/2023\/08\/Colori-pergole.jpg","type":"","width":"","height":""}],"twitter_card":"summary_large_image","twitter_misc":{"Gesch\u00e4tzte Lesezeit":"2 minutes"},"schema":{"@context":"https:\/\/schema.org","@graph":[{"@type":"WebPage","@id":"https:\/\/www.atecpool.ch\/de\/aussenueberdachungen\/pergola\/skylife\/","url":"https:\/\/www.atecpool.ch\/de\/aussenueberdachungen\/pergola\/skylife\/","name":"SKYLIFE - Atec Pool","isPartOf":{"@id":"https:\/\/www.atecpool.ch\/de\/#website"},"primaryImageOfPage":{"@id":"https:\/\/www.atecpool.ch\/de\/aussenueberdachungen\/pergola\/skylife\/#primaryimage"},"image":{"@id":"https:\/\/www.atecpool.ch\/de\/aussenueberdachungen\/pergola\/skylife\/#primaryimage"},"thumbnailUrl":"https:\/\/www.atecpool.ch\/wp-content\/uploads\/2023\/08\/Colori-pergole.jpg","datePublished":"2024-01-19T04:41:56+00:00","dateModified":"2024-10-10T06:05:14+00:00","description":"Die Kedry Skylife ist eine bioklimatische Pergola mit beweglichen Lamellen, die eine vollst\u00e4ndige \u00d6ffnung des Dachs erm\u00f6glichen.","breadcrumb":{"@id":"https:\/\/www.atecpool.ch\/de\/aussenueberdachungen\/pergola\/skylife\/#breadcrumb"},"inLanguage":"de-DE","potentialAction":[{"@type":"ReadAction","target":["https:\/\/www.atecpool.ch\/de\/aussenueberdachungen\/pergola\/skylife\/"]}]},{"@type":"ImageObject","inLanguage":"de-DE","@id":"https:\/\/www.atecpool.ch\/de\/aussenueberdachungen\/pergola\/skylife\/#primaryimage","url":"https:\/\/www.atecpool.ch\/wp-content\/uploads\/2023\/08\/Colori-pergole.jpg","contentUrl":"https:\/\/www.atecpool.ch\/wp-content\/uploads\/2023\/08\/Colori-pergole.jpg"},{"@type":"BreadcrumbList","@id":"https:\/\/www.atecpool.ch\/de\/aussenueberdachungen\/pergola\/skylife\/#breadcrumb","itemListElement":[{"@type":"ListItem","position":1,"name":"Home","item":"https:\/\/www.atecpool.ch\/de\/home\/"},{"@type":"ListItem","position":2,"name":"AUSSEN\u00dcBERDACHUNGEN","item":"https:\/\/www.atecpool.ch\/de\/strutture-per-esterni\/"},{"@type":"ListItem","position":3,"name":"PERGOLA","item":"https:\/\/www.atecpool.ch\/de\/strutture-per-esterni\/strutture-per-esterni-pergole\/"},{"@type":"ListItem","position":4,"name":"SKYLIFE"}]},{"@type":"WebSite","@id":"https:\/\/www.atecpool.ch\/de\/#website","url":"https:\/\/www.atecpool.ch\/de\/","name":"Atec Pool","description":"Pool \u00b7 Sauna \u00b7 Wellness","publisher":{"@id":"https:\/\/www.atecpool.ch\/de\/#organization"},"potentialAction":[{"@type":"SearchAction","target":{"@type":"EntryPoint","urlTemplate":"https:\/\/www.atecpool.ch\/de\/?s={search_term_string}"},"query-input":{"@type":"PropertyValueSpecification","valueRequired":true,"valueName":"search_term_string"}}],"inLanguage":"de-DE"},{"@type":["Organization","Place"],"@id":"https:\/\/www.atecpool.ch\/de\/#organization","name":"Atec Pool","url":"https:\/\/www.atecpool.ch\/de\/","logo":{"@id":"https:\/\/www.atecpool.ch\/de\/aussenueberdachungen\/pergola\/skylife\/#local-main-organization-logo"},"image":{"@id":"https:\/\/www.atecpool.ch\/de\/aussenueberdachungen\/pergola\/skylife\/#local-main-organization-logo"},"sameAs":["https:\/\/www.facebook.com\/atecpool.ch\/","https:\/\/www.instagram.com\/atecpool_ch\/"],"address":{"@id":"https:\/\/www.atecpool.ch\/de\/aussenueberdachungen\/pergola\/skylife\/#local-main-place-address"},"telephone":["+41 91 980 33 93"],"openingHoursSpecification":[{"@type":"OpeningHoursSpecification","dayOfWeek":["Monday","Tuesday","Wednesday","Thursday","Friday","Saturday","Sunday"],"opens":"09:00","closes":"17:00"}],"email":"info@atecpool.ch"},{"@type":"PostalAddress","@id":"https:\/\/www.atecpool.ch\/de\/aussenueberdachungen\/pergola\/skylife\/#local-main-place-address","streetAddress":"Via Cantonale 5","addressLocality":"Grancia","postalCode":"6916","addressCountry":"CH"},{"@type":"ImageObject","inLanguage":"de-DE","@id":"https:\/\/www.atecpool.ch\/de\/aussenueberdachungen\/pergola\/skylife\/#local-main-organization-logo","url":"https:\/\/www.atecpool.ch\/wp-content\/uploads\/2020\/09\/atec_logo.png","contentUrl":"https:\/\/www.atecpool.ch\/wp-content\/uploads\/2020\/09\/atec_logo.png","width":500,"height":145,"caption":"Atec Pool"}]},"geo.placename":"Grancia","geo.region":"Schweiz"},"_links":{"self":[{"href":"https:\/\/www.atecpool.ch\/de\/wp-json\/wp\/v2\/pages\/30104","targetHints":{"allow":["GET"]}}],"collection":[{"href":"https:\/\/www.atecpool.ch\/de\/wp-json\/wp\/v2\/pages"}],"about":[{"href":"https:\/\/www.atecpool.ch\/de\/wp-json\/wp\/v2\/types\/page"}],"author":[{"embeddable":true,"href":"https:\/\/www.atecpool.ch\/de\/wp-json\/wp\/v2\/users\/16"}],"replies":[{"embeddable":true,"href":"https:\/\/www.atecpool.ch\/de\/wp-json\/wp\/v2\/comments?post=30104"}],"version-history":[{"count":0,"href":"https:\/\/www.atecpool.ch\/de\/wp-json\/wp\/v2\/pages\/30104\/revisions"}],"up":[{"embeddable":true,"href":"https:\/\/www.atecpool.ch\/de\/wp-json\/wp\/v2\/pages\/30092"}],"wp:attachment":[{"href":"https:\/\/www.atecpool.ch\/de\/wp-json\/wp\/v2\/media?parent=30104"}],"curies":[{"name":"wp","href":"https:\/\/api.w.org\/{rel}","templated":true}]}}