{"id":30092,"date":"2024-01-18T16:55:52","date_gmt":"2024-01-18T15:55:52","guid":{"rendered":"https:\/\/www.atecpool.ch\/pergola\/"},"modified":"2024-10-10T08:01:55","modified_gmt":"2024-10-10T06:01:55","slug":"pergola","status":"publish","type":"page","link":"https:\/\/www.atecpool.ch\/de\/aussenueberdachungen\/pergola\/","title":{"rendered":"PERGOLA"},"content":{"rendered":"<div class=\"wpb-content-wrapper\"><p>[vc_row][vc_column][vc_column_text]Geeignet f\u00fcr vielf\u00e4ltige Au\u00dfenbereiche wie Garten, Poolumgebung und Terrasse, ist eine <strong>Pergola<\/strong> die ideale Option, um Ihr Zuhause zu versch\u00f6nern. Durch die verstellbaren Lamellen k\u00f6nnen Schatten, Sonnenschutz und Bel\u00fcftung flexibel an die jeweiligen Wetterbedingungen angepasst werden.<\/p>\n<p>Die sorgf\u00e4ltige Auswahl des geeigneten Modells ist entscheidend, um sich nahtlos in Ihren Lebensstil und die Eigenschaften des Installationsorts einzuf\u00fcgen. Mit verschiedenen Designs, Materialien, Farben und Optionen zur Auswahl sind Kreativit\u00e4t und Anpassung garantiert, um die Struktur nahtlos ins Haus zu integrieren.[\/vc_column_text][\/vc_column][\/vc_row][vc_row][vc_column width=&#8221;1\/2&#8243;][vc_column_text css=&#8221;&#8221;]<\/p>\n<h3 style=\"text-align: center;\">Skylife<\/h3>\n<p><a href=\"https:\/\/www.atecpool.ch\/de\/aussenueberdachungen\/pergola\/skylife\/\"><img width=\"1920\" height=\"1280\" decoding=\"async\" src=\"https:\/\/www.atecpool.ch\/wp-content\/uploads\/2023\/08\/Pergola-Skylife-bianca.jpg\" \/><\/a><\/p>\n<p>Durch die Verbindung von Stil, Funktionalit\u00e4t und Technologie in einem erstaunlichen Produkt ist <strong>Skylife<\/strong> die ideale Erg\u00e4nzung f\u00fcr diejenigen, die ihre Au\u00dfenbereiche optimal nutzen m\u00f6chten. Es schafft eine komfortable und einladende Umgebung sowohl f\u00fcr entspannende Momente als auch f\u00fcr besondere Anl\u00e4sse, zu jeder Jahreszeit.[\/vc_column_text][\/vc_column][vc_column width=&#8221;1\/2&#8243;][vc_column_text css=&#8221;&#8221;]<\/p>\n<h3 style=\"text-align: center;\">Prime<\/h3>\n<p><a href=\"https:\/\/www.atecpool.ch\/de\/prime\/\"><img width=\"1920\" height=\"1280\" decoding=\"async\" src=\"https:\/\/www.atecpool.ch\/wp-content\/uploads\/2023\/08\/Pergola-Prime-scaled.jpg\" alt=\"Vasca wellness coperta con porte scorrevoli in vetro, ambiente caldo e moderno, ideale per relax e convivialit\u00e0.\"  > <\/a><\/p>\n<p><strong>Prime<\/strong> ist die ideale Wahl f\u00fcr diejenigen, die Schutz, Anpassungsf\u00e4higkeit und Zuverl\u00e4ssigkeit im Freien suchen. Mit seiner robusten Struktur, dem flexiblen Lamellendesign und der F\u00e4higkeit, alle Jahreszeiten zu bew\u00e4ltigen, erm\u00f6glicht diese Pergola die Schaffung eines angenehmen und gesch\u00fctzten Umfelds f\u00fcr vielf\u00e4ltige Bed\u00fcrfnisse, unabh\u00e4ngig von den Witterungsbedingungen.[\/vc_column_text][\/vc_column][\/vc_row][vc_row][vc_column][vc_btn title=&#8221;Anfrage Informationen&#8221; color=&#8221;blue&#8221; size=&#8221;lg&#8221; align=&#8221;center&#8221; i_icon_fontawesome=&#8221;fas fa-info-circle&#8221; css=&#8221;&#8221; add_icon=&#8221;true&#8221; link=&#8221;url:https%3A%2F%2Fwww.atecpool.ch%2Fform-view%2F12&#8243;][\/vc_column][\/vc_row]<\/p>\n<\/div>","protected":false},"excerpt":{"rendered":"<p>[vc_row][vc_column][vc_column_text]Geeignet f\u00fcr vielf\u00e4ltige Au\u00dfenbereiche wie Garten, Poolumgebung und Terrasse, ist eine Pergola die ideale Option, um Ihr Zuhause zu versch\u00f6nern. Durch die verstellbaren Lamellen k\u00f6nnen Schatten,<span class=\"excerpt-hellip\"> [\u2026]<\/span><\/p>\n","protected":false},"author":16,"featured_media":0,"parent":30084,"menu_order":0,"comment_status":"closed","ping_status":"closed","template":"","meta":{"footnotes":""},"class_list":["post-30092","page","type-page","status-publish","hentry"],"yoast_head":"<!-- This site is optimized with the Yoast SEO Premium plugin v26.2 (Yoast SEO v27.4) - https:\/\/yoast.com\/product\/yoast-seo-premium-wordpress\/ -->\n<title>PERGOLA - Atec Pool<\/title>\n<meta name=\"description\" content=\"Entdecken Sie unsere hochwertigen Pergolen: elegantes Design, robuste Struktur und Vielseitigkeit, um sich an jede Au\u00dfenumgebung anzupassen.\" \/>\n<meta name=\"robots\" content=\"index, follow, max-snippet:-1, max-image-preview:large, max-video-preview:-1\" \/>\n<link rel=\"canonical\" href=\"https:\/\/www.atecpool.ch\/de\/aussenueberdachungen\/pergola\/\" \/>\n<meta property=\"og:locale\" content=\"de_DE\" \/>\n<meta property=\"og:type\" content=\"article\" \/>\n<meta property=\"og:title\" content=\"PERGOLA\" \/>\n<meta property=\"og:description\" content=\"Entdecken Sie unsere hochwertigen Pergolen: elegantes Design, robuste Struktur und Vielseitigkeit, um sich an jede Au\u00dfenumgebung anzupassen.\" \/>\n<meta property=\"og:url\" content=\"https:\/\/www.atecpool.ch\/de\/aussenueberdachungen\/pergola\/\" \/>\n<meta property=\"og:site_name\" content=\"Atec Pool\" \/>\n<meta property=\"article:publisher\" content=\"https:\/\/www.facebook.com\/atecpool.ch\/\" \/>\n<meta property=\"article:modified_time\" content=\"2024-10-10T06:01:55+00:00\" \/>\n<meta property=\"og:image\" content=\"https:\/\/www.atecpool.ch\/wp-content\/uploads\/2023\/08\/Pergola-Skylife-bianca.jpg\" \/>\n<meta name=\"twitter:card\" content=\"summary_large_image\" \/>\n<meta name=\"twitter:label1\" content=\"Gesch\u00e4tzte Lesezeit\" \/>\n\t<meta name=\"twitter:data1\" content=\"1 minute\" \/>\n<script type=\"application\/ld+json\" class=\"yoast-schema-graph\">{\"@context\":\"https:\\\/\\\/schema.org\",\"@graph\":[{\"@type\":\"WebPage\",\"@id\":\"https:\\\/\\\/www.atecpool.ch\\\/de\\\/aussenueberdachungen\\\/pergola\\\/\",\"url\":\"https:\\\/\\\/www.atecpool.ch\\\/de\\\/aussenueberdachungen\\\/pergola\\\/\",\"name\":\"PERGOLA - Atec Pool\",\"isPartOf\":{\"@id\":\"https:\\\/\\\/www.atecpool.ch\\\/de\\\/#website\"},\"primaryImageOfPage\":{\"@id\":\"https:\\\/\\\/www.atecpool.ch\\\/de\\\/aussenueberdachungen\\\/pergola\\\/#primaryimage\"},\"image\":{\"@id\":\"https:\\\/\\\/www.atecpool.ch\\\/de\\\/aussenueberdachungen\\\/pergola\\\/#primaryimage\"},\"thumbnailUrl\":\"https:\\\/\\\/www.atecpool.ch\\\/wp-content\\\/uploads\\\/2023\\\/08\\\/Pergola-Skylife-bianca.jpg\",\"datePublished\":\"2024-01-18T15:55:52+00:00\",\"dateModified\":\"2024-10-10T06:01:55+00:00\",\"description\":\"Entdecken Sie unsere hochwertigen Pergolen: elegantes Design, robuste Struktur und Vielseitigkeit, um sich an jede Au\u00dfenumgebung anzupassen.\",\"breadcrumb\":{\"@id\":\"https:\\\/\\\/www.atecpool.ch\\\/de\\\/aussenueberdachungen\\\/pergola\\\/#breadcrumb\"},\"inLanguage\":\"de-DE\",\"potentialAction\":[{\"@type\":\"ReadAction\",\"target\":[\"https:\\\/\\\/www.atecpool.ch\\\/de\\\/aussenueberdachungen\\\/pergola\\\/\"]}]},{\"@type\":\"ImageObject\",\"inLanguage\":\"de-DE\",\"@id\":\"https:\\\/\\\/www.atecpool.ch\\\/de\\\/aussenueberdachungen\\\/pergola\\\/#primaryimage\",\"url\":\"https:\\\/\\\/www.atecpool.ch\\\/wp-content\\\/uploads\\\/2023\\\/08\\\/Pergola-Skylife-bianca.jpg\",\"contentUrl\":\"https:\\\/\\\/www.atecpool.ch\\\/wp-content\\\/uploads\\\/2023\\\/08\\\/Pergola-Skylife-bianca.jpg\"},{\"@type\":\"BreadcrumbList\",\"@id\":\"https:\\\/\\\/www.atecpool.ch\\\/de\\\/aussenueberdachungen\\\/pergola\\\/#breadcrumb\",\"itemListElement\":[{\"@type\":\"ListItem\",\"position\":1,\"name\":\"Home\",\"item\":\"https:\\\/\\\/www.atecpool.ch\\\/de\\\/home\\\/\"},{\"@type\":\"ListItem\",\"position\":2,\"name\":\"AUSSEN\u00dcBERDACHUNGEN\",\"item\":\"https:\\\/\\\/www.atecpool.ch\\\/de\\\/strutture-per-esterni\\\/\"},{\"@type\":\"ListItem\",\"position\":3,\"name\":\"PERGOLA\"}]},{\"@type\":\"WebSite\",\"@id\":\"https:\\\/\\\/www.atecpool.ch\\\/de\\\/#website\",\"url\":\"https:\\\/\\\/www.atecpool.ch\\\/de\\\/\",\"name\":\"Atec Pool\",\"description\":\"Pool \u00b7 Sauna \u00b7 Wellness\",\"publisher\":{\"@id\":\"https:\\\/\\\/www.atecpool.ch\\\/de\\\/#organization\"},\"potentialAction\":[{\"@type\":\"SearchAction\",\"target\":{\"@type\":\"EntryPoint\",\"urlTemplate\":\"https:\\\/\\\/www.atecpool.ch\\\/de\\\/?s={search_term_string}\"},\"query-input\":{\"@type\":\"PropertyValueSpecification\",\"valueRequired\":true,\"valueName\":\"search_term_string\"}}],\"inLanguage\":\"de-DE\"},{\"@type\":[\"Organization\",\"Place\"],\"@id\":\"https:\\\/\\\/www.atecpool.ch\\\/de\\\/#organization\",\"name\":\"Atec Pool\",\"url\":\"https:\\\/\\\/www.atecpool.ch\\\/de\\\/\",\"logo\":{\"@id\":\"https:\\\/\\\/www.atecpool.ch\\\/de\\\/aussenueberdachungen\\\/pergola\\\/#local-main-organization-logo\"},\"image\":{\"@id\":\"https:\\\/\\\/www.atecpool.ch\\\/de\\\/aussenueberdachungen\\\/pergola\\\/#local-main-organization-logo\"},\"sameAs\":[\"https:\\\/\\\/www.facebook.com\\\/atecpool.ch\\\/\",\"https:\\\/\\\/www.instagram.com\\\/atecpool_ch\\\/\"],\"address\":{\"@id\":\"https:\\\/\\\/www.atecpool.ch\\\/de\\\/aussenueberdachungen\\\/pergola\\\/#local-main-place-address\"},\"telephone\":[\"+41 91 980 33 93\"],\"openingHoursSpecification\":[{\"@type\":\"OpeningHoursSpecification\",\"dayOfWeek\":[\"Monday\",\"Tuesday\",\"Wednesday\",\"Thursday\",\"Friday\",\"Saturday\",\"Sunday\"],\"opens\":\"09:00\",\"closes\":\"17:00\"}],\"email\":\"info@atecpool.ch\"},{\"@type\":\"PostalAddress\",\"@id\":\"https:\\\/\\\/www.atecpool.ch\\\/de\\\/aussenueberdachungen\\\/pergola\\\/#local-main-place-address\",\"streetAddress\":\"Via Cantonale 5\",\"addressLocality\":\"Grancia\",\"postalCode\":\"6916\",\"addressCountry\":\"CH\"},{\"@type\":\"ImageObject\",\"inLanguage\":\"de-DE\",\"@id\":\"https:\\\/\\\/www.atecpool.ch\\\/de\\\/aussenueberdachungen\\\/pergola\\\/#local-main-organization-logo\",\"url\":\"https:\\\/\\\/www.atecpool.ch\\\/wp-content\\\/uploads\\\/2020\\\/09\\\/atec_logo.png\",\"contentUrl\":\"https:\\\/\\\/www.atecpool.ch\\\/wp-content\\\/uploads\\\/2020\\\/09\\\/atec_logo.png\",\"width\":500,\"height\":145,\"caption\":\"Atec Pool\"}]}<\/script>\n<meta name=\"geo.placename\" content=\"Grancia\" \/>\n<meta name=\"geo.region\" content=\"Schweiz\" \/>\n<!-- \/ Yoast SEO Premium plugin. -->","yoast_head_json":{"title":"PERGOLA - Atec Pool","description":"Entdecken Sie unsere hochwertigen Pergolen: elegantes Design, robuste Struktur und Vielseitigkeit, um sich an jede Au\u00dfenumgebung anzupassen.","robots":{"index":"index","follow":"follow","max-snippet":"max-snippet:-1","max-image-preview":"max-image-preview:large","max-video-preview":"max-video-preview:-1"},"canonical":"https:\/\/www.atecpool.ch\/de\/aussenueberdachungen\/pergola\/","og_locale":"de_DE","og_type":"article","og_title":"PERGOLA","og_description":"Entdecken Sie unsere hochwertigen Pergolen: elegantes Design, robuste Struktur und Vielseitigkeit, um sich an jede Au\u00dfenumgebung anzupassen.","og_url":"https:\/\/www.atecpool.ch\/de\/aussenueberdachungen\/pergola\/","og_site_name":"Atec Pool","article_publisher":"https:\/\/www.facebook.com\/atecpool.ch\/","article_modified_time":"2024-10-10T06:01:55+00:00","og_image":[{"url":"https:\/\/www.atecpool.ch\/wp-content\/uploads\/2023\/08\/Pergola-Skylife-bianca.jpg","type":"","width":"","height":""}],"twitter_card":"summary_large_image","twitter_misc":{"Gesch\u00e4tzte Lesezeit":"1 minute"},"schema":{"@context":"https:\/\/schema.org","@graph":[{"@type":"WebPage","@id":"https:\/\/www.atecpool.ch\/de\/aussenueberdachungen\/pergola\/","url":"https:\/\/www.atecpool.ch\/de\/aussenueberdachungen\/pergola\/","name":"PERGOLA - Atec Pool","isPartOf":{"@id":"https:\/\/www.atecpool.ch\/de\/#website"},"primaryImageOfPage":{"@id":"https:\/\/www.atecpool.ch\/de\/aussenueberdachungen\/pergola\/#primaryimage"},"image":{"@id":"https:\/\/www.atecpool.ch\/de\/aussenueberdachungen\/pergola\/#primaryimage"},"thumbnailUrl":"https:\/\/www.atecpool.ch\/wp-content\/uploads\/2023\/08\/Pergola-Skylife-bianca.jpg","datePublished":"2024-01-18T15:55:52+00:00","dateModified":"2024-10-10T06:01:55+00:00","description":"Entdecken Sie unsere hochwertigen Pergolen: elegantes Design, robuste Struktur und Vielseitigkeit, um sich an jede Au\u00dfenumgebung anzupassen.","breadcrumb":{"@id":"https:\/\/www.atecpool.ch\/de\/aussenueberdachungen\/pergola\/#breadcrumb"},"inLanguage":"de-DE","potentialAction":[{"@type":"ReadAction","target":["https:\/\/www.atecpool.ch\/de\/aussenueberdachungen\/pergola\/"]}]},{"@type":"ImageObject","inLanguage":"de-DE","@id":"https:\/\/www.atecpool.ch\/de\/aussenueberdachungen\/pergola\/#primaryimage","url":"https:\/\/www.atecpool.ch\/wp-content\/uploads\/2023\/08\/Pergola-Skylife-bianca.jpg","contentUrl":"https:\/\/www.atecpool.ch\/wp-content\/uploads\/2023\/08\/Pergola-Skylife-bianca.jpg"},{"@type":"BreadcrumbList","@id":"https:\/\/www.atecpool.ch\/de\/aussenueberdachungen\/pergola\/#breadcrumb","itemListElement":[{"@type":"ListItem","position":1,"name":"Home","item":"https:\/\/www.atecpool.ch\/de\/home\/"},{"@type":"ListItem","position":2,"name":"AUSSEN\u00dcBERDACHUNGEN","item":"https:\/\/www.atecpool.ch\/de\/strutture-per-esterni\/"},{"@type":"ListItem","position":3,"name":"PERGOLA"}]},{"@type":"WebSite","@id":"https:\/\/www.atecpool.ch\/de\/#website","url":"https:\/\/www.atecpool.ch\/de\/","name":"Atec Pool","description":"Pool \u00b7 Sauna \u00b7 Wellness","publisher":{"@id":"https:\/\/www.atecpool.ch\/de\/#organization"},"potentialAction":[{"@type":"SearchAction","target":{"@type":"EntryPoint","urlTemplate":"https:\/\/www.atecpool.ch\/de\/?s={search_term_string}"},"query-input":{"@type":"PropertyValueSpecification","valueRequired":true,"valueName":"search_term_string"}}],"inLanguage":"de-DE"},{"@type":["Organization","Place"],"@id":"https:\/\/www.atecpool.ch\/de\/#organization","name":"Atec Pool","url":"https:\/\/www.atecpool.ch\/de\/","logo":{"@id":"https:\/\/www.atecpool.ch\/de\/aussenueberdachungen\/pergola\/#local-main-organization-logo"},"image":{"@id":"https:\/\/www.atecpool.ch\/de\/aussenueberdachungen\/pergola\/#local-main-organization-logo"},"sameAs":["https:\/\/www.facebook.com\/atecpool.ch\/","https:\/\/www.instagram.com\/atecpool_ch\/"],"address":{"@id":"https:\/\/www.atecpool.ch\/de\/aussenueberdachungen\/pergola\/#local-main-place-address"},"telephone":["+41 91 980 33 93"],"openingHoursSpecification":[{"@type":"OpeningHoursSpecification","dayOfWeek":["Monday","Tuesday","Wednesday","Thursday","Friday","Saturday","Sunday"],"opens":"09:00","closes":"17:00"}],"email":"info@atecpool.ch"},{"@type":"PostalAddress","@id":"https:\/\/www.atecpool.ch\/de\/aussenueberdachungen\/pergola\/#local-main-place-address","streetAddress":"Via Cantonale 5","addressLocality":"Grancia","postalCode":"6916","addressCountry":"CH"},{"@type":"ImageObject","inLanguage":"de-DE","@id":"https:\/\/www.atecpool.ch\/de\/aussenueberdachungen\/pergola\/#local-main-organization-logo","url":"https:\/\/www.atecpool.ch\/wp-content\/uploads\/2020\/09\/atec_logo.png","contentUrl":"https:\/\/www.atecpool.ch\/wp-content\/uploads\/2020\/09\/atec_logo.png","width":500,"height":145,"caption":"Atec Pool"}]},"geo.placename":"Grancia","geo.region":"Schweiz"},"_links":{"self":[{"href":"https:\/\/www.atecpool.ch\/de\/wp-json\/wp\/v2\/pages\/30092","targetHints":{"allow":["GET"]}}],"collection":[{"href":"https:\/\/www.atecpool.ch\/de\/wp-json\/wp\/v2\/pages"}],"about":[{"href":"https:\/\/www.atecpool.ch\/de\/wp-json\/wp\/v2\/types\/page"}],"author":[{"embeddable":true,"href":"https:\/\/www.atecpool.ch\/de\/wp-json\/wp\/v2\/users\/16"}],"replies":[{"embeddable":true,"href":"https:\/\/www.atecpool.ch\/de\/wp-json\/wp\/v2\/comments?post=30092"}],"version-history":[{"count":0,"href":"https:\/\/www.atecpool.ch\/de\/wp-json\/wp\/v2\/pages\/30092\/revisions"}],"up":[{"embeddable":true,"href":"https:\/\/www.atecpool.ch\/de\/wp-json\/wp\/v2\/pages\/30084"}],"wp:attachment":[{"href":"https:\/\/www.atecpool.ch\/de\/wp-json\/wp\/v2\/media?parent=30092"}],"curies":[{"name":"wp","href":"https:\/\/api.w.org\/{rel}","templated":true}]}}