{"id":30084,"date":"2024-01-18T16:04:21","date_gmt":"2024-01-18T15:04:21","guid":{"rendered":"https:\/\/www.atecpool.ch\/aussenueberdachungen\/"},"modified":"2024-10-10T08:06:41","modified_gmt":"2024-10-10T06:06:41","slug":"aussenueberdachungen","status":"publish","type":"page","link":"https:\/\/www.atecpool.ch\/de\/aussenueberdachungen\/","title":{"rendered":"AUSSEN\u00dcBERDACHUNGEN"},"content":{"rendered":"<div class=\"wpb-content-wrapper\"><p>[vc_row][vc_column][vc_column_text]<\/p>\n<h2 style=\"text-align: center;\">WARUM GEHT ES BEI EINEM ZUHAUSE \u00dcBER DIE VIER W\u00c4NDE HINAUS<\/h2>\n<p>[\/vc_column_text][vc_column_text]Anpassbar nach Ihren Bed\u00fcrfnissen im verf\u00fcgbaren Platz, verleihen Gartenstrukturen eine Note von Eleganz und Raffinesse und schaffen eine Oase des Komforts, Stils und der Vielseitigkeit. Das alles bei Gew\u00e4hrleistung des Schutzes vor jeglicher Wetterlage.<\/p>\n<p>Dank h\u00f6chster Materialqualit\u00e4t ist eine lange Lebensdauer und eine Steigerung des Gesamtwerts des Eigentums bei minimalem Wartungsaufwand gew\u00e4hrleistet.[\/vc_column_text][\/vc_column][\/vc_row][vc_row][vc_column width=&#8221;1\/3&#8243;][vc_column_text css=&#8221;&#8221;]<\/p>\n<h3 style=\"text-align: center;\">Pergolen<\/h3>\n<p><a href=\"https:\/\/www.atecpool.ch\/de\/aussenueberdachungen\/pergola\/\"><img width=\"1920\" height=\"1059\" decoding=\"async\" src=\"https:\/\/www.atecpool.ch\/wp-content\/uploads\/2023\/08\/Pergola-KEDRY-SKYLIFE-1.jpg\" class=\"alignnone wp-image-29372 size-full\" alt=\"Elegante piscina interrata a sfioro con area lounge e vista panoramica sul lago al tramonto.\" srcset=\"https:\/\/www.atecpool.ch\/wp-content\/uploads\/2023\/08\/Pergola-KEDRY-SKYLIFE-1.jpg 1920w, https:\/\/www.atecpool.ch\/wp-content\/uploads\/2023\/08\/Pergola-KEDRY-SKYLIFE-1-800x441.jpg 800w, https:\/\/www.atecpool.ch\/wp-content\/uploads\/2023\/08\/Pergola-KEDRY-SKYLIFE-1-300x165.jpg 300w, https:\/\/www.atecpool.ch\/wp-content\/uploads\/2023\/08\/Pergola-KEDRY-SKYLIFE-1-1024x565.jpg 1024w, https:\/\/www.atecpool.ch\/wp-content\/uploads\/2023\/08\/Pergola-KEDRY-SKYLIFE-1-768x424.jpg 768w, https:\/\/www.atecpool.ch\/wp-content\/uploads\/2023\/08\/Pergola-KEDRY-SKYLIFE-1-1536x847.jpg 1536w, https:\/\/www.atecpool.ch\/wp-content\/uploads\/2023\/08\/Pergola-KEDRY-SKYLIFE-1-136x75.jpg 136w, https:\/\/www.atecpool.ch\/wp-content\/uploads\/2023\/08\/Pergola-KEDRY-SKYLIFE-1-480x265.jpg 480w\" sizes=\"(max-width:767px) 480px, (max-width:1920px) 100vw, 1920px\" \/> <\/a>[\/vc_column_text][\/vc_column][vc_column width=&#8221;1\/3&#8243;][vc_column_text css=&#8221;&#8221;]<\/p>\n<h3 style=\"text-align: center;\">Veranden<\/h3>\n<p><a href=\"https:\/\/www.atecpool.ch\/de\/veranden\/\"><img width=\"1449\" height=\"800\" decoding=\"async\" src=\"https:\/\/www.atecpool.ch\/wp-content\/uploads\/2023\/08\/Veranda-Motus-TT-mod.jpg\" class=\"aligncenter wp-image-29368 size-full\" alt=\"Vetrata scorrevole in alluminio nero per spazio Living outdoor con zone relax e pranzare, completamente chiusa e protetta dai tipi di condensa, infiltrazioni di acqua, vento e polvere.\" srcset=\"https:\/\/www.atecpool.ch\/wp-content\/uploads\/2023\/08\/Veranda-Motus-TT-mod.jpg 1449w, https:\/\/www.atecpool.ch\/wp-content\/uploads\/2023\/08\/Veranda-Motus-TT-mod-800x442.jpg 800w, https:\/\/www.atecpool.ch\/wp-content\/uploads\/2023\/08\/Veranda-Motus-TT-mod-300x166.jpg 300w, https:\/\/www.atecpool.ch\/wp-content\/uploads\/2023\/08\/Veranda-Motus-TT-mod-1024x565.jpg 1024w, https:\/\/www.atecpool.ch\/wp-content\/uploads\/2023\/08\/Veranda-Motus-TT-mod-768x424.jpg 768w, https:\/\/www.atecpool.ch\/wp-content\/uploads\/2023\/08\/Veranda-Motus-TT-mod-136x75.jpg 136w, https:\/\/www.atecpool.ch\/wp-content\/uploads\/2023\/08\/Veranda-Motus-TT-mod-480x265.jpg 480w\" sizes=\"(max-width:767px) 480px, (max-width:1449px) 100vw, 1449px\" \/> <\/a>[\/vc_column_text][\/vc_column][vc_column width=&#8221;1\/3&#8243;][vc_column_text css=&#8221;&#8221;]<\/p>\n<h3 style=\"text-align: center;\">Segel<\/h3>\n<h3 style=\"text-align: center;\"><a href=\"https:\/\/www.atecpool.ch\/de\/sonnensegel\/\"><img width=\"1920\" height=\"1059\" decoding=\"async\" src=\"https:\/\/www.atecpool.ch\/wp-content\/uploads\/2023\/08\/Vela-Kolibri-1.jpg\" class=\"alignnone wp-image-29389 size-full\" alt=\"Relax area con piscina interrata e lettini, ombrelloni e comode sedute in un ambiente elegante e ben curato.\" srcset=\"https:\/\/www.atecpool.ch\/wp-content\/uploads\/2023\/08\/Vela-Kolibri-1.jpg 1920w, https:\/\/www.atecpool.ch\/wp-content\/uploads\/2023\/08\/Vela-Kolibri-1-800x441.jpg 800w, https:\/\/www.atecpool.ch\/wp-content\/uploads\/2023\/08\/Vela-Kolibri-1-300x165.jpg 300w, https:\/\/www.atecpool.ch\/wp-content\/uploads\/2023\/08\/Vela-Kolibri-1-1024x565.jpg 1024w, https:\/\/www.atecpool.ch\/wp-content\/uploads\/2023\/08\/Vela-Kolibri-1-768x424.jpg 768w, https:\/\/www.atecpool.ch\/wp-content\/uploads\/2023\/08\/Vela-Kolibri-1-1536x847.jpg 1536w, https:\/\/www.atecpool.ch\/wp-content\/uploads\/2023\/08\/Vela-Kolibri-1-136x75.jpg 136w, https:\/\/www.atecpool.ch\/wp-content\/uploads\/2023\/08\/Vela-Kolibri-1-480x265.jpg 480w\" sizes=\"(max-width:767px) 480px, (max-width:1956px) 100vw, 1956px\" \/> <\/a><\/h3>\n<p>[\/vc_column_text][\/vc_column][\/vc_row][vc_row][vc_column width=&#8221;1\/3&#8243;][vc_column_text]Die Pergolen bieten eine breite Auswahl an Gestaltungsm\u00f6glichkeiten und f\u00fcgen sich optimal in die Umgebung ein.<br \/>\nVollst\u00e4ndig in Italien gefertigt, bieten sie zudem erstklassige Handwerksqualit\u00e4t und Design.[\/vc_column_text][\/vc_column][vc_column width=&#8221;1\/3&#8243;][vc_column_text]Die Veranden, stilvolle Erweiterungen des Wohnraums, vereinen Komfort und eine Verbindung zur Natur.<br \/>\nIndividualisierbar, um den Lebensstil und die Bed\u00fcrfnisse des Nutzers widerzuspiegeln, schaffen sie eine vielseitige Umgebung.[\/vc_column_text][\/vc_column][vc_column width=&#8221;1\/3&#8243;][vc_column_text]Sonnesegel, leicht und luftig, bieten Schatten und machen den Au\u00dfenbereich zu einem k\u00fchlen und einladenden Ort.<br \/>\nDie unkomplizierte Installation und die Vielfalt an Designs machen sie zu einer wesentlichen Bereicherung f\u00fcr den Garten.[\/vc_column_text][\/vc_column][\/vc_row][vc_row][vc_column][vc_separator color=&#8221;mulled_wine&#8221; border_width=&#8221;2&#8243;][\/vc_column][\/vc_row][vc_row][vc_column][vc_btn title=&#8221;Anfrage Informationen&#8221; color=&#8221;blue&#8221; align=&#8221;center&#8221; i_icon_fontawesome=&#8221;fas fa-info-circle&#8221; css=&#8221;&#8221; add_icon=&#8221;true&#8221; link=&#8221;url:https%3A%2F%2Fwww.atecpool.ch%2Fform-view%2F12&#8243;][\/vc_column][\/vc_row]<\/p>\n<\/div>","protected":false},"excerpt":{"rendered":"<p>[vc_row][vc_column][vc_column_text] WARUM GEHT ES BEI EINEM ZUHAUSE \u00dcBER DIE VIER W\u00c4NDE HINAUS [\/vc_column_text][vc_column_text]Anpassbar nach Ihren Bed\u00fcrfnissen im verf\u00fcgbaren Platz, verleihen Gartenstrukturen eine Note von Eleganz und<span class=\"excerpt-hellip\"> [\u2026]<\/span><\/p>\n","protected":false},"author":16,"featured_media":0,"parent":0,"menu_order":0,"comment_status":"closed","ping_status":"closed","template":"","meta":{"footnotes":""},"class_list":["post-30084","page","type-page","status-publish","hentry"],"yoast_head":"<!-- This site is optimized with the Yoast SEO Premium plugin v26.2 (Yoast SEO v27.4) - https:\/\/yoast.com\/product\/yoast-seo-premium-wordpress\/ -->\n<title>AUSSEN\u00dcBERDACHUNGEN - Atec Pool<\/title>\n<meta name=\"description\" content=\"Veranden und Pergolen, hergestellt mit hochwertigen Materialien. Entdecke unsere Aussenstrukturen und schaffe eine einzigartige Umgebung!\" \/>\n<meta name=\"robots\" content=\"index, follow, max-snippet:-1, max-image-preview:large, max-video-preview:-1\" \/>\n<link rel=\"canonical\" href=\"https:\/\/www.atecpool.ch\/de\/aussenueberdachungen\/\" \/>\n<meta property=\"og:locale\" content=\"de_DE\" \/>\n<meta property=\"og:type\" content=\"article\" \/>\n<meta property=\"og:title\" content=\"AUSSEN\u00dcBERDACHUNGEN\" \/>\n<meta property=\"og:description\" content=\"Veranden und Pergolen, hergestellt mit hochwertigen Materialien. Entdecke unsere Aussenstrukturen und schaffe eine einzigartige Umgebung!\" \/>\n<meta property=\"og:url\" content=\"https:\/\/www.atecpool.ch\/de\/aussenueberdachungen\/\" \/>\n<meta property=\"og:site_name\" content=\"Atec Pool\" \/>\n<meta property=\"article:publisher\" content=\"https:\/\/www.facebook.com\/atecpool.ch\/\" \/>\n<meta property=\"article:modified_time\" content=\"2024-10-10T06:06:41+00:00\" \/>\n<meta property=\"og:image\" content=\"https:\/\/www.atecpool.ch\/wp-content\/uploads\/2023\/08\/Pergola-KEDRY-SKYLIFE-1.jpg\" \/>\n<meta name=\"twitter:card\" content=\"summary_large_image\" \/>\n<meta name=\"twitter:label1\" content=\"Gesch\u00e4tzte Lesezeit\" \/>\n\t<meta name=\"twitter:data1\" content=\"2 minutes\" \/>\n<script type=\"application\/ld+json\" class=\"yoast-schema-graph\">{\"@context\":\"https:\\\/\\\/schema.org\",\"@graph\":[{\"@type\":\"WebPage\",\"@id\":\"https:\\\/\\\/www.atecpool.ch\\\/de\\\/aussenueberdachungen\\\/\",\"url\":\"https:\\\/\\\/www.atecpool.ch\\\/de\\\/aussenueberdachungen\\\/\",\"name\":\"AUSSEN\u00dcBERDACHUNGEN - Atec Pool\",\"isPartOf\":{\"@id\":\"https:\\\/\\\/www.atecpool.ch\\\/de\\\/#website\"},\"primaryImageOfPage\":{\"@id\":\"https:\\\/\\\/www.atecpool.ch\\\/de\\\/aussenueberdachungen\\\/#primaryimage\"},\"image\":{\"@id\":\"https:\\\/\\\/www.atecpool.ch\\\/de\\\/aussenueberdachungen\\\/#primaryimage\"},\"thumbnailUrl\":\"https:\\\/\\\/www.atecpool.ch\\\/wp-content\\\/uploads\\\/2023\\\/08\\\/Pergola-KEDRY-SKYLIFE-1.jpg\",\"datePublished\":\"2024-01-18T15:04:21+00:00\",\"dateModified\":\"2024-10-10T06:06:41+00:00\",\"description\":\"Veranden und Pergolen, hergestellt mit hochwertigen Materialien. Entdecke unsere Aussenstrukturen und schaffe eine einzigartige Umgebung!\",\"breadcrumb\":{\"@id\":\"https:\\\/\\\/www.atecpool.ch\\\/de\\\/aussenueberdachungen\\\/#breadcrumb\"},\"inLanguage\":\"de-DE\",\"potentialAction\":[{\"@type\":\"ReadAction\",\"target\":[\"https:\\\/\\\/www.atecpool.ch\\\/de\\\/aussenueberdachungen\\\/\"]}]},{\"@type\":\"ImageObject\",\"inLanguage\":\"de-DE\",\"@id\":\"https:\\\/\\\/www.atecpool.ch\\\/de\\\/aussenueberdachungen\\\/#primaryimage\",\"url\":\"https:\\\/\\\/www.atecpool.ch\\\/wp-content\\\/uploads\\\/2023\\\/08\\\/Pergola-KEDRY-SKYLIFE-1.jpg\",\"contentUrl\":\"https:\\\/\\\/www.atecpool.ch\\\/wp-content\\\/uploads\\\/2023\\\/08\\\/Pergola-KEDRY-SKYLIFE-1.jpg\"},{\"@type\":\"BreadcrumbList\",\"@id\":\"https:\\\/\\\/www.atecpool.ch\\\/de\\\/aussenueberdachungen\\\/#breadcrumb\",\"itemListElement\":[{\"@type\":\"ListItem\",\"position\":1,\"name\":\"Home\",\"item\":\"https:\\\/\\\/www.atecpool.ch\\\/de\\\/home\\\/\"},{\"@type\":\"ListItem\",\"position\":2,\"name\":\"AUSSEN\u00dcBERDACHUNGEN\"}]},{\"@type\":\"WebSite\",\"@id\":\"https:\\\/\\\/www.atecpool.ch\\\/de\\\/#website\",\"url\":\"https:\\\/\\\/www.atecpool.ch\\\/de\\\/\",\"name\":\"Atec Pool\",\"description\":\"Pool \u00b7 Sauna \u00b7 Wellness\",\"publisher\":{\"@id\":\"https:\\\/\\\/www.atecpool.ch\\\/de\\\/#organization\"},\"potentialAction\":[{\"@type\":\"SearchAction\",\"target\":{\"@type\":\"EntryPoint\",\"urlTemplate\":\"https:\\\/\\\/www.atecpool.ch\\\/de\\\/?s={search_term_string}\"},\"query-input\":{\"@type\":\"PropertyValueSpecification\",\"valueRequired\":true,\"valueName\":\"search_term_string\"}}],\"inLanguage\":\"de-DE\"},{\"@type\":[\"Organization\",\"Place\"],\"@id\":\"https:\\\/\\\/www.atecpool.ch\\\/de\\\/#organization\",\"name\":\"Atec Pool\",\"url\":\"https:\\\/\\\/www.atecpool.ch\\\/de\\\/\",\"logo\":{\"@id\":\"https:\\\/\\\/www.atecpool.ch\\\/de\\\/aussenueberdachungen\\\/#local-main-organization-logo\"},\"image\":{\"@id\":\"https:\\\/\\\/www.atecpool.ch\\\/de\\\/aussenueberdachungen\\\/#local-main-organization-logo\"},\"sameAs\":[\"https:\\\/\\\/www.facebook.com\\\/atecpool.ch\\\/\",\"https:\\\/\\\/www.instagram.com\\\/atecpool_ch\\\/\"],\"address\":{\"@id\":\"https:\\\/\\\/www.atecpool.ch\\\/de\\\/aussenueberdachungen\\\/#local-main-place-address\"},\"telephone\":[\"+41 91 980 33 93\"],\"openingHoursSpecification\":[{\"@type\":\"OpeningHoursSpecification\",\"dayOfWeek\":[\"Monday\",\"Tuesday\",\"Wednesday\",\"Thursday\",\"Friday\",\"Saturday\",\"Sunday\"],\"opens\":\"09:00\",\"closes\":\"17:00\"}],\"email\":\"info@atecpool.ch\"},{\"@type\":\"PostalAddress\",\"@id\":\"https:\\\/\\\/www.atecpool.ch\\\/de\\\/aussenueberdachungen\\\/#local-main-place-address\",\"streetAddress\":\"Via Cantonale 5\",\"addressLocality\":\"Grancia\",\"postalCode\":\"6916\",\"addressCountry\":\"CH\"},{\"@type\":\"ImageObject\",\"inLanguage\":\"de-DE\",\"@id\":\"https:\\\/\\\/www.atecpool.ch\\\/de\\\/aussenueberdachungen\\\/#local-main-organization-logo\",\"url\":\"https:\\\/\\\/www.atecpool.ch\\\/wp-content\\\/uploads\\\/2020\\\/09\\\/atec_logo.png\",\"contentUrl\":\"https:\\\/\\\/www.atecpool.ch\\\/wp-content\\\/uploads\\\/2020\\\/09\\\/atec_logo.png\",\"width\":500,\"height\":145,\"caption\":\"Atec Pool\"}]}<\/script>\n<meta name=\"geo.placename\" content=\"Grancia\" \/>\n<meta name=\"geo.region\" content=\"Schweiz\" \/>\n<!-- \/ Yoast SEO Premium plugin. -->","yoast_head_json":{"title":"AUSSEN\u00dcBERDACHUNGEN - Atec Pool","description":"Veranden und Pergolen, hergestellt mit hochwertigen Materialien. Entdecke unsere Aussenstrukturen und schaffe eine einzigartige Umgebung!","robots":{"index":"index","follow":"follow","max-snippet":"max-snippet:-1","max-image-preview":"max-image-preview:large","max-video-preview":"max-video-preview:-1"},"canonical":"https:\/\/www.atecpool.ch\/de\/aussenueberdachungen\/","og_locale":"de_DE","og_type":"article","og_title":"AUSSEN\u00dcBERDACHUNGEN","og_description":"Veranden und Pergolen, hergestellt mit hochwertigen Materialien. Entdecke unsere Aussenstrukturen und schaffe eine einzigartige Umgebung!","og_url":"https:\/\/www.atecpool.ch\/de\/aussenueberdachungen\/","og_site_name":"Atec Pool","article_publisher":"https:\/\/www.facebook.com\/atecpool.ch\/","article_modified_time":"2024-10-10T06:06:41+00:00","og_image":[{"url":"https:\/\/www.atecpool.ch\/wp-content\/uploads\/2023\/08\/Pergola-KEDRY-SKYLIFE-1.jpg","type":"","width":"","height":""}],"twitter_card":"summary_large_image","twitter_misc":{"Gesch\u00e4tzte Lesezeit":"2 minutes"},"schema":{"@context":"https:\/\/schema.org","@graph":[{"@type":"WebPage","@id":"https:\/\/www.atecpool.ch\/de\/aussenueberdachungen\/","url":"https:\/\/www.atecpool.ch\/de\/aussenueberdachungen\/","name":"AUSSEN\u00dcBERDACHUNGEN - Atec Pool","isPartOf":{"@id":"https:\/\/www.atecpool.ch\/de\/#website"},"primaryImageOfPage":{"@id":"https:\/\/www.atecpool.ch\/de\/aussenueberdachungen\/#primaryimage"},"image":{"@id":"https:\/\/www.atecpool.ch\/de\/aussenueberdachungen\/#primaryimage"},"thumbnailUrl":"https:\/\/www.atecpool.ch\/wp-content\/uploads\/2023\/08\/Pergola-KEDRY-SKYLIFE-1.jpg","datePublished":"2024-01-18T15:04:21+00:00","dateModified":"2024-10-10T06:06:41+00:00","description":"Veranden und Pergolen, hergestellt mit hochwertigen Materialien. Entdecke unsere Aussenstrukturen und schaffe eine einzigartige Umgebung!","breadcrumb":{"@id":"https:\/\/www.atecpool.ch\/de\/aussenueberdachungen\/#breadcrumb"},"inLanguage":"de-DE","potentialAction":[{"@type":"ReadAction","target":["https:\/\/www.atecpool.ch\/de\/aussenueberdachungen\/"]}]},{"@type":"ImageObject","inLanguage":"de-DE","@id":"https:\/\/www.atecpool.ch\/de\/aussenueberdachungen\/#primaryimage","url":"https:\/\/www.atecpool.ch\/wp-content\/uploads\/2023\/08\/Pergola-KEDRY-SKYLIFE-1.jpg","contentUrl":"https:\/\/www.atecpool.ch\/wp-content\/uploads\/2023\/08\/Pergola-KEDRY-SKYLIFE-1.jpg"},{"@type":"BreadcrumbList","@id":"https:\/\/www.atecpool.ch\/de\/aussenueberdachungen\/#breadcrumb","itemListElement":[{"@type":"ListItem","position":1,"name":"Home","item":"https:\/\/www.atecpool.ch\/de\/home\/"},{"@type":"ListItem","position":2,"name":"AUSSEN\u00dcBERDACHUNGEN"}]},{"@type":"WebSite","@id":"https:\/\/www.atecpool.ch\/de\/#website","url":"https:\/\/www.atecpool.ch\/de\/","name":"Atec Pool","description":"Pool \u00b7 Sauna \u00b7 Wellness","publisher":{"@id":"https:\/\/www.atecpool.ch\/de\/#organization"},"potentialAction":[{"@type":"SearchAction","target":{"@type":"EntryPoint","urlTemplate":"https:\/\/www.atecpool.ch\/de\/?s={search_term_string}"},"query-input":{"@type":"PropertyValueSpecification","valueRequired":true,"valueName":"search_term_string"}}],"inLanguage":"de-DE"},{"@type":["Organization","Place"],"@id":"https:\/\/www.atecpool.ch\/de\/#organization","name":"Atec Pool","url":"https:\/\/www.atecpool.ch\/de\/","logo":{"@id":"https:\/\/www.atecpool.ch\/de\/aussenueberdachungen\/#local-main-organization-logo"},"image":{"@id":"https:\/\/www.atecpool.ch\/de\/aussenueberdachungen\/#local-main-organization-logo"},"sameAs":["https:\/\/www.facebook.com\/atecpool.ch\/","https:\/\/www.instagram.com\/atecpool_ch\/"],"address":{"@id":"https:\/\/www.atecpool.ch\/de\/aussenueberdachungen\/#local-main-place-address"},"telephone":["+41 91 980 33 93"],"openingHoursSpecification":[{"@type":"OpeningHoursSpecification","dayOfWeek":["Monday","Tuesday","Wednesday","Thursday","Friday","Saturday","Sunday"],"opens":"09:00","closes":"17:00"}],"email":"info@atecpool.ch"},{"@type":"PostalAddress","@id":"https:\/\/www.atecpool.ch\/de\/aussenueberdachungen\/#local-main-place-address","streetAddress":"Via Cantonale 5","addressLocality":"Grancia","postalCode":"6916","addressCountry":"CH"},{"@type":"ImageObject","inLanguage":"de-DE","@id":"https:\/\/www.atecpool.ch\/de\/aussenueberdachungen\/#local-main-organization-logo","url":"https:\/\/www.atecpool.ch\/wp-content\/uploads\/2020\/09\/atec_logo.png","contentUrl":"https:\/\/www.atecpool.ch\/wp-content\/uploads\/2020\/09\/atec_logo.png","width":500,"height":145,"caption":"Atec Pool"}]},"geo.placename":"Grancia","geo.region":"Schweiz"},"_links":{"self":[{"href":"https:\/\/www.atecpool.ch\/de\/wp-json\/wp\/v2\/pages\/30084","targetHints":{"allow":["GET"]}}],"collection":[{"href":"https:\/\/www.atecpool.ch\/de\/wp-json\/wp\/v2\/pages"}],"about":[{"href":"https:\/\/www.atecpool.ch\/de\/wp-json\/wp\/v2\/types\/page"}],"author":[{"embeddable":true,"href":"https:\/\/www.atecpool.ch\/de\/wp-json\/wp\/v2\/users\/16"}],"replies":[{"embeddable":true,"href":"https:\/\/www.atecpool.ch\/de\/wp-json\/wp\/v2\/comments?post=30084"}],"version-history":[{"count":0,"href":"https:\/\/www.atecpool.ch\/de\/wp-json\/wp\/v2\/pages\/30084\/revisions"}],"wp:attachment":[{"href":"https:\/\/www.atecpool.ch\/de\/wp-json\/wp\/v2\/media?parent=30084"}],"curies":[{"name":"wp","href":"https:\/\/api.w.org\/{rel}","templated":true}]}}