{"id":30075,"date":"2024-02-02T14:56:00","date_gmt":"2024-02-02T13:56:00","guid":{"rendered":"https:\/\/www.atecpool.ch\/?p=30075"},"modified":"2024-02-02T15:48:42","modified_gmt":"2024-02-02T14:48:42","slug":"sauna-round-cube","status":"publish","type":"page","link":"https:\/\/www.atecpool.ch\/de\/sauna-round-cube\/","title":{"rendered":"Sauna Round Cube"},"content":{"rendered":"<div class=\"wpb-content-wrapper\"><p>[vc_row content_placement=&#8221;bottom&#8221; css=&#8221;.vc_custom_1706867835334{margin-top: 20px !important;}&#8221;][vc_column width=&#8221;1\/2&#8243;][vc_column_text]<\/p>\n<h3 style=\"text-align: left;\">Entdecken Sie die exklusive Serie von Premium-Au\u00dfensaunen, die es Ihnen erm\u00f6glicht, das beste Saunaerlebnis mit einem hochwertigen Produkt zu genie\u00dfen<\/h3>\n<p>[\/vc_column_text][\/vc_column][vc_column width=&#8221;1\/2&#8243;][vc_column_text]<\/p>\n<h3>Round Cube hebt sich durch seine Exklusivit\u00e4t hervor, dank des einzigartigen Designs ist Round Cube eine einzigartigen Option im Saunabereich.<\/h3>\n<p>[\/vc_column_text][\/vc_column][\/vc_row][vc_row full_width=&#8221;stretch_row_content_no_spaces&#8221; content_placement=&#8221;top&#8221; parallax=&#8221;content-moving&#8221; bg_type=&#8221;u_iframe&#8221; u_video_url=&#8221;https:\/\/youtu.be\/09R1CSVlm-M&#8221; video_opts=&#8221;loop,muted&#8221; css=&#8221;.vc_custom_1706867813878{margin-top: -10px !important;}&#8221;][vc_column width=&#8221;1\/3&#8243;][vc_single_image image=&#8221;30280&#8243; img_size=&#8221;full&#8221;][\/vc_column][vc_column width=&#8221;1\/3&#8243;][vc_single_image image=&#8221;30282&#8243; img_size=&#8221;full&#8221;][\/vc_column][vc_column width=&#8221;1\/3&#8243;][vc_single_image image=&#8221;30278&#8243; img_size=&#8221;full&#8221;][\/vc_column][\/vc_row][vc_row][vc_column][vc_single_image image=&#8221;30370&#8243; img_size=&#8221;full&#8221;][\/vc_column][\/vc_row][vc_row full_width=&#8221;stretch_row_content_no_spaces&#8221;][vc_column width=&#8221;1\/5&#8243;][vc_single_image image=&#8221;30297&#8243; img_size=&#8221;full&#8221;][\/vc_column][vc_column width=&#8221;1\/5&#8243;][vc_single_image image=&#8221;30293&#8243; img_size=&#8221;full&#8221;][\/vc_column][vc_column width=&#8221;1\/5&#8243;][vc_single_image image=&#8221;30305&#8243; img_size=&#8221;full&#8221;][\/vc_column][vc_column width=&#8221;1\/5&#8243;][vc_single_image image=&#8221;30301&#8243; img_size=&#8221;full&#8221;][\/vc_column][vc_column width=&#8221;1\/5&#8243;][vc_single_image image=&#8221;30307&#8243; img_size=&#8221;full&#8221;][\/vc_column][vc_column][\/vc_column][\/vc_row][vc_row full_height=&#8221;yes&#8221; equal_height=&#8221;yes&#8221; bg_type=&#8221;bg_color&#8221; bg_override=&#8221;full&#8221; bg_color_value=&#8221;#000000&#8243;][vc_column width=&#8221;1\/4&#8243; css=&#8221;.vc_custom_1706869560691{background-color: #000000 !important;}&#8221;][vc_cta h2=&#8221;Round Cube &#8211; Mini&#8221; h4=&#8221;7.0 m\u00b3 \/ 4 Personen&#8221; txt_align=&#8221;center&#8221; add_button=&#8221;bottom&#8221; btn_title=&#8221;Entdecke&#8221; btn_color=&#8221;sandy-brown&#8221; btn_align=&#8221;center&#8221; btn_link=&#8221;url:https%3A%2F%2Fwww.atecpool.ch%2Fwp-content%2Fuploads%2F2024%2F02%2FRound-Cube-Mini_DE.pdf|target:_blank&#8221;]<img width=\"1230\" height=\"692\" decoding=\"async\" src=\"https:\/\/www.atecpool.ch\/wp-content\/uploads\/2023\/12\/Round-Cube-Mini_01.webp\" class=\"aligncenter wp-image-30275\" alt=\"Alt text: Cabina sauna in legno con porte scorrevoli di vetro, ambiente rilassante con vista su natura.\" srcset=\"https:\/\/www.atecpool.ch\/wp-content\/uploads\/2023\/12\/Round-Cube-Mini_01.webp 1230w, https:\/\/www.atecpool.ch\/wp-content\/uploads\/2023\/12\/Round-Cube-Mini_01-800x450.webp 800w, https:\/\/www.atecpool.ch\/wp-content\/uploads\/2023\/12\/Round-Cube-Mini_01-300x169.webp 300w, https:\/\/www.atecpool.ch\/wp-content\/uploads\/2023\/12\/Round-Cube-Mini_01-1024x576.webp 1024w, https:\/\/www.atecpool.ch\/wp-content\/uploads\/2023\/12\/Round-Cube-Mini_01-768x432.webp 768w, https:\/\/www.atecpool.ch\/wp-content\/uploads\/2023\/12\/Round-Cube-Mini_01-133x75.webp 133w, https:\/\/www.atecpool.ch\/wp-content\/uploads\/2023\/12\/Round-Cube-Mini_01-1200x675.webp 1200w, https:\/\/www.atecpool.ch\/wp-content\/uploads\/2023\/12\/Round-Cube-Mini_01-480x270.webp 480w\" sizes=\"(max-width:767px) 480px, (max-width:1275px) 100vw, 1275px\" \/> [\/vc_cta][\/vc_column][vc_column width=&#8221;1\/4&#8243;][vc_cta h2=&#8221;Round Cube Single&#8221; h4=&#8221;12.0 m\u00b3 \/ 8 Personen&#8221; txt_align=&#8221;center&#8221; add_button=&#8221;bottom&#8221; btn_title=&#8221;Entdecke&#8221; btn_color=&#8221;sandy-brown&#8221; btn_align=&#8221;center&#8221; btn_link=&#8221;url:https%3A%2F%2Fwww.atecpool.ch%2Fwp-content%2Fuploads%2F2024%2F02%2FRound-Cube-Single_DE.pdf|title:Round%20Cube%20Single|target:_blank&#8221;]<img width=\"356\" height=\"200\" decoding=\"async\" src=\"https:\/\/www.atecpool.ch\/wp-content\/uploads\/2024\/02\/Roundcube-SINGLE.webp\" class=\"aligncenter wp-image-30315 size-full\" alt=\"Finestra con vista sulla piscina esterna immersa nel verde, creata da Atec Pool Sagl, ideale per ambienti wellness e relax.\" srcset=\"https:\/\/www.atecpool.ch\/wp-content\/uploads\/2024\/02\/Roundcube-SINGLE.webp 356w, https:\/\/www.atecpool.ch\/wp-content\/uploads\/2024\/02\/Roundcube-SINGLE-300x169.webp 300w, https:\/\/www.atecpool.ch\/wp-content\/uploads\/2024\/02\/Roundcube-SINGLE-134x75.webp 134w\" sizes=\"(max-width:767px) 356px, 356px\" \/> [\/vc_cta][\/vc_column][vc_column width=&#8221;1\/4&#8243;][vc_cta h2=&#8221;Round Cube Relax&#8221; h4=&#8221;12 m\u00b3 \/ 6 Personen&#8221; txt_align=&#8221;center&#8221; add_button=&#8221;bottom&#8221; btn_title=&#8221;Entdecke&#8221; btn_color=&#8221;sandy-brown&#8221; btn_align=&#8221;center&#8221; btn_link=&#8221;url:https%3A%2F%2Fwww.atecpool.ch%2Fwp-content%2Fuploads%2F2024%2F02%2FRound-Cube-Relax_DE.pdf|title:Round%20Cube%20Relax|target:_blank&#8221;]<img width=\"356\" height=\"200\" decoding=\"async\" src=\"https:\/\/www.atecpool.ch\/wp-content\/uploads\/2024\/02\/Roundcube-SINGLE.webp\" class=\"aligncenter wp-image-30315 size-full\" alt=\"Finestra con vista sulla piscina esterna immersa nel verde, creata da Atec Pool Sagl, ideale per ambienti wellness e relax.\" srcset=\"https:\/\/www.atecpool.ch\/wp-content\/uploads\/2024\/02\/Roundcube-SINGLE.webp 356w, https:\/\/www.atecpool.ch\/wp-content\/uploads\/2024\/02\/Roundcube-SINGLE-300x169.webp 300w, https:\/\/www.atecpool.ch\/wp-content\/uploads\/2024\/02\/Roundcube-SINGLE-134x75.webp 134w\" sizes=\"(max-width:767px) 356px, 356px\" \/> [\/vc_cta][\/vc_column][vc_column width=&#8221;1\/4&#8243;][vc_cta h2=&#8221;Round Cube Double&#8221; h4=&#8221;7.0 m\u00b3 \/ 4-5 Personen&#8221; txt_align=&#8221;center&#8221; add_button=&#8221;bottom&#8221; btn_title=&#8221;Entdecke&#8221; btn_color=&#8221;sandy-brown&#8221; btn_align=&#8221;center&#8221; btn_link=&#8221;url:https%3A%2F%2Fwww.atecpool.ch%2Fwp-content%2Fuploads%2F2024%2F02%2FRound-Cube-Double_DE.pdf|title:Round%20Cube%20Double|target:_blank&#8221;]<img width=\"1024\" height=\"576\" decoding=\"async\" src=\"https:\/\/www.atecpool.ch\/wp-content\/uploads\/2024\/02\/RC-Double-JUN-1024x576-1.jpg\" class=\"aligncenter wp-image-30326 size-full\" alt=\"Ampia sauna in legno con pareti curve e area relax, ideale per benessere.\" srcset=\"https:\/\/www.atecpool.ch\/wp-content\/uploads\/2024\/02\/RC-Double-JUN-1024x576-1.jpg 1024w, https:\/\/www.atecpool.ch\/wp-content\/uploads\/2024\/02\/RC-Double-JUN-1024x576-1-800x450.jpg 800w, https:\/\/www.atecpool.ch\/wp-content\/uploads\/2024\/02\/RC-Double-JUN-1024x576-1-300x169.jpg 300w, https:\/\/www.atecpool.ch\/wp-content\/uploads\/2024\/02\/RC-Double-JUN-1024x576-1-768x432.jpg 768w, https:\/\/www.atecpool.ch\/wp-content\/uploads\/2024\/02\/RC-Double-JUN-1024x576-1-133x75.jpg 133w, https:\/\/www.atecpool.ch\/wp-content\/uploads\/2024\/02\/RC-Double-JUN-1024x576-1-480x270.jpg 480w\" sizes=\"(max-width:767px) 480px, (max-width:1024px) 100vw, 1024px\" \/> [\/vc_cta][\/vc_column][\/vc_row][vc_row][vc_column][vc_separator][\/vc_column][\/vc_row][vc_section content_placement=&#8221;top&#8221;][vc_row full_width=&#8221;stretch_row_content_no_spaces&#8221; content_placement=&#8221;middle&#8221; css=&#8221;.vc_custom_1706870224915{margin-top: -50px !important;}&#8221;][vc_column width=&#8221;5\/6&#8243;]<div id=\"ultimate-video-175269e36441d3665\" class=\"ult-video  ult-adjust-bottom-margin ultimate-video-175269e36441d3665 ultv-4097 \"><div class=\"ultv-video ultv-aspect-ratio-16_9 ultv-subscribe-responsive-none\" data-videotype=\"uv_iframe\">\n\t\t\t\t\t\t<div class=\"ultv-video__outer-wrap\" data-autoplay=\"1\" data-device=\"false\"  data-iconbg=\"#3A3A3A\" data-overcolor=\"\" data-defaultbg=\"#1f1f1e\" data-defaultplay=\"defaulticon\"><div class=\"ultv-video__play\" data-src=\"https:\/\/www.youtube.com\/embed\/09R1CSVlm-M?autoplay=1&#038;rel=0&#038;start&#038;end&#038;controls=0&#038;mute=1&#038;modestbranding=1&#038;autoplay=1\">\n\t\t\t\t\t\t\t\t<img decoding=\"async\" class=\"ultv-video__thumb\" src=\"https:\/\/i.ytimg.com\/vi\/09R1CSVlm-M\/maxresdefault.jpg\"\/>\n\t\t\t\t\t\t\t\t<div class=\"ultv-video__play-icon  ultv-animation-none\" style=\"width:75px\"><svg height=\"100%\" version=\"1.1\" viewBox=\"0 0 68 48\" width=\"100%\"><path class=\"ultv-youtube-icon-bg\" d=\"m .66,37.62 c 0,0 .66,4.70 2.70,6.77 2.58,2.71 5.98,2.63 7.49,2.91 5.43,.52 23.10,.68 23.12,.68 .00,-1.3e-5 14.29,-0.02 23.81,-0.71 1.32,-0.15 4.22,-0.17 6.81,-2.89 2.03,-2.07 2.70,-6.77 2.70,-6.77 0,0 .67,-5.52 .67,-11.04 l 0,-5.17 c 0,-5.52 -0.67,-11.04 -0.67,-11.04 0,0 -0.66,-4.70 -2.70,-6.77 C 62.03,.86 59.13,.84 57.80,.69 48.28,0 34.00,0 34.00,0 33.97,0 19.69,0 10.18,.69 8.85,.84 5.95,.86 3.36,3.58 1.32,5.65 .66,10.35 .66,10.35 c 0,0 -0.55,4.50 -0.66,9.45 l 0,8.36 c .10,4.94 .66,9.45 .66,9.45 z\" fill=\"#1f1f1e\" ><\/path><path d=\"m 26.96,13.67 18.37,9.62 -18.37,9.55 -0.00,-19.17 z\" fill=\"#fff\"><\/path><path d=\"M 45.02,23.46 45.32,23.28 26.96,13.67 43.32,22.34 45.02,23.46 z\" fill=\"#ccc\"><\/path><\/svg><\/div> <\/div> <\/div><\/div><\/div>[\/vc_column][vc_column width=&#8221;1\/6&#8243;][vc_btn title=&#8221;Prospekt herunterladen&#8221; color=&#8221;danger&#8221; size=&#8221;lg&#8221; align=&#8221;center&#8221; i_align=&#8221;right&#8221; i_type=&#8221;pixelicons&#8221; i_icon_pixelicons=&#8221;vc_pixel_icon vc_pixel_icon-document_pdf&#8221; button_block=&#8221;true&#8221; add_icon=&#8221;true&#8221; link=&#8221;url:https%3A%2F%2Fwww.atecpool.ch%2Fwp-content%2Fuploads%2F2024%2F02%2FRound-Cube_DE.pdf|title:Herunterladen|target:_blank&#8221;][vc_btn title=&#8221;Anfrage Informationen&#8221; color=&#8221;blue&#8221; size=&#8221;lg&#8221; align=&#8221;center&#8221; i_align=&#8221;right&#8221; i_icon_fontawesome=&#8221;fas fa-info&#8221; button_block=&#8221;true&#8221; add_icon=&#8221;true&#8221; link=&#8221;url:https%3A%2F%2Fwww.atecpool.ch%2Fform-view%2F7|title:Anfrage%20Informationen|target:_blank|&#8221;][\/vc_column][\/vc_row][\/vc_section]<\/p>\n<\/div>","protected":false},"excerpt":{"rendered":"<p>[vc_row content_placement=&#8221;bottom&#8221; css=&#8221;.vc_custom_1706867835334{margin-top: 20px !important;}&#8221;][vc_column width=&#8221;1\/2&#8243;][vc_column_text] Entdecken Sie die exklusive Serie von Premium-Au\u00dfensaunen, die es Ihnen erm\u00f6glicht, das beste Saunaerlebnis mit einem hochwertigen Produkt zu genie\u00dfen<span class=\"excerpt-hellip\"> [\u2026]<\/span><\/p>\n","protected":false},"author":17,"featured_media":0,"parent":0,"menu_order":0,"comment_status":"open","ping_status":"closed","template":"","meta":{"footnotes":""},"class_list":["post-30075","page","type-page","status-publish","hentry"],"yoast_head":"<!-- This site is optimized with the Yoast SEO Premium plugin v26.2 (Yoast SEO v27.4) - https:\/\/yoast.com\/product\/yoast-seo-premium-wordpress\/ -->\n<title>Sauna Round Cube - Atec Pool<\/title>\n<meta name=\"robots\" content=\"index, follow, max-snippet:-1, max-image-preview:large, max-video-preview:-1\" \/>\n<link rel=\"canonical\" href=\"https:\/\/www.atecpool.ch\/de\/sauna-round-cube\/\" \/>\n<meta property=\"og:locale\" content=\"de_DE\" \/>\n<meta property=\"og:type\" content=\"article\" \/>\n<meta property=\"og:title\" content=\"Sauna Round Cube\" \/>\n<meta property=\"og:description\" content=\"[vc_row content_placement=&#8221;bottom&#8221; css=&#8221;.vc_custom_1706867835334{margin-top: 20px !important;}&#8221;][vc_column width=&#8221;1\/2&#8243;][vc_column_text] Entdecken Sie die exklusive Serie von Premium-Au\u00dfensaunen, die es Ihnen erm\u00f6glicht, das beste Saunaerlebnis mit einem hochwertigen Produkt zu genie\u00dfen [\u2026]\" \/>\n<meta property=\"og:url\" content=\"https:\/\/www.atecpool.ch\/de\/sauna-round-cube\/\" \/>\n<meta property=\"og:site_name\" content=\"Atec Pool\" \/>\n<meta property=\"article:publisher\" content=\"https:\/\/www.facebook.com\/atecpool.ch\/\" \/>\n<meta property=\"article:published_time\" content=\"2024-02-02T13:56:00+00:00\" \/>\n<meta property=\"article:modified_time\" content=\"2024-02-02T14:48:42+00:00\" \/>\n<meta property=\"og:image\" content=\"https:\/\/www.atecpool.ch\/wp-content\/uploads\/2023\/12\/Round-Cube-Mini_01.webp\" \/>\n<meta name=\"author\" content=\"Joshua Firpo\" \/>\n<meta name=\"twitter:card\" content=\"summary_large_image\" \/>\n<meta name=\"twitter:label1\" content=\"Verfasst von\" \/>\n\t<meta name=\"twitter:data1\" content=\"Joshua Firpo\" \/>\n\t<meta name=\"twitter:label2\" content=\"Gesch\u00e4tzte Lesezeit\" \/>\n\t<meta name=\"twitter:data2\" content=\"4 minutes\" \/>\n<script type=\"application\/ld+json\" class=\"yoast-schema-graph\">{\"@context\":\"https:\\\/\\\/schema.org\",\"@graph\":[{\"@type\":\"Article\",\"@id\":\"https:\\\/\\\/www.atecpool.ch\\\/de\\\/sauna-round-cube\\\/#article\",\"isPartOf\":{\"@id\":\"https:\\\/\\\/www.atecpool.ch\\\/de\\\/sauna-round-cube\\\/\"},\"author\":{\"name\":\"Joshua Firpo\",\"@id\":\"https:\\\/\\\/www.atecpool.ch\\\/de\\\/#\\\/schema\\\/person\\\/f43a6d7668a749bad88082393e8cd72e\"},\"headline\":\"Sauna Round Cube\",\"datePublished\":\"2024-02-02T13:56:00+00:00\",\"dateModified\":\"2024-02-02T14:48:42+00:00\",\"mainEntityOfPage\":{\"@id\":\"https:\\\/\\\/www.atecpool.ch\\\/de\\\/sauna-round-cube\\\/\"},\"wordCount\":660,\"commentCount\":0,\"publisher\":{\"@id\":\"https:\\\/\\\/www.atecpool.ch\\\/de\\\/#organization\"},\"image\":{\"@id\":\"https:\\\/\\\/www.atecpool.ch\\\/de\\\/sauna-round-cube\\\/#primaryimage\"},\"thumbnailUrl\":\"https:\\\/\\\/www.atecpool.ch\\\/wp-content\\\/uploads\\\/2023\\\/12\\\/Round-Cube-Mini_01.webp\",\"articleSection\":[\"Indoor-Saunakabinen\"],\"inLanguage\":\"de-DE\",\"potentialAction\":[{\"@type\":\"CommentAction\",\"name\":\"Comment\",\"target\":[\"https:\\\/\\\/www.atecpool.ch\\\/de\\\/sauna-round-cube\\\/#respond\"]}]},{\"@type\":\"WebPage\",\"@id\":\"https:\\\/\\\/www.atecpool.ch\\\/de\\\/sauna-round-cube\\\/\",\"url\":\"https:\\\/\\\/www.atecpool.ch\\\/de\\\/sauna-round-cube\\\/\",\"name\":\"Sauna Round Cube - Atec Pool\",\"isPartOf\":{\"@id\":\"https:\\\/\\\/www.atecpool.ch\\\/de\\\/#website\"},\"primaryImageOfPage\":{\"@id\":\"https:\\\/\\\/www.atecpool.ch\\\/de\\\/sauna-round-cube\\\/#primaryimage\"},\"image\":{\"@id\":\"https:\\\/\\\/www.atecpool.ch\\\/de\\\/sauna-round-cube\\\/#primaryimage\"},\"thumbnailUrl\":\"https:\\\/\\\/www.atecpool.ch\\\/wp-content\\\/uploads\\\/2023\\\/12\\\/Round-Cube-Mini_01.webp\",\"datePublished\":\"2024-02-02T13:56:00+00:00\",\"dateModified\":\"2024-02-02T14:48:42+00:00\",\"breadcrumb\":{\"@id\":\"https:\\\/\\\/www.atecpool.ch\\\/de\\\/sauna-round-cube\\\/#breadcrumb\"},\"inLanguage\":\"de-DE\",\"potentialAction\":[{\"@type\":\"ReadAction\",\"target\":[\"https:\\\/\\\/www.atecpool.ch\\\/de\\\/sauna-round-cube\\\/\"]}]},{\"@type\":\"ImageObject\",\"inLanguage\":\"de-DE\",\"@id\":\"https:\\\/\\\/www.atecpool.ch\\\/de\\\/sauna-round-cube\\\/#primaryimage\",\"url\":\"https:\\\/\\\/www.atecpool.ch\\\/wp-content\\\/uploads\\\/2023\\\/12\\\/Round-Cube-Mini_01.webp\",\"contentUrl\":\"https:\\\/\\\/www.atecpool.ch\\\/wp-content\\\/uploads\\\/2023\\\/12\\\/Round-Cube-Mini_01.webp\"},{\"@type\":\"BreadcrumbList\",\"@id\":\"https:\\\/\\\/www.atecpool.ch\\\/de\\\/sauna-round-cube\\\/#breadcrumb\",\"itemListElement\":[{\"@type\":\"ListItem\",\"position\":1,\"name\":\"Home\",\"item\":\"https:\\\/\\\/www.atecpool.ch\\\/de\\\/home\\\/\"},{\"@type\":\"ListItem\",\"position\":2,\"name\":\"Indoor-Saunakabinen\",\"item\":\"https:\\\/\\\/www.atecpool.ch\\\/de\\\/category\\\/indoor-saunakabinen\\\/\"},{\"@type\":\"ListItem\",\"position\":3,\"name\":\"Sauna Round Cube\"}]},{\"@type\":\"WebSite\",\"@id\":\"https:\\\/\\\/www.atecpool.ch\\\/de\\\/#website\",\"url\":\"https:\\\/\\\/www.atecpool.ch\\\/de\\\/\",\"name\":\"Atec Pool\",\"description\":\"Pool \u00b7 Sauna \u00b7 Wellness\",\"publisher\":{\"@id\":\"https:\\\/\\\/www.atecpool.ch\\\/de\\\/#organization\"},\"potentialAction\":[{\"@type\":\"SearchAction\",\"target\":{\"@type\":\"EntryPoint\",\"urlTemplate\":\"https:\\\/\\\/www.atecpool.ch\\\/de\\\/?s={search_term_string}\"},\"query-input\":{\"@type\":\"PropertyValueSpecification\",\"valueRequired\":true,\"valueName\":\"search_term_string\"}}],\"inLanguage\":\"de-DE\"},{\"@type\":[\"Organization\",\"Place\"],\"@id\":\"https:\\\/\\\/www.atecpool.ch\\\/de\\\/#organization\",\"name\":\"Atec Pool\",\"url\":\"https:\\\/\\\/www.atecpool.ch\\\/de\\\/\",\"logo\":{\"@id\":\"https:\\\/\\\/www.atecpool.ch\\\/de\\\/sauna-round-cube\\\/#local-main-organization-logo\"},\"image\":{\"@id\":\"https:\\\/\\\/www.atecpool.ch\\\/de\\\/sauna-round-cube\\\/#local-main-organization-logo\"},\"sameAs\":[\"https:\\\/\\\/www.facebook.com\\\/atecpool.ch\\\/\",\"https:\\\/\\\/www.instagram.com\\\/atecpool_ch\\\/\"],\"address\":{\"@id\":\"https:\\\/\\\/www.atecpool.ch\\\/de\\\/sauna-round-cube\\\/#local-main-place-address\"},\"telephone\":[\"+41 91 980 33 93\"],\"openingHoursSpecification\":[{\"@type\":\"OpeningHoursSpecification\",\"dayOfWeek\":[\"Monday\",\"Tuesday\",\"Wednesday\",\"Thursday\",\"Friday\",\"Saturday\",\"Sunday\"],\"opens\":\"09:00\",\"closes\":\"17:00\"}],\"email\":\"info@atecpool.ch\"},{\"@type\":\"Person\",\"@id\":\"https:\\\/\\\/www.atecpool.ch\\\/de\\\/#\\\/schema\\\/person\\\/f43a6d7668a749bad88082393e8cd72e\",\"name\":\"Joshua Firpo\",\"image\":{\"@type\":\"ImageObject\",\"inLanguage\":\"de-DE\",\"@id\":\"https:\\\/\\\/secure.gravatar.com\\\/avatar\\\/ac37bb26e7aa92f52f0065fe38e455b7930dd31d1e1614e0393bea1d499b0c7b?s=96&d=mm&r=g\",\"url\":\"https:\\\/\\\/secure.gravatar.com\\\/avatar\\\/ac37bb26e7aa92f52f0065fe38e455b7930dd31d1e1614e0393bea1d499b0c7b?s=96&d=mm&r=g\",\"contentUrl\":\"https:\\\/\\\/secure.gravatar.com\\\/avatar\\\/ac37bb26e7aa92f52f0065fe38e455b7930dd31d1e1614e0393bea1d499b0c7b?s=96&d=mm&r=g\",\"caption\":\"Joshua Firpo\"}},{\"@type\":\"PostalAddress\",\"@id\":\"https:\\\/\\\/www.atecpool.ch\\\/de\\\/sauna-round-cube\\\/#local-main-place-address\",\"streetAddress\":\"Via Cantonale 5\",\"addressLocality\":\"Grancia\",\"postalCode\":\"6916\",\"addressCountry\":\"CH\"},{\"@type\":\"ImageObject\",\"inLanguage\":\"de-DE\",\"@id\":\"https:\\\/\\\/www.atecpool.ch\\\/de\\\/sauna-round-cube\\\/#local-main-organization-logo\",\"url\":\"https:\\\/\\\/www.atecpool.ch\\\/wp-content\\\/uploads\\\/2020\\\/09\\\/atec_logo.png\",\"contentUrl\":\"https:\\\/\\\/www.atecpool.ch\\\/wp-content\\\/uploads\\\/2020\\\/09\\\/atec_logo.png\",\"width\":500,\"height\":145,\"caption\":\"Atec Pool\"}]}<\/script>\n<meta name=\"geo.placename\" content=\"Grancia\" \/>\n<meta name=\"geo.region\" content=\"Schweiz\" \/>\n<!-- \/ Yoast SEO Premium plugin. -->","yoast_head_json":{"title":"Sauna Round Cube - Atec Pool","robots":{"index":"index","follow":"follow","max-snippet":"max-snippet:-1","max-image-preview":"max-image-preview:large","max-video-preview":"max-video-preview:-1"},"canonical":"https:\/\/www.atecpool.ch\/de\/sauna-round-cube\/","og_locale":"de_DE","og_type":"article","og_title":"Sauna Round Cube","og_description":"[vc_row content_placement=&#8221;bottom&#8221; css=&#8221;.vc_custom_1706867835334{margin-top: 20px !important;}&#8221;][vc_column width=&#8221;1\/2&#8243;][vc_column_text] Entdecken Sie die exklusive Serie von Premium-Au\u00dfensaunen, die es Ihnen erm\u00f6glicht, das beste Saunaerlebnis mit einem hochwertigen Produkt zu genie\u00dfen [\u2026]","og_url":"https:\/\/www.atecpool.ch\/de\/sauna-round-cube\/","og_site_name":"Atec Pool","article_publisher":"https:\/\/www.facebook.com\/atecpool.ch\/","article_published_time":"2024-02-02T13:56:00+00:00","article_modified_time":"2024-02-02T14:48:42+00:00","og_image":[{"url":"https:\/\/www.atecpool.ch\/wp-content\/uploads\/2023\/12\/Round-Cube-Mini_01.webp","type":"","width":"","height":""}],"author":"Joshua Firpo","twitter_card":"summary_large_image","twitter_misc":{"Verfasst von":"Joshua Firpo","Gesch\u00e4tzte Lesezeit":"4 minutes"},"schema":{"@context":"https:\/\/schema.org","@graph":[{"@type":"Article","@id":"https:\/\/www.atecpool.ch\/de\/sauna-round-cube\/#article","isPartOf":{"@id":"https:\/\/www.atecpool.ch\/de\/sauna-round-cube\/"},"author":{"name":"Joshua Firpo","@id":"https:\/\/www.atecpool.ch\/de\/#\/schema\/person\/f43a6d7668a749bad88082393e8cd72e"},"headline":"Sauna Round Cube","datePublished":"2024-02-02T13:56:00+00:00","dateModified":"2024-02-02T14:48:42+00:00","mainEntityOfPage":{"@id":"https:\/\/www.atecpool.ch\/de\/sauna-round-cube\/"},"wordCount":660,"commentCount":0,"publisher":{"@id":"https:\/\/www.atecpool.ch\/de\/#organization"},"image":{"@id":"https:\/\/www.atecpool.ch\/de\/sauna-round-cube\/#primaryimage"},"thumbnailUrl":"https:\/\/www.atecpool.ch\/wp-content\/uploads\/2023\/12\/Round-Cube-Mini_01.webp","articleSection":["Indoor-Saunakabinen"],"inLanguage":"de-DE","potentialAction":[{"@type":"CommentAction","name":"Comment","target":["https:\/\/www.atecpool.ch\/de\/sauna-round-cube\/#respond"]}]},{"@type":"WebPage","@id":"https:\/\/www.atecpool.ch\/de\/sauna-round-cube\/","url":"https:\/\/www.atecpool.ch\/de\/sauna-round-cube\/","name":"Sauna Round Cube - Atec Pool","isPartOf":{"@id":"https:\/\/www.atecpool.ch\/de\/#website"},"primaryImageOfPage":{"@id":"https:\/\/www.atecpool.ch\/de\/sauna-round-cube\/#primaryimage"},"image":{"@id":"https:\/\/www.atecpool.ch\/de\/sauna-round-cube\/#primaryimage"},"thumbnailUrl":"https:\/\/www.atecpool.ch\/wp-content\/uploads\/2023\/12\/Round-Cube-Mini_01.webp","datePublished":"2024-02-02T13:56:00+00:00","dateModified":"2024-02-02T14:48:42+00:00","breadcrumb":{"@id":"https:\/\/www.atecpool.ch\/de\/sauna-round-cube\/#breadcrumb"},"inLanguage":"de-DE","potentialAction":[{"@type":"ReadAction","target":["https:\/\/www.atecpool.ch\/de\/sauna-round-cube\/"]}]},{"@type":"ImageObject","inLanguage":"de-DE","@id":"https:\/\/www.atecpool.ch\/de\/sauna-round-cube\/#primaryimage","url":"https:\/\/www.atecpool.ch\/wp-content\/uploads\/2023\/12\/Round-Cube-Mini_01.webp","contentUrl":"https:\/\/www.atecpool.ch\/wp-content\/uploads\/2023\/12\/Round-Cube-Mini_01.webp"},{"@type":"BreadcrumbList","@id":"https:\/\/www.atecpool.ch\/de\/sauna-round-cube\/#breadcrumb","itemListElement":[{"@type":"ListItem","position":1,"name":"Home","item":"https:\/\/www.atecpool.ch\/de\/home\/"},{"@type":"ListItem","position":2,"name":"Indoor-Saunakabinen","item":"https:\/\/www.atecpool.ch\/de\/category\/indoor-saunakabinen\/"},{"@type":"ListItem","position":3,"name":"Sauna Round Cube"}]},{"@type":"WebSite","@id":"https:\/\/www.atecpool.ch\/de\/#website","url":"https:\/\/www.atecpool.ch\/de\/","name":"Atec Pool","description":"Pool \u00b7 Sauna \u00b7 Wellness","publisher":{"@id":"https:\/\/www.atecpool.ch\/de\/#organization"},"potentialAction":[{"@type":"SearchAction","target":{"@type":"EntryPoint","urlTemplate":"https:\/\/www.atecpool.ch\/de\/?s={search_term_string}"},"query-input":{"@type":"PropertyValueSpecification","valueRequired":true,"valueName":"search_term_string"}}],"inLanguage":"de-DE"},{"@type":["Organization","Place"],"@id":"https:\/\/www.atecpool.ch\/de\/#organization","name":"Atec Pool","url":"https:\/\/www.atecpool.ch\/de\/","logo":{"@id":"https:\/\/www.atecpool.ch\/de\/sauna-round-cube\/#local-main-organization-logo"},"image":{"@id":"https:\/\/www.atecpool.ch\/de\/sauna-round-cube\/#local-main-organization-logo"},"sameAs":["https:\/\/www.facebook.com\/atecpool.ch\/","https:\/\/www.instagram.com\/atecpool_ch\/"],"address":{"@id":"https:\/\/www.atecpool.ch\/de\/sauna-round-cube\/#local-main-place-address"},"telephone":["+41 91 980 33 93"],"openingHoursSpecification":[{"@type":"OpeningHoursSpecification","dayOfWeek":["Monday","Tuesday","Wednesday","Thursday","Friday","Saturday","Sunday"],"opens":"09:00","closes":"17:00"}],"email":"info@atecpool.ch"},{"@type":"Person","@id":"https:\/\/www.atecpool.ch\/de\/#\/schema\/person\/f43a6d7668a749bad88082393e8cd72e","name":"Joshua Firpo","image":{"@type":"ImageObject","inLanguage":"de-DE","@id":"https:\/\/secure.gravatar.com\/avatar\/ac37bb26e7aa92f52f0065fe38e455b7930dd31d1e1614e0393bea1d499b0c7b?s=96&d=mm&r=g","url":"https:\/\/secure.gravatar.com\/avatar\/ac37bb26e7aa92f52f0065fe38e455b7930dd31d1e1614e0393bea1d499b0c7b?s=96&d=mm&r=g","contentUrl":"https:\/\/secure.gravatar.com\/avatar\/ac37bb26e7aa92f52f0065fe38e455b7930dd31d1e1614e0393bea1d499b0c7b?s=96&d=mm&r=g","caption":"Joshua Firpo"}},{"@type":"PostalAddress","@id":"https:\/\/www.atecpool.ch\/de\/sauna-round-cube\/#local-main-place-address","streetAddress":"Via Cantonale 5","addressLocality":"Grancia","postalCode":"6916","addressCountry":"CH"},{"@type":"ImageObject","inLanguage":"de-DE","@id":"https:\/\/www.atecpool.ch\/de\/sauna-round-cube\/#local-main-organization-logo","url":"https:\/\/www.atecpool.ch\/wp-content\/uploads\/2020\/09\/atec_logo.png","contentUrl":"https:\/\/www.atecpool.ch\/wp-content\/uploads\/2020\/09\/atec_logo.png","width":500,"height":145,"caption":"Atec Pool"}]},"geo.placename":"Grancia","geo.region":"Schweiz"},"_links":{"self":[{"href":"https:\/\/www.atecpool.ch\/de\/wp-json\/wp\/v2\/pages\/30075","targetHints":{"allow":["GET"]}}],"collection":[{"href":"https:\/\/www.atecpool.ch\/de\/wp-json\/wp\/v2\/pages"}],"about":[{"href":"https:\/\/www.atecpool.ch\/de\/wp-json\/wp\/v2\/types\/page"}],"author":[{"embeddable":true,"href":"https:\/\/www.atecpool.ch\/de\/wp-json\/wp\/v2\/users\/17"}],"replies":[{"embeddable":true,"href":"https:\/\/www.atecpool.ch\/de\/wp-json\/wp\/v2\/comments?post=30075"}],"version-history":[{"count":0,"href":"https:\/\/www.atecpool.ch\/de\/wp-json\/wp\/v2\/pages\/30075\/revisions"}],"wp:attachment":[{"href":"https:\/\/www.atecpool.ch\/de\/wp-json\/wp\/v2\/media?parent=30075"}],"curies":[{"name":"wp","href":"https:\/\/api.w.org\/{rel}","templated":true}]}}