{"id":28505,"date":"2023-02-22T08:35:04","date_gmt":"2023-02-22T07:35:04","guid":{"rendered":"https:\/\/www.atecpool.ch\/?page_id=28505"},"modified":"2025-09-29T11:31:31","modified_gmt":"2025-09-29T09:31:31","slug":"spatium-pools","status":"publish","type":"page","link":"https:\/\/www.atecpool.ch\/de\/aufstellbecken3\/spatium-pools\/","title":{"rendered":"Spatium-Pools"},"content":{"rendered":"<div class=\"wpb-content-wrapper\"><p>[vc_row][vc_column width=&#8221;1\/4&#8243;][vc_column_text]Die freistehenden Schwimmbecken der Spatium-Reihe verwandeln jede Umgebung in einen Luxuxort, bei dem das Design an erster Stelle steht. Die ganze Kollektion der Aufstellbecken von Spatium erlaubt dank ausgefeilter Design-Elemente frei gestaltbare Innen- und Aussenbereiche. Die Pools von Spatium kombinieren auf eine innovative Art Komfort mit Zweckm\u00e4\u00dfigkeit und erlauben dabei durch eine modulare Gestaltung Individualit\u00e4t und Ausdruckskraft in die h\u00e4usliche Umgebungen zu bringen.[\/vc_column_text][\/vc_column][vc_column width=&#8221;1\/4&#8243;][vc_column_text]Die Linie der Spatium-Pools vereint hochwertige Konstruktion und praktische Installation, w\u00e4hrend neueste Technologien auf \u00c4sthetik treffen und zeitgem\u00e4sses Wohnen neu interpretieren. Die vier Modelle Recta, Planar, Tratto und Orlo setzen sich aus Modulen zusammen, die je nach Gestaltungswunsch konfiguriert werden k\u00f6nnen. Das Resultat sind ma\u00dfgeschneiderten Gestaltungselementen, in denen Funktionalit\u00e4t und anspruchsvolles Design integriert sind.[\/vc_column_text][\/vc_column][vc_column width=&#8221;1\/2&#8243;][vc_video link=&#8221;https:\/\/youtu.be\/9edfkvaUzzc&#8221;][\/vc_column][\/vc_row][vc_row full_width=&#8221;stretch_row_content_no_spaces&#8221;][vc_column parallax=&#8221;content-moving-fade&#8221;][vc_separator color=&#8221;mulled_wine&#8221; border_width=&#8221;8&#8243;][vc_single_image image=&#8221;28509&#8243; img_size=&#8221;full&#8221; alignment=&#8221;center&#8221; title=&#8221;ORLO &#8211; Aufstellbecken mit Skimmer&#8221;][\/vc_column][\/vc_row][vc_row][vc_column width=&#8221;1\/3&#8243;][vc_column_text]ORLO ist zweifelsohne der Prototyp der SPATIUM-Produktion, das klassische Modell des Skimmer-Beckens wurde komplett \u00fcberarbeitet und durch innovative technische L\u00f6sungen erg\u00e4nzt.<br \/>Der Standard-Lieferumfang umfasst Pool- und Bodenstruktur sowie die Innentreppe.[\/vc_column_text][vc_cta h2=&#8221;&#8221; txt_align=&#8221;center&#8221; style=&#8221;flat&#8221; color=&#8221;white&#8221; add_button=&#8221;bottom&#8221; btn_title=&#8221;PROSPEKT HERUNTERLADEN&#8221; btn_align=&#8221;center&#8221; css=&#8221;.vc_custom_1676824492806{background-color: #6b564e !important;}&#8221; btn_link=&#8221;url:https%3A%2F%2Fwww.atecpool.ch%2Fwp-content%2Fuploads%2F2023%2F02%2FOrlo-DE.pdf|title:DOWNLOAD|target:_blank|&#8221;][\/vc_cta][\/vc_column][vc_column width=&#8221;1\/3&#8243;][vc_single_image image=&#8221;28514&#8243; img_size=&#8221;full&#8221; alignment=&#8221;right&#8221; onclick=&#8221;img_link_large&#8221;][\/vc_column][vc_column width=&#8221;1\/3&#8243;][vc_single_image image=&#8221;28516&#8243; img_size=&#8221;full&#8221; alignment=&#8221;center&#8221; onclick=&#8221;img_link_large&#8221;][\/vc_column][\/vc_row][vc_row full_width=&#8221;stretch_row_content_no_spaces&#8221;][vc_column parallax=&#8221;content-moving-fade&#8221;][vc_separator color=&#8221;mulled_wine&#8221; border_width=&#8221;8&#8243;][vc_single_image image=&#8221;28531&#8243; img_size=&#8221;full&#8221; alignment=&#8221;center&#8221; title=&#8221;RECTA &#8211; freistehender Minipool&#8221;][\/vc_column][\/vc_row][vc_row][vc_column width=&#8221;1\/4&#8243;][vc_column_text]Aufgrund seiner geringen Abmessungen ist er die beste L\u00f6sung f\u00fcr kleine Innen- und Au\u00dfenbereiche. RECTA ist das Glanzst\u00fcck von SPATIUM, das dank seiner besonderen Oberfl\u00e4chen eine vertraute und entspannende Atmosph\u00e4re schafft.<br \/>Es ist das Modell, das sich am besten f\u00fcr eine individuelle Gestaltung eignet, auch in Hinblick auf die \u00c4sthetik. Die Standardlieferung umfasst die Tragkonstruktion, den vormontierten Rahmen, die \u00dcberlaufrinne, die Bodenstruktur und den umlaufenden Poolrand.[\/vc_column_text][vc_cta h2=&#8221;&#8221; txt_align=&#8221;center&#8221; style=&#8221;flat&#8221; color=&#8221;white&#8221; add_button=&#8221;bottom&#8221; btn_title=&#8221;PROSPEKT HERUNTERLADEN&#8221; btn_align=&#8221;center&#8221; css=&#8221;.vc_custom_1676825166001{background-color: #6b564e !important;}&#8221; btn_link=&#8221;url:https%3A%2F%2Fwww.atecpool.ch%2Fwp-content%2Fuploads%2F2023%2F02%2FRecta-DE.pdf|title:DOWNLOAD|target:_blank|&#8221;][\/vc_cta][\/vc_column][vc_column width=&#8221;1\/4&#8243;][vc_single_image image=&#8221;28539&#8243; img_size=&#8221;full&#8221; alignment=&#8221;right&#8221; onclick=&#8221;img_link_large&#8221;][vc_single_image image=&#8221;28537&#8243; img_size=&#8221;full&#8221; alignment=&#8221;right&#8221; onclick=&#8221;img_link_large&#8221;][\/vc_column][vc_column width=&#8221;1\/4&#8243;][vc_single_image image=&#8221;28541&#8243; img_size=&#8221;full&#8221; alignment=&#8221;center&#8221; onclick=&#8221;img_link_large&#8221;][\/vc_column][vc_column width=&#8221;1\/4&#8243;][vc_single_image image=&#8221;28535&#8243; img_size=&#8221;full&#8221; alignment=&#8221;center&#8221; onclick=&#8221;img_link_large&#8221;][\/vc_column][\/vc_row][vc_row full_width=&#8221;stretch_row_content_no_spaces&#8221;][vc_column parallax=&#8221;content-moving-fade&#8221;][vc_separator color=&#8221;mulled_wine&#8221; border_width=&#8221;8&#8243;][vc_single_image image=&#8221;28545&#8243; img_size=&#8221;full&#8221; alignment=&#8221;center&#8221; title=&#8221;PLANAR &#8211; freistehendes \u00dcberlaufbecken&#8221;][\/vc_column][\/vc_row][vc_row][vc_column width=&#8221;1\/4&#8243;][vc_single_image image=&#8221;28549&#8243; img_size=&#8221;full&#8221; alignment=&#8221;right&#8221; onclick=&#8221;img_link_large&#8221;][vc_single_image image=&#8221;28547&#8243; img_size=&#8221;full&#8221; alignment=&#8221;right&#8221; onclick=&#8221;img_link_large&#8221;][vc_cta h2=&#8221;&#8221; txt_align=&#8221;center&#8221; style=&#8221;flat&#8221; color=&#8221;white&#8221; add_button=&#8221;bottom&#8221; btn_title=&#8221;PROSPEKT HERUNTERLADEN&#8221; btn_align=&#8221;center&#8221; css=&#8221;.vc_custom_1676827017168{background-color: #6b564e !important;}&#8221; btn_link=&#8221;url:https%3A%2F%2Fwww.atecpool.ch%2Fwp-content%2Fuploads%2F2023%2F02%2FPlanar-DE.pdf|title:DOWNLOAD|target:_blank|&#8221;][\/vc_cta][\/vc_column][vc_column width=&#8221;1\/2&#8243;][vc_column_text]PLANAR ist die konkurrenzlose freistehende \u00dcberlaufl\u00f6sung mit einer modularen, selbsttragenden Metallkonstruktion, das Vorzeigemodell der SPATIUM-Kollektion. Klare Linien, individuelle Gestaltungsm\u00f6glichkeiten dank einer Vielzahl von Zubeh\u00f6rteilen. PLANAR kann in jeder Umgebung aufgestellt werden, ohne dass Bauarbeiten erforderlich sind, was die Aufbauzeit und Kosten drastisch reduziert.<br \/>Mit dem zus\u00e4tzlich erh\u00e4ltlichen vormontierten Rahmen kann der Pool direkt auf unebenem Boden aufgestellt werden und ben\u00f6tigt keine Zementplatte. Das direkt in die Struktur integrierte Ausgleichsbecken macht einen externen Technikraum \u00fcberfl\u00fcssig, wodurch die Installationszeit optimiert und der Platz neben dem Becken besser genutzt werden kann.<br \/>Zum Standard-Lieferumfang geh\u00f6ren der Beckenstruktur, den \u00dcberlaufkanal, die Bodenstruktur und die Innentreppe.[\/vc_column_text][\/vc_column][vc_column width=&#8221;1\/4&#8243;][vc_single_image image=&#8221;28553&#8243; img_size=&#8221;full&#8221; alignment=&#8221;center&#8221; onclick=&#8221;img_link_large&#8221;][vc_single_image image=&#8221;28516&#8243; img_size=&#8221;full&#8221; alignment=&#8221;center&#8221; onclick=&#8221;img_link_large&#8221;][\/vc_column][\/vc_row][vc_row full_width=&#8221;stretch_row_content_no_spaces&#8221;][vc_column parallax=&#8221;content-moving-fade&#8221;][vc_separator color=&#8221;mulled_wine&#8221; border_width=&#8221;8&#8243;][vc_single_image image=&#8221;28560&#8243; img_size=&#8221;full&#8221; alignment=&#8221;center&#8221; title=&#8221;TRATTO &#8211; freistehendes Becken mit \u00dcberlaufrinne&#8221;][\/vc_column][\/vc_row][vc_row][vc_column width=&#8221;1\/4&#8243;][vc_single_image image=&#8221;28568&#8243; img_size=&#8221;full&#8221; alignment=&#8221;right&#8221; onclick=&#8221;img_link_large&#8221;][vc_cta h2=&#8221;&#8221; txt_align=&#8221;center&#8221; style=&#8221;flat&#8221; color=&#8221;white&#8221; add_button=&#8221;bottom&#8221; btn_title=&#8221;PROSPEKT HERUNTERLADEN&#8221; btn_align=&#8221;center&#8221; css=&#8221;.vc_custom_1676828835949{background-color: #6b564e !important;}&#8221; btn_link=&#8221;url:https%3A%2F%2Fwww.atecpool.ch%2Fwp-content%2Fuploads%2F2023%2F02%2FTratto-DE.pdf|title:DOWNLOAD|target:_blank|&#8221;][\/vc_cta][\/vc_column][vc_column width=&#8221;1\/4&#8243;][vc_single_image image=&#8221;28566&#8243; img_size=&#8221;full&#8221; alignment=&#8221;right&#8221; onclick=&#8221;img_link_large&#8221;][vc_single_image image=&#8221;28564&#8243; img_size=&#8221;full&#8221; alignment=&#8221;center&#8221; onclick=&#8221;img_link_large&#8221;][\/vc_column][vc_column width=&#8221;1\/4&#8243;][vc_column_text]TRATTO ist das elegante, freistehende Modell mit verdecktem \u00dcberlauf, das sich durch klare Linien und ein hohes Wasservolumen auszeichnet.<br \/>Die Modulbauweise und die umfangreichen Anpassungsm\u00f6glichkeiten machen es zur idealen L\u00f6sung f\u00fcr jede Art von Umgebung, ohne dass Bauarbeiten oder Grabungen erforderlich sind. Der zus\u00e4tzlich erh\u00e4ltliche vormontierte Rahmen erm\u00f6glicht es, den Pool direkt auf unebenem Boden aufzustellen, wodurch eine Betonplatte \u00fcberfl\u00fcssig wird..<br \/>Zum Standard-Lieferumfang geh\u00f6ren der Beckenstruktur, den \u00dcberlaufkanal, die Bodenstruktur und die Innentreppe.[\/vc_column_text][\/vc_column][vc_column width=&#8221;1\/4&#8243;][vc_single_image image=&#8221;28562&#8243; img_size=&#8221;full&#8221; alignment=&#8221;center&#8221; onclick=&#8221;img_link_large&#8221;][\/vc_column][\/vc_row][vc_section][vc_row][vc_column][vc_btn title=&#8221;Anfrage Informationen&#8221; color=&#8221;blue&#8221; size=&#8221;lg&#8221; align=&#8221;center&#8221; css_animation=&#8221;top-to-bottom&#8221; css=&#8221;&#8221; link=&#8221;url:https%3A%2F%2Fwww.atecpool.ch%2Fform-view%2F12|title:Kontakte|target:_blank|&#8221;][\/vc_column][\/vc_row][\/vc_section][vc_row][vc_column][\/vc_column][\/vc_row]<\/p>\n<\/div>","protected":false},"excerpt":{"rendered":"<p>[vc_row][vc_column width=&#8221;1\/4&#8243;][vc_column_text]Die freistehenden Schwimmbecken der Spatium-Reihe verwandeln jede Umgebung in einen Luxuxort, bei dem das Design an erster Stelle steht. Die ganze Kollektion der Aufstellbecken von<span class=\"excerpt-hellip\"> [\u2026]<\/span><\/p>\n","protected":false},"author":4,"featured_media":0,"parent":15224,"menu_order":0,"comment_status":"closed","ping_status":"closed","template":"","meta":{"footnotes":""},"class_list":["post-28505","page","type-page","status-publish","hentry"],"yoast_head":"<!-- This site is optimized with the Yoast SEO Premium plugin v26.2 (Yoast SEO v27.4) - https:\/\/yoast.com\/product\/yoast-seo-premium-wordpress\/ -->\n<title>Spatium-Pools - Atec Pool Unsere Spatium-Pools<\/title>\n<meta name=\"description\" content=\"Entdecken Sie unsere Spatium Aufstellbecken 100% made in Italyl! Verschiedene Modelle f\u00fcr jedes Vorhaben. Kontaktieren Sie uns f\u00fcr Fragen!\" \/>\n<meta name=\"robots\" content=\"index, follow, max-snippet:-1, max-image-preview:large, max-video-preview:-1\" \/>\n<link rel=\"canonical\" href=\"https:\/\/www.atecpool.ch\/de\/aufstellbecken3\/spatium-pools\/\" \/>\n<meta property=\"og:locale\" content=\"de_DE\" \/>\n<meta property=\"og:type\" content=\"article\" \/>\n<meta property=\"og:title\" content=\"Spatium-Pools\" \/>\n<meta property=\"og:description\" content=\"Entdecken Sie unsere Spatium Aufstellbecken 100% made in Italyl! Verschiedene Modelle f\u00fcr jedes Vorhaben. Kontaktieren Sie uns f\u00fcr Fragen!\" \/>\n<meta property=\"og:url\" content=\"https:\/\/www.atecpool.ch\/de\/aufstellbecken3\/spatium-pools\/\" \/>\n<meta property=\"og:site_name\" content=\"Atec Pool\" \/>\n<meta property=\"article:publisher\" content=\"https:\/\/www.facebook.com\/atecpool.ch\/\" \/>\n<meta property=\"article:modified_time\" content=\"2025-09-29T09:31:31+00:00\" \/>\n<meta name=\"twitter:card\" content=\"summary_large_image\" \/>\n<meta name=\"twitter:label1\" content=\"Gesch\u00e4tzte Lesezeit\" \/>\n\t<meta name=\"twitter:data1\" content=\"3 minutes\" \/>\n<script type=\"application\/ld+json\" class=\"yoast-schema-graph\">{\"@context\":\"https:\\\/\\\/schema.org\",\"@graph\":[{\"@type\":\"WebPage\",\"@id\":\"https:\\\/\\\/www.atecpool.ch\\\/de\\\/aufstellbecken3\\\/spatium-pools\\\/\",\"url\":\"https:\\\/\\\/www.atecpool.ch\\\/de\\\/aufstellbecken3\\\/spatium-pools\\\/\",\"name\":\"Spatium-Pools - Atec Pool Unsere Spatium-Pools\",\"isPartOf\":{\"@id\":\"https:\\\/\\\/www.atecpool.ch\\\/de\\\/#website\"},\"datePublished\":\"2023-02-22T07:35:04+00:00\",\"dateModified\":\"2025-09-29T09:31:31+00:00\",\"description\":\"Entdecken Sie unsere Spatium Aufstellbecken 100% made in Italyl! Verschiedene Modelle f\u00fcr jedes Vorhaben. Kontaktieren Sie uns f\u00fcr Fragen!\",\"breadcrumb\":{\"@id\":\"https:\\\/\\\/www.atecpool.ch\\\/de\\\/aufstellbecken3\\\/spatium-pools\\\/#breadcrumb\"},\"inLanguage\":\"de-DE\",\"potentialAction\":[{\"@type\":\"ReadAction\",\"target\":[\"https:\\\/\\\/www.atecpool.ch\\\/de\\\/aufstellbecken3\\\/spatium-pools\\\/\"]}]},{\"@type\":\"BreadcrumbList\",\"@id\":\"https:\\\/\\\/www.atecpool.ch\\\/de\\\/aufstellbecken3\\\/spatium-pools\\\/#breadcrumb\",\"itemListElement\":[{\"@type\":\"ListItem\",\"position\":1,\"name\":\"Home\",\"item\":\"https:\\\/\\\/www.atecpool.ch\\\/de\\\/home\\\/\"},{\"@type\":\"ListItem\",\"position\":2,\"name\":\"Aufstellbecken\",\"item\":\"https:\\\/\\\/www.atecpool.ch\\\/de\\\/piscine-fuori-terra\\\/\"},{\"@type\":\"ListItem\",\"position\":3,\"name\":\"Spatium-Pools\"}]},{\"@type\":\"WebSite\",\"@id\":\"https:\\\/\\\/www.atecpool.ch\\\/de\\\/#website\",\"url\":\"https:\\\/\\\/www.atecpool.ch\\\/de\\\/\",\"name\":\"Atec Pool\",\"description\":\"Pool \u00b7 Sauna \u00b7 Wellness\",\"publisher\":{\"@id\":\"https:\\\/\\\/www.atecpool.ch\\\/de\\\/#organization\"},\"potentialAction\":[{\"@type\":\"SearchAction\",\"target\":{\"@type\":\"EntryPoint\",\"urlTemplate\":\"https:\\\/\\\/www.atecpool.ch\\\/de\\\/?s={search_term_string}\"},\"query-input\":{\"@type\":\"PropertyValueSpecification\",\"valueRequired\":true,\"valueName\":\"search_term_string\"}}],\"inLanguage\":\"de-DE\"},{\"@type\":[\"Organization\",\"Place\"],\"@id\":\"https:\\\/\\\/www.atecpool.ch\\\/de\\\/#organization\",\"name\":\"Atec Pool\",\"url\":\"https:\\\/\\\/www.atecpool.ch\\\/de\\\/\",\"logo\":{\"@id\":\"https:\\\/\\\/www.atecpool.ch\\\/de\\\/aufstellbecken3\\\/spatium-pools\\\/#local-main-organization-logo\"},\"image\":{\"@id\":\"https:\\\/\\\/www.atecpool.ch\\\/de\\\/aufstellbecken3\\\/spatium-pools\\\/#local-main-organization-logo\"},\"sameAs\":[\"https:\\\/\\\/www.facebook.com\\\/atecpool.ch\\\/\",\"https:\\\/\\\/www.instagram.com\\\/atecpool_ch\\\/\"],\"address\":{\"@id\":\"https:\\\/\\\/www.atecpool.ch\\\/de\\\/aufstellbecken3\\\/spatium-pools\\\/#local-main-place-address\"},\"telephone\":[\"+41 91 980 33 93\"],\"openingHoursSpecification\":[{\"@type\":\"OpeningHoursSpecification\",\"dayOfWeek\":[\"Monday\",\"Tuesday\",\"Wednesday\",\"Thursday\",\"Friday\",\"Saturday\",\"Sunday\"],\"opens\":\"09:00\",\"closes\":\"17:00\"}],\"email\":\"info@atecpool.ch\"},{\"@type\":\"PostalAddress\",\"@id\":\"https:\\\/\\\/www.atecpool.ch\\\/de\\\/aufstellbecken3\\\/spatium-pools\\\/#local-main-place-address\",\"streetAddress\":\"Via Cantonale 5\",\"addressLocality\":\"Grancia\",\"postalCode\":\"6916\",\"addressCountry\":\"CH\"},{\"@type\":\"ImageObject\",\"inLanguage\":\"de-DE\",\"@id\":\"https:\\\/\\\/www.atecpool.ch\\\/de\\\/aufstellbecken3\\\/spatium-pools\\\/#local-main-organization-logo\",\"url\":\"https:\\\/\\\/www.atecpool.ch\\\/wp-content\\\/uploads\\\/2020\\\/09\\\/atec_logo.png\",\"contentUrl\":\"https:\\\/\\\/www.atecpool.ch\\\/wp-content\\\/uploads\\\/2020\\\/09\\\/atec_logo.png\",\"width\":500,\"height\":145,\"caption\":\"Atec Pool\"}]}<\/script>\n<meta name=\"geo.placename\" content=\"Grancia\" \/>\n<meta name=\"geo.region\" content=\"Schweiz\" \/>\n<!-- \/ Yoast SEO Premium plugin. -->","yoast_head_json":{"title":"Spatium-Pools - Atec Pool Unsere Spatium-Pools","description":"Entdecken Sie unsere Spatium Aufstellbecken 100% made in Italyl! Verschiedene Modelle f\u00fcr jedes Vorhaben. Kontaktieren Sie uns f\u00fcr Fragen!","robots":{"index":"index","follow":"follow","max-snippet":"max-snippet:-1","max-image-preview":"max-image-preview:large","max-video-preview":"max-video-preview:-1"},"canonical":"https:\/\/www.atecpool.ch\/de\/aufstellbecken3\/spatium-pools\/","og_locale":"de_DE","og_type":"article","og_title":"Spatium-Pools","og_description":"Entdecken Sie unsere Spatium Aufstellbecken 100% made in Italyl! Verschiedene Modelle f\u00fcr jedes Vorhaben. Kontaktieren Sie uns f\u00fcr Fragen!","og_url":"https:\/\/www.atecpool.ch\/de\/aufstellbecken3\/spatium-pools\/","og_site_name":"Atec Pool","article_publisher":"https:\/\/www.facebook.com\/atecpool.ch\/","article_modified_time":"2025-09-29T09:31:31+00:00","twitter_card":"summary_large_image","twitter_misc":{"Gesch\u00e4tzte Lesezeit":"3 minutes"},"schema":{"@context":"https:\/\/schema.org","@graph":[{"@type":"WebPage","@id":"https:\/\/www.atecpool.ch\/de\/aufstellbecken3\/spatium-pools\/","url":"https:\/\/www.atecpool.ch\/de\/aufstellbecken3\/spatium-pools\/","name":"Spatium-Pools - Atec Pool Unsere Spatium-Pools","isPartOf":{"@id":"https:\/\/www.atecpool.ch\/de\/#website"},"datePublished":"2023-02-22T07:35:04+00:00","dateModified":"2025-09-29T09:31:31+00:00","description":"Entdecken Sie unsere Spatium Aufstellbecken 100% made in Italyl! Verschiedene Modelle f\u00fcr jedes Vorhaben. Kontaktieren Sie uns f\u00fcr Fragen!","breadcrumb":{"@id":"https:\/\/www.atecpool.ch\/de\/aufstellbecken3\/spatium-pools\/#breadcrumb"},"inLanguage":"de-DE","potentialAction":[{"@type":"ReadAction","target":["https:\/\/www.atecpool.ch\/de\/aufstellbecken3\/spatium-pools\/"]}]},{"@type":"BreadcrumbList","@id":"https:\/\/www.atecpool.ch\/de\/aufstellbecken3\/spatium-pools\/#breadcrumb","itemListElement":[{"@type":"ListItem","position":1,"name":"Home","item":"https:\/\/www.atecpool.ch\/de\/home\/"},{"@type":"ListItem","position":2,"name":"Aufstellbecken","item":"https:\/\/www.atecpool.ch\/de\/piscine-fuori-terra\/"},{"@type":"ListItem","position":3,"name":"Spatium-Pools"}]},{"@type":"WebSite","@id":"https:\/\/www.atecpool.ch\/de\/#website","url":"https:\/\/www.atecpool.ch\/de\/","name":"Atec Pool","description":"Pool \u00b7 Sauna \u00b7 Wellness","publisher":{"@id":"https:\/\/www.atecpool.ch\/de\/#organization"},"potentialAction":[{"@type":"SearchAction","target":{"@type":"EntryPoint","urlTemplate":"https:\/\/www.atecpool.ch\/de\/?s={search_term_string}"},"query-input":{"@type":"PropertyValueSpecification","valueRequired":true,"valueName":"search_term_string"}}],"inLanguage":"de-DE"},{"@type":["Organization","Place"],"@id":"https:\/\/www.atecpool.ch\/de\/#organization","name":"Atec Pool","url":"https:\/\/www.atecpool.ch\/de\/","logo":{"@id":"https:\/\/www.atecpool.ch\/de\/aufstellbecken3\/spatium-pools\/#local-main-organization-logo"},"image":{"@id":"https:\/\/www.atecpool.ch\/de\/aufstellbecken3\/spatium-pools\/#local-main-organization-logo"},"sameAs":["https:\/\/www.facebook.com\/atecpool.ch\/","https:\/\/www.instagram.com\/atecpool_ch\/"],"address":{"@id":"https:\/\/www.atecpool.ch\/de\/aufstellbecken3\/spatium-pools\/#local-main-place-address"},"telephone":["+41 91 980 33 93"],"openingHoursSpecification":[{"@type":"OpeningHoursSpecification","dayOfWeek":["Monday","Tuesday","Wednesday","Thursday","Friday","Saturday","Sunday"],"opens":"09:00","closes":"17:00"}],"email":"info@atecpool.ch"},{"@type":"PostalAddress","@id":"https:\/\/www.atecpool.ch\/de\/aufstellbecken3\/spatium-pools\/#local-main-place-address","streetAddress":"Via Cantonale 5","addressLocality":"Grancia","postalCode":"6916","addressCountry":"CH"},{"@type":"ImageObject","inLanguage":"de-DE","@id":"https:\/\/www.atecpool.ch\/de\/aufstellbecken3\/spatium-pools\/#local-main-organization-logo","url":"https:\/\/www.atecpool.ch\/wp-content\/uploads\/2020\/09\/atec_logo.png","contentUrl":"https:\/\/www.atecpool.ch\/wp-content\/uploads\/2020\/09\/atec_logo.png","width":500,"height":145,"caption":"Atec Pool"}]},"geo.placename":"Grancia","geo.region":"Schweiz"},"_links":{"self":[{"href":"https:\/\/www.atecpool.ch\/de\/wp-json\/wp\/v2\/pages\/28505","targetHints":{"allow":["GET"]}}],"collection":[{"href":"https:\/\/www.atecpool.ch\/de\/wp-json\/wp\/v2\/pages"}],"about":[{"href":"https:\/\/www.atecpool.ch\/de\/wp-json\/wp\/v2\/types\/page"}],"author":[{"embeddable":true,"href":"https:\/\/www.atecpool.ch\/de\/wp-json\/wp\/v2\/users\/4"}],"replies":[{"embeddable":true,"href":"https:\/\/www.atecpool.ch\/de\/wp-json\/wp\/v2\/comments?post=28505"}],"version-history":[{"count":4,"href":"https:\/\/www.atecpool.ch\/de\/wp-json\/wp\/v2\/pages\/28505\/revisions"}],"predecessor-version":[{"id":35809,"href":"https:\/\/www.atecpool.ch\/de\/wp-json\/wp\/v2\/pages\/28505\/revisions\/35809"}],"up":[{"embeddable":true,"href":"https:\/\/www.atecpool.ch\/de\/wp-json\/wp\/v2\/pages\/15224"}],"wp:attachment":[{"href":"https:\/\/www.atecpool.ch\/de\/wp-json\/wp\/v2\/media?parent=28505"}],"curies":[{"name":"wp","href":"https:\/\/api.w.org\/{rel}","templated":true}]}}