{"id":24842,"date":"2022-01-13T08:45:03","date_gmt":"2022-01-13T07:45:03","guid":{"rendered":"https:\/\/www.atecpool.ch\/?p=24842"},"modified":"2025-02-20T08:34:44","modified_gmt":"2025-02-20T07:34:44","slug":"kabine-radiant-1","status":"publish","type":"page","link":"https:\/\/www.atecpool.ch\/de\/lugano-saunen-innensauna-infrarotkabinen-ticino\/infrarotkabinen-kanton-tessin\/kabine-radiant-1\/","title":{"rendered":"Kabine Radiant 2"},"content":{"rendered":"<div class=\"wpb-content-wrapper\"><p>[vc_row bg_type=&#8221;bg_color&#8221; bg_color_value=&#8221;#ffffff&#8221; css=&#8221;.vc_custom_1639739483920{background-color: #ffffff !important;}&#8221;][vc_column width=&#8221;2\/3&#8243; css=&#8221;.vc_custom_1639738698568{background-color: #ffffff !important;}&#8221;][vc_single_image image=&#8221;25520&#8243; img_size=&#8221;full&#8221; alignment=&#8221;center&#8221;][\/vc_column][vc_column width=&#8221;1\/3&#8243;][vc_text_separator title=&#8221;Beschreibung Radiant 2&#8243; border_width=&#8221;8&#8243;][vc_column_text css=&#8221;&#8221;]<\/p>\n<div class=\"flex max-w-full flex-col flex-grow\">\n<div class=\"min-h-8 text-message flex w-full flex-col items-end gap-2 whitespace-normal break-words text-start [.text-message+&amp;]:mt-5\" dir=\"auto\" data-message-author-role=\"assistant\" data-message-id=\"d583e73f-2d89-4688-90cc-6793b84d194b\" data-message-model-slug=\"gpt-4o\">\n<div class=\"flex w-full flex-col gap-1 empty:hidden first:pt-[3px]\">\n<div class=\"markdown prose w-full break-words dark:prose-invert light\">\n<p data-start=\"0\" data-end=\"77\"><strong data-start=\"0\" data-end=\"75\">Infrarotkabine Radiant 2 \u2013 Wohlbefinden und Entspannung f\u00fcr Ihr Zuhause<\/strong><\/p>\n<p data-start=\"79\" data-end=\"406\">Entdecken Sie die <strong data-start=\"97\" data-end=\"125\">Infrarotkabine Radiant 2<\/strong>, die f\u00fcr ein einzigartiges Wellness-Erlebnis direkt bei Ihnen zu Hause konzipiert wurde. Dank der <strong data-start=\"224\" data-end=\"265\">ECO Full-Spectrum-Infrarottechnologie<\/strong> sorgt diese Kabine f\u00fcr eine <strong data-start=\"294\" data-end=\"327\">tiefe, gleichm\u00e4\u00dfige Erw\u00e4rmung<\/strong>, die die Muskelentspannung f\u00f6rdert und das allgemeine Wohlbefinden steigert.<\/p>\n<ul data-start=\"408\" data-end=\"671\">\n<li data-start=\"408\" data-end=\"471\"><strong data-start=\"410\" data-end=\"443\">Kompaktes und modernes Design<\/strong>, ideal f\u00fcr jeden Wohnraum<\/li>\n<li data-start=\"472\" data-end=\"547\"><strong data-start=\"474\" data-end=\"508\">Full-Spectrum-Infrarotstrahler<\/strong> f\u00fcr eine angenehme, wohltuende W\u00e4rme<\/li>\n<li data-start=\"548\" data-end=\"629\"><strong data-start=\"550\" data-end=\"577\">Hochwertige Materialien<\/strong> f\u00fcr Langlebigkeit und ein optimales Saunaerlebnis<\/li>\n<li data-start=\"630\" data-end=\"671\"><strong data-start=\"632\" data-end=\"669\">Einfache Installation und Wartung<\/strong><\/li>\n<\/ul>\n<p data-start=\"673\" data-end=\"883\">Perfekt f\u00fcr alle, die sich eine <strong data-start=\"705\" data-end=\"734\">pers\u00f6nliche Wellness-Oase<\/strong> zu Hause schaffen m\u00f6chten. Die <strong data-start=\"766\" data-end=\"779\">Radiant 2<\/strong> vereint <strong data-start=\"788\" data-end=\"822\">Effizienz, Eleganz und Komfort<\/strong> \u2013 lassen Sie sich von der regenerierenden W\u00e4rme verw\u00f6hnen!<\/p>\n<p data-start=\"885\" data-end=\"948\" data-is-last-node=\"\"><strong data-start=\"885\" data-end=\"904\">AUSGESCHLOSSEN:<\/strong><br data-start=\"904\" data-end=\"907\" \/>Transport ab CH-6916 Grancia und Montage.<\/p>\n<\/div>\n<\/div>\n<\/div>\n<\/div>\n<p>[\/vc_column_text][\/vc_column][\/vc_row][vc_row full_width=&#8221;stretch_row_content_no_spaces&#8221; equal_height=&#8221;yes&#8221; bg_type=&#8221;bg_color&#8221; css=&#8221;.vc_custom_1642932606799{margin-top: -30px !important;margin-right: -30px !important;margin-bottom: -30px !important;margin-left: -30px !important;padding-top: -30px !important;padding-right: 0px !important;padding-bottom: -30px !important;padding-left: 0px !important;background-color: #000000 !important;}&#8221; bg_color_value=&#8221;#000000&#8243;][vc_column width=&#8221;1\/3&#8243; css=&#8221;.vc_custom_1619092092236{background-position: center !important;background-repeat: no-repeat !important;background-size: contain !important;border-radius: 10px !important;}&#8221;][vc_custom_heading text=&#8221;Masse:&#8221; font_container=&#8221;tag:h4|font_size:14|text_align:center|color:%23ffffff&#8221; use_theme_fonts=&#8221;yes&#8221;][vc_custom_heading text=&#8221;1200 x 1050 x 1910 mm&#8221; font_container=&#8221;tag:h4|font_size:18|text_align:center|color:%23ffffff&#8221; use_theme_fonts=&#8221;yes&#8221;][\/vc_column][vc_column width=&#8221;1\/3&#8243;][vc_custom_heading text=&#8221;INFRAROTKABINE RADIANT 2&#8243; font_container=&#8221;tag:h2|font_size:32|text_align:center|color:%23ffffff&#8221; use_theme_fonts=&#8221;yes&#8221;][\/vc_column][vc_column width=&#8221;1\/3&#8243;][vc_custom_heading text=&#8221;Montageanleitung&#8221; font_container=&#8221;tag:h4|font_size:14|text_align:center|color:%23ffffff&#8221; use_theme_fonts=&#8221;yes&#8221;][vc_single_image image=&#8221;22637&#8243; alignment=&#8221;center&#8221; onclick=&#8221;custom_link&#8221; img_link_target=&#8221;_blank&#8221; link=&#8221;https:\/\/www.atecpool.ch\/wp-content\/uploads\/2022\/01\/RadiantBR_FISVENDERUFRET_led.pdf&#8221;][\/vc_column][\/vc_row][vc_row content_placement=&#8221;middle&#8221;][vc_column width=&#8221;1\/3&#8243;][vc_gallery type=&#8221;flexslider_slide&#8221; interval=&#8221;3&#8243; images=&#8221;25520,24854,25522&#8243; img_size=&#8221;medium&#8221; css=&#8221;&#8221;][\/vc_column][vc_column width=&#8221;1\/3&#8243;][\/vc_column][vc_column width=&#8221;1\/3&#8243;][vc_btn title=&#8221;Anfrage Informationen&#8221; color=&#8221;blue&#8221; size=&#8221;lg&#8221; i_align=&#8221;right&#8221; i_icon_fontawesome=&#8221;fas fa-info&#8221; add_icon=&#8221;true&#8221; link=&#8221;url:https%3A%2F%2Fwww.atecpool.ch%2Fform-view%2F7|target:_blank|&#8221;][\/vc_column][\/vc_row][vc_row][vc_column][\/vc_column][\/vc_row]<\/p>\n<\/div>","protected":false},"excerpt":{"rendered":"<p>[vc_row bg_type=&#8221;bg_color&#8221; bg_color_value=&#8221;#ffffff&#8221; css=&#8221;.vc_custom_1639739483920{background-color: #ffffff !important;}&#8221;][vc_column width=&#8221;2\/3&#8243; css=&#8221;.vc_custom_1639738698568{background-color: #ffffff !important;}&#8221;][vc_single_image image=&#8221;25520&#8243; img_size=&#8221;full&#8221; alignment=&#8221;center&#8221;][\/vc_column][vc_column width=&#8221;1\/3&#8243;][vc_text_separator title=&#8221;Beschreibung Radiant 2&#8243; border_width=&#8221;8&#8243;][vc_column_text css=&#8221;&#8221;] Infrarotkabine Radiant 2 \u2013 Wohlbefinden und Entspannung<span class=\"excerpt-hellip\"> [\u2026]<\/span><\/p>\n","protected":false},"author":4,"featured_media":17532,"parent":24836,"menu_order":0,"comment_status":"open","ping_status":"closed","template":"","meta":{"footnotes":""},"class_list":["post-24842","page","type-page","status-publish","has-post-thumbnail","hentry"],"yoast_head":"<!-- This site is optimized with the Yoast SEO Premium plugin v26.2 (Yoast SEO v27.4) - https:\/\/yoast.com\/product\/yoast-seo-premium-wordpress\/ -->\n<title>Kabine Radiant 2 - Atec Pool<\/title>\n<meta name=\"description\" content=\"Entdecke die Infrarotkabine Radiant 2 mit Full-Spectrum-Technologie f\u00fcr eine tiefenwirksame und entspannende W\u00e4rmeerfahrung.\" \/>\n<meta name=\"robots\" content=\"index, follow, max-snippet:-1, max-image-preview:large, max-video-preview:-1\" \/>\n<link rel=\"canonical\" href=\"https:\/\/www.atecpool.ch\/de\/lugano-saunen-innensauna-infrarotkabinen-ticino\/infrarotkabinen-kanton-tessin\/kabine-radiant-1\/\" \/>\n<meta property=\"og:locale\" content=\"de_DE\" \/>\n<meta property=\"og:type\" content=\"article\" \/>\n<meta property=\"og:title\" content=\"Kabine Radiant 2\" \/>\n<meta property=\"og:description\" content=\"Entdecke die Infrarotkabine Radiant 2 mit Full-Spectrum-Technologie f\u00fcr eine tiefenwirksame und entspannende W\u00e4rmeerfahrung.\" \/>\n<meta property=\"og:url\" content=\"https:\/\/www.atecpool.ch\/de\/lugano-saunen-innensauna-infrarotkabinen-ticino\/infrarotkabinen-kanton-tessin\/kabine-radiant-1\/\" \/>\n<meta property=\"og:site_name\" content=\"Atec Pool\" \/>\n<meta property=\"article:publisher\" content=\"https:\/\/www.facebook.com\/atecpool.ch\/\" \/>\n<meta property=\"article:published_time\" content=\"2022-01-13T07:45:03+00:00\" \/>\n<meta property=\"article:modified_time\" content=\"2025-02-20T07:34:44+00:00\" \/>\n<meta name=\"author\" content=\"Manuela Mazzei\" \/>\n<meta name=\"twitter:card\" content=\"summary_large_image\" \/>\n<meta name=\"twitter:label1\" content=\"Verfasst von\" \/>\n\t<meta name=\"twitter:data1\" content=\"Manuela Mazzei\" \/>\n\t<meta name=\"twitter:label2\" content=\"Gesch\u00e4tzte Lesezeit\" \/>\n\t<meta name=\"twitter:data2\" content=\"2 minutes\" \/>\n<script type=\"application\/ld+json\" class=\"yoast-schema-graph\">{\"@context\":\"https:\\\/\\\/schema.org\",\"@graph\":[{\"@type\":\"Article\",\"@id\":\"https:\\\/\\\/www.atecpool.ch\\\/de\\\/lugano-saunen-innensauna-infrarotkabinen-ticino\\\/infrarotkabinen-kanton-tessin\\\/kabine-radiant-1\\\/#article\",\"isPartOf\":{\"@id\":\"https:\\\/\\\/www.atecpool.ch\\\/de\\\/lugano-saunen-innensauna-infrarotkabinen-ticino\\\/infrarotkabinen-kanton-tessin\\\/kabine-radiant-1\\\/\"},\"author\":{\"name\":\"Manuela Mazzei\",\"@id\":\"https:\\\/\\\/www.atecpool.ch\\\/de\\\/#\\\/schema\\\/person\\\/bab471f75448eaf13ba2f71f379f30b6\"},\"headline\":\"Kabine Radiant 2\",\"datePublished\":\"2022-01-13T07:45:03+00:00\",\"dateModified\":\"2025-02-20T07:34:44+00:00\",\"mainEntityOfPage\":{\"@id\":\"https:\\\/\\\/www.atecpool.ch\\\/de\\\/lugano-saunen-innensauna-infrarotkabinen-ticino\\\/infrarotkabinen-kanton-tessin\\\/kabine-radiant-1\\\/\"},\"wordCount\":447,\"commentCount\":0,\"publisher\":{\"@id\":\"https:\\\/\\\/www.atecpool.ch\\\/de\\\/#organization\"},\"image\":{\"@id\":\"https:\\\/\\\/www.atecpool.ch\\\/de\\\/lugano-saunen-innensauna-infrarotkabinen-ticino\\\/infrarotkabinen-kanton-tessin\\\/kabine-radiant-1\\\/#primaryimage\"},\"thumbnailUrl\":\"https:\\\/\\\/www.atecpool.ch\\\/wp-content\\\/uploads\\\/2020\\\/11\\\/Radiant-2-1.jpg\",\"keywords\":[\"benessere a infrarossi\",\"box a infrarossi Radiant 2\",\"cabina a infrarossi Radiant 2\",\"cabina relax a infrarossi\",\"cabina sauna a infrarossi\",\"cabina wellness a infrarossi\",\"sauna a infrarossi\",\"sauna compatta a infrarossi\",\"sistema di riscaldamento a infrarossi\",\"tecnologia Full Spectrum\",\"Wohlbefinden mit Infrarot\"],\"articleSection\":[\"Indoor-Saunakabinen\"],\"inLanguage\":\"de-DE\",\"potentialAction\":[{\"@type\":\"CommentAction\",\"name\":\"Comment\",\"target\":[\"https:\\\/\\\/www.atecpool.ch\\\/de\\\/lugano-saunen-innensauna-infrarotkabinen-ticino\\\/infrarotkabinen-kanton-tessin\\\/kabine-radiant-1\\\/#respond\"]}]},{\"@type\":\"WebPage\",\"@id\":\"https:\\\/\\\/www.atecpool.ch\\\/de\\\/lugano-saunen-innensauna-infrarotkabinen-ticino\\\/infrarotkabinen-kanton-tessin\\\/kabine-radiant-1\\\/\",\"url\":\"https:\\\/\\\/www.atecpool.ch\\\/de\\\/lugano-saunen-innensauna-infrarotkabinen-ticino\\\/infrarotkabinen-kanton-tessin\\\/kabine-radiant-1\\\/\",\"name\":\"Kabine Radiant 2 - Atec Pool\",\"isPartOf\":{\"@id\":\"https:\\\/\\\/www.atecpool.ch\\\/de\\\/#website\"},\"primaryImageOfPage\":{\"@id\":\"https:\\\/\\\/www.atecpool.ch\\\/de\\\/lugano-saunen-innensauna-infrarotkabinen-ticino\\\/infrarotkabinen-kanton-tessin\\\/kabine-radiant-1\\\/#primaryimage\"},\"image\":{\"@id\":\"https:\\\/\\\/www.atecpool.ch\\\/de\\\/lugano-saunen-innensauna-infrarotkabinen-ticino\\\/infrarotkabinen-kanton-tessin\\\/kabine-radiant-1\\\/#primaryimage\"},\"thumbnailUrl\":\"https:\\\/\\\/www.atecpool.ch\\\/wp-content\\\/uploads\\\/2020\\\/11\\\/Radiant-2-1.jpg\",\"datePublished\":\"2022-01-13T07:45:03+00:00\",\"dateModified\":\"2025-02-20T07:34:44+00:00\",\"description\":\"Entdecke die Infrarotkabine Radiant 2 mit Full-Spectrum-Technologie f\u00fcr eine tiefenwirksame und entspannende W\u00e4rmeerfahrung.\",\"breadcrumb\":{\"@id\":\"https:\\\/\\\/www.atecpool.ch\\\/de\\\/lugano-saunen-innensauna-infrarotkabinen-ticino\\\/infrarotkabinen-kanton-tessin\\\/kabine-radiant-1\\\/#breadcrumb\"},\"inLanguage\":\"de-DE\",\"potentialAction\":[{\"@type\":\"ReadAction\",\"target\":[\"https:\\\/\\\/www.atecpool.ch\\\/de\\\/lugano-saunen-innensauna-infrarotkabinen-ticino\\\/infrarotkabinen-kanton-tessin\\\/kabine-radiant-1\\\/\"]}]},{\"@type\":\"ImageObject\",\"inLanguage\":\"de-DE\",\"@id\":\"https:\\\/\\\/www.atecpool.ch\\\/de\\\/lugano-saunen-innensauna-infrarotkabinen-ticino\\\/infrarotkabinen-kanton-tessin\\\/kabine-radiant-1\\\/#primaryimage\",\"url\":\"https:\\\/\\\/www.atecpool.ch\\\/wp-content\\\/uploads\\\/2020\\\/11\\\/Radiant-2-1.jpg\",\"contentUrl\":\"https:\\\/\\\/www.atecpool.ch\\\/wp-content\\\/uploads\\\/2020\\\/11\\\/Radiant-2-1.jpg\",\"width\":447,\"height\":447,\"caption\":\"Rilassante sauna in legno con porta di vetro, ideale per il benessere domestico e relax.\"},{\"@type\":\"BreadcrumbList\",\"@id\":\"https:\\\/\\\/www.atecpool.ch\\\/de\\\/lugano-saunen-innensauna-infrarotkabinen-ticino\\\/infrarotkabinen-kanton-tessin\\\/kabine-radiant-1\\\/#breadcrumb\",\"itemListElement\":[{\"@type\":\"ListItem\",\"position\":1,\"name\":\"Home\",\"item\":\"https:\\\/\\\/www.atecpool.ch\\\/de\\\/home\\\/\"},{\"@type\":\"ListItem\",\"position\":2,\"name\":\"Indoor-Saunakabinen\",\"item\":\"https:\\\/\\\/www.atecpool.ch\\\/de\\\/category\\\/indoor-saunakabinen\\\/\"},{\"@type\":\"ListItem\",\"position\":3,\"name\":\"Kabine Radiant 2\"}]},{\"@type\":\"WebSite\",\"@id\":\"https:\\\/\\\/www.atecpool.ch\\\/de\\\/#website\",\"url\":\"https:\\\/\\\/www.atecpool.ch\\\/de\\\/\",\"name\":\"Atec Pool\",\"description\":\"Pool \u00b7 Sauna \u00b7 Wellness\",\"publisher\":{\"@id\":\"https:\\\/\\\/www.atecpool.ch\\\/de\\\/#organization\"},\"potentialAction\":[{\"@type\":\"SearchAction\",\"target\":{\"@type\":\"EntryPoint\",\"urlTemplate\":\"https:\\\/\\\/www.atecpool.ch\\\/de\\\/?s={search_term_string}\"},\"query-input\":{\"@type\":\"PropertyValueSpecification\",\"valueRequired\":true,\"valueName\":\"search_term_string\"}}],\"inLanguage\":\"de-DE\"},{\"@type\":[\"Organization\",\"Place\"],\"@id\":\"https:\\\/\\\/www.atecpool.ch\\\/de\\\/#organization\",\"name\":\"Atec Pool\",\"url\":\"https:\\\/\\\/www.atecpool.ch\\\/de\\\/\",\"logo\":{\"@id\":\"https:\\\/\\\/www.atecpool.ch\\\/de\\\/lugano-saunen-innensauna-infrarotkabinen-ticino\\\/infrarotkabinen-kanton-tessin\\\/kabine-radiant-1\\\/#local-main-organization-logo\"},\"image\":{\"@id\":\"https:\\\/\\\/www.atecpool.ch\\\/de\\\/lugano-saunen-innensauna-infrarotkabinen-ticino\\\/infrarotkabinen-kanton-tessin\\\/kabine-radiant-1\\\/#local-main-organization-logo\"},\"sameAs\":[\"https:\\\/\\\/www.facebook.com\\\/atecpool.ch\\\/\",\"https:\\\/\\\/www.instagram.com\\\/atecpool_ch\\\/\"],\"address\":{\"@id\":\"https:\\\/\\\/www.atecpool.ch\\\/de\\\/lugano-saunen-innensauna-infrarotkabinen-ticino\\\/infrarotkabinen-kanton-tessin\\\/kabine-radiant-1\\\/#local-main-place-address\"},\"telephone\":[\"+41 91 980 33 93\"],\"openingHoursSpecification\":[{\"@type\":\"OpeningHoursSpecification\",\"dayOfWeek\":[\"Monday\",\"Tuesday\",\"Wednesday\",\"Thursday\",\"Friday\",\"Saturday\",\"Sunday\"],\"opens\":\"09:00\",\"closes\":\"17:00\"}],\"email\":\"info@atecpool.ch\"},{\"@type\":\"Person\",\"@id\":\"https:\\\/\\\/www.atecpool.ch\\\/de\\\/#\\\/schema\\\/person\\\/bab471f75448eaf13ba2f71f379f30b6\",\"name\":\"Manuela Mazzei\",\"image\":{\"@type\":\"ImageObject\",\"inLanguage\":\"de-DE\",\"@id\":\"https:\\\/\\\/secure.gravatar.com\\\/avatar\\\/53ea9223c86eb34c12c3f5e70f91aabdd8fc45557d2b307be82536e6776fefde?s=96&d=mm&r=g\",\"url\":\"https:\\\/\\\/secure.gravatar.com\\\/avatar\\\/53ea9223c86eb34c12c3f5e70f91aabdd8fc45557d2b307be82536e6776fefde?s=96&d=mm&r=g\",\"contentUrl\":\"https:\\\/\\\/secure.gravatar.com\\\/avatar\\\/53ea9223c86eb34c12c3f5e70f91aabdd8fc45557d2b307be82536e6776fefde?s=96&d=mm&r=g\",\"caption\":\"Manuela Mazzei\"},\"sameAs\":[\"https:\\\/\\\/www.atecpool.ch\"]},{\"@type\":\"PostalAddress\",\"@id\":\"https:\\\/\\\/www.atecpool.ch\\\/de\\\/lugano-saunen-innensauna-infrarotkabinen-ticino\\\/infrarotkabinen-kanton-tessin\\\/kabine-radiant-1\\\/#local-main-place-address\",\"streetAddress\":\"Via Cantonale 5\",\"addressLocality\":\"Grancia\",\"postalCode\":\"6916\",\"addressCountry\":\"CH\"},{\"@type\":\"ImageObject\",\"inLanguage\":\"de-DE\",\"@id\":\"https:\\\/\\\/www.atecpool.ch\\\/de\\\/lugano-saunen-innensauna-infrarotkabinen-ticino\\\/infrarotkabinen-kanton-tessin\\\/kabine-radiant-1\\\/#local-main-organization-logo\",\"url\":\"https:\\\/\\\/www.atecpool.ch\\\/wp-content\\\/uploads\\\/2020\\\/09\\\/atec_logo.png\",\"contentUrl\":\"https:\\\/\\\/www.atecpool.ch\\\/wp-content\\\/uploads\\\/2020\\\/09\\\/atec_logo.png\",\"width\":500,\"height\":145,\"caption\":\"Atec Pool\"}]}<\/script>\n<meta name=\"geo.placename\" content=\"Grancia\" \/>\n<meta name=\"geo.region\" content=\"Schweiz\" \/>\n<!-- \/ Yoast SEO Premium plugin. -->","yoast_head_json":{"title":"Kabine Radiant 2 - Atec Pool","description":"Entdecke die Infrarotkabine Radiant 2 mit Full-Spectrum-Technologie f\u00fcr eine tiefenwirksame und entspannende W\u00e4rmeerfahrung.","robots":{"index":"index","follow":"follow","max-snippet":"max-snippet:-1","max-image-preview":"max-image-preview:large","max-video-preview":"max-video-preview:-1"},"canonical":"https:\/\/www.atecpool.ch\/de\/lugano-saunen-innensauna-infrarotkabinen-ticino\/infrarotkabinen-kanton-tessin\/kabine-radiant-1\/","og_locale":"de_DE","og_type":"article","og_title":"Kabine Radiant 2","og_description":"Entdecke die Infrarotkabine Radiant 2 mit Full-Spectrum-Technologie f\u00fcr eine tiefenwirksame und entspannende W\u00e4rmeerfahrung.","og_url":"https:\/\/www.atecpool.ch\/de\/lugano-saunen-innensauna-infrarotkabinen-ticino\/infrarotkabinen-kanton-tessin\/kabine-radiant-1\/","og_site_name":"Atec Pool","article_publisher":"https:\/\/www.facebook.com\/atecpool.ch\/","article_published_time":"2022-01-13T07:45:03+00:00","article_modified_time":"2025-02-20T07:34:44+00:00","author":"Manuela Mazzei","twitter_card":"summary_large_image","twitter_misc":{"Verfasst von":"Manuela Mazzei","Gesch\u00e4tzte Lesezeit":"2 minutes"},"schema":{"@context":"https:\/\/schema.org","@graph":[{"@type":"Article","@id":"https:\/\/www.atecpool.ch\/de\/lugano-saunen-innensauna-infrarotkabinen-ticino\/infrarotkabinen-kanton-tessin\/kabine-radiant-1\/#article","isPartOf":{"@id":"https:\/\/www.atecpool.ch\/de\/lugano-saunen-innensauna-infrarotkabinen-ticino\/infrarotkabinen-kanton-tessin\/kabine-radiant-1\/"},"author":{"name":"Manuela Mazzei","@id":"https:\/\/www.atecpool.ch\/de\/#\/schema\/person\/bab471f75448eaf13ba2f71f379f30b6"},"headline":"Kabine Radiant 2","datePublished":"2022-01-13T07:45:03+00:00","dateModified":"2025-02-20T07:34:44+00:00","mainEntityOfPage":{"@id":"https:\/\/www.atecpool.ch\/de\/lugano-saunen-innensauna-infrarotkabinen-ticino\/infrarotkabinen-kanton-tessin\/kabine-radiant-1\/"},"wordCount":447,"commentCount":0,"publisher":{"@id":"https:\/\/www.atecpool.ch\/de\/#organization"},"image":{"@id":"https:\/\/www.atecpool.ch\/de\/lugano-saunen-innensauna-infrarotkabinen-ticino\/infrarotkabinen-kanton-tessin\/kabine-radiant-1\/#primaryimage"},"thumbnailUrl":"https:\/\/www.atecpool.ch\/wp-content\/uploads\/2020\/11\/Radiant-2-1.jpg","keywords":["benessere a infrarossi","box a infrarossi Radiant 2","cabina a infrarossi Radiant 2","cabina relax a infrarossi","cabina sauna a infrarossi","cabina wellness a infrarossi","sauna a infrarossi","sauna compatta a infrarossi","sistema di riscaldamento a infrarossi","tecnologia Full Spectrum","Wohlbefinden mit Infrarot"],"articleSection":["Indoor-Saunakabinen"],"inLanguage":"de-DE","potentialAction":[{"@type":"CommentAction","name":"Comment","target":["https:\/\/www.atecpool.ch\/de\/lugano-saunen-innensauna-infrarotkabinen-ticino\/infrarotkabinen-kanton-tessin\/kabine-radiant-1\/#respond"]}]},{"@type":"WebPage","@id":"https:\/\/www.atecpool.ch\/de\/lugano-saunen-innensauna-infrarotkabinen-ticino\/infrarotkabinen-kanton-tessin\/kabine-radiant-1\/","url":"https:\/\/www.atecpool.ch\/de\/lugano-saunen-innensauna-infrarotkabinen-ticino\/infrarotkabinen-kanton-tessin\/kabine-radiant-1\/","name":"Kabine Radiant 2 - Atec Pool","isPartOf":{"@id":"https:\/\/www.atecpool.ch\/de\/#website"},"primaryImageOfPage":{"@id":"https:\/\/www.atecpool.ch\/de\/lugano-saunen-innensauna-infrarotkabinen-ticino\/infrarotkabinen-kanton-tessin\/kabine-radiant-1\/#primaryimage"},"image":{"@id":"https:\/\/www.atecpool.ch\/de\/lugano-saunen-innensauna-infrarotkabinen-ticino\/infrarotkabinen-kanton-tessin\/kabine-radiant-1\/#primaryimage"},"thumbnailUrl":"https:\/\/www.atecpool.ch\/wp-content\/uploads\/2020\/11\/Radiant-2-1.jpg","datePublished":"2022-01-13T07:45:03+00:00","dateModified":"2025-02-20T07:34:44+00:00","description":"Entdecke die Infrarotkabine Radiant 2 mit Full-Spectrum-Technologie f\u00fcr eine tiefenwirksame und entspannende W\u00e4rmeerfahrung.","breadcrumb":{"@id":"https:\/\/www.atecpool.ch\/de\/lugano-saunen-innensauna-infrarotkabinen-ticino\/infrarotkabinen-kanton-tessin\/kabine-radiant-1\/#breadcrumb"},"inLanguage":"de-DE","potentialAction":[{"@type":"ReadAction","target":["https:\/\/www.atecpool.ch\/de\/lugano-saunen-innensauna-infrarotkabinen-ticino\/infrarotkabinen-kanton-tessin\/kabine-radiant-1\/"]}]},{"@type":"ImageObject","inLanguage":"de-DE","@id":"https:\/\/www.atecpool.ch\/de\/lugano-saunen-innensauna-infrarotkabinen-ticino\/infrarotkabinen-kanton-tessin\/kabine-radiant-1\/#primaryimage","url":"https:\/\/www.atecpool.ch\/wp-content\/uploads\/2020\/11\/Radiant-2-1.jpg","contentUrl":"https:\/\/www.atecpool.ch\/wp-content\/uploads\/2020\/11\/Radiant-2-1.jpg","width":447,"height":447,"caption":"Rilassante sauna in legno con porta di vetro, ideale per il benessere domestico e relax."},{"@type":"BreadcrumbList","@id":"https:\/\/www.atecpool.ch\/de\/lugano-saunen-innensauna-infrarotkabinen-ticino\/infrarotkabinen-kanton-tessin\/kabine-radiant-1\/#breadcrumb","itemListElement":[{"@type":"ListItem","position":1,"name":"Home","item":"https:\/\/www.atecpool.ch\/de\/home\/"},{"@type":"ListItem","position":2,"name":"Indoor-Saunakabinen","item":"https:\/\/www.atecpool.ch\/de\/category\/indoor-saunakabinen\/"},{"@type":"ListItem","position":3,"name":"Kabine Radiant 2"}]},{"@type":"WebSite","@id":"https:\/\/www.atecpool.ch\/de\/#website","url":"https:\/\/www.atecpool.ch\/de\/","name":"Atec Pool","description":"Pool \u00b7 Sauna \u00b7 Wellness","publisher":{"@id":"https:\/\/www.atecpool.ch\/de\/#organization"},"potentialAction":[{"@type":"SearchAction","target":{"@type":"EntryPoint","urlTemplate":"https:\/\/www.atecpool.ch\/de\/?s={search_term_string}"},"query-input":{"@type":"PropertyValueSpecification","valueRequired":true,"valueName":"search_term_string"}}],"inLanguage":"de-DE"},{"@type":["Organization","Place"],"@id":"https:\/\/www.atecpool.ch\/de\/#organization","name":"Atec Pool","url":"https:\/\/www.atecpool.ch\/de\/","logo":{"@id":"https:\/\/www.atecpool.ch\/de\/lugano-saunen-innensauna-infrarotkabinen-ticino\/infrarotkabinen-kanton-tessin\/kabine-radiant-1\/#local-main-organization-logo"},"image":{"@id":"https:\/\/www.atecpool.ch\/de\/lugano-saunen-innensauna-infrarotkabinen-ticino\/infrarotkabinen-kanton-tessin\/kabine-radiant-1\/#local-main-organization-logo"},"sameAs":["https:\/\/www.facebook.com\/atecpool.ch\/","https:\/\/www.instagram.com\/atecpool_ch\/"],"address":{"@id":"https:\/\/www.atecpool.ch\/de\/lugano-saunen-innensauna-infrarotkabinen-ticino\/infrarotkabinen-kanton-tessin\/kabine-radiant-1\/#local-main-place-address"},"telephone":["+41 91 980 33 93"],"openingHoursSpecification":[{"@type":"OpeningHoursSpecification","dayOfWeek":["Monday","Tuesday","Wednesday","Thursday","Friday","Saturday","Sunday"],"opens":"09:00","closes":"17:00"}],"email":"info@atecpool.ch"},{"@type":"Person","@id":"https:\/\/www.atecpool.ch\/de\/#\/schema\/person\/bab471f75448eaf13ba2f71f379f30b6","name":"Manuela Mazzei","image":{"@type":"ImageObject","inLanguage":"de-DE","@id":"https:\/\/secure.gravatar.com\/avatar\/53ea9223c86eb34c12c3f5e70f91aabdd8fc45557d2b307be82536e6776fefde?s=96&d=mm&r=g","url":"https:\/\/secure.gravatar.com\/avatar\/53ea9223c86eb34c12c3f5e70f91aabdd8fc45557d2b307be82536e6776fefde?s=96&d=mm&r=g","contentUrl":"https:\/\/secure.gravatar.com\/avatar\/53ea9223c86eb34c12c3f5e70f91aabdd8fc45557d2b307be82536e6776fefde?s=96&d=mm&r=g","caption":"Manuela Mazzei"},"sameAs":["https:\/\/www.atecpool.ch"]},{"@type":"PostalAddress","@id":"https:\/\/www.atecpool.ch\/de\/lugano-saunen-innensauna-infrarotkabinen-ticino\/infrarotkabinen-kanton-tessin\/kabine-radiant-1\/#local-main-place-address","streetAddress":"Via Cantonale 5","addressLocality":"Grancia","postalCode":"6916","addressCountry":"CH"},{"@type":"ImageObject","inLanguage":"de-DE","@id":"https:\/\/www.atecpool.ch\/de\/lugano-saunen-innensauna-infrarotkabinen-ticino\/infrarotkabinen-kanton-tessin\/kabine-radiant-1\/#local-main-organization-logo","url":"https:\/\/www.atecpool.ch\/wp-content\/uploads\/2020\/09\/atec_logo.png","contentUrl":"https:\/\/www.atecpool.ch\/wp-content\/uploads\/2020\/09\/atec_logo.png","width":500,"height":145,"caption":"Atec Pool"}]},"geo.placename":"Grancia","geo.region":"Schweiz"},"_links":{"self":[{"href":"https:\/\/www.atecpool.ch\/de\/wp-json\/wp\/v2\/pages\/24842","targetHints":{"allow":["GET"]}}],"collection":[{"href":"https:\/\/www.atecpool.ch\/de\/wp-json\/wp\/v2\/pages"}],"about":[{"href":"https:\/\/www.atecpool.ch\/de\/wp-json\/wp\/v2\/types\/page"}],"author":[{"embeddable":true,"href":"https:\/\/www.atecpool.ch\/de\/wp-json\/wp\/v2\/users\/4"}],"replies":[{"embeddable":true,"href":"https:\/\/www.atecpool.ch\/de\/wp-json\/wp\/v2\/comments?post=24842"}],"version-history":[{"count":0,"href":"https:\/\/www.atecpool.ch\/de\/wp-json\/wp\/v2\/pages\/24842\/revisions"}],"up":[{"embeddable":true,"href":"https:\/\/www.atecpool.ch\/de\/wp-json\/wp\/v2\/pages\/24836"}],"wp:featuredmedia":[{"embeddable":true,"href":"https:\/\/www.atecpool.ch\/de\/wp-json\/wp\/v2\/media\/17532"}],"wp:attachment":[{"href":"https:\/\/www.atecpool.ch\/de\/wp-json\/wp\/v2\/media?parent=24842"}],"curies":[{"name":"wp","href":"https:\/\/api.w.org\/{rel}","templated":true}]}}