{"id":23996,"date":"2022-01-04T17:12:25","date_gmt":"2022-01-04T16:12:25","guid":{"rendered":"https:\/\/www.atecpool.ch\/?p=23996"},"modified":"2025-03-03T13:13:03","modified_gmt":"2025-03-03T12:13:03","slug":"saunakabine-family-l","status":"publish","type":"page","link":"https:\/\/www.atecpool.ch\/de\/saunakabine-family-l\/","title":{"rendered":"Sauna Family L"},"content":{"rendered":"<div class=\"wpb-content-wrapper\"><p>[vc_row bg_type=&#8221;bg_color&#8221; bg_color_value=&#8221;#ffffff&#8221; css=&#8221;.vc_custom_1639739483920{background-color: #ffffff !important;}&#8221;][vc_column width=&#8221;2\/3&#8243; css=&#8221;.vc_custom_1639738698568{background-color: #ffffff !important;}&#8221;][vc_single_image image=&#8221;31173&#8243; img_size=&#8221;full&#8221; alignment=&#8221;center&#8221; css=&#8221;&#8221;][\/vc_column][vc_column width=&#8221;1\/3&#8243;][vc_text_separator title=&#8221;Beschreibung Family L&#8221; border_width=&#8221;8&#8243; css=&#8221;&#8221;][vc_column_text css=&#8221;&#8221;]<strong>Gr\u00f6sse: <\/strong>196 x 189 x 204 cm<\/p>\n<ul>\n<li>Kabine aus massiver Fichte<\/li>\n<li>T\u00fcre aus 8 mm ESG Klarglas<\/li>\n<li>2 Glaselemente aus 8 mm ESG Klarglas<\/li>\n<li>T\u00fcrgriff Holz Linde\/Holz schwarz<\/li>\n<li>3 B\u00e4nke 570 mm breit<\/li>\n<li>1 Kopfst\u00fctze<\/li>\n<li>1 integr. RGBW-LED (wei\u00df) in Dachauflageleiste<\/li>\n<\/ul>\n<p><strong>Preis franko CH-6916 Grancia<\/strong><\/p>\n<p><strong><br \/>\nOPTIONAL:<\/strong><\/p>\n<ul>\n<li>Montage auf Anfrage<\/li>\n<li>LED Set f\u00fcr Farblicht<\/li>\n<li>Ofen<\/li>\n<li>Infrarotstrahler<\/li>\n<li>Steuerung<\/li>\n<li>Sauna-Set (Eimer, Sch\u00f6pfkelle, Hygrometer und Thermometer)<\/li>\n<\/ul>\n<p>&nbsp;[\/vc_column_text][\/vc_column][\/vc_row][vc_row full_width=&#8221;stretch_row&#8221; equal_height=&#8221;yes&#8221; bg_type=&#8221;bg_color&#8221; css=&#8221;.vc_custom_1639738837108{margin-top: -30px !important;margin-right: -30px !important;margin-bottom: -30px !important;margin-left: -30px !important;padding-top: -30px !important;padding-right: 0px !important;padding-bottom: -30px !important;padding-left: 0px !important;background-color: #ffffff !important;}&#8221; bg_color_value=&#8221;#000000&#8243;][vc_column width=&#8221;1\/3&#8243; css=&#8221;.vc_custom_1619092092236{background-position: center !important;background-repeat: no-repeat !important;background-size: contain !important;border-radius: 10px !important;}&#8221;][vc_custom_heading text=&#8221;Masse:&#8221; font_container=&#8221;tag:h4|font_size:14|text_align:center|color:%23ffffff&#8221; use_theme_fonts=&#8221;yes&#8221;][vc_custom_heading text=&#8221;1960 x 1890 x 2040 mm&#8221; font_container=&#8221;tag:h4|font_size:18|text_align:center|color:%23ffffff&#8221; use_theme_fonts=&#8221;yes&#8221; css=&#8221;&#8221;][\/vc_column][vc_column width=&#8221;1\/3&#8243;][vc_custom_heading text=&#8221;SAUNA FAMILY L&#8221; font_container=&#8221;tag:h2|font_size:32|text_align:center|color:%23ffffff&#8221; use_theme_fonts=&#8221;yes&#8221; css=&#8221;&#8221;][\/vc_column][vc_column width=&#8221;1\/3&#8243;][vc_custom_heading text=&#8221;Montageanleitung&#8221; font_container=&#8221;tag:h4|font_size:14|text_align:center|color:%23ffffff&#8221; use_theme_fonts=&#8221;yes&#8221; css=&#8221;&#8221; link=&#8221;url:https%3A%2F%2Fwww.atecpool.ch%2Fwp-content%2Fuploads%2F2024%2F10%2FFamily_02-24_EN-DE-FR-IT.pdf|target:_blank|&#8221;][vc_single_image image=&#8221;20321&#8243; img_size=&#8221;medium&#8221; alignment=&#8221;center&#8221; onclick=&#8221;custom_link&#8221; link=&#8221;https:\/\/www.atecpool.ch\/wp-content\/uploads\/2022\/01\/sentiotec_polaris_large_13_eng.pdf&#8221;][\/vc_column][\/vc_row][vc_row content_placement=&#8221;middle&#8221;][vc_column width=&#8221;1\/3&#8243;][vc_gallery type=&#8221;flexslider_slide&#8221; interval=&#8221;3&#8243; images=&#8221;31051,31055,31053&#8243; img_size=&#8221;medium&#8221; css=&#8221;&#8221;][\/vc_column][vc_column width=&#8221;1\/3&#8243;][\/vc_column][vc_column width=&#8221;1\/3&#8243;][vc_btn title=&#8221;Anfrage Informationen&#8221; color=&#8221;blue&#8221; size=&#8221;lg&#8221; i_align=&#8221;right&#8221; i_icon_fontawesome=&#8221;fas fa-info&#8221; add_icon=&#8221;true&#8221; link=&#8221;url:https%3A%2F%2Fwww.atecpool.ch%2Fform-view%2F7|target:_blank|&#8221;][\/vc_column][\/vc_row][vc_row][vc_column][\/vc_column][\/vc_row]<\/p>\n<\/div>","protected":false},"excerpt":{"rendered":"<p>[vc_row bg_type=&#8221;bg_color&#8221; bg_color_value=&#8221;#ffffff&#8221; css=&#8221;.vc_custom_1639739483920{background-color: #ffffff !important;}&#8221;][vc_column width=&#8221;2\/3&#8243; css=&#8221;.vc_custom_1639738698568{background-color: #ffffff !important;}&#8221;][vc_single_image image=&#8221;31173&#8243; img_size=&#8221;full&#8221; alignment=&#8221;center&#8221; css=&#8221;&#8221;][\/vc_column][vc_column width=&#8221;1\/3&#8243;][vc_text_separator title=&#8221;Beschreibung Family L&#8221; border_width=&#8221;8&#8243; css=&#8221;&#8221;][vc_column_text css=&#8221;&#8221;]Gr\u00f6sse: 196 x 189 x 204<span class=\"excerpt-hellip\"> [\u2026]<\/span><\/p>\n","protected":false},"author":4,"featured_media":0,"parent":0,"menu_order":0,"comment_status":"open","ping_status":"closed","template":"","meta":{"footnotes":""},"class_list":["post-23996","page","type-page","status-publish","hentry"],"yoast_head":"<!-- This site is optimized with the Yoast SEO Premium plugin v26.2 (Yoast SEO v27.4) - https:\/\/yoast.com\/product\/yoast-seo-premium-wordpress\/ -->\n<title>Sauna Family L - Atec Pool<\/title>\n<meta name=\"description\" content=\"Genie\u00dfe Entspannung in einer gem\u00fctlichen und privaten Atmosph\u00e4re mit der Sauna Family L. Perfekt f\u00fcr die ganze Familie \u2013 mit h\u00f6chstem Komfort, Wohlbefinden und Premium-Qualit\u00e4t\" \/>\n<meta name=\"robots\" content=\"index, follow, max-snippet:-1, max-image-preview:large, max-video-preview:-1\" \/>\n<link rel=\"canonical\" href=\"https:\/\/www.atecpool.ch\/de\/saunakabine-family-l\/\" \/>\n<meta property=\"og:locale\" content=\"de_DE\" \/>\n<meta property=\"og:type\" content=\"article\" \/>\n<meta property=\"og:title\" content=\"Sauna Family L\" \/>\n<meta property=\"og:description\" content=\"Genie\u00dfe Entspannung in einer gem\u00fctlichen und privaten Atmosph\u00e4re mit der Sauna Family L. Perfekt f\u00fcr die ganze Familie \u2013 mit h\u00f6chstem Komfort, Wohlbefinden und Premium-Qualit\u00e4t\" \/>\n<meta property=\"og:url\" content=\"https:\/\/www.atecpool.ch\/de\/saunakabine-family-l\/\" \/>\n<meta property=\"og:site_name\" content=\"Atec Pool\" \/>\n<meta property=\"article:publisher\" content=\"https:\/\/www.facebook.com\/atecpool.ch\/\" \/>\n<meta property=\"article:published_time\" content=\"2022-01-04T16:12:25+00:00\" \/>\n<meta property=\"article:modified_time\" content=\"2025-03-03T12:13:03+00:00\" \/>\n<meta name=\"author\" content=\"Manuela Mazzei\" \/>\n<meta name=\"twitter:card\" content=\"summary_large_image\" \/>\n<meta name=\"twitter:label1\" content=\"Verfasst von\" \/>\n\t<meta name=\"twitter:data1\" content=\"Manuela Mazzei\" \/>\n\t<meta name=\"twitter:label2\" content=\"Gesch\u00e4tzte Lesezeit\" \/>\n\t<meta name=\"twitter:data2\" content=\"2 minutes\" \/>\n<script type=\"application\/ld+json\" class=\"yoast-schema-graph\">{\"@context\":\"https:\\\/\\\/schema.org\",\"@graph\":[{\"@type\":\"Article\",\"@id\":\"https:\\\/\\\/www.atecpool.ch\\\/de\\\/saunakabine-family-l\\\/#article\",\"isPartOf\":{\"@id\":\"https:\\\/\\\/www.atecpool.ch\\\/de\\\/saunakabine-family-l\\\/\"},\"author\":{\"name\":\"Manuela Mazzei\",\"@id\":\"https:\\\/\\\/www.atecpool.ch\\\/de\\\/#\\\/schema\\\/person\\\/bab471f75448eaf13ba2f71f379f30b6\"},\"headline\":\"Sauna Family L\",\"datePublished\":\"2022-01-04T16:12:25+00:00\",\"dateModified\":\"2025-03-03T12:13:03+00:00\",\"mainEntityOfPage\":{\"@id\":\"https:\\\/\\\/www.atecpool.ch\\\/de\\\/saunakabine-family-l\\\/\"},\"wordCount\":411,\"commentCount\":0,\"publisher\":{\"@id\":\"https:\\\/\\\/www.atecpool.ch\\\/de\\\/#organization\"},\"articleSection\":[\"Indoor-Saunakabinen\"],\"inLanguage\":\"de-DE\",\"potentialAction\":[{\"@type\":\"CommentAction\",\"name\":\"Comment\",\"target\":[\"https:\\\/\\\/www.atecpool.ch\\\/de\\\/saunakabine-family-l\\\/#respond\"]}]},{\"@type\":\"WebPage\",\"@id\":\"https:\\\/\\\/www.atecpool.ch\\\/de\\\/saunakabine-family-l\\\/\",\"url\":\"https:\\\/\\\/www.atecpool.ch\\\/de\\\/saunakabine-family-l\\\/\",\"name\":\"Sauna Family L - Atec Pool\",\"isPartOf\":{\"@id\":\"https:\\\/\\\/www.atecpool.ch\\\/de\\\/#website\"},\"datePublished\":\"2022-01-04T16:12:25+00:00\",\"dateModified\":\"2025-03-03T12:13:03+00:00\",\"description\":\"Genie\u00dfe Entspannung in einer gem\u00fctlichen und privaten Atmosph\u00e4re mit der Sauna Family L. Perfekt f\u00fcr die ganze Familie \u2013 mit h\u00f6chstem Komfort, Wohlbefinden und Premium-Qualit\u00e4t\",\"breadcrumb\":{\"@id\":\"https:\\\/\\\/www.atecpool.ch\\\/de\\\/saunakabine-family-l\\\/#breadcrumb\"},\"inLanguage\":\"de-DE\",\"potentialAction\":[{\"@type\":\"ReadAction\",\"target\":[\"https:\\\/\\\/www.atecpool.ch\\\/de\\\/saunakabine-family-l\\\/\"]}]},{\"@type\":\"BreadcrumbList\",\"@id\":\"https:\\\/\\\/www.atecpool.ch\\\/de\\\/saunakabine-family-l\\\/#breadcrumb\",\"itemListElement\":[{\"@type\":\"ListItem\",\"position\":1,\"name\":\"Home\",\"item\":\"https:\\\/\\\/www.atecpool.ch\\\/de\\\/home\\\/\"},{\"@type\":\"ListItem\",\"position\":2,\"name\":\"Indoor-Saunakabinen\",\"item\":\"https:\\\/\\\/www.atecpool.ch\\\/de\\\/category\\\/indoor-saunakabinen\\\/\"},{\"@type\":\"ListItem\",\"position\":3,\"name\":\"Sauna Family L\"}]},{\"@type\":\"WebSite\",\"@id\":\"https:\\\/\\\/www.atecpool.ch\\\/de\\\/#website\",\"url\":\"https:\\\/\\\/www.atecpool.ch\\\/de\\\/\",\"name\":\"Atec Pool\",\"description\":\"Pool \u00b7 Sauna \u00b7 Wellness\",\"publisher\":{\"@id\":\"https:\\\/\\\/www.atecpool.ch\\\/de\\\/#organization\"},\"potentialAction\":[{\"@type\":\"SearchAction\",\"target\":{\"@type\":\"EntryPoint\",\"urlTemplate\":\"https:\\\/\\\/www.atecpool.ch\\\/de\\\/?s={search_term_string}\"},\"query-input\":{\"@type\":\"PropertyValueSpecification\",\"valueRequired\":true,\"valueName\":\"search_term_string\"}}],\"inLanguage\":\"de-DE\"},{\"@type\":[\"Organization\",\"Place\"],\"@id\":\"https:\\\/\\\/www.atecpool.ch\\\/de\\\/#organization\",\"name\":\"Atec Pool\",\"url\":\"https:\\\/\\\/www.atecpool.ch\\\/de\\\/\",\"logo\":{\"@id\":\"https:\\\/\\\/www.atecpool.ch\\\/de\\\/saunakabine-family-l\\\/#local-main-organization-logo\"},\"image\":{\"@id\":\"https:\\\/\\\/www.atecpool.ch\\\/de\\\/saunakabine-family-l\\\/#local-main-organization-logo\"},\"sameAs\":[\"https:\\\/\\\/www.facebook.com\\\/atecpool.ch\\\/\",\"https:\\\/\\\/www.instagram.com\\\/atecpool_ch\\\/\"],\"address\":{\"@id\":\"https:\\\/\\\/www.atecpool.ch\\\/de\\\/saunakabine-family-l\\\/#local-main-place-address\"},\"telephone\":[\"+41 91 980 33 93\"],\"openingHoursSpecification\":[{\"@type\":\"OpeningHoursSpecification\",\"dayOfWeek\":[\"Monday\",\"Tuesday\",\"Wednesday\",\"Thursday\",\"Friday\",\"Saturday\",\"Sunday\"],\"opens\":\"09:00\",\"closes\":\"17:00\"}],\"email\":\"info@atecpool.ch\"},{\"@type\":\"Person\",\"@id\":\"https:\\\/\\\/www.atecpool.ch\\\/de\\\/#\\\/schema\\\/person\\\/bab471f75448eaf13ba2f71f379f30b6\",\"name\":\"Manuela Mazzei\",\"image\":{\"@type\":\"ImageObject\",\"inLanguage\":\"de-DE\",\"@id\":\"https:\\\/\\\/secure.gravatar.com\\\/avatar\\\/53ea9223c86eb34c12c3f5e70f91aabdd8fc45557d2b307be82536e6776fefde?s=96&d=mm&r=g\",\"url\":\"https:\\\/\\\/secure.gravatar.com\\\/avatar\\\/53ea9223c86eb34c12c3f5e70f91aabdd8fc45557d2b307be82536e6776fefde?s=96&d=mm&r=g\",\"contentUrl\":\"https:\\\/\\\/secure.gravatar.com\\\/avatar\\\/53ea9223c86eb34c12c3f5e70f91aabdd8fc45557d2b307be82536e6776fefde?s=96&d=mm&r=g\",\"caption\":\"Manuela Mazzei\"},\"sameAs\":[\"https:\\\/\\\/www.atecpool.ch\"]},{\"@type\":\"PostalAddress\",\"@id\":\"https:\\\/\\\/www.atecpool.ch\\\/de\\\/saunakabine-family-l\\\/#local-main-place-address\",\"streetAddress\":\"Via Cantonale 5\",\"addressLocality\":\"Grancia\",\"postalCode\":\"6916\",\"addressCountry\":\"CH\"},{\"@type\":\"ImageObject\",\"inLanguage\":\"de-DE\",\"@id\":\"https:\\\/\\\/www.atecpool.ch\\\/de\\\/saunakabine-family-l\\\/#local-main-organization-logo\",\"url\":\"https:\\\/\\\/www.atecpool.ch\\\/wp-content\\\/uploads\\\/2020\\\/09\\\/atec_logo.png\",\"contentUrl\":\"https:\\\/\\\/www.atecpool.ch\\\/wp-content\\\/uploads\\\/2020\\\/09\\\/atec_logo.png\",\"width\":500,\"height\":145,\"caption\":\"Atec Pool\"}]}<\/script>\n<meta name=\"geo.placename\" content=\"Grancia\" \/>\n<meta name=\"geo.region\" content=\"Schweiz\" \/>\n<!-- \/ Yoast SEO Premium plugin. -->","yoast_head_json":{"title":"Sauna Family L - Atec Pool","description":"Genie\u00dfe Entspannung in einer gem\u00fctlichen und privaten Atmosph\u00e4re mit der Sauna Family L. Perfekt f\u00fcr die ganze Familie \u2013 mit h\u00f6chstem Komfort, Wohlbefinden und Premium-Qualit\u00e4t","robots":{"index":"index","follow":"follow","max-snippet":"max-snippet:-1","max-image-preview":"max-image-preview:large","max-video-preview":"max-video-preview:-1"},"canonical":"https:\/\/www.atecpool.ch\/de\/saunakabine-family-l\/","og_locale":"de_DE","og_type":"article","og_title":"Sauna Family L","og_description":"Genie\u00dfe Entspannung in einer gem\u00fctlichen und privaten Atmosph\u00e4re mit der Sauna Family L. Perfekt f\u00fcr die ganze Familie \u2013 mit h\u00f6chstem Komfort, Wohlbefinden und Premium-Qualit\u00e4t","og_url":"https:\/\/www.atecpool.ch\/de\/saunakabine-family-l\/","og_site_name":"Atec Pool","article_publisher":"https:\/\/www.facebook.com\/atecpool.ch\/","article_published_time":"2022-01-04T16:12:25+00:00","article_modified_time":"2025-03-03T12:13:03+00:00","author":"Manuela Mazzei","twitter_card":"summary_large_image","twitter_misc":{"Verfasst von":"Manuela Mazzei","Gesch\u00e4tzte Lesezeit":"2 minutes"},"schema":{"@context":"https:\/\/schema.org","@graph":[{"@type":"Article","@id":"https:\/\/www.atecpool.ch\/de\/saunakabine-family-l\/#article","isPartOf":{"@id":"https:\/\/www.atecpool.ch\/de\/saunakabine-family-l\/"},"author":{"name":"Manuela Mazzei","@id":"https:\/\/www.atecpool.ch\/de\/#\/schema\/person\/bab471f75448eaf13ba2f71f379f30b6"},"headline":"Sauna Family L","datePublished":"2022-01-04T16:12:25+00:00","dateModified":"2025-03-03T12:13:03+00:00","mainEntityOfPage":{"@id":"https:\/\/www.atecpool.ch\/de\/saunakabine-family-l\/"},"wordCount":411,"commentCount":0,"publisher":{"@id":"https:\/\/www.atecpool.ch\/de\/#organization"},"articleSection":["Indoor-Saunakabinen"],"inLanguage":"de-DE","potentialAction":[{"@type":"CommentAction","name":"Comment","target":["https:\/\/www.atecpool.ch\/de\/saunakabine-family-l\/#respond"]}]},{"@type":"WebPage","@id":"https:\/\/www.atecpool.ch\/de\/saunakabine-family-l\/","url":"https:\/\/www.atecpool.ch\/de\/saunakabine-family-l\/","name":"Sauna Family L - Atec Pool","isPartOf":{"@id":"https:\/\/www.atecpool.ch\/de\/#website"},"datePublished":"2022-01-04T16:12:25+00:00","dateModified":"2025-03-03T12:13:03+00:00","description":"Genie\u00dfe Entspannung in einer gem\u00fctlichen und privaten Atmosph\u00e4re mit der Sauna Family L. Perfekt f\u00fcr die ganze Familie \u2013 mit h\u00f6chstem Komfort, Wohlbefinden und Premium-Qualit\u00e4t","breadcrumb":{"@id":"https:\/\/www.atecpool.ch\/de\/saunakabine-family-l\/#breadcrumb"},"inLanguage":"de-DE","potentialAction":[{"@type":"ReadAction","target":["https:\/\/www.atecpool.ch\/de\/saunakabine-family-l\/"]}]},{"@type":"BreadcrumbList","@id":"https:\/\/www.atecpool.ch\/de\/saunakabine-family-l\/#breadcrumb","itemListElement":[{"@type":"ListItem","position":1,"name":"Home","item":"https:\/\/www.atecpool.ch\/de\/home\/"},{"@type":"ListItem","position":2,"name":"Indoor-Saunakabinen","item":"https:\/\/www.atecpool.ch\/de\/category\/indoor-saunakabinen\/"},{"@type":"ListItem","position":3,"name":"Sauna Family L"}]},{"@type":"WebSite","@id":"https:\/\/www.atecpool.ch\/de\/#website","url":"https:\/\/www.atecpool.ch\/de\/","name":"Atec Pool","description":"Pool \u00b7 Sauna \u00b7 Wellness","publisher":{"@id":"https:\/\/www.atecpool.ch\/de\/#organization"},"potentialAction":[{"@type":"SearchAction","target":{"@type":"EntryPoint","urlTemplate":"https:\/\/www.atecpool.ch\/de\/?s={search_term_string}"},"query-input":{"@type":"PropertyValueSpecification","valueRequired":true,"valueName":"search_term_string"}}],"inLanguage":"de-DE"},{"@type":["Organization","Place"],"@id":"https:\/\/www.atecpool.ch\/de\/#organization","name":"Atec Pool","url":"https:\/\/www.atecpool.ch\/de\/","logo":{"@id":"https:\/\/www.atecpool.ch\/de\/saunakabine-family-l\/#local-main-organization-logo"},"image":{"@id":"https:\/\/www.atecpool.ch\/de\/saunakabine-family-l\/#local-main-organization-logo"},"sameAs":["https:\/\/www.facebook.com\/atecpool.ch\/","https:\/\/www.instagram.com\/atecpool_ch\/"],"address":{"@id":"https:\/\/www.atecpool.ch\/de\/saunakabine-family-l\/#local-main-place-address"},"telephone":["+41 91 980 33 93"],"openingHoursSpecification":[{"@type":"OpeningHoursSpecification","dayOfWeek":["Monday","Tuesday","Wednesday","Thursday","Friday","Saturday","Sunday"],"opens":"09:00","closes":"17:00"}],"email":"info@atecpool.ch"},{"@type":"Person","@id":"https:\/\/www.atecpool.ch\/de\/#\/schema\/person\/bab471f75448eaf13ba2f71f379f30b6","name":"Manuela Mazzei","image":{"@type":"ImageObject","inLanguage":"de-DE","@id":"https:\/\/secure.gravatar.com\/avatar\/53ea9223c86eb34c12c3f5e70f91aabdd8fc45557d2b307be82536e6776fefde?s=96&d=mm&r=g","url":"https:\/\/secure.gravatar.com\/avatar\/53ea9223c86eb34c12c3f5e70f91aabdd8fc45557d2b307be82536e6776fefde?s=96&d=mm&r=g","contentUrl":"https:\/\/secure.gravatar.com\/avatar\/53ea9223c86eb34c12c3f5e70f91aabdd8fc45557d2b307be82536e6776fefde?s=96&d=mm&r=g","caption":"Manuela Mazzei"},"sameAs":["https:\/\/www.atecpool.ch"]},{"@type":"PostalAddress","@id":"https:\/\/www.atecpool.ch\/de\/saunakabine-family-l\/#local-main-place-address","streetAddress":"Via Cantonale 5","addressLocality":"Grancia","postalCode":"6916","addressCountry":"CH"},{"@type":"ImageObject","inLanguage":"de-DE","@id":"https:\/\/www.atecpool.ch\/de\/saunakabine-family-l\/#local-main-organization-logo","url":"https:\/\/www.atecpool.ch\/wp-content\/uploads\/2020\/09\/atec_logo.png","contentUrl":"https:\/\/www.atecpool.ch\/wp-content\/uploads\/2020\/09\/atec_logo.png","width":500,"height":145,"caption":"Atec Pool"}]},"geo.placename":"Grancia","geo.region":"Schweiz"},"_links":{"self":[{"href":"https:\/\/www.atecpool.ch\/de\/wp-json\/wp\/v2\/pages\/23996","targetHints":{"allow":["GET"]}}],"collection":[{"href":"https:\/\/www.atecpool.ch\/de\/wp-json\/wp\/v2\/pages"}],"about":[{"href":"https:\/\/www.atecpool.ch\/de\/wp-json\/wp\/v2\/types\/page"}],"author":[{"embeddable":true,"href":"https:\/\/www.atecpool.ch\/de\/wp-json\/wp\/v2\/users\/4"}],"replies":[{"embeddable":true,"href":"https:\/\/www.atecpool.ch\/de\/wp-json\/wp\/v2\/comments?post=23996"}],"version-history":[{"count":0,"href":"https:\/\/www.atecpool.ch\/de\/wp-json\/wp\/v2\/pages\/23996\/revisions"}],"wp:attachment":[{"href":"https:\/\/www.atecpool.ch\/de\/wp-json\/wp\/v2\/media?parent=23996"}],"curies":[{"name":"wp","href":"https:\/\/api.w.org\/{rel}","templated":true}]}}