{"id":23871,"date":"2022-01-02T18:00:07","date_gmt":"2022-01-02T17:00:07","guid":{"rendered":"https:\/\/www.atecpool.ch\/?p=23871"},"modified":"2025-11-03T15:13:50","modified_gmt":"2025-11-03T14:13:50","slug":"saunakabine-lindea-view-small","status":"publish","type":"page","link":"https:\/\/www.atecpool.ch\/de\/lugano-saunen-innensauna-infrarotkabinen-ticino\/finnische-saunen-und-bio-saunen\/saunakabine-lindea-view-small\/","title":{"rendered":"Sauna Lindea View Small"},"content":{"rendered":"<div class=\"wpb-content-wrapper\"><p>[vc_row][vc_column][vc_custom_heading text=&#8221;Sauna Lindea View Small von Harvia \u2013 Kompaktes Design mit Glaswand und nordischem Komfort&#8221; font_container=&#8221;tag:h1|font_size:48|text_align:center|color:%23000000&#8243; use_theme_fonts=&#8221;yes&#8221; css=&#8221;.vc_custom_1762172695301{margin-top: 50px !important;margin-bottom: 50px !important;}&#8221;][\/vc_column][\/vc_row][vc_row bg_type=&#8221;bg_color&#8221; bg_color_value=&#8221;#ffffff&#8221; css=&#8221;.vc_custom_1639739483920{background-color: #ffffff !important;}&#8221;][vc_column width=&#8221;2\/3&#8243; css=&#8221;.vc_custom_1639738698568{background-color: #ffffff !important;}&#8221;][vc_single_image image=&#8221;36170&#8243; img_size=&#8221;full&#8221; alignment=&#8221;center&#8221; css=&#8221;&#8221;][\/vc_column][vc_column width=&#8221;1\/3&#8243;][vc_text_separator title=&#8221;Beschreibung Lindea View Small&#8221; border_width=&#8221;8&#8243;][vc_column_text css=&#8221;&#8221;]<strong>Ma\u00dfe: <\/strong>221 x 156,5 x 212,5 cm<\/p>\n<ul>\n<li>Elementkabine in Thermolinde (St\u00e4rke 70 mm)<\/li>\n<li>Wandverkleidung innen in Linde<\/li>\n<li>obere Bank 1900 x 620 mm mit verstellbarer R\u00fcckenlehne<\/li>\n<li>untere Bank 1900 x 410mm<\/li>\n<li>1 Kopfst\u00fctze<\/li>\n<li>Bodenrost<\/li>\n<li>Glast\u00fcr 628 x 1975 x 8mm<\/li>\n<li>3 Glaselemente 680 x 2006 x 8mm<\/li>\n<li>2 in die obere Bank eingebaute LEDs<\/li>\n<li>Ofen Concept R Mini 7,5 kW<\/li>\n<li>Ofensteine<\/li>\n<li>Saunasteuerung PRO D2<\/li>\n<\/ul>\n<p><strong>OPTIONAL:<\/strong><\/p>\n<ul>\n<li>Montage auf Anfrage<\/li>\n<li>Ofen mit Biosauna-Funktion<\/li>\n<li>Sauna-Set (Eimer, Sch\u00f6pfkelle, Hygrometer, Thermometer, Essenzen)<\/li>\n<\/ul>\n<p>[\/vc_column_text][\/vc_column][\/vc_row][vc_row][vc_column][vc_separator color=&#8221;black&#8221; css=&#8221;&#8221;][\/vc_column][\/vc_row][vc_section][vc_row][vc_column width=&#8221;3\/6&#8243;][vc_column_text css=&#8221;&#8221;]<\/p>\n<p data-start=\"570\" data-end=\"933\">Die <strong data-start=\"573\" data-end=\"610\">Sauna Lindea View Small von Harvia<\/strong> kombiniert elegantes Design und kompakte Abmessungen und bietet auch auf kleinem Raum den vollen Komfort einer professionellen Sauna.<br data-start=\"734\" data-end=\"737\">Gefertigt aus <strong data-start=\"751\" data-end=\"794\">nordischem Lindenholz oder Thermo-Linde<\/strong>, mit einer <strong data-start=\"800\" data-end=\"844\">gro\u00dfen Frontwand aus geh\u00e4rtetem Glas<\/strong>, schafft sie eine helle und einladende Atmosph\u00e4re, die jeden Wellness- oder Wohnbereich aufwertet.<\/p>\n<p data-start=\"935\" data-end=\"1257\">Die <strong data-start=\"938\" data-end=\"960\">ergonomischen B\u00e4nke<\/strong> aus Lindenholz, die <strong data-start=\"983\" data-end=\"1014\">integrierte LED-Beleuchtung<\/strong> unter der oberen Bank und die <strong data-start=\"1045\" data-end=\"1080\">perfekt isolierte Struktur<\/strong> sorgen f\u00fcr eine gleichm\u00e4\u00dfige W\u00e4rme und eine Atmosph\u00e4re der totalen Entspannung.<br data-start=\"1142\" data-end=\"1145\">Die Sauna ist f\u00fcr <strong data-start=\"1172\" data-end=\"1204\">Harvia-\u00d6fen mit ca. 7,5 kW<\/strong> ausgelegt, was eine schnelle und effiziente Erw\u00e4rmung gew\u00e4hrleistet.<\/p>\n<p data-start=\"1259\" data-end=\"1495\">Dank der <strong data-start=\"1271\" data-end=\"1297\">integrierten Bel\u00fcftung<\/strong>, des <strong data-start=\"1302\" data-end=\"1336\">Bodens mit Holzrost<\/strong> und der <strong data-start=\"1344\" data-end=\"1383\">8 mm Sicherheitsglast\u00fcr<\/strong> vereint Lindea View Small <strong data-start=\"1410\" data-end=\"1463\">Funktionalit\u00e4t, handwerkliche Qualit\u00e4t und modernen Stil<\/strong> in einer einzigen kompakten L\u00f6sung.<\/p>\n<p>[\/vc_column_text][\/vc_column][vc_column width=&#8221;2\/6&#8243;][vc_gallery interval=&#8221;3&#8243; images=&#8221;36201,36202&#8243; img_size=&#8221;full&#8221; css=&#8221;&#8221;][\/vc_column][vc_column width=&#8221;1\/6&#8243;][vc_single_image image=&#8221;20321&#8243; alignment=&#8221;center&#8221; onclick=&#8221;custom_link&#8221; img_link_target=&#8221;_blank&#8221; css=&#8221;&#8221; link=&#8221;https:\/\/www.atecpool.ch\/wp-content\/uploads\/2022\/01\/lindea-view-small_10-20_en-de-fr-it-pt.pdf&#8221; title=&#8221;Download Montageanleitung&#8221; el_class=&#8221;download-box&#8221;][\/vc_column][\/vc_row][\/vc_section][vc_row][vc_column][vc_separator color=&#8221;black&#8221; css=&#8221;&#8221;][\/vc_column][\/vc_row][vc_section][vc_row][vc_column][vc_btn title=&#8221;Anfrage Informationen&#8221; color=&#8221;juicy-pink&#8221; size=&#8221;lg&#8221; align=&#8221;center&#8221; css=&#8221;&#8221; link=&#8221;url:https%3A%2F%2Fwww.atecpool.ch%2Fform-view%2F7|target:_blank|&#8221;][\/vc_column][\/vc_row][\/vc_section]<\/p>\n<\/div>","protected":false},"excerpt":{"rendered":"<p>[vc_row][vc_column][vc_custom_heading text=&#8221;Sauna Lindea View Small von Harvia \u2013 Kompaktes Design mit Glaswand und nordischem Komfort&#8221; font_container=&#8221;tag:h1|font_size:48|text_align:center|color:%23000000&#8243; use_theme_fonts=&#8221;yes&#8221; css=&#8221;.vc_custom_1762172695301{margin-top: 50px !important;margin-bottom: 50px !important;}&#8221;][\/vc_column][\/vc_row][vc_row bg_type=&#8221;bg_color&#8221; bg_color_value=&#8221;#ffffff&#8221; css=&#8221;.vc_custom_1639739483920{background-color: #ffffff<span class=\"excerpt-hellip\"> [\u2026]<\/span><\/p>\n","protected":false},"author":4,"featured_media":36170,"parent":23166,"menu_order":0,"comment_status":"open","ping_status":"closed","template":"","meta":{"footnotes":""},"class_list":["post-23871","page","type-page","status-publish","has-post-thumbnail","hentry"],"yoast_head":"<!-- This site is optimized with the Yoast SEO Premium plugin v26.2 (Yoast SEO v27.4) - https:\/\/yoast.com\/product\/yoast-seo-premium-wordpress\/ -->\n<title>Sauna Lindea View Small - Atec Pool<\/title>\n<meta name=\"description\" content=\"Entdecken Sie die Sauna Harvia Lindea View Small: Struktur aus Lindenholz, Frontwand aus Glas, integrierte LED-Beleuchtung und kompaktes Design. Perfekt f\u00fcr jeden Wellnessbereich.\" \/>\n<meta name=\"robots\" content=\"index, follow, max-snippet:-1, max-image-preview:large, max-video-preview:-1\" \/>\n<link rel=\"canonical\" href=\"https:\/\/www.atecpool.ch\/de\/lugano-saunen-innensauna-infrarotkabinen-ticino\/finnische-saunen-und-bio-saunen\/saunakabine-lindea-view-small\/\" \/>\n<meta property=\"og:locale\" content=\"de_DE\" \/>\n<meta property=\"og:type\" content=\"article\" \/>\n<meta property=\"og:title\" content=\"Sauna Lindea View Small\" \/>\n<meta property=\"og:description\" content=\"Entdecken Sie die Sauna Harvia Lindea View Small: Struktur aus Lindenholz, Frontwand aus Glas, integrierte LED-Beleuchtung und kompaktes Design. Perfekt f\u00fcr jeden Wellnessbereich.\" \/>\n<meta property=\"og:url\" content=\"https:\/\/www.atecpool.ch\/de\/lugano-saunen-innensauna-infrarotkabinen-ticino\/finnische-saunen-und-bio-saunen\/saunakabine-lindea-view-small\/\" \/>\n<meta property=\"og:site_name\" content=\"Atec Pool\" \/>\n<meta property=\"article:publisher\" content=\"https:\/\/www.facebook.com\/atecpool.ch\/\" \/>\n<meta property=\"article:modified_time\" content=\"2025-11-03T14:13:50+00:00\" \/>\n<meta property=\"og:image\" content=\"https:\/\/www.atecpool.ch\/wp-content\/uploads\/2025\/11\/Lindea-View-Small-01.webp\" \/>\n\t<meta property=\"og:image:width\" content=\"1200\" \/>\n\t<meta property=\"og:image:height\" content=\"1200\" \/>\n\t<meta property=\"og:image:type\" content=\"image\/webp\" \/>\n<meta name=\"twitter:card\" content=\"summary_large_image\" \/>\n<meta name=\"twitter:label1\" content=\"Gesch\u00e4tzte Lesezeit\" \/>\n\t<meta name=\"twitter:data1\" content=\"2 minutes\" \/>\n<script type=\"application\/ld+json\" class=\"yoast-schema-graph\">{\"@context\":\"https:\\\/\\\/schema.org\",\"@graph\":[{\"@type\":\"WebPage\",\"@id\":\"https:\\\/\\\/www.atecpool.ch\\\/de\\\/lugano-saunen-innensauna-infrarotkabinen-ticino\\\/finnische-saunen-und-bio-saunen\\\/saunakabine-lindea-view-small\\\/\",\"url\":\"https:\\\/\\\/www.atecpool.ch\\\/de\\\/lugano-saunen-innensauna-infrarotkabinen-ticino\\\/finnische-saunen-und-bio-saunen\\\/saunakabine-lindea-view-small\\\/\",\"name\":\"Sauna Lindea View Small - Atec Pool\",\"isPartOf\":{\"@id\":\"https:\\\/\\\/www.atecpool.ch\\\/de\\\/#website\"},\"primaryImageOfPage\":{\"@id\":\"https:\\\/\\\/www.atecpool.ch\\\/de\\\/lugano-saunen-innensauna-infrarotkabinen-ticino\\\/finnische-saunen-und-bio-saunen\\\/saunakabine-lindea-view-small\\\/#primaryimage\"},\"image\":{\"@id\":\"https:\\\/\\\/www.atecpool.ch\\\/de\\\/lugano-saunen-innensauna-infrarotkabinen-ticino\\\/finnische-saunen-und-bio-saunen\\\/saunakabine-lindea-view-small\\\/#primaryimage\"},\"thumbnailUrl\":\"https:\\\/\\\/www.atecpool.ch\\\/wp-content\\\/uploads\\\/2025\\\/11\\\/Lindea-View-Small-01.webp\",\"datePublished\":\"2022-01-02T17:00:07+00:00\",\"dateModified\":\"2025-11-03T14:13:50+00:00\",\"description\":\"Entdecken Sie die Sauna Harvia Lindea View Small: Struktur aus Lindenholz, Frontwand aus Glas, integrierte LED-Beleuchtung und kompaktes Design. Perfekt f\u00fcr jeden Wellnessbereich.\",\"breadcrumb\":{\"@id\":\"https:\\\/\\\/www.atecpool.ch\\\/de\\\/lugano-saunen-innensauna-infrarotkabinen-ticino\\\/finnische-saunen-und-bio-saunen\\\/saunakabine-lindea-view-small\\\/#breadcrumb\"},\"inLanguage\":\"de-DE\",\"potentialAction\":[{\"@type\":\"ReadAction\",\"target\":[\"https:\\\/\\\/www.atecpool.ch\\\/de\\\/lugano-saunen-innensauna-infrarotkabinen-ticino\\\/finnische-saunen-und-bio-saunen\\\/saunakabine-lindea-view-small\\\/\"]}]},{\"@type\":\"ImageObject\",\"inLanguage\":\"de-DE\",\"@id\":\"https:\\\/\\\/www.atecpool.ch\\\/de\\\/lugano-saunen-innensauna-infrarotkabinen-ticino\\\/finnische-saunen-und-bio-saunen\\\/saunakabine-lindea-view-small\\\/#primaryimage\",\"url\":\"https:\\\/\\\/www.atecpool.ch\\\/wp-content\\\/uploads\\\/2025\\\/11\\\/Lindea-View-Small-01.webp\",\"contentUrl\":\"https:\\\/\\\/www.atecpool.ch\\\/wp-content\\\/uploads\\\/2025\\\/11\\\/Lindea-View-Small-01.webp\",\"width\":1200,\"height\":1200,\"caption\":\"Sauna Lindea View Small von Harvia: Modernes Design mit Glasfront, LED-Beleuchtung und B\u00e4nken aus Lindenholz.\"},{\"@type\":\"BreadcrumbList\",\"@id\":\"https:\\\/\\\/www.atecpool.ch\\\/de\\\/lugano-saunen-innensauna-infrarotkabinen-ticino\\\/finnische-saunen-und-bio-saunen\\\/saunakabine-lindea-view-small\\\/#breadcrumb\",\"itemListElement\":[{\"@type\":\"ListItem\",\"position\":1,\"name\":\"Home\",\"item\":\"https:\\\/\\\/www.atecpool.ch\\\/de\\\/home\\\/\"},{\"@type\":\"ListItem\",\"position\":2,\"name\":\"INNEN- UND AUSSENSAUNEN UND DAMPFB\u00c4DER\",\"item\":\"https:\\\/\\\/www.atecpool.ch\\\/de\\\/saune-bagni-turchi\\\/\"},{\"@type\":\"ListItem\",\"position\":3,\"name\":\"Finnische Saunen und Biosaunen\",\"item\":\"https:\\\/\\\/www.atecpool.ch\\\/de\\\/lugano-saunen-innensauna-infrarotkabinen-ticino\\\/finnische-saunen-und-bio-saunen\\\/\"},{\"@type\":\"ListItem\",\"position\":4,\"name\":\"Sauna Lindea View Small\"}]},{\"@type\":\"WebSite\",\"@id\":\"https:\\\/\\\/www.atecpool.ch\\\/de\\\/#website\",\"url\":\"https:\\\/\\\/www.atecpool.ch\\\/de\\\/\",\"name\":\"Atec Pool\",\"description\":\"Pool \u00b7 Sauna \u00b7 Wellness\",\"publisher\":{\"@id\":\"https:\\\/\\\/www.atecpool.ch\\\/de\\\/#organization\"},\"potentialAction\":[{\"@type\":\"SearchAction\",\"target\":{\"@type\":\"EntryPoint\",\"urlTemplate\":\"https:\\\/\\\/www.atecpool.ch\\\/de\\\/?s={search_term_string}\"},\"query-input\":{\"@type\":\"PropertyValueSpecification\",\"valueRequired\":true,\"valueName\":\"search_term_string\"}}],\"inLanguage\":\"de-DE\"},{\"@type\":[\"Organization\",\"Place\"],\"@id\":\"https:\\\/\\\/www.atecpool.ch\\\/de\\\/#organization\",\"name\":\"Atec Pool\",\"url\":\"https:\\\/\\\/www.atecpool.ch\\\/de\\\/\",\"logo\":{\"@id\":\"https:\\\/\\\/www.atecpool.ch\\\/de\\\/lugano-saunen-innensauna-infrarotkabinen-ticino\\\/finnische-saunen-und-bio-saunen\\\/saunakabine-lindea-view-small\\\/#local-main-organization-logo\"},\"image\":{\"@id\":\"https:\\\/\\\/www.atecpool.ch\\\/de\\\/lugano-saunen-innensauna-infrarotkabinen-ticino\\\/finnische-saunen-und-bio-saunen\\\/saunakabine-lindea-view-small\\\/#local-main-organization-logo\"},\"sameAs\":[\"https:\\\/\\\/www.facebook.com\\\/atecpool.ch\\\/\",\"https:\\\/\\\/www.instagram.com\\\/atecpool_ch\\\/\"],\"address\":{\"@id\":\"https:\\\/\\\/www.atecpool.ch\\\/de\\\/lugano-saunen-innensauna-infrarotkabinen-ticino\\\/finnische-saunen-und-bio-saunen\\\/saunakabine-lindea-view-small\\\/#local-main-place-address\"},\"telephone\":[\"+41 91 980 33 93\"],\"openingHoursSpecification\":[{\"@type\":\"OpeningHoursSpecification\",\"dayOfWeek\":[\"Monday\",\"Tuesday\",\"Wednesday\",\"Thursday\",\"Friday\",\"Saturday\",\"Sunday\"],\"opens\":\"09:00\",\"closes\":\"17:00\"}],\"email\":\"info@atecpool.ch\"},{\"@type\":\"PostalAddress\",\"@id\":\"https:\\\/\\\/www.atecpool.ch\\\/de\\\/lugano-saunen-innensauna-infrarotkabinen-ticino\\\/finnische-saunen-und-bio-saunen\\\/saunakabine-lindea-view-small\\\/#local-main-place-address\",\"streetAddress\":\"Via Cantonale 5\",\"addressLocality\":\"Grancia\",\"postalCode\":\"6916\",\"addressCountry\":\"CH\"},{\"@type\":\"ImageObject\",\"inLanguage\":\"de-DE\",\"@id\":\"https:\\\/\\\/www.atecpool.ch\\\/de\\\/lugano-saunen-innensauna-infrarotkabinen-ticino\\\/finnische-saunen-und-bio-saunen\\\/saunakabine-lindea-view-small\\\/#local-main-organization-logo\",\"url\":\"https:\\\/\\\/www.atecpool.ch\\\/wp-content\\\/uploads\\\/2020\\\/09\\\/atec_logo.png\",\"contentUrl\":\"https:\\\/\\\/www.atecpool.ch\\\/wp-content\\\/uploads\\\/2020\\\/09\\\/atec_logo.png\",\"width\":500,\"height\":145,\"caption\":\"Atec Pool\"}]}<\/script>\n<meta name=\"geo.placename\" content=\"Grancia\" \/>\n<meta name=\"geo.region\" content=\"Schweiz\" \/>\n<!-- \/ Yoast SEO Premium plugin. -->","yoast_head_json":{"title":"Sauna Lindea View Small - Atec Pool","description":"Entdecken Sie die Sauna Harvia Lindea View Small: Struktur aus Lindenholz, Frontwand aus Glas, integrierte LED-Beleuchtung und kompaktes Design. Perfekt f\u00fcr jeden Wellnessbereich.","robots":{"index":"index","follow":"follow","max-snippet":"max-snippet:-1","max-image-preview":"max-image-preview:large","max-video-preview":"max-video-preview:-1"},"canonical":"https:\/\/www.atecpool.ch\/de\/lugano-saunen-innensauna-infrarotkabinen-ticino\/finnische-saunen-und-bio-saunen\/saunakabine-lindea-view-small\/","og_locale":"de_DE","og_type":"article","og_title":"Sauna Lindea View Small","og_description":"Entdecken Sie die Sauna Harvia Lindea View Small: Struktur aus Lindenholz, Frontwand aus Glas, integrierte LED-Beleuchtung und kompaktes Design. Perfekt f\u00fcr jeden Wellnessbereich.","og_url":"https:\/\/www.atecpool.ch\/de\/lugano-saunen-innensauna-infrarotkabinen-ticino\/finnische-saunen-und-bio-saunen\/saunakabine-lindea-view-small\/","og_site_name":"Atec Pool","article_publisher":"https:\/\/www.facebook.com\/atecpool.ch\/","article_modified_time":"2025-11-03T14:13:50+00:00","og_image":[{"width":1200,"height":1200,"url":"https:\/\/www.atecpool.ch\/wp-content\/uploads\/2025\/11\/Lindea-View-Small-01.webp","type":"image\/webp"}],"twitter_card":"summary_large_image","twitter_misc":{"Gesch\u00e4tzte Lesezeit":"2 minutes"},"schema":{"@context":"https:\/\/schema.org","@graph":[{"@type":"WebPage","@id":"https:\/\/www.atecpool.ch\/de\/lugano-saunen-innensauna-infrarotkabinen-ticino\/finnische-saunen-und-bio-saunen\/saunakabine-lindea-view-small\/","url":"https:\/\/www.atecpool.ch\/de\/lugano-saunen-innensauna-infrarotkabinen-ticino\/finnische-saunen-und-bio-saunen\/saunakabine-lindea-view-small\/","name":"Sauna Lindea View Small - Atec Pool","isPartOf":{"@id":"https:\/\/www.atecpool.ch\/de\/#website"},"primaryImageOfPage":{"@id":"https:\/\/www.atecpool.ch\/de\/lugano-saunen-innensauna-infrarotkabinen-ticino\/finnische-saunen-und-bio-saunen\/saunakabine-lindea-view-small\/#primaryimage"},"image":{"@id":"https:\/\/www.atecpool.ch\/de\/lugano-saunen-innensauna-infrarotkabinen-ticino\/finnische-saunen-und-bio-saunen\/saunakabine-lindea-view-small\/#primaryimage"},"thumbnailUrl":"https:\/\/www.atecpool.ch\/wp-content\/uploads\/2025\/11\/Lindea-View-Small-01.webp","datePublished":"2022-01-02T17:00:07+00:00","dateModified":"2025-11-03T14:13:50+00:00","description":"Entdecken Sie die Sauna Harvia Lindea View Small: Struktur aus Lindenholz, Frontwand aus Glas, integrierte LED-Beleuchtung und kompaktes Design. Perfekt f\u00fcr jeden Wellnessbereich.","breadcrumb":{"@id":"https:\/\/www.atecpool.ch\/de\/lugano-saunen-innensauna-infrarotkabinen-ticino\/finnische-saunen-und-bio-saunen\/saunakabine-lindea-view-small\/#breadcrumb"},"inLanguage":"de-DE","potentialAction":[{"@type":"ReadAction","target":["https:\/\/www.atecpool.ch\/de\/lugano-saunen-innensauna-infrarotkabinen-ticino\/finnische-saunen-und-bio-saunen\/saunakabine-lindea-view-small\/"]}]},{"@type":"ImageObject","inLanguage":"de-DE","@id":"https:\/\/www.atecpool.ch\/de\/lugano-saunen-innensauna-infrarotkabinen-ticino\/finnische-saunen-und-bio-saunen\/saunakabine-lindea-view-small\/#primaryimage","url":"https:\/\/www.atecpool.ch\/wp-content\/uploads\/2025\/11\/Lindea-View-Small-01.webp","contentUrl":"https:\/\/www.atecpool.ch\/wp-content\/uploads\/2025\/11\/Lindea-View-Small-01.webp","width":1200,"height":1200,"caption":"Sauna Lindea View Small von Harvia: Modernes Design mit Glasfront, LED-Beleuchtung und B\u00e4nken aus Lindenholz."},{"@type":"BreadcrumbList","@id":"https:\/\/www.atecpool.ch\/de\/lugano-saunen-innensauna-infrarotkabinen-ticino\/finnische-saunen-und-bio-saunen\/saunakabine-lindea-view-small\/#breadcrumb","itemListElement":[{"@type":"ListItem","position":1,"name":"Home","item":"https:\/\/www.atecpool.ch\/de\/home\/"},{"@type":"ListItem","position":2,"name":"INNEN- UND AUSSENSAUNEN UND DAMPFB\u00c4DER","item":"https:\/\/www.atecpool.ch\/de\/saune-bagni-turchi\/"},{"@type":"ListItem","position":3,"name":"Finnische Saunen und Biosaunen","item":"https:\/\/www.atecpool.ch\/de\/lugano-saunen-innensauna-infrarotkabinen-ticino\/finnische-saunen-und-bio-saunen\/"},{"@type":"ListItem","position":4,"name":"Sauna Lindea View Small"}]},{"@type":"WebSite","@id":"https:\/\/www.atecpool.ch\/de\/#website","url":"https:\/\/www.atecpool.ch\/de\/","name":"Atec Pool","description":"Pool \u00b7 Sauna \u00b7 Wellness","publisher":{"@id":"https:\/\/www.atecpool.ch\/de\/#organization"},"potentialAction":[{"@type":"SearchAction","target":{"@type":"EntryPoint","urlTemplate":"https:\/\/www.atecpool.ch\/de\/?s={search_term_string}"},"query-input":{"@type":"PropertyValueSpecification","valueRequired":true,"valueName":"search_term_string"}}],"inLanguage":"de-DE"},{"@type":["Organization","Place"],"@id":"https:\/\/www.atecpool.ch\/de\/#organization","name":"Atec Pool","url":"https:\/\/www.atecpool.ch\/de\/","logo":{"@id":"https:\/\/www.atecpool.ch\/de\/lugano-saunen-innensauna-infrarotkabinen-ticino\/finnische-saunen-und-bio-saunen\/saunakabine-lindea-view-small\/#local-main-organization-logo"},"image":{"@id":"https:\/\/www.atecpool.ch\/de\/lugano-saunen-innensauna-infrarotkabinen-ticino\/finnische-saunen-und-bio-saunen\/saunakabine-lindea-view-small\/#local-main-organization-logo"},"sameAs":["https:\/\/www.facebook.com\/atecpool.ch\/","https:\/\/www.instagram.com\/atecpool_ch\/"],"address":{"@id":"https:\/\/www.atecpool.ch\/de\/lugano-saunen-innensauna-infrarotkabinen-ticino\/finnische-saunen-und-bio-saunen\/saunakabine-lindea-view-small\/#local-main-place-address"},"telephone":["+41 91 980 33 93"],"openingHoursSpecification":[{"@type":"OpeningHoursSpecification","dayOfWeek":["Monday","Tuesday","Wednesday","Thursday","Friday","Saturday","Sunday"],"opens":"09:00","closes":"17:00"}],"email":"info@atecpool.ch"},{"@type":"PostalAddress","@id":"https:\/\/www.atecpool.ch\/de\/lugano-saunen-innensauna-infrarotkabinen-ticino\/finnische-saunen-und-bio-saunen\/saunakabine-lindea-view-small\/#local-main-place-address","streetAddress":"Via Cantonale 5","addressLocality":"Grancia","postalCode":"6916","addressCountry":"CH"},{"@type":"ImageObject","inLanguage":"de-DE","@id":"https:\/\/www.atecpool.ch\/de\/lugano-saunen-innensauna-infrarotkabinen-ticino\/finnische-saunen-und-bio-saunen\/saunakabine-lindea-view-small\/#local-main-organization-logo","url":"https:\/\/www.atecpool.ch\/wp-content\/uploads\/2020\/09\/atec_logo.png","contentUrl":"https:\/\/www.atecpool.ch\/wp-content\/uploads\/2020\/09\/atec_logo.png","width":500,"height":145,"caption":"Atec Pool"}]},"geo.placename":"Grancia","geo.region":"Schweiz"},"_links":{"self":[{"href":"https:\/\/www.atecpool.ch\/de\/wp-json\/wp\/v2\/pages\/23871","targetHints":{"allow":["GET"]}}],"collection":[{"href":"https:\/\/www.atecpool.ch\/de\/wp-json\/wp\/v2\/pages"}],"about":[{"href":"https:\/\/www.atecpool.ch\/de\/wp-json\/wp\/v2\/types\/page"}],"author":[{"embeddable":true,"href":"https:\/\/www.atecpool.ch\/de\/wp-json\/wp\/v2\/users\/4"}],"replies":[{"embeddable":true,"href":"https:\/\/www.atecpool.ch\/de\/wp-json\/wp\/v2\/comments?post=23871"}],"version-history":[{"count":4,"href":"https:\/\/www.atecpool.ch\/de\/wp-json\/wp\/v2\/pages\/23871\/revisions"}],"predecessor-version":[{"id":36206,"href":"https:\/\/www.atecpool.ch\/de\/wp-json\/wp\/v2\/pages\/23871\/revisions\/36206"}],"up":[{"embeddable":true,"href":"https:\/\/www.atecpool.ch\/de\/wp-json\/wp\/v2\/pages\/23166"}],"wp:featuredmedia":[{"embeddable":true,"href":"https:\/\/www.atecpool.ch\/de\/wp-json\/wp\/v2\/media\/36170"}],"wp:attachment":[{"href":"https:\/\/www.atecpool.ch\/de\/wp-json\/wp\/v2\/media?parent=23871"}],"curies":[{"name":"wp","href":"https:\/\/api.w.org\/{rel}","templated":true}]}}