{"id":23838,"date":"2022-01-02T16:53:43","date_gmt":"2022-01-02T15:53:43","guid":{"rendered":"https:\/\/www.atecpool.ch\/?p=23838"},"modified":"2025-11-03T14:31:01","modified_gmt":"2025-11-03T13:31:01","slug":"saunakabine-lindea-view-large","status":"publish","type":"page","link":"https:\/\/www.atecpool.ch\/de\/lugano-saunen-innensauna-infrarotkabinen-ticino\/finnische-saunen-und-bio-saunen\/saunakabine-lindea-view-large\/","title":{"rendered":"Sauna Lindea View Large"},"content":{"rendered":"<div class=\"wpb-content-wrapper\"><p>[vc_row][vc_column][vc_custom_heading text=&#8221;Harvia Lindea View Large Sauna \u2013 Gro\u00dfz\u00fcgiges Wellness-Ambiente mit Premium-Glas und -Holz&#8221; font_container=&#8221;tag:h1|font_size:48|text_align:center|color:%23000000&#8243; use_theme_fonts=&#8221;yes&#8221; css=&#8221;.vc_custom_1762176126193{margin-top: 50px !important;margin-bottom: 50px !important;}&#8221;][\/vc_column][\/vc_row][vc_row bg_type=&#8221;bg_color&#8221; bg_color_value=&#8221;#ffffff&#8221; css=&#8221;.vc_custom_1639739483920{background-color: #ffffff !important;}&#8221;][vc_column width=&#8221;2\/3&#8243; css=&#8221;.vc_custom_1639738698568{background-color: #ffffff !important;}&#8221;][vc_single_image image=&#8221;36185&#8243; img_size=&#8221;full&#8221; alignment=&#8221;center&#8221; css=&#8221;&#8221;][\/vc_column][vc_column width=&#8221;1\/3&#8243;][vc_text_separator title=&#8221;Beschreibung Lindea View Large&#8221; border_width=&#8221;8&#8243;][vc_column_text css=&#8221;&#8221;]<strong>Ma\u00dfe: <\/strong>221 x 223,5 x 212,5 cm<\/p>\n<ul>\n<li>Elementkabine in Thermolinde (St\u00e4rke 70 mm)<\/li>\n<li>Wandverkleidung innen in Linde<\/li>\n<li>2 B\u00e4nke mit verstellbaren R\u00fcckenlehnen<\/li>\n<li>Fussauftritt in Linde<\/li>\n<li>2 Kopfst\u00fctzen<\/li>\n<li>Bodenrost<\/li>\n<li>Glast\u00fcr 628 x 1975 x 8mm<\/li>\n<li>3 Glaselemente 680 x 2006 x 8mm<\/li>\n<li>3 in die Bank integrierte LEDs<\/li>\n<li>Ofen CONCEPT R 9 kW mit Holzreling<\/li>\n<li>Saunasteuerung PRO D2<\/li>\n<li>Ofensteine<\/li>\n<\/ul>\n<p><strong>OPTIONAL:<\/strong><\/p>\n<ul>\n<li>Montage auf Anfrage<\/li>\n<li>Ofen mit Biosauna-Funktion<\/li>\n<li>Sauna-Set (Eimer, Sch\u00f6pfkelle, Hygrometer, Thermometer und Essenzen)<\/li>\n<\/ul>\n<p>[\/vc_column_text][\/vc_column][\/vc_row][vc_row][vc_column][vc_separator color=&#8221;black&#8221; css=&#8221;&#8221;][\/vc_column][\/vc_row][vc_row content_placement=&#8221;middle&#8221;][vc_column width=&#8221;3\/6&#8243;][vc_column_text css=&#8221;&#8221;]Die Sauna <strong data-start=\"530\" data-end=\"558\">Harvia Lindea View Large<\/strong> ist die ideale L\u00f6sung f\u00fcr alle, die ein raffiniertes und ger\u00e4umiges Saunaerlebnis w\u00fcnschen, perfekt f\u00fcr Wellnessbereiche, High-End-Bauprojekte oder anspruchsvolle Wohnprojekte.<br data-start=\"730\" data-end=\"733\">Mit ihren gro\u00dfz\u00fcgigen Abmessungen von <strong data-start=\"767\" data-end=\"792\">2210 \u00d7 2235 \u00d7 2125 mm<\/strong> (Breite \u00d7 Tiefe \u00d7 H\u00f6he) bietet sie Komfort und Design auch f\u00fcr 3-4 Personen oder mehr. <br data-start=\"922\" data-end=\"925\">Die Struktur besteht aus vorgefertigten, 70 mm dicken Paneelen (mit 40 mm Isolierung) und ist au\u00dfen mit <strong data-start=\"1076\" data-end=\"1093\">Thermolindenholz<\/strong> und innen mit <strong data-start=\"1107\" data-end=\"1125\">nordischer Linde<\/strong> oder <strong data-start=\"1128\" data-end=\"1145\">Thermolindenholz<\/strong> verkleidet, je nach Wunsch. <br data-start=\"1207\" data-end=\"1210\">Die Glasfrontwand (8 mm ESG-Glast\u00fcr + seitliche Glaselemente) verst\u00e4rkt das Raum- und Helligkeitsgef\u00fchl, w\u00e4hrend die <strong data-start=\"1356\" data-end=\"1382\">zwei ergonomischen B\u00e4nke<\/strong> (ca. 1900 mm lang) mit <strong data-start=\"1416\" data-end=\"1442\">verstellbaren Kopfst\u00fctzen<\/strong> zum Entspannen einladen.<br data-start=\"1499\" data-end=\"1502\">Das Design umfasst au\u00dferdem: integriertes L\u00fcftungsgitter, Holzboden mit Gitterrost, integrierte LED-Beleuchtung im oberen Bereich und T\u00fcren aus geh\u00e4rtetem Glas, die sowohl links- als auch rechts\u00f6ffnend montiert werden k\u00f6nnen.<br data-start=\"1777\" data-end=\"1780\">Dank der exzellenten Isolierung und der Premium-\u00c4sthetik vereint die Lindea View Large professionelle Funktionalit\u00e4t mit elegantem Stil und ist somit perfekt f\u00fcr Boutique-Spas, Luxushotels oder exklusive Residenzen.[\/vc_column_text][\/vc_column][vc_column width=&#8221;2\/6&#8243;][vc_gallery type=&#8221;flexslider_slide&#8221; interval=&#8221;3&#8243; images=&#8221;36186,36187&#8243; img_size=&#8221;medium&#8221; css=&#8221;&#8221;][\/vc_column][vc_column width=&#8221;1\/6&#8243;][vc_single_image image=&#8221;20321&#8243; alignment=&#8221;center&#8221; onclick=&#8221;custom_link&#8221; css=&#8221;&#8221; link=&#8221;https:\/\/www.atecpool.ch\/wp-content\/uploads\/2022\/01\/lindea-view-large_10-20_en-de-fr-it-pt.pdf&#8221; el_class=&#8221;download-box&#8221; title=&#8221;Download Montageanleitung&#8221;][\/vc_column][\/vc_row][vc_section][vc_row][vc_column][vc_separator color=&#8221;black&#8221; css=&#8221;&#8221;][\/vc_column][\/vc_row][vc_row][vc_column][vc_btn title=&#8221;Anfrage Informationen&#8221; color=&#8221;juicy-pink&#8221; size=&#8221;lg&#8221; align=&#8221;center&#8221; i_align=&#8221;right&#8221; i_icon_fontawesome=&#8221;&#8221; css=&#8221;&#8221; add_icon=&#8221;true&#8221; link=&#8221;url:https%3A%2F%2Fwww.atecpool.ch%2Fform-view%2F7|target:_blank|&#8221;][\/vc_column][\/vc_row][\/vc_section][vc_section][\/vc_section]<\/p>\n<\/div>","protected":false},"excerpt":{"rendered":"<p>[vc_row][vc_column][vc_custom_heading text=&#8221;Harvia Lindea View Large Sauna \u2013 Gro\u00dfz\u00fcgiges Wellness-Ambiente mit Premium-Glas und -Holz&#8221; font_container=&#8221;tag:h1|font_size:48|text_align:center|color:%23000000&#8243; use_theme_fonts=&#8221;yes&#8221; css=&#8221;.vc_custom_1762176126193{margin-top: 50px !important;margin-bottom: 50px !important;}&#8221;][\/vc_column][\/vc_row][vc_row bg_type=&#8221;bg_color&#8221; bg_color_value=&#8221;#ffffff&#8221; css=&#8221;.vc_custom_1639739483920{background-color: #ffffff !important;}&#8221;][vc_column width=&#8221;2\/3&#8243;<span class=\"excerpt-hellip\"> [\u2026]<\/span><\/p>\n","protected":false},"author":4,"featured_media":23867,"parent":23166,"menu_order":0,"comment_status":"open","ping_status":"closed","template":"","meta":{"footnotes":""},"class_list":["post-23838","page","type-page","status-publish","has-post-thumbnail","hentry"],"yoast_head":"<!-- This site is optimized with the Yoast SEO Premium plugin v26.2 (Yoast SEO v27.4) - https:\/\/yoast.com\/product\/yoast-seo-premium-wordpress\/ -->\n<title>Sauna Lindea View Large - Atec Pool<\/title>\n<meta name=\"description\" content=\"Entdecken Sie die Harvia Lindea View Large Sauna: Struktur aus Linden- und Thermolindenholz, Glasfrontwand, ergonomische B\u00e4nke und integrierte LED-Beleuchtung.\" \/>\n<meta name=\"robots\" content=\"index, follow, max-snippet:-1, max-image-preview:large, max-video-preview:-1\" \/>\n<link rel=\"canonical\" href=\"https:\/\/www.atecpool.ch\/de\/lugano-saunen-innensauna-infrarotkabinen-ticino\/finnische-saunen-und-bio-saunen\/saunakabine-lindea-view-large\/\" \/>\n<meta property=\"og:locale\" content=\"de_DE\" \/>\n<meta property=\"og:type\" content=\"article\" \/>\n<meta property=\"og:title\" content=\"Sauna Lindea View Large\" \/>\n<meta property=\"og:description\" content=\"Entdecken Sie die Harvia Lindea View Large Sauna: Struktur aus Linden- und Thermolindenholz, Glasfrontwand, ergonomische B\u00e4nke und integrierte LED-Beleuchtung.\" \/>\n<meta property=\"og:url\" content=\"https:\/\/www.atecpool.ch\/de\/lugano-saunen-innensauna-infrarotkabinen-ticino\/finnische-saunen-und-bio-saunen\/saunakabine-lindea-view-large\/\" \/>\n<meta property=\"og:site_name\" content=\"Atec Pool\" \/>\n<meta property=\"article:publisher\" content=\"https:\/\/www.facebook.com\/atecpool.ch\/\" \/>\n<meta property=\"article:modified_time\" content=\"2025-11-03T13:31:01+00:00\" \/>\n<meta property=\"og:image\" content=\"https:\/\/www.atecpool.ch\/wp-content\/uploads\/2022\/01\/Lindea-View-Large-06.jpg\" \/>\n\t<meta property=\"og:image:width\" content=\"800\" \/>\n\t<meta property=\"og:image:height\" content=\"800\" \/>\n\t<meta property=\"og:image:type\" content=\"image\/jpeg\" \/>\n<meta name=\"twitter:card\" content=\"summary_large_image\" \/>\n<meta name=\"twitter:label1\" content=\"Gesch\u00e4tzte Lesezeit\" \/>\n\t<meta name=\"twitter:data1\" content=\"2 minutes\" \/>\n<script type=\"application\/ld+json\" class=\"yoast-schema-graph\">{\"@context\":\"https:\\\/\\\/schema.org\",\"@graph\":[{\"@type\":\"WebPage\",\"@id\":\"https:\\\/\\\/www.atecpool.ch\\\/de\\\/lugano-saunen-innensauna-infrarotkabinen-ticino\\\/finnische-saunen-und-bio-saunen\\\/saunakabine-lindea-view-large\\\/\",\"url\":\"https:\\\/\\\/www.atecpool.ch\\\/de\\\/lugano-saunen-innensauna-infrarotkabinen-ticino\\\/finnische-saunen-und-bio-saunen\\\/saunakabine-lindea-view-large\\\/\",\"name\":\"Sauna Lindea View Large - Atec Pool\",\"isPartOf\":{\"@id\":\"https:\\\/\\\/www.atecpool.ch\\\/de\\\/#website\"},\"primaryImageOfPage\":{\"@id\":\"https:\\\/\\\/www.atecpool.ch\\\/de\\\/lugano-saunen-innensauna-infrarotkabinen-ticino\\\/finnische-saunen-und-bio-saunen\\\/saunakabine-lindea-view-large\\\/#primaryimage\"},\"image\":{\"@id\":\"https:\\\/\\\/www.atecpool.ch\\\/de\\\/lugano-saunen-innensauna-infrarotkabinen-ticino\\\/finnische-saunen-und-bio-saunen\\\/saunakabine-lindea-view-large\\\/#primaryimage\"},\"thumbnailUrl\":\"https:\\\/\\\/www.atecpool.ch\\\/wp-content\\\/uploads\\\/2022\\\/01\\\/Lindea-View-Large-06-e1762182629987.jpg\",\"datePublished\":\"2022-01-02T15:53:43+00:00\",\"dateModified\":\"2025-11-03T13:31:01+00:00\",\"description\":\"Entdecken Sie die Harvia Lindea View Large Sauna: Struktur aus Linden- und Thermolindenholz, Glasfrontwand, ergonomische B\u00e4nke und integrierte LED-Beleuchtung.\",\"breadcrumb\":{\"@id\":\"https:\\\/\\\/www.atecpool.ch\\\/de\\\/lugano-saunen-innensauna-infrarotkabinen-ticino\\\/finnische-saunen-und-bio-saunen\\\/saunakabine-lindea-view-large\\\/#breadcrumb\"},\"inLanguage\":\"de-DE\",\"potentialAction\":[{\"@type\":\"ReadAction\",\"target\":[\"https:\\\/\\\/www.atecpool.ch\\\/de\\\/lugano-saunen-innensauna-infrarotkabinen-ticino\\\/finnische-saunen-und-bio-saunen\\\/saunakabine-lindea-view-large\\\/\"]}]},{\"@type\":\"ImageObject\",\"inLanguage\":\"de-DE\",\"@id\":\"https:\\\/\\\/www.atecpool.ch\\\/de\\\/lugano-saunen-innensauna-infrarotkabinen-ticino\\\/finnische-saunen-und-bio-saunen\\\/saunakabine-lindea-view-large\\\/#primaryimage\",\"url\":\"https:\\\/\\\/www.atecpool.ch\\\/wp-content\\\/uploads\\\/2022\\\/01\\\/Lindea-View-Large-06-e1762182629987.jpg\",\"contentUrl\":\"https:\\\/\\\/www.atecpool.ch\\\/wp-content\\\/uploads\\\/2022\\\/01\\\/Lindea-View-Large-06-e1762182629987.jpg\",\"width\":800,\"height\":800,\"caption\":\"Entspannung in einer modernen finnischen Sauna mit Glasw\u00e4nden und warmer Beleuchtung.\"},{\"@type\":\"BreadcrumbList\",\"@id\":\"https:\\\/\\\/www.atecpool.ch\\\/de\\\/lugano-saunen-innensauna-infrarotkabinen-ticino\\\/finnische-saunen-und-bio-saunen\\\/saunakabine-lindea-view-large\\\/#breadcrumb\",\"itemListElement\":[{\"@type\":\"ListItem\",\"position\":1,\"name\":\"Home\",\"item\":\"https:\\\/\\\/www.atecpool.ch\\\/de\\\/home\\\/\"},{\"@type\":\"ListItem\",\"position\":2,\"name\":\"INNEN- UND AUSSENSAUNEN UND DAMPFB\u00c4DER\",\"item\":\"https:\\\/\\\/www.atecpool.ch\\\/de\\\/saune-bagni-turchi\\\/\"},{\"@type\":\"ListItem\",\"position\":3,\"name\":\"Finnische Saunen und Biosaunen\",\"item\":\"https:\\\/\\\/www.atecpool.ch\\\/de\\\/lugano-saunen-innensauna-infrarotkabinen-ticino\\\/finnische-saunen-und-bio-saunen\\\/\"},{\"@type\":\"ListItem\",\"position\":4,\"name\":\"Sauna Lindea View Large\"}]},{\"@type\":\"WebSite\",\"@id\":\"https:\\\/\\\/www.atecpool.ch\\\/de\\\/#website\",\"url\":\"https:\\\/\\\/www.atecpool.ch\\\/de\\\/\",\"name\":\"Atec Pool\",\"description\":\"Pool \u00b7 Sauna \u00b7 Wellness\",\"publisher\":{\"@id\":\"https:\\\/\\\/www.atecpool.ch\\\/de\\\/#organization\"},\"potentialAction\":[{\"@type\":\"SearchAction\",\"target\":{\"@type\":\"EntryPoint\",\"urlTemplate\":\"https:\\\/\\\/www.atecpool.ch\\\/de\\\/?s={search_term_string}\"},\"query-input\":{\"@type\":\"PropertyValueSpecification\",\"valueRequired\":true,\"valueName\":\"search_term_string\"}}],\"inLanguage\":\"de-DE\"},{\"@type\":[\"Organization\",\"Place\"],\"@id\":\"https:\\\/\\\/www.atecpool.ch\\\/de\\\/#organization\",\"name\":\"Atec Pool\",\"url\":\"https:\\\/\\\/www.atecpool.ch\\\/de\\\/\",\"logo\":{\"@id\":\"https:\\\/\\\/www.atecpool.ch\\\/de\\\/lugano-saunen-innensauna-infrarotkabinen-ticino\\\/finnische-saunen-und-bio-saunen\\\/saunakabine-lindea-view-large\\\/#local-main-organization-logo\"},\"image\":{\"@id\":\"https:\\\/\\\/www.atecpool.ch\\\/de\\\/lugano-saunen-innensauna-infrarotkabinen-ticino\\\/finnische-saunen-und-bio-saunen\\\/saunakabine-lindea-view-large\\\/#local-main-organization-logo\"},\"sameAs\":[\"https:\\\/\\\/www.facebook.com\\\/atecpool.ch\\\/\",\"https:\\\/\\\/www.instagram.com\\\/atecpool_ch\\\/\"],\"address\":{\"@id\":\"https:\\\/\\\/www.atecpool.ch\\\/de\\\/lugano-saunen-innensauna-infrarotkabinen-ticino\\\/finnische-saunen-und-bio-saunen\\\/saunakabine-lindea-view-large\\\/#local-main-place-address\"},\"telephone\":[\"+41 91 980 33 93\"],\"openingHoursSpecification\":[{\"@type\":\"OpeningHoursSpecification\",\"dayOfWeek\":[\"Monday\",\"Tuesday\",\"Wednesday\",\"Thursday\",\"Friday\",\"Saturday\",\"Sunday\"],\"opens\":\"09:00\",\"closes\":\"17:00\"}],\"email\":\"info@atecpool.ch\"},{\"@type\":\"PostalAddress\",\"@id\":\"https:\\\/\\\/www.atecpool.ch\\\/de\\\/lugano-saunen-innensauna-infrarotkabinen-ticino\\\/finnische-saunen-und-bio-saunen\\\/saunakabine-lindea-view-large\\\/#local-main-place-address\",\"streetAddress\":\"Via Cantonale 5\",\"addressLocality\":\"Grancia\",\"postalCode\":\"6916\",\"addressCountry\":\"CH\"},{\"@type\":\"ImageObject\",\"inLanguage\":\"de-DE\",\"@id\":\"https:\\\/\\\/www.atecpool.ch\\\/de\\\/lugano-saunen-innensauna-infrarotkabinen-ticino\\\/finnische-saunen-und-bio-saunen\\\/saunakabine-lindea-view-large\\\/#local-main-organization-logo\",\"url\":\"https:\\\/\\\/www.atecpool.ch\\\/wp-content\\\/uploads\\\/2020\\\/09\\\/atec_logo.png\",\"contentUrl\":\"https:\\\/\\\/www.atecpool.ch\\\/wp-content\\\/uploads\\\/2020\\\/09\\\/atec_logo.png\",\"width\":500,\"height\":145,\"caption\":\"Atec Pool\"}]}<\/script>\n<meta name=\"geo.placename\" content=\"Grancia\" \/>\n<meta name=\"geo.region\" content=\"Schweiz\" \/>\n<!-- \/ Yoast SEO Premium plugin. -->","yoast_head_json":{"title":"Sauna Lindea View Large - Atec Pool","description":"Entdecken Sie die Harvia Lindea View Large Sauna: Struktur aus Linden- und Thermolindenholz, Glasfrontwand, ergonomische B\u00e4nke und integrierte LED-Beleuchtung.","robots":{"index":"index","follow":"follow","max-snippet":"max-snippet:-1","max-image-preview":"max-image-preview:large","max-video-preview":"max-video-preview:-1"},"canonical":"https:\/\/www.atecpool.ch\/de\/lugano-saunen-innensauna-infrarotkabinen-ticino\/finnische-saunen-und-bio-saunen\/saunakabine-lindea-view-large\/","og_locale":"de_DE","og_type":"article","og_title":"Sauna Lindea View Large","og_description":"Entdecken Sie die Harvia Lindea View Large Sauna: Struktur aus Linden- und Thermolindenholz, Glasfrontwand, ergonomische B\u00e4nke und integrierte LED-Beleuchtung.","og_url":"https:\/\/www.atecpool.ch\/de\/lugano-saunen-innensauna-infrarotkabinen-ticino\/finnische-saunen-und-bio-saunen\/saunakabine-lindea-view-large\/","og_site_name":"Atec Pool","article_publisher":"https:\/\/www.facebook.com\/atecpool.ch\/","article_modified_time":"2025-11-03T13:31:01+00:00","og_image":[{"width":800,"height":800,"url":"https:\/\/www.atecpool.ch\/wp-content\/uploads\/2022\/01\/Lindea-View-Large-06.jpg","type":"image\/jpeg"}],"twitter_card":"summary_large_image","twitter_misc":{"Gesch\u00e4tzte Lesezeit":"2 minutes"},"schema":{"@context":"https:\/\/schema.org","@graph":[{"@type":"WebPage","@id":"https:\/\/www.atecpool.ch\/de\/lugano-saunen-innensauna-infrarotkabinen-ticino\/finnische-saunen-und-bio-saunen\/saunakabine-lindea-view-large\/","url":"https:\/\/www.atecpool.ch\/de\/lugano-saunen-innensauna-infrarotkabinen-ticino\/finnische-saunen-und-bio-saunen\/saunakabine-lindea-view-large\/","name":"Sauna Lindea View Large - Atec Pool","isPartOf":{"@id":"https:\/\/www.atecpool.ch\/de\/#website"},"primaryImageOfPage":{"@id":"https:\/\/www.atecpool.ch\/de\/lugano-saunen-innensauna-infrarotkabinen-ticino\/finnische-saunen-und-bio-saunen\/saunakabine-lindea-view-large\/#primaryimage"},"image":{"@id":"https:\/\/www.atecpool.ch\/de\/lugano-saunen-innensauna-infrarotkabinen-ticino\/finnische-saunen-und-bio-saunen\/saunakabine-lindea-view-large\/#primaryimage"},"thumbnailUrl":"https:\/\/www.atecpool.ch\/wp-content\/uploads\/2022\/01\/Lindea-View-Large-06-e1762182629987.jpg","datePublished":"2022-01-02T15:53:43+00:00","dateModified":"2025-11-03T13:31:01+00:00","description":"Entdecken Sie die Harvia Lindea View Large Sauna: Struktur aus Linden- und Thermolindenholz, Glasfrontwand, ergonomische B\u00e4nke und integrierte LED-Beleuchtung.","breadcrumb":{"@id":"https:\/\/www.atecpool.ch\/de\/lugano-saunen-innensauna-infrarotkabinen-ticino\/finnische-saunen-und-bio-saunen\/saunakabine-lindea-view-large\/#breadcrumb"},"inLanguage":"de-DE","potentialAction":[{"@type":"ReadAction","target":["https:\/\/www.atecpool.ch\/de\/lugano-saunen-innensauna-infrarotkabinen-ticino\/finnische-saunen-und-bio-saunen\/saunakabine-lindea-view-large\/"]}]},{"@type":"ImageObject","inLanguage":"de-DE","@id":"https:\/\/www.atecpool.ch\/de\/lugano-saunen-innensauna-infrarotkabinen-ticino\/finnische-saunen-und-bio-saunen\/saunakabine-lindea-view-large\/#primaryimage","url":"https:\/\/www.atecpool.ch\/wp-content\/uploads\/2022\/01\/Lindea-View-Large-06-e1762182629987.jpg","contentUrl":"https:\/\/www.atecpool.ch\/wp-content\/uploads\/2022\/01\/Lindea-View-Large-06-e1762182629987.jpg","width":800,"height":800,"caption":"Entspannung in einer modernen finnischen Sauna mit Glasw\u00e4nden und warmer Beleuchtung."},{"@type":"BreadcrumbList","@id":"https:\/\/www.atecpool.ch\/de\/lugano-saunen-innensauna-infrarotkabinen-ticino\/finnische-saunen-und-bio-saunen\/saunakabine-lindea-view-large\/#breadcrumb","itemListElement":[{"@type":"ListItem","position":1,"name":"Home","item":"https:\/\/www.atecpool.ch\/de\/home\/"},{"@type":"ListItem","position":2,"name":"INNEN- UND AUSSENSAUNEN UND DAMPFB\u00c4DER","item":"https:\/\/www.atecpool.ch\/de\/saune-bagni-turchi\/"},{"@type":"ListItem","position":3,"name":"Finnische Saunen und Biosaunen","item":"https:\/\/www.atecpool.ch\/de\/lugano-saunen-innensauna-infrarotkabinen-ticino\/finnische-saunen-und-bio-saunen\/"},{"@type":"ListItem","position":4,"name":"Sauna Lindea View Large"}]},{"@type":"WebSite","@id":"https:\/\/www.atecpool.ch\/de\/#website","url":"https:\/\/www.atecpool.ch\/de\/","name":"Atec Pool","description":"Pool \u00b7 Sauna \u00b7 Wellness","publisher":{"@id":"https:\/\/www.atecpool.ch\/de\/#organization"},"potentialAction":[{"@type":"SearchAction","target":{"@type":"EntryPoint","urlTemplate":"https:\/\/www.atecpool.ch\/de\/?s={search_term_string}"},"query-input":{"@type":"PropertyValueSpecification","valueRequired":true,"valueName":"search_term_string"}}],"inLanguage":"de-DE"},{"@type":["Organization","Place"],"@id":"https:\/\/www.atecpool.ch\/de\/#organization","name":"Atec Pool","url":"https:\/\/www.atecpool.ch\/de\/","logo":{"@id":"https:\/\/www.atecpool.ch\/de\/lugano-saunen-innensauna-infrarotkabinen-ticino\/finnische-saunen-und-bio-saunen\/saunakabine-lindea-view-large\/#local-main-organization-logo"},"image":{"@id":"https:\/\/www.atecpool.ch\/de\/lugano-saunen-innensauna-infrarotkabinen-ticino\/finnische-saunen-und-bio-saunen\/saunakabine-lindea-view-large\/#local-main-organization-logo"},"sameAs":["https:\/\/www.facebook.com\/atecpool.ch\/","https:\/\/www.instagram.com\/atecpool_ch\/"],"address":{"@id":"https:\/\/www.atecpool.ch\/de\/lugano-saunen-innensauna-infrarotkabinen-ticino\/finnische-saunen-und-bio-saunen\/saunakabine-lindea-view-large\/#local-main-place-address"},"telephone":["+41 91 980 33 93"],"openingHoursSpecification":[{"@type":"OpeningHoursSpecification","dayOfWeek":["Monday","Tuesday","Wednesday","Thursday","Friday","Saturday","Sunday"],"opens":"09:00","closes":"17:00"}],"email":"info@atecpool.ch"},{"@type":"PostalAddress","@id":"https:\/\/www.atecpool.ch\/de\/lugano-saunen-innensauna-infrarotkabinen-ticino\/finnische-saunen-und-bio-saunen\/saunakabine-lindea-view-large\/#local-main-place-address","streetAddress":"Via Cantonale 5","addressLocality":"Grancia","postalCode":"6916","addressCountry":"CH"},{"@type":"ImageObject","inLanguage":"de-DE","@id":"https:\/\/www.atecpool.ch\/de\/lugano-saunen-innensauna-infrarotkabinen-ticino\/finnische-saunen-und-bio-saunen\/saunakabine-lindea-view-large\/#local-main-organization-logo","url":"https:\/\/www.atecpool.ch\/wp-content\/uploads\/2020\/09\/atec_logo.png","contentUrl":"https:\/\/www.atecpool.ch\/wp-content\/uploads\/2020\/09\/atec_logo.png","width":500,"height":145,"caption":"Atec Pool"}]},"geo.placename":"Grancia","geo.region":"Schweiz"},"_links":{"self":[{"href":"https:\/\/www.atecpool.ch\/de\/wp-json\/wp\/v2\/pages\/23838","targetHints":{"allow":["GET"]}}],"collection":[{"href":"https:\/\/www.atecpool.ch\/de\/wp-json\/wp\/v2\/pages"}],"about":[{"href":"https:\/\/www.atecpool.ch\/de\/wp-json\/wp\/v2\/types\/page"}],"author":[{"embeddable":true,"href":"https:\/\/www.atecpool.ch\/de\/wp-json\/wp\/v2\/users\/4"}],"replies":[{"embeddable":true,"href":"https:\/\/www.atecpool.ch\/de\/wp-json\/wp\/v2\/comments?post=23838"}],"version-history":[{"count":4,"href":"https:\/\/www.atecpool.ch\/de\/wp-json\/wp\/v2\/pages\/23838\/revisions"}],"predecessor-version":[{"id":36192,"href":"https:\/\/www.atecpool.ch\/de\/wp-json\/wp\/v2\/pages\/23838\/revisions\/36192"}],"up":[{"embeddable":true,"href":"https:\/\/www.atecpool.ch\/de\/wp-json\/wp\/v2\/pages\/23166"}],"wp:featuredmedia":[{"embeddable":true,"href":"https:\/\/www.atecpool.ch\/de\/wp-json\/wp\/v2\/media\/23867"}],"wp:attachment":[{"href":"https:\/\/www.atecpool.ch\/de\/wp-json\/wp\/v2\/media?parent=23838"}],"curies":[{"name":"wp","href":"https:\/\/api.w.org\/{rel}","templated":true}]}}