{"id":20106,"date":"2021-03-21T05:52:50","date_gmt":"2021-03-21T04:52:50","guid":{"rendered":"https:\/\/www.atecpool.ch\/whirlpools-2\/"},"modified":"2025-09-04T08:01:01","modified_gmt":"2025-09-04T06:01:01","slug":"whirlpools","status":"publish","type":"page","link":"https:\/\/www.atecpool.ch\/de\/whirlpools\/","title":{"rendered":"Whirlpools"},"content":{"rendered":"<div class=\"wpb-content-wrapper\"><p>[vc_row][vc_column][vc_column_text css=&#8221;&#8221;]<\/p>\n<h2 style=\"text-align: center;\">Whirlpools und Swim Spas im Tessin \u2013 Entdecken Sie ma\u00dfgeschneidertes Wohlbefinden<\/h2>\n<p><\/p>\n<p>Willkommen bei Atec Pool, Ihrem zuverl\u00e4ssigen Partner im Tessin f\u00fcr <strong>Whirlpools und Swim Spas<\/strong>. Ob Sie sich im Garten entspannen, eine Wellness-Oase zu Hause schaffen oder mit Gegenstrom schwimmen trainieren m\u00f6chten \u2013 wir haben die perfekte L\u00f6sung f\u00fcr Sie.<\/p>\n<p><\/p>\n<p>Unsere <strong>Whirlpools und Swim Spas<\/strong> sind sorgf\u00e4ltig ausgew\u00e4hlt, um Ihnen h\u00f6chsten Komfort, innovative Technologie und elegantes Design zu bieten. Auf dieser Seite finden Sie einen \u00dcberblick \u00fcber unsere Hauptprodukte mit Links zu den jeweiligen Kategorien, um alle Details zu entdecken.<\/p>\n<p>[\/vc_column_text][\/vc_column][\/vc_row][vc_row][vc_column][vc_row_inner][vc_column_inner width=&#8221;1\/2&#8243;][vc_single_image image=&#8221;34054&#8243; img_size=&#8221;large&#8221; alignment=&#8221;center&#8221; onclick=&#8221;custom_link&#8221; css=&#8221;&#8221; link=&#8221;https:\/\/www.atecpool.ch\/de\/whirlpools\/whirlpools-standard\/&#8221;][\/vc_column_inner][vc_column_inner width=&#8221;1\/2&#8243;][vc_column_text css=&#8221;&#8221;]<\/p>\n<h2>Whirlpools f\u00fcr innen und au\u00dfen \u2013 Entspannung pur<\/h2>\n<p>Erleben Sie Wellnesskomfort zu Hause mit unseren exklusiven Whirlpools. F\u00fcr den Innen- oder Au\u00dfenbereich konzipiert, bieten sie therapeutische Hydromassage, LED-Beleuchtung, Heizsysteme und ein elegantes Design. Ob Sie nach einem langen Tag entspannen oder besondere Momente mit Ihren Liebsten teilen m\u00f6chten \u2013 wir haben die perfekte L\u00f6sung f\u00fcr Sie.<br \/>[\/vc_column_text][vc_btn title=&#8221;Entdecken Sie unsere Modelle&#8221; style=&#8221;flat&#8221; color=&#8221;info&#8221; align=&#8221;center&#8221; css=&#8221;&#8221; link=&#8221;url:https%3A%2F%2Fwww.atecpool.ch%2Fde%2Fwhirlpools%2Fwhirlpools-standard%2F|title:Whirlpools|&#8221;][\/vc_column_inner][\/vc_row_inner][\/vc_column][\/vc_row][vc_row][vc_column][vc_separator color=&#8221;black&#8221; css=&#8221;&#8221;][\/vc_column][\/vc_row][vc_row][vc_column][vc_row_inner content_placement=&#8221;middle&#8221;][vc_column_inner width=&#8221;1\/2&#8243;][vc_single_image image=&#8221;34056&#8243; img_size=&#8221;large&#8221; alignment=&#8221;center&#8221; onclick=&#8221;custom_link&#8221; css=&#8221;&#8221; link=&#8221;https:\/\/www.atecpool.ch\/de\/whirlpools\/swimspa\/&#8221;][\/vc_column_inner][vc_column_inner width=&#8221;1\/2&#8243;][vc_column_text css=&#8221;&#8221;]<\/p>\n<h2>Swim Spa \u2013 Gegenstromschwimmen und Entspannung in einer L\u00f6sung<\/h2>\n<p>Ein Swim Spa vereint das Beste aus zwei Welten: professionelles Training dank Gegenstromanlage und einen Entspannungsbereich mit Hydromassage. Ideal f\u00fcr alle, die sich eine kompakte, funktionale und ganzj\u00e4hrig nutzbare Pooll\u00f6sung w\u00fcnschen.<br \/>[\/vc_column_text][vc_btn title=&#8221;Entdecken Sie alle Swim-Spa-Modelle&#8221; style=&#8221;flat&#8221; color=&#8221;info&#8221; align=&#8221;center&#8221; css=&#8221;&#8221; link=&#8221;url:https%3A%2F%2Fwww.atecpool.ch%2Fde%2Fwhirlpools%2Fswimspa%2F|title:Swim-Spa|&#8221;][\/vc_column_inner][\/vc_row_inner][vc_separator color=&#8221;black&#8221; css=&#8221;&#8221;][\/vc_column][\/vc_row][vc_row css=&#8221;.vc_custom_1748355398112{background-color: #C9C9C9 !important;}&#8221;][vc_column width=&#8221;1\/2&#8243;][vc_column_text css=&#8221;.vc_custom_1748357137700{padding-top: 50px !important;padding-right: 30px !important;padding-left: 30px !important;}&#8221;]Atec Pool bietet im Tessin Minipools, Spas und Swim Spas f\u00fcr jede Anforderung.<br \/>Unsere Wellnessl\u00f6sungen umfassen Whirlpools und Swim Spas f\u00fcr den Innen- und Au\u00dfenbereich.<br \/>Wer eine Swim Spa oder einen Minipool sucht, findet bei uns komplette Produkte f\u00fcr Training und Entspannung.<br \/>Mit unseren Whirlpools im Tessin holen Sie sich das Wohlbefinden direkt nach Hause.[\/vc_column_text][vc_btn title=&#8221;Jetzt Informationen anfordern&#8221; color=&#8221;blue&#8221; size=&#8221;lg&#8221; align=&#8221;center&#8221; css=&#8221;&#8221; link=&#8221;url:https%3A%2F%2Fwww.atecpool.ch%2Fform-view%2F15|title:Jetzt%20Informationen%20anfordern|target:_blank|&#8221;][\/vc_column][vc_column width=&#8221;1\/2&#8243;][vc_video link=&#8221;https:\/\/youtu.be\/Vp73P-KFEf8?si=mvuj4h_wFvwoOC9o&#8221; align=&#8221;center&#8221; css=&#8221;.vc_custom_1748356772147{padding-right: 30px !important;padding-left: 30px !important;}&#8221; title=&#8221;Whirlpool Samos&#8221;][\/vc_column][\/vc_row][vc_row full_width=&#8221;stretch_row&#8221;][vc_column width=&#8221;1\/2&#8243;][vc_column_text]<\/p>\n<h2><strong>Whirlpools gegen Stress und Muskelschmerzen<\/strong><\/h2>\n<p><\/p>\n<p class=\"_04xlpA direction-ltr align-justify para-style-body\">\nStellen Sie sich vor, Sie k\u00f6nnten <strong>Muskelschmerzen<\/strong>, <strong>Verspannungen<\/strong>, <strong>t\u00e4glichen Stress<\/strong> lindern und einen tieferen, <strong>entspannenden<\/strong> Schlaf f\u00f6rdern \u2013 und das alles im Komfort Ihres eigenen Zuhauses.<br \/>\nDie L\u00f6sung ist die <strong>Hydrotherapie<\/strong>: die Kombination aus Luft, Wasser und W\u00e4rme, die unsere <strong>hydrotherapeutischen Whirlpools<\/strong> zur perfekten Wahl macht.<br \/>\nDer <strong>Wasserdruck<\/strong> entlastet Gelenke und Muskeln sp\u00fcrbar von konstantem Druck.<br \/>\nAu\u00dferdem <strong>l\u00f6st warmes Wasser Verspannungen<\/strong> und steigert die Flexibilit\u00e4t.\n<\/p>\n<p><\/p>\n<p>\nEntspannen Sie sich im wohltuend warmen Wasser, das das Immunsystem st\u00e4rkt und die Aussch\u00fcttung von Endorphinen \u2013 den nat\u00fcrlichen Schmerzmitteln des K\u00f6rpers \u2013 anregt.\n<\/p>\n<p>[\/vc_column_text][\/vc_column][vc_column width=&#8221;1\/2&#8243;][vc_column_text]<\/p>\n<h2><strong>Whirlpool &#8211; der belebende Wasser-Massagestrahl<\/strong><\/h2>\n<p><\/p>\n<p class=\"_04xlpA direction-ltr align-justify para-style-body\"><span class=\"JsGRdQ\">Der <strong>Wasserstrahl<\/strong> bearbeitet den K\u00f6rper mit einer energetisierenden und <strong>revitalisierenden<\/strong> <strong>Massage<\/strong>. Es stimuliert die Kreislauffunktionen mit lymphdrainierenden und gef\u00e4\u00dferweiternden Effekten zur Bek\u00e4mpfung von Wassereinlagerungen. Die Luftblasen haben eine <strong>entspannende und beruhigende<\/strong> Wirkung indem sie die Muskeln sanft <strong>massieren<\/strong> und die <\/span><span class=\"JsGRdQ\">periphere Mikrozirkulation stimuliert wird.<\/span><\/p>\n<p><\/p>\n<p class=\"_04xlpA direction-ltr align-justify para-style-body\"><span class=\"JsGRdQ\">Erholen Sie sich mit Freunden und Familie in der entspannendsten Umgebung, die man sich vorstellen kann: Tauchen Sie ein in ein <strong>Whirlpool<\/strong> im eigenen Garten; genie\u00dfen Sie es, mit Ihren Kindern zu spielen oder mit Freunden zu plaudern, beleuchten Sie die Nacht mit romantischen LED-Lichtern f\u00fcr intimere Begegnungen und entdecken Sie Ihre pers\u00f6nlichen Beziehungen neu.<\/span><\/p>\n<p>[\/vc_column_text][\/vc_column][\/vc_row][vc_row][vc_column css=&#8221;.vc_custom_1616260299133{margin-bottom: -20px !important;}&#8221;][vc_column_text css=&#8221;&#8221;]<\/p>\n<h2><strong>SPA-Whirlpools &#8211; rhythmische Druckstr\u00f6mungen<\/strong><\/h2>\n<p><span class=\"JsGRdQ\">Unsere <strong>Whirlpools<\/strong> sind mit strategisch platzierten und <strong>unterschiedlichen D\u00fcsen<\/strong> ausgestattet, die rhythmische Druckstr\u00f6me erzeugen. Aus diesem Grund garantieren sie eine <strong>ganzk\u00f6rperliche Massage<\/strong>, indem sie sich \u00fcber verschiedenen Therapiezonen verf\u00fcgen. Verschieden <strong>Whirlpools<\/strong> k\u00f6nnen mit <strong>Anti-Aging-Therapie<\/strong> ausgestattet werden: die sogenannte &#8220;Mikrosilk&#8221;. Der Sauerstoffgehalt im Wasser mit der MicroSilk\u00ae Hydrotherapie ist bis zu 70% h\u00f6her. Die Mikrobl\u00e4schen dringen in die feinen Poren ein und sorgen f\u00fcr eine <strong>belebende<\/strong> und entspannende Tiefenreinigung. Der Sauerstoff sorgt f\u00fcr einen besseren Stoffwechsel der Haut.und erh\u00f6ht die Hydratisierung trockener Haut nachhaltig. Das Wachstum und die Regeneration der Hautzellen wird gef\u00f6rdert, Hautekzeme gelindert und Falten reduziert.<br \/>\n<\/span>[\/vc_column_text][\/vc_column][\/vc_row][vc_row css=&#8221;.vc_custom_1748434410396{padding-top: 20px !important;padding-right: 20px !important;padding-left: 20px !important;background-color: #C9C8C894 !important;}&#8221;][vc_column width=&#8221;1\/2&#8243;][vc_column_text css=&#8221;.vc_custom_1748434400014{padding-right: 20px !important;padding-left: 20px !important;}&#8221;]<\/p>\n<h2>\u2753 H\u00e4ufig gestellte Fragen<\/h2>\n<p>\n<strong>Wie viel Strom verbraucht ein Whirlpool?<\/strong><br \/>\nDas h\u00e4ngt vom Modell und der eingestellten Temperatur ab, aber alle unsere Produkte sind mit energieeffizienten Systemen ausgestattet.\n<\/p>\n<p>\n<strong>K\u00f6nnen Swim Spas das ganze Jahr \u00fcber genutzt werden?<\/strong><br \/>\nJa, dank integrierter Heizung und W\u00e4rmed\u00e4mmung sind sie auch im Winter perfekt einsetzbar.\n<\/p>\n<p>\n<strong>Kann ich die Modelle vor dem Kauf sehen?<\/strong><br \/>\nNat\u00fcrlich! Kontaktieren Sie uns f\u00fcr einen Besuch in unserem Showroom oder um einen digitalen Katalog zu erhalten.\n<\/p>\n<p>[\/vc_column_text][\/vc_column][vc_column width=&#8221;1\/2&#8243;][vc_column_text css=&#8221;&#8221;]Mit Atec Pool k\u00f6nnen Sie endlich <strong>ma\u00dfgeschneidertes Wohlbefinden direkt zu sich nach Hause bringen<\/strong>. <br \/>Unsere Whirlpools, Design-Spas und Swim Spas sind f\u00fcr alle gedacht, die in jedem Detail Qualit\u00e4t, \u00c4sthetik und Funktionalit\u00e4t sch\u00e4tzen.<\/p>\n<h4>\n<span style=\"color: #0000ff;\"><br \/>\n<a class=\"cursor-pointer\" style=\"color: #0000ff;\" href=\"mailto:info@atecpool.ch\" target=\"_new\" rel=\"noopener\"><br \/>\n<strong>Kontaktieren Sie uns f\u00fcr ein kostenloses Angebot<\/strong><br \/>\n<\/a><br \/>\n<\/span><br \/>\n<\/h4>\n<p>[\/vc_column_text][\/vc_column][\/vc_row]<\/p>\n<\/div>","protected":false},"excerpt":{"rendered":"<p>[vc_row][vc_column][vc_column_text css=&#8221;&#8221;] Whirlpools und Swim Spas im Tessin \u2013 Entdecken Sie ma\u00dfgeschneidertes Wohlbefinden Willkommen bei Atec Pool, Ihrem zuverl\u00e4ssigen Partner im Tessin f\u00fcr Whirlpools und Swim<span class=\"excerpt-hellip\"> [\u2026]<\/span><\/p>\n","protected":false},"author":4,"featured_media":34054,"parent":0,"menu_order":0,"comment_status":"closed","ping_status":"closed","template":"","meta":{"footnotes":""},"class_list":["post-20106","page","type-page","status-publish","has-post-thumbnail","hentry"],"yoast_head":"<!-- This site is optimized with the Yoast SEO Premium plugin v26.2 (Yoast SEO v27.4) - https:\/\/yoast.com\/product\/yoast-seo-premium-wordpress\/ -->\n<title>Whirlpools - Whirlpools Schweiz Design Spa<\/title>\n<meta name=\"description\" content=\"Entdecken Sie die perfekten Whirlpools f\u00fcr Ihr Wohlbefinden zu Hause. Entspannen Sie in elegantem Design und genie\u00dfen Sie pure Erholung.\" \/>\n<meta name=\"robots\" content=\"index, follow, max-snippet:-1, max-image-preview:large, max-video-preview:-1\" \/>\n<link rel=\"canonical\" href=\"https:\/\/www.atecpool.ch\/de\/whirlpools\/\" \/>\n<meta property=\"og:locale\" content=\"de_DE\" \/>\n<meta property=\"og:type\" content=\"article\" \/>\n<meta property=\"og:title\" content=\"Traum-Whirlpools zum besten Preis-Leistungs-Verh\u00e4ltnis\" \/>\n<meta property=\"og:description\" content=\"Entdecken Sie unser vielseitiges Angebot, gerne zeigen wir Ihnen die Vorteile unserer Whirlpools. Freistehende und versenkbare Whirlpools, f\u00fcr Innenr\u00e4ume und Garten.\" \/>\n<meta property=\"og:url\" content=\"https:\/\/www.atecpool.ch\/de\/whirlpools\/\" \/>\n<meta property=\"og:site_name\" content=\"Atec Pool\" \/>\n<meta property=\"article:publisher\" content=\"https:\/\/www.facebook.com\/atecpool.ch\/\" \/>\n<meta property=\"article:modified_time\" content=\"2025-09-04T06:01:01+00:00\" \/>\n<meta property=\"og:image\" content=\"https:\/\/www.atecpool.ch\/wp-content\/uploads\/2021\/03\/Spas.jpg\" \/>\n<meta name=\"twitter:card\" content=\"summary_large_image\" \/>\n<meta name=\"twitter:title\" content=\"Traum-Whirlpools zum besten Preis-Leistungs-Verh\u00e4ltnis\" \/>\n<meta name=\"twitter:description\" content=\"Entdecken Sie unser vielseitiges Angebot, gerne zeigen wir Ihnen die Vorteile unserer Whirlpools. Freistehende und versenkbare Whirlpools, f\u00fcr Innenr\u00e4ume und Garten.\" \/>\n<meta name=\"twitter:label1\" content=\"Gesch\u00e4tzte Lesezeit\" \/>\n\t<meta name=\"twitter:data1\" content=\"5 minutes\" \/>\n<script type=\"application\/ld+json\" class=\"yoast-schema-graph\">{\"@context\":\"https:\\\/\\\/schema.org\",\"@graph\":[{\"@type\":\"WebPage\",\"@id\":\"https:\\\/\\\/www.atecpool.ch\\\/de\\\/whirlpools\\\/\",\"url\":\"https:\\\/\\\/www.atecpool.ch\\\/de\\\/whirlpools\\\/\",\"name\":\"Whirlpools - Whirlpools Schweiz Design Spa\",\"isPartOf\":{\"@id\":\"https:\\\/\\\/www.atecpool.ch\\\/de\\\/#website\"},\"primaryImageOfPage\":{\"@id\":\"https:\\\/\\\/www.atecpool.ch\\\/de\\\/whirlpools\\\/#primaryimage\"},\"image\":{\"@id\":\"https:\\\/\\\/www.atecpool.ch\\\/de\\\/whirlpools\\\/#primaryimage\"},\"thumbnailUrl\":\"https:\\\/\\\/www.atecpool.ch\\\/wp-content\\\/uploads\\\/2025\\\/05\\\/vasca-idromassaggio-design-notturno-led-terrazza-scaled.webp\",\"datePublished\":\"2021-03-21T04:52:50+00:00\",\"dateModified\":\"2025-09-04T06:01:01+00:00\",\"description\":\"Entdecken Sie die perfekten Whirlpools f\u00fcr Ihr Wohlbefinden zu Hause. Entspannen Sie in elegantem Design und genie\u00dfen Sie pure Erholung.\",\"breadcrumb\":{\"@id\":\"https:\\\/\\\/www.atecpool.ch\\\/de\\\/whirlpools\\\/#breadcrumb\"},\"inLanguage\":\"de-DE\",\"potentialAction\":[{\"@type\":\"ReadAction\",\"target\":[\"https:\\\/\\\/www.atecpool.ch\\\/de\\\/whirlpools\\\/\"]}]},{\"@type\":\"ImageObject\",\"inLanguage\":\"de-DE\",\"@id\":\"https:\\\/\\\/www.atecpool.ch\\\/de\\\/whirlpools\\\/#primaryimage\",\"url\":\"https:\\\/\\\/www.atecpool.ch\\\/wp-content\\\/uploads\\\/2025\\\/05\\\/vasca-idromassaggio-design-notturno-led-terrazza-scaled.webp\",\"contentUrl\":\"https:\\\/\\\/www.atecpool.ch\\\/wp-content\\\/uploads\\\/2025\\\/05\\\/vasca-idromassaggio-design-notturno-led-terrazza-scaled.webp\",\"width\":1600,\"height\":1200,\"caption\":\"Ein perfekter Moment der Entspannung: Whirlpool mit blauem LED-Licht, ideal f\u00fcr Abende im Freien auf der Terrasse.\"},{\"@type\":\"BreadcrumbList\",\"@id\":\"https:\\\/\\\/www.atecpool.ch\\\/de\\\/whirlpools\\\/#breadcrumb\",\"itemListElement\":[{\"@type\":\"ListItem\",\"position\":1,\"name\":\"Home\",\"item\":\"https:\\\/\\\/www.atecpool.ch\\\/de\\\/home\\\/\"},{\"@type\":\"ListItem\",\"position\":2,\"name\":\"Whirlpools\"}]},{\"@type\":\"WebSite\",\"@id\":\"https:\\\/\\\/www.atecpool.ch\\\/de\\\/#website\",\"url\":\"https:\\\/\\\/www.atecpool.ch\\\/de\\\/\",\"name\":\"Atec Pool\",\"description\":\"Pool \u00b7 Sauna \u00b7 Wellness\",\"publisher\":{\"@id\":\"https:\\\/\\\/www.atecpool.ch\\\/de\\\/#organization\"},\"potentialAction\":[{\"@type\":\"SearchAction\",\"target\":{\"@type\":\"EntryPoint\",\"urlTemplate\":\"https:\\\/\\\/www.atecpool.ch\\\/de\\\/?s={search_term_string}\"},\"query-input\":{\"@type\":\"PropertyValueSpecification\",\"valueRequired\":true,\"valueName\":\"search_term_string\"}}],\"inLanguage\":\"de-DE\"},{\"@type\":[\"Organization\",\"Place\"],\"@id\":\"https:\\\/\\\/www.atecpool.ch\\\/de\\\/#organization\",\"name\":\"Atec Pool\",\"url\":\"https:\\\/\\\/www.atecpool.ch\\\/de\\\/\",\"logo\":{\"@id\":\"https:\\\/\\\/www.atecpool.ch\\\/de\\\/whirlpools\\\/#local-main-organization-logo\"},\"image\":{\"@id\":\"https:\\\/\\\/www.atecpool.ch\\\/de\\\/whirlpools\\\/#local-main-organization-logo\"},\"sameAs\":[\"https:\\\/\\\/www.facebook.com\\\/atecpool.ch\\\/\",\"https:\\\/\\\/www.instagram.com\\\/atecpool_ch\\\/\"],\"address\":{\"@id\":\"https:\\\/\\\/www.atecpool.ch\\\/de\\\/whirlpools\\\/#local-main-place-address\"},\"telephone\":[\"+41 91 980 33 93\"],\"openingHoursSpecification\":[{\"@type\":\"OpeningHoursSpecification\",\"dayOfWeek\":[\"Monday\",\"Tuesday\",\"Wednesday\",\"Thursday\",\"Friday\",\"Saturday\",\"Sunday\"],\"opens\":\"09:00\",\"closes\":\"17:00\"}],\"email\":\"info@atecpool.ch\"},{\"@type\":\"PostalAddress\",\"@id\":\"https:\\\/\\\/www.atecpool.ch\\\/de\\\/whirlpools\\\/#local-main-place-address\",\"streetAddress\":\"Via Cantonale 5\",\"addressLocality\":\"Grancia\",\"postalCode\":\"6916\",\"addressCountry\":\"CH\"},{\"@type\":\"ImageObject\",\"inLanguage\":\"de-DE\",\"@id\":\"https:\\\/\\\/www.atecpool.ch\\\/de\\\/whirlpools\\\/#local-main-organization-logo\",\"url\":\"https:\\\/\\\/www.atecpool.ch\\\/wp-content\\\/uploads\\\/2020\\\/09\\\/atec_logo.png\",\"contentUrl\":\"https:\\\/\\\/www.atecpool.ch\\\/wp-content\\\/uploads\\\/2020\\\/09\\\/atec_logo.png\",\"width\":500,\"height\":145,\"caption\":\"Atec Pool\"}]}<\/script>\n<meta name=\"geo.placename\" content=\"Grancia\" \/>\n<meta name=\"geo.region\" content=\"Schweiz\" \/>\n<!-- \/ Yoast SEO Premium plugin. -->","yoast_head_json":{"title":"Whirlpools - Whirlpools Schweiz Design Spa","description":"Entdecken Sie die perfekten Whirlpools f\u00fcr Ihr Wohlbefinden zu Hause. Entspannen Sie in elegantem Design und genie\u00dfen Sie pure Erholung.","robots":{"index":"index","follow":"follow","max-snippet":"max-snippet:-1","max-image-preview":"max-image-preview:large","max-video-preview":"max-video-preview:-1"},"canonical":"https:\/\/www.atecpool.ch\/de\/whirlpools\/","og_locale":"de_DE","og_type":"article","og_title":"Traum-Whirlpools zum besten Preis-Leistungs-Verh\u00e4ltnis","og_description":"Entdecken Sie unser vielseitiges Angebot, gerne zeigen wir Ihnen die Vorteile unserer Whirlpools. Freistehende und versenkbare Whirlpools, f\u00fcr Innenr\u00e4ume und Garten.","og_url":"https:\/\/www.atecpool.ch\/de\/whirlpools\/","og_site_name":"Atec Pool","article_publisher":"https:\/\/www.facebook.com\/atecpool.ch\/","article_modified_time":"2025-09-04T06:01:01+00:00","og_image":[{"url":"https:\/\/www.atecpool.ch\/wp-content\/uploads\/2021\/03\/Spas.jpg","type":"","width":"","height":""}],"twitter_card":"summary_large_image","twitter_title":"Traum-Whirlpools zum besten Preis-Leistungs-Verh\u00e4ltnis","twitter_description":"Entdecken Sie unser vielseitiges Angebot, gerne zeigen wir Ihnen die Vorteile unserer Whirlpools. Freistehende und versenkbare Whirlpools, f\u00fcr Innenr\u00e4ume und Garten.","twitter_misc":{"Gesch\u00e4tzte Lesezeit":"5 minutes"},"schema":{"@context":"https:\/\/schema.org","@graph":[{"@type":"WebPage","@id":"https:\/\/www.atecpool.ch\/de\/whirlpools\/","url":"https:\/\/www.atecpool.ch\/de\/whirlpools\/","name":"Whirlpools - Whirlpools Schweiz Design Spa","isPartOf":{"@id":"https:\/\/www.atecpool.ch\/de\/#website"},"primaryImageOfPage":{"@id":"https:\/\/www.atecpool.ch\/de\/whirlpools\/#primaryimage"},"image":{"@id":"https:\/\/www.atecpool.ch\/de\/whirlpools\/#primaryimage"},"thumbnailUrl":"https:\/\/www.atecpool.ch\/wp-content\/uploads\/2025\/05\/vasca-idromassaggio-design-notturno-led-terrazza-scaled.webp","datePublished":"2021-03-21T04:52:50+00:00","dateModified":"2025-09-04T06:01:01+00:00","description":"Entdecken Sie die perfekten Whirlpools f\u00fcr Ihr Wohlbefinden zu Hause. Entspannen Sie in elegantem Design und genie\u00dfen Sie pure Erholung.","breadcrumb":{"@id":"https:\/\/www.atecpool.ch\/de\/whirlpools\/#breadcrumb"},"inLanguage":"de-DE","potentialAction":[{"@type":"ReadAction","target":["https:\/\/www.atecpool.ch\/de\/whirlpools\/"]}]},{"@type":"ImageObject","inLanguage":"de-DE","@id":"https:\/\/www.atecpool.ch\/de\/whirlpools\/#primaryimage","url":"https:\/\/www.atecpool.ch\/wp-content\/uploads\/2025\/05\/vasca-idromassaggio-design-notturno-led-terrazza-scaled.webp","contentUrl":"https:\/\/www.atecpool.ch\/wp-content\/uploads\/2025\/05\/vasca-idromassaggio-design-notturno-led-terrazza-scaled.webp","width":1600,"height":1200,"caption":"Ein perfekter Moment der Entspannung: Whirlpool mit blauem LED-Licht, ideal f\u00fcr Abende im Freien auf der Terrasse."},{"@type":"BreadcrumbList","@id":"https:\/\/www.atecpool.ch\/de\/whirlpools\/#breadcrumb","itemListElement":[{"@type":"ListItem","position":1,"name":"Home","item":"https:\/\/www.atecpool.ch\/de\/home\/"},{"@type":"ListItem","position":2,"name":"Whirlpools"}]},{"@type":"WebSite","@id":"https:\/\/www.atecpool.ch\/de\/#website","url":"https:\/\/www.atecpool.ch\/de\/","name":"Atec Pool","description":"Pool \u00b7 Sauna \u00b7 Wellness","publisher":{"@id":"https:\/\/www.atecpool.ch\/de\/#organization"},"potentialAction":[{"@type":"SearchAction","target":{"@type":"EntryPoint","urlTemplate":"https:\/\/www.atecpool.ch\/de\/?s={search_term_string}"},"query-input":{"@type":"PropertyValueSpecification","valueRequired":true,"valueName":"search_term_string"}}],"inLanguage":"de-DE"},{"@type":["Organization","Place"],"@id":"https:\/\/www.atecpool.ch\/de\/#organization","name":"Atec Pool","url":"https:\/\/www.atecpool.ch\/de\/","logo":{"@id":"https:\/\/www.atecpool.ch\/de\/whirlpools\/#local-main-organization-logo"},"image":{"@id":"https:\/\/www.atecpool.ch\/de\/whirlpools\/#local-main-organization-logo"},"sameAs":["https:\/\/www.facebook.com\/atecpool.ch\/","https:\/\/www.instagram.com\/atecpool_ch\/"],"address":{"@id":"https:\/\/www.atecpool.ch\/de\/whirlpools\/#local-main-place-address"},"telephone":["+41 91 980 33 93"],"openingHoursSpecification":[{"@type":"OpeningHoursSpecification","dayOfWeek":["Monday","Tuesday","Wednesday","Thursday","Friday","Saturday","Sunday"],"opens":"09:00","closes":"17:00"}],"email":"info@atecpool.ch"},{"@type":"PostalAddress","@id":"https:\/\/www.atecpool.ch\/de\/whirlpools\/#local-main-place-address","streetAddress":"Via Cantonale 5","addressLocality":"Grancia","postalCode":"6916","addressCountry":"CH"},{"@type":"ImageObject","inLanguage":"de-DE","@id":"https:\/\/www.atecpool.ch\/de\/whirlpools\/#local-main-organization-logo","url":"https:\/\/www.atecpool.ch\/wp-content\/uploads\/2020\/09\/atec_logo.png","contentUrl":"https:\/\/www.atecpool.ch\/wp-content\/uploads\/2020\/09\/atec_logo.png","width":500,"height":145,"caption":"Atec Pool"}]},"geo.placename":"Grancia","geo.region":"Schweiz"},"_links":{"self":[{"href":"https:\/\/www.atecpool.ch\/de\/wp-json\/wp\/v2\/pages\/20106","targetHints":{"allow":["GET"]}}],"collection":[{"href":"https:\/\/www.atecpool.ch\/de\/wp-json\/wp\/v2\/pages"}],"about":[{"href":"https:\/\/www.atecpool.ch\/de\/wp-json\/wp\/v2\/types\/page"}],"author":[{"embeddable":true,"href":"https:\/\/www.atecpool.ch\/de\/wp-json\/wp\/v2\/users\/4"}],"replies":[{"embeddable":true,"href":"https:\/\/www.atecpool.ch\/de\/wp-json\/wp\/v2\/comments?post=20106"}],"version-history":[{"count":12,"href":"https:\/\/www.atecpool.ch\/de\/wp-json\/wp\/v2\/pages\/20106\/revisions"}],"predecessor-version":[{"id":35399,"href":"https:\/\/www.atecpool.ch\/de\/wp-json\/wp\/v2\/pages\/20106\/revisions\/35399"}],"wp:featuredmedia":[{"embeddable":true,"href":"https:\/\/www.atecpool.ch\/de\/wp-json\/wp\/v2\/media\/34054"}],"wp:attachment":[{"href":"https:\/\/www.atecpool.ch\/de\/wp-json\/wp\/v2\/media?parent=20106"}],"curies":[{"name":"wp","href":"https:\/\/api.w.org\/{rel}","templated":true}]}}