{"id":16457,"date":"2020-11-18T13:25:15","date_gmt":"2020-11-18T13:25:15","guid":{"rendered":"https:\/\/www.atecpool.ch\/?page_id=16457"},"modified":"2025-09-29T09:53:01","modified_gmt":"2025-09-29T07:53:01","slug":"chemie-zubehoer-und-reinigungsmittel","status":"publish","type":"page","link":"https:\/\/www.atecpool.ch\/de\/chemie-zubehoer-und-reinigungsmittel\/","title":{"rendered":"Zubeh\u00f6r f\u00fcr Garten und Schwimmbad"},"content":{"rendered":"<div class=\"wpb-content-wrapper\"><p>[vc_row][vc_column][vc_column_text css=&#8221;&#8221;]<\/p>\n<h1 style=\"text-align: center;\">ZUBEH\u00d6R F\u00dcR SCHWIMMB\u00c4DER, SAUNEN UND GARTEN<\/h1>\n<p>\n[\/vc_column_text][\/vc_column][\/vc_row][vc_row][vc_column][vc_column_text css=&#8221;&#8221;]<\/p>\n<h2 style=\"text-align: left;\">In unserem Gesch\u00e4ft finden Sie eine gro\u00dfe Auswahl an Produkten und Marken f\u00fcr all Ihre Bed\u00fcrfnisse. Wir bieten die besten Produkte auf dem Markt f\u00fcr Schwimmb\u00e4der, Spas und Saunen.<\/h2>\n<p>\n[\/vc_column_text][\/vc_column][\/vc_row][vc_row equal_height=&#8221;yes&#8221; content_placement=&#8221;middle&#8221;][vc_column width=&#8221;1\/2&#8243;][vc_single_image image=&#8221;34486&#8243; img_size=&#8221;full&#8221; alignment=&#8221;center&#8221; css=&#8221;&#8221;][\/vc_column][vc_column width=&#8221;1\/2&#8243;][vc_column_text css=&#8221;&#8221;]<\/p>\n<h2>Poolroboter<\/h2>\n<p>\n[\/vc_column_text][vc_btn title=&#8221;Entdecken Sie jetzt unser umfangreiches Sortiment&#8221; color=&#8221;juicy-pink&#8221; css=&#8221;&#8221; link=&#8221;url:https%3A%2F%2Fwww.atecpool.ch%2Fde%2Fschwimmbadroboter%2F|title:Schwimmbadroboter|&#8221;][\/vc_column][\/vc_row][vc_row][vc_column width=&#8221;1\/3&#8243;][vc_single_image image=&#8221;34631&#8243; img_size=&#8221;full&#8221; alignment=&#8221;center&#8221; css=&#8221;&#8221;][\/vc_column][vc_column width=&#8221;1\/3&#8243;][vc_single_image image=&#8221;34624&#8243; img_size=&#8221;full&#8221; alignment=&#8221;center&#8221; css=&#8221;&#8221;][\/vc_column][vc_column width=&#8221;1\/3&#8243;][vc_single_image image=&#8221;34629&#8243; img_size=&#8221;full&#8221; alignment=&#8221;center&#8221; css=&#8221;&#8221;][\/vc_column][\/vc_row][vc_row][vc_column][vc_column_text css=&#8221;&#8221;]<\/p>\n<p style=\"text-align: left;\">In unserem Showroom finden Sie eine sehr gro\u00dfe Auswahl an Produkten und Marken f\u00fcr jeden Bedarf. Wir haben die besten Produkte auf dem Markt f\u00fcr Schwimmb\u00e4der, Spas oder Saunen.<\/p>\n<p>&nbsp;<\/p>\n<p style=\"text-align: left;\">F\u00fcr Schwimmb\u00e4der bieten wir die Auswahl vieler Produkte zur Regulierung des pH-Werts, zur Desinfektion, zur Algenverh\u00fctung, Flockungs- und Kl\u00e4rmittel sowie Produkte f\u00fcr die \u00dcberwinterung und zahlreiche Reinigungszubeh\u00f6rteile.<\/p>\n<p>&nbsp;<\/p>\n<p style=\"text-align: left;\">F\u00fcr Spas bieten wir Produkte von Granulat \u00fcber Kl\u00e4rmittel, Tabletten, Antischaum bis hin zu vielen Zubeh\u00f6rartikeln. Dasselbe gilt f\u00fcr Produkte f\u00fcr die Sauna und ihre besonderen und entspannenden Essenzen.<\/p>\n<p>&nbsp;<\/p>\n<p style=\"text-align: left;\">Atec Pool Sagl ist offizieller H\u00e4ndler der Produkte von <a href=\"https:\/\/www.bayrol.com\/\">Bayrol<\/a> und unter den verschiedenen Marken finden Sie Spa Time, \u2026<\/p>\n<p>\n[\/vc_column_text][\/vc_column][\/vc_row][vc_row][vc_column][vc_btn title=&#8221;Anfrage Informationen&#8221; color=&#8221;blue&#8221; size=&#8221;lg&#8221; align=&#8221;center&#8221; i_icon_fontawesome=&#8221;fas fa-info-circle&#8221; css_animation=&#8221;top-to-bottom&#8221; add_icon=&#8221;true&#8221; link=&#8221;url:https%3A%2F%2Fwww.atecpool.ch%2Fform-view%2F8|title:Kontakt|target:_blank|&#8221;][\/vc_column][\/vc_row][vc_row][vc_column width=&#8221;1\/3&#8243;][vc_single_image image=&#8221;29282&#8243; img_size=&#8221;full&#8221;][\/vc_column][vc_column width=&#8221;1\/3&#8243;][vc_column_text]<\/p>\n<h4 style=\"text-align: center;\"><span class=\"a-list-item\"><strong>Aqua Jack 500<\/strong><\/span><\/h4>\n<p>&nbsp;<\/p>\n<ul>\n<li class=\"a-spacing-mini\"><span class=\"a-list-item\"> Praktischer elektrischer Sauger \/ Handsauger mit B\u00fcrste zur Reinigung von Schwimmbad und Spa mit Mikropartikelfilter (auch f\u00fcr feinste Verunreinigungen). <\/span><\/li>\n<li class=\"a-spacing-mini\"><span class=\"a-list-item\"> Kabelloser Betrieb \u00fcber wiederaufladbare Batterien\/Akkus. <\/span><\/li>\n<li class=\"a-spacing-mini\"><span class=\"a-list-item\"> Zielgerichtete Reinigung mit hoher Saugleistung (120 l\/min.). <\/span><\/li>\n<li class=\"a-spacing-mini\"><span class=\"a-list-item\"> Inklusive eigenes Filtersystem mit hoher Filterkapazit\u00e4t von 2,0 l. <\/span><\/li>\n<li class=\"a-spacing-mini\"><span class=\"a-list-item\"> Ideal f\u00fcr mittelgro\u00dfe Schwimmb\u00e4der und Spa-Becken. <\/span><\/li>\n<\/ul>\n<p>\n[\/vc_column_text][\/vc_column][vc_column width=&#8221;1\/3&#8243;][vc_video link=&#8221;https:\/\/youtu.be\/Fsu9HK3LvtI&#8221; align=&#8221;center&#8221;][\/vc_column][\/vc_row]<\/p>\n<\/div>","protected":false},"excerpt":{"rendered":"<p>[vc_row][vc_column][vc_column_text css=&#8221;&#8221;] ZUBEH\u00d6R F\u00dcR SCHWIMMB\u00c4DER, SAUNEN UND GARTEN [\/vc_column_text][\/vc_column][\/vc_row][vc_row][vc_column][vc_column_text css=&#8221;&#8221;] In unserem Gesch\u00e4ft finden Sie eine gro\u00dfe Auswahl an Produkten und Marken f\u00fcr all Ihre Bed\u00fcrfnisse.<span class=\"excerpt-hellip\"> [\u2026]<\/span><\/p>\n","protected":false},"author":12,"featured_media":34504,"parent":0,"menu_order":0,"comment_status":"closed","ping_status":"closed","template":"","meta":{"footnotes":""},"class_list":["post-16457","page","type-page","status-publish","has-post-thumbnail","hentry"],"yoast_head":"<!-- This site is optimized with the Yoast SEO Premium plugin v26.2 (Yoast SEO v27.4) - https:\/\/yoast.com\/product\/yoast-seo-premium-wordpress\/ -->\n<title>Zubeh\u00f6r f\u00fcr Garten und Schwimmbad - Atec Pool Pool-Chemie &amp; Zubeh\u00f6r<\/title>\n<meta name=\"description\" content=\"Entdecken Sie das Sortiment an Chemie- und Reinigungsprodukten von Atec Pool. Poolchemie f\u00fcr jede Schwimmbadart. Kontaktieren Sie uns f\u00fcr weitere Informationen.\" \/>\n<meta name=\"robots\" content=\"index, follow, max-snippet:-1, max-image-preview:large, max-video-preview:-1\" \/>\n<link rel=\"canonical\" href=\"https:\/\/www.atecpool.ch\/de\/chemie-zubehoer-und-reinigungsmittel\/\" \/>\n<meta property=\"og:locale\" content=\"de_DE\" \/>\n<meta property=\"og:type\" content=\"article\" \/>\n<meta property=\"og:title\" content=\"Zubeh\u00f6r f\u00fcr Garten und Schwimmbad\" \/>\n<meta property=\"og:description\" content=\"Entdecken Sie das Sortiment an Chemie- und Reinigungsprodukten von Atec Pool. Poolchemie f\u00fcr jede Schwimmbadart. Kontaktieren Sie uns f\u00fcr weitere Informationen.\" \/>\n<meta property=\"og:url\" content=\"https:\/\/www.atecpool.ch\/de\/chemie-zubehoer-und-reinigungsmittel\/\" \/>\n<meta property=\"og:site_name\" content=\"Atec Pool\" \/>\n<meta property=\"article:publisher\" content=\"https:\/\/www.facebook.com\/atecpool.ch\/\" \/>\n<meta property=\"article:modified_time\" content=\"2025-09-29T07:53:01+00:00\" \/>\n<meta property=\"og:image\" content=\"https:\/\/www.atecpool.ch\/wp-content\/uploads\/2025\/07\/Zodiac-Vortex-4WD-OV-5480-iQ.webp\" \/>\n\t<meta property=\"og:image:width\" content=\"615\" \/>\n\t<meta property=\"og:image:height\" content=\"615\" \/>\n\t<meta property=\"og:image:type\" content=\"image\/webp\" \/>\n<meta name=\"twitter:card\" content=\"summary_large_image\" \/>\n<meta name=\"twitter:label1\" content=\"Gesch\u00e4tzte Lesezeit\" \/>\n\t<meta name=\"twitter:data1\" content=\"1 minute\" \/>\n<script type=\"application\/ld+json\" class=\"yoast-schema-graph\">{\"@context\":\"https:\\\/\\\/schema.org\",\"@graph\":[{\"@type\":\"WebPage\",\"@id\":\"https:\\\/\\\/www.atecpool.ch\\\/de\\\/chemie-zubehoer-und-reinigungsmittel\\\/\",\"url\":\"https:\\\/\\\/www.atecpool.ch\\\/de\\\/chemie-zubehoer-und-reinigungsmittel\\\/\",\"name\":\"Zubeh\u00f6r f\u00fcr Garten und Schwimmbad - Atec Pool Pool-Chemie & Zubeh\u00f6r\",\"isPartOf\":{\"@id\":\"https:\\\/\\\/www.atecpool.ch\\\/de\\\/#website\"},\"primaryImageOfPage\":{\"@id\":\"https:\\\/\\\/www.atecpool.ch\\\/de\\\/chemie-zubehoer-und-reinigungsmittel\\\/#primaryimage\"},\"image\":{\"@id\":\"https:\\\/\\\/www.atecpool.ch\\\/de\\\/chemie-zubehoer-und-reinigungsmittel\\\/#primaryimage\"},\"thumbnailUrl\":\"https:\\\/\\\/www.atecpool.ch\\\/wp-content\\\/uploads\\\/2025\\\/07\\\/Zodiac-Vortex-4WD-OV-5480-iQ.webp\",\"datePublished\":\"2020-11-18T13:25:15+00:00\",\"dateModified\":\"2025-09-29T07:53:01+00:00\",\"description\":\"Entdecken Sie das Sortiment an Chemie- und Reinigungsprodukten von Atec Pool. Poolchemie f\u00fcr jede Schwimmbadart. Kontaktieren Sie uns f\u00fcr weitere Informationen.\",\"breadcrumb\":{\"@id\":\"https:\\\/\\\/www.atecpool.ch\\\/de\\\/chemie-zubehoer-und-reinigungsmittel\\\/#breadcrumb\"},\"inLanguage\":\"de-DE\",\"potentialAction\":[{\"@type\":\"ReadAction\",\"target\":[\"https:\\\/\\\/www.atecpool.ch\\\/de\\\/chemie-zubehoer-und-reinigungsmittel\\\/\"]}]},{\"@type\":\"ImageObject\",\"inLanguage\":\"de-DE\",\"@id\":\"https:\\\/\\\/www.atecpool.ch\\\/de\\\/chemie-zubehoer-und-reinigungsmittel\\\/#primaryimage\",\"url\":\"https:\\\/\\\/www.atecpool.ch\\\/wp-content\\\/uploads\\\/2025\\\/07\\\/Zodiac-Vortex-4WD-OV-5480-iQ.webp\",\"contentUrl\":\"https:\\\/\\\/www.atecpool.ch\\\/wp-content\\\/uploads\\\/2025\\\/07\\\/Zodiac-Vortex-4WD-OV-5480-iQ.webp\",\"width\":615,\"height\":615,\"caption\":\"Il Zodiac OV 5480 iQ \u00e8 un robot con trazione integrale e aspirazione ciclonica per una pulizia precisa e intelligente.\"},{\"@type\":\"BreadcrumbList\",\"@id\":\"https:\\\/\\\/www.atecpool.ch\\\/de\\\/chemie-zubehoer-und-reinigungsmittel\\\/#breadcrumb\",\"itemListElement\":[{\"@type\":\"ListItem\",\"position\":1,\"name\":\"Home\",\"item\":\"https:\\\/\\\/www.atecpool.ch\\\/de\\\/home\\\/\"},{\"@type\":\"ListItem\",\"position\":2,\"name\":\"Zubeh\u00f6r f\u00fcr Garten und Schwimmbad\"}]},{\"@type\":\"WebSite\",\"@id\":\"https:\\\/\\\/www.atecpool.ch\\\/de\\\/#website\",\"url\":\"https:\\\/\\\/www.atecpool.ch\\\/de\\\/\",\"name\":\"Atec Pool\",\"description\":\"Pool \u00b7 Sauna \u00b7 Wellness\",\"publisher\":{\"@id\":\"https:\\\/\\\/www.atecpool.ch\\\/de\\\/#organization\"},\"potentialAction\":[{\"@type\":\"SearchAction\",\"target\":{\"@type\":\"EntryPoint\",\"urlTemplate\":\"https:\\\/\\\/www.atecpool.ch\\\/de\\\/?s={search_term_string}\"},\"query-input\":{\"@type\":\"PropertyValueSpecification\",\"valueRequired\":true,\"valueName\":\"search_term_string\"}}],\"inLanguage\":\"de-DE\"},{\"@type\":[\"Organization\",\"Place\"],\"@id\":\"https:\\\/\\\/www.atecpool.ch\\\/de\\\/#organization\",\"name\":\"Atec Pool\",\"url\":\"https:\\\/\\\/www.atecpool.ch\\\/de\\\/\",\"logo\":{\"@id\":\"https:\\\/\\\/www.atecpool.ch\\\/de\\\/chemie-zubehoer-und-reinigungsmittel\\\/#local-main-organization-logo\"},\"image\":{\"@id\":\"https:\\\/\\\/www.atecpool.ch\\\/de\\\/chemie-zubehoer-und-reinigungsmittel\\\/#local-main-organization-logo\"},\"sameAs\":[\"https:\\\/\\\/www.facebook.com\\\/atecpool.ch\\\/\",\"https:\\\/\\\/www.instagram.com\\\/atecpool_ch\\\/\"],\"address\":{\"@id\":\"https:\\\/\\\/www.atecpool.ch\\\/de\\\/chemie-zubehoer-und-reinigungsmittel\\\/#local-main-place-address\"},\"telephone\":[\"+41 91 980 33 93\"],\"openingHoursSpecification\":[{\"@type\":\"OpeningHoursSpecification\",\"dayOfWeek\":[\"Monday\",\"Tuesday\",\"Wednesday\",\"Thursday\",\"Friday\",\"Saturday\",\"Sunday\"],\"opens\":\"09:00\",\"closes\":\"17:00\"}],\"email\":\"info@atecpool.ch\"},{\"@type\":\"PostalAddress\",\"@id\":\"https:\\\/\\\/www.atecpool.ch\\\/de\\\/chemie-zubehoer-und-reinigungsmittel\\\/#local-main-place-address\",\"streetAddress\":\"Via Cantonale 5\",\"addressLocality\":\"Grancia\",\"postalCode\":\"6916\",\"addressCountry\":\"CH\"},{\"@type\":\"ImageObject\",\"inLanguage\":\"de-DE\",\"@id\":\"https:\\\/\\\/www.atecpool.ch\\\/de\\\/chemie-zubehoer-und-reinigungsmittel\\\/#local-main-organization-logo\",\"url\":\"https:\\\/\\\/www.atecpool.ch\\\/wp-content\\\/uploads\\\/2020\\\/09\\\/atec_logo.png\",\"contentUrl\":\"https:\\\/\\\/www.atecpool.ch\\\/wp-content\\\/uploads\\\/2020\\\/09\\\/atec_logo.png\",\"width\":500,\"height\":145,\"caption\":\"Atec Pool\"}]}<\/script>\n<meta name=\"geo.placename\" content=\"Grancia\" \/>\n<meta name=\"geo.region\" content=\"Schweiz\" \/>\n<!-- \/ Yoast SEO Premium plugin. -->","yoast_head_json":{"title":"Zubeh\u00f6r f\u00fcr Garten und Schwimmbad - Atec Pool Pool-Chemie & Zubeh\u00f6r","description":"Entdecken Sie das Sortiment an Chemie- und Reinigungsprodukten von Atec Pool. Poolchemie f\u00fcr jede Schwimmbadart. Kontaktieren Sie uns f\u00fcr weitere Informationen.","robots":{"index":"index","follow":"follow","max-snippet":"max-snippet:-1","max-image-preview":"max-image-preview:large","max-video-preview":"max-video-preview:-1"},"canonical":"https:\/\/www.atecpool.ch\/de\/chemie-zubehoer-und-reinigungsmittel\/","og_locale":"de_DE","og_type":"article","og_title":"Zubeh\u00f6r f\u00fcr Garten und Schwimmbad","og_description":"Entdecken Sie das Sortiment an Chemie- und Reinigungsprodukten von Atec Pool. Poolchemie f\u00fcr jede Schwimmbadart. Kontaktieren Sie uns f\u00fcr weitere Informationen.","og_url":"https:\/\/www.atecpool.ch\/de\/chemie-zubehoer-und-reinigungsmittel\/","og_site_name":"Atec Pool","article_publisher":"https:\/\/www.facebook.com\/atecpool.ch\/","article_modified_time":"2025-09-29T07:53:01+00:00","og_image":[{"width":615,"height":615,"url":"https:\/\/www.atecpool.ch\/wp-content\/uploads\/2025\/07\/Zodiac-Vortex-4WD-OV-5480-iQ.webp","type":"image\/webp"}],"twitter_card":"summary_large_image","twitter_misc":{"Gesch\u00e4tzte Lesezeit":"1 minute"},"schema":{"@context":"https:\/\/schema.org","@graph":[{"@type":"WebPage","@id":"https:\/\/www.atecpool.ch\/de\/chemie-zubehoer-und-reinigungsmittel\/","url":"https:\/\/www.atecpool.ch\/de\/chemie-zubehoer-und-reinigungsmittel\/","name":"Zubeh\u00f6r f\u00fcr Garten und Schwimmbad - Atec Pool Pool-Chemie & Zubeh\u00f6r","isPartOf":{"@id":"https:\/\/www.atecpool.ch\/de\/#website"},"primaryImageOfPage":{"@id":"https:\/\/www.atecpool.ch\/de\/chemie-zubehoer-und-reinigungsmittel\/#primaryimage"},"image":{"@id":"https:\/\/www.atecpool.ch\/de\/chemie-zubehoer-und-reinigungsmittel\/#primaryimage"},"thumbnailUrl":"https:\/\/www.atecpool.ch\/wp-content\/uploads\/2025\/07\/Zodiac-Vortex-4WD-OV-5480-iQ.webp","datePublished":"2020-11-18T13:25:15+00:00","dateModified":"2025-09-29T07:53:01+00:00","description":"Entdecken Sie das Sortiment an Chemie- und Reinigungsprodukten von Atec Pool. Poolchemie f\u00fcr jede Schwimmbadart. Kontaktieren Sie uns f\u00fcr weitere Informationen.","breadcrumb":{"@id":"https:\/\/www.atecpool.ch\/de\/chemie-zubehoer-und-reinigungsmittel\/#breadcrumb"},"inLanguage":"de-DE","potentialAction":[{"@type":"ReadAction","target":["https:\/\/www.atecpool.ch\/de\/chemie-zubehoer-und-reinigungsmittel\/"]}]},{"@type":"ImageObject","inLanguage":"de-DE","@id":"https:\/\/www.atecpool.ch\/de\/chemie-zubehoer-und-reinigungsmittel\/#primaryimage","url":"https:\/\/www.atecpool.ch\/wp-content\/uploads\/2025\/07\/Zodiac-Vortex-4WD-OV-5480-iQ.webp","contentUrl":"https:\/\/www.atecpool.ch\/wp-content\/uploads\/2025\/07\/Zodiac-Vortex-4WD-OV-5480-iQ.webp","width":615,"height":615,"caption":"Il Zodiac OV 5480 iQ \u00e8 un robot con trazione integrale e aspirazione ciclonica per una pulizia precisa e intelligente."},{"@type":"BreadcrumbList","@id":"https:\/\/www.atecpool.ch\/de\/chemie-zubehoer-und-reinigungsmittel\/#breadcrumb","itemListElement":[{"@type":"ListItem","position":1,"name":"Home","item":"https:\/\/www.atecpool.ch\/de\/home\/"},{"@type":"ListItem","position":2,"name":"Zubeh\u00f6r f\u00fcr Garten und Schwimmbad"}]},{"@type":"WebSite","@id":"https:\/\/www.atecpool.ch\/de\/#website","url":"https:\/\/www.atecpool.ch\/de\/","name":"Atec Pool","description":"Pool \u00b7 Sauna \u00b7 Wellness","publisher":{"@id":"https:\/\/www.atecpool.ch\/de\/#organization"},"potentialAction":[{"@type":"SearchAction","target":{"@type":"EntryPoint","urlTemplate":"https:\/\/www.atecpool.ch\/de\/?s={search_term_string}"},"query-input":{"@type":"PropertyValueSpecification","valueRequired":true,"valueName":"search_term_string"}}],"inLanguage":"de-DE"},{"@type":["Organization","Place"],"@id":"https:\/\/www.atecpool.ch\/de\/#organization","name":"Atec Pool","url":"https:\/\/www.atecpool.ch\/de\/","logo":{"@id":"https:\/\/www.atecpool.ch\/de\/chemie-zubehoer-und-reinigungsmittel\/#local-main-organization-logo"},"image":{"@id":"https:\/\/www.atecpool.ch\/de\/chemie-zubehoer-und-reinigungsmittel\/#local-main-organization-logo"},"sameAs":["https:\/\/www.facebook.com\/atecpool.ch\/","https:\/\/www.instagram.com\/atecpool_ch\/"],"address":{"@id":"https:\/\/www.atecpool.ch\/de\/chemie-zubehoer-und-reinigungsmittel\/#local-main-place-address"},"telephone":["+41 91 980 33 93"],"openingHoursSpecification":[{"@type":"OpeningHoursSpecification","dayOfWeek":["Monday","Tuesday","Wednesday","Thursday","Friday","Saturday","Sunday"],"opens":"09:00","closes":"17:00"}],"email":"info@atecpool.ch"},{"@type":"PostalAddress","@id":"https:\/\/www.atecpool.ch\/de\/chemie-zubehoer-und-reinigungsmittel\/#local-main-place-address","streetAddress":"Via Cantonale 5","addressLocality":"Grancia","postalCode":"6916","addressCountry":"CH"},{"@type":"ImageObject","inLanguage":"de-DE","@id":"https:\/\/www.atecpool.ch\/de\/chemie-zubehoer-und-reinigungsmittel\/#local-main-organization-logo","url":"https:\/\/www.atecpool.ch\/wp-content\/uploads\/2020\/09\/atec_logo.png","contentUrl":"https:\/\/www.atecpool.ch\/wp-content\/uploads\/2020\/09\/atec_logo.png","width":500,"height":145,"caption":"Atec Pool"}]},"geo.placename":"Grancia","geo.region":"Schweiz"},"_links":{"self":[{"href":"https:\/\/www.atecpool.ch\/de\/wp-json\/wp\/v2\/pages\/16457","targetHints":{"allow":["GET"]}}],"collection":[{"href":"https:\/\/www.atecpool.ch\/de\/wp-json\/wp\/v2\/pages"}],"about":[{"href":"https:\/\/www.atecpool.ch\/de\/wp-json\/wp\/v2\/types\/page"}],"author":[{"embeddable":true,"href":"https:\/\/www.atecpool.ch\/de\/wp-json\/wp\/v2\/users\/12"}],"replies":[{"embeddable":true,"href":"https:\/\/www.atecpool.ch\/de\/wp-json\/wp\/v2\/comments?post=16457"}],"version-history":[{"count":10,"href":"https:\/\/www.atecpool.ch\/de\/wp-json\/wp\/v2\/pages\/16457\/revisions"}],"predecessor-version":[{"id":35727,"href":"https:\/\/www.atecpool.ch\/de\/wp-json\/wp\/v2\/pages\/16457\/revisions\/35727"}],"wp:featuredmedia":[{"embeddable":true,"href":"https:\/\/www.atecpool.ch\/de\/wp-json\/wp\/v2\/media\/34504"}],"wp:attachment":[{"href":"https:\/\/www.atecpool.ch\/de\/wp-json\/wp\/v2\/media?parent=16457"}],"curies":[{"name":"wp","href":"https:\/\/api.w.org\/{rel}","templated":true}]}}