{"id":15471,"date":"2020-09-12T09:12:49","date_gmt":"2020-09-12T09:12:49","guid":{"rendered":"https:\/\/www.atecpool.ch\/dampfbader\/dampfkabinen\/"},"modified":"2025-09-29T10:30:36","modified_gmt":"2025-09-29T08:30:36","slug":"dampfduschen","status":"publish","type":"page","link":"https:\/\/www.atecpool.ch\/de\/dampfbader\/dampfduschen\/","title":{"rendered":"Dampfduschen"},"content":{"rendered":"<div class=\"wpb-content-wrapper\"><p>[vc_row][vc_column][vc_column_text]Wir liefern und montieren Dampfduschen in verschiedenen Gr\u00f6\u00dfen und Ausf\u00fchrungen. Verschiedenes Zubeh\u00f6r wie Radio\/Bluetooth, Lichttherapie, Regendusche, etc. sind bereits Standard. Ein Minimum an Platz, ein Abfluss und ein Wasserabschuss gen\u00fcgen bereits, dank der geringen Gr\u00f6\u00dfe kann eine Dampfdusche fast \u00fcberall installiert werden[\/vc_column_text][vc_row_inner][vc_column_inner]<div class=\"photo_box \"><h4 class=\"title \">NOVA Dampfdusche by HARVIA<\/h4><div class=\"image_frame\"><div class=\"image_wrapper\"><a href=\"https:\/\/www.atecpool.ch\/de\/dampfdusche-nova-von-harvia\/\"  title=\"\"><div class=\"mask\"><\/div><img width=\"1500\" height=\"843\" decoding=\"async\" class=\"scale-with-grid\" src=\"https:\/\/www.atecpool.ch\/wp-content\/uploads\/2025\/09\/Harvia_Nova-_steam_cabin_SRA1209BXA_f1.jpg\" alt=\"Vasca da bagno moderna con vista montagna in una stanza di wellness.\"\/><\/a><\/div><\/div><div class=\"desc\">Auf Anfrage<\/div><\/div>\n[\/vc_column_inner][\/vc_row_inner][\/vc_column][\/vc_row][vc_row full_width=&#8221;stretch_row_content_no_spaces&#8221;][vc_column width=&#8221;1\/4&#8243;]<div class=\"photo_box \"><h4 class=\"title \">AT-A2203<\/h4><div class=\"image_frame\"><div class=\"image_wrapper\"><a href=\"https:\/\/www.atecpool.ch\/de\/dampfdusche-at-a2203-2\/\"  title=\"\"><div class=\"mask\"><\/div><img width=\"1500\" height=\"1000\" decoding=\"async\" class=\"scale-with-grid\" src=\"https:\/\/www.atecpool.ch\/wp-content\/uploads\/2022\/03\/J-A2203-1.jpg\" alt=\"Doccia wellness monoblocco, design moderno, ideale per ambienti spa o piscine, con cabina superiore e accessori integrati.\"\/><\/a><\/div><\/div><div class=\"desc\">CHF 4&#8217;210.00<\/div><\/div>\n<div class=\"photo_box \"><h4 class=\"title \">AT-U692 Luxury<\/h4><div class=\"image_frame\"><div class=\"image_wrapper\"><a href=\"https:\/\/www.atecpool.ch\/it\/doccia-a-vapore-at-u692-luxury\/\"  title=\"\"><div class=\"mask\"><\/div><img width=\"1920\" height=\"1162\" decoding=\"async\" class=\"scale-with-grid\" src=\"https:\/\/www.atecpool.ch\/wp-content\/uploads\/2022\/03\/J-U692-R-Black-black-1-scaled.jpg\" alt=\"AIDS tocco di modernit\u00e0 e relax con cabina doccia multifunzione in un ambiente urbano di design.\"\/><\/a><\/div><\/div><div class=\"desc\">CHF 4&#8217;487.00<\/div><\/div>\n[\/vc_column][vc_column width=&#8221;1\/4&#8243;]<div class=\"photo_box \"><h4 class=\"title \">AT-A2206<\/h4><div class=\"image_frame\"><div class=\"image_wrapper\"><a href=\"https:\/\/www.atecpool.ch\/it\/doccia-a-vapore-at-a2206\/\"  title=\"\"><div class=\"mask\"><\/div><img width=\"1920\" height=\"1280\" decoding=\"async\" class=\"scale-with-grid\" src=\"https:\/\/www.atecpool.ch\/wp-content\/uploads\/2022\/03\/J-A2206-14-scaled.jpg\" alt=\"Doccia wellness multifunzione, cabina con getti d&#039;acqua e seduta, ideale per il comfort e la cura del corpo in ambienti interni moderni.\"\/><\/a><\/div><\/div><div class=\"desc\">CHF 3&#8217;980.00<\/div><\/div>\n<div class=\"photo_box \"><h4 class=\"title \">AT-U695 Luxury<\/h4><div class=\"image_frame\"><div class=\"image_wrapper\"><a href=\"https:\/\/www.atecpool.ch\/it\/doccia-a-vapore-at-u695-luxury\/\"  title=\"\"><div class=\"mask\"><\/div><img width=\"1920\" height=\"1310\" decoding=\"async\" class=\"scale-with-grid\" src=\"https:\/\/www.atecpool.ch\/wp-content\/uploads\/2022\/03\/J-U695-White-silver-scaled.jpg\" alt=\"Doccia spa moderna in cabina, ambiente di benessere interno con vista sulla citt\u00e0.\"\/><\/a><\/div><\/div><div class=\"desc\">CHF 3&#8217;970.00<\/div><\/div>\n[\/vc_column][vc_column width=&#8221;1\/4&#8243;]<div class=\"photo_box \"><h4 class=\"title \">AT-A2207<\/h4><div class=\"image_frame\"><div class=\"image_wrapper\"><a href=\"https:\/\/www.atecpool.ch\/it\/doccia-a-vapore-at-a2207\/\"  title=\"\"><div class=\"mask\"><\/div><img width=\"1920\" height=\"1350\" decoding=\"async\" class=\"scale-with-grid\" src=\"https:\/\/www.atecpool.ch\/wp-content\/uploads\/2022\/03\/J-A2207-1-scaled.jpg\" alt=\"Moderno box doccia idromassaggio con finiture sleek e porta a vetri.\"\/><\/a><\/div><\/div><div class=\"desc\">CHF 3&#8217;856.00<\/div><\/div>\n<div class=\"photo_box \"><h4 class=\"title \">AT-U695 Luxury<\/h4><div class=\"image_frame\"><div class=\"image_wrapper\"><a href=\"https:\/\/www.atecpool.ch\/it\/doccia-a-vapore-at-u693-luxury\/\"  title=\"\"><div class=\"mask\"><\/div><img width=\"1920\" height=\"1141\" decoding=\"async\" class=\"scale-with-grid\" src=\"https:\/\/www.atecpool.ch\/wp-content\/uploads\/2022\/03\/WG-U693-R-Black-silver-1-scaled.jpg\" alt=\"Cabina doccia moderna con pareti nere e pannelli in vetro, installata in un ambiente elegante.\"\/><\/a><\/div><\/div><div class=\"desc\">CHF 4&#8217;357.00<\/div><\/div>\n[\/vc_column][vc_column width=&#8221;1\/4&#8243;]<div class=\"photo_box \"><h4 class=\"title \">AT-U691 Luxury<\/h4><div class=\"image_frame\"><div class=\"image_wrapper\"><a href=\"https:\/\/www.atecpool.ch\/it\/bagno-turco-at-u691-luxury\/\"  title=\"\"><div class=\"mask\"><\/div><img width=\"1920\" height=\"1239\" decoding=\"async\" class=\"scale-with-grid\" src=\"https:\/\/www.atecpool.ch\/wp-content\/uploads\/2022\/03\/J-U691-R-Black-black-scaled.jpg\" alt=\"Vasca idromassaggio da interno, cabina doccia multifunzione moderna, ambiente salvaspazio, stile minimalista, decorazione elegante, tecnologia avanzata.\"\/><\/a><\/div><\/div><div class=\"desc\">CHF 4&#8217;392.00<\/div><\/div>\n<div class=\"photo_box \"><h4 class=\"title \">AT-U696 Luxury<\/h4><div class=\"image_frame\"><div class=\"image_wrapper\"><a href=\"https:\/\/www.atecpool.ch\/it\/doccia-a-vapore-at-u696-luxury\/\"  title=\"\"><div class=\"mask\"><\/div><img width=\"1920\" height=\"1324\" decoding=\"async\" class=\"scale-with-grid\" src=\"https:\/\/www.atecpool.ch\/wp-content\/uploads\/2022\/03\/J-U696-Black-black-scaled.jpg\" alt=\"A1: Cabina doccia con sauna e idromassaggio nero in stile moderno.\"\/><\/a><\/div><\/div><div class=\"desc\">CHF 4&#8217;376.00<\/div><\/div>\n[\/vc_column][\/vc_row][vc_row][vc_column][vc_btn title=&#8221;Anfrage Informationen&#8221; color=&#8221;blue&#8221; size=&#8221;lg&#8221; align=&#8221;center&#8221; css_animation=&#8221;top-to-bottom&#8221; css=&#8221;&#8221; link=&#8221;url:https%3A%2F%2Fwww.atecpool.ch%2Fform-view%2F5|title:Kontakte|target:_blank|&#8221;][\/vc_column][\/vc_row]<\/p>\n<\/div>","protected":false},"excerpt":{"rendered":"<p>[vc_row][vc_column][vc_column_text]Wir liefern und montieren Dampfduschen in verschiedenen Gr\u00f6\u00dfen und Ausf\u00fchrungen. Verschiedenes Zubeh\u00f6r wie Radio\/Bluetooth, Lichttherapie, Regendusche, etc. sind bereits Standard. Ein Minimum an Platz, ein Abfluss<span class=\"excerpt-hellip\"> [\u2026]<\/span><\/p>\n","protected":false},"author":12,"featured_media":0,"parent":11611,"menu_order":0,"comment_status":"closed","ping_status":"closed","template":"","meta":{"footnotes":""},"class_list":["post-15471","page","type-page","status-publish","hentry"],"yoast_head":"<!-- This site is optimized with the Yoast SEO Premium plugin v26.2 (Yoast SEO v27.4) - https:\/\/yoast.com\/product\/yoast-seo-premium-wordpress\/ -->\n<title>Dampfduschen - Atec Pool<\/title>\n<meta name=\"robots\" content=\"index, follow, max-snippet:-1, max-image-preview:large, max-video-preview:-1\" \/>\n<link rel=\"canonical\" href=\"https:\/\/www.atecpool.ch\/de\/dampfbader\/dampfduschen\/\" \/>\n<meta property=\"og:locale\" content=\"de_DE\" \/>\n<meta property=\"og:type\" content=\"article\" \/>\n<meta property=\"og:title\" content=\"Dampfduschen\" \/>\n<meta property=\"og:description\" content=\"[vc_row][vc_column][vc_column_text]Wir liefern und montieren Dampfduschen in verschiedenen Gr\u00f6\u00dfen und Ausf\u00fchrungen. Verschiedenes Zubeh\u00f6r wie Radio\/Bluetooth, Lichttherapie, Regendusche, etc. sind bereits Standard. Ein Minimum an Platz, ein Abfluss [\u2026]\" \/>\n<meta property=\"og:url\" content=\"https:\/\/www.atecpool.ch\/de\/dampfbader\/dampfduschen\/\" \/>\n<meta property=\"og:site_name\" content=\"Atec Pool\" \/>\n<meta property=\"article:publisher\" content=\"https:\/\/www.facebook.com\/atecpool.ch\/\" \/>\n<meta property=\"article:modified_time\" content=\"2025-09-29T08:30:36+00:00\" \/>\n<meta name=\"twitter:card\" content=\"summary_large_image\" \/>\n<meta name=\"twitter:label1\" content=\"Gesch\u00e4tzte Lesezeit\" \/>\n\t<meta name=\"twitter:data1\" content=\"1 minute\" \/>\n<script type=\"application\/ld+json\" class=\"yoast-schema-graph\">{\"@context\":\"https:\\\/\\\/schema.org\",\"@graph\":[{\"@type\":\"WebPage\",\"@id\":\"https:\\\/\\\/www.atecpool.ch\\\/de\\\/dampfbader\\\/dampfduschen\\\/\",\"url\":\"https:\\\/\\\/www.atecpool.ch\\\/de\\\/dampfbader\\\/dampfduschen\\\/\",\"name\":\"Dampfduschen - Atec Pool\",\"isPartOf\":{\"@id\":\"https:\\\/\\\/www.atecpool.ch\\\/de\\\/#website\"},\"datePublished\":\"2020-09-12T09:12:49+00:00\",\"dateModified\":\"2025-09-29T08:30:36+00:00\",\"breadcrumb\":{\"@id\":\"https:\\\/\\\/www.atecpool.ch\\\/de\\\/dampfbader\\\/dampfduschen\\\/#breadcrumb\"},\"inLanguage\":\"de-DE\",\"potentialAction\":[{\"@type\":\"ReadAction\",\"target\":[\"https:\\\/\\\/www.atecpool.ch\\\/de\\\/dampfbader\\\/dampfduschen\\\/\"]}]},{\"@type\":\"BreadcrumbList\",\"@id\":\"https:\\\/\\\/www.atecpool.ch\\\/de\\\/dampfbader\\\/dampfduschen\\\/#breadcrumb\",\"itemListElement\":[{\"@type\":\"ListItem\",\"position\":1,\"name\":\"Home\",\"item\":\"https:\\\/\\\/www.atecpool.ch\\\/de\\\/home\\\/\"},{\"@type\":\"ListItem\",\"position\":2,\"name\":\"Dampfbad und Dampfkabinen\",\"item\":\"https:\\\/\\\/www.atecpool.ch\\\/de\\\/bagni-di-vapore-atec-pool\\\/\"},{\"@type\":\"ListItem\",\"position\":3,\"name\":\"Dampfduschen\"}]},{\"@type\":\"WebSite\",\"@id\":\"https:\\\/\\\/www.atecpool.ch\\\/de\\\/#website\",\"url\":\"https:\\\/\\\/www.atecpool.ch\\\/de\\\/\",\"name\":\"Atec Pool\",\"description\":\"Pool \u00b7 Sauna \u00b7 Wellness\",\"publisher\":{\"@id\":\"https:\\\/\\\/www.atecpool.ch\\\/de\\\/#organization\"},\"potentialAction\":[{\"@type\":\"SearchAction\",\"target\":{\"@type\":\"EntryPoint\",\"urlTemplate\":\"https:\\\/\\\/www.atecpool.ch\\\/de\\\/?s={search_term_string}\"},\"query-input\":{\"@type\":\"PropertyValueSpecification\",\"valueRequired\":true,\"valueName\":\"search_term_string\"}}],\"inLanguage\":\"de-DE\"},{\"@type\":[\"Organization\",\"Place\"],\"@id\":\"https:\\\/\\\/www.atecpool.ch\\\/de\\\/#organization\",\"name\":\"Atec Pool\",\"url\":\"https:\\\/\\\/www.atecpool.ch\\\/de\\\/\",\"logo\":{\"@id\":\"https:\\\/\\\/www.atecpool.ch\\\/de\\\/dampfbader\\\/dampfduschen\\\/#local-main-organization-logo\"},\"image\":{\"@id\":\"https:\\\/\\\/www.atecpool.ch\\\/de\\\/dampfbader\\\/dampfduschen\\\/#local-main-organization-logo\"},\"sameAs\":[\"https:\\\/\\\/www.facebook.com\\\/atecpool.ch\\\/\",\"https:\\\/\\\/www.instagram.com\\\/atecpool_ch\\\/\"],\"address\":{\"@id\":\"https:\\\/\\\/www.atecpool.ch\\\/de\\\/dampfbader\\\/dampfduschen\\\/#local-main-place-address\"},\"telephone\":[\"+41 91 980 33 93\"],\"openingHoursSpecification\":[{\"@type\":\"OpeningHoursSpecification\",\"dayOfWeek\":[\"Monday\",\"Tuesday\",\"Wednesday\",\"Thursday\",\"Friday\",\"Saturday\",\"Sunday\"],\"opens\":\"09:00\",\"closes\":\"17:00\"}],\"email\":\"info@atecpool.ch\"},{\"@type\":\"PostalAddress\",\"@id\":\"https:\\\/\\\/www.atecpool.ch\\\/de\\\/dampfbader\\\/dampfduschen\\\/#local-main-place-address\",\"streetAddress\":\"Via Cantonale 5\",\"addressLocality\":\"Grancia\",\"postalCode\":\"6916\",\"addressCountry\":\"CH\"},{\"@type\":\"ImageObject\",\"inLanguage\":\"de-DE\",\"@id\":\"https:\\\/\\\/www.atecpool.ch\\\/de\\\/dampfbader\\\/dampfduschen\\\/#local-main-organization-logo\",\"url\":\"https:\\\/\\\/www.atecpool.ch\\\/wp-content\\\/uploads\\\/2020\\\/09\\\/atec_logo.png\",\"contentUrl\":\"https:\\\/\\\/www.atecpool.ch\\\/wp-content\\\/uploads\\\/2020\\\/09\\\/atec_logo.png\",\"width\":500,\"height\":145,\"caption\":\"Atec Pool\"}]}<\/script>\n<meta name=\"geo.placename\" content=\"Grancia\" \/>\n<meta name=\"geo.region\" content=\"Schweiz\" \/>\n<!-- \/ Yoast SEO Premium plugin. -->","yoast_head_json":{"title":"Dampfduschen - Atec Pool","robots":{"index":"index","follow":"follow","max-snippet":"max-snippet:-1","max-image-preview":"max-image-preview:large","max-video-preview":"max-video-preview:-1"},"canonical":"https:\/\/www.atecpool.ch\/de\/dampfbader\/dampfduschen\/","og_locale":"de_DE","og_type":"article","og_title":"Dampfduschen","og_description":"[vc_row][vc_column][vc_column_text]Wir liefern und montieren Dampfduschen in verschiedenen Gr\u00f6\u00dfen und Ausf\u00fchrungen. Verschiedenes Zubeh\u00f6r wie Radio\/Bluetooth, Lichttherapie, Regendusche, etc. sind bereits Standard. Ein Minimum an Platz, ein Abfluss [\u2026]","og_url":"https:\/\/www.atecpool.ch\/de\/dampfbader\/dampfduschen\/","og_site_name":"Atec Pool","article_publisher":"https:\/\/www.facebook.com\/atecpool.ch\/","article_modified_time":"2025-09-29T08:30:36+00:00","twitter_card":"summary_large_image","twitter_misc":{"Gesch\u00e4tzte Lesezeit":"1 minute"},"schema":{"@context":"https:\/\/schema.org","@graph":[{"@type":"WebPage","@id":"https:\/\/www.atecpool.ch\/de\/dampfbader\/dampfduschen\/","url":"https:\/\/www.atecpool.ch\/de\/dampfbader\/dampfduschen\/","name":"Dampfduschen - Atec Pool","isPartOf":{"@id":"https:\/\/www.atecpool.ch\/de\/#website"},"datePublished":"2020-09-12T09:12:49+00:00","dateModified":"2025-09-29T08:30:36+00:00","breadcrumb":{"@id":"https:\/\/www.atecpool.ch\/de\/dampfbader\/dampfduschen\/#breadcrumb"},"inLanguage":"de-DE","potentialAction":[{"@type":"ReadAction","target":["https:\/\/www.atecpool.ch\/de\/dampfbader\/dampfduschen\/"]}]},{"@type":"BreadcrumbList","@id":"https:\/\/www.atecpool.ch\/de\/dampfbader\/dampfduschen\/#breadcrumb","itemListElement":[{"@type":"ListItem","position":1,"name":"Home","item":"https:\/\/www.atecpool.ch\/de\/home\/"},{"@type":"ListItem","position":2,"name":"Dampfbad und Dampfkabinen","item":"https:\/\/www.atecpool.ch\/de\/bagni-di-vapore-atec-pool\/"},{"@type":"ListItem","position":3,"name":"Dampfduschen"}]},{"@type":"WebSite","@id":"https:\/\/www.atecpool.ch\/de\/#website","url":"https:\/\/www.atecpool.ch\/de\/","name":"Atec Pool","description":"Pool \u00b7 Sauna \u00b7 Wellness","publisher":{"@id":"https:\/\/www.atecpool.ch\/de\/#organization"},"potentialAction":[{"@type":"SearchAction","target":{"@type":"EntryPoint","urlTemplate":"https:\/\/www.atecpool.ch\/de\/?s={search_term_string}"},"query-input":{"@type":"PropertyValueSpecification","valueRequired":true,"valueName":"search_term_string"}}],"inLanguage":"de-DE"},{"@type":["Organization","Place"],"@id":"https:\/\/www.atecpool.ch\/de\/#organization","name":"Atec Pool","url":"https:\/\/www.atecpool.ch\/de\/","logo":{"@id":"https:\/\/www.atecpool.ch\/de\/dampfbader\/dampfduschen\/#local-main-organization-logo"},"image":{"@id":"https:\/\/www.atecpool.ch\/de\/dampfbader\/dampfduschen\/#local-main-organization-logo"},"sameAs":["https:\/\/www.facebook.com\/atecpool.ch\/","https:\/\/www.instagram.com\/atecpool_ch\/"],"address":{"@id":"https:\/\/www.atecpool.ch\/de\/dampfbader\/dampfduschen\/#local-main-place-address"},"telephone":["+41 91 980 33 93"],"openingHoursSpecification":[{"@type":"OpeningHoursSpecification","dayOfWeek":["Monday","Tuesday","Wednesday","Thursday","Friday","Saturday","Sunday"],"opens":"09:00","closes":"17:00"}],"email":"info@atecpool.ch"},{"@type":"PostalAddress","@id":"https:\/\/www.atecpool.ch\/de\/dampfbader\/dampfduschen\/#local-main-place-address","streetAddress":"Via Cantonale 5","addressLocality":"Grancia","postalCode":"6916","addressCountry":"CH"},{"@type":"ImageObject","inLanguage":"de-DE","@id":"https:\/\/www.atecpool.ch\/de\/dampfbader\/dampfduschen\/#local-main-organization-logo","url":"https:\/\/www.atecpool.ch\/wp-content\/uploads\/2020\/09\/atec_logo.png","contentUrl":"https:\/\/www.atecpool.ch\/wp-content\/uploads\/2020\/09\/atec_logo.png","width":500,"height":145,"caption":"Atec Pool"}]},"geo.placename":"Grancia","geo.region":"Schweiz"},"_links":{"self":[{"href":"https:\/\/www.atecpool.ch\/de\/wp-json\/wp\/v2\/pages\/15471","targetHints":{"allow":["GET"]}}],"collection":[{"href":"https:\/\/www.atecpool.ch\/de\/wp-json\/wp\/v2\/pages"}],"about":[{"href":"https:\/\/www.atecpool.ch\/de\/wp-json\/wp\/v2\/types\/page"}],"author":[{"embeddable":true,"href":"https:\/\/www.atecpool.ch\/de\/wp-json\/wp\/v2\/users\/12"}],"replies":[{"embeddable":true,"href":"https:\/\/www.atecpool.ch\/de\/wp-json\/wp\/v2\/comments?post=15471"}],"version-history":[{"count":2,"href":"https:\/\/www.atecpool.ch\/de\/wp-json\/wp\/v2\/pages\/15471\/revisions"}],"predecessor-version":[{"id":35763,"href":"https:\/\/www.atecpool.ch\/de\/wp-json\/wp\/v2\/pages\/15471\/revisions\/35763"}],"up":[{"embeddable":true,"href":"https:\/\/www.atecpool.ch\/de\/wp-json\/wp\/v2\/pages\/11611"}],"wp:attachment":[{"href":"https:\/\/www.atecpool.ch\/de\/wp-json\/wp\/v2\/media?parent=15471"}],"curies":[{"name":"wp","href":"https:\/\/api.w.org\/{rel}","templated":true}]}}