{"id":11605,"date":"2019-05-05T08:26:24","date_gmt":"2019-05-05T08:26:24","guid":{"rendered":"https:\/\/www.atecpool.ch\/massgefertigte-dampfbader\/"},"modified":"2025-09-29T10:37:43","modified_gmt":"2025-09-29T08:37:43","slug":"massgefertigte-dampfbader","status":"publish","type":"page","link":"https:\/\/www.atecpool.ch\/de\/dampfbader\/massgefertigte-dampfbader\/","title":{"rendered":"Massgefertigte Dampfb\u00e4der"},"content":{"rendered":"<div class=\"wpb-content-wrapper\"><p>[vc_row][vc_column][vc_column_text css=&#8221;&#8221;]Dank den XPS-Modulen von <strong>Harvia<\/strong> sind wir in der Lage, dein Traum-Dampfbad von den W\u00e4nden bis hin zur Ausstattung zu realisieren.<\/p>\n<p>Die kompakte Bauweise erm\u00f6glicht die Anpassung an kleine R\u00e4umlichkeiten und lassen sich einfach und schnell montieren. Die Spa-Module sind anpassungsf\u00e4hig, leicht im Gewicht, jedoch h\u00f6chst widerstandsf\u00e4hig, besonders wasserabweisend und nehmen W\u00e4rme leicht auf.<\/p>\n<p>Wir k\u00f6nnen Ihnen folgende Produkte nach Ma\u00df anfertigen: Dampfb\u00e4der, Duschbereiche, Abk\u00fchlraum, Eisraum, Schwimmbecken und diverse M\u00f6bel, wie zum Beispiel Liegen, B\u00e4nke, Wasserschalen etc.<\/p>\n<p>Folgendes Zubeh\u00f6r bieten wir zus\u00e4tzlich:<\/p>\n<ul>\n<li>HGX und HGP Dampfgeneratoren und Zubeh\u00f6r<\/li>\n<li>T\u00fcren mit Alurahmen<\/li>\n<li>Beleuchtungselemente<\/li>\n<li>Dampfbrunnen<\/li>\n<\/ul>\n<p>F\u00fcr weitere Details k\u00f6nnen Sie uns gerne kontaktieren.[\/vc_column_text][\/vc_column][\/vc_row][vc_row full_width=&#8221;stretch_row_content_no_spaces&#8221;][vc_column width=&#8221;1\/3&#8243;][\/vc_column][vc_column width=&#8221;1\/3&#8243;][vc_gallery type=&#8221;flexslider_slide&#8221; interval=&#8221;3&#8243; images=&#8221;28324,9210,28318,28320,28322,28326,28328,28334,28336,28338,28340,28348,28350&#8243; img_size=&#8221;full&#8221; onclick=&#8221;&#8221; css=&#8221;&#8221;][\/vc_column][vc_column width=&#8221;1\/3&#8243;][\/vc_column][\/vc_row][vc_row][vc_column][vc_btn title=&#8221;Anfrage Informationen&#8221; color=&#8221;blue&#8221; size=&#8221;lg&#8221; align=&#8221;center&#8221; css_animation=&#8221;top-to-bottom&#8221; css=&#8221;&#8221; link=&#8221;url:https%3A%2F%2Fwww.atecpool.ch%2Fform-view%2F12|title:Kontakt|target:_blank|&#8221;][\/vc_column][\/vc_row]<\/p>\n<\/div>","protected":false},"excerpt":{"rendered":"<p>[vc_row][vc_column][vc_column_text css=&#8221;&#8221;]Dank den XPS-Modulen von Harvia sind wir in der Lage, dein Traum-Dampfbad von den W\u00e4nden bis hin zur Ausstattung zu realisieren. Die kompakte Bauweise erm\u00f6glicht<span class=\"excerpt-hellip\"> [\u2026]<\/span><\/p>\n","protected":false},"author":4,"featured_media":0,"parent":11611,"menu_order":0,"comment_status":"closed","ping_status":"closed","template":"","meta":{"footnotes":""},"class_list":["post-11605","page","type-page","status-publish","hentry"],"yoast_head":"<!-- This site is optimized with the Yoast SEO Premium plugin v26.2 (Yoast SEO v27.4) - https:\/\/yoast.com\/product\/yoast-seo-premium-wordpress\/ -->\n<title>Massgefertigte Dampfb\u00e4der - Atec Pool unsere dampb\u00e4der nach mass<\/title>\n<meta name=\"description\" content=\"Das T\u00fcrkische Bad ist ein ausgezeichnetes Mittel gegen Spannungen und lindert alle Formen von Stress. Dar\u00fcber hinaus befreit der Dampf die Atemwege.\" \/>\n<meta name=\"robots\" content=\"index, follow, max-snippet:-1, max-image-preview:large, max-video-preview:-1\" \/>\n<link rel=\"canonical\" href=\"https:\/\/www.atecpool.ch\/de\/dampfbader\/massgefertigte-dampfbader\/\" \/>\n<meta property=\"og:locale\" content=\"de_DE\" \/>\n<meta property=\"og:type\" content=\"article\" \/>\n<meta property=\"og:title\" content=\"Massgefertigte Dampfb\u00e4der\" \/>\n<meta property=\"og:description\" content=\"Das T\u00fcrkische Bad ist ein ausgezeichnetes Mittel gegen Spannungen und lindert alle Formen von Stress. Dar\u00fcber hinaus befreit der Dampf die Atemwege.\" \/>\n<meta property=\"og:url\" content=\"https:\/\/www.atecpool.ch\/de\/dampfbader\/massgefertigte-dampfbader\/\" \/>\n<meta property=\"og:site_name\" content=\"Atec Pool\" \/>\n<meta property=\"article:publisher\" content=\"https:\/\/www.facebook.com\/atecpool.ch\/\" \/>\n<meta property=\"article:modified_time\" content=\"2025-09-29T08:37:43+00:00\" \/>\n<meta name=\"twitter:card\" content=\"summary_large_image\" \/>\n<meta name=\"twitter:label1\" content=\"Gesch\u00e4tzte Lesezeit\" \/>\n\t<meta name=\"twitter:data1\" content=\"1 minute\" \/>\n<script type=\"application\/ld+json\" class=\"yoast-schema-graph\">{\"@context\":\"https:\\\/\\\/schema.org\",\"@graph\":[{\"@type\":\"WebPage\",\"@id\":\"https:\\\/\\\/www.atecpool.ch\\\/de\\\/dampfbader\\\/massgefertigte-dampfbader\\\/\",\"url\":\"https:\\\/\\\/www.atecpool.ch\\\/de\\\/dampfbader\\\/massgefertigte-dampfbader\\\/\",\"name\":\"Massgefertigte Dampfb\u00e4der - Atec Pool unsere dampb\u00e4der nach mass\",\"isPartOf\":{\"@id\":\"https:\\\/\\\/www.atecpool.ch\\\/de\\\/#website\"},\"datePublished\":\"2019-05-05T08:26:24+00:00\",\"dateModified\":\"2025-09-29T08:37:43+00:00\",\"description\":\"Das T\u00fcrkische Bad ist ein ausgezeichnetes Mittel gegen Spannungen und lindert alle Formen von Stress. Dar\u00fcber hinaus befreit der Dampf die Atemwege.\",\"breadcrumb\":{\"@id\":\"https:\\\/\\\/www.atecpool.ch\\\/de\\\/dampfbader\\\/massgefertigte-dampfbader\\\/#breadcrumb\"},\"inLanguage\":\"de-DE\",\"potentialAction\":[{\"@type\":\"ReadAction\",\"target\":[\"https:\\\/\\\/www.atecpool.ch\\\/de\\\/dampfbader\\\/massgefertigte-dampfbader\\\/\"]}]},{\"@type\":\"BreadcrumbList\",\"@id\":\"https:\\\/\\\/www.atecpool.ch\\\/de\\\/dampfbader\\\/massgefertigte-dampfbader\\\/#breadcrumb\",\"itemListElement\":[{\"@type\":\"ListItem\",\"position\":1,\"name\":\"Home\",\"item\":\"https:\\\/\\\/www.atecpool.ch\\\/de\\\/home\\\/\"},{\"@type\":\"ListItem\",\"position\":2,\"name\":\"Dampfbad und Dampfkabinen\",\"item\":\"https:\\\/\\\/www.atecpool.ch\\\/de\\\/bagni-di-vapore-atec-pool\\\/\"},{\"@type\":\"ListItem\",\"position\":3,\"name\":\"Massgefertigte Dampfb\u00e4der\"}]},{\"@type\":\"WebSite\",\"@id\":\"https:\\\/\\\/www.atecpool.ch\\\/de\\\/#website\",\"url\":\"https:\\\/\\\/www.atecpool.ch\\\/de\\\/\",\"name\":\"Atec Pool\",\"description\":\"Pool \u00b7 Sauna \u00b7 Wellness\",\"publisher\":{\"@id\":\"https:\\\/\\\/www.atecpool.ch\\\/de\\\/#organization\"},\"potentialAction\":[{\"@type\":\"SearchAction\",\"target\":{\"@type\":\"EntryPoint\",\"urlTemplate\":\"https:\\\/\\\/www.atecpool.ch\\\/de\\\/?s={search_term_string}\"},\"query-input\":{\"@type\":\"PropertyValueSpecification\",\"valueRequired\":true,\"valueName\":\"search_term_string\"}}],\"inLanguage\":\"de-DE\"},{\"@type\":[\"Organization\",\"Place\"],\"@id\":\"https:\\\/\\\/www.atecpool.ch\\\/de\\\/#organization\",\"name\":\"Atec Pool\",\"url\":\"https:\\\/\\\/www.atecpool.ch\\\/de\\\/\",\"logo\":{\"@id\":\"https:\\\/\\\/www.atecpool.ch\\\/de\\\/dampfbader\\\/massgefertigte-dampfbader\\\/#local-main-organization-logo\"},\"image\":{\"@id\":\"https:\\\/\\\/www.atecpool.ch\\\/de\\\/dampfbader\\\/massgefertigte-dampfbader\\\/#local-main-organization-logo\"},\"sameAs\":[\"https:\\\/\\\/www.facebook.com\\\/atecpool.ch\\\/\",\"https:\\\/\\\/www.instagram.com\\\/atecpool_ch\\\/\"],\"address\":{\"@id\":\"https:\\\/\\\/www.atecpool.ch\\\/de\\\/dampfbader\\\/massgefertigte-dampfbader\\\/#local-main-place-address\"},\"telephone\":[\"+41 91 980 33 93\"],\"openingHoursSpecification\":[{\"@type\":\"OpeningHoursSpecification\",\"dayOfWeek\":[\"Monday\",\"Tuesday\",\"Wednesday\",\"Thursday\",\"Friday\",\"Saturday\",\"Sunday\"],\"opens\":\"09:00\",\"closes\":\"17:00\"}],\"email\":\"info@atecpool.ch\"},{\"@type\":\"PostalAddress\",\"@id\":\"https:\\\/\\\/www.atecpool.ch\\\/de\\\/dampfbader\\\/massgefertigte-dampfbader\\\/#local-main-place-address\",\"streetAddress\":\"Via Cantonale 5\",\"addressLocality\":\"Grancia\",\"postalCode\":\"6916\",\"addressCountry\":\"CH\"},{\"@type\":\"ImageObject\",\"inLanguage\":\"de-DE\",\"@id\":\"https:\\\/\\\/www.atecpool.ch\\\/de\\\/dampfbader\\\/massgefertigte-dampfbader\\\/#local-main-organization-logo\",\"url\":\"https:\\\/\\\/www.atecpool.ch\\\/wp-content\\\/uploads\\\/2020\\\/09\\\/atec_logo.png\",\"contentUrl\":\"https:\\\/\\\/www.atecpool.ch\\\/wp-content\\\/uploads\\\/2020\\\/09\\\/atec_logo.png\",\"width\":500,\"height\":145,\"caption\":\"Atec Pool\"}]}<\/script>\n<meta name=\"geo.placename\" content=\"Grancia\" \/>\n<meta name=\"geo.region\" content=\"Schweiz\" \/>\n<!-- \/ Yoast SEO Premium plugin. -->","yoast_head_json":{"title":"Massgefertigte Dampfb\u00e4der - Atec Pool unsere dampb\u00e4der nach mass","description":"Das T\u00fcrkische Bad ist ein ausgezeichnetes Mittel gegen Spannungen und lindert alle Formen von Stress. Dar\u00fcber hinaus befreit der Dampf die Atemwege.","robots":{"index":"index","follow":"follow","max-snippet":"max-snippet:-1","max-image-preview":"max-image-preview:large","max-video-preview":"max-video-preview:-1"},"canonical":"https:\/\/www.atecpool.ch\/de\/dampfbader\/massgefertigte-dampfbader\/","og_locale":"de_DE","og_type":"article","og_title":"Massgefertigte Dampfb\u00e4der","og_description":"Das T\u00fcrkische Bad ist ein ausgezeichnetes Mittel gegen Spannungen und lindert alle Formen von Stress. Dar\u00fcber hinaus befreit der Dampf die Atemwege.","og_url":"https:\/\/www.atecpool.ch\/de\/dampfbader\/massgefertigte-dampfbader\/","og_site_name":"Atec Pool","article_publisher":"https:\/\/www.facebook.com\/atecpool.ch\/","article_modified_time":"2025-09-29T08:37:43+00:00","twitter_card":"summary_large_image","twitter_misc":{"Gesch\u00e4tzte Lesezeit":"1 minute"},"schema":{"@context":"https:\/\/schema.org","@graph":[{"@type":"WebPage","@id":"https:\/\/www.atecpool.ch\/de\/dampfbader\/massgefertigte-dampfbader\/","url":"https:\/\/www.atecpool.ch\/de\/dampfbader\/massgefertigte-dampfbader\/","name":"Massgefertigte Dampfb\u00e4der - Atec Pool unsere dampb\u00e4der nach mass","isPartOf":{"@id":"https:\/\/www.atecpool.ch\/de\/#website"},"datePublished":"2019-05-05T08:26:24+00:00","dateModified":"2025-09-29T08:37:43+00:00","description":"Das T\u00fcrkische Bad ist ein ausgezeichnetes Mittel gegen Spannungen und lindert alle Formen von Stress. Dar\u00fcber hinaus befreit der Dampf die Atemwege.","breadcrumb":{"@id":"https:\/\/www.atecpool.ch\/de\/dampfbader\/massgefertigte-dampfbader\/#breadcrumb"},"inLanguage":"de-DE","potentialAction":[{"@type":"ReadAction","target":["https:\/\/www.atecpool.ch\/de\/dampfbader\/massgefertigte-dampfbader\/"]}]},{"@type":"BreadcrumbList","@id":"https:\/\/www.atecpool.ch\/de\/dampfbader\/massgefertigte-dampfbader\/#breadcrumb","itemListElement":[{"@type":"ListItem","position":1,"name":"Home","item":"https:\/\/www.atecpool.ch\/de\/home\/"},{"@type":"ListItem","position":2,"name":"Dampfbad und Dampfkabinen","item":"https:\/\/www.atecpool.ch\/de\/bagni-di-vapore-atec-pool\/"},{"@type":"ListItem","position":3,"name":"Massgefertigte Dampfb\u00e4der"}]},{"@type":"WebSite","@id":"https:\/\/www.atecpool.ch\/de\/#website","url":"https:\/\/www.atecpool.ch\/de\/","name":"Atec Pool","description":"Pool \u00b7 Sauna \u00b7 Wellness","publisher":{"@id":"https:\/\/www.atecpool.ch\/de\/#organization"},"potentialAction":[{"@type":"SearchAction","target":{"@type":"EntryPoint","urlTemplate":"https:\/\/www.atecpool.ch\/de\/?s={search_term_string}"},"query-input":{"@type":"PropertyValueSpecification","valueRequired":true,"valueName":"search_term_string"}}],"inLanguage":"de-DE"},{"@type":["Organization","Place"],"@id":"https:\/\/www.atecpool.ch\/de\/#organization","name":"Atec Pool","url":"https:\/\/www.atecpool.ch\/de\/","logo":{"@id":"https:\/\/www.atecpool.ch\/de\/dampfbader\/massgefertigte-dampfbader\/#local-main-organization-logo"},"image":{"@id":"https:\/\/www.atecpool.ch\/de\/dampfbader\/massgefertigte-dampfbader\/#local-main-organization-logo"},"sameAs":["https:\/\/www.facebook.com\/atecpool.ch\/","https:\/\/www.instagram.com\/atecpool_ch\/"],"address":{"@id":"https:\/\/www.atecpool.ch\/de\/dampfbader\/massgefertigte-dampfbader\/#local-main-place-address"},"telephone":["+41 91 980 33 93"],"openingHoursSpecification":[{"@type":"OpeningHoursSpecification","dayOfWeek":["Monday","Tuesday","Wednesday","Thursday","Friday","Saturday","Sunday"],"opens":"09:00","closes":"17:00"}],"email":"info@atecpool.ch"},{"@type":"PostalAddress","@id":"https:\/\/www.atecpool.ch\/de\/dampfbader\/massgefertigte-dampfbader\/#local-main-place-address","streetAddress":"Via Cantonale 5","addressLocality":"Grancia","postalCode":"6916","addressCountry":"CH"},{"@type":"ImageObject","inLanguage":"de-DE","@id":"https:\/\/www.atecpool.ch\/de\/dampfbader\/massgefertigte-dampfbader\/#local-main-organization-logo","url":"https:\/\/www.atecpool.ch\/wp-content\/uploads\/2020\/09\/atec_logo.png","contentUrl":"https:\/\/www.atecpool.ch\/wp-content\/uploads\/2020\/09\/atec_logo.png","width":500,"height":145,"caption":"Atec Pool"}]},"geo.placename":"Grancia","geo.region":"Schweiz"},"_links":{"self":[{"href":"https:\/\/www.atecpool.ch\/de\/wp-json\/wp\/v2\/pages\/11605","targetHints":{"allow":["GET"]}}],"collection":[{"href":"https:\/\/www.atecpool.ch\/de\/wp-json\/wp\/v2\/pages"}],"about":[{"href":"https:\/\/www.atecpool.ch\/de\/wp-json\/wp\/v2\/types\/page"}],"author":[{"embeddable":true,"href":"https:\/\/www.atecpool.ch\/de\/wp-json\/wp\/v2\/users\/4"}],"replies":[{"embeddable":true,"href":"https:\/\/www.atecpool.ch\/de\/wp-json\/wp\/v2\/comments?post=11605"}],"version-history":[{"count":4,"href":"https:\/\/www.atecpool.ch\/de\/wp-json\/wp\/v2\/pages\/11605\/revisions"}],"predecessor-version":[{"id":35772,"href":"https:\/\/www.atecpool.ch\/de\/wp-json\/wp\/v2\/pages\/11605\/revisions\/35772"}],"up":[{"embeddable":true,"href":"https:\/\/www.atecpool.ch\/de\/wp-json\/wp\/v2\/pages\/11611"}],"wp:attachment":[{"href":"https:\/\/www.atecpool.ch\/de\/wp-json\/wp\/v2\/media?parent=11605"}],"curies":[{"name":"wp","href":"https:\/\/api.w.org\/{rel}","templated":true}]}}