{"id":10913,"date":"2019-04-15T14:05:57","date_gmt":"2019-04-15T14:05:57","guid":{"rendered":"https:\/\/www.atecpool.ch\/pools\/becken-mit-verzinkter-stahlmantelkonstruktion\/"},"modified":"2025-09-11T17:54:40","modified_gmt":"2025-09-11T15:54:40","slug":"stahlwandbecken","status":"publish","type":"page","link":"https:\/\/www.atecpool.ch\/de\/poolsanierung-tessin\/stahlwandbecken\/","title":{"rendered":"Stahlwandbecken"},"content":{"rendered":"<div class=\"wpb-content-wrapper\"><p>[vc_row][vc_column][vc_column_text css=&#8221;&#8221;]<\/p>\n<h1 style=\"text-align:center;\">Stahlwandpools im Tessin<\/h1>\n<p>[\/vc_column_text][vc_column_text css=&#8221;&#8221;]Die <strong data-start=\"695\" data-end=\"728\">Stahlwandpools<\/strong> stellen eine moderne, schnelle und kosteng\u00fcnstige L\u00f6sung dar f\u00fcr alle, die alle Vorteile eines Einbaupools genie\u00dfen m\u00f6chten. Dank ihrer modularen Bauweise sind sie sowohl f\u00fcr <strong data-start=\"911\" data-end=\"934\">Neubauten<\/strong> als auch f\u00fcr die <strong data-start=\"946\" data-end=\"982\">Sanierung bestehender Schwimmb\u00e4der<\/strong> ideal.[\/vc_column_text][vc_row_inner][vc_column_inner width=&#8221;1\/2&#8243;][vc_column_text css=&#8221;&#8221;]<\/p>\n<p><\/p>\n<h2>Warum einen Stahlwandpool w\u00e4hlen?<\/h2>\n<p><\/p>\n<ul>\n<li data-start=\"1053\" data-end=\"1152\">\n<p data-start=\"1055\" data-end=\"1152\">\u2705 <strong data-start=\"1057\" data-end=\"1080\">Widerstandsf\u00e4higkeit und Langlebigkeit<\/strong>: Die Paneele aus verzinktem Stahl sind auf dauerhafte Best\u00e4ndigkeit ausgelegt.<\/p>\n<\/li>\n<li data-start=\"1153\" data-end=\"1218\">\n<p data-start=\"1155\" data-end=\"1218\">\u2705 <strong data-start=\"1157\" data-end=\"1173\">Flexibilit\u00e4t<\/strong>: Sie passen sich verschiedenen Formen und Gr\u00f6ssen an.<\/p>\n<\/li>\n<li data-start=\"1219\" data-end=\"1306\">\n<p data-start=\"1221\" data-end=\"1306\">\u2705 <strong data-start=\"1223\" data-end=\"1247\">Schnelle Installation<\/strong>: K\u00fcrzere Montagezeiten als bei anderen L\u00f6sungen.<\/p>\n<\/li>\n<li data-start=\"1307\" data-end=\"1385\">\n<p data-start=\"1309\" data-end=\"1385\">\u2705 <strong data-start=\"1311\" data-end=\"1332\">Wettbewerbsf\u00e4hige Kosten<\/strong>: Ein hervorragender Kompromiss zwischen Qualit\u00e4t und Investition.<\/p>\n<\/li>\n<\/ul>\n<p><\/p>\n<p>[\/vc_column_text][\/vc_column_inner][vc_column_inner width=&#8221;1\/2&#8243;][vc_column_text css=&#8221;&#8221;]<\/p>\n<p><\/p>\n<h2>Sanierung und Reparatur<\/h2>\n<p><\/p>\n<p data-start=\"1427\" data-end=\"1628\">Wenn Ihr bestehendes Schwimmbad <strong data-start=\"1464\" data-end=\"1525\">Leckagen, eine besch\u00e4digte Auskleidung oder eine beeintr\u00e4chtigte Struktur<\/strong> aufweist, ist die Sanierung mit Stahlpaneelen eine sinnvolle Wahl. Diese L\u00f6sung erm\u00f6glicht Ihnen:<\/p>\n<p><\/p>\n<ul>\n<li style=\"list-style-type: none;\">\n<ul data-start=\"1630\" data-end=\"1792\">\n<li data-start=\"1630\" data-end=\"1678\">\n<p data-start=\"1632\" data-end=\"1678\">Teile der bestehenden Struktur weiterzuverwenden<\/p>\n<\/li>\n<li data-start=\"1679\" data-end=\"1731\">\n<p data-start=\"1681\" data-end=\"1731\">Die Kosten im Vergleich zu einem Neubau zu senken<\/p>\n<\/li>\n<li data-start=\"1732\" data-end=\"1792\">\n<p data-start=\"1734\" data-end=\"1792\">In kurzer Zeit ein vollst\u00e4ndig erneuertes Schwimmbad zu erhalten<\/p>\n<\/li>\n<\/ul>\n<p>  <\/li>\n<p><\/ul>\n<p><\/p>\n<p>[\/vc_column_text][\/vc_column_inner][\/vc_row_inner][\/vc_column][\/vc_row][vc_row][vc_column][vc_column_text css=&#8221;&#8221;]<\/p>\n<p><\/p>\n<h3 style=\"text-align: center;\">Wie wird ein Schwimmbad aus Stahlpaneelen gebaut?<\/h3>\n<p><\/p>\n<p>[\/vc_column_text][vc_row_inner][vc_column_inner width=&#8221;1\/4&#8243;][vc_single_image image=&#8221;35711&#8243; img_size=&#8221;full&#8221; alignment=&#8221;center&#8221; css=&#8221;&#8221;][vc_column_text css=&#8221;&#8221;]Si parte con lo <strong data-start=\"337\" data-end=\"358\">scavo del terreno<\/strong> secondo le dimensioni della piscina.<br data-start=\"395\" data-end=\"398\" \/>Sul fondo viene gettata una <strong data-start=\"426\" data-end=\"448\">soletta in cemento<\/strong>, che assicura stabilit\u00e0 e durata alla struttura.<br data-start=\"497\" data-end=\"500\" \/>Subito dopo si procede al <strong data-start=\"526\" data-end=\"580\">montaggio dei pannelli modulari in acciaio zincato<\/strong>, che vengono fissati tra loro per formare le pareti della vasca.<\/p>\n<p>[\/vc_column_text][\/vc_column_inner][vc_column_inner width=&#8221;1\/4&#8243;][vc_single_image image=&#8221;35713&#8243; img_size=&#8221;full&#8221; alignment=&#8221;center&#8221; css=&#8221;&#8221;][vc_column_text css=&#8221;&#8221;]<\/p>\n<p><\/p>\n<p data-start=\"702\" data-end=\"767\">Sobald die Struktur fertiggestellt ist, geht es zum n\u00e4chsten Schritt \u00fcber:<br \/>\n&#8211; Montage der <strong data-start=\"786\" data-end=\"805\">integrierten Treppe<\/strong> oder einer vorgefertigten,<br \/>\n&#8211; Installation der <strong data-start=\"847\" data-end=\"874\">Filteranlage<\/strong> (Skimmer, Einstr\u00f6md\u00fcsen, Abl\u00e4ufe),<br \/>\n&#8211; Einbau von <strong data-start=\"933\" data-end=\"946\">Zubeh\u00f6r<\/strong> wie Beleuchtung, Abdeckungen oder Massaged\u00fcsen.<br \/>\nDer Innenraum wird anschliessend mit einer <strong data-start=\"1038\" data-end=\"1061\">PVC-Auskleidung<\/strong> versehen, die Wasserdichtigkeit und eine elegante Optik gew\u00e4hrleistet.<\/p>\n<p><\/p>\n<p>[\/vc_column_text][\/vc_column_inner][vc_column_inner width=&#8221;1\/4&#8243;][vc_single_image image=&#8221;35715&#8243; img_size=&#8221;full&#8221; alignment=&#8221;center&#8221; css=&#8221;&#8221;][vc_column_text css=&#8221;&#8221;]<\/p>\n<p><\/p>\n<p>Nach der Montage der Paneele erfolgt die Auff\u00fcllung der seitlichen Bereiche mit geeignetem Material und lagenweiser Verdichtung. Dieser Schritt stabilisiert die Wanne, verhindert Setzungen und bereitet die Fl\u00e4chen f\u00fcr die anschliessenden Aussenverkleidungen vor.<\/p>\n<p><\/p>\n<p>[\/vc_column_text][\/vc_column_inner][vc_column_inner width=&#8221;1\/4&#8243;][vc_single_image image=&#8221;35717&#8243; img_size=&#8221;full&#8221; alignment=&#8221;center&#8221; css=&#8221;&#8221;][vc_column_text css=&#8221;&#8221;]Nach Abschluss der Auff\u00fcllung werden Filteranlage und Zubeh\u00f6r in Betrieb genommen, Dichtheits- und Zirkulationstests durchgef\u00fchrt, die Wasserwerte eingestellt und die Beleuchtung \u00fcberpr\u00fcft. Nach der Endabnahme ist die Poolanlage einsatzbereit und bietet ein komfortables und sicheres Badeerlebnis.<\/p>\n<p>[\/vc_column_text][\/vc_column_inner][\/vc_row_inner][\/vc_column][\/vc_row][vc_row][vc_column width=&#8221;1\/2&#8243; css=&#8221;.vc_custom_1757603968131{padding-right: 20px !important;padding-left: 20px !important;}&#8221;][vc_column_text css=&#8221;&#8221;]<\/p>\n<p><\/p>\n<h2>Neue Installationen im Tessin<\/h2>\n<p><\/p>\n<p data-start=\"2009\" data-end=\"2190\">M\u00f6chten Sie einen neuen Pool bauen?<br data-start=\"2043\" data-end=\"2046\" \/>Mit Stahlpaneelen k\u00f6nnen Sie aus verschiedenen Formen und Ausf\u00fchrungen w\u00e4hlen \u2013 f\u00fcr einen Pool, der perfekt zu Ihrem Garten passt.<br data-start=\"2176\" data-end=\"2179\" \/>Wir bieten:<\/p>\n<p><\/p>\n<ul data-start=\"2192\" data-end=\"2349\">\n<li data-start=\"2192\" data-end=\"2234\">\n<p data-start=\"2194\" data-end=\"2234\">Individuelle Projektberatung<\/p>\n<\/li>\n<li data-start=\"2235\" data-end=\"2276\">\n<p data-start=\"2237\" data-end=\"2276\">Komplette schl\u00fcsselfertige Installation<\/p>\n<\/li>\n<li data-start=\"2277\" data-end=\"2349\">\n<p data-start=\"2279\" data-end=\"2349\">Modernes Zubeh\u00f6r (Abdeckungen, Beleuchtung, Filtersysteme)<\/p>\n<\/li>\n<\/ul>\n<p><\/p>\n<p>[\/vc_column_text][\/vc_column][vc_column width=&#8221;1\/2&#8243; css=&#8221;.vc_custom_1757603956124{padding-right: 20px !important;padding-left: 20px !important;}&#8221;][vc_column_text css=&#8221;&#8221;]<\/p>\n<p><\/p>\n<h2>Warum Atec Pool?<\/h2>\n<p><\/p>\n<p data-start=\"2395\" data-end=\"2485\">Mit vielen Jahren Erfahrung in <strong data-start=\"2430\" data-end=\"2457\">Pools, Spa und Wellness<\/strong> garantiert Atec Pool Ihnen:<\/p>\n<p><\/p>\n<ul data-start=\"2487\" data-end=\"2620\">\n<li data-start=\"2487\" data-end=\"2514\">\n<p data-start=\"2489\" data-end=\"2514\">Massgeschneiderte Planung<\/p>\n<\/li>\n<li data-start=\"2515\" data-end=\"2544\">\n<p data-start=\"2517\" data-end=\"2544\">Hochwertige Materialien<\/p>\n<\/li>\n<li data-start=\"2545\" data-end=\"2581\">\n<p data-start=\"2547\" data-end=\"2581\">Team spezialisierter Techniker<\/p>\n<\/li>\n<li data-start=\"2582\" data-end=\"2620\">\n<p data-start=\"2584\" data-end=\"2620\">Zuverl\u00e4ssiger Kundendienst nach dem Kauf<\/p>\n<\/li>\n<\/ul>\n<p><\/p>\n<p>[\/vc_column_text][\/vc_column][\/vc_row][vc_row][vc_column][vc_btn title=&#8221;Anfrage Informationen&#8221; color=&#8221;blue&#8221; size=&#8221;lg&#8221; align=&#8221;center&#8221; css_animation=&#8221;top-to-bottom&#8221; css=&#8221;&#8221; link=&#8221;url:https%3A%2F%2Fwww.atecpool.ch%2Fform-view%2F12|title:Kontakt|target:_blank|&#8221;][\/vc_column][\/vc_row]<\/p>\n<\/div>","protected":false},"excerpt":{"rendered":"<p>[vc_row][vc_column][vc_column_text css=&#8221;&#8221;] Stahlwandpools im Tessin [\/vc_column_text][vc_column_text css=&#8221;&#8221;]Die Stahlwandpools stellen eine moderne, schnelle und kosteng\u00fcnstige L\u00f6sung dar f\u00fcr alle, die alle Vorteile eines Einbaupools genie\u00dfen m\u00f6chten. Dank<span class=\"excerpt-hellip\"> [\u2026]<\/span><\/p>\n","protected":false},"author":12,"featured_media":35717,"parent":10164,"menu_order":4,"comment_status":"closed","ping_status":"closed","template":"","meta":{"footnotes":""},"class_list":["post-10913","page","type-page","status-publish","has-post-thumbnail","hentry"],"yoast_head":"<!-- This site is optimized with the Yoast SEO Premium plugin v26.2 (Yoast SEO v27.4) - https:\/\/yoast.com\/product\/yoast-seo-premium-wordpress\/ -->\n<title>Stahlwandpools im Tessin: Vorteile und Nutzen<\/title>\n<meta name=\"description\" content=\"Schwimmb\u00e4der aus Stahlpaneelen im Tessin sind die moderne und wirtschaftliche L\u00f6sung, um Ihren eingelassenen Pool zu bauen oder zu sanieren.\" \/>\n<meta name=\"robots\" content=\"index, follow, max-snippet:-1, max-image-preview:large, max-video-preview:-1\" \/>\n<link rel=\"canonical\" href=\"https:\/\/www.atecpool.ch\/de\/poolsanierung-tessin\/stahlwandbecken\/\" \/>\n<meta property=\"og:locale\" content=\"de_DE\" \/>\n<meta property=\"og:type\" content=\"article\" \/>\n<meta property=\"og:title\" content=\"Stahlwandbecken\" \/>\n<meta property=\"og:description\" content=\"Schwimmb\u00e4der aus Stahlpaneelen im Tessin sind die moderne und wirtschaftliche L\u00f6sung, um Ihren eingelassenen Pool zu bauen oder zu sanieren.\" \/>\n<meta property=\"og:url\" content=\"https:\/\/www.atecpool.ch\/de\/poolsanierung-tessin\/stahlwandbecken\/\" \/>\n<meta property=\"og:site_name\" content=\"Atec Pool\" \/>\n<meta property=\"article:publisher\" content=\"https:\/\/www.facebook.com\/atecpool.ch\/\" \/>\n<meta property=\"article:modified_time\" content=\"2025-09-11T15:54:40+00:00\" \/>\n<meta property=\"og:image\" content=\"https:\/\/www.atecpool.ch\/wp-content\/uploads\/2025\/09\/Rifiniture-e-messa-in-funzione.webp\" \/>\n\t<meta property=\"og:image:width\" content=\"296\" \/>\n\t<meta property=\"og:image:height\" content=\"296\" \/>\n\t<meta property=\"og:image:type\" content=\"image\/webp\" \/>\n<meta name=\"twitter:card\" content=\"summary_large_image\" \/>\n<meta name=\"twitter:label1\" content=\"Gesch\u00e4tzte Lesezeit\" \/>\n\t<meta name=\"twitter:data1\" content=\"1 minute\" \/>\n<script type=\"application\/ld+json\" class=\"yoast-schema-graph\">{\"@context\":\"https:\\\/\\\/schema.org\",\"@graph\":[{\"@type\":\"WebPage\",\"@id\":\"https:\\\/\\\/www.atecpool.ch\\\/de\\\/poolsanierung-tessin\\\/stahlwandbecken\\\/\",\"url\":\"https:\\\/\\\/www.atecpool.ch\\\/de\\\/poolsanierung-tessin\\\/stahlwandbecken\\\/\",\"name\":\"Stahlwandpools im Tessin: Vorteile und Nutzen\",\"isPartOf\":{\"@id\":\"https:\\\/\\\/www.atecpool.ch\\\/de\\\/#website\"},\"primaryImageOfPage\":{\"@id\":\"https:\\\/\\\/www.atecpool.ch\\\/de\\\/poolsanierung-tessin\\\/stahlwandbecken\\\/#primaryimage\"},\"image\":{\"@id\":\"https:\\\/\\\/www.atecpool.ch\\\/de\\\/poolsanierung-tessin\\\/stahlwandbecken\\\/#primaryimage\"},\"thumbnailUrl\":\"https:\\\/\\\/www.atecpool.ch\\\/wp-content\\\/uploads\\\/2025\\\/09\\\/Rifiniture-e-messa-in-funzione.webp\",\"datePublished\":\"2019-04-15T14:05:57+00:00\",\"dateModified\":\"2025-09-11T15:54:40+00:00\",\"description\":\"Schwimmb\u00e4der aus Stahlpaneelen im Tessin sind die moderne und wirtschaftliche L\u00f6sung, um Ihren eingelassenen Pool zu bauen oder zu sanieren.\",\"breadcrumb\":{\"@id\":\"https:\\\/\\\/www.atecpool.ch\\\/de\\\/poolsanierung-tessin\\\/stahlwandbecken\\\/#breadcrumb\"},\"inLanguage\":\"de-DE\",\"potentialAction\":[{\"@type\":\"ReadAction\",\"target\":[\"https:\\\/\\\/www.atecpool.ch\\\/de\\\/poolsanierung-tessin\\\/stahlwandbecken\\\/\"]}]},{\"@type\":\"ImageObject\",\"inLanguage\":\"de-DE\",\"@id\":\"https:\\\/\\\/www.atecpool.ch\\\/de\\\/poolsanierung-tessin\\\/stahlwandbecken\\\/#primaryimage\",\"url\":\"https:\\\/\\\/www.atecpool.ch\\\/wp-content\\\/uploads\\\/2025\\\/09\\\/Rifiniture-e-messa-in-funzione.webp\",\"contentUrl\":\"https:\\\/\\\/www.atecpool.ch\\\/wp-content\\\/uploads\\\/2025\\\/09\\\/Rifiniture-e-messa-in-funzione.webp\",\"width\":296,\"height\":296,\"caption\":\"Riempimento esterno e collaudo finale della piscina.\"},{\"@type\":\"BreadcrumbList\",\"@id\":\"https:\\\/\\\/www.atecpool.ch\\\/de\\\/poolsanierung-tessin\\\/stahlwandbecken\\\/#breadcrumb\",\"itemListElement\":[{\"@type\":\"ListItem\",\"position\":1,\"name\":\"Home\",\"item\":\"https:\\\/\\\/www.atecpool.ch\\\/de\\\/home\\\/\"},{\"@type\":\"ListItem\",\"position\":2,\"name\":\"Bau und Sanierung von Schwimmb\u00e4dern\",\"item\":\"https:\\\/\\\/www.atecpool.ch\\\/de\\\/risanamento-riparazione-piscine-ticino\\\/\"},{\"@type\":\"ListItem\",\"position\":3,\"name\":\"Stahlwandbecken\"}]},{\"@type\":\"WebSite\",\"@id\":\"https:\\\/\\\/www.atecpool.ch\\\/de\\\/#website\",\"url\":\"https:\\\/\\\/www.atecpool.ch\\\/de\\\/\",\"name\":\"Atec Pool\",\"description\":\"Pool \u00b7 Sauna \u00b7 Wellness\",\"publisher\":{\"@id\":\"https:\\\/\\\/www.atecpool.ch\\\/de\\\/#organization\"},\"potentialAction\":[{\"@type\":\"SearchAction\",\"target\":{\"@type\":\"EntryPoint\",\"urlTemplate\":\"https:\\\/\\\/www.atecpool.ch\\\/de\\\/?s={search_term_string}\"},\"query-input\":{\"@type\":\"PropertyValueSpecification\",\"valueRequired\":true,\"valueName\":\"search_term_string\"}}],\"inLanguage\":\"de-DE\"},{\"@type\":[\"Organization\",\"Place\"],\"@id\":\"https:\\\/\\\/www.atecpool.ch\\\/de\\\/#organization\",\"name\":\"Atec Pool\",\"url\":\"https:\\\/\\\/www.atecpool.ch\\\/de\\\/\",\"logo\":{\"@id\":\"https:\\\/\\\/www.atecpool.ch\\\/de\\\/poolsanierung-tessin\\\/stahlwandbecken\\\/#local-main-organization-logo\"},\"image\":{\"@id\":\"https:\\\/\\\/www.atecpool.ch\\\/de\\\/poolsanierung-tessin\\\/stahlwandbecken\\\/#local-main-organization-logo\"},\"sameAs\":[\"https:\\\/\\\/www.facebook.com\\\/atecpool.ch\\\/\",\"https:\\\/\\\/www.instagram.com\\\/atecpool_ch\\\/\"],\"address\":{\"@id\":\"https:\\\/\\\/www.atecpool.ch\\\/de\\\/poolsanierung-tessin\\\/stahlwandbecken\\\/#local-main-place-address\"},\"telephone\":[\"+41 91 980 33 93\"],\"openingHoursSpecification\":[{\"@type\":\"OpeningHoursSpecification\",\"dayOfWeek\":[\"Monday\",\"Tuesday\",\"Wednesday\",\"Thursday\",\"Friday\",\"Saturday\",\"Sunday\"],\"opens\":\"09:00\",\"closes\":\"17:00\"}],\"email\":\"info@atecpool.ch\"},{\"@type\":\"PostalAddress\",\"@id\":\"https:\\\/\\\/www.atecpool.ch\\\/de\\\/poolsanierung-tessin\\\/stahlwandbecken\\\/#local-main-place-address\",\"streetAddress\":\"Via Cantonale 5\",\"addressLocality\":\"Grancia\",\"postalCode\":\"6916\",\"addressCountry\":\"CH\"},{\"@type\":\"ImageObject\",\"inLanguage\":\"de-DE\",\"@id\":\"https:\\\/\\\/www.atecpool.ch\\\/de\\\/poolsanierung-tessin\\\/stahlwandbecken\\\/#local-main-organization-logo\",\"url\":\"https:\\\/\\\/www.atecpool.ch\\\/wp-content\\\/uploads\\\/2020\\\/09\\\/atec_logo.png\",\"contentUrl\":\"https:\\\/\\\/www.atecpool.ch\\\/wp-content\\\/uploads\\\/2020\\\/09\\\/atec_logo.png\",\"width\":500,\"height\":145,\"caption\":\"Atec Pool\"}]}<\/script>\n<meta name=\"geo.placename\" content=\"Grancia\" \/>\n<meta name=\"geo.region\" content=\"Schweiz\" \/>\n<!-- \/ Yoast SEO Premium plugin. -->","yoast_head_json":{"title":"Stahlwandpools im Tessin: Vorteile und Nutzen","description":"Schwimmb\u00e4der aus Stahlpaneelen im Tessin sind die moderne und wirtschaftliche L\u00f6sung, um Ihren eingelassenen Pool zu bauen oder zu sanieren.","robots":{"index":"index","follow":"follow","max-snippet":"max-snippet:-1","max-image-preview":"max-image-preview:large","max-video-preview":"max-video-preview:-1"},"canonical":"https:\/\/www.atecpool.ch\/de\/poolsanierung-tessin\/stahlwandbecken\/","og_locale":"de_DE","og_type":"article","og_title":"Stahlwandbecken","og_description":"Schwimmb\u00e4der aus Stahlpaneelen im Tessin sind die moderne und wirtschaftliche L\u00f6sung, um Ihren eingelassenen Pool zu bauen oder zu sanieren.","og_url":"https:\/\/www.atecpool.ch\/de\/poolsanierung-tessin\/stahlwandbecken\/","og_site_name":"Atec Pool","article_publisher":"https:\/\/www.facebook.com\/atecpool.ch\/","article_modified_time":"2025-09-11T15:54:40+00:00","og_image":[{"width":296,"height":296,"url":"https:\/\/www.atecpool.ch\/wp-content\/uploads\/2025\/09\/Rifiniture-e-messa-in-funzione.webp","type":"image\/webp"}],"twitter_card":"summary_large_image","twitter_misc":{"Gesch\u00e4tzte Lesezeit":"1 minute"},"schema":{"@context":"https:\/\/schema.org","@graph":[{"@type":"WebPage","@id":"https:\/\/www.atecpool.ch\/de\/poolsanierung-tessin\/stahlwandbecken\/","url":"https:\/\/www.atecpool.ch\/de\/poolsanierung-tessin\/stahlwandbecken\/","name":"Stahlwandpools im Tessin: Vorteile und Nutzen","isPartOf":{"@id":"https:\/\/www.atecpool.ch\/de\/#website"},"primaryImageOfPage":{"@id":"https:\/\/www.atecpool.ch\/de\/poolsanierung-tessin\/stahlwandbecken\/#primaryimage"},"image":{"@id":"https:\/\/www.atecpool.ch\/de\/poolsanierung-tessin\/stahlwandbecken\/#primaryimage"},"thumbnailUrl":"https:\/\/www.atecpool.ch\/wp-content\/uploads\/2025\/09\/Rifiniture-e-messa-in-funzione.webp","datePublished":"2019-04-15T14:05:57+00:00","dateModified":"2025-09-11T15:54:40+00:00","description":"Schwimmb\u00e4der aus Stahlpaneelen im Tessin sind die moderne und wirtschaftliche L\u00f6sung, um Ihren eingelassenen Pool zu bauen oder zu sanieren.","breadcrumb":{"@id":"https:\/\/www.atecpool.ch\/de\/poolsanierung-tessin\/stahlwandbecken\/#breadcrumb"},"inLanguage":"de-DE","potentialAction":[{"@type":"ReadAction","target":["https:\/\/www.atecpool.ch\/de\/poolsanierung-tessin\/stahlwandbecken\/"]}]},{"@type":"ImageObject","inLanguage":"de-DE","@id":"https:\/\/www.atecpool.ch\/de\/poolsanierung-tessin\/stahlwandbecken\/#primaryimage","url":"https:\/\/www.atecpool.ch\/wp-content\/uploads\/2025\/09\/Rifiniture-e-messa-in-funzione.webp","contentUrl":"https:\/\/www.atecpool.ch\/wp-content\/uploads\/2025\/09\/Rifiniture-e-messa-in-funzione.webp","width":296,"height":296,"caption":"Riempimento esterno e collaudo finale della piscina."},{"@type":"BreadcrumbList","@id":"https:\/\/www.atecpool.ch\/de\/poolsanierung-tessin\/stahlwandbecken\/#breadcrumb","itemListElement":[{"@type":"ListItem","position":1,"name":"Home","item":"https:\/\/www.atecpool.ch\/de\/home\/"},{"@type":"ListItem","position":2,"name":"Bau und Sanierung von Schwimmb\u00e4dern","item":"https:\/\/www.atecpool.ch\/de\/risanamento-riparazione-piscine-ticino\/"},{"@type":"ListItem","position":3,"name":"Stahlwandbecken"}]},{"@type":"WebSite","@id":"https:\/\/www.atecpool.ch\/de\/#website","url":"https:\/\/www.atecpool.ch\/de\/","name":"Atec Pool","description":"Pool \u00b7 Sauna \u00b7 Wellness","publisher":{"@id":"https:\/\/www.atecpool.ch\/de\/#organization"},"potentialAction":[{"@type":"SearchAction","target":{"@type":"EntryPoint","urlTemplate":"https:\/\/www.atecpool.ch\/de\/?s={search_term_string}"},"query-input":{"@type":"PropertyValueSpecification","valueRequired":true,"valueName":"search_term_string"}}],"inLanguage":"de-DE"},{"@type":["Organization","Place"],"@id":"https:\/\/www.atecpool.ch\/de\/#organization","name":"Atec Pool","url":"https:\/\/www.atecpool.ch\/de\/","logo":{"@id":"https:\/\/www.atecpool.ch\/de\/poolsanierung-tessin\/stahlwandbecken\/#local-main-organization-logo"},"image":{"@id":"https:\/\/www.atecpool.ch\/de\/poolsanierung-tessin\/stahlwandbecken\/#local-main-organization-logo"},"sameAs":["https:\/\/www.facebook.com\/atecpool.ch\/","https:\/\/www.instagram.com\/atecpool_ch\/"],"address":{"@id":"https:\/\/www.atecpool.ch\/de\/poolsanierung-tessin\/stahlwandbecken\/#local-main-place-address"},"telephone":["+41 91 980 33 93"],"openingHoursSpecification":[{"@type":"OpeningHoursSpecification","dayOfWeek":["Monday","Tuesday","Wednesday","Thursday","Friday","Saturday","Sunday"],"opens":"09:00","closes":"17:00"}],"email":"info@atecpool.ch"},{"@type":"PostalAddress","@id":"https:\/\/www.atecpool.ch\/de\/poolsanierung-tessin\/stahlwandbecken\/#local-main-place-address","streetAddress":"Via Cantonale 5","addressLocality":"Grancia","postalCode":"6916","addressCountry":"CH"},{"@type":"ImageObject","inLanguage":"de-DE","@id":"https:\/\/www.atecpool.ch\/de\/poolsanierung-tessin\/stahlwandbecken\/#local-main-organization-logo","url":"https:\/\/www.atecpool.ch\/wp-content\/uploads\/2020\/09\/atec_logo.png","contentUrl":"https:\/\/www.atecpool.ch\/wp-content\/uploads\/2020\/09\/atec_logo.png","width":500,"height":145,"caption":"Atec Pool"}]},"geo.placename":"Grancia","geo.region":"Schweiz"},"_links":{"self":[{"href":"https:\/\/www.atecpool.ch\/de\/wp-json\/wp\/v2\/pages\/10913","targetHints":{"allow":["GET"]}}],"collection":[{"href":"https:\/\/www.atecpool.ch\/de\/wp-json\/wp\/v2\/pages"}],"about":[{"href":"https:\/\/www.atecpool.ch\/de\/wp-json\/wp\/v2\/types\/page"}],"author":[{"embeddable":true,"href":"https:\/\/www.atecpool.ch\/de\/wp-json\/wp\/v2\/users\/12"}],"replies":[{"embeddable":true,"href":"https:\/\/www.atecpool.ch\/de\/wp-json\/wp\/v2\/comments?post=10913"}],"version-history":[{"count":4,"href":"https:\/\/www.atecpool.ch\/de\/wp-json\/wp\/v2\/pages\/10913\/revisions"}],"predecessor-version":[{"id":35724,"href":"https:\/\/www.atecpool.ch\/de\/wp-json\/wp\/v2\/pages\/10913\/revisions\/35724"}],"up":[{"embeddable":true,"href":"https:\/\/www.atecpool.ch\/de\/wp-json\/wp\/v2\/pages\/10164"}],"wp:featuredmedia":[{"embeddable":true,"href":"https:\/\/www.atecpool.ch\/de\/wp-json\/wp\/v2\/media\/35717"}],"wp:attachment":[{"href":"https:\/\/www.atecpool.ch\/de\/wp-json\/wp\/v2\/media?parent=10913"}],"curies":[{"name":"wp","href":"https:\/\/api.w.org\/{rel}","templated":true}]}}