{"id":10860,"date":"2019-04-10T08:48:44","date_gmt":"2019-04-10T08:48:44","guid":{"rendered":"https:\/\/www.atecpool.ch\/home\/produktauswahl\/terrassen-und-beckenumrandungen\/"},"modified":"2021-08-27T07:41:21","modified_gmt":"2021-08-27T05:41:21","slug":"schwimmbadauskleidung","status":"publish","type":"page","link":"https:\/\/www.atecpool.ch\/de\/schwimmbadauskleidung\/","title":{"rendered":"Poolumrandungen und Beckenverkleidungen"},"content":{"rendered":"<div class=\"wpb-content-wrapper\"><p>[vc_row][vc_column][vc_column_text]<\/p>\n<h2 style=\"text-align: center;\">Machen Sie Ihren Pool einzigartig!<\/h2>\n<p style=\"text-align: center;\">Schwimmbadauskleidungen sind ein wichtiges Element, um das Becken zu sch\u00fctzen und gleichzeitig zu personalisieren. Es gibt verschiedene M\u00f6glichkeiten, um ein Schwimmbad auszukleiden.<\/p>\n<h2 style=\"text-align: center;\">Welche Schwimmbadumrandungen und Terrassenarten k\u00f6nnen Sie w\u00e4hlen?<\/h2>\n<p style=\"text-align: center;\">F\u00fcr Schwimmb\u00e4der wurden B\u00f6den in Materialien mit \u00fcberzeugenden Eigenschaften entwickelt, welche \u00c4sthetik mit Zuverl\u00e4ssigkeit verbinden.<\/p>\n<p style=\"text-align: center;\"><strong>Wir haben die perfekte L\u00f6sung f\u00fcr jeden Garten und jede Art von Schwimmbad!<\/strong><\/p>\n<p>[\/vc_column_text][\/vc_column][\/vc_row][vc_row][vc_column][vc_row_inner equal_height=&#8221;yes&#8221; gap=&#8221;20&#8243;][vc_column_inner width=&#8221;1\/3&#8243; css=&#8221;.vc_custom_1602232444138{border-bottom-width: 2px !important;border-bottom-color: #000000 !important;border-bottom-style: solid !important;}&#8221;]<div class=\"photo_box  without-desc\"><h4 class=\"title \">WPC<\/h4><div class=\"image_frame\"><div class=\"image_wrapper\"><a href=\"https:\/\/www.atecpool.ch\/it\/rivestimenti-per-piscine\/wpc\/\"  title=\"\"><div class=\"mask\"><\/div><img width=\"600\" height=\"800\" decoding=\"async\" class=\"scale-with-grid\" src=\"https:\/\/www.atecpool.ch\/wp-content\/uploads\/2019\/01\/WPC-01.jpg\" alt=\"Alt: Piscina a sfioro interrata con vista panoramica su lago e paesaggio circostante, copertura trasparente.\"\/><\/a><\/div><\/div><\/div>\n[\/vc_column_inner][vc_column_inner width=&#8221;1\/3&#8243; css=&#8221;.vc_custom_1602232483450{border-bottom-width: 2px !important;border-bottom-color: #000000 !important;border-bottom-style: solid !important;}&#8221;]<div class=\"photo_box  without-desc\"><h4 class=\"title \">Naturstein-Polygonalplatten<\/h4><div class=\"image_frame\"><div class=\"image_wrapper\"><a href=\"https:\/\/www.atecpool.ch\/it\/rivestimenti-per-piscine\/beole-grezze\/\"  title=\"\"><div class=\"mask\"><\/div><img width=\"600\" height=\"799\" decoding=\"async\" class=\"scale-with-grid\" src=\"https:\/\/www.atecpool.ch\/wp-content\/uploads\/2019\/01\/Ranzo.jpg\" alt=\"Granito\"\/><\/a><\/div><\/div><\/div>\n[\/vc_column_inner][vc_column_inner width=&#8221;1\/3&#8243; css=&#8221;.vc_custom_1602232497141{border-bottom-width: 2px !important;border-bottom-color: #000000 !important;border-bottom-style: solid !important;}&#8221;]<div class=\"photo_box  without-desc\"><h4 class=\"title \">Feinsteinzeug<\/h4><div class=\"image_frame\"><div class=\"image_wrapper\"><a href=\"https:\/\/www.atecpool.ch\/it\/rivestimenti-per-piscine\/piastrelle\/\"  title=\"\"><div class=\"mask\"><\/div><img width=\"600\" height=\"800\" decoding=\"async\" class=\"scale-with-grid\" src=\"https:\/\/www.atecpool.ch\/wp-content\/uploads\/2019\/01\/4-1.jpg\" alt=\"Piscina interrata con lato in piastrelle gres, zona relax con lettini e ombrelloni, covo di privacy con alberi e siepi.\"\/><\/a><\/div><\/div><\/div>\n[\/vc_column_inner][\/vc_row_inner][vc_row_inner equal_height=&#8221;yes&#8221; gap=&#8221;20&#8243;][vc_column_inner width=&#8221;1\/3&#8243; css=&#8221;.vc_custom_1602232635806{border-bottom-width: 2px !important;border-bottom-color: #000000 !important;border-bottom-style: solid !important;}&#8221;]<div class=\"photo_box  without-desc\"><h4 class=\"title \">Granitplatten<\/h4><div class=\"image_frame\"><div class=\"image_wrapper\"><a href=\"https:\/\/www.atecpool.ch\/it\/rivestimenti-per-piscine\/lastre-in-granito\/\"  title=\"\"><div class=\"mask\"><\/div><img width=\"600\" height=\"800\" decoding=\"async\" class=\"scale-with-grid\" src=\"https:\/\/www.atecpool.ch\/wp-content\/uploads\/2020\/09\/lastre_granito.jpg\" alt=\"Camminamenti e Rivestimenti Rendi unica la tua piscina!\"\/><\/a><\/div><\/div><\/div>\n[\/vc_column_inner][vc_column_inner width=&#8221;1\/3&#8243; css=&#8221;.vc_custom_1602232645178{border-bottom-width: 2px !important;border-bottom-color: #000000 !important;border-bottom-style: solid !important;}&#8221;]<div class=\"photo_box  without-desc\"><h4 class=\"title \">PVC-Folien<\/h4><div class=\"image_frame\"><div class=\"image_wrapper\"><a href=\"https:\/\/www.atecpool.ch\/it\/rivestimenti-per-piscine\/rivestimenti-pvc\/\"  title=\"\"><div class=\"mask\"><\/div><img width=\"600\" height=\"800\" decoding=\"async\" class=\"scale-with-grid\" src=\"https:\/\/www.atecpool.ch\/wp-content\/uploads\/2020\/09\/riv_pvc.jpg\" alt=\"Atec Pool Sagl (Ticino) - Piscina a sfioro fuori terra con vista panoramica sulle montagne.\"\/><\/a><\/div><\/div><\/div>\n[\/vc_column_inner][vc_column_inner width=&#8221;1\/3&#8243; css=&#8221;.vc_custom_1602232656506{border-bottom-width: 2px !important;border-bottom-color: #000000 !important;border-bottom-style: solid !important;}&#8221;]<div class=\"photo_box  without-desc\"><h4 class=\"title \">Auskleidung mit Mosaik<\/h4><div class=\"image_frame\"><div class=\"image_wrapper\"><a href=\"https:\/\/www.atecpool.ch\/it\/rivestimenti-per-piscine\/rivestimenti-in-mosaico\/\"  title=\"\"><div class=\"mask\"><\/div><img width=\"600\" height=\"800\" decoding=\"async\" class=\"scale-with-grid\" src=\"https:\/\/www.atecpool.ch\/wp-content\/uploads\/2020\/09\/riv_mosaico.jpg\" alt=\"Rivestimenti in mosaico\"\/><\/a><\/div><\/div><\/div>\n[\/vc_column_inner][\/vc_row_inner][\/vc_column][\/vc_row][vc_row][vc_column][vc_btn title=&#8221;Anfrage Informationen&#8221; shape=&#8221;round&#8221; color=&#8221;blue&#8221; size=&#8221;lg&#8221; align=&#8221;center&#8221; i_icon_fontawesome=&#8221;fas fa-info-circle&#8221; add_icon=&#8221;true&#8221; link=&#8221;url:https%3A%2F%2Fwww.atecpool.ch%2Fform-view%2F5|title:Kontakt|target:_blank|&#8221;][\/vc_column][\/vc_row]<\/p>\n<\/div>","protected":false},"excerpt":{"rendered":"<p>[vc_row][vc_column][vc_column_text] Machen Sie Ihren Pool einzigartig! Schwimmbadauskleidungen sind ein wichtiges Element, um das Becken zu sch\u00fctzen und gleichzeitig zu personalisieren. Es gibt verschiedene M\u00f6glichkeiten, um ein<span class=\"excerpt-hellip\"> [\u2026]<\/span><\/p>\n","protected":false},"author":4,"featured_media":0,"parent":0,"menu_order":0,"comment_status":"closed","ping_status":"closed","template":"","meta":{"footnotes":""},"class_list":["post-10860","page","type-page","status-publish","hentry"],"yoast_head":"<!-- This site is optimized with the Yoast SEO Premium plugin v26.2 (Yoast SEO v27.4) - https:\/\/yoast.com\/product\/yoast-seo-premium-wordpress\/ -->\n<title>Poolumrandungen und Beckenverkleidungen - Atec Pool Poolumrandungen und Verkleidungen<\/title>\n<meta name=\"description\" content=\"Entdecken Sie unsere Poolumrandungen und Beckenverleidungen, alle Vorteile und Dienstleistungen von Atec Pool! Kontaktieren Sie uns f\u00fcr Fragen!\" \/>\n<meta name=\"robots\" content=\"index, follow, max-snippet:-1, max-image-preview:large, max-video-preview:-1\" \/>\n<link rel=\"canonical\" href=\"https:\/\/www.atecpool.ch\/de\/schwimmbadauskleidung\/\" \/>\n<meta property=\"og:locale\" content=\"de_DE\" \/>\n<meta property=\"og:type\" content=\"article\" \/>\n<meta property=\"og:title\" content=\"Poolumrandungen und Beckenverkleidungen\" \/>\n<meta property=\"og:description\" content=\"Entdecken Sie unsere Poolumrandungen und Beckenverleidungen, alle Vorteile und Dienstleistungen von Atec Pool! Kontaktieren Sie uns f\u00fcr Fragen!\" \/>\n<meta property=\"og:url\" content=\"https:\/\/www.atecpool.ch\/de\/schwimmbadauskleidung\/\" \/>\n<meta property=\"og:site_name\" content=\"Atec Pool\" \/>\n<meta property=\"article:publisher\" content=\"https:\/\/www.facebook.com\/atecpool.ch\/\" \/>\n<meta property=\"article:modified_time\" content=\"2021-08-27T05:41:21+00:00\" \/>\n<meta name=\"twitter:card\" content=\"summary_large_image\" \/>\n<meta name=\"twitter:label1\" content=\"Gesch\u00e4tzte Lesezeit\" \/>\n\t<meta name=\"twitter:data1\" content=\"2 minutes\" \/>\n<script type=\"application\/ld+json\" class=\"yoast-schema-graph\">{\"@context\":\"https:\\\/\\\/schema.org\",\"@graph\":[{\"@type\":\"WebPage\",\"@id\":\"https:\\\/\\\/www.atecpool.ch\\\/de\\\/schwimmbadauskleidung\\\/\",\"url\":\"https:\\\/\\\/www.atecpool.ch\\\/de\\\/schwimmbadauskleidung\\\/\",\"name\":\"Poolumrandungen und Beckenverkleidungen - Atec Pool Poolumrandungen und Verkleidungen\",\"isPartOf\":{\"@id\":\"https:\\\/\\\/www.atecpool.ch\\\/de\\\/#website\"},\"datePublished\":\"2019-04-10T08:48:44+00:00\",\"dateModified\":\"2021-08-27T05:41:21+00:00\",\"description\":\"Entdecken Sie unsere Poolumrandungen und Beckenverleidungen, alle Vorteile und Dienstleistungen von Atec Pool! Kontaktieren Sie uns f\u00fcr Fragen!\",\"breadcrumb\":{\"@id\":\"https:\\\/\\\/www.atecpool.ch\\\/de\\\/schwimmbadauskleidung\\\/#breadcrumb\"},\"inLanguage\":\"de-DE\",\"potentialAction\":[{\"@type\":\"ReadAction\",\"target\":[\"https:\\\/\\\/www.atecpool.ch\\\/de\\\/schwimmbadauskleidung\\\/\"]}]},{\"@type\":\"BreadcrumbList\",\"@id\":\"https:\\\/\\\/www.atecpool.ch\\\/de\\\/schwimmbadauskleidung\\\/#breadcrumb\",\"itemListElement\":[{\"@type\":\"ListItem\",\"position\":1,\"name\":\"Home\",\"item\":\"https:\\\/\\\/www.atecpool.ch\\\/de\\\/home\\\/\"},{\"@type\":\"ListItem\",\"position\":2,\"name\":\"Poolumrandungen und Beckenverkleidungen\"}]},{\"@type\":\"WebSite\",\"@id\":\"https:\\\/\\\/www.atecpool.ch\\\/de\\\/#website\",\"url\":\"https:\\\/\\\/www.atecpool.ch\\\/de\\\/\",\"name\":\"Atec Pool\",\"description\":\"Pool \u00b7 Sauna \u00b7 Wellness\",\"publisher\":{\"@id\":\"https:\\\/\\\/www.atecpool.ch\\\/de\\\/#organization\"},\"potentialAction\":[{\"@type\":\"SearchAction\",\"target\":{\"@type\":\"EntryPoint\",\"urlTemplate\":\"https:\\\/\\\/www.atecpool.ch\\\/de\\\/?s={search_term_string}\"},\"query-input\":{\"@type\":\"PropertyValueSpecification\",\"valueRequired\":true,\"valueName\":\"search_term_string\"}}],\"inLanguage\":\"de-DE\"},{\"@type\":[\"Organization\",\"Place\"],\"@id\":\"https:\\\/\\\/www.atecpool.ch\\\/de\\\/#organization\",\"name\":\"Atec Pool\",\"url\":\"https:\\\/\\\/www.atecpool.ch\\\/de\\\/\",\"logo\":{\"@id\":\"https:\\\/\\\/www.atecpool.ch\\\/de\\\/schwimmbadauskleidung\\\/#local-main-organization-logo\"},\"image\":{\"@id\":\"https:\\\/\\\/www.atecpool.ch\\\/de\\\/schwimmbadauskleidung\\\/#local-main-organization-logo\"},\"sameAs\":[\"https:\\\/\\\/www.facebook.com\\\/atecpool.ch\\\/\",\"https:\\\/\\\/www.instagram.com\\\/atecpool_ch\\\/\"],\"address\":{\"@id\":\"https:\\\/\\\/www.atecpool.ch\\\/de\\\/schwimmbadauskleidung\\\/#local-main-place-address\"},\"telephone\":[\"+41 91 980 33 93\"],\"openingHoursSpecification\":[{\"@type\":\"OpeningHoursSpecification\",\"dayOfWeek\":[\"Monday\",\"Tuesday\",\"Wednesday\",\"Thursday\",\"Friday\",\"Saturday\",\"Sunday\"],\"opens\":\"09:00\",\"closes\":\"17:00\"}],\"email\":\"info@atecpool.ch\"},{\"@type\":\"PostalAddress\",\"@id\":\"https:\\\/\\\/www.atecpool.ch\\\/de\\\/schwimmbadauskleidung\\\/#local-main-place-address\",\"streetAddress\":\"Via Cantonale 5\",\"addressLocality\":\"Grancia\",\"postalCode\":\"6916\",\"addressCountry\":\"CH\"},{\"@type\":\"ImageObject\",\"inLanguage\":\"de-DE\",\"@id\":\"https:\\\/\\\/www.atecpool.ch\\\/de\\\/schwimmbadauskleidung\\\/#local-main-organization-logo\",\"url\":\"https:\\\/\\\/www.atecpool.ch\\\/wp-content\\\/uploads\\\/2020\\\/09\\\/atec_logo.png\",\"contentUrl\":\"https:\\\/\\\/www.atecpool.ch\\\/wp-content\\\/uploads\\\/2020\\\/09\\\/atec_logo.png\",\"width\":500,\"height\":145,\"caption\":\"Atec Pool\"}]}<\/script>\n<meta name=\"geo.placename\" content=\"Grancia\" \/>\n<meta name=\"geo.region\" content=\"Schweiz\" \/>\n<!-- \/ Yoast SEO Premium plugin. -->","yoast_head_json":{"title":"Poolumrandungen und Beckenverkleidungen - Atec Pool Poolumrandungen und Verkleidungen","description":"Entdecken Sie unsere Poolumrandungen und Beckenverleidungen, alle Vorteile und Dienstleistungen von Atec Pool! Kontaktieren Sie uns f\u00fcr Fragen!","robots":{"index":"index","follow":"follow","max-snippet":"max-snippet:-1","max-image-preview":"max-image-preview:large","max-video-preview":"max-video-preview:-1"},"canonical":"https:\/\/www.atecpool.ch\/de\/schwimmbadauskleidung\/","og_locale":"de_DE","og_type":"article","og_title":"Poolumrandungen und Beckenverkleidungen","og_description":"Entdecken Sie unsere Poolumrandungen und Beckenverleidungen, alle Vorteile und Dienstleistungen von Atec Pool! Kontaktieren Sie uns f\u00fcr Fragen!","og_url":"https:\/\/www.atecpool.ch\/de\/schwimmbadauskleidung\/","og_site_name":"Atec Pool","article_publisher":"https:\/\/www.facebook.com\/atecpool.ch\/","article_modified_time":"2021-08-27T05:41:21+00:00","twitter_card":"summary_large_image","twitter_misc":{"Gesch\u00e4tzte Lesezeit":"2 minutes"},"schema":{"@context":"https:\/\/schema.org","@graph":[{"@type":"WebPage","@id":"https:\/\/www.atecpool.ch\/de\/schwimmbadauskleidung\/","url":"https:\/\/www.atecpool.ch\/de\/schwimmbadauskleidung\/","name":"Poolumrandungen und Beckenverkleidungen - Atec Pool Poolumrandungen und Verkleidungen","isPartOf":{"@id":"https:\/\/www.atecpool.ch\/de\/#website"},"datePublished":"2019-04-10T08:48:44+00:00","dateModified":"2021-08-27T05:41:21+00:00","description":"Entdecken Sie unsere Poolumrandungen und Beckenverleidungen, alle Vorteile und Dienstleistungen von Atec Pool! Kontaktieren Sie uns f\u00fcr Fragen!","breadcrumb":{"@id":"https:\/\/www.atecpool.ch\/de\/schwimmbadauskleidung\/#breadcrumb"},"inLanguage":"de-DE","potentialAction":[{"@type":"ReadAction","target":["https:\/\/www.atecpool.ch\/de\/schwimmbadauskleidung\/"]}]},{"@type":"BreadcrumbList","@id":"https:\/\/www.atecpool.ch\/de\/schwimmbadauskleidung\/#breadcrumb","itemListElement":[{"@type":"ListItem","position":1,"name":"Home","item":"https:\/\/www.atecpool.ch\/de\/home\/"},{"@type":"ListItem","position":2,"name":"Poolumrandungen und Beckenverkleidungen"}]},{"@type":"WebSite","@id":"https:\/\/www.atecpool.ch\/de\/#website","url":"https:\/\/www.atecpool.ch\/de\/","name":"Atec Pool","description":"Pool \u00b7 Sauna \u00b7 Wellness","publisher":{"@id":"https:\/\/www.atecpool.ch\/de\/#organization"},"potentialAction":[{"@type":"SearchAction","target":{"@type":"EntryPoint","urlTemplate":"https:\/\/www.atecpool.ch\/de\/?s={search_term_string}"},"query-input":{"@type":"PropertyValueSpecification","valueRequired":true,"valueName":"search_term_string"}}],"inLanguage":"de-DE"},{"@type":["Organization","Place"],"@id":"https:\/\/www.atecpool.ch\/de\/#organization","name":"Atec Pool","url":"https:\/\/www.atecpool.ch\/de\/","logo":{"@id":"https:\/\/www.atecpool.ch\/de\/schwimmbadauskleidung\/#local-main-organization-logo"},"image":{"@id":"https:\/\/www.atecpool.ch\/de\/schwimmbadauskleidung\/#local-main-organization-logo"},"sameAs":["https:\/\/www.facebook.com\/atecpool.ch\/","https:\/\/www.instagram.com\/atecpool_ch\/"],"address":{"@id":"https:\/\/www.atecpool.ch\/de\/schwimmbadauskleidung\/#local-main-place-address"},"telephone":["+41 91 980 33 93"],"openingHoursSpecification":[{"@type":"OpeningHoursSpecification","dayOfWeek":["Monday","Tuesday","Wednesday","Thursday","Friday","Saturday","Sunday"],"opens":"09:00","closes":"17:00"}],"email":"info@atecpool.ch"},{"@type":"PostalAddress","@id":"https:\/\/www.atecpool.ch\/de\/schwimmbadauskleidung\/#local-main-place-address","streetAddress":"Via Cantonale 5","addressLocality":"Grancia","postalCode":"6916","addressCountry":"CH"},{"@type":"ImageObject","inLanguage":"de-DE","@id":"https:\/\/www.atecpool.ch\/de\/schwimmbadauskleidung\/#local-main-organization-logo","url":"https:\/\/www.atecpool.ch\/wp-content\/uploads\/2020\/09\/atec_logo.png","contentUrl":"https:\/\/www.atecpool.ch\/wp-content\/uploads\/2020\/09\/atec_logo.png","width":500,"height":145,"caption":"Atec Pool"}]},"geo.placename":"Grancia","geo.region":"Schweiz"},"_links":{"self":[{"href":"https:\/\/www.atecpool.ch\/de\/wp-json\/wp\/v2\/pages\/10860","targetHints":{"allow":["GET"]}}],"collection":[{"href":"https:\/\/www.atecpool.ch\/de\/wp-json\/wp\/v2\/pages"}],"about":[{"href":"https:\/\/www.atecpool.ch\/de\/wp-json\/wp\/v2\/types\/page"}],"author":[{"embeddable":true,"href":"https:\/\/www.atecpool.ch\/de\/wp-json\/wp\/v2\/users\/4"}],"replies":[{"embeddable":true,"href":"https:\/\/www.atecpool.ch\/de\/wp-json\/wp\/v2\/comments?post=10860"}],"version-history":[{"count":0,"href":"https:\/\/www.atecpool.ch\/de\/wp-json\/wp\/v2\/pages\/10860\/revisions"}],"wp:attachment":[{"href":"https:\/\/www.atecpool.ch\/de\/wp-json\/wp\/v2\/media?parent=10860"}],"curies":[{"name":"wp","href":"https:\/\/api.w.org\/{rel}","templated":true}]}}