{"id":10858,"date":"2019-04-10T08:03:28","date_gmt":"2019-04-10T08:03:28","guid":{"rendered":"https:\/\/www.atecpool.ch\/home\/produktauswahl\/schwimmbadauskleidung\/schwimmbad-mit-granit-auskleidung\/"},"modified":"2021-04-30T13:10:59","modified_gmt":"2021-04-30T11:10:59","slug":"schwimmbad-mit-granit-auskleidung","status":"publish","type":"page","link":"https:\/\/www.atecpool.ch\/de\/schwimmbad-mit-granit-auskleidung\/","title":{"rendered":"Granitplatten"},"content":{"rendered":"<div class=\"wpb-content-wrapper\"><p>[vc_row content_placement=&#8221;middle&#8221;][vc_column width=&#8221;1\/3&#8243;][vc_single_image image=&#8221;5332&#8243; img_size=&#8221;full&#8221;][\/vc_column][vc_column width=&#8221;2\/3&#8243;][vc_column_text]Granit ein magmatisches, robustes Hartgestein. Granit ist sehr elegant und fast unverw\u00fcstlich und strahlt eine ganz besondere Attraktivit\u00e4t aus. Gegen Wasser oder Frost ist der Naturstein unempfindlich.<\/p>\n<p><strong>Der Granit<\/strong><br \/>\nGranit ist ein Material vulkanischen Ursprungs, welches sich langsam in der Erdkruste abgek\u00fchlt hat. Granit ist es haupts\u00e4chlich aus Silikaten gebildet, hat eine k\u00f6rnige Struktur und ist hart und kompakt. Es l\u00e4sst sich perfekt sowohl in nat\u00fcrlicher, rustikaler als auch moderner Umgebung einbinden.[\/vc_column_text][\/vc_column][\/vc_row][vc_row full_width=&#8221;stretch_row&#8221;][vc_column][vc_gallery type=&#8221;image_grid&#8221; images=&#8221;6201,6198,4016,15491&#8243; img_size=&#8221;296&#8243;][\/vc_column][\/vc_row][vc_row][vc_column][vc_btn title=&#8221;Anfrage Informationen&#8221; shape=&#8221;round&#8221; color=&#8221;blue&#8221; size=&#8221;lg&#8221; align=&#8221;center&#8221; i_icon_fontawesome=&#8221;fas fa-info-circle&#8221; css_animation=&#8221;top-to-bottom&#8221; add_icon=&#8221;true&#8221; link=&#8221;url:https%3A%2F%2Fwww.atecpool.ch%2Fform-view%2F8|title:Kontakt|target:_blank&#8221;][\/vc_column][\/vc_row]<\/p>\n<\/div>","protected":false},"excerpt":{"rendered":"<p>[vc_row content_placement=&#8221;middle&#8221;][vc_column width=&#8221;1\/3&#8243;][vc_single_image image=&#8221;5332&#8243; img_size=&#8221;full&#8221;][\/vc_column][vc_column width=&#8221;2\/3&#8243;][vc_column_text]Granit ein magmatisches, robustes Hartgestein. Granit ist sehr elegant und fast unverw\u00fcstlich und strahlt eine ganz besondere Attraktivit\u00e4t aus. Gegen Wasser<span class=\"excerpt-hellip\"> [\u2026]<\/span><\/p>\n","protected":false},"author":4,"featured_media":0,"parent":0,"menu_order":3,"comment_status":"closed","ping_status":"closed","template":"","meta":{"footnotes":""},"class_list":["post-10858","page","type-page","status-publish","hentry"],"yoast_head":"<!-- This site is optimized with the Yoast SEO Premium plugin v26.2 (Yoast SEO v27.4) - https:\/\/yoast.com\/product\/yoast-seo-premium-wordpress\/ -->\n<title>Granit-Schwimmb\u00e4der<\/title>\n<meta name=\"robots\" content=\"index, follow, max-snippet:-1, max-image-preview:large, max-video-preview:-1\" \/>\n<link rel=\"canonical\" href=\"https:\/\/www.atecpool.ch\/de\/schwimmbad-mit-granit-auskleidung\/\" \/>\n<meta property=\"og:locale\" content=\"de_DE\" \/>\n<meta property=\"og:type\" content=\"article\" \/>\n<meta property=\"og:title\" content=\"Granitplatten\" \/>\n<meta property=\"og:description\" content=\"[vc_row content_placement=&#8221;middle&#8221;][vc_column width=&#8221;1\/3&#8243;][vc_single_image image=&#8221;5332&#8243; img_size=&#8221;full&#8221;][\/vc_column][vc_column width=&#8221;2\/3&#8243;][vc_column_text]Granit ein magmatisches, robustes Hartgestein. Granit ist sehr elegant und fast unverw\u00fcstlich und strahlt eine ganz besondere Attraktivit\u00e4t aus. Gegen Wasser [\u2026]\" \/>\n<meta property=\"og:url\" content=\"https:\/\/www.atecpool.ch\/de\/schwimmbad-mit-granit-auskleidung\/\" \/>\n<meta property=\"og:site_name\" content=\"Atec Pool\" \/>\n<meta property=\"article:publisher\" content=\"https:\/\/www.facebook.com\/atecpool.ch\/\" \/>\n<meta property=\"article:modified_time\" content=\"2021-04-30T11:10:59+00:00\" \/>\n<meta name=\"twitter:card\" content=\"summary_large_image\" \/>\n<meta name=\"twitter:label1\" content=\"Gesch\u00e4tzte Lesezeit\" \/>\n\t<meta name=\"twitter:data1\" content=\"1 minute\" \/>\n<script type=\"application\/ld+json\" class=\"yoast-schema-graph\">{\"@context\":\"https:\\\/\\\/schema.org\",\"@graph\":[{\"@type\":\"WebPage\",\"@id\":\"https:\\\/\\\/www.atecpool.ch\\\/de\\\/schwimmbad-mit-granit-auskleidung\\\/\",\"url\":\"https:\\\/\\\/www.atecpool.ch\\\/de\\\/schwimmbad-mit-granit-auskleidung\\\/\",\"name\":\"Granit-Schwimmb\u00e4der\",\"isPartOf\":{\"@id\":\"https:\\\/\\\/www.atecpool.ch\\\/de\\\/#website\"},\"datePublished\":\"2019-04-10T08:03:28+00:00\",\"dateModified\":\"2021-04-30T11:10:59+00:00\",\"breadcrumb\":{\"@id\":\"https:\\\/\\\/www.atecpool.ch\\\/de\\\/schwimmbad-mit-granit-auskleidung\\\/#breadcrumb\"},\"inLanguage\":\"de-DE\",\"potentialAction\":[{\"@type\":\"ReadAction\",\"target\":[\"https:\\\/\\\/www.atecpool.ch\\\/de\\\/schwimmbad-mit-granit-auskleidung\\\/\"]}]},{\"@type\":\"BreadcrumbList\",\"@id\":\"https:\\\/\\\/www.atecpool.ch\\\/de\\\/schwimmbad-mit-granit-auskleidung\\\/#breadcrumb\",\"itemListElement\":[{\"@type\":\"ListItem\",\"position\":1,\"name\":\"Home\",\"item\":\"https:\\\/\\\/www.atecpool.ch\\\/de\\\/home\\\/\"},{\"@type\":\"ListItem\",\"position\":2,\"name\":\"Poolumrandungen und Beckenverkleidungen\",\"item\":\"https:\\\/\\\/www.atecpool.ch\\\/de\\\/schwimmbadauskleidung\\\/\"},{\"@type\":\"ListItem\",\"position\":3,\"name\":\"Granitplatten\"}]},{\"@type\":\"WebSite\",\"@id\":\"https:\\\/\\\/www.atecpool.ch\\\/de\\\/#website\",\"url\":\"https:\\\/\\\/www.atecpool.ch\\\/de\\\/\",\"name\":\"Atec Pool\",\"description\":\"Pool \u00b7 Sauna \u00b7 Wellness\",\"publisher\":{\"@id\":\"https:\\\/\\\/www.atecpool.ch\\\/de\\\/#organization\"},\"potentialAction\":[{\"@type\":\"SearchAction\",\"target\":{\"@type\":\"EntryPoint\",\"urlTemplate\":\"https:\\\/\\\/www.atecpool.ch\\\/de\\\/?s={search_term_string}\"},\"query-input\":{\"@type\":\"PropertyValueSpecification\",\"valueRequired\":true,\"valueName\":\"search_term_string\"}}],\"inLanguage\":\"de-DE\"},{\"@type\":[\"Organization\",\"Place\"],\"@id\":\"https:\\\/\\\/www.atecpool.ch\\\/de\\\/#organization\",\"name\":\"Atec Pool\",\"url\":\"https:\\\/\\\/www.atecpool.ch\\\/de\\\/\",\"logo\":{\"@id\":\"https:\\\/\\\/www.atecpool.ch\\\/de\\\/schwimmbad-mit-granit-auskleidung\\\/#local-main-organization-logo\"},\"image\":{\"@id\":\"https:\\\/\\\/www.atecpool.ch\\\/de\\\/schwimmbad-mit-granit-auskleidung\\\/#local-main-organization-logo\"},\"sameAs\":[\"https:\\\/\\\/www.facebook.com\\\/atecpool.ch\\\/\",\"https:\\\/\\\/www.instagram.com\\\/atecpool_ch\\\/\"],\"address\":{\"@id\":\"https:\\\/\\\/www.atecpool.ch\\\/de\\\/schwimmbad-mit-granit-auskleidung\\\/#local-main-place-address\"},\"telephone\":[\"+41 91 980 33 93\"],\"openingHoursSpecification\":[{\"@type\":\"OpeningHoursSpecification\",\"dayOfWeek\":[\"Monday\",\"Tuesday\",\"Wednesday\",\"Thursday\",\"Friday\",\"Saturday\",\"Sunday\"],\"opens\":\"09:00\",\"closes\":\"17:00\"}],\"email\":\"info@atecpool.ch\"},{\"@type\":\"PostalAddress\",\"@id\":\"https:\\\/\\\/www.atecpool.ch\\\/de\\\/schwimmbad-mit-granit-auskleidung\\\/#local-main-place-address\",\"streetAddress\":\"Via Cantonale 5\",\"addressLocality\":\"Grancia\",\"postalCode\":\"6916\",\"addressCountry\":\"CH\"},{\"@type\":\"ImageObject\",\"inLanguage\":\"de-DE\",\"@id\":\"https:\\\/\\\/www.atecpool.ch\\\/de\\\/schwimmbad-mit-granit-auskleidung\\\/#local-main-organization-logo\",\"url\":\"https:\\\/\\\/www.atecpool.ch\\\/wp-content\\\/uploads\\\/2020\\\/09\\\/atec_logo.png\",\"contentUrl\":\"https:\\\/\\\/www.atecpool.ch\\\/wp-content\\\/uploads\\\/2020\\\/09\\\/atec_logo.png\",\"width\":500,\"height\":145,\"caption\":\"Atec Pool\"}]}<\/script>\n<meta name=\"geo.placename\" content=\"Grancia\" \/>\n<meta name=\"geo.region\" content=\"Schweiz\" \/>\n<!-- \/ Yoast SEO Premium plugin. -->","yoast_head_json":{"title":"Granit-Schwimmb\u00e4der","robots":{"index":"index","follow":"follow","max-snippet":"max-snippet:-1","max-image-preview":"max-image-preview:large","max-video-preview":"max-video-preview:-1"},"canonical":"https:\/\/www.atecpool.ch\/de\/schwimmbad-mit-granit-auskleidung\/","og_locale":"de_DE","og_type":"article","og_title":"Granitplatten","og_description":"[vc_row content_placement=&#8221;middle&#8221;][vc_column width=&#8221;1\/3&#8243;][vc_single_image image=&#8221;5332&#8243; img_size=&#8221;full&#8221;][\/vc_column][vc_column width=&#8221;2\/3&#8243;][vc_column_text]Granit ein magmatisches, robustes Hartgestein. Granit ist sehr elegant und fast unverw\u00fcstlich und strahlt eine ganz besondere Attraktivit\u00e4t aus. Gegen Wasser [\u2026]","og_url":"https:\/\/www.atecpool.ch\/de\/schwimmbad-mit-granit-auskleidung\/","og_site_name":"Atec Pool","article_publisher":"https:\/\/www.facebook.com\/atecpool.ch\/","article_modified_time":"2021-04-30T11:10:59+00:00","twitter_card":"summary_large_image","twitter_misc":{"Gesch\u00e4tzte Lesezeit":"1 minute"},"schema":{"@context":"https:\/\/schema.org","@graph":[{"@type":"WebPage","@id":"https:\/\/www.atecpool.ch\/de\/schwimmbad-mit-granit-auskleidung\/","url":"https:\/\/www.atecpool.ch\/de\/schwimmbad-mit-granit-auskleidung\/","name":"Granit-Schwimmb\u00e4der","isPartOf":{"@id":"https:\/\/www.atecpool.ch\/de\/#website"},"datePublished":"2019-04-10T08:03:28+00:00","dateModified":"2021-04-30T11:10:59+00:00","breadcrumb":{"@id":"https:\/\/www.atecpool.ch\/de\/schwimmbad-mit-granit-auskleidung\/#breadcrumb"},"inLanguage":"de-DE","potentialAction":[{"@type":"ReadAction","target":["https:\/\/www.atecpool.ch\/de\/schwimmbad-mit-granit-auskleidung\/"]}]},{"@type":"BreadcrumbList","@id":"https:\/\/www.atecpool.ch\/de\/schwimmbad-mit-granit-auskleidung\/#breadcrumb","itemListElement":[{"@type":"ListItem","position":1,"name":"Home","item":"https:\/\/www.atecpool.ch\/de\/home\/"},{"@type":"ListItem","position":2,"name":"Poolumrandungen und Beckenverkleidungen","item":"https:\/\/www.atecpool.ch\/de\/schwimmbadauskleidung\/"},{"@type":"ListItem","position":3,"name":"Granitplatten"}]},{"@type":"WebSite","@id":"https:\/\/www.atecpool.ch\/de\/#website","url":"https:\/\/www.atecpool.ch\/de\/","name":"Atec Pool","description":"Pool \u00b7 Sauna \u00b7 Wellness","publisher":{"@id":"https:\/\/www.atecpool.ch\/de\/#organization"},"potentialAction":[{"@type":"SearchAction","target":{"@type":"EntryPoint","urlTemplate":"https:\/\/www.atecpool.ch\/de\/?s={search_term_string}"},"query-input":{"@type":"PropertyValueSpecification","valueRequired":true,"valueName":"search_term_string"}}],"inLanguage":"de-DE"},{"@type":["Organization","Place"],"@id":"https:\/\/www.atecpool.ch\/de\/#organization","name":"Atec Pool","url":"https:\/\/www.atecpool.ch\/de\/","logo":{"@id":"https:\/\/www.atecpool.ch\/de\/schwimmbad-mit-granit-auskleidung\/#local-main-organization-logo"},"image":{"@id":"https:\/\/www.atecpool.ch\/de\/schwimmbad-mit-granit-auskleidung\/#local-main-organization-logo"},"sameAs":["https:\/\/www.facebook.com\/atecpool.ch\/","https:\/\/www.instagram.com\/atecpool_ch\/"],"address":{"@id":"https:\/\/www.atecpool.ch\/de\/schwimmbad-mit-granit-auskleidung\/#local-main-place-address"},"telephone":["+41 91 980 33 93"],"openingHoursSpecification":[{"@type":"OpeningHoursSpecification","dayOfWeek":["Monday","Tuesday","Wednesday","Thursday","Friday","Saturday","Sunday"],"opens":"09:00","closes":"17:00"}],"email":"info@atecpool.ch"},{"@type":"PostalAddress","@id":"https:\/\/www.atecpool.ch\/de\/schwimmbad-mit-granit-auskleidung\/#local-main-place-address","streetAddress":"Via Cantonale 5","addressLocality":"Grancia","postalCode":"6916","addressCountry":"CH"},{"@type":"ImageObject","inLanguage":"de-DE","@id":"https:\/\/www.atecpool.ch\/de\/schwimmbad-mit-granit-auskleidung\/#local-main-organization-logo","url":"https:\/\/www.atecpool.ch\/wp-content\/uploads\/2020\/09\/atec_logo.png","contentUrl":"https:\/\/www.atecpool.ch\/wp-content\/uploads\/2020\/09\/atec_logo.png","width":500,"height":145,"caption":"Atec Pool"}]},"geo.placename":"Grancia","geo.region":"Schweiz"},"_links":{"self":[{"href":"https:\/\/www.atecpool.ch\/de\/wp-json\/wp\/v2\/pages\/10858","targetHints":{"allow":["GET"]}}],"collection":[{"href":"https:\/\/www.atecpool.ch\/de\/wp-json\/wp\/v2\/pages"}],"about":[{"href":"https:\/\/www.atecpool.ch\/de\/wp-json\/wp\/v2\/types\/page"}],"author":[{"embeddable":true,"href":"https:\/\/www.atecpool.ch\/de\/wp-json\/wp\/v2\/users\/4"}],"replies":[{"embeddable":true,"href":"https:\/\/www.atecpool.ch\/de\/wp-json\/wp\/v2\/comments?post=10858"}],"version-history":[{"count":0,"href":"https:\/\/www.atecpool.ch\/de\/wp-json\/wp\/v2\/pages\/10858\/revisions"}],"wp:attachment":[{"href":"https:\/\/www.atecpool.ch\/de\/wp-json\/wp\/v2\/media?parent=10858"}],"curies":[{"name":"wp","href":"https:\/\/api.w.org\/{rel}","templated":true}]}}