{"id":10735,"date":"2019-03-26T17:39:33","date_gmt":"2019-03-26T17:39:33","guid":{"rendered":"https:\/\/www.atecpool.ch\/home\/produktauswahl\/schwimmbadauskleidung\/pvc-beschichtungen\/"},"modified":"2023-04-18T15:46:48","modified_gmt":"2023-04-18T13:46:48","slug":"pvc-beschichtungen","status":"publish","type":"page","link":"https:\/\/www.atecpool.ch\/de\/pvc-beschichtungen\/","title":{"rendered":"PVC-Folien"},"content":{"rendered":"<div class=\"wpb-content-wrapper\"><p>[vc_row][vc_column]<div class=\" ubtn-ctn-center \"><a class=\"ubtn-link ult-adjust-bottom-margin ubtn-center ubtn-custom \" href=\"https:\/\/www.atecpool.ch\/wp-content\/uploads\/2020\/12\/RENOLIT-ALKORPLAN-Catalogo-Commerciale-IT-2020.pdf\" target=\"_blank\" rel=\"noopener\" ><button type=\"button\" id=\"ubtn-7960\"  class=\"ubtn ult-adjust-bottom-margin ult-responsive ubtn-custom ubtn-no-hover-bg  none  ubtn-sep-icon ubtn-sep-icon-left  ubtn-center   tooltip-69e350623b9e5\"  data-hover=\"\" data-border-color=\"\" data-bg=\"#00b8de\" data-hover-bg=\"#0a0a0a\" data-border-hover=\"\" data-shadow-hover=\"\" data-shadow-click=\"none\" data-shadow=\"\" data-shd-shadow=\"\"  data-ultimate-target='#ubtn-7960'  data-responsive-json-new='{\"font-size\":\"desktop:18px;\",\"line-height\":\"\"}'  style=\"font-weight:bold;width:350px;min-height:60px;padding:px px;border:none;background: #00b8de;color: #ffffff;\"><span class=\"ubtn-data ubtn-icon\"><i class=\"Defaults-file-pdf-o\" style=\"font-size:32px;color:#ffffff;\"><\/i><\/span><span class=\"ubtn-hover\" style=\"background-color:#0a0a0a\"><\/span><span class=\"ubtn-data ubtn-text \" >Katalog herunterladen<\/span><\/button><\/a><\/div>[vc_column_text]<\/p>\n<h2><strong>ALKORPLAN 2000<\/strong><\/h2>\n<div class=\"et_pb_row et_pb_row_0\">\n<div class=\"et_pb_column et_pb_column_4_4 et_pb_column_0 et_pb_css_mix_blend_mode_passthrough et-last-child\">\n<div id=\"alkorplan2000\" class=\"et_pb_module et_pb_text et_pb_text_0 et_pb_bg_layout_light et_pb_text_align_left\">\n<div class=\"et_pb_text_inner\">\n<p>La gamma di prodotti RENOLIT ALKORPLAN 2000: Telo armato unicolor da 1,5 mm, laccato, con pigmenti di grande resistenza e plastificanti ad alta longevit\u00e0, destinato a durare nella piscina. Disponibili in svariati colori. Garanzia sul telo di 10 anni.<\/p>\n<\/div>\n<\/div>\n<\/div>\n<\/div>\n<p>[\/vc_column_text][\/vc_column][\/vc_row][vc_row][vc_column width=&#8221;1\/4&#8243;][vc_column_text]<\/p>\n<p style=\"text-align: center;\">Ice<\/p>\n<p>[\/vc_column_text][vc_single_image image=&#8221;19260&#8243; img_size=&#8221;full&#8221; alignment=&#8221;center&#8221; onclick=&#8221;custom_link&#8221; img_link_target=&#8221;_blank&#8221; link=&#8221;https:\/\/www.atecpool.ch\/wp-content\/uploads\/2019\/03\/Rivestimento-liner-ICE-1.png&#8221;][\/vc_column][vc_column width=&#8221;1\/4&#8243;][vc_column_text]<\/p>\n<p style=\"text-align: center;\">Sand<\/p>\n<p>[\/vc_column_text][vc_single_image image=&#8221;19267&#8243; img_size=&#8221;full&#8221; alignment=&#8221;center&#8221; onclick=&#8221;custom_link&#8221; img_link_target=&#8221;_blank&#8221; link=&#8221;https:\/\/www.atecpool.ch\/wp-content\/uploads\/2020\/12\/Sand.jpg&#8221;][\/vc_column][vc_column width=&#8221;1\/4&#8243;][vc_column_text]<\/p>\n<p style=\"text-align: center;\">Blue Fresh<\/p>\n<p>[\/vc_column_text][vc_single_image image=&#8221;19270&#8243; img_size=&#8221;full&#8221; alignment=&#8221;center&#8221; onclick=&#8221;custom_link&#8221; img_link_target=&#8221;_blank&#8221; link=&#8221;https:\/\/www.atecpool.ch\/wp-content\/uploads\/2020\/12\/blue-fresh2.jpg&#8221;][\/vc_column][vc_column width=&#8221;1\/4&#8243;][vc_column_text]<\/p>\n<p style=\"text-align: center;\">Aqua<\/p>\n<p>[\/vc_column_text][vc_single_image image=&#8221;19276&#8243; img_size=&#8221;full&#8221; alignment=&#8221;center&#8221; onclick=&#8221;custom_link&#8221; img_link_target=&#8221;_blank&#8221; link=&#8221;https:\/\/www.atecpool.ch\/wp-content\/uploads\/2020\/12\/blue-fresh2.jpg&#8221;][\/vc_column][\/vc_row][vc_row][vc_column width=&#8221;1\/4&#8243;][vc_column_text]<\/p>\n<p style=\"text-align: center;\">Azur<\/p>\n<p>[\/vc_column_text][vc_single_image image=&#8221;19282&#8243; img_size=&#8221;full&#8221; alignment=&#8221;center&#8221; onclick=&#8221;custom_link&#8221; img_link_target=&#8221;_blank&#8221; link=&#8221;https:\/\/www.atecpool.ch\/wp-content\/uploads\/2020\/12\/azur-01.jpg&#8221;][\/vc_column][vc_column width=&#8221;1\/4&#8243;][vc_column_text]<\/p>\n<p style=\"text-align: center;\">Silver<\/p>\n<p>[\/vc_column_text][vc_single_image image=&#8221;19285&#8243; img_size=&#8221;full&#8221; alignment=&#8221;center&#8221; onclick=&#8221;custom_link&#8221; img_link_target=&#8221;_blank&#8221; link=&#8221;https:\/\/www.atecpool.ch\/wp-content\/uploads\/2020\/12\/silver-1.jpg&#8221;][\/vc_column][vc_column width=&#8221;1\/4&#8243;][vc_column_text]<\/p>\n<p style=\"text-align: center;\">Volcano<\/p>\n<p>[\/vc_column_text][vc_single_image image=&#8221;19297&#8243; img_size=&#8221;full&#8221; alignment=&#8221;center&#8221; onclick=&#8221;custom_link&#8221; link=&#8221;https:\/\/www.atecpool.ch\/wp-content\/uploads\/2020\/12\/Volcano-1.jpg&#8221;][\/vc_column][vc_column width=&#8221;1\/4&#8243;][vc_column_text]<\/p>\n<p style=\"text-align: center;\">Onyx<\/p>\n<p>[\/vc_column_text][vc_single_image image=&#8221;19300&#8243; img_size=&#8221;full&#8221; alignment=&#8221;center&#8221; onclick=&#8221;custom_link&#8221; img_link_target=&#8221;_blank&#8221; link=&#8221;https:\/\/www.atecpool.ch\/wp-content\/uploads\/2020\/12\/Piscina-ALKORPLAN-XTREME-Onix-22.jpg&#8221;][\/vc_column][\/vc_row][vc_row full_width=&#8221;stretch_row&#8221;][vc_column][vc_column_text]<\/p>\n<h2><strong>ALKORPLAN 3000 TOUCH<\/strong><\/h2>\n<p>Alkorplan 3000 touch \u00e8 un PVC goffrato e armato con rete di poliestere , protetto da vernice acrilica esclusiva in multistrato.<\/p>\n<p>Rispetto al tradizionale PVC armato , il TOUCH, ha uno spessore di 2mm. Questo gli dona grande resistenza oltre che la possibilit\u00e0 di avere un &#8220;effetto marmo&#8221; caratterizzato sia dai colori che dalla particolare &#8220;goffratura&#8221; che al tatto lo rende irregolare.<\/p>\n<p>Questo particolare trattamento fa si che si possa utilizzare lo stesso tipo di rivestimento sia sul fondo, che sulle pareti che sulle scalinate. <strong>Il TOUCH \u00e8 gi\u00e0 anti-sdrucciolo.<\/strong><\/p>\n<p>Queste sono le tipologie che abbiamo disponibili:[\/vc_column_text][\/vc_column][\/vc_row][vc_row][vc_column width=&#8221;1\/3&#8243;][vc_column_text]<\/p>\n<p style=\"text-align: center;\">Vanity<\/p>\n<p>[\/vc_column_text][vc_single_image image=&#8221;18623&#8243; img_size=&#8221;full&#8221; onclick=&#8221;custom_link&#8221; img_link_target=&#8221;_blank&#8221; link=&#8221;https:\/\/www.atecpool.ch\/wp-content\/uploads\/2019\/01\/ALKORPLAN-TOUCH-Vanity-10.jpg&#8221;][\/vc_column][vc_column width=&#8221;1\/3&#8243;][vc_column_text]<\/p>\n<p style=\"text-align: center;\">Sublime<\/p>\n<p>[\/vc_column_text][vc_single_image image=&#8221;18620&#8243; img_size=&#8221;full&#8221; onclick=&#8221;custom_link&#8221; img_link_target=&#8221;_blank&#8221; link=&#8221;https:\/\/www.atecpool.ch\/wp-content\/uploads\/2020\/12\/pvc-touchsublim.jpg&#8221;][\/vc_column][vc_column width=&#8221;1\/3&#8243;][vc_column_text]<\/p>\n<p style=\"text-align: center;\">Prestige<\/p>\n<p>[\/vc_column_text][vc_single_image image=&#8221;18617&#8243; img_size=&#8221;full&#8221; onclick=&#8221;custom_link&#8221; img_link_target=&#8221;_blank&#8221; link=&#8221;https:\/\/www.atecpool.ch\/wp-content\/uploads\/2019\/01\/Prestige-1.jpg&#8221;][\/vc_column][\/vc_row][vc_row][vc_column width=&#8221;1\/3&#8243;][vc_column_text]<\/p>\n<p style=\"text-align: center;\">Origin<\/p>\n<p>[\/vc_column_text][vc_single_image image=&#8221;18614&#8243; img_size=&#8221;full&#8221; onclick=&#8221;custom_link&#8221; img_link_target=&#8221;_blank&#8221; link=&#8221;https:\/\/www.atecpool.ch\/wp-content\/uploads\/2020\/12\/RENOLIT-ALKORPLAN-TOUCH-Origin-scaled.jpg&#8221;][\/vc_column][vc_column width=&#8221;1\/3&#8243;][vc_column_text]<\/p>\n<p style=\"text-align: center;\">Elegance<\/p>\n<p>[\/vc_column_text][vc_single_image image=&#8221;18611&#8243; img_size=&#8221;full&#8221; onclick=&#8221;custom_link&#8221; img_link_target=&#8221;_blank&#8221; link=&#8221;https:\/\/www.atecpool.ch\/wp-content\/uploads\/2019\/01\/ALKORPLAN-TOUCH-Elegance-12.jpg&#8221;][\/vc_column][vc_column width=&#8221;1\/3&#8243;][vc_column_text]<\/p>\n<p style=\"text-align: center;\">Authentic<\/p>\n<p>[\/vc_column_text][vc_single_image image=&#8221;18608&#8243; img_size=&#8221;full&#8221; onclick=&#8221;custom_link&#8221; img_link_target=&#8221;_blank&#8221; link=&#8221;https:\/\/www.atecpool.ch\/wp-content\/uploads\/2019\/01\/ALKORPLAN-TOUCH-Authentic-38.jpg&#8221;][\/vc_column][\/vc_row][vc_row][vc_column][vc_text_separator title=&#8221;Einige unserer Realisierungen:&#8221;][\/vc_column][\/vc_row][vc_row][vc_column width=&#8221;1\/4&#8243;][vc_single_image image=&#8221;18777&#8243; img_size=&#8221;full&#8221; onclick=&#8221;link_image&#8221;][\/vc_column][vc_column width=&#8221;1\/4&#8243;][vc_single_image image=&#8221;18702&#8243; img_size=&#8221;full&#8221; onclick=&#8221;link_image&#8221;][\/vc_column][vc_column width=&#8221;1\/4&#8243;][vc_single_image image=&#8221;18780&#8243; img_size=&#8221;full&#8221; onclick=&#8221;link_image&#8221;][\/vc_column][vc_column width=&#8221;1\/4&#8243;][vc_single_image image=&#8221;18789&#8243; img_size=&#8221;full&#8221; onclick=&#8221;link_image&#8221;][\/vc_column][\/vc_row][vc_row][vc_column width=&#8221;1\/4&#8243;][vc_single_image image=&#8221;18762&#8243; img_size=&#8221;full&#8221; onclick=&#8221;link_image&#8221;][\/vc_column][vc_column width=&#8221;1\/4&#8243;][vc_single_image image=&#8221;18786&#8243; img_size=&#8221;full&#8221; onclick=&#8221;link_image&#8221;][\/vc_column][vc_column width=&#8221;1\/4&#8243;][vc_single_image image=&#8221;18795&#8243; img_size=&#8221;full&#8221; onclick=&#8221;link_image&#8221;][\/vc_column][vc_column width=&#8221;1\/4&#8243;][vc_single_image image=&#8221;18783&#8243; img_size=&#8221;full&#8221; onclick=&#8221;link_image&#8221;][\/vc_column][\/vc_row][vc_row][vc_column][vc_btn title=&#8221;Anfrage Informationen&#8221; shape=&#8221;round&#8221; color=&#8221;blue&#8221; size=&#8221;lg&#8221; align=&#8221;center&#8221; i_icon_fontawesome=&#8221;fas fa-info-circle&#8221; css_animation=&#8221;top-to-bottom&#8221; add_icon=&#8221;true&#8221; link=&#8221;url:https%3A%2F%2Fwww.atecpool.ch%2Fform-view%2F5|title:Kontakte|target:_blank|&#8221;][\/vc_column][\/vc_row]<\/p>\n<\/div>","protected":false},"excerpt":{"rendered":"<p>[vc_row][vc_column][vc_column_text] ALKORPLAN 2000 La gamma di prodotti RENOLIT ALKORPLAN 2000: Telo armato unicolor da 1,5 mm, laccato, con pigmenti di grande resistenza e plastificanti ad alta<span class=\"excerpt-hellip\"> [\u2026]<\/span><\/p>\n","protected":false},"author":4,"featured_media":0,"parent":0,"menu_order":0,"comment_status":"closed","ping_status":"closed","template":"","meta":{"footnotes":""},"class_list":["post-10735","page","type-page","status-publish","hentry"],"yoast_head":"<!-- This site is optimized with the Yoast SEO Premium plugin v26.2 (Yoast SEO v27.4) - https:\/\/yoast.com\/product\/yoast-seo-premium-wordpress\/ -->\n<title>RENOLIT ALKORPLAN erm\u00f6glicht Ihnen dank der breiten Palette an Optionen, einzigartige und exklusiv auf Sie zugeschnittene Umgebungen zu schaffen. Einfarbige gewebeverst\u00e4rkte Folie von 1,5 mm, lackiert, mit Pigmenten von hoher Best\u00e4ndigkeit und Weichmachern von langer Lebensdauer, die f\u00fcr eine lange Nutzungsdauer der Abdichtungsbahn im Pool sorgen.<\/title>\n<meta name=\"robots\" content=\"index, follow, max-snippet:-1, max-image-preview:large, max-video-preview:-1\" \/>\n<link rel=\"canonical\" href=\"https:\/\/www.atecpool.ch\/de\/pvc-beschichtungen\/\" \/>\n<meta property=\"og:locale\" content=\"de_DE\" \/>\n<meta property=\"og:type\" content=\"article\" \/>\n<meta property=\"og:title\" content=\"PVC-Folien\" \/>\n<meta property=\"og:description\" content=\"[vc_row][vc_column][vc_column_text] ALKORPLAN 2000 La gamma di prodotti RENOLIT ALKORPLAN 2000: Telo armato unicolor da 1,5 mm, laccato, con pigmenti di grande resistenza e plastificanti ad alta [\u2026]\" \/>\n<meta property=\"og:url\" content=\"https:\/\/www.atecpool.ch\/de\/pvc-beschichtungen\/\" \/>\n<meta property=\"og:site_name\" content=\"Atec Pool\" \/>\n<meta property=\"article:publisher\" content=\"https:\/\/www.facebook.com\/atecpool.ch\/\" \/>\n<meta property=\"article:modified_time\" content=\"2023-04-18T13:46:48+00:00\" \/>\n<meta name=\"twitter:card\" content=\"summary_large_image\" \/>\n<meta name=\"twitter:label1\" content=\"Gesch\u00e4tzte Lesezeit\" \/>\n\t<meta name=\"twitter:data1\" content=\"2 minutes\" \/>\n<script type=\"application\/ld+json\" class=\"yoast-schema-graph\">{\"@context\":\"https:\\\/\\\/schema.org\",\"@graph\":[{\"@type\":\"WebPage\",\"@id\":\"https:\\\/\\\/www.atecpool.ch\\\/de\\\/pvc-beschichtungen\\\/\",\"url\":\"https:\\\/\\\/www.atecpool.ch\\\/de\\\/pvc-beschichtungen\\\/\",\"name\":\"RENOLIT ALKORPLAN erm\u00f6glicht Ihnen dank der breiten Palette an Optionen, einzigartige und exklusiv auf Sie zugeschnittene Umgebungen zu schaffen. Einfarbige gewebeverst\u00e4rkte Folie von 1,5 mm, lackiert, mit Pigmenten von hoher Best\u00e4ndigkeit und Weichmachern von langer Lebensdauer, die f\u00fcr eine lange Nutzungsdauer der Abdichtungsbahn im Pool sorgen.\",\"isPartOf\":{\"@id\":\"https:\\\/\\\/www.atecpool.ch\\\/de\\\/#website\"},\"datePublished\":\"2019-03-26T17:39:33+00:00\",\"dateModified\":\"2023-04-18T13:46:48+00:00\",\"breadcrumb\":{\"@id\":\"https:\\\/\\\/www.atecpool.ch\\\/de\\\/pvc-beschichtungen\\\/#breadcrumb\"},\"inLanguage\":\"de-DE\",\"potentialAction\":[{\"@type\":\"ReadAction\",\"target\":[\"https:\\\/\\\/www.atecpool.ch\\\/de\\\/pvc-beschichtungen\\\/\"]}]},{\"@type\":\"BreadcrumbList\",\"@id\":\"https:\\\/\\\/www.atecpool.ch\\\/de\\\/pvc-beschichtungen\\\/#breadcrumb\",\"itemListElement\":[{\"@type\":\"ListItem\",\"position\":1,\"name\":\"Home\",\"item\":\"https:\\\/\\\/www.atecpool.ch\\\/de\\\/home\\\/\"},{\"@type\":\"ListItem\",\"position\":2,\"name\":\"Poolumrandungen und Beckenverkleidungen\",\"item\":\"https:\\\/\\\/www.atecpool.ch\\\/de\\\/schwimmbadauskleidung\\\/\"},{\"@type\":\"ListItem\",\"position\":3,\"name\":\"PVC-Folien\"}]},{\"@type\":\"WebSite\",\"@id\":\"https:\\\/\\\/www.atecpool.ch\\\/de\\\/#website\",\"url\":\"https:\\\/\\\/www.atecpool.ch\\\/de\\\/\",\"name\":\"Atec Pool\",\"description\":\"Pool \u00b7 Sauna \u00b7 Wellness\",\"publisher\":{\"@id\":\"https:\\\/\\\/www.atecpool.ch\\\/de\\\/#organization\"},\"potentialAction\":[{\"@type\":\"SearchAction\",\"target\":{\"@type\":\"EntryPoint\",\"urlTemplate\":\"https:\\\/\\\/www.atecpool.ch\\\/de\\\/?s={search_term_string}\"},\"query-input\":{\"@type\":\"PropertyValueSpecification\",\"valueRequired\":true,\"valueName\":\"search_term_string\"}}],\"inLanguage\":\"de-DE\"},{\"@type\":[\"Organization\",\"Place\"],\"@id\":\"https:\\\/\\\/www.atecpool.ch\\\/de\\\/#organization\",\"name\":\"Atec Pool\",\"url\":\"https:\\\/\\\/www.atecpool.ch\\\/de\\\/\",\"logo\":{\"@id\":\"https:\\\/\\\/www.atecpool.ch\\\/de\\\/pvc-beschichtungen\\\/#local-main-organization-logo\"},\"image\":{\"@id\":\"https:\\\/\\\/www.atecpool.ch\\\/de\\\/pvc-beschichtungen\\\/#local-main-organization-logo\"},\"sameAs\":[\"https:\\\/\\\/www.facebook.com\\\/atecpool.ch\\\/\",\"https:\\\/\\\/www.instagram.com\\\/atecpool_ch\\\/\"],\"address\":{\"@id\":\"https:\\\/\\\/www.atecpool.ch\\\/de\\\/pvc-beschichtungen\\\/#local-main-place-address\"},\"telephone\":[\"+41 91 980 33 93\"],\"openingHoursSpecification\":[{\"@type\":\"OpeningHoursSpecification\",\"dayOfWeek\":[\"Monday\",\"Tuesday\",\"Wednesday\",\"Thursday\",\"Friday\",\"Saturday\",\"Sunday\"],\"opens\":\"09:00\",\"closes\":\"17:00\"}],\"email\":\"info@atecpool.ch\"},{\"@type\":\"PostalAddress\",\"@id\":\"https:\\\/\\\/www.atecpool.ch\\\/de\\\/pvc-beschichtungen\\\/#local-main-place-address\",\"streetAddress\":\"Via Cantonale 5\",\"addressLocality\":\"Grancia\",\"postalCode\":\"6916\",\"addressCountry\":\"CH\"},{\"@type\":\"ImageObject\",\"inLanguage\":\"de-DE\",\"@id\":\"https:\\\/\\\/www.atecpool.ch\\\/de\\\/pvc-beschichtungen\\\/#local-main-organization-logo\",\"url\":\"https:\\\/\\\/www.atecpool.ch\\\/wp-content\\\/uploads\\\/2020\\\/09\\\/atec_logo.png\",\"contentUrl\":\"https:\\\/\\\/www.atecpool.ch\\\/wp-content\\\/uploads\\\/2020\\\/09\\\/atec_logo.png\",\"width\":500,\"height\":145,\"caption\":\"Atec Pool\"}]}<\/script>\n<meta name=\"geo.placename\" content=\"Grancia\" \/>\n<meta name=\"geo.region\" content=\"Schweiz\" \/>\n<!-- \/ Yoast SEO Premium plugin. -->","yoast_head_json":{"title":"RENOLIT ALKORPLAN erm\u00f6glicht Ihnen dank der breiten Palette an Optionen, einzigartige und exklusiv auf Sie zugeschnittene Umgebungen zu schaffen. Einfarbige gewebeverst\u00e4rkte Folie von 1,5 mm, lackiert, mit Pigmenten von hoher Best\u00e4ndigkeit und Weichmachern von langer Lebensdauer, die f\u00fcr eine lange Nutzungsdauer der Abdichtungsbahn im Pool sorgen.","robots":{"index":"index","follow":"follow","max-snippet":"max-snippet:-1","max-image-preview":"max-image-preview:large","max-video-preview":"max-video-preview:-1"},"canonical":"https:\/\/www.atecpool.ch\/de\/pvc-beschichtungen\/","og_locale":"de_DE","og_type":"article","og_title":"PVC-Folien","og_description":"[vc_row][vc_column][vc_column_text] ALKORPLAN 2000 La gamma di prodotti RENOLIT ALKORPLAN 2000: Telo armato unicolor da 1,5 mm, laccato, con pigmenti di grande resistenza e plastificanti ad alta [\u2026]","og_url":"https:\/\/www.atecpool.ch\/de\/pvc-beschichtungen\/","og_site_name":"Atec Pool","article_publisher":"https:\/\/www.facebook.com\/atecpool.ch\/","article_modified_time":"2023-04-18T13:46:48+00:00","twitter_card":"summary_large_image","twitter_misc":{"Gesch\u00e4tzte Lesezeit":"2 minutes"},"schema":{"@context":"https:\/\/schema.org","@graph":[{"@type":"WebPage","@id":"https:\/\/www.atecpool.ch\/de\/pvc-beschichtungen\/","url":"https:\/\/www.atecpool.ch\/de\/pvc-beschichtungen\/","name":"RENOLIT ALKORPLAN erm\u00f6glicht Ihnen dank der breiten Palette an Optionen, einzigartige und exklusiv auf Sie zugeschnittene Umgebungen zu schaffen. Einfarbige gewebeverst\u00e4rkte Folie von 1,5 mm, lackiert, mit Pigmenten von hoher Best\u00e4ndigkeit und Weichmachern von langer Lebensdauer, die f\u00fcr eine lange Nutzungsdauer der Abdichtungsbahn im Pool sorgen.","isPartOf":{"@id":"https:\/\/www.atecpool.ch\/de\/#website"},"datePublished":"2019-03-26T17:39:33+00:00","dateModified":"2023-04-18T13:46:48+00:00","breadcrumb":{"@id":"https:\/\/www.atecpool.ch\/de\/pvc-beschichtungen\/#breadcrumb"},"inLanguage":"de-DE","potentialAction":[{"@type":"ReadAction","target":["https:\/\/www.atecpool.ch\/de\/pvc-beschichtungen\/"]}]},{"@type":"BreadcrumbList","@id":"https:\/\/www.atecpool.ch\/de\/pvc-beschichtungen\/#breadcrumb","itemListElement":[{"@type":"ListItem","position":1,"name":"Home","item":"https:\/\/www.atecpool.ch\/de\/home\/"},{"@type":"ListItem","position":2,"name":"Poolumrandungen und Beckenverkleidungen","item":"https:\/\/www.atecpool.ch\/de\/schwimmbadauskleidung\/"},{"@type":"ListItem","position":3,"name":"PVC-Folien"}]},{"@type":"WebSite","@id":"https:\/\/www.atecpool.ch\/de\/#website","url":"https:\/\/www.atecpool.ch\/de\/","name":"Atec Pool","description":"Pool \u00b7 Sauna \u00b7 Wellness","publisher":{"@id":"https:\/\/www.atecpool.ch\/de\/#organization"},"potentialAction":[{"@type":"SearchAction","target":{"@type":"EntryPoint","urlTemplate":"https:\/\/www.atecpool.ch\/de\/?s={search_term_string}"},"query-input":{"@type":"PropertyValueSpecification","valueRequired":true,"valueName":"search_term_string"}}],"inLanguage":"de-DE"},{"@type":["Organization","Place"],"@id":"https:\/\/www.atecpool.ch\/de\/#organization","name":"Atec Pool","url":"https:\/\/www.atecpool.ch\/de\/","logo":{"@id":"https:\/\/www.atecpool.ch\/de\/pvc-beschichtungen\/#local-main-organization-logo"},"image":{"@id":"https:\/\/www.atecpool.ch\/de\/pvc-beschichtungen\/#local-main-organization-logo"},"sameAs":["https:\/\/www.facebook.com\/atecpool.ch\/","https:\/\/www.instagram.com\/atecpool_ch\/"],"address":{"@id":"https:\/\/www.atecpool.ch\/de\/pvc-beschichtungen\/#local-main-place-address"},"telephone":["+41 91 980 33 93"],"openingHoursSpecification":[{"@type":"OpeningHoursSpecification","dayOfWeek":["Monday","Tuesday","Wednesday","Thursday","Friday","Saturday","Sunday"],"opens":"09:00","closes":"17:00"}],"email":"info@atecpool.ch"},{"@type":"PostalAddress","@id":"https:\/\/www.atecpool.ch\/de\/pvc-beschichtungen\/#local-main-place-address","streetAddress":"Via Cantonale 5","addressLocality":"Grancia","postalCode":"6916","addressCountry":"CH"},{"@type":"ImageObject","inLanguage":"de-DE","@id":"https:\/\/www.atecpool.ch\/de\/pvc-beschichtungen\/#local-main-organization-logo","url":"https:\/\/www.atecpool.ch\/wp-content\/uploads\/2020\/09\/atec_logo.png","contentUrl":"https:\/\/www.atecpool.ch\/wp-content\/uploads\/2020\/09\/atec_logo.png","width":500,"height":145,"caption":"Atec Pool"}]},"geo.placename":"Grancia","geo.region":"Schweiz"},"_links":{"self":[{"href":"https:\/\/www.atecpool.ch\/de\/wp-json\/wp\/v2\/pages\/10735","targetHints":{"allow":["GET"]}}],"collection":[{"href":"https:\/\/www.atecpool.ch\/de\/wp-json\/wp\/v2\/pages"}],"about":[{"href":"https:\/\/www.atecpool.ch\/de\/wp-json\/wp\/v2\/types\/page"}],"author":[{"embeddable":true,"href":"https:\/\/www.atecpool.ch\/de\/wp-json\/wp\/v2\/users\/4"}],"replies":[{"embeddable":true,"href":"https:\/\/www.atecpool.ch\/de\/wp-json\/wp\/v2\/comments?post=10735"}],"version-history":[{"count":0,"href":"https:\/\/www.atecpool.ch\/de\/wp-json\/wp\/v2\/pages\/10735\/revisions"}],"wp:attachment":[{"href":"https:\/\/www.atecpool.ch\/de\/wp-json\/wp\/v2\/media?parent=10735"}],"curies":[{"name":"wp","href":"https:\/\/api.w.org\/{rel}","templated":true}]}}